{"id":26431,"date":"2017-10-10T17:16:09","date_gmt":"2010-10-17T15:16:00","guid":{"rendered":"https:\/\/www.staging6.omrserrature.it\/prodotto\/fermeture-a-empreinte-carree-7-avec-extension\/"},"modified":"2026-04-08T13:15:32","modified_gmt":"2026-04-08T11:15:32","slug":"fermeture-a-empreinte-carree-7-avec-extension","status":"publish","type":"product","link":"https:\/\/www.omrserrature.it\/fr\/produit\/fermeture-a-empreinte-carree-7-avec-extension\/","title":{"rendered":"Fermeture \u00e0 douille avec extension de forme 7"},"content":{"rendered":"<p>La <strong>serrure<\/strong> <strong> <em>\u00e0 came<\/em><\/strong> <strong>carr\u00e9e 1\/4 de tour<\/strong> <strong>avec <em>came<\/em> r\u00e9glable<\/strong> se compose d&rsquo;un corps en alliage de zinc \u00e0 l&rsquo;int\u00e9rieur duquel se trouve un rotor d&rsquo;impression \u00e0 ressort qui, d\u00e9plac\u00e9 par une cl\u00e9, tourne pour d\u00e9terminer l&rsquo;ouverture ou la fermeture. Fix\u00e9e au rotor, une rallonge en fer de 74 mm permet de <strong>choisir la position du came<\/strong> sans avoir \u00e0 recourir \u00e0 des cames coud\u00e9es. <\/p>\n<p>La<strong>forme carr\u00e9e Q7<\/strong> peut \u00eatre utilis\u00e9e avec des cylindres \u00e0 caisson de <strong>7 mm de c\u00f4t\u00e9<\/strong>. Gr\u00e2ce au syst\u00e8me d&rsquo;<strong>extension<\/strong>, un arr\u00eat de came d&rsquo;un <strong>minimum de 34,70 mm<\/strong> \u00e0 un <strong>maximum de 81,70 mm<\/strong> est possible. L&rsquo;\u00e9paisseur du panneau doit \u00eatre au maximum de 15 mm pour que la serrure puisse \u00eatre fix\u00e9e.  <\/p>\n<p><strong>La fermeture \u00e0 douille est adapt\u00e9e aux applications n\u00e9cessitant le franchissement d&rsquo;un cadre important<\/strong>, comme les carrosseries de bo\u00eetes en fer, ainsi que dans l&rsquo;industrie <strong>navale et ferroviaire<\/strong>. On en trouve des exemples dans la carrosserie des v\u00e9hicules de terrassement ou de manutention de marchandises, tels que les chariots \u00e9l\u00e9vateurs \u00e0 fourche et les chariots \u00e9l\u00e9vateurs. Les panneaux routiers et publicitaires, le mobilier urbain tel que les barri\u00e8res d&rsquo;\u00eelots \u00e9cologiques ou les objets de menuiserie sont \u00e9galement des applications fr\u00e9quentes.  <\/p>\n","protected":false},"excerpt":{"rendered":"<p><strong>La serrure \u00e0 empreinte carr\u00e9e 1\/4 de tour avec <em>came<\/em> r\u00e9glable<\/strong> se compose d&rsquo;un corps en alliage de zinc \u00e0 l&rsquo;int\u00e9rieur duquel se trouve un rotor d&#8217;empreinte \u00e0 ressort qui, actionn\u00e9 par une cl\u00e9, tourne pour d\u00e9terminer l&rsquo;ouverture ou la fermeture.<\/p>\n<p>Une rallonge en fer de 74 mm est fix\u00e9e au rotor, ce qui permet de s\u00e9lectionner la position du levier.<\/p>\n","protected":false},"featured_media":3132,"comment_status":"open","ping_status":"closed","template":"","meta":{"_acf_changed":false,"_et_pb_use_builder":"","_et_pb_old_content":"","_et_gb_content_width":""},"product_brand":[],"product_cat":[3756,3751,3747,3752,3737,3664,3641,3687,3691,3734,3711,3689,3707,3705,3704,3698,3702,3701,3690,3748],"product_tag":[],"class_list":{"0":"post-26431","1":"product","2":"type-product","3":"status-publish","4":"has-post-thumbnail","6":"product_cat-architecture-urbanisme-et-design","7":"product_cat-automatisation-et-domotique","8":"product_cat-eau-air-gaz-pour-les-entreprises","9":"product_cat-recyclage-ecologique-recyclage-des-dechets","10":"product_cat-serrure-de-bateau","11":"product_cat-serrure-etanche-inox","12":"product_cat-serrure-pompiers-1-4-de-tour","13":"product_cat-serrures-a-came","14":"product_cat-serrures-darmoires","15":"product_cat-serrures-de-fourgonnettes","16":"product_cat-serrures-pour-armoires-de-balcon","17":"product_cat-serrures-pour-armoires-electriques","18":"product_cat-serrures-pour-distributeurs","19":"product_cat-serrures-pour-entrepots-automatiques","20":"product_cat-serrures-pour-lindustrie-electromecanique","21":"product_cat-serrures-pour-les-moyens-de-transport","22":"product_cat-serrures-pour-les-portes-des-panneaux-lateraux","23":"product_cat-serrures-pour-portes-darmoires-frontales","24":"product_cat-serrures-professionnelles-pour-meubles","25":"product_cat-systemes-de-fermeture-pour-lindustrie","27":"first","28":"instock","29":"shipping-taxable","30":"product-type-simple"},"acf":{"pdf1":"https:\/\/www.omrserrature.it\/wp-content\/uploads\/schede\/Scheda_162102.pdf"},"yoast_head":"<!-- This site is optimized with the Yoast SEO plugin v27.2 - https:\/\/yoast.com\/product\/yoast-seo-wordpress\/ -->\n<title>Fermeture \u00e0 douille avec extension de forme 7 - OMR Serrature<\/title>\n<meta name=\"robots\" content=\"index, follow, max-snippet:-1, max-image-preview:large, max-video-preview:-1\" \/>\n<link rel=\"canonical\" href=\"https:\/\/www.omrserrature.it\/fr\/produit\/fermeture-a-empreinte-carree-7-avec-extension\/\" \/>\n<meta property=\"og:locale\" content=\"fr_FR\" \/>\n<meta property=\"og:type\" content=\"article\" \/>\n<meta property=\"og:title\" content=\"Fermeture \u00e0 douille avec extension de forme 7 - OMR Serrature\" \/>\n<meta property=\"og:description\" content=\"La serrure \u00e0 empreinte carr\u00e9e 1\/4 de tour avec came r\u00e9glable se compose d&#039;un corps en alliage de zinc \u00e0 l&#039;int\u00e9rieur duquel se trouve un rotor d&#039;empreinte \u00e0 ressort qui, actionn\u00e9 par une cl\u00e9, tourne pour d\u00e9terminer l&#039;ouverture ou la fermeture. Une rallonge en fer de 74 mm est fix\u00e9e au rotor, ce qui permet de s\u00e9lectionner la position du levier.\" \/>\n<meta property=\"og:url\" content=\"https:\/\/www.omrserrature.it\/fr\/produit\/fermeture-a-empreinte-carree-7-avec-extension\/\" \/>\n<meta property=\"og:site_name\" content=\"OMR Serrature | Produzione sistemi di chiusura\" \/>\n<meta property=\"article:publisher\" content=\"https:\/\/www.facebook.com\/OMRserrature\" \/>\n<meta property=\"article:modified_time\" content=\"2026-04-08T11:15:32+00:00\" \/>\n<meta property=\"og:image\" content=\"https:\/\/www.omrserrature.it\/wp-content\/uploads\/2017\/10\/chiusura-prolunga-impronta-quadro-7.jpg\" \/>\n\t<meta property=\"og:image:width\" content=\"442\" \/>\n\t<meta property=\"og:image:height\" content=\"408\" \/>\n\t<meta property=\"og:image:type\" content=\"image\/jpeg\" \/>\n<meta name=\"twitter:card\" content=\"summary_large_image\" \/>\n<meta name=\"twitter:label1\" content=\"Dur\u00e9e de lecture estim\u00e9e\" \/>\n\t<meta name=\"twitter:data1\" content=\"1 minute\" \/>\n<script type=\"application\/ld+json\" class=\"yoast-schema-graph\">{\"@context\":\"https:\/\/schema.org\",\"@graph\":[{\"@type\":\"WebPage\",\"@id\":\"https:\/\/www.omrserrature.it\/fr\/produit\/fermeture-a-empreinte-carree-7-avec-extension\/\",\"url\":\"https:\/\/www.omrserrature.it\/fr\/produit\/fermeture-a-empreinte-carree-7-avec-extension\/\",\"name\":\"Fermeture \u00e0 douille avec extension de forme 7 - OMR Serrature\",\"isPartOf\":{\"@id\":\"https:\/\/www.omrserrature.it\/fr\/#website\"},\"primaryImageOfPage\":{\"@id\":\"https:\/\/www.omrserrature.it\/fr\/produit\/fermeture-a-empreinte-carree-7-avec-extension\/#primaryimage\"},\"image\":{\"@id\":\"https:\/\/www.omrserrature.it\/fr\/produit\/fermeture-a-empreinte-carree-7-avec-extension\/#primaryimage\"},\"thumbnailUrl\":\"https:\/\/www.omrserrature.it\/wp-content\/uploads\/2017\/10\/chiusura-prolunga-impronta-quadro-7.jpg\",\"datePublished\":\"2010-10-17T15:16:00+00:00\",\"dateModified\":\"2026-04-08T11:15:32+00:00\",\"breadcrumb\":{\"@id\":\"https:\/\/www.omrserrature.it\/fr\/produit\/fermeture-a-empreinte-carree-7-avec-extension\/#breadcrumb\"},\"inLanguage\":\"fr-FR\",\"potentialAction\":[{\"@type\":\"ReadAction\",\"target\":[\"https:\/\/www.omrserrature.it\/fr\/produit\/fermeture-a-empreinte-carree-7-avec-extension\/\"]}]},{\"@type\":\"ImageObject\",\"inLanguage\":\"fr-FR\",\"@id\":\"https:\/\/www.omrserrature.it\/fr\/produit\/fermeture-a-empreinte-carree-7-avec-extension\/#primaryimage\",\"url\":\"https:\/\/www.omrserrature.it\/wp-content\/uploads\/2017\/10\/chiusura-prolunga-impronta-quadro-7.jpg\",\"contentUrl\":\"https:\/\/www.omrserrature.it\/wp-content\/uploads\/2017\/10\/chiusura-prolunga-impronta-quadro-7.jpg\",\"width\":442,\"height\":408,\"caption\":\"Fermeture \u00e0 douille 1\/4 de tour avec came r\u00e9glable - impression carr\u00e9e Q7\"},{\"@type\":\"BreadcrumbList\",\"@id\":\"https:\/\/www.omrserrature.it\/fr\/produit\/fermeture-a-empreinte-carree-7-avec-extension\/#breadcrumb\",\"itemListElement\":[{\"@type\":\"ListItem\",\"position\":1,\"name\":\"Home\",\"item\":\"https:\/\/www.omrserrature.it\/fr\/omr-serrures-et-systemes-de-verrouillage\/\"},{\"@type\":\"ListItem\",\"position\":2,\"name\":\"Catalogue\",\"item\":\"https:\/\/www.omrserrature.it\/catalogue\/?lang=fr\"},{\"@type\":\"ListItem\",\"position\":3,\"name\":\"Applications\",\"item\":\"https:\/\/www.omrserrature.it\/fr\/catalogue\/applications\/\"},{\"@type\":\"ListItem\",\"position\":4,\"name\":\"Serrures d'armoires\",\"item\":\"https:\/\/www.omrserrature.it\/fr\/catalogue\/applications\/serrures-darmoires\/\"},{\"@type\":\"ListItem\",\"position\":5,\"name\":\"Fermeture \u00e0 douille avec extension de forme 7\"}]},{\"@type\":\"WebSite\",\"@id\":\"https:\/\/www.omrserrature.it\/fr\/#website\",\"url\":\"https:\/\/www.omrserrature.it\/fr\/\",\"name\":\"OMR Serrature | Produzione sistemi di chiusura\",\"description\":\"Produzione serrature di sicurezza e sistemi di chiusura\",\"publisher\":{\"@id\":\"https:\/\/www.omrserrature.it\/fr\/#organization\"},\"potentialAction\":[{\"@type\":\"SearchAction\",\"target\":{\"@type\":\"EntryPoint\",\"urlTemplate\":\"https:\/\/www.omrserrature.it\/fr\/?s={search_term_string}\"},\"query-input\":{\"@type\":\"PropertyValueSpecification\",\"valueRequired\":true,\"valueName\":\"search_term_string\"}}],\"inLanguage\":\"fr-FR\"},{\"@type\":\"Organization\",\"@id\":\"https:\/\/www.omrserrature.it\/fr\/#organization\",\"name\":\"OMR Serrature | Produzione sistemi di chiusura\",\"url\":\"https:\/\/www.omrserrature.it\/fr\/\",\"logo\":{\"@type\":\"ImageObject\",\"inLanguage\":\"fr-FR\",\"@id\":\"https:\/\/www.omrserrature.it\/fr\/#\/schema\/logo\/image\/\",\"url\":\"https:\/\/www.omrserrature.it\/wp-content\/uploads\/2017\/09\/favicon-omr-114.png\",\"contentUrl\":\"https:\/\/www.omrserrature.it\/wp-content\/uploads\/2017\/09\/favicon-omr-114.png\",\"width\":114,\"height\":114,\"caption\":\"OMR Serrature | Produzione sistemi di chiusura\"},\"image\":{\"@id\":\"https:\/\/www.omrserrature.it\/fr\/#\/schema\/logo\/image\/\"},\"sameAs\":[\"https:\/\/www.facebook.com\/OMRserrature\",\"https:\/\/www.linkedin.com\/company\/omrserrature\/\",\"https:\/\/www.youtube.com\/channel\/UCxmA85z2R0EpG_6IRokiAkg\"]}]}<\/script>\n<!-- \/ Yoast SEO plugin. -->","yoast_head_json":{"title":"Fermeture \u00e0 douille avec extension de forme 7 - OMR Serrature","robots":{"index":"index","follow":"follow","max-snippet":"max-snippet:-1","max-image-preview":"max-image-preview:large","max-video-preview":"max-video-preview:-1"},"canonical":"https:\/\/www.omrserrature.it\/fr\/produit\/fermeture-a-empreinte-carree-7-avec-extension\/","og_locale":"fr_FR","og_type":"article","og_title":"Fermeture \u00e0 douille avec extension de forme 7 - OMR Serrature","og_description":"La serrure \u00e0 empreinte carr\u00e9e 1\/4 de tour avec came r\u00e9glable se compose d'un corps en alliage de zinc \u00e0 l'int\u00e9rieur duquel se trouve un rotor d'empreinte \u00e0 ressort qui, actionn\u00e9 par une cl\u00e9, tourne pour d\u00e9terminer l'ouverture ou la fermeture. Une rallonge en fer de 74 mm est fix\u00e9e au rotor, ce qui permet de s\u00e9lectionner la position du levier.","og_url":"https:\/\/www.omrserrature.it\/fr\/produit\/fermeture-a-empreinte-carree-7-avec-extension\/","og_site_name":"OMR Serrature | Produzione sistemi di chiusura","article_publisher":"https:\/\/www.facebook.com\/OMRserrature","article_modified_time":"2026-04-08T11:15:32+00:00","og_image":[{"width":442,"height":408,"url":"https:\/\/www.omrserrature.it\/wp-content\/uploads\/2017\/10\/chiusura-prolunga-impronta-quadro-7.jpg","type":"image\/jpeg"}],"twitter_card":"summary_large_image","twitter_misc":{"Dur\u00e9e de lecture estim\u00e9e":"1 minute"},"schema":{"@context":"https:\/\/schema.org","@graph":[{"@type":"WebPage","@id":"https:\/\/www.omrserrature.it\/fr\/produit\/fermeture-a-empreinte-carree-7-avec-extension\/","url":"https:\/\/www.omrserrature.it\/fr\/produit\/fermeture-a-empreinte-carree-7-avec-extension\/","name":"Fermeture \u00e0 douille avec extension de forme 7 - OMR Serrature","isPartOf":{"@id":"https:\/\/www.omrserrature.it\/fr\/#website"},"primaryImageOfPage":{"@id":"https:\/\/www.omrserrature.it\/fr\/produit\/fermeture-a-empreinte-carree-7-avec-extension\/#primaryimage"},"image":{"@id":"https:\/\/www.omrserrature.it\/fr\/produit\/fermeture-a-empreinte-carree-7-avec-extension\/#primaryimage"},"thumbnailUrl":"https:\/\/www.omrserrature.it\/wp-content\/uploads\/2017\/10\/chiusura-prolunga-impronta-quadro-7.jpg","datePublished":"2010-10-17T15:16:00+00:00","dateModified":"2026-04-08T11:15:32+00:00","breadcrumb":{"@id":"https:\/\/www.omrserrature.it\/fr\/produit\/fermeture-a-empreinte-carree-7-avec-extension\/#breadcrumb"},"inLanguage":"fr-FR","potentialAction":[{"@type":"ReadAction","target":["https:\/\/www.omrserrature.it\/fr\/produit\/fermeture-a-empreinte-carree-7-avec-extension\/"]}]},{"@type":"ImageObject","inLanguage":"fr-FR","@id":"https:\/\/www.omrserrature.it\/fr\/produit\/fermeture-a-empreinte-carree-7-avec-extension\/#primaryimage","url":"https:\/\/www.omrserrature.it\/wp-content\/uploads\/2017\/10\/chiusura-prolunga-impronta-quadro-7.jpg","contentUrl":"https:\/\/www.omrserrature.it\/wp-content\/uploads\/2017\/10\/chiusura-prolunga-impronta-quadro-7.jpg","width":442,"height":408,"caption":"Fermeture \u00e0 douille 1\/4 de tour avec came r\u00e9glable - impression carr\u00e9e Q7"},{"@type":"BreadcrumbList","@id":"https:\/\/www.omrserrature.it\/fr\/produit\/fermeture-a-empreinte-carree-7-avec-extension\/#breadcrumb","itemListElement":[{"@type":"ListItem","position":1,"name":"Home","item":"https:\/\/www.omrserrature.it\/fr\/omr-serrures-et-systemes-de-verrouillage\/"},{"@type":"ListItem","position":2,"name":"Catalogue","item":"https:\/\/www.omrserrature.it\/catalogue\/?lang=fr"},{"@type":"ListItem","position":3,"name":"Applications","item":"https:\/\/www.omrserrature.it\/fr\/catalogue\/applications\/"},{"@type":"ListItem","position":4,"name":"Serrures d'armoires","item":"https:\/\/www.omrserrature.it\/fr\/catalogue\/applications\/serrures-darmoires\/"},{"@type":"ListItem","position":5,"name":"Fermeture \u00e0 douille avec extension de forme 7"}]},{"@type":"WebSite","@id":"https:\/\/www.omrserrature.it\/fr\/#website","url":"https:\/\/www.omrserrature.it\/fr\/","name":"OMR Serrature | Produzione sistemi di chiusura","description":"Produzione serrature di sicurezza e sistemi di chiusura","publisher":{"@id":"https:\/\/www.omrserrature.it\/fr\/#organization"},"potentialAction":[{"@type":"SearchAction","target":{"@type":"EntryPoint","urlTemplate":"https:\/\/www.omrserrature.it\/fr\/?s={search_term_string}"},"query-input":{"@type":"PropertyValueSpecification","valueRequired":true,"valueName":"search_term_string"}}],"inLanguage":"fr-FR"},{"@type":"Organization","@id":"https:\/\/www.omrserrature.it\/fr\/#organization","name":"OMR Serrature | Produzione sistemi di chiusura","url":"https:\/\/www.omrserrature.it\/fr\/","logo":{"@type":"ImageObject","inLanguage":"fr-FR","@id":"https:\/\/www.omrserrature.it\/fr\/#\/schema\/logo\/image\/","url":"https:\/\/www.omrserrature.it\/wp-content\/uploads\/2017\/09\/favicon-omr-114.png","contentUrl":"https:\/\/www.omrserrature.it\/wp-content\/uploads\/2017\/09\/favicon-omr-114.png","width":114,"height":114,"caption":"OMR Serrature | Produzione sistemi di chiusura"},"image":{"@id":"https:\/\/www.omrserrature.it\/fr\/#\/schema\/logo\/image\/"},"sameAs":["https:\/\/www.facebook.com\/OMRserrature","https:\/\/www.linkedin.com\/company\/omrserrature\/","https:\/\/www.youtube.com\/channel\/UCxmA85z2R0EpG_6IRokiAkg"]}]}},"_links":{"self":[{"href":"https:\/\/www.omrserrature.it\/fr\/wp-json\/wp\/v2\/product\/26431","targetHints":{"allow":["GET"]}}],"collection":[{"href":"https:\/\/www.omrserrature.it\/fr\/wp-json\/wp\/v2\/product"}],"about":[{"href":"https:\/\/www.omrserrature.it\/fr\/wp-json\/wp\/v2\/types\/product"}],"replies":[{"embeddable":true,"href":"https:\/\/www.omrserrature.it\/fr\/wp-json\/wp\/v2\/comments?post=26431"}],"wp:featuredmedia":[{"embeddable":true,"href":"https:\/\/www.omrserrature.it\/fr\/wp-json\/wp\/v2\/media\/3132"}],"wp:attachment":[{"href":"https:\/\/www.omrserrature.it\/fr\/wp-json\/wp\/v2\/media?parent=26431"}],"wp:term":[{"taxonomy":"product_brand","embeddable":true,"href":"https:\/\/www.omrserrature.it\/fr\/wp-json\/wp\/v2\/product_brand?post=26431"},{"taxonomy":"product_cat","embeddable":true,"href":"https:\/\/www.omrserrature.it\/fr\/wp-json\/wp\/v2\/product_cat?post=26431"},{"taxonomy":"product_tag","embeddable":true,"href":"https:\/\/www.omrserrature.it\/fr\/wp-json\/wp\/v2\/product_tag?post=26431"}],"curies":[{"name":"wp","href":"https:\/\/api.w.org\/{rel}","templated":true}]}}