{"id":26405,"date":"2021-10-11T15:06:43","date_gmt":"2011-10-21T13:06:00","guid":{"rendered":"https:\/\/www.staging6.omrserrature.it\/prodotto\/cle-brute-europeen-courte-orange-mchgypc-c\/"},"modified":"2026-04-08T11:13:30","modified_gmt":"2026-04-08T09:13:30","slug":"cle-brute-europeen-courte-orange-mchgypc-c","status":"publish","type":"product","link":"https:\/\/www.omrserrature.it\/fr\/produit\/cle-brute-europeen-courte-orange-mchgypc-c\/","title":{"rendered":"Cl\u00e9 brute europ\u00e9enne orange"},"content":{"rendered":"<p>Cl\u00e9 brute de marque MOIA, pour <strong>serrures avec cylindre \u00e0 profil europ\u00e9en<\/strong>. La poign\u00e9e ergonomique en plastique est orange, la tige en laiton. La cl\u00e9 est <strong>disponible en 3 variantes<\/strong> selon le cylindre \u00e0 profil europ\u00e9en associ\u00e9 : <strong>long (standard), moyen et court.<\/strong> Choisissez la longueur de la tige dans le s\u00e9lecteur ci-dessus pour obtenir plus d&rsquo;informations sur la variante s\u00e9lectionn\u00e9e. <\/p>\n","protected":false},"excerpt":{"rendered":"<p>Cl\u00e9 brute de marque MOIA, pour serrures avec cylindre \u00e0 profil europ\u00e9en. La poign\u00e9e ergonomique en plastique est orange, la tige en laiton. La cl\u00e9 est disponible en 3 variantes en fonction du cylindre \u00e0 profil europ\u00e9en associ\u00e9 : longue (standard), moyenne et courte. Choisissez la longueur de la tige dans le s\u00e9lecteur ci-dessus pour obtenir plus d&rsquo;informations sur la variante s\u00e9lectionn\u00e9e.   <\/p>\n","protected":false},"featured_media":23338,"comment_status":"open","ping_status":"closed","template":"","meta":{"_acf_changed":false,"_et_pb_use_builder":"","_et_pb_old_content":"","_et_gb_content_width":""},"product_brand":[],"product_cat":[3686,3671],"product_tag":[],"class_list":{"0":"post-26405","1":"product","2":"type-product","3":"status-publish","4":"has-post-thumbnail","6":"product_cat-accessoires-et-pieces-detachees","7":"product_cat-cles","9":"first","10":"instock","11":"shipping-taxable","12":"purchasable","13":"product-type-variable"},"acf":{"pdf1":"https:\/\/www.omrserrature.it\/wp-content\/uploads\/2021\/10\/MCHGYPC-Tech-Sheet.pdf"},"yoast_head":"<!-- This site is optimized with the Yoast SEO plugin v27.2 - https:\/\/yoast.com\/product\/yoast-seo-wordpress\/ -->\n<title>Cl\u00e9 brute europ\u00e9enne orange - OMR Serrature<\/title>\n<meta name=\"robots\" content=\"index, follow, max-snippet:-1, max-image-preview:large, max-video-preview:-1\" \/>\n<link rel=\"canonical\" href=\"https:\/\/www.omrserrature.it\/fr\/produit\/cle-brute-europeen-courte-orange-mchgypc-c\/\" \/>\n<meta property=\"og:locale\" content=\"fr_FR\" \/>\n<meta property=\"og:type\" content=\"article\" \/>\n<meta property=\"og:title\" content=\"Cl\u00e9 brute europ\u00e9enne orange - OMR Serrature\" \/>\n<meta property=\"og:description\" content=\"Cl\u00e9 brute de marque MOIA, pour serrures avec cylindre \u00e0 profil europ\u00e9en. La poign\u00e9e ergonomique en plastique est orange, la tige en laiton. La cl\u00e9 est disponible en 3 variantes en fonction du cylindre \u00e0 profil europ\u00e9en associ\u00e9 : longue (standard), moyenne et courte. Choisissez la longueur de la tige dans le s\u00e9lecteur ci-dessus pour obtenir plus d&#039;informations sur la variante s\u00e9lectionn\u00e9e.\" \/>\n<meta property=\"og:url\" content=\"https:\/\/www.omrserrature.it\/fr\/produit\/cle-brute-europeen-courte-orange-mchgypc-c\/\" \/>\n<meta property=\"og:site_name\" content=\"OMR Serrature | Produzione sistemi di chiusura\" \/>\n<meta property=\"article:publisher\" content=\"https:\/\/www.facebook.com\/OMRserrature\" \/>\n<meta property=\"article:modified_time\" content=\"2026-04-08T09:13:30+00:00\" \/>\n<meta property=\"og:image\" content=\"https:\/\/www.omrserrature.it\/wp-content\/uploads\/2021\/10\/chiave-grezza-arancione-corta_MOIA-OMR.jpg\" \/>\n\t<meta property=\"og:image:width\" content=\"450\" \/>\n\t<meta property=\"og:image:height\" content=\"450\" \/>\n\t<meta property=\"og:image:type\" content=\"image\/jpeg\" \/>\n<meta name=\"twitter:card\" content=\"summary_large_image\" \/>\n<script type=\"application\/ld+json\" class=\"yoast-schema-graph\">{\"@context\":\"https:\/\/schema.org\",\"@graph\":[{\"@type\":\"WebPage\",\"@id\":\"https:\/\/www.omrserrature.it\/fr\/produit\/cle-brute-europeen-courte-orange-mchgypc-c\/\",\"url\":\"https:\/\/www.omrserrature.it\/fr\/produit\/cle-brute-europeen-courte-orange-mchgypc-c\/\",\"name\":\"Cl\u00e9 brute europ\u00e9enne orange - OMR Serrature\",\"isPartOf\":{\"@id\":\"https:\/\/www.omrserrature.it\/fr\/#website\"},\"primaryImageOfPage\":{\"@id\":\"https:\/\/www.omrserrature.it\/fr\/produit\/cle-brute-europeen-courte-orange-mchgypc-c\/#primaryimage\"},\"image\":{\"@id\":\"https:\/\/www.omrserrature.it\/fr\/produit\/cle-brute-europeen-courte-orange-mchgypc-c\/#primaryimage\"},\"thumbnailUrl\":\"https:\/\/www.omrserrature.it\/wp-content\/uploads\/2021\/10\/chiave-grezza-arancione-corta_MOIA-OMR.jpg\",\"datePublished\":\"2011-10-21T13:06:00+00:00\",\"dateModified\":\"2026-04-08T09:13:30+00:00\",\"breadcrumb\":{\"@id\":\"https:\/\/www.omrserrature.it\/fr\/produit\/cle-brute-europeen-courte-orange-mchgypc-c\/#breadcrumb\"},\"inLanguage\":\"fr-FR\",\"potentialAction\":[{\"@type\":\"ReadAction\",\"target\":[\"https:\/\/www.omrserrature.it\/fr\/produit\/cle-brute-europeen-courte-orange-mchgypc-c\/\"]}]},{\"@type\":\"ImageObject\",\"inLanguage\":\"fr-FR\",\"@id\":\"https:\/\/www.omrserrature.it\/fr\/produit\/cle-brute-europeen-courte-orange-mchgypc-c\/#primaryimage\",\"url\":\"https:\/\/www.omrserrature.it\/wp-content\/uploads\/2021\/10\/chiave-grezza-arancione-corta_MOIA-OMR.jpg\",\"contentUrl\":\"https:\/\/www.omrserrature.it\/wp-content\/uploads\/2021\/10\/chiave-grezza-arancione-corta_MOIA-OMR.jpg\",\"width\":450,\"height\":450,\"caption\":\"Cl\u00e9 brute orange, courte pour demi-cylindre \u00e0 profil europ\u00e9en ou code-cl\u00e9 pour cylindre \u00e0 profil europ\u00e9en. Mod. MCHGYPC\/C\"},{\"@type\":\"BreadcrumbList\",\"@id\":\"https:\/\/www.omrserrature.it\/fr\/produit\/cle-brute-europeen-courte-orange-mchgypc-c\/#breadcrumb\",\"itemListElement\":[{\"@type\":\"ListItem\",\"position\":1,\"name\":\"Home\",\"item\":\"https:\/\/www.omrserrature.it\/fr\/omr-serrures-et-systemes-de-verrouillage\/\"},{\"@type\":\"ListItem\",\"position\":2,\"name\":\"Catalogue\",\"item\":\"https:\/\/www.omrserrature.it\/catalogue\/?lang=fr\"},{\"@type\":\"ListItem\",\"position\":3,\"name\":\"Produits\",\"item\":\"https:\/\/www.omrserrature.it\/fr\/catalogue\/produits\/\"},{\"@type\":\"ListItem\",\"position\":4,\"name\":\"Accessoires et pi\u00e8ces d\u00e9tach\u00e9es\",\"item\":\"https:\/\/www.omrserrature.it\/fr\/catalogue\/produits\/accessoires-et-pieces-detachees\/\"},{\"@type\":\"ListItem\",\"position\":5,\"name\":\"Cl\u00e9s\",\"item\":\"https:\/\/www.omrserrature.it\/fr\/catalogue\/produits\/accessoires-et-pieces-detachees\/cles\/\"},{\"@type\":\"ListItem\",\"position\":6,\"name\":\"Cl\u00e9 brute europ\u00e9enne orange\"}]},{\"@type\":\"WebSite\",\"@id\":\"https:\/\/www.omrserrature.it\/fr\/#website\",\"url\":\"https:\/\/www.omrserrature.it\/fr\/\",\"name\":\"OMR Serrature | Produzione sistemi di chiusura\",\"description\":\"Produzione serrature di sicurezza e sistemi di chiusura\",\"publisher\":{\"@id\":\"https:\/\/www.omrserrature.it\/fr\/#organization\"},\"potentialAction\":[{\"@type\":\"SearchAction\",\"target\":{\"@type\":\"EntryPoint\",\"urlTemplate\":\"https:\/\/www.omrserrature.it\/fr\/?s={search_term_string}\"},\"query-input\":{\"@type\":\"PropertyValueSpecification\",\"valueRequired\":true,\"valueName\":\"search_term_string\"}}],\"inLanguage\":\"fr-FR\"},{\"@type\":\"Organization\",\"@id\":\"https:\/\/www.omrserrature.it\/fr\/#organization\",\"name\":\"OMR Serrature | Produzione sistemi di chiusura\",\"url\":\"https:\/\/www.omrserrature.it\/fr\/\",\"logo\":{\"@type\":\"ImageObject\",\"inLanguage\":\"fr-FR\",\"@id\":\"https:\/\/www.omrserrature.it\/fr\/#\/schema\/logo\/image\/\",\"url\":\"https:\/\/www.omrserrature.it\/wp-content\/uploads\/2017\/09\/favicon-omr-114.png\",\"contentUrl\":\"https:\/\/www.omrserrature.it\/wp-content\/uploads\/2017\/09\/favicon-omr-114.png\",\"width\":114,\"height\":114,\"caption\":\"OMR Serrature | Produzione sistemi di chiusura\"},\"image\":{\"@id\":\"https:\/\/www.omrserrature.it\/fr\/#\/schema\/logo\/image\/\"},\"sameAs\":[\"https:\/\/www.facebook.com\/OMRserrature\",\"https:\/\/www.linkedin.com\/company\/omrserrature\/\",\"https:\/\/www.youtube.com\/channel\/UCxmA85z2R0EpG_6IRokiAkg\"]}]}<\/script>\n<!-- \/ Yoast SEO plugin. -->","yoast_head_json":{"title":"Cl\u00e9 brute europ\u00e9enne orange - OMR Serrature","robots":{"index":"index","follow":"follow","max-snippet":"max-snippet:-1","max-image-preview":"max-image-preview:large","max-video-preview":"max-video-preview:-1"},"canonical":"https:\/\/www.omrserrature.it\/fr\/produit\/cle-brute-europeen-courte-orange-mchgypc-c\/","og_locale":"fr_FR","og_type":"article","og_title":"Cl\u00e9 brute europ\u00e9enne orange - OMR Serrature","og_description":"Cl\u00e9 brute de marque MOIA, pour serrures avec cylindre \u00e0 profil europ\u00e9en. La poign\u00e9e ergonomique en plastique est orange, la tige en laiton. La cl\u00e9 est disponible en 3 variantes en fonction du cylindre \u00e0 profil europ\u00e9en associ\u00e9 : longue (standard), moyenne et courte. Choisissez la longueur de la tige dans le s\u00e9lecteur ci-dessus pour obtenir plus d'informations sur la variante s\u00e9lectionn\u00e9e.","og_url":"https:\/\/www.omrserrature.it\/fr\/produit\/cle-brute-europeen-courte-orange-mchgypc-c\/","og_site_name":"OMR Serrature | Produzione sistemi di chiusura","article_publisher":"https:\/\/www.facebook.com\/OMRserrature","article_modified_time":"2026-04-08T09:13:30+00:00","og_image":[{"width":450,"height":450,"url":"https:\/\/www.omrserrature.it\/wp-content\/uploads\/2021\/10\/chiave-grezza-arancione-corta_MOIA-OMR.jpg","type":"image\/jpeg"}],"twitter_card":"summary_large_image","schema":{"@context":"https:\/\/schema.org","@graph":[{"@type":"WebPage","@id":"https:\/\/www.omrserrature.it\/fr\/produit\/cle-brute-europeen-courte-orange-mchgypc-c\/","url":"https:\/\/www.omrserrature.it\/fr\/produit\/cle-brute-europeen-courte-orange-mchgypc-c\/","name":"Cl\u00e9 brute europ\u00e9enne orange - OMR Serrature","isPartOf":{"@id":"https:\/\/www.omrserrature.it\/fr\/#website"},"primaryImageOfPage":{"@id":"https:\/\/www.omrserrature.it\/fr\/produit\/cle-brute-europeen-courte-orange-mchgypc-c\/#primaryimage"},"image":{"@id":"https:\/\/www.omrserrature.it\/fr\/produit\/cle-brute-europeen-courte-orange-mchgypc-c\/#primaryimage"},"thumbnailUrl":"https:\/\/www.omrserrature.it\/wp-content\/uploads\/2021\/10\/chiave-grezza-arancione-corta_MOIA-OMR.jpg","datePublished":"2011-10-21T13:06:00+00:00","dateModified":"2026-04-08T09:13:30+00:00","breadcrumb":{"@id":"https:\/\/www.omrserrature.it\/fr\/produit\/cle-brute-europeen-courte-orange-mchgypc-c\/#breadcrumb"},"inLanguage":"fr-FR","potentialAction":[{"@type":"ReadAction","target":["https:\/\/www.omrserrature.it\/fr\/produit\/cle-brute-europeen-courte-orange-mchgypc-c\/"]}]},{"@type":"ImageObject","inLanguage":"fr-FR","@id":"https:\/\/www.omrserrature.it\/fr\/produit\/cle-brute-europeen-courte-orange-mchgypc-c\/#primaryimage","url":"https:\/\/www.omrserrature.it\/wp-content\/uploads\/2021\/10\/chiave-grezza-arancione-corta_MOIA-OMR.jpg","contentUrl":"https:\/\/www.omrserrature.it\/wp-content\/uploads\/2021\/10\/chiave-grezza-arancione-corta_MOIA-OMR.jpg","width":450,"height":450,"caption":"Cl\u00e9 brute orange, courte pour demi-cylindre \u00e0 profil europ\u00e9en ou code-cl\u00e9 pour cylindre \u00e0 profil europ\u00e9en. Mod. MCHGYPC\/C"},{"@type":"BreadcrumbList","@id":"https:\/\/www.omrserrature.it\/fr\/produit\/cle-brute-europeen-courte-orange-mchgypc-c\/#breadcrumb","itemListElement":[{"@type":"ListItem","position":1,"name":"Home","item":"https:\/\/www.omrserrature.it\/fr\/omr-serrures-et-systemes-de-verrouillage\/"},{"@type":"ListItem","position":2,"name":"Catalogue","item":"https:\/\/www.omrserrature.it\/catalogue\/?lang=fr"},{"@type":"ListItem","position":3,"name":"Produits","item":"https:\/\/www.omrserrature.it\/fr\/catalogue\/produits\/"},{"@type":"ListItem","position":4,"name":"Accessoires et pi\u00e8ces d\u00e9tach\u00e9es","item":"https:\/\/www.omrserrature.it\/fr\/catalogue\/produits\/accessoires-et-pieces-detachees\/"},{"@type":"ListItem","position":5,"name":"Cl\u00e9s","item":"https:\/\/www.omrserrature.it\/fr\/catalogue\/produits\/accessoires-et-pieces-detachees\/cles\/"},{"@type":"ListItem","position":6,"name":"Cl\u00e9 brute europ\u00e9enne orange"}]},{"@type":"WebSite","@id":"https:\/\/www.omrserrature.it\/fr\/#website","url":"https:\/\/www.omrserrature.it\/fr\/","name":"OMR Serrature | Produzione sistemi di chiusura","description":"Produzione serrature di sicurezza e sistemi di chiusura","publisher":{"@id":"https:\/\/www.omrserrature.it\/fr\/#organization"},"potentialAction":[{"@type":"SearchAction","target":{"@type":"EntryPoint","urlTemplate":"https:\/\/www.omrserrature.it\/fr\/?s={search_term_string}"},"query-input":{"@type":"PropertyValueSpecification","valueRequired":true,"valueName":"search_term_string"}}],"inLanguage":"fr-FR"},{"@type":"Organization","@id":"https:\/\/www.omrserrature.it\/fr\/#organization","name":"OMR Serrature | Produzione sistemi di chiusura","url":"https:\/\/www.omrserrature.it\/fr\/","logo":{"@type":"ImageObject","inLanguage":"fr-FR","@id":"https:\/\/www.omrserrature.it\/fr\/#\/schema\/logo\/image\/","url":"https:\/\/www.omrserrature.it\/wp-content\/uploads\/2017\/09\/favicon-omr-114.png","contentUrl":"https:\/\/www.omrserrature.it\/wp-content\/uploads\/2017\/09\/favicon-omr-114.png","width":114,"height":114,"caption":"OMR Serrature | Produzione sistemi di chiusura"},"image":{"@id":"https:\/\/www.omrserrature.it\/fr\/#\/schema\/logo\/image\/"},"sameAs":["https:\/\/www.facebook.com\/OMRserrature","https:\/\/www.linkedin.com\/company\/omrserrature\/","https:\/\/www.youtube.com\/channel\/UCxmA85z2R0EpG_6IRokiAkg"]}]}},"_links":{"self":[{"href":"https:\/\/www.omrserrature.it\/fr\/wp-json\/wp\/v2\/product\/26405","targetHints":{"allow":["GET"]}}],"collection":[{"href":"https:\/\/www.omrserrature.it\/fr\/wp-json\/wp\/v2\/product"}],"about":[{"href":"https:\/\/www.omrserrature.it\/fr\/wp-json\/wp\/v2\/types\/product"}],"replies":[{"embeddable":true,"href":"https:\/\/www.omrserrature.it\/fr\/wp-json\/wp\/v2\/comments?post=26405"}],"wp:featuredmedia":[{"embeddable":true,"href":"https:\/\/www.omrserrature.it\/fr\/wp-json\/wp\/v2\/media\/23338"}],"wp:attachment":[{"href":"https:\/\/www.omrserrature.it\/fr\/wp-json\/wp\/v2\/media?parent=26405"}],"wp:term":[{"taxonomy":"product_brand","embeddable":true,"href":"https:\/\/www.omrserrature.it\/fr\/wp-json\/wp\/v2\/product_brand?post=26405"},{"taxonomy":"product_cat","embeddable":true,"href":"https:\/\/www.omrserrature.it\/fr\/wp-json\/wp\/v2\/product_cat?post=26405"},{"taxonomy":"product_tag","embeddable":true,"href":"https:\/\/www.omrserrature.it\/fr\/wp-json\/wp\/v2\/product_tag?post=26405"}],"curies":[{"name":"wp","href":"https:\/\/api.w.org\/{rel}","templated":true}]}}