{"id":26365,"date":"2021-06-01T14:40:36","date_gmt":"2001-06-21T12:40:00","guid":{"rendered":"https:\/\/www.staging6.omrserrature.it\/prodotto\/kit-de-tige-rotative-pour-hellock\/"},"modified":"2026-04-08T11:13:08","modified_gmt":"2026-04-08T09:13:08","slug":"kit-de-tige-rotative-pour-hellock","status":"publish","type":"product","link":"https:\/\/www.omrserrature.it\/fr\/produit\/kit-de-tige-rotative-pour-hellock\/","title":{"rendered":"Kit pour installation Hellock sur serrures cr\u00e9mone"},"content":{"rendered":"<p><strong>Le kit de tringles rotatives de la serrure \u00e9lectronique Hellock<\/strong> est une solution compl\u00e8te et polyvalente pour l&rsquo;installation sur les portes battantes \u00e0 <strong>3 points.<\/strong> Le kit se compose de plusieurs \u00e9l\u00e9ments qui garantissent une installation s\u00fbre et fiable.  Le corps du kit sert de base au <strong>cylindre de la serrure <\/strong>et permet d&rsquo;installer facilement le composant \u00e9lectronique. Des <strong>tringles de longueur variable<\/strong> font partie du kit et servent \u00e0 transmettre le mouvement du cylindre ou de la poign\u00e9e aux crochets situ\u00e9s \u00e0 l&rsquo;extr\u00e9mit\u00e9 du vantail.<\/p>\n<p><strong>Le kit comprend des guides-tringles, des crochets et des goupilles<\/strong>, qui maintiennent les tringles dans la bonne position pendant le mouvement, pour un fonctionnement souple et pr\u00e9cis du m\u00e9canisme de fermeture. La combinaison de ces composants g\u00e9n\u00e8re un syst\u00e8me de fermeture \u00e0 3 points qui offre un <strong>niveau de s\u00e9curit\u00e9 plus \u00e9lev\u00e9. <\/strong>Le kit de tringles de serrure \u00e9lectronique Hellock permet une<strong> installation efficace et professionnelle des serrures \u00e9lectroniques sur les portes battantes<\/strong>, offrant ainsi une protection \u00e9lev\u00e9e et un grand confort aux utilisateurs de Hellock ! <\/p>\n","protected":false},"excerpt":{"rendered":"<p><strong>Le kit de tringles rotatives de la serrure \u00e9lectronique Hellock<\/strong> est une solution compl\u00e8te et polyvalente pour l&rsquo;installation sur les portes battantes \u00e0 <strong>3 points.<\/strong> Le kit se compose de plusieurs \u00e9l\u00e9ments qui garantissent une installation s\u00fbre et fiable. <\/p>\n","protected":false},"featured_media":20915,"comment_status":"open","ping_status":"closed","template":"","meta":{"_acf_changed":false,"_et_pb_use_builder":"","_et_pb_old_content":"","_et_gb_content_width":""},"product_brand":[],"product_cat":[3678],"product_tag":[],"class_list":{"0":"post-26365","1":"product","2":"type-product","3":"status-publish","4":"has-post-thumbnail","6":"product_cat-accessoires-pour-serrures-electriques-et-electroniques","8":"first","9":"instock","10":"shipping-taxable","11":"product-type-simple"},"acf":{"pdf1":false},"yoast_head":"<!-- This site is optimized with the Yoast SEO plugin v27.2 - https:\/\/yoast.com\/product\/yoast-seo-wordpress\/ -->\n<title>Kit pour installation Hellock sur serrures cr\u00e9mone - OMR Serrature<\/title>\n<meta name=\"robots\" content=\"index, follow, max-snippet:-1, max-image-preview:large, max-video-preview:-1\" \/>\n<link rel=\"canonical\" href=\"https:\/\/www.omrserrature.it\/fr\/produit\/kit-de-tige-rotative-pour-hellock\/\" \/>\n<meta property=\"og:locale\" content=\"fr_FR\" \/>\n<meta property=\"og:type\" content=\"article\" \/>\n<meta property=\"og:title\" content=\"Kit pour installation Hellock sur serrures cr\u00e9mone - OMR Serrature\" \/>\n<meta property=\"og:description\" content=\"Le kit de tringles rotatives de la serrure \u00e9lectronique Hellock est une solution compl\u00e8te et polyvalente pour l&#039;installation sur les portes battantes \u00e0 3 points. Le kit se compose de plusieurs \u00e9l\u00e9ments qui garantissent une installation s\u00fbre et fiable.\" \/>\n<meta property=\"og:url\" content=\"https:\/\/www.omrserrature.it\/fr\/produit\/kit-de-tige-rotative-pour-hellock\/\" \/>\n<meta property=\"og:site_name\" content=\"OMR Serrature | Produzione sistemi di chiusura\" \/>\n<meta property=\"article:publisher\" content=\"https:\/\/www.facebook.com\/OMRserrature\" \/>\n<meta property=\"article:modified_time\" content=\"2026-04-08T09:13:08+00:00\" \/>\n<meta property=\"og:image\" content=\"https:\/\/www.omrserrature.it\/wp-content\/uploads\/2021\/06\/Hellock-Aste-rotanti.jpg\" \/>\n\t<meta property=\"og:image:width\" content=\"1000\" \/>\n\t<meta property=\"og:image:height\" content=\"1000\" \/>\n\t<meta property=\"og:image:type\" content=\"image\/jpeg\" \/>\n<meta name=\"twitter:card\" content=\"summary_large_image\" \/>\n<meta name=\"twitter:label1\" content=\"Dur\u00e9e de lecture estim\u00e9e\" \/>\n\t<meta name=\"twitter:data1\" content=\"1 minute\" \/>\n<script type=\"application\/ld+json\" class=\"yoast-schema-graph\">{\"@context\":\"https:\/\/schema.org\",\"@graph\":[{\"@type\":\"WebPage\",\"@id\":\"https:\/\/www.omrserrature.it\/fr\/produit\/kit-de-tige-rotative-pour-hellock\/\",\"url\":\"https:\/\/www.omrserrature.it\/fr\/produit\/kit-de-tige-rotative-pour-hellock\/\",\"name\":\"Kit pour installation Hellock sur serrures cr\u00e9mone - OMR Serrature\",\"isPartOf\":{\"@id\":\"https:\/\/www.omrserrature.it\/fr\/#website\"},\"primaryImageOfPage\":{\"@id\":\"https:\/\/www.omrserrature.it\/fr\/produit\/kit-de-tige-rotative-pour-hellock\/#primaryimage\"},\"image\":{\"@id\":\"https:\/\/www.omrserrature.it\/fr\/produit\/kit-de-tige-rotative-pour-hellock\/#primaryimage\"},\"thumbnailUrl\":\"https:\/\/www.omrserrature.it\/wp-content\/uploads\/2021\/06\/Hellock-Aste-rotanti.jpg\",\"datePublished\":\"2001-06-21T12:40:00+00:00\",\"dateModified\":\"2026-04-08T09:13:08+00:00\",\"breadcrumb\":{\"@id\":\"https:\/\/www.omrserrature.it\/fr\/produit\/kit-de-tige-rotative-pour-hellock\/#breadcrumb\"},\"inLanguage\":\"fr-FR\",\"potentialAction\":[{\"@type\":\"ReadAction\",\"target\":[\"https:\/\/www.omrserrature.it\/fr\/produit\/kit-de-tige-rotative-pour-hellock\/\"]}]},{\"@type\":\"ImageObject\",\"inLanguage\":\"fr-FR\",\"@id\":\"https:\/\/www.omrserrature.it\/fr\/produit\/kit-de-tige-rotative-pour-hellock\/#primaryimage\",\"url\":\"https:\/\/www.omrserrature.it\/wp-content\/uploads\/2021\/06\/Hellock-Aste-rotanti.jpg\",\"contentUrl\":\"https:\/\/www.omrserrature.it\/wp-content\/uploads\/2021\/06\/Hellock-Aste-rotanti.jpg\",\"width\":1000,\"height\":1000,\"caption\":\"Syst\u00e8me de serrures tringles tournantes avec tringles tournantes - Serrures OMR\"},{\"@type\":\"BreadcrumbList\",\"@id\":\"https:\/\/www.omrserrature.it\/fr\/produit\/kit-de-tige-rotative-pour-hellock\/#breadcrumb\",\"itemListElement\":[{\"@type\":\"ListItem\",\"position\":1,\"name\":\"Home\",\"item\":\"https:\/\/www.omrserrature.it\/fr\/omr-serrures-et-systemes-de-verrouillage\/\"},{\"@type\":\"ListItem\",\"position\":2,\"name\":\"Catalogue\",\"item\":\"https:\/\/www.omrserrature.it\/catalogue\/?lang=fr\"},{\"@type\":\"ListItem\",\"position\":3,\"name\":\"Produits\",\"item\":\"https:\/\/www.omrserrature.it\/fr\/catalogue\/produits\/\"},{\"@type\":\"ListItem\",\"position\":4,\"name\":\"Accessoires et pi\u00e8ces d\u00e9tach\u00e9es\",\"item\":\"https:\/\/www.omrserrature.it\/fr\/catalogue\/produits\/accessoires-et-pieces-detachees\/\"},{\"@type\":\"ListItem\",\"position\":5,\"name\":\"Accessoires pour serrures \u00e9lectriques et \u00e9lectroniques\",\"item\":\"https:\/\/www.omrserrature.it\/fr\/catalogue\/produits\/accessoires-et-pieces-detachees\/accessoires-pour-serrures-electriques-et-electroniques\/\"},{\"@type\":\"ListItem\",\"position\":6,\"name\":\"Kit pour installation Hellock sur serrures cr\u00e9mone\"}]},{\"@type\":\"WebSite\",\"@id\":\"https:\/\/www.omrserrature.it\/fr\/#website\",\"url\":\"https:\/\/www.omrserrature.it\/fr\/\",\"name\":\"OMR Serrature | Produzione sistemi di chiusura\",\"description\":\"Produzione serrature di sicurezza e sistemi di chiusura\",\"publisher\":{\"@id\":\"https:\/\/www.omrserrature.it\/fr\/#organization\"},\"potentialAction\":[{\"@type\":\"SearchAction\",\"target\":{\"@type\":\"EntryPoint\",\"urlTemplate\":\"https:\/\/www.omrserrature.it\/fr\/?s={search_term_string}\"},\"query-input\":{\"@type\":\"PropertyValueSpecification\",\"valueRequired\":true,\"valueName\":\"search_term_string\"}}],\"inLanguage\":\"fr-FR\"},{\"@type\":\"Organization\",\"@id\":\"https:\/\/www.omrserrature.it\/fr\/#organization\",\"name\":\"OMR Serrature | Produzione sistemi di chiusura\",\"url\":\"https:\/\/www.omrserrature.it\/fr\/\",\"logo\":{\"@type\":\"ImageObject\",\"inLanguage\":\"fr-FR\",\"@id\":\"https:\/\/www.omrserrature.it\/fr\/#\/schema\/logo\/image\/\",\"url\":\"https:\/\/www.omrserrature.it\/wp-content\/uploads\/2017\/09\/favicon-omr-114.png\",\"contentUrl\":\"https:\/\/www.omrserrature.it\/wp-content\/uploads\/2017\/09\/favicon-omr-114.png\",\"width\":114,\"height\":114,\"caption\":\"OMR Serrature | Produzione sistemi di chiusura\"},\"image\":{\"@id\":\"https:\/\/www.omrserrature.it\/fr\/#\/schema\/logo\/image\/\"},\"sameAs\":[\"https:\/\/www.facebook.com\/OMRserrature\",\"https:\/\/www.linkedin.com\/company\/omrserrature\/\",\"https:\/\/www.youtube.com\/channel\/UCxmA85z2R0EpG_6IRokiAkg\"]}]}<\/script>\n<!-- \/ Yoast SEO plugin. -->","yoast_head_json":{"title":"Kit pour installation Hellock sur serrures cr\u00e9mone - OMR Serrature","robots":{"index":"index","follow":"follow","max-snippet":"max-snippet:-1","max-image-preview":"max-image-preview:large","max-video-preview":"max-video-preview:-1"},"canonical":"https:\/\/www.omrserrature.it\/fr\/produit\/kit-de-tige-rotative-pour-hellock\/","og_locale":"fr_FR","og_type":"article","og_title":"Kit pour installation Hellock sur serrures cr\u00e9mone - OMR Serrature","og_description":"Le kit de tringles rotatives de la serrure \u00e9lectronique Hellock est une solution compl\u00e8te et polyvalente pour l'installation sur les portes battantes \u00e0 3 points. Le kit se compose de plusieurs \u00e9l\u00e9ments qui garantissent une installation s\u00fbre et fiable.","og_url":"https:\/\/www.omrserrature.it\/fr\/produit\/kit-de-tige-rotative-pour-hellock\/","og_site_name":"OMR Serrature | Produzione sistemi di chiusura","article_publisher":"https:\/\/www.facebook.com\/OMRserrature","article_modified_time":"2026-04-08T09:13:08+00:00","og_image":[{"width":1000,"height":1000,"url":"https:\/\/www.omrserrature.it\/wp-content\/uploads\/2021\/06\/Hellock-Aste-rotanti.jpg","type":"image\/jpeg"}],"twitter_card":"summary_large_image","twitter_misc":{"Dur\u00e9e de lecture estim\u00e9e":"1 minute"},"schema":{"@context":"https:\/\/schema.org","@graph":[{"@type":"WebPage","@id":"https:\/\/www.omrserrature.it\/fr\/produit\/kit-de-tige-rotative-pour-hellock\/","url":"https:\/\/www.omrserrature.it\/fr\/produit\/kit-de-tige-rotative-pour-hellock\/","name":"Kit pour installation Hellock sur serrures cr\u00e9mone - OMR Serrature","isPartOf":{"@id":"https:\/\/www.omrserrature.it\/fr\/#website"},"primaryImageOfPage":{"@id":"https:\/\/www.omrserrature.it\/fr\/produit\/kit-de-tige-rotative-pour-hellock\/#primaryimage"},"image":{"@id":"https:\/\/www.omrserrature.it\/fr\/produit\/kit-de-tige-rotative-pour-hellock\/#primaryimage"},"thumbnailUrl":"https:\/\/www.omrserrature.it\/wp-content\/uploads\/2021\/06\/Hellock-Aste-rotanti.jpg","datePublished":"2001-06-21T12:40:00+00:00","dateModified":"2026-04-08T09:13:08+00:00","breadcrumb":{"@id":"https:\/\/www.omrserrature.it\/fr\/produit\/kit-de-tige-rotative-pour-hellock\/#breadcrumb"},"inLanguage":"fr-FR","potentialAction":[{"@type":"ReadAction","target":["https:\/\/www.omrserrature.it\/fr\/produit\/kit-de-tige-rotative-pour-hellock\/"]}]},{"@type":"ImageObject","inLanguage":"fr-FR","@id":"https:\/\/www.omrserrature.it\/fr\/produit\/kit-de-tige-rotative-pour-hellock\/#primaryimage","url":"https:\/\/www.omrserrature.it\/wp-content\/uploads\/2021\/06\/Hellock-Aste-rotanti.jpg","contentUrl":"https:\/\/www.omrserrature.it\/wp-content\/uploads\/2021\/06\/Hellock-Aste-rotanti.jpg","width":1000,"height":1000,"caption":"Syst\u00e8me de serrures tringles tournantes avec tringles tournantes - Serrures OMR"},{"@type":"BreadcrumbList","@id":"https:\/\/www.omrserrature.it\/fr\/produit\/kit-de-tige-rotative-pour-hellock\/#breadcrumb","itemListElement":[{"@type":"ListItem","position":1,"name":"Home","item":"https:\/\/www.omrserrature.it\/fr\/omr-serrures-et-systemes-de-verrouillage\/"},{"@type":"ListItem","position":2,"name":"Catalogue","item":"https:\/\/www.omrserrature.it\/catalogue\/?lang=fr"},{"@type":"ListItem","position":3,"name":"Produits","item":"https:\/\/www.omrserrature.it\/fr\/catalogue\/produits\/"},{"@type":"ListItem","position":4,"name":"Accessoires et pi\u00e8ces d\u00e9tach\u00e9es","item":"https:\/\/www.omrserrature.it\/fr\/catalogue\/produits\/accessoires-et-pieces-detachees\/"},{"@type":"ListItem","position":5,"name":"Accessoires pour serrures \u00e9lectriques et \u00e9lectroniques","item":"https:\/\/www.omrserrature.it\/fr\/catalogue\/produits\/accessoires-et-pieces-detachees\/accessoires-pour-serrures-electriques-et-electroniques\/"},{"@type":"ListItem","position":6,"name":"Kit pour installation Hellock sur serrures cr\u00e9mone"}]},{"@type":"WebSite","@id":"https:\/\/www.omrserrature.it\/fr\/#website","url":"https:\/\/www.omrserrature.it\/fr\/","name":"OMR Serrature | Produzione sistemi di chiusura","description":"Produzione serrature di sicurezza e sistemi di chiusura","publisher":{"@id":"https:\/\/www.omrserrature.it\/fr\/#organization"},"potentialAction":[{"@type":"SearchAction","target":{"@type":"EntryPoint","urlTemplate":"https:\/\/www.omrserrature.it\/fr\/?s={search_term_string}"},"query-input":{"@type":"PropertyValueSpecification","valueRequired":true,"valueName":"search_term_string"}}],"inLanguage":"fr-FR"},{"@type":"Organization","@id":"https:\/\/www.omrserrature.it\/fr\/#organization","name":"OMR Serrature | Produzione sistemi di chiusura","url":"https:\/\/www.omrserrature.it\/fr\/","logo":{"@type":"ImageObject","inLanguage":"fr-FR","@id":"https:\/\/www.omrserrature.it\/fr\/#\/schema\/logo\/image\/","url":"https:\/\/www.omrserrature.it\/wp-content\/uploads\/2017\/09\/favicon-omr-114.png","contentUrl":"https:\/\/www.omrserrature.it\/wp-content\/uploads\/2017\/09\/favicon-omr-114.png","width":114,"height":114,"caption":"OMR Serrature | Produzione sistemi di chiusura"},"image":{"@id":"https:\/\/www.omrserrature.it\/fr\/#\/schema\/logo\/image\/"},"sameAs":["https:\/\/www.facebook.com\/OMRserrature","https:\/\/www.linkedin.com\/company\/omrserrature\/","https:\/\/www.youtube.com\/channel\/UCxmA85z2R0EpG_6IRokiAkg"]}]}},"_links":{"self":[{"href":"https:\/\/www.omrserrature.it\/fr\/wp-json\/wp\/v2\/product\/26365","targetHints":{"allow":["GET"]}}],"collection":[{"href":"https:\/\/www.omrserrature.it\/fr\/wp-json\/wp\/v2\/product"}],"about":[{"href":"https:\/\/www.omrserrature.it\/fr\/wp-json\/wp\/v2\/types\/product"}],"replies":[{"embeddable":true,"href":"https:\/\/www.omrserrature.it\/fr\/wp-json\/wp\/v2\/comments?post=26365"}],"wp:featuredmedia":[{"embeddable":true,"href":"https:\/\/www.omrserrature.it\/fr\/wp-json\/wp\/v2\/media\/20915"}],"wp:attachment":[{"href":"https:\/\/www.omrserrature.it\/fr\/wp-json\/wp\/v2\/media?parent=26365"}],"wp:term":[{"taxonomy":"product_brand","embeddable":true,"href":"https:\/\/www.omrserrature.it\/fr\/wp-json\/wp\/v2\/product_brand?post=26365"},{"taxonomy":"product_cat","embeddable":true,"href":"https:\/\/www.omrserrature.it\/fr\/wp-json\/wp\/v2\/product_cat?post=26365"},{"taxonomy":"product_tag","embeddable":true,"href":"https:\/\/www.omrserrature.it\/fr\/wp-json\/wp\/v2\/product_tag?post=26365"}],"curies":[{"name":"wp","href":"https:\/\/api.w.org\/{rel}","templated":true}]}}