{"id":26356,"date":"2021-05-19T12:13:29","date_gmt":"2019-05-21T10:13:00","guid":{"rendered":"https:\/\/www.staging6.omrserrature.it\/prodotto\/srtx04693\/"},"modified":"2026-04-08T11:12:56","modified_gmt":"2026-04-08T09:12:56","slug":"srtx04693","status":"publish","type":"product","link":"https:\/\/www.omrserrature.it\/fr\/produit\/srtx04693\/","title":{"rendered":"SRTX04693 &#8211; Barillet \u00e0 lamelles pour serrures batteuse"},"content":{"rendered":"<p>Le barillet est le composant central d&rsquo;une serrure ; c&rsquo;est l&rsquo;\u00e9l\u00e9ment mobile qui retient la cl\u00e9 pour permettre l&rsquo;ouverture ou la fermeture du m\u00e9canisme de verrouillage. Lorsque la cl\u00e9 appropri\u00e9e est ins\u00e9r\u00e9e, les lamelles internes s&rsquo;alignent parfaitement et d\u00e9verrouillent le barillet, ce qui lui permet de tourner librement et d&rsquo;actionner la came ou le levier connect\u00e9 via le terminal arri\u00e8re. <\/p>\n<p>Chez OMR, nous fabriquons des barillets de haute qualit\u00e9 en zamak, un alliage de zinc moul\u00e9 sous pression, connu pour ses excellentes propri\u00e9t\u00e9s m\u00e9caniques. Le barillet subit ensuite un traitement de nickelage qui le prot\u00e8ge contre l&rsquo;usure, la corrosion et l&rsquo;oxydation, garantissant ainsi une plus longue dur\u00e9e de vie. Les lamelles, \u00e9l\u00e9ment essentiel \u00e0 la s\u00e9curit\u00e9 de la serrure, sont fabriqu\u00e9es en acier de haute qualit\u00e9, gage de long\u00e9vit\u00e9 et de fiabilit\u00e9.  <\/p>\n<p>Conscients de l&rsquo;importance de la personnalisation, nous offrons la possibilit\u00e9 de d\u00e9velopper des barillets sur mesure, conform\u00e9ment aux sp\u00e9cifications et aux dessins fournis par nos clients. Ce service nous permet de r\u00e9pondre \u00e0 des exigences particuli\u00e8res en termes de taille, de forme et de fonctionnalit\u00e9, en garantissant une int\u00e9gration parfaite dans les syst\u00e8mes de fermeture souhait\u00e9s. La qualit\u00e9 est au c\u0153ur de notre processus de production, et nos barillets sont soumis \u00e0 des contr\u00f4les de qualit\u00e9 rigoureux afin de garantir qu&rsquo;ils r\u00e9pondent aux normes les plus strictes. Ces contr\u00f4les comprennent des essais dimensionnels, des \u00e9valuations de la r\u00e9sistance m\u00e9canique et des essais de fonctionnement, et garantissent que le produit final offre des performances optimales et une longue dur\u00e9e de vie.<\/p>\n<p>L&rsquo;exp\u00e9rience acquise au cours de d\u00e9cennies de fabrication de serrures et de barillets nous permet de fournir des composants fiables pour une large gamme d&rsquo;applications destin\u00e9es \u00e0 la s\u00e9curit\u00e9 des casiers, des armoires \u00e0 tiroirs, des volets, des bo\u00eetes aux lettres, des armoires \u00e9lectriques, des malles, des porte-v\u00e9los et des porte-toilettes, et pratiquement partout o\u00f9 une serrure est n\u00e9cessaire. Des mat\u00e9riaux de qualit\u00e9, des processus de production avanc\u00e9s et une technologie constamment mise \u00e0 jour font de nous le partenaire id\u00e9al pour le d\u00e9veloppement de vos syst\u00e8mes de fermeture, \u00e0 des prix comp\u00e9titifs. <\/p>\n","protected":false},"excerpt":{"rendered":"<p>Le barillet est le c\u0153ur de la serrure : il tient la cl\u00e9, lit son profil \u00e0 travers les lamelles d&rsquo;acier et, une fois lib\u00e9r\u00e9, transmet le mouvement au syst\u00e8me de fermeture. <strong>Chez OMR, nous produisons des barillets en zamak de haute qualit\u00e9<\/strong> et r\u00e9sistants \u00e0 l&rsquo;usure, qui peuvent \u00eatre personnalis\u00e9s selon les dessins du client. <strong>Chaque composant est soumis \u00e0 un contr\u00f4le de qualit\u00e9 rigoureux<\/strong> afin de garantir la durabilit\u00e9, la pr\u00e9cision et la s\u00e9curit\u00e9 dans des applications telles que les casiers, les bo\u00eetes aux lettres, les portes et les syst\u00e8mes de fermeture industriels.<\/p>\n","protected":false},"featured_media":20176,"comment_status":"open","ping_status":"closed","template":"","meta":{"_acf_changed":false,"_et_pb_use_builder":"","_et_pb_old_content":"","_et_gb_content_width":""},"product_brand":[],"product_cat":[3656],"product_tag":[],"class_list":{"0":"post-26356","1":"product","2":"type-product","3":"status-publish","4":"has-post-thumbnail","6":"product_cat-barillets","8":"first","9":"instock","10":"shipping-taxable","11":"product-type-simple"},"acf":{"pdf1":"https:\/\/www.omrserrature.it\/wp-content\/uploads\/2021\/05\/Scheda_SRTX04693.pdf"},"yoast_head":"<!-- This site is optimized with the Yoast SEO plugin v27.2 - https:\/\/yoast.com\/product\/yoast-seo-wordpress\/ -->\n<title>SRTX04693 - Barillet \u00e0 lamelles pour serrures batteuse - OMR Serrature<\/title>\n<meta name=\"robots\" content=\"index, follow, max-snippet:-1, max-image-preview:large, max-video-preview:-1\" \/>\n<link rel=\"canonical\" href=\"https:\/\/www.omrserrature.it\/fr\/produit\/srtx04693\/\" \/>\n<meta property=\"og:locale\" content=\"fr_FR\" \/>\n<meta property=\"og:type\" content=\"article\" \/>\n<meta property=\"og:title\" content=\"SRTX04693 - Barillet \u00e0 lamelles pour serrures batteuse - OMR Serrature\" \/>\n<meta property=\"og:description\" content=\"Le barillet est le c\u0153ur de la serrure : il tient la cl\u00e9, lit son profil \u00e0 travers les lamelles d&#039;acier et, une fois lib\u00e9r\u00e9, transmet le mouvement au syst\u00e8me de fermeture. Chez OMR, nous produisons des barillets en zamak de haute qualit\u00e9 et r\u00e9sistants \u00e0 l&#039;usure, qui peuvent \u00eatre personnalis\u00e9s selon les dessins du client. Chaque composant est soumis \u00e0 un contr\u00f4le de qualit\u00e9 rigoureux afin de garantir la durabilit\u00e9, la pr\u00e9cision et la s\u00e9curit\u00e9 dans des applications telles que les casiers, les bo\u00eetes aux lettres, les portes et les syst\u00e8mes de fermeture industriels.\" \/>\n<meta property=\"og:url\" content=\"https:\/\/www.omrserrature.it\/fr\/produit\/srtx04693\/\" \/>\n<meta property=\"og:site_name\" content=\"OMR Serrature | Produzione sistemi di chiusura\" \/>\n<meta property=\"article:publisher\" content=\"https:\/\/www.facebook.com\/OMRserrature\" \/>\n<meta property=\"article:modified_time\" content=\"2026-04-08T09:12:56+00:00\" \/>\n<meta property=\"og:image\" content=\"https:\/\/www.omrserrature.it\/wp-content\/uploads\/2021\/05\/SRTX04693.jpg\" \/>\n\t<meta property=\"og:image:width\" content=\"1000\" \/>\n\t<meta property=\"og:image:height\" content=\"1000\" \/>\n\t<meta property=\"og:image:type\" content=\"image\/jpeg\" \/>\n<meta name=\"twitter:card\" content=\"summary_large_image\" \/>\n<meta name=\"twitter:label1\" content=\"Dur\u00e9e de lecture estim\u00e9e\" \/>\n\t<meta name=\"twitter:data1\" content=\"2 minutes\" \/>\n<script type=\"application\/ld+json\" class=\"yoast-schema-graph\">{\"@context\":\"https:\/\/schema.org\",\"@graph\":[{\"@type\":\"WebPage\",\"@id\":\"https:\/\/www.omrserrature.it\/fr\/produit\/srtx04693\/\",\"url\":\"https:\/\/www.omrserrature.it\/fr\/produit\/srtx04693\/\",\"name\":\"SRTX04693 - Barillet \u00e0 lamelles pour serrures batteuse - OMR Serrature\",\"isPartOf\":{\"@id\":\"https:\/\/www.omrserrature.it\/fr\/#website\"},\"primaryImageOfPage\":{\"@id\":\"https:\/\/www.omrserrature.it\/fr\/produit\/srtx04693\/#primaryimage\"},\"image\":{\"@id\":\"https:\/\/www.omrserrature.it\/fr\/produit\/srtx04693\/#primaryimage\"},\"thumbnailUrl\":\"https:\/\/www.omrserrature.it\/wp-content\/uploads\/2021\/05\/SRTX04693.jpg\",\"datePublished\":\"2019-05-21T10:13:00+00:00\",\"dateModified\":\"2026-04-08T09:12:56+00:00\",\"breadcrumb\":{\"@id\":\"https:\/\/www.omrserrature.it\/fr\/produit\/srtx04693\/#breadcrumb\"},\"inLanguage\":\"fr-FR\",\"potentialAction\":[{\"@type\":\"ReadAction\",\"target\":[\"https:\/\/www.omrserrature.it\/fr\/produit\/srtx04693\/\"]}]},{\"@type\":\"ImageObject\",\"inLanguage\":\"fr-FR\",\"@id\":\"https:\/\/www.omrserrature.it\/fr\/produit\/srtx04693\/#primaryimage\",\"url\":\"https:\/\/www.omrserrature.it\/wp-content\/uploads\/2021\/05\/SRTX04693.jpg\",\"contentUrl\":\"https:\/\/www.omrserrature.it\/wp-content\/uploads\/2021\/05\/SRTX04693.jpg\",\"width\":1000,\"height\":1000,\"caption\":\"Serrures de rotor OMR - Code SRTX04693\"},{\"@type\":\"BreadcrumbList\",\"@id\":\"https:\/\/www.omrserrature.it\/fr\/produit\/srtx04693\/#breadcrumb\",\"itemListElement\":[{\"@type\":\"ListItem\",\"position\":1,\"name\":\"Home\",\"item\":\"https:\/\/www.omrserrature.it\/fr\/omr-serrures-et-systemes-de-verrouillage\/\"},{\"@type\":\"ListItem\",\"position\":2,\"name\":\"Catalogue\",\"item\":\"https:\/\/www.omrserrature.it\/catalogue\/?lang=fr\"},{\"@type\":\"ListItem\",\"position\":3,\"name\":\"Produits\",\"item\":\"https:\/\/www.omrserrature.it\/fr\/catalogue\/produits\/\"},{\"@type\":\"ListItem\",\"position\":4,\"name\":\"Barillets\",\"item\":\"https:\/\/www.omrserrature.it\/fr\/catalogue\/produits\/barillets\/\"},{\"@type\":\"ListItem\",\"position\":5,\"name\":\"SRTX04693 &#8211; Barillet \u00e0 lamelles pour serrures batteuse\"}]},{\"@type\":\"WebSite\",\"@id\":\"https:\/\/www.omrserrature.it\/fr\/#website\",\"url\":\"https:\/\/www.omrserrature.it\/fr\/\",\"name\":\"OMR Serrature | Produzione sistemi di chiusura\",\"description\":\"Produzione serrature di sicurezza e sistemi di chiusura\",\"publisher\":{\"@id\":\"https:\/\/www.omrserrature.it\/fr\/#organization\"},\"potentialAction\":[{\"@type\":\"SearchAction\",\"target\":{\"@type\":\"EntryPoint\",\"urlTemplate\":\"https:\/\/www.omrserrature.it\/fr\/?s={search_term_string}\"},\"query-input\":{\"@type\":\"PropertyValueSpecification\",\"valueRequired\":true,\"valueName\":\"search_term_string\"}}],\"inLanguage\":\"fr-FR\"},{\"@type\":\"Organization\",\"@id\":\"https:\/\/www.omrserrature.it\/fr\/#organization\",\"name\":\"OMR Serrature | Produzione sistemi di chiusura\",\"url\":\"https:\/\/www.omrserrature.it\/fr\/\",\"logo\":{\"@type\":\"ImageObject\",\"inLanguage\":\"fr-FR\",\"@id\":\"https:\/\/www.omrserrature.it\/fr\/#\/schema\/logo\/image\/\",\"url\":\"https:\/\/www.omrserrature.it\/wp-content\/uploads\/2017\/09\/favicon-omr-114.png\",\"contentUrl\":\"https:\/\/www.omrserrature.it\/wp-content\/uploads\/2017\/09\/favicon-omr-114.png\",\"width\":114,\"height\":114,\"caption\":\"OMR Serrature | Produzione sistemi di chiusura\"},\"image\":{\"@id\":\"https:\/\/www.omrserrature.it\/fr\/#\/schema\/logo\/image\/\"},\"sameAs\":[\"https:\/\/www.facebook.com\/OMRserrature\",\"https:\/\/www.linkedin.com\/company\/omrserrature\/\",\"https:\/\/www.youtube.com\/channel\/UCxmA85z2R0EpG_6IRokiAkg\"]}]}<\/script>\n<!-- \/ Yoast SEO plugin. -->","yoast_head_json":{"title":"SRTX04693 - Barillet \u00e0 lamelles pour serrures batteuse - OMR Serrature","robots":{"index":"index","follow":"follow","max-snippet":"max-snippet:-1","max-image-preview":"max-image-preview:large","max-video-preview":"max-video-preview:-1"},"canonical":"https:\/\/www.omrserrature.it\/fr\/produit\/srtx04693\/","og_locale":"fr_FR","og_type":"article","og_title":"SRTX04693 - Barillet \u00e0 lamelles pour serrures batteuse - OMR Serrature","og_description":"Le barillet est le c\u0153ur de la serrure : il tient la cl\u00e9, lit son profil \u00e0 travers les lamelles d'acier et, une fois lib\u00e9r\u00e9, transmet le mouvement au syst\u00e8me de fermeture. Chez OMR, nous produisons des barillets en zamak de haute qualit\u00e9 et r\u00e9sistants \u00e0 l'usure, qui peuvent \u00eatre personnalis\u00e9s selon les dessins du client. Chaque composant est soumis \u00e0 un contr\u00f4le de qualit\u00e9 rigoureux afin de garantir la durabilit\u00e9, la pr\u00e9cision et la s\u00e9curit\u00e9 dans des applications telles que les casiers, les bo\u00eetes aux lettres, les portes et les syst\u00e8mes de fermeture industriels.","og_url":"https:\/\/www.omrserrature.it\/fr\/produit\/srtx04693\/","og_site_name":"OMR Serrature | Produzione sistemi di chiusura","article_publisher":"https:\/\/www.facebook.com\/OMRserrature","article_modified_time":"2026-04-08T09:12:56+00:00","og_image":[{"width":1000,"height":1000,"url":"https:\/\/www.omrserrature.it\/wp-content\/uploads\/2021\/05\/SRTX04693.jpg","type":"image\/jpeg"}],"twitter_card":"summary_large_image","twitter_misc":{"Dur\u00e9e de lecture estim\u00e9e":"2 minutes"},"schema":{"@context":"https:\/\/schema.org","@graph":[{"@type":"WebPage","@id":"https:\/\/www.omrserrature.it\/fr\/produit\/srtx04693\/","url":"https:\/\/www.omrserrature.it\/fr\/produit\/srtx04693\/","name":"SRTX04693 - Barillet \u00e0 lamelles pour serrures batteuse - OMR Serrature","isPartOf":{"@id":"https:\/\/www.omrserrature.it\/fr\/#website"},"primaryImageOfPage":{"@id":"https:\/\/www.omrserrature.it\/fr\/produit\/srtx04693\/#primaryimage"},"image":{"@id":"https:\/\/www.omrserrature.it\/fr\/produit\/srtx04693\/#primaryimage"},"thumbnailUrl":"https:\/\/www.omrserrature.it\/wp-content\/uploads\/2021\/05\/SRTX04693.jpg","datePublished":"2019-05-21T10:13:00+00:00","dateModified":"2026-04-08T09:12:56+00:00","breadcrumb":{"@id":"https:\/\/www.omrserrature.it\/fr\/produit\/srtx04693\/#breadcrumb"},"inLanguage":"fr-FR","potentialAction":[{"@type":"ReadAction","target":["https:\/\/www.omrserrature.it\/fr\/produit\/srtx04693\/"]}]},{"@type":"ImageObject","inLanguage":"fr-FR","@id":"https:\/\/www.omrserrature.it\/fr\/produit\/srtx04693\/#primaryimage","url":"https:\/\/www.omrserrature.it\/wp-content\/uploads\/2021\/05\/SRTX04693.jpg","contentUrl":"https:\/\/www.omrserrature.it\/wp-content\/uploads\/2021\/05\/SRTX04693.jpg","width":1000,"height":1000,"caption":"Serrures de rotor OMR - Code SRTX04693"},{"@type":"BreadcrumbList","@id":"https:\/\/www.omrserrature.it\/fr\/produit\/srtx04693\/#breadcrumb","itemListElement":[{"@type":"ListItem","position":1,"name":"Home","item":"https:\/\/www.omrserrature.it\/fr\/omr-serrures-et-systemes-de-verrouillage\/"},{"@type":"ListItem","position":2,"name":"Catalogue","item":"https:\/\/www.omrserrature.it\/catalogue\/?lang=fr"},{"@type":"ListItem","position":3,"name":"Produits","item":"https:\/\/www.omrserrature.it\/fr\/catalogue\/produits\/"},{"@type":"ListItem","position":4,"name":"Barillets","item":"https:\/\/www.omrserrature.it\/fr\/catalogue\/produits\/barillets\/"},{"@type":"ListItem","position":5,"name":"SRTX04693 &#8211; Barillet \u00e0 lamelles pour serrures batteuse"}]},{"@type":"WebSite","@id":"https:\/\/www.omrserrature.it\/fr\/#website","url":"https:\/\/www.omrserrature.it\/fr\/","name":"OMR Serrature | Produzione sistemi di chiusura","description":"Produzione serrature di sicurezza e sistemi di chiusura","publisher":{"@id":"https:\/\/www.omrserrature.it\/fr\/#organization"},"potentialAction":[{"@type":"SearchAction","target":{"@type":"EntryPoint","urlTemplate":"https:\/\/www.omrserrature.it\/fr\/?s={search_term_string}"},"query-input":{"@type":"PropertyValueSpecification","valueRequired":true,"valueName":"search_term_string"}}],"inLanguage":"fr-FR"},{"@type":"Organization","@id":"https:\/\/www.omrserrature.it\/fr\/#organization","name":"OMR Serrature | Produzione sistemi di chiusura","url":"https:\/\/www.omrserrature.it\/fr\/","logo":{"@type":"ImageObject","inLanguage":"fr-FR","@id":"https:\/\/www.omrserrature.it\/fr\/#\/schema\/logo\/image\/","url":"https:\/\/www.omrserrature.it\/wp-content\/uploads\/2017\/09\/favicon-omr-114.png","contentUrl":"https:\/\/www.omrserrature.it\/wp-content\/uploads\/2017\/09\/favicon-omr-114.png","width":114,"height":114,"caption":"OMR Serrature | Produzione sistemi di chiusura"},"image":{"@id":"https:\/\/www.omrserrature.it\/fr\/#\/schema\/logo\/image\/"},"sameAs":["https:\/\/www.facebook.com\/OMRserrature","https:\/\/www.linkedin.com\/company\/omrserrature\/","https:\/\/www.youtube.com\/channel\/UCxmA85z2R0EpG_6IRokiAkg"]}]}},"_links":{"self":[{"href":"https:\/\/www.omrserrature.it\/fr\/wp-json\/wp\/v2\/product\/26356","targetHints":{"allow":["GET"]}}],"collection":[{"href":"https:\/\/www.omrserrature.it\/fr\/wp-json\/wp\/v2\/product"}],"about":[{"href":"https:\/\/www.omrserrature.it\/fr\/wp-json\/wp\/v2\/types\/product"}],"replies":[{"embeddable":true,"href":"https:\/\/www.omrserrature.it\/fr\/wp-json\/wp\/v2\/comments?post=26356"}],"wp:featuredmedia":[{"embeddable":true,"href":"https:\/\/www.omrserrature.it\/fr\/wp-json\/wp\/v2\/media\/20176"}],"wp:attachment":[{"href":"https:\/\/www.omrserrature.it\/fr\/wp-json\/wp\/v2\/media?parent=26356"}],"wp:term":[{"taxonomy":"product_brand","embeddable":true,"href":"https:\/\/www.omrserrature.it\/fr\/wp-json\/wp\/v2\/product_brand?post=26356"},{"taxonomy":"product_cat","embeddable":true,"href":"https:\/\/www.omrserrature.it\/fr\/wp-json\/wp\/v2\/product_cat?post=26356"},{"taxonomy":"product_tag","embeddable":true,"href":"https:\/\/www.omrserrature.it\/fr\/wp-json\/wp\/v2\/product_tag?post=26356"}],"curies":[{"name":"wp","href":"https:\/\/api.w.org\/{rel}","templated":true}]}}