{"id":26351,"date":"2021-04-20T15:39:04","date_gmt":"2021-04-20T13:39:04","guid":{"rendered":"https:\/\/www.staging6.omrserrature.it\/prodotto\/cylindres-a-profil-europeen-demi-cylindre\/"},"modified":"2025-06-04T08:57:33","modified_gmt":"2025-06-04T06:57:33","slug":"cylindres-a-profil-europeen-demi-cylindre","status":"publish","type":"product","link":"https:\/\/www.omrserrature.it\/fr\/produit\/cylindres-a-profil-europeen-demi-cylindre\/","title":{"rendered":"Cylindres \u00e0 profil europ\u00e9en &#8211; demi-cylindre"},"content":{"rendered":"<p>Les <strong>cylindres de s\u00e9curit\u00e9 \u00e0 profil<\/strong> europ\u00e9en, caract\u00e9ris\u00e9s par un profil universel dit \u00ab\u00a0europ\u00e9en\u00a0\u00bb, se composent d&rsquo;un corps monobloc en laiton nickel\u00e9 au centre duquel tourne une <strong>came conforme \u00e0 la norme DIN<\/strong>, mue par un barillet \u00e0 14 goupilles dispos\u00e9es sur 3 rang\u00e9es (7 goupilles actives sous ressort + 7 goupilles passives) qui garantissent <strong>plus de 2 millions de combinaisons<\/strong>. Pour plus de s\u00e9curit\u00e9, le <strong>cylindre n&rsquo;est pas verrouill\u00e9 par friction<\/strong>, c&rsquo;est-\u00e0-dire que si une cl\u00e9 est ins\u00e9r\u00e9e dans le cliquet de l&rsquo;int\u00e9rieur, il ne peut pas \u00eatre ouvert de l&rsquo;autre c\u00f4t\u00e9. Il est \u00e9quip\u00e9 de 5 cl\u00e9s ma\u00eetresses (\u00e0 t\u00eate orange ou bleue) et de 2 cl\u00e9s ma\u00eetresses (\u00e0 t\u00eate noire). La particularit\u00e9 du cylindre est que les 7 cl\u00e9s sont actives et que les deux cl\u00e9s de chantier ne peuvent \u00eatre d\u00e9sactiv\u00e9es qu&rsquo;\u00e0 l&rsquo;aide d&rsquo;une cl\u00e9 sp\u00e9ciale.   <\/p>\n<p>Gr\u00e2ce au renforcement central et \u00e0 l&rsquo;affaiblissement sp\u00e9cial pr\u00e9d\u00e9coup\u00e9 pour la rupture pr\u00e9coce, une<strong>r\u00e9sistance \u00e9lev\u00e9e \u00e0 la d\u00e9chirure<\/strong> est garantie. Des goupilles sp\u00e9ciales en acier tremp\u00e9 \u00e0 l&rsquo;avant et \u00e0 l&rsquo;arri\u00e8re du cylindre offrent une<strong>grande r\u00e9sistance \u00e0 la perforation<\/strong>, tandis que des goupilles en acier et des ressorts antirouille offrent une<strong>grande r\u00e9sistance \u00e0 l&rsquo;usure et \u00e0 la corrosion<\/strong>. Les goupilles moul\u00e9es permettent \u00e9galement de <strong>contrer l&rsquo;ouverture par choc<\/strong>. Gr\u00e2ce \u00e0 sa longue plume, la cl\u00e9 \u00e0 pointe r\u00e9versible et command\u00e9e par ordinateur, peut \u00e9galement \u00eatre utilis\u00e9e en pr\u00e9sence de prot\u00e8ge-cylindres munis de tampons surdimensionn\u00e9s.   <\/p>\n","protected":false},"excerpt":{"rendered":"<p>Les <strong>cylindres de s\u00e9curit\u00e9 \u00e0 profil<\/strong> europ\u00e9en, caract\u00e9ris\u00e9s par un profil universel dit \u00ab europ\u00e9en \u00bb, se composent d&rsquo;un corps monobloc en laiton nickel\u00e9 au centre duquel tourne une <strong>came conforme \u00e0 la norme DIN<\/strong>, mue par un barillet \u00e0 14 goupilles dispos\u00e9es sur 3 rang\u00e9es (7 goupilles actives sous ressort + 7 goupilles passives) qui garantissent <strong>plus de 2 millions de combinaisons<\/strong>.<\/p>\n","protected":false},"featured_media":20610,"comment_status":"open","ping_status":"closed","template":"","meta":{"_acf_changed":false,"_et_pb_use_builder":"","_et_pb_old_content":"","_et_gb_content_width":""},"product_brand":[],"product_cat":[3660,3743],"product_tag":[],"class_list":{"0":"post-26351","1":"product","2":"type-product","3":"status-publish","4":"has-post-thumbnail","6":"product_cat-cylindres-a-profil-europeen","7":"product_cat-maisons-et-residences-privees","9":"first","10":"instock","11":"shipping-taxable","12":"product-type-simple"},"acf":{"pdf1":"https:\/\/www.omrserrature.it\/wp-content\/uploads\/2020\/04\/Mezzo-cilindro-profilo-europeo-chiave-chiave.pdf"},"yoast_head":"<!-- This site is optimized with the Yoast SEO plugin v27.2 - https:\/\/yoast.com\/product\/yoast-seo-wordpress\/ -->\n<title>Cylindres \u00e0 profil europ\u00e9en - demi-cylindre - OMR Serrature<\/title>\n<meta name=\"robots\" content=\"index, follow, max-snippet:-1, max-image-preview:large, max-video-preview:-1\" \/>\n<link rel=\"canonical\" href=\"https:\/\/www.omrserrature.it\/fr\/produit\/cylindres-a-profil-europeen-demi-cylindre\/\" \/>\n<meta property=\"og:locale\" content=\"fr_FR\" \/>\n<meta property=\"og:type\" content=\"article\" \/>\n<meta property=\"og:title\" content=\"Cylindres \u00e0 profil europ\u00e9en - demi-cylindre - OMR Serrature\" \/>\n<meta property=\"og:description\" content=\"Les cylindres de s\u00e9curit\u00e9 \u00e0 profil europ\u00e9en, caract\u00e9ris\u00e9s par un profil universel dit \u00ab europ\u00e9en \u00bb, se composent d&#039;un corps monobloc en laiton nickel\u00e9 au centre duquel tourne une came conforme \u00e0 la norme DIN, mue par un barillet \u00e0 14 goupilles dispos\u00e9es sur 3 rang\u00e9es (7 goupilles actives sous ressort + 7 goupilles passives) qui garantissent plus de 2 millions de combinaisons.\" \/>\n<meta property=\"og:url\" content=\"https:\/\/www.omrserrature.it\/fr\/produit\/cylindres-a-profil-europeen-demi-cylindre\/\" \/>\n<meta property=\"og:site_name\" content=\"OMR Serrature | Produzione sistemi di chiusura\" \/>\n<meta property=\"article:publisher\" content=\"https:\/\/www.facebook.com\/OMRserrature\" \/>\n<meta property=\"article:modified_time\" content=\"2025-06-04T06:57:33+00:00\" \/>\n<meta property=\"og:image\" content=\"https:\/\/www.omrserrature.it\/wp-content\/uploads\/2021\/04\/cilindro-profilo-europeo-mezzo-cilindro.jpg\" \/>\n\t<meta property=\"og:image:width\" content=\"1000\" \/>\n\t<meta property=\"og:image:height\" content=\"1000\" \/>\n\t<meta property=\"og:image:type\" content=\"image\/jpeg\" \/>\n<meta name=\"twitter:card\" content=\"summary_large_image\" \/>\n<meta name=\"twitter:label1\" content=\"Dur\u00e9e de lecture estim\u00e9e\" \/>\n\t<meta name=\"twitter:data1\" content=\"1 minute\" \/>\n<script type=\"application\/ld+json\" class=\"yoast-schema-graph\">{\"@context\":\"https:\/\/schema.org\",\"@graph\":[{\"@type\":\"WebPage\",\"@id\":\"https:\/\/www.omrserrature.it\/fr\/produit\/cylindres-a-profil-europeen-demi-cylindre\/\",\"url\":\"https:\/\/www.omrserrature.it\/fr\/produit\/cylindres-a-profil-europeen-demi-cylindre\/\",\"name\":\"Cylindres \u00e0 profil europ\u00e9en - demi-cylindre - OMR Serrature\",\"isPartOf\":{\"@id\":\"https:\/\/www.omrserrature.it\/fr\/#website\"},\"primaryImageOfPage\":{\"@id\":\"https:\/\/www.omrserrature.it\/fr\/produit\/cylindres-a-profil-europeen-demi-cylindre\/#primaryimage\"},\"image\":{\"@id\":\"https:\/\/www.omrserrature.it\/fr\/produit\/cylindres-a-profil-europeen-demi-cylindre\/#primaryimage\"},\"thumbnailUrl\":\"https:\/\/www.omrserrature.it\/wp-content\/uploads\/2021\/04\/cilindro-profilo-europeo-mezzo-cilindro.jpg\",\"datePublished\":\"2021-04-20T13:39:04+00:00\",\"dateModified\":\"2025-06-04T06:57:33+00:00\",\"breadcrumb\":{\"@id\":\"https:\/\/www.omrserrature.it\/fr\/produit\/cylindres-a-profil-europeen-demi-cylindre\/#breadcrumb\"},\"inLanguage\":\"fr-FR\",\"potentialAction\":[{\"@type\":\"ReadAction\",\"target\":[\"https:\/\/www.omrserrature.it\/fr\/produit\/cylindres-a-profil-europeen-demi-cylindre\/\"]}]},{\"@type\":\"ImageObject\",\"inLanguage\":\"fr-FR\",\"@id\":\"https:\/\/www.omrserrature.it\/fr\/produit\/cylindres-a-profil-europeen-demi-cylindre\/#primaryimage\",\"url\":\"https:\/\/www.omrserrature.it\/wp-content\/uploads\/2021\/04\/cilindro-profilo-europeo-mezzo-cilindro.jpg\",\"contentUrl\":\"https:\/\/www.omrserrature.it\/wp-content\/uploads\/2021\/04\/cilindro-profilo-europeo-mezzo-cilindro.jpg\",\"width\":1000,\"height\":1000,\"caption\":\"Cilindro a profilo europeo - mezzo cilindro\"},{\"@type\":\"BreadcrumbList\",\"@id\":\"https:\/\/www.omrserrature.it\/fr\/produit\/cylindres-a-profil-europeen-demi-cylindre\/#breadcrumb\",\"itemListElement\":[{\"@type\":\"ListItem\",\"position\":1,\"name\":\"Home\",\"item\":\"https:\/\/www.omrserrature.it\/fr\/omr-serrures-et-systemes-de-verrouillage\/\"},{\"@type\":\"ListItem\",\"position\":2,\"name\":\"Catalogue\",\"item\":\"https:\/\/www.omrserrature.it\/catalogue\/?lang=fr\"},{\"@type\":\"ListItem\",\"position\":3,\"name\":\"Produits\",\"item\":\"https:\/\/www.omrserrature.it\/fr\/catalogue\/produits\/\"},{\"@type\":\"ListItem\",\"position\":4,\"name\":\"Cylindres \u00e0 profil europ\u00e9en\",\"item\":\"https:\/\/www.omrserrature.it\/fr\/catalogue\/produits\/cylindres-a-profil-europeen\/\"},{\"@type\":\"ListItem\",\"position\":5,\"name\":\"Cylindres \u00e0 profil europ\u00e9en demi-cylindre\"}]},{\"@type\":\"WebSite\",\"@id\":\"https:\/\/www.omrserrature.it\/fr\/#website\",\"url\":\"https:\/\/www.omrserrature.it\/fr\/\",\"name\":\"OMR Serrature | Produzione sistemi di chiusura\",\"description\":\"Produzione serrature di sicurezza e sistemi di chiusura\",\"publisher\":{\"@id\":\"https:\/\/www.omrserrature.it\/fr\/#organization\"},\"potentialAction\":[{\"@type\":\"SearchAction\",\"target\":{\"@type\":\"EntryPoint\",\"urlTemplate\":\"https:\/\/www.omrserrature.it\/fr\/?s={search_term_string}\"},\"query-input\":{\"@type\":\"PropertyValueSpecification\",\"valueRequired\":true,\"valueName\":\"search_term_string\"}}],\"inLanguage\":\"fr-FR\"},{\"@type\":\"Organization\",\"@id\":\"https:\/\/www.omrserrature.it\/fr\/#organization\",\"name\":\"OMR Serrature | Produzione sistemi di chiusura\",\"url\":\"https:\/\/www.omrserrature.it\/fr\/\",\"logo\":{\"@type\":\"ImageObject\",\"inLanguage\":\"fr-FR\",\"@id\":\"https:\/\/www.omrserrature.it\/fr\/#\/schema\/logo\/image\/\",\"url\":\"https:\/\/www.omrserrature.it\/wp-content\/uploads\/2017\/09\/favicon-omr-114.png\",\"contentUrl\":\"https:\/\/www.omrserrature.it\/wp-content\/uploads\/2017\/09\/favicon-omr-114.png\",\"width\":114,\"height\":114,\"caption\":\"OMR Serrature | Produzione sistemi di chiusura\"},\"image\":{\"@id\":\"https:\/\/www.omrserrature.it\/fr\/#\/schema\/logo\/image\/\"},\"sameAs\":[\"https:\/\/www.facebook.com\/OMRserrature\",\"https:\/\/www.linkedin.com\/company\/omrserrature\/\",\"https:\/\/www.youtube.com\/channel\/UCxmA85z2R0EpG_6IRokiAkg\"]}]}<\/script>\n<!-- \/ Yoast SEO plugin. -->","yoast_head_json":{"title":"Cylindres \u00e0 profil europ\u00e9en - demi-cylindre - OMR Serrature","robots":{"index":"index","follow":"follow","max-snippet":"max-snippet:-1","max-image-preview":"max-image-preview:large","max-video-preview":"max-video-preview:-1"},"canonical":"https:\/\/www.omrserrature.it\/fr\/produit\/cylindres-a-profil-europeen-demi-cylindre\/","og_locale":"fr_FR","og_type":"article","og_title":"Cylindres \u00e0 profil europ\u00e9en - demi-cylindre - OMR Serrature","og_description":"Les cylindres de s\u00e9curit\u00e9 \u00e0 profil europ\u00e9en, caract\u00e9ris\u00e9s par un profil universel dit \u00ab europ\u00e9en \u00bb, se composent d'un corps monobloc en laiton nickel\u00e9 au centre duquel tourne une came conforme \u00e0 la norme DIN, mue par un barillet \u00e0 14 goupilles dispos\u00e9es sur 3 rang\u00e9es (7 goupilles actives sous ressort + 7 goupilles passives) qui garantissent plus de 2 millions de combinaisons.","og_url":"https:\/\/www.omrserrature.it\/fr\/produit\/cylindres-a-profil-europeen-demi-cylindre\/","og_site_name":"OMR Serrature | Produzione sistemi di chiusura","article_publisher":"https:\/\/www.facebook.com\/OMRserrature","article_modified_time":"2025-06-04T06:57:33+00:00","og_image":[{"width":1000,"height":1000,"url":"https:\/\/www.omrserrature.it\/wp-content\/uploads\/2021\/04\/cilindro-profilo-europeo-mezzo-cilindro.jpg","type":"image\/jpeg"}],"twitter_card":"summary_large_image","twitter_misc":{"Dur\u00e9e de lecture estim\u00e9e":"1 minute"},"schema":{"@context":"https:\/\/schema.org","@graph":[{"@type":"WebPage","@id":"https:\/\/www.omrserrature.it\/fr\/produit\/cylindres-a-profil-europeen-demi-cylindre\/","url":"https:\/\/www.omrserrature.it\/fr\/produit\/cylindres-a-profil-europeen-demi-cylindre\/","name":"Cylindres \u00e0 profil europ\u00e9en - demi-cylindre - OMR Serrature","isPartOf":{"@id":"https:\/\/www.omrserrature.it\/fr\/#website"},"primaryImageOfPage":{"@id":"https:\/\/www.omrserrature.it\/fr\/produit\/cylindres-a-profil-europeen-demi-cylindre\/#primaryimage"},"image":{"@id":"https:\/\/www.omrserrature.it\/fr\/produit\/cylindres-a-profil-europeen-demi-cylindre\/#primaryimage"},"thumbnailUrl":"https:\/\/www.omrserrature.it\/wp-content\/uploads\/2021\/04\/cilindro-profilo-europeo-mezzo-cilindro.jpg","datePublished":"2021-04-20T13:39:04+00:00","dateModified":"2025-06-04T06:57:33+00:00","breadcrumb":{"@id":"https:\/\/www.omrserrature.it\/fr\/produit\/cylindres-a-profil-europeen-demi-cylindre\/#breadcrumb"},"inLanguage":"fr-FR","potentialAction":[{"@type":"ReadAction","target":["https:\/\/www.omrserrature.it\/fr\/produit\/cylindres-a-profil-europeen-demi-cylindre\/"]}]},{"@type":"ImageObject","inLanguage":"fr-FR","@id":"https:\/\/www.omrserrature.it\/fr\/produit\/cylindres-a-profil-europeen-demi-cylindre\/#primaryimage","url":"https:\/\/www.omrserrature.it\/wp-content\/uploads\/2021\/04\/cilindro-profilo-europeo-mezzo-cilindro.jpg","contentUrl":"https:\/\/www.omrserrature.it\/wp-content\/uploads\/2021\/04\/cilindro-profilo-europeo-mezzo-cilindro.jpg","width":1000,"height":1000,"caption":"Cilindro a profilo europeo - mezzo cilindro"},{"@type":"BreadcrumbList","@id":"https:\/\/www.omrserrature.it\/fr\/produit\/cylindres-a-profil-europeen-demi-cylindre\/#breadcrumb","itemListElement":[{"@type":"ListItem","position":1,"name":"Home","item":"https:\/\/www.omrserrature.it\/fr\/omr-serrures-et-systemes-de-verrouillage\/"},{"@type":"ListItem","position":2,"name":"Catalogue","item":"https:\/\/www.omrserrature.it\/catalogue\/?lang=fr"},{"@type":"ListItem","position":3,"name":"Produits","item":"https:\/\/www.omrserrature.it\/fr\/catalogue\/produits\/"},{"@type":"ListItem","position":4,"name":"Cylindres \u00e0 profil europ\u00e9en","item":"https:\/\/www.omrserrature.it\/fr\/catalogue\/produits\/cylindres-a-profil-europeen\/"},{"@type":"ListItem","position":5,"name":"Cylindres \u00e0 profil europ\u00e9en demi-cylindre"}]},{"@type":"WebSite","@id":"https:\/\/www.omrserrature.it\/fr\/#website","url":"https:\/\/www.omrserrature.it\/fr\/","name":"OMR Serrature | Produzione sistemi di chiusura","description":"Produzione serrature di sicurezza e sistemi di chiusura","publisher":{"@id":"https:\/\/www.omrserrature.it\/fr\/#organization"},"potentialAction":[{"@type":"SearchAction","target":{"@type":"EntryPoint","urlTemplate":"https:\/\/www.omrserrature.it\/fr\/?s={search_term_string}"},"query-input":{"@type":"PropertyValueSpecification","valueRequired":true,"valueName":"search_term_string"}}],"inLanguage":"fr-FR"},{"@type":"Organization","@id":"https:\/\/www.omrserrature.it\/fr\/#organization","name":"OMR Serrature | Produzione sistemi di chiusura","url":"https:\/\/www.omrserrature.it\/fr\/","logo":{"@type":"ImageObject","inLanguage":"fr-FR","@id":"https:\/\/www.omrserrature.it\/fr\/#\/schema\/logo\/image\/","url":"https:\/\/www.omrserrature.it\/wp-content\/uploads\/2017\/09\/favicon-omr-114.png","contentUrl":"https:\/\/www.omrserrature.it\/wp-content\/uploads\/2017\/09\/favicon-omr-114.png","width":114,"height":114,"caption":"OMR Serrature | Produzione sistemi di chiusura"},"image":{"@id":"https:\/\/www.omrserrature.it\/fr\/#\/schema\/logo\/image\/"},"sameAs":["https:\/\/www.facebook.com\/OMRserrature","https:\/\/www.linkedin.com\/company\/omrserrature\/","https:\/\/www.youtube.com\/channel\/UCxmA85z2R0EpG_6IRokiAkg"]}]}},"_links":{"self":[{"href":"https:\/\/www.omrserrature.it\/fr\/wp-json\/wp\/v2\/product\/26351","targetHints":{"allow":["GET"]}}],"collection":[{"href":"https:\/\/www.omrserrature.it\/fr\/wp-json\/wp\/v2\/product"}],"about":[{"href":"https:\/\/www.omrserrature.it\/fr\/wp-json\/wp\/v2\/types\/product"}],"replies":[{"embeddable":true,"href":"https:\/\/www.omrserrature.it\/fr\/wp-json\/wp\/v2\/comments?post=26351"}],"wp:featuredmedia":[{"embeddable":true,"href":"https:\/\/www.omrserrature.it\/fr\/wp-json\/wp\/v2\/media\/20610"}],"wp:attachment":[{"href":"https:\/\/www.omrserrature.it\/fr\/wp-json\/wp\/v2\/media?parent=26351"}],"wp:term":[{"taxonomy":"product_brand","embeddable":true,"href":"https:\/\/www.omrserrature.it\/fr\/wp-json\/wp\/v2\/product_brand?post=26351"},{"taxonomy":"product_cat","embeddable":true,"href":"https:\/\/www.omrserrature.it\/fr\/wp-json\/wp\/v2\/product_cat?post=26351"},{"taxonomy":"product_tag","embeddable":true,"href":"https:\/\/www.omrserrature.it\/fr\/wp-json\/wp\/v2\/product_tag?post=26351"}],"curies":[{"name":"wp","href":"https:\/\/api.w.org\/{rel}","templated":true}]}}