{"id":26329,"date":"2021-05-18T15:22:45","date_gmt":"2021-05-18T13:22:45","guid":{"rendered":"https:\/\/www.staging6.omrserrature.it\/prodotto\/cylindres-a-profil-europeen-condor-key-key-partageable\/"},"modified":"2025-06-04T08:57:36","modified_gmt":"2025-06-04T06:57:36","slug":"cylindres-a-profil-europeen-condor-key-key-partageable","status":"publish","type":"product","link":"https:\/\/www.omrserrature.it\/fr\/produit\/cylindres-a-profil-europeen-condor-key-key-partageable\/","title":{"rendered":"Cylindres \u00e0 profil europ\u00e9en CONDOR Key-Key partageable"},"content":{"rendered":"<p>Le <strong>cylindre de rasage CONDOR \u00e0 code cl\u00e9 et \u00e0 profil europ\u00e9en<\/strong> est con\u00e7u pour r\u00e9pondre aux exigences les plus \u00e9lev\u00e9es en termes de s\u00e9curit\u00e9, de flexibilit\u00e9 et de fiabilit\u00e9. Ce produit combine une technologie innovante et une qualit\u00e9 de fabrication irr\u00e9prochable, offrant une solution id\u00e9ale pour les habitations, les bureaux et les environnements industriels. Gr\u00e2ce \u00e0 sa structure modulaire et aux nombreuses configurations disponibles, il s&rsquo;adapte \u00e0 tous les besoins, garantissant des performances optimales et une installation polyvalente.  <\/p>\n<h4>M\u00e9canisme de pointe pour une protection totale<\/h4>\n<p>Le cylindre CONDOR int\u00e8gre un m\u00e9canisme complexe et sophistiqu\u00e9 con\u00e7u pour contrer les techniques d&rsquo;effraction les plus avanc\u00e9es. Chaque composant est optimis\u00e9 pour offrir une s\u00e9curit\u00e9 in\u00e9gal\u00e9e, gr\u00e2ce \u00e0 des solutions d&rsquo;ing\u00e9nierie de haut niveau. <\/p>\n<ul>\n<li><strong>5 goupilles principales actives<\/strong>, dont la premi\u00e8re en acier tremp\u00e9, garantissent la r\u00e9sistance aux manipulations et aux tentatives d&rsquo;effraction.<\/li>\n<li><strong>5 contre-pointes moul\u00e9es anti-picking<\/strong>, dont la premi\u00e8re est \u00e9galement en acier tremp\u00e9, offrent une protection sup\u00e9rieure contre les tentatives d&rsquo;ouverture non autoris\u00e9es.<\/li>\n<li>Les <strong>goupilles actives sur la voie (serpent)<\/strong>, avec faux acc\u00e8s, con\u00e7ues pour contrer les chocs et le crochetage, offrent un niveau de protection avanc\u00e9.<\/li>\n<li><strong>2 broches passives \u00e0 5 positions<\/strong>, qui augmentent la complexit\u00e9 du syst\u00e8me pour emp\u00eacher toute tentative de contournement.<\/li>\n<\/ul>\n<p>Ces \u00e9l\u00e9ments travaillent en synergie pour assurer une fiabilit\u00e9 maximale dans toutes les conditions d&rsquo;utilisation, ce qui fait du cylindre CONDOR \u00e0 profil europ\u00e9en un excellent choix pour ceux qui recherchent une protection maximale.<\/p>\n<h4>S\u00e9curit\u00e9 sans compromis : mat\u00e9riaux et technologies brevet\u00e9s<\/h4>\n<p>Chaque d\u00e9tail du cylindre CONDOR est con\u00e7u pour une s\u00e9curit\u00e9 maximale. La cl\u00e9, en <strong>argent neuf brevet\u00e9 jusqu&rsquo;en 2040<\/strong>, garantit non seulement une longue dur\u00e9e de vie, mais prot\u00e8ge \u00e9galement contre les reproductions non autoris\u00e9es. Gr\u00e2ce \u00e0 ses caract\u00e9ristiques techniques, le cylindre r\u00e9siste aux tentatives d&rsquo;extraction et de per\u00e7age les plus agressives.  <\/p>\n<ul>\n<li><strong>Plus de 7,5 millions de combinaisons<\/strong>, pour un niveau in\u00e9gal\u00e9 d&rsquo;unicit\u00e9 et de protection.<\/li>\n<li><strong>Plaque anti-Panneaux en Puma Steel\u00ae<\/strong>, un acier au carbone sp\u00e9cial qui suit le profil de la cl\u00e9 pour contrer toute tentative d&rsquo;extraction forc\u00e9e.<\/li>\n<li><strong>Bielle avec goupilles anti-per\u00e7age<\/strong> et came en acier inoxydable, con\u00e7ue pour r\u00e9sister aux attaques les plus extr\u00eames.<\/li>\n<li><strong>Des pr\u00e9-coupes d&rsquo;affaiblissement pour l&rsquo;effraction pr\u00e9coce<\/strong>, qui prot\u00e8gent la serrure en cas d&rsquo;effraction.<\/li>\n<\/ul>\n<p>Ces caract\u00e9ristiques, ainsi que les panneaux anti-per\u00e7age \u00e0 l&rsquo;avant et \u00e0 l&rsquo;arri\u00e8re, font de ce cylindre \u00e0 profil europ\u00e9en un rempart contre toute tentative de piratage.<\/p>\n<h4>Enti\u00e8rement \u00e9quip\u00e9 pour une installation polyvalente<\/h4>\n<p>Le cylindre CONDOR est enti\u00e8rement \u00e9quip\u00e9 pour une utilisation facile et s\u00fbre. Chaque \u00e9l\u00e9ment est con\u00e7u pour offrir la commodit\u00e9 et le contr\u00f4le total du syst\u00e8me de Serrure. <\/p>\n<ul>\n<li>Les <strong>3 cl\u00e9s principales<\/strong>, fabriqu\u00e9es dans un mat\u00e9riau durable, offrent une prise en main confortable et s\u00fbre.<\/li>\n<li><strong>Vis de fixation<\/strong>, pour une compatibilit\u00e9 parfaite avec la porte.<\/li>\n<li><strong>Carte propri\u00e9taire<\/strong>, qui assure une duplication s\u00e9curis\u00e9e des cl\u00e9s tout en maintenant un contr\u00f4le total sur la s\u00e9curit\u00e9 du syst\u00e8me.<\/li>\n<\/ul>\n<p>Gr\u00e2ce \u00e0 sa conception <strong>modulaire extensible jusqu&rsquo;\u00e0 182 + 182 mm<\/strong>, ce cylindre peut s&rsquo;adapter \u00e0 une large gamme de portes, offrant ainsi une flexibilit\u00e9 in\u00e9gal\u00e9e pour une utilisation r\u00e9sidentielle ou professionnelle.<\/p>\n<h4>Personnalisation esth\u00e9tique et configurations disponibles<\/h4>\n<p>Le cylindre \u00e0 profil europ\u00e9en CONDOR se distingue \u00e9galement par sa personnalisation, offrant un choix de finitions \u00e9l\u00e9gantes et de configurations techniques diff\u00e9rentes pour r\u00e9pondre \u00e0 tous les besoins :<\/p>\n<ul>\n<li>Finitions disponibles : <strong>nickel\u00e9<\/strong>, <strong>dor\u00e9<\/strong> et <strong>noir<\/strong>, pour une harmonie parfaite avec le style de la porte.<\/li>\n<li>Configurations :\n<ul>\n<li><strong>KD<\/strong> (cl\u00e9s diff\u00e9rentes)<\/li>\n<li><strong>KA<\/strong> (cl\u00e9s identiques)<\/li>\n<li><strong>MK<\/strong> (syst\u00e8me de cl\u00e9 principale \u00e0 plusieurs niveaux)<\/li>\n<\/ul>\n<\/li>\n<\/ul>\n<p>En outre, il est possible d&rsquo;int\u00e9grer des cames alternatives telles que la <strong>couronne \u00e0 10 dents<\/strong>, la <strong>came r\u00e9duite<\/strong> et le <strong>DIN r\u00e9glable<\/strong>, ce qui rend ce cylindre extr\u00eamement polyvalent.<\/p>\n<h4>Un produit garanti et distribu\u00e9 par OMR srl<\/h4>\n<p>Con\u00e7u par M&amp;C et distribu\u00e9 en Italie par <strong>OMR Srl<\/strong>, le cylindre CONDOR est synonyme de qualit\u00e9, d&rsquo;innovation et de s\u00e9curit\u00e9. Pour optimiser l&rsquo;installation, nous vous conseillons d&rsquo;utiliser des prot\u00e8ge-cylindres avec des tampons anti-per\u00e7age de 4,5 mm. Le <strong>cylindre \u00e0 profil europ\u00e9en CONDOR<\/strong> est une solution con\u00e7ue pour ceux qui ne veulent pas faire de compromis sur la s\u00e9curit\u00e9, en combinant des performances exceptionnelles, une conception modulaire et une personnalisation esth\u00e9tique. Choisissez-le pour des portes toujours prot\u00e9g\u00e9es et r\u00e9pondant aux normes de s\u00e9curit\u00e9 les plus \u00e9lev\u00e9es !  <\/p>\n","protected":false},"excerpt":{"rendered":"<p>Le <strong>cylindre de rasage CONDOR \u00e0 code cl\u00e9 et \u00e0 profil europ\u00e9en<\/strong> est con\u00e7u pour r\u00e9pondre aux exigences les plus \u00e9lev\u00e9es en termes de s\u00e9curit\u00e9, de flexibilit\u00e9 et de fiabilit\u00e9. Ce produit combine une technologie innovante et une excellente qualit\u00e9 de fabrication, offrant une solution id\u00e9ale pour les habitations, les bureaux et les environnements industriels. <strong>  Cette version est con\u00e7ue pour installer la Cl\u00e9 fixe \u00e0 l&rsquo;int\u00e9rieur.<\/strong><\/p>\n","protected":false},"featured_media":19685,"comment_status":"open","ping_status":"closed","template":"","meta":{"_acf_changed":false,"_et_pb_use_builder":"","_et_pb_old_content":"","_et_gb_content_width":""},"product_brand":[],"product_cat":[3660],"product_tag":[],"class_list":{"0":"post-26329","1":"product","2":"type-product","3":"status-publish","4":"has-post-thumbnail","6":"product_cat-cylindres-a-profil-europeen","8":"first","9":"instock","10":"shipping-taxable","11":"product-type-simple"},"acf":{"pdf1":false},"yoast_head":"<!-- This site is optimized with the Yoast SEO plugin v27.2 - https:\/\/yoast.com\/product\/yoast-seo-wordpress\/ -->\n<title>Cylindres \u00e0 profil europ\u00e9en CONDOR Key-Key partageable - OMR Serrature<\/title>\n<meta name=\"robots\" content=\"index, follow, max-snippet:-1, max-image-preview:large, max-video-preview:-1\" \/>\n<link rel=\"canonical\" href=\"https:\/\/www.omrserrature.it\/fr\/produit\/cylindres-a-profil-europeen-condor-key-key-partageable\/\" \/>\n<meta property=\"og:locale\" content=\"fr_FR\" \/>\n<meta property=\"og:type\" content=\"article\" \/>\n<meta property=\"og:title\" content=\"Cylindres \u00e0 profil europ\u00e9en CONDOR Key-Key partageable - OMR Serrature\" \/>\n<meta property=\"og:description\" content=\"Le cylindre de rasage CONDOR \u00e0 code cl\u00e9 et \u00e0 profil europ\u00e9en est con\u00e7u pour r\u00e9pondre aux exigences les plus \u00e9lev\u00e9es en termes de s\u00e9curit\u00e9, de flexibilit\u00e9 et de fiabilit\u00e9. Ce produit combine une technologie innovante et une excellente qualit\u00e9 de fabrication, offrant une solution id\u00e9ale pour les habitations, les bureaux et les environnements industriels.  Cette version est con\u00e7ue pour installer la Cl\u00e9 fixe \u00e0 l&#039;int\u00e9rieur.\" \/>\n<meta property=\"og:url\" content=\"https:\/\/www.omrserrature.it\/fr\/produit\/cylindres-a-profil-europeen-condor-key-key-partageable\/\" \/>\n<meta property=\"og:site_name\" content=\"OMR Serrature | Produzione sistemi di chiusura\" \/>\n<meta property=\"article:publisher\" content=\"https:\/\/www.facebook.com\/OMRserrature\" \/>\n<meta property=\"article:modified_time\" content=\"2025-06-04T06:57:36+00:00\" \/>\n<meta property=\"og:image\" content=\"https:\/\/www.omrserrature.it\/wp-content\/uploads\/2021\/05\/condor-codolo.jpg\" \/>\n\t<meta property=\"og:image:width\" content=\"1000\" \/>\n\t<meta property=\"og:image:height\" content=\"1000\" \/>\n\t<meta property=\"og:image:type\" content=\"image\/jpeg\" \/>\n<meta name=\"twitter:card\" content=\"summary_large_image\" \/>\n<meta name=\"twitter:label1\" content=\"Dur\u00e9e de lecture estim\u00e9e\" \/>\n\t<meta name=\"twitter:data1\" content=\"4 minutes\" \/>\n<script type=\"application\/ld+json\" class=\"yoast-schema-graph\">{\"@context\":\"https:\/\/schema.org\",\"@graph\":[{\"@type\":\"WebPage\",\"@id\":\"https:\/\/www.omrserrature.it\/fr\/produit\/cylindres-a-profil-europeen-condor-key-key-partageable\/\",\"url\":\"https:\/\/www.omrserrature.it\/fr\/produit\/cylindres-a-profil-europeen-condor-key-key-partageable\/\",\"name\":\"Cylindres \u00e0 profil europ\u00e9en CONDOR Key-Key partageable - OMR Serrature\",\"isPartOf\":{\"@id\":\"https:\/\/www.omrserrature.it\/fr\/#website\"},\"primaryImageOfPage\":{\"@id\":\"https:\/\/www.omrserrature.it\/fr\/produit\/cylindres-a-profil-europeen-condor-key-key-partageable\/#primaryimage\"},\"image\":{\"@id\":\"https:\/\/www.omrserrature.it\/fr\/produit\/cylindres-a-profil-europeen-condor-key-key-partageable\/#primaryimage\"},\"thumbnailUrl\":\"https:\/\/www.omrserrature.it\/wp-content\/uploads\/2021\/05\/condor-codolo.jpg\",\"datePublished\":\"2021-05-18T13:22:45+00:00\",\"dateModified\":\"2025-06-04T06:57:36+00:00\",\"breadcrumb\":{\"@id\":\"https:\/\/www.omrserrature.it\/fr\/produit\/cylindres-a-profil-europeen-condor-key-key-partageable\/#breadcrumb\"},\"inLanguage\":\"fr-FR\",\"potentialAction\":[{\"@type\":\"ReadAction\",\"target\":[\"https:\/\/www.omrserrature.it\/fr\/produit\/cylindres-a-profil-europeen-condor-key-key-partageable\/\"]}]},{\"@type\":\"ImageObject\",\"inLanguage\":\"fr-FR\",\"@id\":\"https:\/\/www.omrserrature.it\/fr\/produit\/cylindres-a-profil-europeen-condor-key-key-partageable\/#primaryimage\",\"url\":\"https:\/\/www.omrserrature.it\/wp-content\/uploads\/2021\/05\/condor-codolo.jpg\",\"contentUrl\":\"https:\/\/www.omrserrature.it\/wp-content\/uploads\/2021\/05\/condor-codolo.jpg\",\"width\":1549,\"height\":1839,\"caption\":\"Cilindro europeo ad alta sicurezza CONDOR con codolo\"},{\"@type\":\"BreadcrumbList\",\"@id\":\"https:\/\/www.omrserrature.it\/fr\/produit\/cylindres-a-profil-europeen-condor-key-key-partageable\/#breadcrumb\",\"itemListElement\":[{\"@type\":\"ListItem\",\"position\":1,\"name\":\"Home\",\"item\":\"https:\/\/www.omrserrature.it\/fr\/omr-serrures-et-systemes-de-verrouillage\/\"},{\"@type\":\"ListItem\",\"position\":2,\"name\":\"Catalogue\",\"item\":\"https:\/\/www.omrserrature.it\/catalogue\/?lang=fr\"},{\"@type\":\"ListItem\",\"position\":3,\"name\":\"Produits\",\"item\":\"https:\/\/www.omrserrature.it\/fr\/catalogue\/produits\/\"},{\"@type\":\"ListItem\",\"position\":4,\"name\":\"Serrures\",\"item\":\"https:\/\/www.omrserrature.it\/fr\/catalogue\/produits\/serrures\/\"},{\"@type\":\"ListItem\",\"position\":5,\"name\":\"Cylindres \u00e0 profil europ\u00e9en CONDOR Key-Key partageable\"}]},{\"@type\":\"WebSite\",\"@id\":\"https:\/\/www.omrserrature.it\/fr\/#website\",\"url\":\"https:\/\/www.omrserrature.it\/fr\/\",\"name\":\"OMR Serrature | Produzione sistemi di chiusura\",\"description\":\"Produzione serrature di sicurezza e sistemi di chiusura\",\"publisher\":{\"@id\":\"https:\/\/www.omrserrature.it\/fr\/#organization\"},\"potentialAction\":[{\"@type\":\"SearchAction\",\"target\":{\"@type\":\"EntryPoint\",\"urlTemplate\":\"https:\/\/www.omrserrature.it\/fr\/?s={search_term_string}\"},\"query-input\":{\"@type\":\"PropertyValueSpecification\",\"valueRequired\":true,\"valueName\":\"search_term_string\"}}],\"inLanguage\":\"fr-FR\"},{\"@type\":\"Organization\",\"@id\":\"https:\/\/www.omrserrature.it\/fr\/#organization\",\"name\":\"OMR Serrature | Produzione sistemi di chiusura\",\"url\":\"https:\/\/www.omrserrature.it\/fr\/\",\"logo\":{\"@type\":\"ImageObject\",\"inLanguage\":\"fr-FR\",\"@id\":\"https:\/\/www.omrserrature.it\/fr\/#\/schema\/logo\/image\/\",\"url\":\"https:\/\/www.omrserrature.it\/wp-content\/uploads\/2017\/09\/favicon-omr-114.png\",\"contentUrl\":\"https:\/\/www.omrserrature.it\/wp-content\/uploads\/2017\/09\/favicon-omr-114.png\",\"width\":114,\"height\":114,\"caption\":\"OMR Serrature | Produzione sistemi di chiusura\"},\"image\":{\"@id\":\"https:\/\/www.omrserrature.it\/fr\/#\/schema\/logo\/image\/\"},\"sameAs\":[\"https:\/\/www.facebook.com\/OMRserrature\",\"https:\/\/www.linkedin.com\/company\/omrserrature\/\",\"https:\/\/www.youtube.com\/channel\/UCxmA85z2R0EpG_6IRokiAkg\"]}]}<\/script>\n<!-- \/ Yoast SEO plugin. -->","yoast_head_json":{"title":"Cylindres \u00e0 profil europ\u00e9en CONDOR Key-Key partageable - OMR Serrature","robots":{"index":"index","follow":"follow","max-snippet":"max-snippet:-1","max-image-preview":"max-image-preview:large","max-video-preview":"max-video-preview:-1"},"canonical":"https:\/\/www.omrserrature.it\/fr\/produit\/cylindres-a-profil-europeen-condor-key-key-partageable\/","og_locale":"fr_FR","og_type":"article","og_title":"Cylindres \u00e0 profil europ\u00e9en CONDOR Key-Key partageable - OMR Serrature","og_description":"Le cylindre de rasage CONDOR \u00e0 code cl\u00e9 et \u00e0 profil europ\u00e9en est con\u00e7u pour r\u00e9pondre aux exigences les plus \u00e9lev\u00e9es en termes de s\u00e9curit\u00e9, de flexibilit\u00e9 et de fiabilit\u00e9. Ce produit combine une technologie innovante et une excellente qualit\u00e9 de fabrication, offrant une solution id\u00e9ale pour les habitations, les bureaux et les environnements industriels.  Cette version est con\u00e7ue pour installer la Cl\u00e9 fixe \u00e0 l'int\u00e9rieur.","og_url":"https:\/\/www.omrserrature.it\/fr\/produit\/cylindres-a-profil-europeen-condor-key-key-partageable\/","og_site_name":"OMR Serrature | Produzione sistemi di chiusura","article_publisher":"https:\/\/www.facebook.com\/OMRserrature","article_modified_time":"2025-06-04T06:57:36+00:00","og_image":[{"width":1000,"height":1000,"url":"https:\/\/www.omrserrature.it\/wp-content\/uploads\/2021\/05\/condor-codolo.jpg","type":"image\/jpeg"}],"twitter_card":"summary_large_image","twitter_misc":{"Dur\u00e9e de lecture estim\u00e9e":"4 minutes"},"schema":{"@context":"https:\/\/schema.org","@graph":[{"@type":"WebPage","@id":"https:\/\/www.omrserrature.it\/fr\/produit\/cylindres-a-profil-europeen-condor-key-key-partageable\/","url":"https:\/\/www.omrserrature.it\/fr\/produit\/cylindres-a-profil-europeen-condor-key-key-partageable\/","name":"Cylindres \u00e0 profil europ\u00e9en CONDOR Key-Key partageable - OMR Serrature","isPartOf":{"@id":"https:\/\/www.omrserrature.it\/fr\/#website"},"primaryImageOfPage":{"@id":"https:\/\/www.omrserrature.it\/fr\/produit\/cylindres-a-profil-europeen-condor-key-key-partageable\/#primaryimage"},"image":{"@id":"https:\/\/www.omrserrature.it\/fr\/produit\/cylindres-a-profil-europeen-condor-key-key-partageable\/#primaryimage"},"thumbnailUrl":"https:\/\/www.omrserrature.it\/wp-content\/uploads\/2021\/05\/condor-codolo.jpg","datePublished":"2021-05-18T13:22:45+00:00","dateModified":"2025-06-04T06:57:36+00:00","breadcrumb":{"@id":"https:\/\/www.omrserrature.it\/fr\/produit\/cylindres-a-profil-europeen-condor-key-key-partageable\/#breadcrumb"},"inLanguage":"fr-FR","potentialAction":[{"@type":"ReadAction","target":["https:\/\/www.omrserrature.it\/fr\/produit\/cylindres-a-profil-europeen-condor-key-key-partageable\/"]}]},{"@type":"ImageObject","inLanguage":"fr-FR","@id":"https:\/\/www.omrserrature.it\/fr\/produit\/cylindres-a-profil-europeen-condor-key-key-partageable\/#primaryimage","url":"https:\/\/www.omrserrature.it\/wp-content\/uploads\/2021\/05\/condor-codolo.jpg","contentUrl":"https:\/\/www.omrserrature.it\/wp-content\/uploads\/2021\/05\/condor-codolo.jpg","width":1549,"height":1839,"caption":"Cilindro europeo ad alta sicurezza CONDOR con codolo"},{"@type":"BreadcrumbList","@id":"https:\/\/www.omrserrature.it\/fr\/produit\/cylindres-a-profil-europeen-condor-key-key-partageable\/#breadcrumb","itemListElement":[{"@type":"ListItem","position":1,"name":"Home","item":"https:\/\/www.omrserrature.it\/fr\/omr-serrures-et-systemes-de-verrouillage\/"},{"@type":"ListItem","position":2,"name":"Catalogue","item":"https:\/\/www.omrserrature.it\/catalogue\/?lang=fr"},{"@type":"ListItem","position":3,"name":"Produits","item":"https:\/\/www.omrserrature.it\/fr\/catalogue\/produits\/"},{"@type":"ListItem","position":4,"name":"Serrures","item":"https:\/\/www.omrserrature.it\/fr\/catalogue\/produits\/serrures\/"},{"@type":"ListItem","position":5,"name":"Cylindres \u00e0 profil europ\u00e9en CONDOR Key-Key partageable"}]},{"@type":"WebSite","@id":"https:\/\/www.omrserrature.it\/fr\/#website","url":"https:\/\/www.omrserrature.it\/fr\/","name":"OMR Serrature | Produzione sistemi di chiusura","description":"Produzione serrature di sicurezza e sistemi di chiusura","publisher":{"@id":"https:\/\/www.omrserrature.it\/fr\/#organization"},"potentialAction":[{"@type":"SearchAction","target":{"@type":"EntryPoint","urlTemplate":"https:\/\/www.omrserrature.it\/fr\/?s={search_term_string}"},"query-input":{"@type":"PropertyValueSpecification","valueRequired":true,"valueName":"search_term_string"}}],"inLanguage":"fr-FR"},{"@type":"Organization","@id":"https:\/\/www.omrserrature.it\/fr\/#organization","name":"OMR Serrature | Produzione sistemi di chiusura","url":"https:\/\/www.omrserrature.it\/fr\/","logo":{"@type":"ImageObject","inLanguage":"fr-FR","@id":"https:\/\/www.omrserrature.it\/fr\/#\/schema\/logo\/image\/","url":"https:\/\/www.omrserrature.it\/wp-content\/uploads\/2017\/09\/favicon-omr-114.png","contentUrl":"https:\/\/www.omrserrature.it\/wp-content\/uploads\/2017\/09\/favicon-omr-114.png","width":114,"height":114,"caption":"OMR Serrature | Produzione sistemi di chiusura"},"image":{"@id":"https:\/\/www.omrserrature.it\/fr\/#\/schema\/logo\/image\/"},"sameAs":["https:\/\/www.facebook.com\/OMRserrature","https:\/\/www.linkedin.com\/company\/omrserrature\/","https:\/\/www.youtube.com\/channel\/UCxmA85z2R0EpG_6IRokiAkg"]}]}},"_links":{"self":[{"href":"https:\/\/www.omrserrature.it\/fr\/wp-json\/wp\/v2\/product\/26329","targetHints":{"allow":["GET"]}}],"collection":[{"href":"https:\/\/www.omrserrature.it\/fr\/wp-json\/wp\/v2\/product"}],"about":[{"href":"https:\/\/www.omrserrature.it\/fr\/wp-json\/wp\/v2\/types\/product"}],"replies":[{"embeddable":true,"href":"https:\/\/www.omrserrature.it\/fr\/wp-json\/wp\/v2\/comments?post=26329"}],"wp:featuredmedia":[{"embeddable":true,"href":"https:\/\/www.omrserrature.it\/fr\/wp-json\/wp\/v2\/media\/19685"}],"wp:attachment":[{"href":"https:\/\/www.omrserrature.it\/fr\/wp-json\/wp\/v2\/media?parent=26329"}],"wp:term":[{"taxonomy":"product_brand","embeddable":true,"href":"https:\/\/www.omrserrature.it\/fr\/wp-json\/wp\/v2\/product_brand?post=26329"},{"taxonomy":"product_cat","embeddable":true,"href":"https:\/\/www.omrserrature.it\/fr\/wp-json\/wp\/v2\/product_cat?post=26329"},{"taxonomy":"product_tag","embeddable":true,"href":"https:\/\/www.omrserrature.it\/fr\/wp-json\/wp\/v2\/product_tag?post=26329"}],"curies":[{"name":"wp","href":"https:\/\/api.w.org\/{rel}","templated":true}]}}