{"id":26315,"date":"2019-10-16T16:41:09","date_gmt":"2016-10-19T14:41:00","guid":{"rendered":"https:\/\/www.staging6.omrserrature.it\/prodotto\/presentoir-de-comptoir-pour-serrures-electroniques-hellock\/"},"modified":"2026-04-08T11:33:53","modified_gmt":"2026-04-08T09:33:53","slug":"presentoir-de-comptoir-pour-serrures-electroniques-hellock","status":"publish","type":"product","link":"https:\/\/www.omrserrature.it\/fr\/produit\/presentoir-de-comptoir-pour-serrures-electroniques-hellock\/","title":{"rendered":"Pr\u00e9sentoir de comptoir pour serrures \u00e9lectroniques Hellock"},"content":{"rendered":"<p>Ce pr\u00e9sentoir est con\u00e7u pour montrer un aper\u00e7u clair et professionnel des fonctionnalit\u00e9s de la serrure \u00e9lectronique Hellock. Fabriqu\u00e9 \u00e0 partir de mat\u00e9riaux de qualit\u00e9, <strong>le pr\u00e9sentoir Hellock s&rsquo;int\u00e8gre \u00e9l\u00e9gamment dans tout environnement de vente<\/strong>, et son design compact et soign\u00e9 lui permet d&rsquo;\u00eatre facilement positionn\u00e9 sur les comptoirs ou les \u00e9tag\u00e8res du point de vente, sans prendre trop de place. <\/p>\n<p>Les visiteurs pourront explorer les diff\u00e9rents modes d&rsquo;utilisation de la serrure Hellock,<strong> du code num\u00e9rique classique \u00e0 l&rsquo;utilisation de bracelets ou de badges, en passant par une gestion innovante via APP et Bluetooth.<\/strong> Gr\u00e2ce \u00e0 cette<strong> exposition interactive<\/strong>, les clients auront l&rsquo;occasion d&rsquo;\u00e9valuer la flexibilit\u00e9 et la praticit\u00e9 de cette solution pour les portes, les abattants, les tiroirs, les armoires, les bo\u00eetes aux lettres, les tableaux \u00e9lectriques et d&rsquo;autres utilisations. <\/p>\n<p>Le pr\u00e9sentoir Hellock est un <strong>outil de vente efficace<\/strong>, illustrant clairement les avantages et les caract\u00e9ristiques distinctives de cette serrure \u00e9lectronique. Avec une approche sobre et professionnelle, <strong>notre pr\u00e9sentoir aidera les clients \u00e0 comprendre pleinement la valeur ajout\u00e9e de Hellock<\/strong>, facilitant ainsi leur choix vers cette solution de s\u00e9curit\u00e9 intelligente pour diverses applications. <\/p>\n","protected":false},"excerpt":{"rendered":"<p>Le pr\u00e9sentoir Hellock est un <strong>outil de vente efficace<\/strong>, illustrant clairement les avantages et les caract\u00e9ristiques distinctives de cette serrure \u00e9lectronique. Avec une approche sobre et professionnelle, <strong>notre pr\u00e9sentoir aidera les clients \u00e0 comprendre pleinement la valeur ajout\u00e9e de Hellock<\/strong>, facilitant ainsi leur choix vers cette solution de s\u00e9curit\u00e9 intelligente pour diverses applications. <\/p>\n","protected":false},"featured_media":28249,"comment_status":"open","ping_status":"closed","template":"","meta":{"_acf_changed":false,"_et_pb_use_builder":"","_et_pb_old_content":"","_et_gb_content_width":""},"product_brand":[],"product_cat":[3685],"product_tag":[],"class_list":{"0":"post-26315","1":"product","2":"type-product","3":"status-publish","4":"has-post-thumbnail","6":"product_cat-affiche","8":"first","9":"instock","10":"shipping-taxable","11":"product-type-simple"},"acf":{"pdf1":false},"yoast_head":"<!-- This site is optimized with the Yoast SEO plugin v27.5 - https:\/\/yoast.com\/product\/yoast-seo-wordpress\/ -->\n<title>Pr\u00e9sentoir de comptoir pour serrures \u00e9lectroniques Hellock - OMR Serrature<\/title>\n<meta name=\"robots\" content=\"index, follow, max-snippet:-1, max-image-preview:large, max-video-preview:-1\" \/>\n<link rel=\"canonical\" href=\"https:\/\/www.omrserrature.it\/fr\/produit\/presentoir-de-comptoir-pour-serrures-electroniques-hellock\/\" \/>\n<meta property=\"og:locale\" content=\"fr_FR\" \/>\n<meta property=\"og:type\" content=\"article\" \/>\n<meta property=\"og:title\" content=\"Pr\u00e9sentoir de comptoir pour serrures \u00e9lectroniques Hellock - OMR Serrature\" \/>\n<meta property=\"og:description\" content=\"Le pr\u00e9sentoir Hellock est un outil de vente efficace, illustrant clairement les avantages et les caract\u00e9ristiques distinctives de cette serrure \u00e9lectronique. Avec une approche sobre et professionnelle, notre pr\u00e9sentoir aidera les clients \u00e0 comprendre pleinement la valeur ajout\u00e9e de Hellock, facilitant ainsi leur choix vers cette solution de s\u00e9curit\u00e9 intelligente pour diverses applications.\" \/>\n<meta property=\"og:url\" content=\"https:\/\/www.omrserrature.it\/fr\/produit\/presentoir-de-comptoir-pour-serrures-electroniques-hellock\/\" \/>\n<meta property=\"og:site_name\" content=\"OMR Serrature | Produzione sistemi di chiusura\" \/>\n<meta property=\"article:publisher\" content=\"https:\/\/www.facebook.com\/OMRserrature\" \/>\n<meta property=\"article:modified_time\" content=\"2026-04-08T09:33:53+00:00\" \/>\n<meta property=\"og:image\" content=\"https:\/\/www.omrserrature.it\/wp-content\/uploads\/2016\/10\/espositore-banco-serratura-elettronica-hellock.jpg\" \/>\n\t<meta property=\"og:image:width\" content=\"431\" \/>\n\t<meta property=\"og:image:height\" content=\"574\" \/>\n\t<meta property=\"og:image:type\" content=\"image\/jpeg\" \/>\n<meta name=\"twitter:card\" content=\"summary_large_image\" \/>\n<meta name=\"twitter:label1\" content=\"Dur\u00e9e de lecture estim\u00e9e\" \/>\n\t<meta name=\"twitter:data1\" content=\"1 minute\" \/>\n<script type=\"application\/ld+json\" class=\"yoast-schema-graph\">{\"@context\":\"https:\\\/\\\/schema.org\",\"@graph\":[{\"@type\":\"WebPage\",\"@id\":\"https:\\\/\\\/www.omrserrature.it\\\/fr\\\/produit\\\/presentoir-de-comptoir-pour-serrures-electroniques-hellock\\\/\",\"url\":\"https:\\\/\\\/www.omrserrature.it\\\/fr\\\/produit\\\/presentoir-de-comptoir-pour-serrures-electroniques-hellock\\\/\",\"name\":\"Pr\u00e9sentoir de comptoir pour serrures \u00e9lectroniques Hellock - OMR Serrature\",\"isPartOf\":{\"@id\":\"https:\\\/\\\/www.omrserrature.it\\\/fr\\\/#website\"},\"primaryImageOfPage\":{\"@id\":\"https:\\\/\\\/www.omrserrature.it\\\/fr\\\/produit\\\/presentoir-de-comptoir-pour-serrures-electroniques-hellock\\\/#primaryimage\"},\"image\":{\"@id\":\"https:\\\/\\\/www.omrserrature.it\\\/fr\\\/produit\\\/presentoir-de-comptoir-pour-serrures-electroniques-hellock\\\/#primaryimage\"},\"thumbnailUrl\":\"https:\\\/\\\/www.omrserrature.it\\\/wp-content\\\/uploads\\\/2016\\\/10\\\/espositore-banco-serratura-elettronica-hellock.jpg\",\"datePublished\":\"2016-10-19T14:41:00+00:00\",\"dateModified\":\"2026-04-08T09:33:53+00:00\",\"breadcrumb\":{\"@id\":\"https:\\\/\\\/www.omrserrature.it\\\/fr\\\/produit\\\/presentoir-de-comptoir-pour-serrures-electroniques-hellock\\\/#breadcrumb\"},\"inLanguage\":\"fr-FR\",\"potentialAction\":[{\"@type\":\"ReadAction\",\"target\":[\"https:\\\/\\\/www.omrserrature.it\\\/fr\\\/produit\\\/presentoir-de-comptoir-pour-serrures-electroniques-hellock\\\/\"]}]},{\"@type\":\"ImageObject\",\"inLanguage\":\"fr-FR\",\"@id\":\"https:\\\/\\\/www.omrserrature.it\\\/fr\\\/produit\\\/presentoir-de-comptoir-pour-serrures-electroniques-hellock\\\/#primaryimage\",\"url\":\"https:\\\/\\\/www.omrserrature.it\\\/wp-content\\\/uploads\\\/2016\\\/10\\\/espositore-banco-serratura-elettronica-hellock.jpg\",\"contentUrl\":\"https:\\\/\\\/www.omrserrature.it\\\/wp-content\\\/uploads\\\/2016\\\/10\\\/espositore-banco-serratura-elettronica-hellock.jpg\",\"width\":431,\"height\":574},{\"@type\":\"BreadcrumbList\",\"@id\":\"https:\\\/\\\/www.omrserrature.it\\\/fr\\\/produit\\\/presentoir-de-comptoir-pour-serrures-electroniques-hellock\\\/#breadcrumb\",\"itemListElement\":[{\"@type\":\"ListItem\",\"position\":1,\"name\":\"Home\",\"item\":\"https:\\\/\\\/www.omrserrature.it\\\/fr\\\/omr-serrures-et-systemes-de-verrouillage\\\/\"},{\"@type\":\"ListItem\",\"position\":2,\"name\":\"Catalogue\",\"item\":\"https:\\\/\\\/www.omrserrature.it\\\/catalogue\\\/?lang=fr\"},{\"@type\":\"ListItem\",\"position\":3,\"name\":\"Produits\",\"item\":\"https:\\\/\\\/www.omrserrature.it\\\/fr\\\/catalogue\\\/produits\\\/\"},{\"@type\":\"ListItem\",\"position\":4,\"name\":\"Pr\u00e9sentoir de comptoir pour serrures \u00e9lectroniques Hellock\"}]},{\"@type\":\"WebSite\",\"@id\":\"https:\\\/\\\/www.omrserrature.it\\\/fr\\\/#website\",\"url\":\"https:\\\/\\\/www.omrserrature.it\\\/fr\\\/\",\"name\":\"OMR Serrature | Produzione sistemi di chiusura\",\"description\":\"Produzione serrature di sicurezza e sistemi di chiusura\",\"publisher\":{\"@id\":\"https:\\\/\\\/www.omrserrature.it\\\/fr\\\/#organization\"},\"potentialAction\":[{\"@type\":\"SearchAction\",\"target\":{\"@type\":\"EntryPoint\",\"urlTemplate\":\"https:\\\/\\\/www.omrserrature.it\\\/fr\\\/?s={search_term_string}\"},\"query-input\":{\"@type\":\"PropertyValueSpecification\",\"valueRequired\":true,\"valueName\":\"search_term_string\"}}],\"inLanguage\":\"fr-FR\"},{\"@type\":\"Organization\",\"@id\":\"https:\\\/\\\/www.omrserrature.it\\\/fr\\\/#organization\",\"name\":\"OMR Serrature | Produzione sistemi di chiusura\",\"url\":\"https:\\\/\\\/www.omrserrature.it\\\/fr\\\/\",\"logo\":{\"@type\":\"ImageObject\",\"inLanguage\":\"fr-FR\",\"@id\":\"https:\\\/\\\/www.omrserrature.it\\\/fr\\\/#\\\/schema\\\/logo\\\/image\\\/\",\"url\":\"https:\\\/\\\/www.omrserrature.it\\\/wp-content\\\/uploads\\\/2017\\\/09\\\/favicon-omr-114.png\",\"contentUrl\":\"https:\\\/\\\/www.omrserrature.it\\\/wp-content\\\/uploads\\\/2017\\\/09\\\/favicon-omr-114.png\",\"width\":114,\"height\":114,\"caption\":\"OMR Serrature | Produzione sistemi di chiusura\"},\"image\":{\"@id\":\"https:\\\/\\\/www.omrserrature.it\\\/fr\\\/#\\\/schema\\\/logo\\\/image\\\/\"},\"sameAs\":[\"https:\\\/\\\/www.facebook.com\\\/OMRserrature\",\"https:\\\/\\\/www.linkedin.com\\\/company\\\/omrserrature\\\/\",\"https:\\\/\\\/www.youtube.com\\\/channel\\\/UCxmA85z2R0EpG_6IRokiAkg\"]}]}<\/script>\n<!-- \/ Yoast SEO plugin. -->","yoast_head_json":{"title":"Pr\u00e9sentoir de comptoir pour serrures \u00e9lectroniques Hellock - OMR Serrature","robots":{"index":"index","follow":"follow","max-snippet":"max-snippet:-1","max-image-preview":"max-image-preview:large","max-video-preview":"max-video-preview:-1"},"canonical":"https:\/\/www.omrserrature.it\/fr\/produit\/presentoir-de-comptoir-pour-serrures-electroniques-hellock\/","og_locale":"fr_FR","og_type":"article","og_title":"Pr\u00e9sentoir de comptoir pour serrures \u00e9lectroniques Hellock - OMR Serrature","og_description":"Le pr\u00e9sentoir Hellock est un outil de vente efficace, illustrant clairement les avantages et les caract\u00e9ristiques distinctives de cette serrure \u00e9lectronique. Avec une approche sobre et professionnelle, notre pr\u00e9sentoir aidera les clients \u00e0 comprendre pleinement la valeur ajout\u00e9e de Hellock, facilitant ainsi leur choix vers cette solution de s\u00e9curit\u00e9 intelligente pour diverses applications.","og_url":"https:\/\/www.omrserrature.it\/fr\/produit\/presentoir-de-comptoir-pour-serrures-electroniques-hellock\/","og_site_name":"OMR Serrature | Produzione sistemi di chiusura","article_publisher":"https:\/\/www.facebook.com\/OMRserrature","article_modified_time":"2026-04-08T09:33:53+00:00","og_image":[{"width":431,"height":574,"url":"https:\/\/www.omrserrature.it\/wp-content\/uploads\/2016\/10\/espositore-banco-serratura-elettronica-hellock.jpg","type":"image\/jpeg"}],"twitter_card":"summary_large_image","twitter_misc":{"Dur\u00e9e de lecture estim\u00e9e":"1 minute"},"schema":{"@context":"https:\/\/schema.org","@graph":[{"@type":"WebPage","@id":"https:\/\/www.omrserrature.it\/fr\/produit\/presentoir-de-comptoir-pour-serrures-electroniques-hellock\/","url":"https:\/\/www.omrserrature.it\/fr\/produit\/presentoir-de-comptoir-pour-serrures-electroniques-hellock\/","name":"Pr\u00e9sentoir de comptoir pour serrures \u00e9lectroniques Hellock - OMR Serrature","isPartOf":{"@id":"https:\/\/www.omrserrature.it\/fr\/#website"},"primaryImageOfPage":{"@id":"https:\/\/www.omrserrature.it\/fr\/produit\/presentoir-de-comptoir-pour-serrures-electroniques-hellock\/#primaryimage"},"image":{"@id":"https:\/\/www.omrserrature.it\/fr\/produit\/presentoir-de-comptoir-pour-serrures-electroniques-hellock\/#primaryimage"},"thumbnailUrl":"https:\/\/www.omrserrature.it\/wp-content\/uploads\/2016\/10\/espositore-banco-serratura-elettronica-hellock.jpg","datePublished":"2016-10-19T14:41:00+00:00","dateModified":"2026-04-08T09:33:53+00:00","breadcrumb":{"@id":"https:\/\/www.omrserrature.it\/fr\/produit\/presentoir-de-comptoir-pour-serrures-electroniques-hellock\/#breadcrumb"},"inLanguage":"fr-FR","potentialAction":[{"@type":"ReadAction","target":["https:\/\/www.omrserrature.it\/fr\/produit\/presentoir-de-comptoir-pour-serrures-electroniques-hellock\/"]}]},{"@type":"ImageObject","inLanguage":"fr-FR","@id":"https:\/\/www.omrserrature.it\/fr\/produit\/presentoir-de-comptoir-pour-serrures-electroniques-hellock\/#primaryimage","url":"https:\/\/www.omrserrature.it\/wp-content\/uploads\/2016\/10\/espositore-banco-serratura-elettronica-hellock.jpg","contentUrl":"https:\/\/www.omrserrature.it\/wp-content\/uploads\/2016\/10\/espositore-banco-serratura-elettronica-hellock.jpg","width":431,"height":574},{"@type":"BreadcrumbList","@id":"https:\/\/www.omrserrature.it\/fr\/produit\/presentoir-de-comptoir-pour-serrures-electroniques-hellock\/#breadcrumb","itemListElement":[{"@type":"ListItem","position":1,"name":"Home","item":"https:\/\/www.omrserrature.it\/fr\/omr-serrures-et-systemes-de-verrouillage\/"},{"@type":"ListItem","position":2,"name":"Catalogue","item":"https:\/\/www.omrserrature.it\/catalogue\/?lang=fr"},{"@type":"ListItem","position":3,"name":"Produits","item":"https:\/\/www.omrserrature.it\/fr\/catalogue\/produits\/"},{"@type":"ListItem","position":4,"name":"Pr\u00e9sentoir de comptoir pour serrures \u00e9lectroniques Hellock"}]},{"@type":"WebSite","@id":"https:\/\/www.omrserrature.it\/fr\/#website","url":"https:\/\/www.omrserrature.it\/fr\/","name":"OMR Serrature | Produzione sistemi di chiusura","description":"Produzione serrature di sicurezza e sistemi di chiusura","publisher":{"@id":"https:\/\/www.omrserrature.it\/fr\/#organization"},"potentialAction":[{"@type":"SearchAction","target":{"@type":"EntryPoint","urlTemplate":"https:\/\/www.omrserrature.it\/fr\/?s={search_term_string}"},"query-input":{"@type":"PropertyValueSpecification","valueRequired":true,"valueName":"search_term_string"}}],"inLanguage":"fr-FR"},{"@type":"Organization","@id":"https:\/\/www.omrserrature.it\/fr\/#organization","name":"OMR Serrature | Produzione sistemi di chiusura","url":"https:\/\/www.omrserrature.it\/fr\/","logo":{"@type":"ImageObject","inLanguage":"fr-FR","@id":"https:\/\/www.omrserrature.it\/fr\/#\/schema\/logo\/image\/","url":"https:\/\/www.omrserrature.it\/wp-content\/uploads\/2017\/09\/favicon-omr-114.png","contentUrl":"https:\/\/www.omrserrature.it\/wp-content\/uploads\/2017\/09\/favicon-omr-114.png","width":114,"height":114,"caption":"OMR Serrature | Produzione sistemi di chiusura"},"image":{"@id":"https:\/\/www.omrserrature.it\/fr\/#\/schema\/logo\/image\/"},"sameAs":["https:\/\/www.facebook.com\/OMRserrature","https:\/\/www.linkedin.com\/company\/omrserrature\/","https:\/\/www.youtube.com\/channel\/UCxmA85z2R0EpG_6IRokiAkg"]}]}},"_links":{"self":[{"href":"https:\/\/www.omrserrature.it\/fr\/wp-json\/wp\/v2\/product\/26315","targetHints":{"allow":["GET"]}}],"collection":[{"href":"https:\/\/www.omrserrature.it\/fr\/wp-json\/wp\/v2\/product"}],"about":[{"href":"https:\/\/www.omrserrature.it\/fr\/wp-json\/wp\/v2\/types\/product"}],"replies":[{"embeddable":true,"href":"https:\/\/www.omrserrature.it\/fr\/wp-json\/wp\/v2\/comments?post=26315"}],"wp:featuredmedia":[{"embeddable":true,"href":"https:\/\/www.omrserrature.it\/fr\/wp-json\/wp\/v2\/media\/28249"}],"wp:attachment":[{"href":"https:\/\/www.omrserrature.it\/fr\/wp-json\/wp\/v2\/media?parent=26315"}],"wp:term":[{"taxonomy":"product_brand","embeddable":true,"href":"https:\/\/www.omrserrature.it\/fr\/wp-json\/wp\/v2\/product_brand?post=26315"},{"taxonomy":"product_cat","embeddable":true,"href":"https:\/\/www.omrserrature.it\/fr\/wp-json\/wp\/v2\/product_cat?post=26315"},{"taxonomy":"product_tag","embeddable":true,"href":"https:\/\/www.omrserrature.it\/fr\/wp-json\/wp\/v2\/product_tag?post=26315"}],"curies":[{"name":"wp","href":"https:\/\/api.w.org\/{rel}","templated":true}]}}