{"id":26306,"date":"2019-11-21T10:33:42","date_gmt":"2021-11-19T09:33:00","guid":{"rendered":"https:\/\/www.staging6.omrserrature.it\/prodotto\/adaptateur-dinstallation-hellock\/"},"modified":"2026-04-08T11:33:49","modified_gmt":"2026-04-08T09:33:49","slug":"adaptateur-installation-hellock","status":"publish","type":"product","link":"https:\/\/www.omrserrature.it\/fr\/produit\/adaptateur-installation-hellock\/","title":{"rendered":"Adaptateur d&rsquo;installation Hellock"},"content":{"rendered":"<p>L&rsquo;adaptateur est un \u00e9l\u00e9ment en plastique noir qui permet d&rsquo;installer la <a href=\"https:\/\/www.omrserrature.it\/fr\/serratura-elettronica-2\/\" target=\"_blank\" rel=\"noopener noreferrer\">serrure \u00e9lectronique Hellock<\/a> <strong>sans <\/strong>devoir <strong>modifier le<\/strong> trou dans le panneau.<\/p>\n<p>Il comporte un <strong>gabarit de per\u00e7age en double D<\/strong> (avec plaques lat\u00e9rales) qui permet d&rsquo;adapter facilement la fermeture \u00e9lectronique dans un trou de <strong>19 mm<\/strong> <strong>\u00e0 16 mm<\/strong> (la taille du cylindre de la serrure \u00e9lectronique Hellock). Si le trou de d\u00e9part est de 22 mm, l&rsquo;adaptateur HLVAR00002 est disponible.<\/p>\n<p>Il suffit de serrer l&rsquo;\u00e9crou de blocage pour positionner correctement l&rsquo;adaptateur en place<\/p>\n","protected":false},"excerpt":{"rendered":"<p>L&rsquo;adaptateur est un \u00e9l\u00e9ment en plastique noir qui permet d&rsquo;installer la serrure \u00e9lectronique Hellock sans devoir modifier le trou dans le Panneau.<\/p>\n","protected":false},"featured_media":12660,"comment_status":"open","ping_status":"closed","template":"","meta":{"_acf_changed":false,"_et_pb_use_builder":"","_et_pb_old_content":"","_et_gb_content_width":""},"product_brand":[],"product_cat":[3678],"product_tag":[],"class_list":{"0":"post-26306","1":"product","2":"type-product","3":"status-publish","4":"has-post-thumbnail","6":"product_cat-accessoires-pour-serrures-electriques-et-electroniques","8":"first","9":"instock","10":"shipping-taxable","11":"product-type-simple"},"acf":{"pdf1":false},"yoast_head":"<!-- This site is optimized with the Yoast SEO plugin v27.2 - https:\/\/yoast.com\/product\/yoast-seo-wordpress\/ -->\n<title>Adaptateur d&#039;installation Hellock - OMR Serrature<\/title>\n<meta name=\"robots\" content=\"index, follow, max-snippet:-1, max-image-preview:large, max-video-preview:-1\" \/>\n<link rel=\"canonical\" href=\"https:\/\/www.omrserrature.it\/fr\/produit\/adaptateur-installation-hellock\/\" \/>\n<meta property=\"og:locale\" content=\"fr_FR\" \/>\n<meta property=\"og:type\" content=\"article\" \/>\n<meta property=\"og:title\" content=\"Adaptateur d&#039;installation Hellock - OMR Serrature\" \/>\n<meta property=\"og:description\" content=\"L&#039;adaptateur est un \u00e9l\u00e9ment en plastique noir qui permet d&#039;installer la serrure \u00e9lectronique Hellock sans devoir modifier le trou dans le Panneau.\" \/>\n<meta property=\"og:url\" content=\"https:\/\/www.omrserrature.it\/fr\/produit\/adaptateur-installation-hellock\/\" \/>\n<meta property=\"og:site_name\" content=\"OMR Serrature | Produzione sistemi di chiusura\" \/>\n<meta property=\"article:publisher\" content=\"https:\/\/www.facebook.com\/OMRserrature\" \/>\n<meta property=\"article:modified_time\" content=\"2026-04-08T09:33:49+00:00\" \/>\n<meta property=\"og:image\" content=\"https:\/\/www.omrserrature.it\/wp-content\/uploads\/2019\/11\/adattatore-foro-hellock-HLVAR00001.jpg\" \/>\n\t<meta property=\"og:image:width\" content=\"343\" \/>\n\t<meta property=\"og:image:height\" content=\"400\" \/>\n\t<meta property=\"og:image:type\" content=\"image\/jpeg\" \/>\n<meta name=\"twitter:card\" content=\"summary_large_image\" \/>\n<script type=\"application\/ld+json\" class=\"yoast-schema-graph\">{\"@context\":\"https:\/\/schema.org\",\"@graph\":[{\"@type\":\"WebPage\",\"@id\":\"https:\/\/www.omrserrature.it\/fr\/produit\/adaptateur-installation-hellock\/\",\"url\":\"https:\/\/www.omrserrature.it\/fr\/produit\/adaptateur-installation-hellock\/\",\"name\":\"Adaptateur d'installation Hellock - OMR Serrature\",\"isPartOf\":{\"@id\":\"https:\/\/www.omrserrature.it\/fr\/#website\"},\"primaryImageOfPage\":{\"@id\":\"https:\/\/www.omrserrature.it\/fr\/produit\/adaptateur-installation-hellock\/#primaryimage\"},\"image\":{\"@id\":\"https:\/\/www.omrserrature.it\/fr\/produit\/adaptateur-installation-hellock\/#primaryimage\"},\"thumbnailUrl\":\"https:\/\/www.omrserrature.it\/wp-content\/uploads\/2019\/11\/adattatore-foro-hellock-HLVAR00001.jpg\",\"datePublished\":\"2021-11-19T09:33:00+00:00\",\"dateModified\":\"2026-04-08T09:33:49+00:00\",\"breadcrumb\":{\"@id\":\"https:\/\/www.omrserrature.it\/fr\/produit\/adaptateur-installation-hellock\/#breadcrumb\"},\"inLanguage\":\"fr-FR\",\"potentialAction\":[{\"@type\":\"ReadAction\",\"target\":[\"https:\/\/www.omrserrature.it\/fr\/produit\/adaptateur-installation-hellock\/\"]}]},{\"@type\":\"ImageObject\",\"inLanguage\":\"fr-FR\",\"@id\":\"https:\/\/www.omrserrature.it\/fr\/produit\/adaptateur-installation-hellock\/#primaryimage\",\"url\":\"https:\/\/www.omrserrature.it\/wp-content\/uploads\/2019\/11\/adattatore-foro-hellock-HLVAR00001.jpg\",\"contentUrl\":\"https:\/\/www.omrserrature.it\/wp-content\/uploads\/2019\/11\/adattatore-foro-hellock-HLVAR00001.jpg\",\"width\":343,\"height\":400,\"caption\":\"Adaptateur de trou de serrure pour serrure \u00e9lectronique Hellock - HLVAR00001\"},{\"@type\":\"BreadcrumbList\",\"@id\":\"https:\/\/www.omrserrature.it\/fr\/produit\/adaptateur-installation-hellock\/#breadcrumb\",\"itemListElement\":[{\"@type\":\"ListItem\",\"position\":1,\"name\":\"Home\",\"item\":\"https:\/\/www.omrserrature.it\/fr\/omr-serrures-et-systemes-de-verrouillage\/\"},{\"@type\":\"ListItem\",\"position\":2,\"name\":\"Catalogue\",\"item\":\"https:\/\/www.omrserrature.it\/catalogue\/?lang=fr\"},{\"@type\":\"ListItem\",\"position\":3,\"name\":\"Produits\",\"item\":\"https:\/\/www.omrserrature.it\/fr\/catalogue\/produits\/\"},{\"@type\":\"ListItem\",\"position\":4,\"name\":\"Adaptateur d&#8217;installation Hellock\"}]},{\"@type\":\"WebSite\",\"@id\":\"https:\/\/www.omrserrature.it\/fr\/#website\",\"url\":\"https:\/\/www.omrserrature.it\/fr\/\",\"name\":\"OMR Serrature | Produzione sistemi di chiusura\",\"description\":\"Produzione serrature di sicurezza e sistemi di chiusura\",\"publisher\":{\"@id\":\"https:\/\/www.omrserrature.it\/fr\/#organization\"},\"potentialAction\":[{\"@type\":\"SearchAction\",\"target\":{\"@type\":\"EntryPoint\",\"urlTemplate\":\"https:\/\/www.omrserrature.it\/fr\/?s={search_term_string}\"},\"query-input\":{\"@type\":\"PropertyValueSpecification\",\"valueRequired\":true,\"valueName\":\"search_term_string\"}}],\"inLanguage\":\"fr-FR\"},{\"@type\":\"Organization\",\"@id\":\"https:\/\/www.omrserrature.it\/fr\/#organization\",\"name\":\"OMR Serrature | Produzione sistemi di chiusura\",\"url\":\"https:\/\/www.omrserrature.it\/fr\/\",\"logo\":{\"@type\":\"ImageObject\",\"inLanguage\":\"fr-FR\",\"@id\":\"https:\/\/www.omrserrature.it\/fr\/#\/schema\/logo\/image\/\",\"url\":\"https:\/\/www.omrserrature.it\/wp-content\/uploads\/2017\/09\/favicon-omr-114.png\",\"contentUrl\":\"https:\/\/www.omrserrature.it\/wp-content\/uploads\/2017\/09\/favicon-omr-114.png\",\"width\":114,\"height\":114,\"caption\":\"OMR Serrature | Produzione sistemi di chiusura\"},\"image\":{\"@id\":\"https:\/\/www.omrserrature.it\/fr\/#\/schema\/logo\/image\/\"},\"sameAs\":[\"https:\/\/www.facebook.com\/OMRserrature\",\"https:\/\/www.linkedin.com\/company\/omrserrature\/\",\"https:\/\/www.youtube.com\/channel\/UCxmA85z2R0EpG_6IRokiAkg\"]}]}<\/script>\n<!-- \/ Yoast SEO plugin. -->","yoast_head_json":{"title":"Adaptateur d'installation Hellock - OMR Serrature","robots":{"index":"index","follow":"follow","max-snippet":"max-snippet:-1","max-image-preview":"max-image-preview:large","max-video-preview":"max-video-preview:-1"},"canonical":"https:\/\/www.omrserrature.it\/fr\/produit\/adaptateur-installation-hellock\/","og_locale":"fr_FR","og_type":"article","og_title":"Adaptateur d'installation Hellock - OMR Serrature","og_description":"L'adaptateur est un \u00e9l\u00e9ment en plastique noir qui permet d'installer la serrure \u00e9lectronique Hellock sans devoir modifier le trou dans le Panneau.","og_url":"https:\/\/www.omrserrature.it\/fr\/produit\/adaptateur-installation-hellock\/","og_site_name":"OMR Serrature | Produzione sistemi di chiusura","article_publisher":"https:\/\/www.facebook.com\/OMRserrature","article_modified_time":"2026-04-08T09:33:49+00:00","og_image":[{"width":343,"height":400,"url":"https:\/\/www.omrserrature.it\/wp-content\/uploads\/2019\/11\/adattatore-foro-hellock-HLVAR00001.jpg","type":"image\/jpeg"}],"twitter_card":"summary_large_image","schema":{"@context":"https:\/\/schema.org","@graph":[{"@type":"WebPage","@id":"https:\/\/www.omrserrature.it\/fr\/produit\/adaptateur-installation-hellock\/","url":"https:\/\/www.omrserrature.it\/fr\/produit\/adaptateur-installation-hellock\/","name":"Adaptateur d'installation Hellock - OMR Serrature","isPartOf":{"@id":"https:\/\/www.omrserrature.it\/fr\/#website"},"primaryImageOfPage":{"@id":"https:\/\/www.omrserrature.it\/fr\/produit\/adaptateur-installation-hellock\/#primaryimage"},"image":{"@id":"https:\/\/www.omrserrature.it\/fr\/produit\/adaptateur-installation-hellock\/#primaryimage"},"thumbnailUrl":"https:\/\/www.omrserrature.it\/wp-content\/uploads\/2019\/11\/adattatore-foro-hellock-HLVAR00001.jpg","datePublished":"2021-11-19T09:33:00+00:00","dateModified":"2026-04-08T09:33:49+00:00","breadcrumb":{"@id":"https:\/\/www.omrserrature.it\/fr\/produit\/adaptateur-installation-hellock\/#breadcrumb"},"inLanguage":"fr-FR","potentialAction":[{"@type":"ReadAction","target":["https:\/\/www.omrserrature.it\/fr\/produit\/adaptateur-installation-hellock\/"]}]},{"@type":"ImageObject","inLanguage":"fr-FR","@id":"https:\/\/www.omrserrature.it\/fr\/produit\/adaptateur-installation-hellock\/#primaryimage","url":"https:\/\/www.omrserrature.it\/wp-content\/uploads\/2019\/11\/adattatore-foro-hellock-HLVAR00001.jpg","contentUrl":"https:\/\/www.omrserrature.it\/wp-content\/uploads\/2019\/11\/adattatore-foro-hellock-HLVAR00001.jpg","width":343,"height":400,"caption":"Adaptateur de trou de serrure pour serrure \u00e9lectronique Hellock - HLVAR00001"},{"@type":"BreadcrumbList","@id":"https:\/\/www.omrserrature.it\/fr\/produit\/adaptateur-installation-hellock\/#breadcrumb","itemListElement":[{"@type":"ListItem","position":1,"name":"Home","item":"https:\/\/www.omrserrature.it\/fr\/omr-serrures-et-systemes-de-verrouillage\/"},{"@type":"ListItem","position":2,"name":"Catalogue","item":"https:\/\/www.omrserrature.it\/catalogue\/?lang=fr"},{"@type":"ListItem","position":3,"name":"Produits","item":"https:\/\/www.omrserrature.it\/fr\/catalogue\/produits\/"},{"@type":"ListItem","position":4,"name":"Adaptateur d&#8217;installation Hellock"}]},{"@type":"WebSite","@id":"https:\/\/www.omrserrature.it\/fr\/#website","url":"https:\/\/www.omrserrature.it\/fr\/","name":"OMR Serrature | Produzione sistemi di chiusura","description":"Produzione serrature di sicurezza e sistemi di chiusura","publisher":{"@id":"https:\/\/www.omrserrature.it\/fr\/#organization"},"potentialAction":[{"@type":"SearchAction","target":{"@type":"EntryPoint","urlTemplate":"https:\/\/www.omrserrature.it\/fr\/?s={search_term_string}"},"query-input":{"@type":"PropertyValueSpecification","valueRequired":true,"valueName":"search_term_string"}}],"inLanguage":"fr-FR"},{"@type":"Organization","@id":"https:\/\/www.omrserrature.it\/fr\/#organization","name":"OMR Serrature | Produzione sistemi di chiusura","url":"https:\/\/www.omrserrature.it\/fr\/","logo":{"@type":"ImageObject","inLanguage":"fr-FR","@id":"https:\/\/www.omrserrature.it\/fr\/#\/schema\/logo\/image\/","url":"https:\/\/www.omrserrature.it\/wp-content\/uploads\/2017\/09\/favicon-omr-114.png","contentUrl":"https:\/\/www.omrserrature.it\/wp-content\/uploads\/2017\/09\/favicon-omr-114.png","width":114,"height":114,"caption":"OMR Serrature | Produzione sistemi di chiusura"},"image":{"@id":"https:\/\/www.omrserrature.it\/fr\/#\/schema\/logo\/image\/"},"sameAs":["https:\/\/www.facebook.com\/OMRserrature","https:\/\/www.linkedin.com\/company\/omrserrature\/","https:\/\/www.youtube.com\/channel\/UCxmA85z2R0EpG_6IRokiAkg"]}]}},"_links":{"self":[{"href":"https:\/\/www.omrserrature.it\/fr\/wp-json\/wp\/v2\/product\/26306","targetHints":{"allow":["GET"]}}],"collection":[{"href":"https:\/\/www.omrserrature.it\/fr\/wp-json\/wp\/v2\/product"}],"about":[{"href":"https:\/\/www.omrserrature.it\/fr\/wp-json\/wp\/v2\/types\/product"}],"replies":[{"embeddable":true,"href":"https:\/\/www.omrserrature.it\/fr\/wp-json\/wp\/v2\/comments?post=26306"}],"wp:featuredmedia":[{"embeddable":true,"href":"https:\/\/www.omrserrature.it\/fr\/wp-json\/wp\/v2\/media\/12660"}],"wp:attachment":[{"href":"https:\/\/www.omrserrature.it\/fr\/wp-json\/wp\/v2\/media?parent=26306"}],"wp:term":[{"taxonomy":"product_brand","embeddable":true,"href":"https:\/\/www.omrserrature.it\/fr\/wp-json\/wp\/v2\/product_brand?post=26306"},{"taxonomy":"product_cat","embeddable":true,"href":"https:\/\/www.omrserrature.it\/fr\/wp-json\/wp\/v2\/product_cat?post=26306"},{"taxonomy":"product_tag","embeddable":true,"href":"https:\/\/www.omrserrature.it\/fr\/wp-json\/wp\/v2\/product_tag?post=26306"}],"curies":[{"name":"wp","href":"https:\/\/api.w.org\/{rel}","templated":true}]}}