{"id":26294,"date":"2019-03-28T16:32:58","date_gmt":"2018-03-19T15:32:00","guid":{"rendered":"https:\/\/www.staging6.omrserrature.it\/prodotto\/poignee-preparee-scellee\/"},"modified":"2026-04-08T11:37:40","modified_gmt":"2026-04-08T09:37:40","slug":"poignee-preparee-scellee","status":"publish","type":"product","link":"https:\/\/www.omrserrature.it\/fr\/produit\/poignee-preparee-scellee\/","title":{"rendered":"Loquet cadenassable &#8211; pr\u00e9par\u00e9e pour sceau de s\u00e9curit\u00e9"},"content":{"rendered":"<p><strong>Cadenas<\/strong> en alliage de zinc adapt\u00e9 \u00e0 l&rsquo;insertion de scell\u00e9s et de fermetures de s\u00e9curit\u00e9 en plastique, en m\u00e9tal, r\u00e9utilisables, affleurants, \u00e0 \u00e9tranglement, comptabilisables ou \u00e9lectroniques.<br \/>\nGr\u00e2ce aux diff\u00e9rentes longueurs du corps filet\u00e9, il est possible de l&rsquo;appliquer aussi bien sur des meubles en m\u00e9tal qu&rsquo;en bois, ou sur des mat\u00e9riaux d&rsquo;une \u00e9paisseur allant jusqu&rsquo;\u00e0 25 mm. La Poign\u00e9e, pratique et <strong>personnalisable<\/strong>, permet de d\u00e9placer la came ; une fois le scell\u00e9 ins\u00e9r\u00e9, la Poign\u00e9e est bloqu\u00e9e en position ferm\u00e9e, emp\u00eachant toute rotation. En lieu et place du scell\u00e9, on peut utiliser une serrure \u00e0 crochet courante de 30 et 40 mm (diam\u00e8tre de l&rsquo;arc de la serrure : 5-7 mm).<\/p>\n<p>La fermeture peut \u00e9galement \u00eatre r\u00e9alis\u00e9e en <strong>technopolym\u00e8re<\/strong>, un \u00ab\u00a0plastique m\u00e9tallique\u00a0\u00bb sp\u00e9cial qui garantit des performances m\u00e9caniques \u00e9quivalentes \u00e0 celles de l&rsquo;alliage d&rsquo;aluminium, une r\u00e9sistance aux agents atmosph\u00e9riques et \u00e0 la corrosion, ainsi qu&rsquo;une parfaite int\u00e9gration esth\u00e9tique \u00e0 votre produit, gr\u00e2ce \u00e0 la vaste gamme de couleurs disponibles. La borne carr\u00e9e de 7 mm vous permet \u00e9galement d&rsquo;installer une vari\u00e9t\u00e9 de <strong>cames droites, coud\u00e9es ou \u00e0 crochet<\/strong>, sans n\u00e9gliger la possibilit\u00e9 d&rsquo;appliquer des \u00e9lingues pour le mouvement des tringles. <\/p>\n<p>Il convient notamment \u00e0 toutes les applications qui n\u00e9cessitent une fermeture \u00e0 haute r\u00e9sistance m\u00e9canique pouvant \u00eatre ouverte en cas d&rsquo;urgence, telles que les supports de d\u00e9fibrillateurs AED, les coffres d&rsquo;incendie, les chariots d&rsquo;urgence, les armoires contenant du mat\u00e9riel m\u00e9dical ou, plus g\u00e9n\u00e9ralement, pour \u00e9viter que le mat\u00e9riel contenu ne <strong>soit alt\u00e9r\u00e9, contrefait ou vol\u00e9<\/strong>.<\/p>\n<p>Parfait pour tous les types de casiers dans les bureaux, les gymnases, les centres sportifs, les spas et les mus\u00e9es.<\/p>\n","protected":false},"excerpt":{"rendered":"<p>Serrure cadenassable avec provision de scell\u00e9s en alliage de zinc, adapt\u00e9e \u00e0 l&rsquo;insertion de scell\u00e9s de s\u00e9curit\u00e9 ou de cadenas en plastique, en m\u00e9tal, r\u00e9utilisables, \u00e0 fil, \u00e0 chiffres ou \u00e9lectroniques. La Poign\u00e9e, pratique et <strong>personnalisable<\/strong>, permet de d\u00e9placer le came arri\u00e8re ; une fois le scell\u00e9 ins\u00e9r\u00e9, la Poign\u00e9e est bloqu\u00e9e en position ferm\u00e9e, emp\u00eachant toute rotation. <\/p>\n<p>Ce produit est une solution de fermeture rapide et parfaite pour les casiers dans les bureaux, les gymnases et les mus\u00e9es.<\/p>\n","protected":false},"featured_media":11087,"comment_status":"open","ping_status":"closed","template":"","meta":{"_acf_changed":false,"_et_pb_use_builder":"","_et_pb_old_content":"","_et_gb_content_width":""},"product_brand":[],"product_cat":[3747,3755,3640,3699,3687,3659,3741,3691,3722,3709,3714,3713],"product_tag":[],"class_list":{"0":"post-26294","1":"product","2":"type-product","3":"status-publish","4":"has-post-thumbnail","6":"product_cat-eau-air-gaz-pour-les-entreprises","7":"product_cat-hopitaux-et-soins-de-sante","8":"product_cat-poignees-et-boutons","9":"product_cat-serrure-darmoire-conforme-au-reglement-gdpr","10":"product_cat-serrures-a-came","11":"product_cat-serrures-avec-poignee-tournante","12":"product_cat-serrures-cadenassables","13":"product_cat-serrures-darmoires","14":"product_cat-serrures-de-portes","15":"product_cat-serrures-pour-armoires-a-substances-dangereuses","16":"product_cat-serrures-pour-armoires-industrielles","17":"product_cat-serrures-pour-armoires-phytosanitaires","19":"first","20":"instock","21":"shipping-taxable","22":"purchasable","23":"product-type-variable","24":"has-default-attributes"},"acf":{"pdf1":"https:\/\/www.omrserrature.it\/wp-content\/uploads\/schede\/Scheda_163380.pdf"},"yoast_head":"<!-- This site is optimized with the Yoast SEO plugin v27.2 - https:\/\/yoast.com\/product\/yoast-seo-wordpress\/ -->\n<title>Loquet cadenassable - pr\u00e9par\u00e9e pour sceau de s\u00e9curit\u00e9 - OMR Serrature<\/title>\n<meta name=\"robots\" content=\"index, follow, max-snippet:-1, max-image-preview:large, max-video-preview:-1\" \/>\n<link rel=\"canonical\" href=\"https:\/\/www.omrserrature.it\/fr\/produit\/poignee-preparee-scellee\/\" \/>\n<meta property=\"og:locale\" content=\"fr_FR\" \/>\n<meta property=\"og:type\" content=\"article\" \/>\n<meta property=\"og:title\" content=\"Loquet cadenassable - pr\u00e9par\u00e9e pour sceau de s\u00e9curit\u00e9 - OMR Serrature\" \/>\n<meta property=\"og:description\" content=\"Serrure cadenassable avec provision de scell\u00e9s en alliage de zinc, adapt\u00e9e \u00e0 l&#039;insertion de scell\u00e9s de s\u00e9curit\u00e9 ou de cadenas en plastique, en m\u00e9tal, r\u00e9utilisables, \u00e0 fil, \u00e0 chiffres ou \u00e9lectroniques. La Poign\u00e9e, pratique et personnalisable, permet de d\u00e9placer le came arri\u00e8re ; une fois le scell\u00e9 ins\u00e9r\u00e9, la Poign\u00e9e est bloqu\u00e9e en position ferm\u00e9e, emp\u00eachant toute rotation.  Ce produit est une solution de fermeture rapide et parfaite pour les casiers dans les bureaux, les gymnases et les mus\u00e9es.\" \/>\n<meta property=\"og:url\" content=\"https:\/\/www.omrserrature.it\/fr\/produit\/poignee-preparee-scellee\/\" \/>\n<meta property=\"og:site_name\" content=\"OMR Serrature | Produzione sistemi di chiusura\" \/>\n<meta property=\"article:publisher\" content=\"https:\/\/www.facebook.com\/OMRserrature\" \/>\n<meta property=\"article:modified_time\" content=\"2026-04-08T09:37:40+00:00\" \/>\n<meta property=\"og:image\" content=\"https:\/\/www.omrserrature.it\/wp-content\/uploads\/2019\/03\/maniglietta-predisposta-sigillo.jpg\" \/>\n\t<meta property=\"og:image:width\" content=\"1189\" \/>\n\t<meta property=\"og:image:height\" content=\"757\" \/>\n\t<meta property=\"og:image:type\" content=\"image\/jpeg\" \/>\n<meta name=\"twitter:card\" content=\"summary_large_image\" \/>\n<meta name=\"twitter:label1\" content=\"Dur\u00e9e de lecture estim\u00e9e\" \/>\n\t<meta name=\"twitter:data1\" content=\"1 minute\" \/>\n<script type=\"application\/ld+json\" class=\"yoast-schema-graph\">{\"@context\":\"https:\/\/schema.org\",\"@graph\":[{\"@type\":\"WebPage\",\"@id\":\"https:\/\/www.omrserrature.it\/fr\/produit\/poignee-preparee-scellee\/\",\"url\":\"https:\/\/www.omrserrature.it\/fr\/produit\/poignee-preparee-scellee\/\",\"name\":\"Loquet cadenassable - pr\u00e9par\u00e9e pour sceau de s\u00e9curit\u00e9 - OMR Serrature\",\"isPartOf\":{\"@id\":\"https:\/\/www.omrserrature.it\/fr\/#website\"},\"primaryImageOfPage\":{\"@id\":\"https:\/\/www.omrserrature.it\/fr\/produit\/poignee-preparee-scellee\/#primaryimage\"},\"image\":{\"@id\":\"https:\/\/www.omrserrature.it\/fr\/produit\/poignee-preparee-scellee\/#primaryimage\"},\"thumbnailUrl\":\"https:\/\/www.omrserrature.it\/wp-content\/uploads\/2019\/03\/maniglietta-predisposta-sigillo.jpg\",\"datePublished\":\"2018-03-19T15:32:00+00:00\",\"dateModified\":\"2026-04-08T09:37:40+00:00\",\"breadcrumb\":{\"@id\":\"https:\/\/www.omrserrature.it\/fr\/produit\/poignee-preparee-scellee\/#breadcrumb\"},\"inLanguage\":\"fr-FR\",\"potentialAction\":[{\"@type\":\"ReadAction\",\"target\":[\"https:\/\/www.omrserrature.it\/fr\/produit\/poignee-preparee-scellee\/\"]}]},{\"@type\":\"ImageObject\",\"inLanguage\":\"fr-FR\",\"@id\":\"https:\/\/www.omrserrature.it\/fr\/produit\/poignee-preparee-scellee\/#primaryimage\",\"url\":\"https:\/\/www.omrserrature.it\/wp-content\/uploads\/2019\/03\/maniglietta-predisposta-sigillo.jpg\",\"contentUrl\":\"https:\/\/www.omrserrature.it\/wp-content\/uploads\/2019\/03\/maniglietta-predisposta-sigillo.jpg\",\"width\":1189,\"height\":757,\"caption\":\"Poign\u00e9e\/fermeture pr\u00e9par\u00e9e pour un cadenas ou un scell\u00e9\"},{\"@type\":\"BreadcrumbList\",\"@id\":\"https:\/\/www.omrserrature.it\/fr\/produit\/poignee-preparee-scellee\/#breadcrumb\",\"itemListElement\":[{\"@type\":\"ListItem\",\"position\":1,\"name\":\"Home\",\"item\":\"https:\/\/www.omrserrature.it\/fr\/omr-serrures-et-systemes-de-verrouillage\/\"},{\"@type\":\"ListItem\",\"position\":2,\"name\":\"Catalogue\",\"item\":\"https:\/\/www.omrserrature.it\/catalogue\/?lang=fr\"},{\"@type\":\"ListItem\",\"position\":3,\"name\":\"Applications\",\"item\":\"https:\/\/www.omrserrature.it\/fr\/catalogue\/applications\/\"},{\"@type\":\"ListItem\",\"position\":4,\"name\":\"Serrures d'armoires\",\"item\":\"https:\/\/www.omrserrature.it\/fr\/catalogue\/applications\/serrures-darmoires\/\"},{\"@type\":\"ListItem\",\"position\":5,\"name\":\"Loquet cadenassable &#8211; pr\u00e9par\u00e9e pour sceau de s\u00e9curit\u00e9\"}]},{\"@type\":\"WebSite\",\"@id\":\"https:\/\/www.omrserrature.it\/fr\/#website\",\"url\":\"https:\/\/www.omrserrature.it\/fr\/\",\"name\":\"OMR Serrature | Produzione sistemi di chiusura\",\"description\":\"Produzione serrature di sicurezza e sistemi di chiusura\",\"publisher\":{\"@id\":\"https:\/\/www.omrserrature.it\/fr\/#organization\"},\"potentialAction\":[{\"@type\":\"SearchAction\",\"target\":{\"@type\":\"EntryPoint\",\"urlTemplate\":\"https:\/\/www.omrserrature.it\/fr\/?s={search_term_string}\"},\"query-input\":{\"@type\":\"PropertyValueSpecification\",\"valueRequired\":true,\"valueName\":\"search_term_string\"}}],\"inLanguage\":\"fr-FR\"},{\"@type\":\"Organization\",\"@id\":\"https:\/\/www.omrserrature.it\/fr\/#organization\",\"name\":\"OMR Serrature | Produzione sistemi di chiusura\",\"url\":\"https:\/\/www.omrserrature.it\/fr\/\",\"logo\":{\"@type\":\"ImageObject\",\"inLanguage\":\"fr-FR\",\"@id\":\"https:\/\/www.omrserrature.it\/fr\/#\/schema\/logo\/image\/\",\"url\":\"https:\/\/www.omrserrature.it\/wp-content\/uploads\/2017\/09\/favicon-omr-114.png\",\"contentUrl\":\"https:\/\/www.omrserrature.it\/wp-content\/uploads\/2017\/09\/favicon-omr-114.png\",\"width\":114,\"height\":114,\"caption\":\"OMR Serrature | Produzione sistemi di chiusura\"},\"image\":{\"@id\":\"https:\/\/www.omrserrature.it\/fr\/#\/schema\/logo\/image\/\"},\"sameAs\":[\"https:\/\/www.facebook.com\/OMRserrature\",\"https:\/\/www.linkedin.com\/company\/omrserrature\/\",\"https:\/\/www.youtube.com\/channel\/UCxmA85z2R0EpG_6IRokiAkg\"]}]}<\/script>\n<!-- \/ Yoast SEO plugin. -->","yoast_head_json":{"title":"Loquet cadenassable - pr\u00e9par\u00e9e pour sceau de s\u00e9curit\u00e9 - OMR Serrature","robots":{"index":"index","follow":"follow","max-snippet":"max-snippet:-1","max-image-preview":"max-image-preview:large","max-video-preview":"max-video-preview:-1"},"canonical":"https:\/\/www.omrserrature.it\/fr\/produit\/poignee-preparee-scellee\/","og_locale":"fr_FR","og_type":"article","og_title":"Loquet cadenassable - pr\u00e9par\u00e9e pour sceau de s\u00e9curit\u00e9 - OMR Serrature","og_description":"Serrure cadenassable avec provision de scell\u00e9s en alliage de zinc, adapt\u00e9e \u00e0 l'insertion de scell\u00e9s de s\u00e9curit\u00e9 ou de cadenas en plastique, en m\u00e9tal, r\u00e9utilisables, \u00e0 fil, \u00e0 chiffres ou \u00e9lectroniques. La Poign\u00e9e, pratique et personnalisable, permet de d\u00e9placer le came arri\u00e8re ; une fois le scell\u00e9 ins\u00e9r\u00e9, la Poign\u00e9e est bloqu\u00e9e en position ferm\u00e9e, emp\u00eachant toute rotation.  Ce produit est une solution de fermeture rapide et parfaite pour les casiers dans les bureaux, les gymnases et les mus\u00e9es.","og_url":"https:\/\/www.omrserrature.it\/fr\/produit\/poignee-preparee-scellee\/","og_site_name":"OMR Serrature | Produzione sistemi di chiusura","article_publisher":"https:\/\/www.facebook.com\/OMRserrature","article_modified_time":"2026-04-08T09:37:40+00:00","og_image":[{"width":1189,"height":757,"url":"https:\/\/www.omrserrature.it\/wp-content\/uploads\/2019\/03\/maniglietta-predisposta-sigillo.jpg","type":"image\/jpeg"}],"twitter_card":"summary_large_image","twitter_misc":{"Dur\u00e9e de lecture estim\u00e9e":"1 minute"},"schema":{"@context":"https:\/\/schema.org","@graph":[{"@type":"WebPage","@id":"https:\/\/www.omrserrature.it\/fr\/produit\/poignee-preparee-scellee\/","url":"https:\/\/www.omrserrature.it\/fr\/produit\/poignee-preparee-scellee\/","name":"Loquet cadenassable - pr\u00e9par\u00e9e pour sceau de s\u00e9curit\u00e9 - OMR Serrature","isPartOf":{"@id":"https:\/\/www.omrserrature.it\/fr\/#website"},"primaryImageOfPage":{"@id":"https:\/\/www.omrserrature.it\/fr\/produit\/poignee-preparee-scellee\/#primaryimage"},"image":{"@id":"https:\/\/www.omrserrature.it\/fr\/produit\/poignee-preparee-scellee\/#primaryimage"},"thumbnailUrl":"https:\/\/www.omrserrature.it\/wp-content\/uploads\/2019\/03\/maniglietta-predisposta-sigillo.jpg","datePublished":"2018-03-19T15:32:00+00:00","dateModified":"2026-04-08T09:37:40+00:00","breadcrumb":{"@id":"https:\/\/www.omrserrature.it\/fr\/produit\/poignee-preparee-scellee\/#breadcrumb"},"inLanguage":"fr-FR","potentialAction":[{"@type":"ReadAction","target":["https:\/\/www.omrserrature.it\/fr\/produit\/poignee-preparee-scellee\/"]}]},{"@type":"ImageObject","inLanguage":"fr-FR","@id":"https:\/\/www.omrserrature.it\/fr\/produit\/poignee-preparee-scellee\/#primaryimage","url":"https:\/\/www.omrserrature.it\/wp-content\/uploads\/2019\/03\/maniglietta-predisposta-sigillo.jpg","contentUrl":"https:\/\/www.omrserrature.it\/wp-content\/uploads\/2019\/03\/maniglietta-predisposta-sigillo.jpg","width":1189,"height":757,"caption":"Poign\u00e9e\/fermeture pr\u00e9par\u00e9e pour un cadenas ou un scell\u00e9"},{"@type":"BreadcrumbList","@id":"https:\/\/www.omrserrature.it\/fr\/produit\/poignee-preparee-scellee\/#breadcrumb","itemListElement":[{"@type":"ListItem","position":1,"name":"Home","item":"https:\/\/www.omrserrature.it\/fr\/omr-serrures-et-systemes-de-verrouillage\/"},{"@type":"ListItem","position":2,"name":"Catalogue","item":"https:\/\/www.omrserrature.it\/catalogue\/?lang=fr"},{"@type":"ListItem","position":3,"name":"Applications","item":"https:\/\/www.omrserrature.it\/fr\/catalogue\/applications\/"},{"@type":"ListItem","position":4,"name":"Serrures d'armoires","item":"https:\/\/www.omrserrature.it\/fr\/catalogue\/applications\/serrures-darmoires\/"},{"@type":"ListItem","position":5,"name":"Loquet cadenassable &#8211; pr\u00e9par\u00e9e pour sceau de s\u00e9curit\u00e9"}]},{"@type":"WebSite","@id":"https:\/\/www.omrserrature.it\/fr\/#website","url":"https:\/\/www.omrserrature.it\/fr\/","name":"OMR Serrature | Produzione sistemi di chiusura","description":"Produzione serrature di sicurezza e sistemi di chiusura","publisher":{"@id":"https:\/\/www.omrserrature.it\/fr\/#organization"},"potentialAction":[{"@type":"SearchAction","target":{"@type":"EntryPoint","urlTemplate":"https:\/\/www.omrserrature.it\/fr\/?s={search_term_string}"},"query-input":{"@type":"PropertyValueSpecification","valueRequired":true,"valueName":"search_term_string"}}],"inLanguage":"fr-FR"},{"@type":"Organization","@id":"https:\/\/www.omrserrature.it\/fr\/#organization","name":"OMR Serrature | Produzione sistemi di chiusura","url":"https:\/\/www.omrserrature.it\/fr\/","logo":{"@type":"ImageObject","inLanguage":"fr-FR","@id":"https:\/\/www.omrserrature.it\/fr\/#\/schema\/logo\/image\/","url":"https:\/\/www.omrserrature.it\/wp-content\/uploads\/2017\/09\/favicon-omr-114.png","contentUrl":"https:\/\/www.omrserrature.it\/wp-content\/uploads\/2017\/09\/favicon-omr-114.png","width":114,"height":114,"caption":"OMR Serrature | Produzione sistemi di chiusura"},"image":{"@id":"https:\/\/www.omrserrature.it\/fr\/#\/schema\/logo\/image\/"},"sameAs":["https:\/\/www.facebook.com\/OMRserrature","https:\/\/www.linkedin.com\/company\/omrserrature\/","https:\/\/www.youtube.com\/channel\/UCxmA85z2R0EpG_6IRokiAkg"]}]}},"_links":{"self":[{"href":"https:\/\/www.omrserrature.it\/fr\/wp-json\/wp\/v2\/product\/26294","targetHints":{"allow":["GET"]}}],"collection":[{"href":"https:\/\/www.omrserrature.it\/fr\/wp-json\/wp\/v2\/product"}],"about":[{"href":"https:\/\/www.omrserrature.it\/fr\/wp-json\/wp\/v2\/types\/product"}],"replies":[{"embeddable":true,"href":"https:\/\/www.omrserrature.it\/fr\/wp-json\/wp\/v2\/comments?post=26294"}],"wp:featuredmedia":[{"embeddable":true,"href":"https:\/\/www.omrserrature.it\/fr\/wp-json\/wp\/v2\/media\/11087"}],"wp:attachment":[{"href":"https:\/\/www.omrserrature.it\/fr\/wp-json\/wp\/v2\/media?parent=26294"}],"wp:term":[{"taxonomy":"product_brand","embeddable":true,"href":"https:\/\/www.omrserrature.it\/fr\/wp-json\/wp\/v2\/product_brand?post=26294"},{"taxonomy":"product_cat","embeddable":true,"href":"https:\/\/www.omrserrature.it\/fr\/wp-json\/wp\/v2\/product_cat?post=26294"},{"taxonomy":"product_tag","embeddable":true,"href":"https:\/\/www.omrserrature.it\/fr\/wp-json\/wp\/v2\/product_tag?post=26294"}],"curies":[{"name":"wp","href":"https:\/\/api.w.org\/{rel}","templated":true}]}}