{"id":26291,"date":"2021-03-01T15:01:43","date_gmt":"2001-03-21T14:01:00","guid":{"rendered":"https:\/\/www.staging6.omrserrature.it\/prodotto\/adaptateur-de-serrure-a-jeton\/"},"modified":"2026-04-08T11:33:43","modified_gmt":"2026-04-08T09:33:43","slug":"adaptateur-de-verrouillage-a-jetons-pour-serrure-electronique-hellock","status":"publish","type":"product","link":"https:\/\/www.omrserrature.it\/fr\/produit\/adaptateur-de-verrouillage-a-jetons-pour-serrure-electronique-hellock\/","title":{"rendered":"Adaptateur pour convertir la serrure \u00e0 monnaie en tringles"},"content":{"rendered":"<p>L&rsquo;adaptateur m\u00e9tallique permet d&rsquo;installer la <a href=\"https:\/\/www.omrserrature.it\/fr\/serratura-elettronica-2\/\" target=\"_blank\" rel=\"noopener noreferrer\">serrure \u00e9lectronique Hellock<\/a> sur les casiers en <strong>remplacement des<\/strong> <strong>serrures \u00e0 tringles<\/strong> classiques, sans avoir \u00e0 modifier le trou de 24 mm dans le panneau.<\/p>\n<p>Le filetage du trou facilite l&rsquo;installation de la serrure, en \u00e9vitant l&rsquo;utilisation de l&rsquo;\u00e9crou sp\u00e9cial pour la fixation. La bride reste visible uniquement sur la face interne du panneau, ce qui garantit une <strong>installation s\u00fbre<\/strong> et minimise l&rsquo;impact esth\u00e9tique sur le meuble. <\/p>\n","protected":false},"excerpt":{"rendered":"<p>L&rsquo;adaptateur m\u00e9tallique permet d&rsquo;installer la serrure \u00e9lectronique Hellock sur les casiers en remplacement des serrures \u00e0 jetons classiques, sans avoir \u00e0 modifier le trou de 24 mm dans le Panneau.<\/p>\n","protected":false},"featured_media":21558,"comment_status":"open","ping_status":"closed","template":"","meta":{"_acf_changed":false,"_et_pb_use_builder":"","_et_pb_old_content":"","_et_gb_content_width":""},"product_brand":[],"product_cat":[3674],"product_tag":[],"class_list":{"0":"post-26291","1":"product","2":"type-product","3":"status-publish","4":"has-post-thumbnail","6":"product_cat-entretoises-et-adaptateurs","8":"first","9":"instock","10":"shipping-taxable","11":"product-type-simple"},"acf":{"pdf1":false},"yoast_head":"<!-- This site is optimized with the Yoast SEO plugin v27.2 - https:\/\/yoast.com\/product\/yoast-seo-wordpress\/ -->\n<title>Adaptateur pour convertir la serrure \u00e0 monnaie en tringles - OMR Serrature<\/title>\n<meta name=\"robots\" content=\"index, follow, max-snippet:-1, max-image-preview:large, max-video-preview:-1\" \/>\n<link rel=\"canonical\" href=\"https:\/\/www.omrserrature.it\/fr\/produit\/adaptateur-de-verrouillage-a-jetons-pour-serrure-electronique-hellock\/\" \/>\n<meta property=\"og:locale\" content=\"fr_FR\" \/>\n<meta property=\"og:type\" content=\"article\" \/>\n<meta property=\"og:title\" content=\"Adaptateur pour convertir la serrure \u00e0 monnaie en tringles - OMR Serrature\" \/>\n<meta property=\"og:description\" content=\"L&#039;adaptateur m\u00e9tallique permet d&#039;installer la serrure \u00e9lectronique Hellock sur les casiers en remplacement des serrures \u00e0 jetons classiques, sans avoir \u00e0 modifier le trou de 24 mm dans le Panneau.\" \/>\n<meta property=\"og:url\" content=\"https:\/\/www.omrserrature.it\/fr\/produit\/adaptateur-de-verrouillage-a-jetons-pour-serrure-electronique-hellock\/\" \/>\n<meta property=\"og:site_name\" content=\"OMR Serrature | Produzione sistemi di chiusura\" \/>\n<meta property=\"article:publisher\" content=\"https:\/\/www.facebook.com\/OMRserrature\" \/>\n<meta property=\"article:modified_time\" content=\"2026-04-08T09:33:43+00:00\" \/>\n<meta property=\"og:image\" content=\"https:\/\/www.omrserrature.it\/wp-content\/uploads\/2021\/03\/Adattatore-gettone-Hellock.jpg\" \/>\n\t<meta property=\"og:image:width\" content=\"1000\" \/>\n\t<meta property=\"og:image:height\" content=\"1000\" \/>\n\t<meta property=\"og:image:type\" content=\"image\/jpeg\" \/>\n<meta name=\"twitter:card\" content=\"summary_large_image\" \/>\n<script type=\"application\/ld+json\" class=\"yoast-schema-graph\">{\"@context\":\"https:\/\/schema.org\",\"@graph\":[{\"@type\":\"WebPage\",\"@id\":\"https:\/\/www.omrserrature.it\/fr\/produit\/adaptateur-de-verrouillage-a-jetons-pour-serrure-electronique-hellock\/\",\"url\":\"https:\/\/www.omrserrature.it\/fr\/produit\/adaptateur-de-verrouillage-a-jetons-pour-serrure-electronique-hellock\/\",\"name\":\"Adaptateur pour convertir la serrure \u00e0 monnaie en tringles - OMR Serrature\",\"isPartOf\":{\"@id\":\"https:\/\/www.omrserrature.it\/fr\/#website\"},\"primaryImageOfPage\":{\"@id\":\"https:\/\/www.omrserrature.it\/fr\/produit\/adaptateur-de-verrouillage-a-jetons-pour-serrure-electronique-hellock\/#primaryimage\"},\"image\":{\"@id\":\"https:\/\/www.omrserrature.it\/fr\/produit\/adaptateur-de-verrouillage-a-jetons-pour-serrure-electronique-hellock\/#primaryimage\"},\"thumbnailUrl\":\"https:\/\/www.omrserrature.it\/wp-content\/uploads\/2021\/03\/Adattatore-gettone-Hellock.jpg\",\"datePublished\":\"2001-03-21T14:01:00+00:00\",\"dateModified\":\"2026-04-08T09:33:43+00:00\",\"breadcrumb\":{\"@id\":\"https:\/\/www.omrserrature.it\/fr\/produit\/adaptateur-de-verrouillage-a-jetons-pour-serrure-electronique-hellock\/#breadcrumb\"},\"inLanguage\":\"fr-FR\",\"potentialAction\":[{\"@type\":\"ReadAction\",\"target\":[\"https:\/\/www.omrserrature.it\/fr\/produit\/adaptateur-de-verrouillage-a-jetons-pour-serrure-electronique-hellock\/\"]}]},{\"@type\":\"ImageObject\",\"inLanguage\":\"fr-FR\",\"@id\":\"https:\/\/www.omrserrature.it\/fr\/produit\/adaptateur-de-verrouillage-a-jetons-pour-serrure-electronique-hellock\/#primaryimage\",\"url\":\"https:\/\/www.omrserrature.it\/wp-content\/uploads\/2021\/03\/Adattatore-gettone-Hellock.jpg\",\"contentUrl\":\"https:\/\/www.omrserrature.it\/wp-content\/uploads\/2021\/03\/Adattatore-gettone-Hellock.jpg\",\"width\":1000,\"height\":1000,\"caption\":\"Adaptateur Hellock pour serrure \u00e0 monnaie\"},{\"@type\":\"BreadcrumbList\",\"@id\":\"https:\/\/www.omrserrature.it\/fr\/produit\/adaptateur-de-verrouillage-a-jetons-pour-serrure-electronique-hellock\/#breadcrumb\",\"itemListElement\":[{\"@type\":\"ListItem\",\"position\":1,\"name\":\"Home\",\"item\":\"https:\/\/www.omrserrature.it\/fr\/omr-serrures-et-systemes-de-verrouillage\/\"},{\"@type\":\"ListItem\",\"position\":2,\"name\":\"Catalogue\",\"item\":\"https:\/\/www.omrserrature.it\/catalogue\/?lang=fr\"},{\"@type\":\"ListItem\",\"position\":3,\"name\":\"Produits\",\"item\":\"https:\/\/www.omrserrature.it\/fr\/catalogue\/produits\/\"},{\"@type\":\"ListItem\",\"position\":4,\"name\":\"Accessoires et pi\u00e8ces d\u00e9tach\u00e9es\",\"item\":\"https:\/\/www.omrserrature.it\/fr\/catalogue\/produits\/accessoires-et-pieces-detachees\/\"},{\"@type\":\"ListItem\",\"position\":5,\"name\":\"Entretoises et adaptateurs\",\"item\":\"https:\/\/www.omrserrature.it\/fr\/catalogue\/produits\/accessoires-et-pieces-detachees\/entretoises-et-adaptateurs\/\"},{\"@type\":\"ListItem\",\"position\":6,\"name\":\"Adaptateur pour convertir la serrure \u00e0 monnaie en tringles\"}]},{\"@type\":\"WebSite\",\"@id\":\"https:\/\/www.omrserrature.it\/fr\/#website\",\"url\":\"https:\/\/www.omrserrature.it\/fr\/\",\"name\":\"OMR Serrature | Produzione sistemi di chiusura\",\"description\":\"Produzione serrature di sicurezza e sistemi di chiusura\",\"publisher\":{\"@id\":\"https:\/\/www.omrserrature.it\/fr\/#organization\"},\"potentialAction\":[{\"@type\":\"SearchAction\",\"target\":{\"@type\":\"EntryPoint\",\"urlTemplate\":\"https:\/\/www.omrserrature.it\/fr\/?s={search_term_string}\"},\"query-input\":{\"@type\":\"PropertyValueSpecification\",\"valueRequired\":true,\"valueName\":\"search_term_string\"}}],\"inLanguage\":\"fr-FR\"},{\"@type\":\"Organization\",\"@id\":\"https:\/\/www.omrserrature.it\/fr\/#organization\",\"name\":\"OMR Serrature | Produzione sistemi di chiusura\",\"url\":\"https:\/\/www.omrserrature.it\/fr\/\",\"logo\":{\"@type\":\"ImageObject\",\"inLanguage\":\"fr-FR\",\"@id\":\"https:\/\/www.omrserrature.it\/fr\/#\/schema\/logo\/image\/\",\"url\":\"https:\/\/www.omrserrature.it\/wp-content\/uploads\/2017\/09\/favicon-omr-114.png\",\"contentUrl\":\"https:\/\/www.omrserrature.it\/wp-content\/uploads\/2017\/09\/favicon-omr-114.png\",\"width\":114,\"height\":114,\"caption\":\"OMR Serrature | Produzione sistemi di chiusura\"},\"image\":{\"@id\":\"https:\/\/www.omrserrature.it\/fr\/#\/schema\/logo\/image\/\"},\"sameAs\":[\"https:\/\/www.facebook.com\/OMRserrature\",\"https:\/\/www.linkedin.com\/company\/omrserrature\/\",\"https:\/\/www.youtube.com\/channel\/UCxmA85z2R0EpG_6IRokiAkg\"]}]}<\/script>\n<!-- \/ Yoast SEO plugin. -->","yoast_head_json":{"title":"Adaptateur pour convertir la serrure \u00e0 monnaie en tringles - OMR Serrature","robots":{"index":"index","follow":"follow","max-snippet":"max-snippet:-1","max-image-preview":"max-image-preview:large","max-video-preview":"max-video-preview:-1"},"canonical":"https:\/\/www.omrserrature.it\/fr\/produit\/adaptateur-de-verrouillage-a-jetons-pour-serrure-electronique-hellock\/","og_locale":"fr_FR","og_type":"article","og_title":"Adaptateur pour convertir la serrure \u00e0 monnaie en tringles - OMR Serrature","og_description":"L'adaptateur m\u00e9tallique permet d'installer la serrure \u00e9lectronique Hellock sur les casiers en remplacement des serrures \u00e0 jetons classiques, sans avoir \u00e0 modifier le trou de 24 mm dans le Panneau.","og_url":"https:\/\/www.omrserrature.it\/fr\/produit\/adaptateur-de-verrouillage-a-jetons-pour-serrure-electronique-hellock\/","og_site_name":"OMR Serrature | Produzione sistemi di chiusura","article_publisher":"https:\/\/www.facebook.com\/OMRserrature","article_modified_time":"2026-04-08T09:33:43+00:00","og_image":[{"width":1000,"height":1000,"url":"https:\/\/www.omrserrature.it\/wp-content\/uploads\/2021\/03\/Adattatore-gettone-Hellock.jpg","type":"image\/jpeg"}],"twitter_card":"summary_large_image","schema":{"@context":"https:\/\/schema.org","@graph":[{"@type":"WebPage","@id":"https:\/\/www.omrserrature.it\/fr\/produit\/adaptateur-de-verrouillage-a-jetons-pour-serrure-electronique-hellock\/","url":"https:\/\/www.omrserrature.it\/fr\/produit\/adaptateur-de-verrouillage-a-jetons-pour-serrure-electronique-hellock\/","name":"Adaptateur pour convertir la serrure \u00e0 monnaie en tringles - OMR Serrature","isPartOf":{"@id":"https:\/\/www.omrserrature.it\/fr\/#website"},"primaryImageOfPage":{"@id":"https:\/\/www.omrserrature.it\/fr\/produit\/adaptateur-de-verrouillage-a-jetons-pour-serrure-electronique-hellock\/#primaryimage"},"image":{"@id":"https:\/\/www.omrserrature.it\/fr\/produit\/adaptateur-de-verrouillage-a-jetons-pour-serrure-electronique-hellock\/#primaryimage"},"thumbnailUrl":"https:\/\/www.omrserrature.it\/wp-content\/uploads\/2021\/03\/Adattatore-gettone-Hellock.jpg","datePublished":"2001-03-21T14:01:00+00:00","dateModified":"2026-04-08T09:33:43+00:00","breadcrumb":{"@id":"https:\/\/www.omrserrature.it\/fr\/produit\/adaptateur-de-verrouillage-a-jetons-pour-serrure-electronique-hellock\/#breadcrumb"},"inLanguage":"fr-FR","potentialAction":[{"@type":"ReadAction","target":["https:\/\/www.omrserrature.it\/fr\/produit\/adaptateur-de-verrouillage-a-jetons-pour-serrure-electronique-hellock\/"]}]},{"@type":"ImageObject","inLanguage":"fr-FR","@id":"https:\/\/www.omrserrature.it\/fr\/produit\/adaptateur-de-verrouillage-a-jetons-pour-serrure-electronique-hellock\/#primaryimage","url":"https:\/\/www.omrserrature.it\/wp-content\/uploads\/2021\/03\/Adattatore-gettone-Hellock.jpg","contentUrl":"https:\/\/www.omrserrature.it\/wp-content\/uploads\/2021\/03\/Adattatore-gettone-Hellock.jpg","width":1000,"height":1000,"caption":"Adaptateur Hellock pour serrure \u00e0 monnaie"},{"@type":"BreadcrumbList","@id":"https:\/\/www.omrserrature.it\/fr\/produit\/adaptateur-de-verrouillage-a-jetons-pour-serrure-electronique-hellock\/#breadcrumb","itemListElement":[{"@type":"ListItem","position":1,"name":"Home","item":"https:\/\/www.omrserrature.it\/fr\/omr-serrures-et-systemes-de-verrouillage\/"},{"@type":"ListItem","position":2,"name":"Catalogue","item":"https:\/\/www.omrserrature.it\/catalogue\/?lang=fr"},{"@type":"ListItem","position":3,"name":"Produits","item":"https:\/\/www.omrserrature.it\/fr\/catalogue\/produits\/"},{"@type":"ListItem","position":4,"name":"Accessoires et pi\u00e8ces d\u00e9tach\u00e9es","item":"https:\/\/www.omrserrature.it\/fr\/catalogue\/produits\/accessoires-et-pieces-detachees\/"},{"@type":"ListItem","position":5,"name":"Entretoises et adaptateurs","item":"https:\/\/www.omrserrature.it\/fr\/catalogue\/produits\/accessoires-et-pieces-detachees\/entretoises-et-adaptateurs\/"},{"@type":"ListItem","position":6,"name":"Adaptateur pour convertir la serrure \u00e0 monnaie en tringles"}]},{"@type":"WebSite","@id":"https:\/\/www.omrserrature.it\/fr\/#website","url":"https:\/\/www.omrserrature.it\/fr\/","name":"OMR Serrature | Produzione sistemi di chiusura","description":"Produzione serrature di sicurezza e sistemi di chiusura","publisher":{"@id":"https:\/\/www.omrserrature.it\/fr\/#organization"},"potentialAction":[{"@type":"SearchAction","target":{"@type":"EntryPoint","urlTemplate":"https:\/\/www.omrserrature.it\/fr\/?s={search_term_string}"},"query-input":{"@type":"PropertyValueSpecification","valueRequired":true,"valueName":"search_term_string"}}],"inLanguage":"fr-FR"},{"@type":"Organization","@id":"https:\/\/www.omrserrature.it\/fr\/#organization","name":"OMR Serrature | Produzione sistemi di chiusura","url":"https:\/\/www.omrserrature.it\/fr\/","logo":{"@type":"ImageObject","inLanguage":"fr-FR","@id":"https:\/\/www.omrserrature.it\/fr\/#\/schema\/logo\/image\/","url":"https:\/\/www.omrserrature.it\/wp-content\/uploads\/2017\/09\/favicon-omr-114.png","contentUrl":"https:\/\/www.omrserrature.it\/wp-content\/uploads\/2017\/09\/favicon-omr-114.png","width":114,"height":114,"caption":"OMR Serrature | Produzione sistemi di chiusura"},"image":{"@id":"https:\/\/www.omrserrature.it\/fr\/#\/schema\/logo\/image\/"},"sameAs":["https:\/\/www.facebook.com\/OMRserrature","https:\/\/www.linkedin.com\/company\/omrserrature\/","https:\/\/www.youtube.com\/channel\/UCxmA85z2R0EpG_6IRokiAkg"]}]}},"_links":{"self":[{"href":"https:\/\/www.omrserrature.it\/fr\/wp-json\/wp\/v2\/product\/26291","targetHints":{"allow":["GET"]}}],"collection":[{"href":"https:\/\/www.omrserrature.it\/fr\/wp-json\/wp\/v2\/product"}],"about":[{"href":"https:\/\/www.omrserrature.it\/fr\/wp-json\/wp\/v2\/types\/product"}],"replies":[{"embeddable":true,"href":"https:\/\/www.omrserrature.it\/fr\/wp-json\/wp\/v2\/comments?post=26291"}],"wp:featuredmedia":[{"embeddable":true,"href":"https:\/\/www.omrserrature.it\/fr\/wp-json\/wp\/v2\/media\/21558"}],"wp:attachment":[{"href":"https:\/\/www.omrserrature.it\/fr\/wp-json\/wp\/v2\/media?parent=26291"}],"wp:term":[{"taxonomy":"product_brand","embeddable":true,"href":"https:\/\/www.omrserrature.it\/fr\/wp-json\/wp\/v2\/product_brand?post=26291"},{"taxonomy":"product_cat","embeddable":true,"href":"https:\/\/www.omrserrature.it\/fr\/wp-json\/wp\/v2\/product_cat?post=26291"},{"taxonomy":"product_tag","embeddable":true,"href":"https:\/\/www.omrserrature.it\/fr\/wp-json\/wp\/v2\/product_tag?post=26291"}],"curies":[{"name":"wp","href":"https:\/\/api.w.org\/{rel}","templated":true}]}}