{"id":26266,"date":"2018-07-12T17:37:11","date_gmt":"2012-07-18T15:37:00","guid":{"rendered":"https:\/\/www.staging6.omrserrature.it\/prodotto\/rosette-de-finition-metallique\/"},"modified":"2026-04-08T12:05:43","modified_gmt":"2026-04-08T10:05:43","slug":"rosette-de-finition-metallique","status":"publish","type":"product","link":"https:\/\/www.omrserrature.it\/fr\/produit\/rosette-de-finition-metallique\/","title":{"rendered":"Bague de garniture m\u00e9tallique &#8211; diam. 22"},"content":{"rendered":"<p>La bague de finition en m\u00e9tal nickel\u00e9, \u00e9galement appel\u00e9e \u00e9cusson, permet de terminer l&rsquo;installation de la serrure, en aidant \u00e0 int\u00e9grer la serrure dans l&rsquo;article fabriqu\u00e9 et en corrigeant les imperfections potentielles du trou d&rsquo;installation.<\/p>\n","protected":false},"excerpt":{"rendered":"<p>La bague de finition en m\u00e9tal nickel\u00e9, \u00e9galement appel\u00e9e \u00e9cusson, permet de terminer l&rsquo;installation de la serrure, en aidant \u00e0 int\u00e9grer la serrure dans l&rsquo;article fabriqu\u00e9 et en corrigeant les imperfections potentielles du trou d&rsquo;installation.<\/p>\n","protected":false},"featured_media":8691,"comment_status":"open","ping_status":"closed","template":"","meta":{"_acf_changed":false,"_et_pb_use_builder":"","_et_pb_old_content":"","_et_gb_content_width":""},"product_brand":[],"product_cat":[3670],"product_tag":[],"class_list":{"0":"post-26266","1":"product","2":"type-product","3":"status-publish","4":"has-post-thumbnail","6":"product_cat-boules-de-finition","8":"first","9":"instock","10":"shipping-taxable","11":"product-type-simple"},"acf":{"pdf1":false},"yoast_head":"<!-- This site is optimized with the Yoast SEO plugin v27.2 - https:\/\/yoast.com\/product\/yoast-seo-wordpress\/ -->\n<title>Bague de garniture m\u00e9tallique - diam. 22 - OMR Serrature<\/title>\n<meta name=\"robots\" content=\"index, follow, max-snippet:-1, max-image-preview:large, max-video-preview:-1\" \/>\n<link rel=\"canonical\" href=\"https:\/\/www.omrserrature.it\/fr\/produit\/rosette-de-finition-metallique\/\" \/>\n<meta property=\"og:locale\" content=\"fr_FR\" \/>\n<meta property=\"og:type\" content=\"article\" \/>\n<meta property=\"og:title\" content=\"Bague de garniture m\u00e9tallique - diam. 22 - OMR Serrature\" \/>\n<meta property=\"og:description\" content=\"La bague de finition en m\u00e9tal nickel\u00e9, \u00e9galement appel\u00e9e \u00e9cusson, permet de terminer l&#039;installation de la serrure, en aidant \u00e0 int\u00e9grer la serrure dans l&#039;article fabriqu\u00e9 et en corrigeant les imperfections potentielles du trou d&#039;installation.\" \/>\n<meta property=\"og:url\" content=\"https:\/\/www.omrserrature.it\/fr\/produit\/rosette-de-finition-metallique\/\" \/>\n<meta property=\"og:site_name\" content=\"OMR Serrature | Produzione sistemi di chiusura\" \/>\n<meta property=\"article:publisher\" content=\"https:\/\/www.facebook.com\/OMRserrature\" \/>\n<meta property=\"article:modified_time\" content=\"2026-04-08T10:05:43+00:00\" \/>\n<meta property=\"og:image\" content=\"https:\/\/www.omrserrature.it\/wp-content\/uploads\/2018\/07\/mostrina-anta-vetro-d22-metallo-SVAR04280.jpg\" \/>\n\t<meta property=\"og:image:width\" content=\"225\" \/>\n\t<meta property=\"og:image:height\" content=\"164\" \/>\n\t<meta property=\"og:image:type\" content=\"image\/jpeg\" \/>\n<meta name=\"twitter:card\" content=\"summary_large_image\" \/>\n<script type=\"application\/ld+json\" class=\"yoast-schema-graph\">{\"@context\":\"https:\/\/schema.org\",\"@graph\":[{\"@type\":\"WebPage\",\"@id\":\"https:\/\/www.omrserrature.it\/fr\/produit\/rosette-de-finition-metallique\/\",\"url\":\"https:\/\/www.omrserrature.it\/fr\/produit\/rosette-de-finition-metallique\/\",\"name\":\"Bague de garniture m\u00e9tallique - diam. 22 - OMR Serrature\",\"isPartOf\":{\"@id\":\"https:\/\/www.omrserrature.it\/fr\/#website\"},\"primaryImageOfPage\":{\"@id\":\"https:\/\/www.omrserrature.it\/fr\/produit\/rosette-de-finition-metallique\/#primaryimage\"},\"image\":{\"@id\":\"https:\/\/www.omrserrature.it\/fr\/produit\/rosette-de-finition-metallique\/#primaryimage\"},\"thumbnailUrl\":\"https:\/\/www.omrserrature.it\/wp-content\/uploads\/2018\/07\/mostrina-anta-vetro-d22-metallo-SVAR04280.jpg\",\"datePublished\":\"2012-07-18T15:37:00+00:00\",\"dateModified\":\"2026-04-08T10:05:43+00:00\",\"breadcrumb\":{\"@id\":\"https:\/\/www.omrserrature.it\/fr\/produit\/rosette-de-finition-metallique\/#breadcrumb\"},\"inLanguage\":\"fr-FR\",\"potentialAction\":[{\"@type\":\"ReadAction\",\"target\":[\"https:\/\/www.omrserrature.it\/fr\/produit\/rosette-de-finition-metallique\/\"]}]},{\"@type\":\"ImageObject\",\"inLanguage\":\"fr-FR\",\"@id\":\"https:\/\/www.omrserrature.it\/fr\/produit\/rosette-de-finition-metallique\/#primaryimage\",\"url\":\"https:\/\/www.omrserrature.it\/wp-content\/uploads\/2018\/07\/mostrina-anta-vetro-d22-metallo-SVAR04280.jpg\",\"contentUrl\":\"https:\/\/www.omrserrature.it\/wp-content\/uploads\/2018\/07\/mostrina-anta-vetro-d22-metallo-SVAR04280.jpg\",\"width\":225,\"height\":164,\"caption\":\"Bague de garniture m\u00e9tallique de 22 mm de diam\u00e8tre - SVAR04280\"},{\"@type\":\"BreadcrumbList\",\"@id\":\"https:\/\/www.omrserrature.it\/fr\/produit\/rosette-de-finition-metallique\/#breadcrumb\",\"itemListElement\":[{\"@type\":\"ListItem\",\"position\":1,\"name\":\"Home\",\"item\":\"https:\/\/www.omrserrature.it\/fr\/omr-serrures-et-systemes-de-verrouillage\/\"},{\"@type\":\"ListItem\",\"position\":2,\"name\":\"Catalogue\",\"item\":\"https:\/\/www.omrserrature.it\/catalogue\/?lang=fr\"},{\"@type\":\"ListItem\",\"position\":3,\"name\":\"Produits\",\"item\":\"https:\/\/www.omrserrature.it\/fr\/catalogue\/produits\/\"},{\"@type\":\"ListItem\",\"position\":4,\"name\":\"Accessoires et pi\u00e8ces d\u00e9tach\u00e9es\",\"item\":\"https:\/\/www.omrserrature.it\/fr\/catalogue\/produits\/accessoires-et-pieces-detachees\/\"},{\"@type\":\"ListItem\",\"position\":5,\"name\":\"Boules de finition\",\"item\":\"https:\/\/www.omrserrature.it\/fr\/catalogue\/produits\/accessoires-et-pieces-detachees\/boules-de-finition\/\"},{\"@type\":\"ListItem\",\"position\":6,\"name\":\"Bague de garniture m\u00e9tallique &#8211; diam. 22\"}]},{\"@type\":\"WebSite\",\"@id\":\"https:\/\/www.omrserrature.it\/fr\/#website\",\"url\":\"https:\/\/www.omrserrature.it\/fr\/\",\"name\":\"OMR Serrature | Produzione sistemi di chiusura\",\"description\":\"Produzione serrature di sicurezza e sistemi di chiusura\",\"publisher\":{\"@id\":\"https:\/\/www.omrserrature.it\/fr\/#organization\"},\"potentialAction\":[{\"@type\":\"SearchAction\",\"target\":{\"@type\":\"EntryPoint\",\"urlTemplate\":\"https:\/\/www.omrserrature.it\/fr\/?s={search_term_string}\"},\"query-input\":{\"@type\":\"PropertyValueSpecification\",\"valueRequired\":true,\"valueName\":\"search_term_string\"}}],\"inLanguage\":\"fr-FR\"},{\"@type\":\"Organization\",\"@id\":\"https:\/\/www.omrserrature.it\/fr\/#organization\",\"name\":\"OMR Serrature | Produzione sistemi di chiusura\",\"url\":\"https:\/\/www.omrserrature.it\/fr\/\",\"logo\":{\"@type\":\"ImageObject\",\"inLanguage\":\"fr-FR\",\"@id\":\"https:\/\/www.omrserrature.it\/fr\/#\/schema\/logo\/image\/\",\"url\":\"https:\/\/www.omrserrature.it\/wp-content\/uploads\/2017\/09\/favicon-omr-114.png\",\"contentUrl\":\"https:\/\/www.omrserrature.it\/wp-content\/uploads\/2017\/09\/favicon-omr-114.png\",\"width\":114,\"height\":114,\"caption\":\"OMR Serrature | Produzione sistemi di chiusura\"},\"image\":{\"@id\":\"https:\/\/www.omrserrature.it\/fr\/#\/schema\/logo\/image\/\"},\"sameAs\":[\"https:\/\/www.facebook.com\/OMRserrature\",\"https:\/\/www.linkedin.com\/company\/omrserrature\/\",\"https:\/\/www.youtube.com\/channel\/UCxmA85z2R0EpG_6IRokiAkg\"]}]}<\/script>\n<!-- \/ Yoast SEO plugin. -->","yoast_head_json":{"title":"Bague de garniture m\u00e9tallique - diam. 22 - OMR Serrature","robots":{"index":"index","follow":"follow","max-snippet":"max-snippet:-1","max-image-preview":"max-image-preview:large","max-video-preview":"max-video-preview:-1"},"canonical":"https:\/\/www.omrserrature.it\/fr\/produit\/rosette-de-finition-metallique\/","og_locale":"fr_FR","og_type":"article","og_title":"Bague de garniture m\u00e9tallique - diam. 22 - OMR Serrature","og_description":"La bague de finition en m\u00e9tal nickel\u00e9, \u00e9galement appel\u00e9e \u00e9cusson, permet de terminer l'installation de la serrure, en aidant \u00e0 int\u00e9grer la serrure dans l'article fabriqu\u00e9 et en corrigeant les imperfections potentielles du trou d'installation.","og_url":"https:\/\/www.omrserrature.it\/fr\/produit\/rosette-de-finition-metallique\/","og_site_name":"OMR Serrature | Produzione sistemi di chiusura","article_publisher":"https:\/\/www.facebook.com\/OMRserrature","article_modified_time":"2026-04-08T10:05:43+00:00","og_image":[{"width":225,"height":164,"url":"https:\/\/www.omrserrature.it\/wp-content\/uploads\/2018\/07\/mostrina-anta-vetro-d22-metallo-SVAR04280.jpg","type":"image\/jpeg"}],"twitter_card":"summary_large_image","schema":{"@context":"https:\/\/schema.org","@graph":[{"@type":"WebPage","@id":"https:\/\/www.omrserrature.it\/fr\/produit\/rosette-de-finition-metallique\/","url":"https:\/\/www.omrserrature.it\/fr\/produit\/rosette-de-finition-metallique\/","name":"Bague de garniture m\u00e9tallique - diam. 22 - OMR Serrature","isPartOf":{"@id":"https:\/\/www.omrserrature.it\/fr\/#website"},"primaryImageOfPage":{"@id":"https:\/\/www.omrserrature.it\/fr\/produit\/rosette-de-finition-metallique\/#primaryimage"},"image":{"@id":"https:\/\/www.omrserrature.it\/fr\/produit\/rosette-de-finition-metallique\/#primaryimage"},"thumbnailUrl":"https:\/\/www.omrserrature.it\/wp-content\/uploads\/2018\/07\/mostrina-anta-vetro-d22-metallo-SVAR04280.jpg","datePublished":"2012-07-18T15:37:00+00:00","dateModified":"2026-04-08T10:05:43+00:00","breadcrumb":{"@id":"https:\/\/www.omrserrature.it\/fr\/produit\/rosette-de-finition-metallique\/#breadcrumb"},"inLanguage":"fr-FR","potentialAction":[{"@type":"ReadAction","target":["https:\/\/www.omrserrature.it\/fr\/produit\/rosette-de-finition-metallique\/"]}]},{"@type":"ImageObject","inLanguage":"fr-FR","@id":"https:\/\/www.omrserrature.it\/fr\/produit\/rosette-de-finition-metallique\/#primaryimage","url":"https:\/\/www.omrserrature.it\/wp-content\/uploads\/2018\/07\/mostrina-anta-vetro-d22-metallo-SVAR04280.jpg","contentUrl":"https:\/\/www.omrserrature.it\/wp-content\/uploads\/2018\/07\/mostrina-anta-vetro-d22-metallo-SVAR04280.jpg","width":225,"height":164,"caption":"Bague de garniture m\u00e9tallique de 22 mm de diam\u00e8tre - SVAR04280"},{"@type":"BreadcrumbList","@id":"https:\/\/www.omrserrature.it\/fr\/produit\/rosette-de-finition-metallique\/#breadcrumb","itemListElement":[{"@type":"ListItem","position":1,"name":"Home","item":"https:\/\/www.omrserrature.it\/fr\/omr-serrures-et-systemes-de-verrouillage\/"},{"@type":"ListItem","position":2,"name":"Catalogue","item":"https:\/\/www.omrserrature.it\/catalogue\/?lang=fr"},{"@type":"ListItem","position":3,"name":"Produits","item":"https:\/\/www.omrserrature.it\/fr\/catalogue\/produits\/"},{"@type":"ListItem","position":4,"name":"Accessoires et pi\u00e8ces d\u00e9tach\u00e9es","item":"https:\/\/www.omrserrature.it\/fr\/catalogue\/produits\/accessoires-et-pieces-detachees\/"},{"@type":"ListItem","position":5,"name":"Boules de finition","item":"https:\/\/www.omrserrature.it\/fr\/catalogue\/produits\/accessoires-et-pieces-detachees\/boules-de-finition\/"},{"@type":"ListItem","position":6,"name":"Bague de garniture m\u00e9tallique &#8211; diam. 22"}]},{"@type":"WebSite","@id":"https:\/\/www.omrserrature.it\/fr\/#website","url":"https:\/\/www.omrserrature.it\/fr\/","name":"OMR Serrature | Produzione sistemi di chiusura","description":"Produzione serrature di sicurezza e sistemi di chiusura","publisher":{"@id":"https:\/\/www.omrserrature.it\/fr\/#organization"},"potentialAction":[{"@type":"SearchAction","target":{"@type":"EntryPoint","urlTemplate":"https:\/\/www.omrserrature.it\/fr\/?s={search_term_string}"},"query-input":{"@type":"PropertyValueSpecification","valueRequired":true,"valueName":"search_term_string"}}],"inLanguage":"fr-FR"},{"@type":"Organization","@id":"https:\/\/www.omrserrature.it\/fr\/#organization","name":"OMR Serrature | Produzione sistemi di chiusura","url":"https:\/\/www.omrserrature.it\/fr\/","logo":{"@type":"ImageObject","inLanguage":"fr-FR","@id":"https:\/\/www.omrserrature.it\/fr\/#\/schema\/logo\/image\/","url":"https:\/\/www.omrserrature.it\/wp-content\/uploads\/2017\/09\/favicon-omr-114.png","contentUrl":"https:\/\/www.omrserrature.it\/wp-content\/uploads\/2017\/09\/favicon-omr-114.png","width":114,"height":114,"caption":"OMR Serrature | Produzione sistemi di chiusura"},"image":{"@id":"https:\/\/www.omrserrature.it\/fr\/#\/schema\/logo\/image\/"},"sameAs":["https:\/\/www.facebook.com\/OMRserrature","https:\/\/www.linkedin.com\/company\/omrserrature\/","https:\/\/www.youtube.com\/channel\/UCxmA85z2R0EpG_6IRokiAkg"]}]}},"_links":{"self":[{"href":"https:\/\/www.omrserrature.it\/fr\/wp-json\/wp\/v2\/product\/26266","targetHints":{"allow":["GET"]}}],"collection":[{"href":"https:\/\/www.omrserrature.it\/fr\/wp-json\/wp\/v2\/product"}],"about":[{"href":"https:\/\/www.omrserrature.it\/fr\/wp-json\/wp\/v2\/types\/product"}],"replies":[{"embeddable":true,"href":"https:\/\/www.omrserrature.it\/fr\/wp-json\/wp\/v2\/comments?post=26266"}],"wp:featuredmedia":[{"embeddable":true,"href":"https:\/\/www.omrserrature.it\/fr\/wp-json\/wp\/v2\/media\/8691"}],"wp:attachment":[{"href":"https:\/\/www.omrserrature.it\/fr\/wp-json\/wp\/v2\/media?parent=26266"}],"wp:term":[{"taxonomy":"product_brand","embeddable":true,"href":"https:\/\/www.omrserrature.it\/fr\/wp-json\/wp\/v2\/product_brand?post=26266"},{"taxonomy":"product_cat","embeddable":true,"href":"https:\/\/www.omrserrature.it\/fr\/wp-json\/wp\/v2\/product_cat?post=26266"},{"taxonomy":"product_tag","embeddable":true,"href":"https:\/\/www.omrserrature.it\/fr\/wp-json\/wp\/v2\/product_tag?post=26266"}],"curies":[{"name":"wp","href":"https:\/\/api.w.org\/{rel}","templated":true}]}}