{"id":26263,"date":"2018-07-13T10:25:41","date_gmt":"2013-07-18T08:25:00","guid":{"rendered":"https:\/\/www.staging6.omrserrature.it\/prodotto\/cle-a-empreinte-en-plastique-col-d11\/"},"modified":"2026-04-08T12:02:06","modified_gmt":"2026-04-08T10:02:06","slug":"cle-a-empreinte-en-plastique-col-d11","status":"publish","type":"product","link":"https:\/\/www.omrserrature.it\/fr\/produit\/cle-a-empreinte-en-plastique-col-d11\/","title":{"rendered":"Cl\u00e9 \u00e0 douille en plastique &#8211; col D11"},"content":{"rendered":"<p style=\"font-weight: 400;\">La <strong>cl\u00e9 \u00e0 douille<\/strong> en polyamide avec un col de <strong>11 mm de diam\u00e8tre<\/strong> est dot\u00e9e d&rsquo;une poign\u00e9e anatomique antid\u00e9rapante \u00e0 l&rsquo;extr\u00e9mit\u00e9 de laquelle se trouve la <strong>forme de l&rsquo;insert <\/strong>avec un<strong> carr\u00e9 <\/strong>ou un<strong> triangle<\/strong>. Gr\u00e2ce \u00e0 leur <strong>petite taille<\/strong>, ces cl\u00e9s sont extr\u00eamement pratiques et polyvalentes par rapport \u00e0 leurs cons\u0153urs \u00ab\u00a0big size\u00a0\u00bb en alliage de zamak nickel\u00e9. Ils sont g\u00e9n\u00e9ralement utilis\u00e9s pour man\u0153uvrer des <strong>serrure pompiers<\/strong> \u00bc <strong>de tour<\/strong>, triangulaires ou carr\u00e9es, que l&rsquo;on trouve sur les tableaux \u00e9lectriques, les portes de compteurs et un grand nombre d&rsquo;ouvrages m\u00e9talliques.<\/p>\n","protected":false},"excerpt":{"rendered":"<p style=\"font-weight: 400;\">La <strong>cl\u00e9 \u00e0 douille<\/strong> en polyamide avec un col de <strong>11 mm de diam\u00e8tre<\/strong> est dot\u00e9e d&rsquo;une poign\u00e9e anatomique antid\u00e9rapante \u00e0 l&rsquo;extr\u00e9mit\u00e9 de laquelle se trouve la <strong>forme de l&rsquo;insert <\/strong>avec un<strong> carr\u00e9 <\/strong>ou un<strong> triangle<\/strong>. Gr\u00e2ce \u00e0 leur <strong>petite taille<\/strong>, ces cl\u00e9s sont extr\u00eamement pratiques et polyvalentes par rapport \u00e0 leurs cons\u0153urs \u00ab\u00a0big size\u00a0\u00bb en alliage de zamak nickel\u00e9. Ils sont g\u00e9n\u00e9ralement utilis\u00e9s pour man\u0153uvrer des <strong>serrure pompiers<\/strong> \u00bc <strong>de tour<\/strong>, triangulaires ou carr\u00e9es, que l&rsquo;on trouve sur les tableaux \u00e9lectriques, les portes de compteurs et un grand nombre d&rsquo;ouvrages m\u00e9talliques.<\/p>\n","protected":false},"featured_media":8969,"comment_status":"open","ping_status":"closed","template":"","meta":{"_acf_changed":false,"_et_pb_use_builder":"","_et_pb_old_content":"","_et_gb_content_width":""},"product_brand":[],"product_cat":[3636],"product_tag":[],"class_list":{"0":"post-26263","1":"product","2":"type-product","3":"status-publish","4":"has-post-thumbnail","6":"product_cat-produits","8":"first","9":"instock","10":"shipping-taxable","11":"purchasable","12":"product-type-variable"},"acf":{"pdf1":false},"yoast_head":"<!-- This site is optimized with the Yoast SEO plugin v27.2 - https:\/\/yoast.com\/product\/yoast-seo-wordpress\/ -->\n<title>Cl\u00e9 \u00e0 douille en plastique - col D11 - OMR Serrature<\/title>\n<meta name=\"robots\" content=\"index, follow, max-snippet:-1, max-image-preview:large, max-video-preview:-1\" \/>\n<link rel=\"canonical\" href=\"https:\/\/www.omrserrature.it\/fr\/produit\/cle-a-empreinte-en-plastique-col-d11\/\" \/>\n<meta property=\"og:locale\" content=\"fr_FR\" \/>\n<meta property=\"og:type\" content=\"article\" \/>\n<meta property=\"og:title\" content=\"Cl\u00e9 \u00e0 douille en plastique - col D11 - OMR Serrature\" \/>\n<meta property=\"og:description\" content=\"La cl\u00e9 \u00e0 douille en polyamide avec un col de 11 mm de diam\u00e8tre est dot\u00e9e d&#039;une poign\u00e9e anatomique antid\u00e9rapante \u00e0 l&#039;extr\u00e9mit\u00e9 de laquelle se trouve la forme de l&#039;insert avec un carr\u00e9 ou un triangle. Gr\u00e2ce \u00e0 leur petite taille, ces cl\u00e9s sont extr\u00eamement pratiques et polyvalentes par rapport \u00e0 leurs cons\u0153urs &quot;big size&quot; en alliage de zamak nickel\u00e9. Ils sont g\u00e9n\u00e9ralement utilis\u00e9s pour man\u0153uvrer des serrure pompiers \u00bc de tour, triangulaires ou carr\u00e9es, que l&#039;on trouve sur les tableaux \u00e9lectriques, les portes de compteurs et un grand nombre d&#039;ouvrages m\u00e9talliques.\" \/>\n<meta property=\"og:url\" content=\"https:\/\/www.omrserrature.it\/fr\/produit\/cle-a-empreinte-en-plastique-col-d11\/\" \/>\n<meta property=\"og:site_name\" content=\"OMR Serrature | Produzione sistemi di chiusura\" \/>\n<meta property=\"article:publisher\" content=\"https:\/\/www.facebook.com\/OMRserrature\" \/>\n<meta property=\"article:modified_time\" content=\"2026-04-08T10:02:06+00:00\" \/>\n<meta property=\"og:image\" content=\"https:\/\/www.omrserrature.it\/wp-content\/uploads\/2018\/07\/SCHD04722.jpg\" \/>\n\t<meta property=\"og:image:width\" content=\"228\" \/>\n\t<meta property=\"og:image:height\" content=\"226\" \/>\n\t<meta property=\"og:image:type\" content=\"image\/jpeg\" \/>\n<meta name=\"twitter:card\" content=\"summary_large_image\" \/>\n<meta name=\"twitter:label1\" content=\"Dur\u00e9e de lecture estim\u00e9e\" \/>\n\t<meta name=\"twitter:data1\" content=\"1 minute\" \/>\n<script type=\"application\/ld+json\" class=\"yoast-schema-graph\">{\"@context\":\"https:\/\/schema.org\",\"@graph\":[{\"@type\":\"WebPage\",\"@id\":\"https:\/\/www.omrserrature.it\/fr\/produit\/cle-a-empreinte-en-plastique-col-d11\/\",\"url\":\"https:\/\/www.omrserrature.it\/fr\/produit\/cle-a-empreinte-en-plastique-col-d11\/\",\"name\":\"Cl\u00e9 \u00e0 douille en plastique - col D11 - OMR Serrature\",\"isPartOf\":{\"@id\":\"https:\/\/www.omrserrature.it\/fr\/#website\"},\"primaryImageOfPage\":{\"@id\":\"https:\/\/www.omrserrature.it\/fr\/produit\/cle-a-empreinte-en-plastique-col-d11\/#primaryimage\"},\"image\":{\"@id\":\"https:\/\/www.omrserrature.it\/fr\/produit\/cle-a-empreinte-en-plastique-col-d11\/#primaryimage\"},\"thumbnailUrl\":\"https:\/\/www.omrserrature.it\/wp-content\/uploads\/2018\/07\/SCHD04722.jpg\",\"datePublished\":\"2013-07-18T08:25:00+00:00\",\"dateModified\":\"2026-04-08T10:02:06+00:00\",\"breadcrumb\":{\"@id\":\"https:\/\/www.omrserrature.it\/fr\/produit\/cle-a-empreinte-en-plastique-col-d11\/#breadcrumb\"},\"inLanguage\":\"fr-FR\",\"potentialAction\":[{\"@type\":\"ReadAction\",\"target\":[\"https:\/\/www.omrserrature.it\/fr\/produit\/cle-a-empreinte-en-plastique-col-d11\/\"]}]},{\"@type\":\"ImageObject\",\"inLanguage\":\"fr-FR\",\"@id\":\"https:\/\/www.omrserrature.it\/fr\/produit\/cle-a-empreinte-en-plastique-col-d11\/#primaryimage\",\"url\":\"https:\/\/www.omrserrature.it\/wp-content\/uploads\/2018\/07\/SCHD04722.jpg\",\"contentUrl\":\"https:\/\/www.omrserrature.it\/wp-content\/uploads\/2018\/07\/SCHD04722.jpg\",\"width\":228,\"height\":226,\"caption\":\"Cl\u00e9 \u00e0 douille en plastique avec col de 11 mm - SCHD04722\"},{\"@type\":\"BreadcrumbList\",\"@id\":\"https:\/\/www.omrserrature.it\/fr\/produit\/cle-a-empreinte-en-plastique-col-d11\/#breadcrumb\",\"itemListElement\":[{\"@type\":\"ListItem\",\"position\":1,\"name\":\"Home\",\"item\":\"https:\/\/www.omrserrature.it\/fr\/omr-serrures-et-systemes-de-verrouillage\/\"},{\"@type\":\"ListItem\",\"position\":2,\"name\":\"Catalogue\",\"item\":\"https:\/\/www.omrserrature.it\/catalogue\/?lang=fr\"},{\"@type\":\"ListItem\",\"position\":3,\"name\":\"Produits\",\"item\":\"https:\/\/www.omrserrature.it\/fr\/catalogue\/produits\/\"},{\"@type\":\"ListItem\",\"position\":4,\"name\":\"Cl\u00e9 \u00e0 douille en plastique &#8211; col D11\"}]},{\"@type\":\"WebSite\",\"@id\":\"https:\/\/www.omrserrature.it\/fr\/#website\",\"url\":\"https:\/\/www.omrserrature.it\/fr\/\",\"name\":\"OMR Serrature | Produzione sistemi di chiusura\",\"description\":\"Produzione serrature di sicurezza e sistemi di chiusura\",\"publisher\":{\"@id\":\"https:\/\/www.omrserrature.it\/fr\/#organization\"},\"potentialAction\":[{\"@type\":\"SearchAction\",\"target\":{\"@type\":\"EntryPoint\",\"urlTemplate\":\"https:\/\/www.omrserrature.it\/fr\/?s={search_term_string}\"},\"query-input\":{\"@type\":\"PropertyValueSpecification\",\"valueRequired\":true,\"valueName\":\"search_term_string\"}}],\"inLanguage\":\"fr-FR\"},{\"@type\":\"Organization\",\"@id\":\"https:\/\/www.omrserrature.it\/fr\/#organization\",\"name\":\"OMR Serrature | Produzione sistemi di chiusura\",\"url\":\"https:\/\/www.omrserrature.it\/fr\/\",\"logo\":{\"@type\":\"ImageObject\",\"inLanguage\":\"fr-FR\",\"@id\":\"https:\/\/www.omrserrature.it\/fr\/#\/schema\/logo\/image\/\",\"url\":\"https:\/\/www.omrserrature.it\/wp-content\/uploads\/2017\/09\/favicon-omr-114.png\",\"contentUrl\":\"https:\/\/www.omrserrature.it\/wp-content\/uploads\/2017\/09\/favicon-omr-114.png\",\"width\":114,\"height\":114,\"caption\":\"OMR Serrature | Produzione sistemi di chiusura\"},\"image\":{\"@id\":\"https:\/\/www.omrserrature.it\/fr\/#\/schema\/logo\/image\/\"},\"sameAs\":[\"https:\/\/www.facebook.com\/OMRserrature\",\"https:\/\/www.linkedin.com\/company\/omrserrature\/\",\"https:\/\/www.youtube.com\/channel\/UCxmA85z2R0EpG_6IRokiAkg\"]}]}<\/script>\n<!-- \/ Yoast SEO plugin. -->","yoast_head_json":{"title":"Cl\u00e9 \u00e0 douille en plastique - col D11 - OMR Serrature","robots":{"index":"index","follow":"follow","max-snippet":"max-snippet:-1","max-image-preview":"max-image-preview:large","max-video-preview":"max-video-preview:-1"},"canonical":"https:\/\/www.omrserrature.it\/fr\/produit\/cle-a-empreinte-en-plastique-col-d11\/","og_locale":"fr_FR","og_type":"article","og_title":"Cl\u00e9 \u00e0 douille en plastique - col D11 - OMR Serrature","og_description":"La cl\u00e9 \u00e0 douille en polyamide avec un col de 11 mm de diam\u00e8tre est dot\u00e9e d'une poign\u00e9e anatomique antid\u00e9rapante \u00e0 l'extr\u00e9mit\u00e9 de laquelle se trouve la forme de l'insert avec un carr\u00e9 ou un triangle. Gr\u00e2ce \u00e0 leur petite taille, ces cl\u00e9s sont extr\u00eamement pratiques et polyvalentes par rapport \u00e0 leurs cons\u0153urs \"big size\" en alliage de zamak nickel\u00e9. Ils sont g\u00e9n\u00e9ralement utilis\u00e9s pour man\u0153uvrer des serrure pompiers \u00bc de tour, triangulaires ou carr\u00e9es, que l'on trouve sur les tableaux \u00e9lectriques, les portes de compteurs et un grand nombre d'ouvrages m\u00e9talliques.","og_url":"https:\/\/www.omrserrature.it\/fr\/produit\/cle-a-empreinte-en-plastique-col-d11\/","og_site_name":"OMR Serrature | Produzione sistemi di chiusura","article_publisher":"https:\/\/www.facebook.com\/OMRserrature","article_modified_time":"2026-04-08T10:02:06+00:00","og_image":[{"width":228,"height":226,"url":"https:\/\/www.omrserrature.it\/wp-content\/uploads\/2018\/07\/SCHD04722.jpg","type":"image\/jpeg"}],"twitter_card":"summary_large_image","twitter_misc":{"Dur\u00e9e de lecture estim\u00e9e":"1 minute"},"schema":{"@context":"https:\/\/schema.org","@graph":[{"@type":"WebPage","@id":"https:\/\/www.omrserrature.it\/fr\/produit\/cle-a-empreinte-en-plastique-col-d11\/","url":"https:\/\/www.omrserrature.it\/fr\/produit\/cle-a-empreinte-en-plastique-col-d11\/","name":"Cl\u00e9 \u00e0 douille en plastique - col D11 - OMR Serrature","isPartOf":{"@id":"https:\/\/www.omrserrature.it\/fr\/#website"},"primaryImageOfPage":{"@id":"https:\/\/www.omrserrature.it\/fr\/produit\/cle-a-empreinte-en-plastique-col-d11\/#primaryimage"},"image":{"@id":"https:\/\/www.omrserrature.it\/fr\/produit\/cle-a-empreinte-en-plastique-col-d11\/#primaryimage"},"thumbnailUrl":"https:\/\/www.omrserrature.it\/wp-content\/uploads\/2018\/07\/SCHD04722.jpg","datePublished":"2013-07-18T08:25:00+00:00","dateModified":"2026-04-08T10:02:06+00:00","breadcrumb":{"@id":"https:\/\/www.omrserrature.it\/fr\/produit\/cle-a-empreinte-en-plastique-col-d11\/#breadcrumb"},"inLanguage":"fr-FR","potentialAction":[{"@type":"ReadAction","target":["https:\/\/www.omrserrature.it\/fr\/produit\/cle-a-empreinte-en-plastique-col-d11\/"]}]},{"@type":"ImageObject","inLanguage":"fr-FR","@id":"https:\/\/www.omrserrature.it\/fr\/produit\/cle-a-empreinte-en-plastique-col-d11\/#primaryimage","url":"https:\/\/www.omrserrature.it\/wp-content\/uploads\/2018\/07\/SCHD04722.jpg","contentUrl":"https:\/\/www.omrserrature.it\/wp-content\/uploads\/2018\/07\/SCHD04722.jpg","width":228,"height":226,"caption":"Cl\u00e9 \u00e0 douille en plastique avec col de 11 mm - SCHD04722"},{"@type":"BreadcrumbList","@id":"https:\/\/www.omrserrature.it\/fr\/produit\/cle-a-empreinte-en-plastique-col-d11\/#breadcrumb","itemListElement":[{"@type":"ListItem","position":1,"name":"Home","item":"https:\/\/www.omrserrature.it\/fr\/omr-serrures-et-systemes-de-verrouillage\/"},{"@type":"ListItem","position":2,"name":"Catalogue","item":"https:\/\/www.omrserrature.it\/catalogue\/?lang=fr"},{"@type":"ListItem","position":3,"name":"Produits","item":"https:\/\/www.omrserrature.it\/fr\/catalogue\/produits\/"},{"@type":"ListItem","position":4,"name":"Cl\u00e9 \u00e0 douille en plastique &#8211; col D11"}]},{"@type":"WebSite","@id":"https:\/\/www.omrserrature.it\/fr\/#website","url":"https:\/\/www.omrserrature.it\/fr\/","name":"OMR Serrature | Produzione sistemi di chiusura","description":"Produzione serrature di sicurezza e sistemi di chiusura","publisher":{"@id":"https:\/\/www.omrserrature.it\/fr\/#organization"},"potentialAction":[{"@type":"SearchAction","target":{"@type":"EntryPoint","urlTemplate":"https:\/\/www.omrserrature.it\/fr\/?s={search_term_string}"},"query-input":{"@type":"PropertyValueSpecification","valueRequired":true,"valueName":"search_term_string"}}],"inLanguage":"fr-FR"},{"@type":"Organization","@id":"https:\/\/www.omrserrature.it\/fr\/#organization","name":"OMR Serrature | Produzione sistemi di chiusura","url":"https:\/\/www.omrserrature.it\/fr\/","logo":{"@type":"ImageObject","inLanguage":"fr-FR","@id":"https:\/\/www.omrserrature.it\/fr\/#\/schema\/logo\/image\/","url":"https:\/\/www.omrserrature.it\/wp-content\/uploads\/2017\/09\/favicon-omr-114.png","contentUrl":"https:\/\/www.omrserrature.it\/wp-content\/uploads\/2017\/09\/favicon-omr-114.png","width":114,"height":114,"caption":"OMR Serrature | Produzione sistemi di chiusura"},"image":{"@id":"https:\/\/www.omrserrature.it\/fr\/#\/schema\/logo\/image\/"},"sameAs":["https:\/\/www.facebook.com\/OMRserrature","https:\/\/www.linkedin.com\/company\/omrserrature\/","https:\/\/www.youtube.com\/channel\/UCxmA85z2R0EpG_6IRokiAkg"]}]}},"_links":{"self":[{"href":"https:\/\/www.omrserrature.it\/fr\/wp-json\/wp\/v2\/product\/26263","targetHints":{"allow":["GET"]}}],"collection":[{"href":"https:\/\/www.omrserrature.it\/fr\/wp-json\/wp\/v2\/product"}],"about":[{"href":"https:\/\/www.omrserrature.it\/fr\/wp-json\/wp\/v2\/types\/product"}],"replies":[{"embeddable":true,"href":"https:\/\/www.omrserrature.it\/fr\/wp-json\/wp\/v2\/comments?post=26263"}],"wp:featuredmedia":[{"embeddable":true,"href":"https:\/\/www.omrserrature.it\/fr\/wp-json\/wp\/v2\/media\/8969"}],"wp:attachment":[{"href":"https:\/\/www.omrserrature.it\/fr\/wp-json\/wp\/v2\/media?parent=26263"}],"wp:term":[{"taxonomy":"product_brand","embeddable":true,"href":"https:\/\/www.omrserrature.it\/fr\/wp-json\/wp\/v2\/product_brand?post=26263"},{"taxonomy":"product_cat","embeddable":true,"href":"https:\/\/www.omrserrature.it\/fr\/wp-json\/wp\/v2\/product_cat?post=26263"},{"taxonomy":"product_tag","embeddable":true,"href":"https:\/\/www.omrserrature.it\/fr\/wp-json\/wp\/v2\/product_tag?post=26263"}],"curies":[{"name":"wp","href":"https:\/\/api.w.org\/{rel}","templated":true}]}}