{"id":26245,"date":"2018-07-13T09:56:32","date_gmt":"2013-07-18T07:56:00","guid":{"rendered":"https:\/\/www.staging6.omrserrature.it\/prodotto\/cle-brute-pour-boite-aux-lettres\/"},"modified":"2026-04-08T12:05:54","modified_gmt":"2026-04-08T10:05:54","slug":"cle-brute-pour-boite-aux-lettres","status":"publish","type":"product","link":"https:\/\/www.omrserrature.it\/fr\/produit\/cle-brute-pour-boite-aux-lettres\/","title":{"rendered":"Cl\u00e9 brute pour \u00ab\u00a0bo\u00eete aux lettres\u00a0\u00bb"},"content":{"rendered":"<p>Cl\u00e9 brute de marque OMR <strong>pour bo\u00eetes aux lettres priv\u00e9es ou communales<\/strong>, en <strong>laiton de haute qualit\u00e9<\/strong>, pouvant \u00eatre<strong> cod\u00e9e sur demande.<\/strong> Stylo de 16 mm, manche large pour une utilisation confortable.<\/p>\n","protected":false},"excerpt":{"rendered":"<p>Cl\u00e9 brute de marque OMR <strong>pour bo\u00eetes aux lettres priv\u00e9es ou communales<\/strong>, en <strong>laiton de haute qualit\u00e9<\/strong>, pouvant \u00eatre<strong> cod\u00e9e sur demande.<\/strong> Stylo de 16 mm, manche large pour une utilisation confortable.<\/p>\n","protected":false},"featured_media":21358,"comment_status":"open","ping_status":"closed","template":"","meta":{"_acf_changed":false,"_et_pb_use_builder":"","_et_pb_old_content":"","_et_gb_content_width":""},"product_brand":[],"product_cat":[3671,3636],"product_tag":[],"class_list":{"0":"post-26245","1":"product","2":"type-product","3":"status-publish","4":"has-post-thumbnail","6":"product_cat-cles","7":"product_cat-produits","9":"first","10":"instock","11":"shipping-taxable","12":"product-type-simple"},"acf":{"pdf1":false},"yoast_head":"<!-- This site is optimized with the Yoast SEO plugin v27.2 - https:\/\/yoast.com\/product\/yoast-seo-wordpress\/ -->\n<title>Cl\u00e9 brute pour &quot;bo\u00eete aux lettres&quot; - OMR Serrature<\/title>\n<meta name=\"robots\" content=\"index, follow, max-snippet:-1, max-image-preview:large, max-video-preview:-1\" \/>\n<link rel=\"canonical\" href=\"https:\/\/www.omrserrature.it\/fr\/produit\/cle-brute-pour-boite-aux-lettres\/\" \/>\n<meta property=\"og:locale\" content=\"fr_FR\" \/>\n<meta property=\"og:type\" content=\"article\" \/>\n<meta property=\"og:title\" content=\"Cl\u00e9 brute pour &quot;bo\u00eete aux lettres&quot; - OMR Serrature\" \/>\n<meta property=\"og:description\" content=\"Cl\u00e9 brute de marque OMR pour bo\u00eetes aux lettres priv\u00e9es ou communales, en laiton de haute qualit\u00e9, pouvant \u00eatre cod\u00e9e sur demande. Stylo de 16 mm, manche large pour une utilisation confortable.\" \/>\n<meta property=\"og:url\" content=\"https:\/\/www.omrserrature.it\/fr\/produit\/cle-brute-pour-boite-aux-lettres\/\" \/>\n<meta property=\"og:site_name\" content=\"OMR Serrature | Produzione sistemi di chiusura\" \/>\n<meta property=\"article:publisher\" content=\"https:\/\/www.facebook.com\/OMRserrature\" \/>\n<meta property=\"article:modified_time\" content=\"2026-04-08T10:05:54+00:00\" \/>\n<meta property=\"og:image\" content=\"https:\/\/www.omrserrature.it\/wp-content\/uploads\/2018\/07\/SCHG05005.jpeg\" \/>\n\t<meta property=\"og:image:width\" content=\"1000\" \/>\n\t<meta property=\"og:image:height\" content=\"1000\" \/>\n\t<meta property=\"og:image:type\" content=\"image\/jpeg\" \/>\n<meta name=\"twitter:card\" content=\"summary_large_image\" \/>\n<script type=\"application\/ld+json\" class=\"yoast-schema-graph\">{\"@context\":\"https:\/\/schema.org\",\"@graph\":[{\"@type\":\"WebPage\",\"@id\":\"https:\/\/www.omrserrature.it\/fr\/produit\/cle-brute-pour-boite-aux-lettres\/\",\"url\":\"https:\/\/www.omrserrature.it\/fr\/produit\/cle-brute-pour-boite-aux-lettres\/\",\"name\":\"Cl\u00e9 brute pour \\\"bo\u00eete aux lettres\\\" - OMR Serrature\",\"isPartOf\":{\"@id\":\"https:\/\/www.omrserrature.it\/fr\/#website\"},\"primaryImageOfPage\":{\"@id\":\"https:\/\/www.omrserrature.it\/fr\/produit\/cle-brute-pour-boite-aux-lettres\/#primaryimage\"},\"image\":{\"@id\":\"https:\/\/www.omrserrature.it\/fr\/produit\/cle-brute-pour-boite-aux-lettres\/#primaryimage\"},\"thumbnailUrl\":\"https:\/\/www.omrserrature.it\/wp-content\/uploads\/2018\/07\/SCHG05005.jpeg\",\"datePublished\":\"2013-07-18T07:56:00+00:00\",\"dateModified\":\"2026-04-08T10:05:54+00:00\",\"breadcrumb\":{\"@id\":\"https:\/\/www.omrserrature.it\/fr\/produit\/cle-brute-pour-boite-aux-lettres\/#breadcrumb\"},\"inLanguage\":\"fr-FR\",\"potentialAction\":[{\"@type\":\"ReadAction\",\"target\":[\"https:\/\/www.omrserrature.it\/fr\/produit\/cle-brute-pour-boite-aux-lettres\/\"]}]},{\"@type\":\"ImageObject\",\"inLanguage\":\"fr-FR\",\"@id\":\"https:\/\/www.omrserrature.it\/fr\/produit\/cle-brute-pour-boite-aux-lettres\/#primaryimage\",\"url\":\"https:\/\/www.omrserrature.it\/wp-content\/uploads\/2018\/07\/SCHG05005.jpeg\",\"contentUrl\":\"https:\/\/www.omrserrature.it\/wp-content\/uploads\/2018\/07\/SCHG05005.jpeg\",\"width\":1000,\"height\":1000,\"caption\":\"Cl\u00e9 brute pour bo\u00eete aux lettres - SCHG05005\"},{\"@type\":\"BreadcrumbList\",\"@id\":\"https:\/\/www.omrserrature.it\/fr\/produit\/cle-brute-pour-boite-aux-lettres\/#breadcrumb\",\"itemListElement\":[{\"@type\":\"ListItem\",\"position\":1,\"name\":\"Home\",\"item\":\"https:\/\/www.omrserrature.it\/fr\/omr-serrures-et-systemes-de-verrouillage\/\"},{\"@type\":\"ListItem\",\"position\":2,\"name\":\"Catalogue\",\"item\":\"https:\/\/www.omrserrature.it\/catalogue\/?lang=fr\"},{\"@type\":\"ListItem\",\"position\":3,\"name\":\"Produits\",\"item\":\"https:\/\/www.omrserrature.it\/fr\/catalogue\/produits\/\"},{\"@type\":\"ListItem\",\"position\":4,\"name\":\"Accessoires et pi\u00e8ces d\u00e9tach\u00e9es\",\"item\":\"https:\/\/www.omrserrature.it\/fr\/catalogue\/produits\/accessoires-et-pieces-detachees\/\"},{\"@type\":\"ListItem\",\"position\":5,\"name\":\"Cl\u00e9s\",\"item\":\"https:\/\/www.omrserrature.it\/fr\/catalogue\/produits\/accessoires-et-pieces-detachees\/cles\/\"},{\"@type\":\"ListItem\",\"position\":6,\"name\":\"Cl\u00e9 brute pour \u00abbo\u00eete aux lettres\u00bb\"}]},{\"@type\":\"WebSite\",\"@id\":\"https:\/\/www.omrserrature.it\/fr\/#website\",\"url\":\"https:\/\/www.omrserrature.it\/fr\/\",\"name\":\"OMR Serrature | Produzione sistemi di chiusura\",\"description\":\"Produzione serrature di sicurezza e sistemi di chiusura\",\"publisher\":{\"@id\":\"https:\/\/www.omrserrature.it\/fr\/#organization\"},\"potentialAction\":[{\"@type\":\"SearchAction\",\"target\":{\"@type\":\"EntryPoint\",\"urlTemplate\":\"https:\/\/www.omrserrature.it\/fr\/?s={search_term_string}\"},\"query-input\":{\"@type\":\"PropertyValueSpecification\",\"valueRequired\":true,\"valueName\":\"search_term_string\"}}],\"inLanguage\":\"fr-FR\"},{\"@type\":\"Organization\",\"@id\":\"https:\/\/www.omrserrature.it\/fr\/#organization\",\"name\":\"OMR Serrature | Produzione sistemi di chiusura\",\"url\":\"https:\/\/www.omrserrature.it\/fr\/\",\"logo\":{\"@type\":\"ImageObject\",\"inLanguage\":\"fr-FR\",\"@id\":\"https:\/\/www.omrserrature.it\/fr\/#\/schema\/logo\/image\/\",\"url\":\"https:\/\/www.omrserrature.it\/wp-content\/uploads\/2017\/09\/favicon-omr-114.png\",\"contentUrl\":\"https:\/\/www.omrserrature.it\/wp-content\/uploads\/2017\/09\/favicon-omr-114.png\",\"width\":114,\"height\":114,\"caption\":\"OMR Serrature | Produzione sistemi di chiusura\"},\"image\":{\"@id\":\"https:\/\/www.omrserrature.it\/fr\/#\/schema\/logo\/image\/\"},\"sameAs\":[\"https:\/\/www.facebook.com\/OMRserrature\",\"https:\/\/www.linkedin.com\/company\/omrserrature\/\",\"https:\/\/www.youtube.com\/channel\/UCxmA85z2R0EpG_6IRokiAkg\"]}]}<\/script>\n<!-- \/ Yoast SEO plugin. -->","yoast_head_json":{"title":"Cl\u00e9 brute pour \"bo\u00eete aux lettres\" - OMR Serrature","robots":{"index":"index","follow":"follow","max-snippet":"max-snippet:-1","max-image-preview":"max-image-preview:large","max-video-preview":"max-video-preview:-1"},"canonical":"https:\/\/www.omrserrature.it\/fr\/produit\/cle-brute-pour-boite-aux-lettres\/","og_locale":"fr_FR","og_type":"article","og_title":"Cl\u00e9 brute pour \"bo\u00eete aux lettres\" - OMR Serrature","og_description":"Cl\u00e9 brute de marque OMR pour bo\u00eetes aux lettres priv\u00e9es ou communales, en laiton de haute qualit\u00e9, pouvant \u00eatre cod\u00e9e sur demande. Stylo de 16 mm, manche large pour une utilisation confortable.","og_url":"https:\/\/www.omrserrature.it\/fr\/produit\/cle-brute-pour-boite-aux-lettres\/","og_site_name":"OMR Serrature | Produzione sistemi di chiusura","article_publisher":"https:\/\/www.facebook.com\/OMRserrature","article_modified_time":"2026-04-08T10:05:54+00:00","og_image":[{"width":1000,"height":1000,"url":"https:\/\/www.omrserrature.it\/wp-content\/uploads\/2018\/07\/SCHG05005.jpeg","type":"image\/jpeg"}],"twitter_card":"summary_large_image","schema":{"@context":"https:\/\/schema.org","@graph":[{"@type":"WebPage","@id":"https:\/\/www.omrserrature.it\/fr\/produit\/cle-brute-pour-boite-aux-lettres\/","url":"https:\/\/www.omrserrature.it\/fr\/produit\/cle-brute-pour-boite-aux-lettres\/","name":"Cl\u00e9 brute pour \"bo\u00eete aux lettres\" - OMR Serrature","isPartOf":{"@id":"https:\/\/www.omrserrature.it\/fr\/#website"},"primaryImageOfPage":{"@id":"https:\/\/www.omrserrature.it\/fr\/produit\/cle-brute-pour-boite-aux-lettres\/#primaryimage"},"image":{"@id":"https:\/\/www.omrserrature.it\/fr\/produit\/cle-brute-pour-boite-aux-lettres\/#primaryimage"},"thumbnailUrl":"https:\/\/www.omrserrature.it\/wp-content\/uploads\/2018\/07\/SCHG05005.jpeg","datePublished":"2013-07-18T07:56:00+00:00","dateModified":"2026-04-08T10:05:54+00:00","breadcrumb":{"@id":"https:\/\/www.omrserrature.it\/fr\/produit\/cle-brute-pour-boite-aux-lettres\/#breadcrumb"},"inLanguage":"fr-FR","potentialAction":[{"@type":"ReadAction","target":["https:\/\/www.omrserrature.it\/fr\/produit\/cle-brute-pour-boite-aux-lettres\/"]}]},{"@type":"ImageObject","inLanguage":"fr-FR","@id":"https:\/\/www.omrserrature.it\/fr\/produit\/cle-brute-pour-boite-aux-lettres\/#primaryimage","url":"https:\/\/www.omrserrature.it\/wp-content\/uploads\/2018\/07\/SCHG05005.jpeg","contentUrl":"https:\/\/www.omrserrature.it\/wp-content\/uploads\/2018\/07\/SCHG05005.jpeg","width":1000,"height":1000,"caption":"Cl\u00e9 brute pour bo\u00eete aux lettres - SCHG05005"},{"@type":"BreadcrumbList","@id":"https:\/\/www.omrserrature.it\/fr\/produit\/cle-brute-pour-boite-aux-lettres\/#breadcrumb","itemListElement":[{"@type":"ListItem","position":1,"name":"Home","item":"https:\/\/www.omrserrature.it\/fr\/omr-serrures-et-systemes-de-verrouillage\/"},{"@type":"ListItem","position":2,"name":"Catalogue","item":"https:\/\/www.omrserrature.it\/catalogue\/?lang=fr"},{"@type":"ListItem","position":3,"name":"Produits","item":"https:\/\/www.omrserrature.it\/fr\/catalogue\/produits\/"},{"@type":"ListItem","position":4,"name":"Accessoires et pi\u00e8ces d\u00e9tach\u00e9es","item":"https:\/\/www.omrserrature.it\/fr\/catalogue\/produits\/accessoires-et-pieces-detachees\/"},{"@type":"ListItem","position":5,"name":"Cl\u00e9s","item":"https:\/\/www.omrserrature.it\/fr\/catalogue\/produits\/accessoires-et-pieces-detachees\/cles\/"},{"@type":"ListItem","position":6,"name":"Cl\u00e9 brute pour \u00abbo\u00eete aux lettres\u00bb"}]},{"@type":"WebSite","@id":"https:\/\/www.omrserrature.it\/fr\/#website","url":"https:\/\/www.omrserrature.it\/fr\/","name":"OMR Serrature | Produzione sistemi di chiusura","description":"Produzione serrature di sicurezza e sistemi di chiusura","publisher":{"@id":"https:\/\/www.omrserrature.it\/fr\/#organization"},"potentialAction":[{"@type":"SearchAction","target":{"@type":"EntryPoint","urlTemplate":"https:\/\/www.omrserrature.it\/fr\/?s={search_term_string}"},"query-input":{"@type":"PropertyValueSpecification","valueRequired":true,"valueName":"search_term_string"}}],"inLanguage":"fr-FR"},{"@type":"Organization","@id":"https:\/\/www.omrserrature.it\/fr\/#organization","name":"OMR Serrature | Produzione sistemi di chiusura","url":"https:\/\/www.omrserrature.it\/fr\/","logo":{"@type":"ImageObject","inLanguage":"fr-FR","@id":"https:\/\/www.omrserrature.it\/fr\/#\/schema\/logo\/image\/","url":"https:\/\/www.omrserrature.it\/wp-content\/uploads\/2017\/09\/favicon-omr-114.png","contentUrl":"https:\/\/www.omrserrature.it\/wp-content\/uploads\/2017\/09\/favicon-omr-114.png","width":114,"height":114,"caption":"OMR Serrature | Produzione sistemi di chiusura"},"image":{"@id":"https:\/\/www.omrserrature.it\/fr\/#\/schema\/logo\/image\/"},"sameAs":["https:\/\/www.facebook.com\/OMRserrature","https:\/\/www.linkedin.com\/company\/omrserrature\/","https:\/\/www.youtube.com\/channel\/UCxmA85z2R0EpG_6IRokiAkg"]}]}},"_links":{"self":[{"href":"https:\/\/www.omrserrature.it\/fr\/wp-json\/wp\/v2\/product\/26245","targetHints":{"allow":["GET"]}}],"collection":[{"href":"https:\/\/www.omrserrature.it\/fr\/wp-json\/wp\/v2\/product"}],"about":[{"href":"https:\/\/www.omrserrature.it\/fr\/wp-json\/wp\/v2\/types\/product"}],"replies":[{"embeddable":true,"href":"https:\/\/www.omrserrature.it\/fr\/wp-json\/wp\/v2\/comments?post=26245"}],"wp:featuredmedia":[{"embeddable":true,"href":"https:\/\/www.omrserrature.it\/fr\/wp-json\/wp\/v2\/media\/21358"}],"wp:attachment":[{"href":"https:\/\/www.omrserrature.it\/fr\/wp-json\/wp\/v2\/media?parent=26245"}],"wp:term":[{"taxonomy":"product_brand","embeddable":true,"href":"https:\/\/www.omrserrature.it\/fr\/wp-json\/wp\/v2\/product_brand?post=26245"},{"taxonomy":"product_cat","embeddable":true,"href":"https:\/\/www.omrserrature.it\/fr\/wp-json\/wp\/v2\/product_cat?post=26245"},{"taxonomy":"product_tag","embeddable":true,"href":"https:\/\/www.omrserrature.it\/fr\/wp-json\/wp\/v2\/product_tag?post=26245"}],"curies":[{"name":"wp","href":"https:\/\/api.w.org\/{rel}","templated":true}]}}