{"id":26213,"date":"2018-07-12T17:39:08","date_gmt":"2012-07-18T15:39:00","guid":{"rendered":"https:\/\/www.staging6.omrserrature.it\/prodotto\/poignee\/"},"modified":"2026-04-08T12:02:40","modified_gmt":"2026-04-08T10:02:40","slug":"poignee","status":"publish","type":"product","link":"https:\/\/www.omrserrature.it\/fr\/produit\/poignee\/","title":{"rendered":"Poign\u00e9e"},"content":{"rendered":"<p>Cette poign\u00e9e en plastique noir est sp\u00e9cialement con\u00e7ue pour les <strong>armoires \u00e0 portes coulissantes en m\u00e9tal<\/strong> et se trouve g\u00e9n\u00e9ralement dans les bureaux et les ateliers. Id\u00e9ale pour \u00eatre associ\u00e9e \u00e0 la <a href=\"https:\/\/www.omrserrature.it\/fr\/produit\/serrure-a-bouton-poussoir-pour-portes-coulissantes\/\" target=\"_new\" rel=\"noopener\">serrure pour porte coulissante &#8211; mod\u00e8le 160551<\/a>, la poign\u00e9e pour porte coulissante se distingue par sa praticit\u00e9 et son design \u00e9l\u00e9gant. <\/p>\n<ul>\n<li>Poign\u00e9e <strong>ergonomique :<\/strong> la forme de la poign\u00e9e est con\u00e7ue pour assurer une prise en main confortable et s\u00fbre, ce qui la rend id\u00e9ale pour une utilisation fr\u00e9quente.<\/li>\n<li>Fond <strong>usin\u00e9<\/strong> pour une meilleure prise en main <strong>:<\/strong> le fond de la poign\u00e9e est usin\u00e9 pour offrir une meilleure prise en main lors de l&rsquo;utilisation.<\/li>\n<li>Bord biseaut\u00e9 et <strong>installation<\/strong> par embo\u00eetement <strong>:<\/strong> le bord biseaut\u00e9 garantit un aspect fini et professionnel et les dimensions standard permettent une installation par embo\u00eetement facile et propre.<\/li>\n<li><strong>Mat\u00e9riaux de qualit\u00e9 :<\/strong> fabriqu\u00e9e en plastique noir durable, cette Poign\u00e9e est faite pour durer, conservant son esth\u00e9tique et sa fonctionnalit\u00e9 m\u00eame en cas d&rsquo;utilisation intensive.<\/li>\n<\/ul>\n<p>Id\u00e9ale pour le mobilier de bureau et d&rsquo;atelier, la Poign\u00e9e s&rsquo;adapte parfaitement \u00e0 tout type de Panneau coulissant, apportant une touche d&rsquo;\u00e9l\u00e9gance et de praticit\u00e9. Sa compatibilit\u00e9 avec le mod\u00e8le de serrure 160551 fait du duo un excellent choix pour ceux qui recherchent une solution compl\u00e8te et de haute qualit\u00e9. Avec son installation facile et sa durabilit\u00e9 garantie, cette poign\u00e9e est une solution pr\u00e9cieuse pour les armoires m\u00e9talliques avec des portes coulissantes.<\/p>\n","protected":false},"excerpt":{"rendered":"<p>Cette poign\u00e9e en plastique noir est sp\u00e9cialement con\u00e7ue pour les <strong>armoires \u00e0 portes coulissantes en m\u00e9tal<\/strong> et se trouve g\u00e9n\u00e9ralement dans les bureaux et les ateliers. Id\u00e9ale pour \u00eatre associ\u00e9e \u00e0 la <a href=\"https:\/\/www.omrserrature.it\/fr\/produit\/serrure-a-bouton-poussoir-pour-portes-coulissantes\/\" target=\"_new\" rel=\"noopener\">serrure pour porte coulissante &#8211; mod\u00e8le 160551<\/a>, la poign\u00e9e pour porte coulissante se distingue par sa praticit\u00e9 et son design \u00e9l\u00e9gant. <\/p>\n","protected":false},"featured_media":21579,"comment_status":"open","ping_status":"closed","template":"","meta":{"_acf_changed":false,"_et_pb_use_builder":"","_et_pb_old_content":"","_et_gb_content_width":""},"product_brand":[],"product_cat":[3676,3636],"product_tag":[],"class_list":{"0":"post-26213","1":"product","2":"type-product","3":"status-publish","4":"has-post-thumbnail","6":"product_cat-poignees","7":"product_cat-produits","9":"first","10":"instock","11":"shipping-taxable","12":"product-type-simple"},"acf":{"pdf1":false},"yoast_head":"<!-- This site is optimized with the Yoast SEO plugin v27.2 - https:\/\/yoast.com\/product\/yoast-seo-wordpress\/ -->\n<title>Poign\u00e9e - OMR Serrature<\/title>\n<meta name=\"robots\" content=\"index, follow, max-snippet:-1, max-image-preview:large, max-video-preview:-1\" \/>\n<link rel=\"canonical\" href=\"https:\/\/www.omrserrature.it\/fr\/produit\/poignee\/\" \/>\n<meta property=\"og:locale\" content=\"fr_FR\" \/>\n<meta property=\"og:type\" content=\"article\" \/>\n<meta property=\"og:title\" content=\"Poign\u00e9e - OMR Serrature\" \/>\n<meta property=\"og:description\" content=\"Cette poign\u00e9e en plastique noir est sp\u00e9cialement con\u00e7ue pour les armoires \u00e0 portes coulissantes en m\u00e9tal et se trouve g\u00e9n\u00e9ralement dans les bureaux et les ateliers. Id\u00e9ale pour \u00eatre associ\u00e9e \u00e0 la serrure pour porte coulissante - mod\u00e8le 160551, la poign\u00e9e pour porte coulissante se distingue par sa praticit\u00e9 et son design \u00e9l\u00e9gant.\" \/>\n<meta property=\"og:url\" content=\"https:\/\/www.omrserrature.it\/fr\/produit\/poignee\/\" \/>\n<meta property=\"og:site_name\" content=\"OMR Serrature | Produzione sistemi di chiusura\" \/>\n<meta property=\"article:publisher\" content=\"https:\/\/www.facebook.com\/OMRserrature\" \/>\n<meta property=\"article:modified_time\" content=\"2026-04-08T10:02:40+00:00\" \/>\n<meta property=\"og:image\" content=\"https:\/\/www.omrserrature.it\/wp-content\/uploads\/2018\/07\/Maniglietta-in-plastica-nera-MMAN04362.jpeg\" \/>\n\t<meta property=\"og:image:width\" content=\"1000\" \/>\n\t<meta property=\"og:image:height\" content=\"1000\" \/>\n\t<meta property=\"og:image:type\" content=\"image\/jpeg\" \/>\n<meta name=\"twitter:card\" content=\"summary_large_image\" \/>\n<meta name=\"twitter:label1\" content=\"Dur\u00e9e de lecture estim\u00e9e\" \/>\n\t<meta name=\"twitter:data1\" content=\"1 minute\" \/>\n<script type=\"application\/ld+json\" class=\"yoast-schema-graph\">{\"@context\":\"https:\/\/schema.org\",\"@graph\":[{\"@type\":\"WebPage\",\"@id\":\"https:\/\/www.omrserrature.it\/fr\/produit\/poignee\/\",\"url\":\"https:\/\/www.omrserrature.it\/fr\/produit\/poignee\/\",\"name\":\"Poign\u00e9e - OMR Serrature\",\"isPartOf\":{\"@id\":\"https:\/\/www.omrserrature.it\/fr\/#website\"},\"primaryImageOfPage\":{\"@id\":\"https:\/\/www.omrserrature.it\/fr\/produit\/poignee\/#primaryimage\"},\"image\":{\"@id\":\"https:\/\/www.omrserrature.it\/fr\/produit\/poignee\/#primaryimage\"},\"thumbnailUrl\":\"https:\/\/www.omrserrature.it\/wp-content\/uploads\/2018\/07\/Maniglietta-in-plastica-nera-MMAN04362.jpeg\",\"datePublished\":\"2012-07-18T15:39:00+00:00\",\"dateModified\":\"2026-04-08T10:02:40+00:00\",\"breadcrumb\":{\"@id\":\"https:\/\/www.omrserrature.it\/fr\/produit\/poignee\/#breadcrumb\"},\"inLanguage\":\"fr-FR\",\"potentialAction\":[{\"@type\":\"ReadAction\",\"target\":[\"https:\/\/www.omrserrature.it\/fr\/produit\/poignee\/\"]}]},{\"@type\":\"ImageObject\",\"inLanguage\":\"fr-FR\",\"@id\":\"https:\/\/www.omrserrature.it\/fr\/produit\/poignee\/#primaryimage\",\"url\":\"https:\/\/www.omrserrature.it\/wp-content\/uploads\/2018\/07\/Maniglietta-in-plastica-nera-MMAN04362.jpeg\",\"contentUrl\":\"https:\/\/www.omrserrature.it\/wp-content\/uploads\/2018\/07\/Maniglietta-in-plastica-nera-MMAN04362.jpeg\",\"width\":1000,\"height\":1000,\"caption\":\"MMAN04362 - Poign\u00e9e en plastique noir\"},{\"@type\":\"BreadcrumbList\",\"@id\":\"https:\/\/www.omrserrature.it\/fr\/produit\/poignee\/#breadcrumb\",\"itemListElement\":[{\"@type\":\"ListItem\",\"position\":1,\"name\":\"Home\",\"item\":\"https:\/\/www.omrserrature.it\/fr\/omr-serrures-et-systemes-de-verrouillage\/\"},{\"@type\":\"ListItem\",\"position\":2,\"name\":\"Catalogue\",\"item\":\"https:\/\/www.omrserrature.it\/catalogue\/?lang=fr\"},{\"@type\":\"ListItem\",\"position\":3,\"name\":\"Produits\",\"item\":\"https:\/\/www.omrserrature.it\/fr\/catalogue\/produits\/\"},{\"@type\":\"ListItem\",\"position\":4,\"name\":\"Poign\u00e9e\"}]},{\"@type\":\"WebSite\",\"@id\":\"https:\/\/www.omrserrature.it\/fr\/#website\",\"url\":\"https:\/\/www.omrserrature.it\/fr\/\",\"name\":\"OMR Serrature | Produzione sistemi di chiusura\",\"description\":\"Produzione serrature di sicurezza e sistemi di chiusura\",\"publisher\":{\"@id\":\"https:\/\/www.omrserrature.it\/fr\/#organization\"},\"potentialAction\":[{\"@type\":\"SearchAction\",\"target\":{\"@type\":\"EntryPoint\",\"urlTemplate\":\"https:\/\/www.omrserrature.it\/fr\/?s={search_term_string}\"},\"query-input\":{\"@type\":\"PropertyValueSpecification\",\"valueRequired\":true,\"valueName\":\"search_term_string\"}}],\"inLanguage\":\"fr-FR\"},{\"@type\":\"Organization\",\"@id\":\"https:\/\/www.omrserrature.it\/fr\/#organization\",\"name\":\"OMR Serrature | Produzione sistemi di chiusura\",\"url\":\"https:\/\/www.omrserrature.it\/fr\/\",\"logo\":{\"@type\":\"ImageObject\",\"inLanguage\":\"fr-FR\",\"@id\":\"https:\/\/www.omrserrature.it\/fr\/#\/schema\/logo\/image\/\",\"url\":\"https:\/\/www.omrserrature.it\/wp-content\/uploads\/2017\/09\/favicon-omr-114.png\",\"contentUrl\":\"https:\/\/www.omrserrature.it\/wp-content\/uploads\/2017\/09\/favicon-omr-114.png\",\"width\":114,\"height\":114,\"caption\":\"OMR Serrature | Produzione sistemi di chiusura\"},\"image\":{\"@id\":\"https:\/\/www.omrserrature.it\/fr\/#\/schema\/logo\/image\/\"},\"sameAs\":[\"https:\/\/www.facebook.com\/OMRserrature\",\"https:\/\/www.linkedin.com\/company\/omrserrature\/\",\"https:\/\/www.youtube.com\/channel\/UCxmA85z2R0EpG_6IRokiAkg\"]}]}<\/script>\n<!-- \/ Yoast SEO plugin. -->","yoast_head_json":{"title":"Poign\u00e9e - OMR Serrature","robots":{"index":"index","follow":"follow","max-snippet":"max-snippet:-1","max-image-preview":"max-image-preview:large","max-video-preview":"max-video-preview:-1"},"canonical":"https:\/\/www.omrserrature.it\/fr\/produit\/poignee\/","og_locale":"fr_FR","og_type":"article","og_title":"Poign\u00e9e - OMR Serrature","og_description":"Cette poign\u00e9e en plastique noir est sp\u00e9cialement con\u00e7ue pour les armoires \u00e0 portes coulissantes en m\u00e9tal et se trouve g\u00e9n\u00e9ralement dans les bureaux et les ateliers. Id\u00e9ale pour \u00eatre associ\u00e9e \u00e0 la serrure pour porte coulissante - mod\u00e8le 160551, la poign\u00e9e pour porte coulissante se distingue par sa praticit\u00e9 et son design \u00e9l\u00e9gant.","og_url":"https:\/\/www.omrserrature.it\/fr\/produit\/poignee\/","og_site_name":"OMR Serrature | Produzione sistemi di chiusura","article_publisher":"https:\/\/www.facebook.com\/OMRserrature","article_modified_time":"2026-04-08T10:02:40+00:00","og_image":[{"width":1000,"height":1000,"url":"https:\/\/www.omrserrature.it\/wp-content\/uploads\/2018\/07\/Maniglietta-in-plastica-nera-MMAN04362.jpeg","type":"image\/jpeg"}],"twitter_card":"summary_large_image","twitter_misc":{"Dur\u00e9e de lecture estim\u00e9e":"1 minute"},"schema":{"@context":"https:\/\/schema.org","@graph":[{"@type":"WebPage","@id":"https:\/\/www.omrserrature.it\/fr\/produit\/poignee\/","url":"https:\/\/www.omrserrature.it\/fr\/produit\/poignee\/","name":"Poign\u00e9e - OMR Serrature","isPartOf":{"@id":"https:\/\/www.omrserrature.it\/fr\/#website"},"primaryImageOfPage":{"@id":"https:\/\/www.omrserrature.it\/fr\/produit\/poignee\/#primaryimage"},"image":{"@id":"https:\/\/www.omrserrature.it\/fr\/produit\/poignee\/#primaryimage"},"thumbnailUrl":"https:\/\/www.omrserrature.it\/wp-content\/uploads\/2018\/07\/Maniglietta-in-plastica-nera-MMAN04362.jpeg","datePublished":"2012-07-18T15:39:00+00:00","dateModified":"2026-04-08T10:02:40+00:00","breadcrumb":{"@id":"https:\/\/www.omrserrature.it\/fr\/produit\/poignee\/#breadcrumb"},"inLanguage":"fr-FR","potentialAction":[{"@type":"ReadAction","target":["https:\/\/www.omrserrature.it\/fr\/produit\/poignee\/"]}]},{"@type":"ImageObject","inLanguage":"fr-FR","@id":"https:\/\/www.omrserrature.it\/fr\/produit\/poignee\/#primaryimage","url":"https:\/\/www.omrserrature.it\/wp-content\/uploads\/2018\/07\/Maniglietta-in-plastica-nera-MMAN04362.jpeg","contentUrl":"https:\/\/www.omrserrature.it\/wp-content\/uploads\/2018\/07\/Maniglietta-in-plastica-nera-MMAN04362.jpeg","width":1000,"height":1000,"caption":"MMAN04362 - Poign\u00e9e en plastique noir"},{"@type":"BreadcrumbList","@id":"https:\/\/www.omrserrature.it\/fr\/produit\/poignee\/#breadcrumb","itemListElement":[{"@type":"ListItem","position":1,"name":"Home","item":"https:\/\/www.omrserrature.it\/fr\/omr-serrures-et-systemes-de-verrouillage\/"},{"@type":"ListItem","position":2,"name":"Catalogue","item":"https:\/\/www.omrserrature.it\/catalogue\/?lang=fr"},{"@type":"ListItem","position":3,"name":"Produits","item":"https:\/\/www.omrserrature.it\/fr\/catalogue\/produits\/"},{"@type":"ListItem","position":4,"name":"Poign\u00e9e"}]},{"@type":"WebSite","@id":"https:\/\/www.omrserrature.it\/fr\/#website","url":"https:\/\/www.omrserrature.it\/fr\/","name":"OMR Serrature | Produzione sistemi di chiusura","description":"Produzione serrature di sicurezza e sistemi di chiusura","publisher":{"@id":"https:\/\/www.omrserrature.it\/fr\/#organization"},"potentialAction":[{"@type":"SearchAction","target":{"@type":"EntryPoint","urlTemplate":"https:\/\/www.omrserrature.it\/fr\/?s={search_term_string}"},"query-input":{"@type":"PropertyValueSpecification","valueRequired":true,"valueName":"search_term_string"}}],"inLanguage":"fr-FR"},{"@type":"Organization","@id":"https:\/\/www.omrserrature.it\/fr\/#organization","name":"OMR Serrature | Produzione sistemi di chiusura","url":"https:\/\/www.omrserrature.it\/fr\/","logo":{"@type":"ImageObject","inLanguage":"fr-FR","@id":"https:\/\/www.omrserrature.it\/fr\/#\/schema\/logo\/image\/","url":"https:\/\/www.omrserrature.it\/wp-content\/uploads\/2017\/09\/favicon-omr-114.png","contentUrl":"https:\/\/www.omrserrature.it\/wp-content\/uploads\/2017\/09\/favicon-omr-114.png","width":114,"height":114,"caption":"OMR Serrature | Produzione sistemi di chiusura"},"image":{"@id":"https:\/\/www.omrserrature.it\/fr\/#\/schema\/logo\/image\/"},"sameAs":["https:\/\/www.facebook.com\/OMRserrature","https:\/\/www.linkedin.com\/company\/omrserrature\/","https:\/\/www.youtube.com\/channel\/UCxmA85z2R0EpG_6IRokiAkg"]}]}},"_links":{"self":[{"href":"https:\/\/www.omrserrature.it\/fr\/wp-json\/wp\/v2\/product\/26213","targetHints":{"allow":["GET"]}}],"collection":[{"href":"https:\/\/www.omrserrature.it\/fr\/wp-json\/wp\/v2\/product"}],"about":[{"href":"https:\/\/www.omrserrature.it\/fr\/wp-json\/wp\/v2\/types\/product"}],"replies":[{"embeddable":true,"href":"https:\/\/www.omrserrature.it\/fr\/wp-json\/wp\/v2\/comments?post=26213"}],"wp:featuredmedia":[{"embeddable":true,"href":"https:\/\/www.omrserrature.it\/fr\/wp-json\/wp\/v2\/media\/21579"}],"wp:attachment":[{"href":"https:\/\/www.omrserrature.it\/fr\/wp-json\/wp\/v2\/media?parent=26213"}],"wp:term":[{"taxonomy":"product_brand","embeddable":true,"href":"https:\/\/www.omrserrature.it\/fr\/wp-json\/wp\/v2\/product_brand?post=26213"},{"taxonomy":"product_cat","embeddable":true,"href":"https:\/\/www.omrserrature.it\/fr\/wp-json\/wp\/v2\/product_cat?post=26213"},{"taxonomy":"product_tag","embeddable":true,"href":"https:\/\/www.omrserrature.it\/fr\/wp-json\/wp\/v2\/product_tag?post=26213"}],"curies":[{"name":"wp","href":"https:\/\/api.w.org\/{rel}","templated":true}]}}