{"id":26193,"date":"2018-07-12T17:30:00","date_gmt":"2012-07-18T15:30:00","guid":{"rendered":"https:\/\/www.staging6.omrserrature.it\/prodotto\/douille-de-garniture\/"},"modified":"2026-04-08T12:05:36","modified_gmt":"2026-04-08T10:05:36","slug":"douille-de-garniture","status":"publish","type":"product","link":"https:\/\/www.omrserrature.it\/fr\/produit\/douille-de-garniture\/","title":{"rendered":"Bague de garniture"},"content":{"rendered":"<p>La bague de finition en plastique noir permet de terminer l&rsquo;installation de la serrure, ce qui aide \u00e0 int\u00e9grer la serrure dans l&rsquo;article fabriqu\u00e9 et \u00e0 corriger les imperfections potentielles du trou d&rsquo;installation. La bague, ou rosette, est \u00e9galement disponible en gris.<\/p>\n","protected":false},"excerpt":{"rendered":"<p>La bague de finition en plastique noir permet de terminer l&rsquo;installation de la serrure, ce qui aide \u00e0 int\u00e9grer la serrure dans l&rsquo;article fabriqu\u00e9 et \u00e0 corriger les imperfections potentielles du trou d&rsquo;installation. La bague, ou rosette, est \u00e9galement disponible en gris.<\/p>\n","protected":false},"featured_media":8705,"comment_status":"open","ping_status":"closed","template":"","meta":{"_acf_changed":false,"_et_pb_use_builder":"","_et_pb_old_content":"","_et_gb_content_width":""},"product_brand":[],"product_cat":[3670],"product_tag":[],"class_list":{"0":"post-26193","1":"product","2":"type-product","3":"status-publish","4":"has-post-thumbnail","6":"product_cat-boules-de-finition","8":"first","9":"instock","10":"shipping-taxable","11":"product-type-simple"},"acf":{"pdf1":false},"yoast_head":"<!-- This site is optimized with the Yoast SEO plugin v27.2 - https:\/\/yoast.com\/product\/yoast-seo-wordpress\/ -->\n<title>Bague de garniture - OMR Serrature<\/title>\n<meta name=\"robots\" content=\"index, follow, max-snippet:-1, max-image-preview:large, max-video-preview:-1\" \/>\n<link rel=\"canonical\" href=\"https:\/\/www.omrserrature.it\/fr\/produit\/douille-de-garniture\/\" \/>\n<meta property=\"og:locale\" content=\"fr_FR\" \/>\n<meta property=\"og:type\" content=\"article\" \/>\n<meta property=\"og:title\" content=\"Bague de garniture - OMR Serrature\" \/>\n<meta property=\"og:description\" content=\"La bague de finition en plastique noir permet de terminer l&#039;installation de la serrure, ce qui aide \u00e0 int\u00e9grer la serrure dans l&#039;article fabriqu\u00e9 et \u00e0 corriger les imperfections potentielles du trou d&#039;installation. La bague, ou rosette, est \u00e9galement disponible en gris.\" \/>\n<meta property=\"og:url\" content=\"https:\/\/www.omrserrature.it\/fr\/produit\/douille-de-garniture\/\" \/>\n<meta property=\"og:site_name\" content=\"OMR Serrature | Produzione sistemi di chiusura\" \/>\n<meta property=\"article:publisher\" content=\"https:\/\/www.facebook.com\/OMRserrature\" \/>\n<meta property=\"article:modified_time\" content=\"2026-04-08T10:05:36+00:00\" \/>\n<meta property=\"og:image\" content=\"https:\/\/www.omrserrature.it\/wp-content\/uploads\/2018\/07\/mostrina-anta-vetro-d22-SVAR00157.jpg\" \/>\n\t<meta property=\"og:image:width\" content=\"240\" \/>\n\t<meta property=\"og:image:height\" content=\"185\" \/>\n\t<meta property=\"og:image:type\" content=\"image\/jpeg\" \/>\n<meta name=\"twitter:card\" content=\"summary_large_image\" \/>\n<script type=\"application\/ld+json\" class=\"yoast-schema-graph\">{\"@context\":\"https:\/\/schema.org\",\"@graph\":[{\"@type\":\"WebPage\",\"@id\":\"https:\/\/www.omrserrature.it\/fr\/produit\/douille-de-garniture\/\",\"url\":\"https:\/\/www.omrserrature.it\/fr\/produit\/douille-de-garniture\/\",\"name\":\"Bague de garniture - OMR Serrature\",\"isPartOf\":{\"@id\":\"https:\/\/www.omrserrature.it\/fr\/#website\"},\"primaryImageOfPage\":{\"@id\":\"https:\/\/www.omrserrature.it\/fr\/produit\/douille-de-garniture\/#primaryimage\"},\"image\":{\"@id\":\"https:\/\/www.omrserrature.it\/fr\/produit\/douille-de-garniture\/#primaryimage\"},\"thumbnailUrl\":\"https:\/\/www.omrserrature.it\/wp-content\/uploads\/2018\/07\/mostrina-anta-vetro-d22-SVAR00157.jpg\",\"datePublished\":\"2012-07-18T15:30:00+00:00\",\"dateModified\":\"2026-04-08T10:05:36+00:00\",\"breadcrumb\":{\"@id\":\"https:\/\/www.omrserrature.it\/fr\/produit\/douille-de-garniture\/#breadcrumb\"},\"inLanguage\":\"fr-FR\",\"potentialAction\":[{\"@type\":\"ReadAction\",\"target\":[\"https:\/\/www.omrserrature.it\/fr\/produit\/douille-de-garniture\/\"]}]},{\"@type\":\"ImageObject\",\"inLanguage\":\"fr-FR\",\"@id\":\"https:\/\/www.omrserrature.it\/fr\/produit\/douille-de-garniture\/#primaryimage\",\"url\":\"https:\/\/www.omrserrature.it\/wp-content\/uploads\/2018\/07\/mostrina-anta-vetro-d22-SVAR00157.jpg\",\"contentUrl\":\"https:\/\/www.omrserrature.it\/wp-content\/uploads\/2018\/07\/mostrina-anta-vetro-d22-SVAR00157.jpg\",\"width\":240,\"height\":185,\"caption\":\"Bague de garniture en plastique noir de 22 mm de diam\u00e8tre - SVAR00157\"},{\"@type\":\"BreadcrumbList\",\"@id\":\"https:\/\/www.omrserrature.it\/fr\/produit\/douille-de-garniture\/#breadcrumb\",\"itemListElement\":[{\"@type\":\"ListItem\",\"position\":1,\"name\":\"Home\",\"item\":\"https:\/\/www.omrserrature.it\/fr\/omr-serrures-et-systemes-de-verrouillage\/\"},{\"@type\":\"ListItem\",\"position\":2,\"name\":\"Catalogue\",\"item\":\"https:\/\/www.omrserrature.it\/catalogue\/?lang=fr\"},{\"@type\":\"ListItem\",\"position\":3,\"name\":\"Produits\",\"item\":\"https:\/\/www.omrserrature.it\/fr\/catalogue\/produits\/\"},{\"@type\":\"ListItem\",\"position\":4,\"name\":\"Accessoires et pi\u00e8ces d\u00e9tach\u00e9es\",\"item\":\"https:\/\/www.omrserrature.it\/fr\/catalogue\/produits\/accessoires-et-pieces-detachees\/\"},{\"@type\":\"ListItem\",\"position\":5,\"name\":\"Boules de finition\",\"item\":\"https:\/\/www.omrserrature.it\/fr\/catalogue\/produits\/accessoires-et-pieces-detachees\/boules-de-finition\/\"},{\"@type\":\"ListItem\",\"position\":6,\"name\":\"Bague de garniture\"}]},{\"@type\":\"WebSite\",\"@id\":\"https:\/\/www.omrserrature.it\/fr\/#website\",\"url\":\"https:\/\/www.omrserrature.it\/fr\/\",\"name\":\"OMR Serrature | Produzione sistemi di chiusura\",\"description\":\"Produzione serrature di sicurezza e sistemi di chiusura\",\"publisher\":{\"@id\":\"https:\/\/www.omrserrature.it\/fr\/#organization\"},\"potentialAction\":[{\"@type\":\"SearchAction\",\"target\":{\"@type\":\"EntryPoint\",\"urlTemplate\":\"https:\/\/www.omrserrature.it\/fr\/?s={search_term_string}\"},\"query-input\":{\"@type\":\"PropertyValueSpecification\",\"valueRequired\":true,\"valueName\":\"search_term_string\"}}],\"inLanguage\":\"fr-FR\"},{\"@type\":\"Organization\",\"@id\":\"https:\/\/www.omrserrature.it\/fr\/#organization\",\"name\":\"OMR Serrature | Produzione sistemi di chiusura\",\"url\":\"https:\/\/www.omrserrature.it\/fr\/\",\"logo\":{\"@type\":\"ImageObject\",\"inLanguage\":\"fr-FR\",\"@id\":\"https:\/\/www.omrserrature.it\/fr\/#\/schema\/logo\/image\/\",\"url\":\"https:\/\/www.omrserrature.it\/wp-content\/uploads\/2017\/09\/favicon-omr-114.png\",\"contentUrl\":\"https:\/\/www.omrserrature.it\/wp-content\/uploads\/2017\/09\/favicon-omr-114.png\",\"width\":114,\"height\":114,\"caption\":\"OMR Serrature | Produzione sistemi di chiusura\"},\"image\":{\"@id\":\"https:\/\/www.omrserrature.it\/fr\/#\/schema\/logo\/image\/\"},\"sameAs\":[\"https:\/\/www.facebook.com\/OMRserrature\",\"https:\/\/www.linkedin.com\/company\/omrserrature\/\",\"https:\/\/www.youtube.com\/channel\/UCxmA85z2R0EpG_6IRokiAkg\"]}]}<\/script>\n<!-- \/ Yoast SEO plugin. -->","yoast_head_json":{"title":"Bague de garniture - OMR Serrature","robots":{"index":"index","follow":"follow","max-snippet":"max-snippet:-1","max-image-preview":"max-image-preview:large","max-video-preview":"max-video-preview:-1"},"canonical":"https:\/\/www.omrserrature.it\/fr\/produit\/douille-de-garniture\/","og_locale":"fr_FR","og_type":"article","og_title":"Bague de garniture - OMR Serrature","og_description":"La bague de finition en plastique noir permet de terminer l'installation de la serrure, ce qui aide \u00e0 int\u00e9grer la serrure dans l'article fabriqu\u00e9 et \u00e0 corriger les imperfections potentielles du trou d'installation. La bague, ou rosette, est \u00e9galement disponible en gris.","og_url":"https:\/\/www.omrserrature.it\/fr\/produit\/douille-de-garniture\/","og_site_name":"OMR Serrature | Produzione sistemi di chiusura","article_publisher":"https:\/\/www.facebook.com\/OMRserrature","article_modified_time":"2026-04-08T10:05:36+00:00","og_image":[{"width":240,"height":185,"url":"https:\/\/www.omrserrature.it\/wp-content\/uploads\/2018\/07\/mostrina-anta-vetro-d22-SVAR00157.jpg","type":"image\/jpeg"}],"twitter_card":"summary_large_image","schema":{"@context":"https:\/\/schema.org","@graph":[{"@type":"WebPage","@id":"https:\/\/www.omrserrature.it\/fr\/produit\/douille-de-garniture\/","url":"https:\/\/www.omrserrature.it\/fr\/produit\/douille-de-garniture\/","name":"Bague de garniture - OMR Serrature","isPartOf":{"@id":"https:\/\/www.omrserrature.it\/fr\/#website"},"primaryImageOfPage":{"@id":"https:\/\/www.omrserrature.it\/fr\/produit\/douille-de-garniture\/#primaryimage"},"image":{"@id":"https:\/\/www.omrserrature.it\/fr\/produit\/douille-de-garniture\/#primaryimage"},"thumbnailUrl":"https:\/\/www.omrserrature.it\/wp-content\/uploads\/2018\/07\/mostrina-anta-vetro-d22-SVAR00157.jpg","datePublished":"2012-07-18T15:30:00+00:00","dateModified":"2026-04-08T10:05:36+00:00","breadcrumb":{"@id":"https:\/\/www.omrserrature.it\/fr\/produit\/douille-de-garniture\/#breadcrumb"},"inLanguage":"fr-FR","potentialAction":[{"@type":"ReadAction","target":["https:\/\/www.omrserrature.it\/fr\/produit\/douille-de-garniture\/"]}]},{"@type":"ImageObject","inLanguage":"fr-FR","@id":"https:\/\/www.omrserrature.it\/fr\/produit\/douille-de-garniture\/#primaryimage","url":"https:\/\/www.omrserrature.it\/wp-content\/uploads\/2018\/07\/mostrina-anta-vetro-d22-SVAR00157.jpg","contentUrl":"https:\/\/www.omrserrature.it\/wp-content\/uploads\/2018\/07\/mostrina-anta-vetro-d22-SVAR00157.jpg","width":240,"height":185,"caption":"Bague de garniture en plastique noir de 22 mm de diam\u00e8tre - SVAR00157"},{"@type":"BreadcrumbList","@id":"https:\/\/www.omrserrature.it\/fr\/produit\/douille-de-garniture\/#breadcrumb","itemListElement":[{"@type":"ListItem","position":1,"name":"Home","item":"https:\/\/www.omrserrature.it\/fr\/omr-serrures-et-systemes-de-verrouillage\/"},{"@type":"ListItem","position":2,"name":"Catalogue","item":"https:\/\/www.omrserrature.it\/catalogue\/?lang=fr"},{"@type":"ListItem","position":3,"name":"Produits","item":"https:\/\/www.omrserrature.it\/fr\/catalogue\/produits\/"},{"@type":"ListItem","position":4,"name":"Accessoires et pi\u00e8ces d\u00e9tach\u00e9es","item":"https:\/\/www.omrserrature.it\/fr\/catalogue\/produits\/accessoires-et-pieces-detachees\/"},{"@type":"ListItem","position":5,"name":"Boules de finition","item":"https:\/\/www.omrserrature.it\/fr\/catalogue\/produits\/accessoires-et-pieces-detachees\/boules-de-finition\/"},{"@type":"ListItem","position":6,"name":"Bague de garniture"}]},{"@type":"WebSite","@id":"https:\/\/www.omrserrature.it\/fr\/#website","url":"https:\/\/www.omrserrature.it\/fr\/","name":"OMR Serrature | Produzione sistemi di chiusura","description":"Produzione serrature di sicurezza e sistemi di chiusura","publisher":{"@id":"https:\/\/www.omrserrature.it\/fr\/#organization"},"potentialAction":[{"@type":"SearchAction","target":{"@type":"EntryPoint","urlTemplate":"https:\/\/www.omrserrature.it\/fr\/?s={search_term_string}"},"query-input":{"@type":"PropertyValueSpecification","valueRequired":true,"valueName":"search_term_string"}}],"inLanguage":"fr-FR"},{"@type":"Organization","@id":"https:\/\/www.omrserrature.it\/fr\/#organization","name":"OMR Serrature | Produzione sistemi di chiusura","url":"https:\/\/www.omrserrature.it\/fr\/","logo":{"@type":"ImageObject","inLanguage":"fr-FR","@id":"https:\/\/www.omrserrature.it\/fr\/#\/schema\/logo\/image\/","url":"https:\/\/www.omrserrature.it\/wp-content\/uploads\/2017\/09\/favicon-omr-114.png","contentUrl":"https:\/\/www.omrserrature.it\/wp-content\/uploads\/2017\/09\/favicon-omr-114.png","width":114,"height":114,"caption":"OMR Serrature | Produzione sistemi di chiusura"},"image":{"@id":"https:\/\/www.omrserrature.it\/fr\/#\/schema\/logo\/image\/"},"sameAs":["https:\/\/www.facebook.com\/OMRserrature","https:\/\/www.linkedin.com\/company\/omrserrature\/","https:\/\/www.youtube.com\/channel\/UCxmA85z2R0EpG_6IRokiAkg"]}]}},"_links":{"self":[{"href":"https:\/\/www.omrserrature.it\/fr\/wp-json\/wp\/v2\/product\/26193","targetHints":{"allow":["GET"]}}],"collection":[{"href":"https:\/\/www.omrserrature.it\/fr\/wp-json\/wp\/v2\/product"}],"about":[{"href":"https:\/\/www.omrserrature.it\/fr\/wp-json\/wp\/v2\/types\/product"}],"replies":[{"embeddable":true,"href":"https:\/\/www.omrserrature.it\/fr\/wp-json\/wp\/v2\/comments?post=26193"}],"wp:featuredmedia":[{"embeddable":true,"href":"https:\/\/www.omrserrature.it\/fr\/wp-json\/wp\/v2\/media\/8705"}],"wp:attachment":[{"href":"https:\/\/www.omrserrature.it\/fr\/wp-json\/wp\/v2\/media?parent=26193"}],"wp:term":[{"taxonomy":"product_brand","embeddable":true,"href":"https:\/\/www.omrserrature.it\/fr\/wp-json\/wp\/v2\/product_brand?post=26193"},{"taxonomy":"product_cat","embeddable":true,"href":"https:\/\/www.omrserrature.it\/fr\/wp-json\/wp\/v2\/product_cat?post=26193"},{"taxonomy":"product_tag","embeddable":true,"href":"https:\/\/www.omrserrature.it\/fr\/wp-json\/wp\/v2\/product_tag?post=26193"}],"curies":[{"name":"wp","href":"https:\/\/api.w.org\/{rel}","templated":true}]}}