{"id":26189,"date":"2018-07-13T10:19:39","date_gmt":"2013-07-18T08:19:00","guid":{"rendered":"https:\/\/www.staging6.omrserrature.it\/prodotto\/cle-a-empreinte-en-plastique-col-d13\/"},"modified":"2026-04-08T12:01:29","modified_gmt":"2026-04-08T10:01:29","slug":"cle-a-empreinte-en-plastique-col-d13","status":"publish","type":"product","link":"https:\/\/www.omrserrature.it\/fr\/produit\/cle-a-empreinte-en-plastique-col-d13\/","title":{"rendered":"Cl\u00e9 \u00e0 douille en plastique &#8211; col D13"},"content":{"rendered":"<p style=\"font-weight: 400;\">La <strong>cl\u00e9 \u00e0 douille<\/strong> en polyamide avec un col de <strong>13 mm de diam\u00e8tre<\/strong> est dot\u00e9e d&rsquo;une poign\u00e9e anatomique antid\u00e9rapante \u00e0 l&rsquo;extr\u00e9mit\u00e9 de laquelle se trouve la <strong>forme de l&rsquo;insert <\/strong>avec<strong> carr\u00e9 <\/strong>ou<strong> triangle<\/strong>. Gr\u00e2ce \u00e0 leur <strong>petite taille<\/strong>, ces cl\u00e9s sont extr\u00eamement pratiques et polyvalentes par rapport \u00e0 leurs cons\u0153urs \u00ab\u00a0big size\u00a0\u00bb en alliage de zamak nickel\u00e9. Ils sont g\u00e9n\u00e9ralement utilis\u00e9s pour man\u0153uvrer des <strong>serrure pompiers<\/strong> \u00bc <strong>de tour<\/strong>, triangulaires ou carr\u00e9es, que l&rsquo;on trouve sur les tableaux \u00e9lectriques, les portes de compteurs et un grand nombre d&rsquo;ouvrages m\u00e9talliques.<\/p>\n","protected":false},"excerpt":{"rendered":"<p>La cl\u00e9 \u00e0 douille en polyamide avec un col de 13 mm de diam\u00e8tre comporte une poign\u00e9e anatomique antid\u00e9rapante \u00e0 l&rsquo;extr\u00e9mit\u00e9 de laquelle se trouve la forme d&rsquo;insert carr\u00e9 ou triangulaire. Elles sont couramment utilis\u00e9es pour man\u0153uvrer les serrures \u00bc de tour, \u00e0 serrure pompiers triangulaire ou carr\u00e9e, que l&rsquo;on trouve sur les tableaux \u00e9lectriques, les compteurs et sur un grand nombre d&rsquo;\u00e9l\u00e9ments de menuiserie m\u00e9tallique. <\/p>\n","protected":false},"featured_media":21471,"comment_status":"open","ping_status":"closed","template":"","meta":{"_acf_changed":false,"_et_pb_use_builder":"","_et_pb_old_content":"","_et_gb_content_width":""},"product_brand":[],"product_cat":[3671,3636],"product_tag":[],"class_list":{"0":"post-26189","1":"product","2":"type-product","3":"status-publish","4":"has-post-thumbnail","6":"product_cat-cles","7":"product_cat-produits","9":"first","10":"instock","11":"shipping-taxable","12":"purchasable","13":"product-type-variable"},"acf":{"pdf1":false},"yoast_head":"<!-- This site is optimized with the Yoast SEO plugin v27.2 - https:\/\/yoast.com\/product\/yoast-seo-wordpress\/ -->\n<title>Cl\u00e9 \u00e0 douille en plastique - col D13 - OMR Serrature<\/title>\n<meta name=\"robots\" content=\"index, follow, max-snippet:-1, max-image-preview:large, max-video-preview:-1\" \/>\n<link rel=\"canonical\" href=\"https:\/\/www.omrserrature.it\/fr\/produit\/cle-a-empreinte-en-plastique-col-d13\/\" \/>\n<meta property=\"og:locale\" content=\"fr_FR\" \/>\n<meta property=\"og:type\" content=\"article\" \/>\n<meta property=\"og:title\" content=\"Cl\u00e9 \u00e0 douille en plastique - col D13 - OMR Serrature\" \/>\n<meta property=\"og:description\" content=\"La cl\u00e9 \u00e0 douille en polyamide avec un col de 13 mm de diam\u00e8tre comporte une poign\u00e9e anatomique antid\u00e9rapante \u00e0 l&#039;extr\u00e9mit\u00e9 de laquelle se trouve la forme d&#039;insert carr\u00e9 ou triangulaire. Elles sont couramment utilis\u00e9es pour man\u0153uvrer les serrures \u00bc de tour, \u00e0 serrure pompiers triangulaire ou carr\u00e9e, que l&#039;on trouve sur les tableaux \u00e9lectriques, les compteurs et sur un grand nombre d&#039;\u00e9l\u00e9ments de menuiserie m\u00e9tallique.\" \/>\n<meta property=\"og:url\" content=\"https:\/\/www.omrserrature.it\/fr\/produit\/cle-a-empreinte-en-plastique-col-d13\/\" \/>\n<meta property=\"og:site_name\" content=\"OMR Serrature | Produzione sistemi di chiusura\" \/>\n<meta property=\"article:publisher\" content=\"https:\/\/www.facebook.com\/OMRserrature\" \/>\n<meta property=\"article:modified_time\" content=\"2026-04-08T10:01:29+00:00\" \/>\n<meta property=\"og:image\" content=\"https:\/\/www.omrserrature.it\/wp-content\/uploads\/2018\/07\/SCHD04454-Chiave-in-plastica-a-impronta-collo-D13.jpg\" \/>\n\t<meta property=\"og:image:width\" content=\"1000\" \/>\n\t<meta property=\"og:image:height\" content=\"1000\" \/>\n\t<meta property=\"og:image:type\" content=\"image\/jpeg\" \/>\n<meta name=\"twitter:card\" content=\"summary_large_image\" \/>\n<script type=\"application\/ld+json\" class=\"yoast-schema-graph\">{\"@context\":\"https:\/\/schema.org\",\"@graph\":[{\"@type\":\"WebPage\",\"@id\":\"https:\/\/www.omrserrature.it\/fr\/produit\/cle-a-empreinte-en-plastique-col-d13\/\",\"url\":\"https:\/\/www.omrserrature.it\/fr\/produit\/cle-a-empreinte-en-plastique-col-d13\/\",\"name\":\"Cl\u00e9 \u00e0 douille en plastique - col D13 - OMR Serrature\",\"isPartOf\":{\"@id\":\"https:\/\/www.omrserrature.it\/fr\/#website\"},\"primaryImageOfPage\":{\"@id\":\"https:\/\/www.omrserrature.it\/fr\/produit\/cle-a-empreinte-en-plastique-col-d13\/#primaryimage\"},\"image\":{\"@id\":\"https:\/\/www.omrserrature.it\/fr\/produit\/cle-a-empreinte-en-plastique-col-d13\/#primaryimage\"},\"thumbnailUrl\":\"https:\/\/www.omrserrature.it\/wp-content\/uploads\/2018\/07\/SCHD04454-Chiave-in-plastica-a-impronta-collo-D13.jpg\",\"datePublished\":\"2013-07-18T08:19:00+00:00\",\"dateModified\":\"2026-04-08T10:01:29+00:00\",\"breadcrumb\":{\"@id\":\"https:\/\/www.omrserrature.it\/fr\/produit\/cle-a-empreinte-en-plastique-col-d13\/#breadcrumb\"},\"inLanguage\":\"fr-FR\",\"potentialAction\":[{\"@type\":\"ReadAction\",\"target\":[\"https:\/\/www.omrserrature.it\/fr\/produit\/cle-a-empreinte-en-plastique-col-d13\/\"]}]},{\"@type\":\"ImageObject\",\"inLanguage\":\"fr-FR\",\"@id\":\"https:\/\/www.omrserrature.it\/fr\/produit\/cle-a-empreinte-en-plastique-col-d13\/#primaryimage\",\"url\":\"https:\/\/www.omrserrature.it\/wp-content\/uploads\/2018\/07\/SCHD04454-Chiave-in-plastica-a-impronta-collo-D13.jpg\",\"contentUrl\":\"https:\/\/www.omrserrature.it\/wp-content\/uploads\/2018\/07\/SCHD04454-Chiave-in-plastica-a-impronta-collo-D13.jpg\",\"width\":1000,\"height\":1000,\"caption\":\"Cl\u00e9 \u00e0 douille en plastique D13 -SCHD04454\"},{\"@type\":\"BreadcrumbList\",\"@id\":\"https:\/\/www.omrserrature.it\/fr\/produit\/cle-a-empreinte-en-plastique-col-d13\/#breadcrumb\",\"itemListElement\":[{\"@type\":\"ListItem\",\"position\":1,\"name\":\"Home\",\"item\":\"https:\/\/www.omrserrature.it\/fr\/omr-serrures-et-systemes-de-verrouillage\/\"},{\"@type\":\"ListItem\",\"position\":2,\"name\":\"Catalogue\",\"item\":\"https:\/\/www.omrserrature.it\/catalogue\/?lang=fr\"},{\"@type\":\"ListItem\",\"position\":3,\"name\":\"Produits\",\"item\":\"https:\/\/www.omrserrature.it\/fr\/catalogue\/produits\/\"},{\"@type\":\"ListItem\",\"position\":4,\"name\":\"Cl\u00e9 \u00e0 douille en plastique &#8211; col D13\"}]},{\"@type\":\"WebSite\",\"@id\":\"https:\/\/www.omrserrature.it\/fr\/#website\",\"url\":\"https:\/\/www.omrserrature.it\/fr\/\",\"name\":\"OMR Serrature | Produzione sistemi di chiusura\",\"description\":\"Produzione serrature di sicurezza e sistemi di chiusura\",\"publisher\":{\"@id\":\"https:\/\/www.omrserrature.it\/fr\/#organization\"},\"potentialAction\":[{\"@type\":\"SearchAction\",\"target\":{\"@type\":\"EntryPoint\",\"urlTemplate\":\"https:\/\/www.omrserrature.it\/fr\/?s={search_term_string}\"},\"query-input\":{\"@type\":\"PropertyValueSpecification\",\"valueRequired\":true,\"valueName\":\"search_term_string\"}}],\"inLanguage\":\"fr-FR\"},{\"@type\":\"Organization\",\"@id\":\"https:\/\/www.omrserrature.it\/fr\/#organization\",\"name\":\"OMR Serrature | Produzione sistemi di chiusura\",\"url\":\"https:\/\/www.omrserrature.it\/fr\/\",\"logo\":{\"@type\":\"ImageObject\",\"inLanguage\":\"fr-FR\",\"@id\":\"https:\/\/www.omrserrature.it\/fr\/#\/schema\/logo\/image\/\",\"url\":\"https:\/\/www.omrserrature.it\/wp-content\/uploads\/2017\/09\/favicon-omr-114.png\",\"contentUrl\":\"https:\/\/www.omrserrature.it\/wp-content\/uploads\/2017\/09\/favicon-omr-114.png\",\"width\":114,\"height\":114,\"caption\":\"OMR Serrature | Produzione sistemi di chiusura\"},\"image\":{\"@id\":\"https:\/\/www.omrserrature.it\/fr\/#\/schema\/logo\/image\/\"},\"sameAs\":[\"https:\/\/www.facebook.com\/OMRserrature\",\"https:\/\/www.linkedin.com\/company\/omrserrature\/\",\"https:\/\/www.youtube.com\/channel\/UCxmA85z2R0EpG_6IRokiAkg\"]}]}<\/script>\n<!-- \/ Yoast SEO plugin. -->","yoast_head_json":{"title":"Cl\u00e9 \u00e0 douille en plastique - col D13 - OMR Serrature","robots":{"index":"index","follow":"follow","max-snippet":"max-snippet:-1","max-image-preview":"max-image-preview:large","max-video-preview":"max-video-preview:-1"},"canonical":"https:\/\/www.omrserrature.it\/fr\/produit\/cle-a-empreinte-en-plastique-col-d13\/","og_locale":"fr_FR","og_type":"article","og_title":"Cl\u00e9 \u00e0 douille en plastique - col D13 - OMR Serrature","og_description":"La cl\u00e9 \u00e0 douille en polyamide avec un col de 13 mm de diam\u00e8tre comporte une poign\u00e9e anatomique antid\u00e9rapante \u00e0 l'extr\u00e9mit\u00e9 de laquelle se trouve la forme d'insert carr\u00e9 ou triangulaire. Elles sont couramment utilis\u00e9es pour man\u0153uvrer les serrures \u00bc de tour, \u00e0 serrure pompiers triangulaire ou carr\u00e9e, que l'on trouve sur les tableaux \u00e9lectriques, les compteurs et sur un grand nombre d'\u00e9l\u00e9ments de menuiserie m\u00e9tallique.","og_url":"https:\/\/www.omrserrature.it\/fr\/produit\/cle-a-empreinte-en-plastique-col-d13\/","og_site_name":"OMR Serrature | Produzione sistemi di chiusura","article_publisher":"https:\/\/www.facebook.com\/OMRserrature","article_modified_time":"2026-04-08T10:01:29+00:00","og_image":[{"width":1000,"height":1000,"url":"https:\/\/www.omrserrature.it\/wp-content\/uploads\/2018\/07\/SCHD04454-Chiave-in-plastica-a-impronta-collo-D13.jpg","type":"image\/jpeg"}],"twitter_card":"summary_large_image","schema":{"@context":"https:\/\/schema.org","@graph":[{"@type":"WebPage","@id":"https:\/\/www.omrserrature.it\/fr\/produit\/cle-a-empreinte-en-plastique-col-d13\/","url":"https:\/\/www.omrserrature.it\/fr\/produit\/cle-a-empreinte-en-plastique-col-d13\/","name":"Cl\u00e9 \u00e0 douille en plastique - col D13 - OMR Serrature","isPartOf":{"@id":"https:\/\/www.omrserrature.it\/fr\/#website"},"primaryImageOfPage":{"@id":"https:\/\/www.omrserrature.it\/fr\/produit\/cle-a-empreinte-en-plastique-col-d13\/#primaryimage"},"image":{"@id":"https:\/\/www.omrserrature.it\/fr\/produit\/cle-a-empreinte-en-plastique-col-d13\/#primaryimage"},"thumbnailUrl":"https:\/\/www.omrserrature.it\/wp-content\/uploads\/2018\/07\/SCHD04454-Chiave-in-plastica-a-impronta-collo-D13.jpg","datePublished":"2013-07-18T08:19:00+00:00","dateModified":"2026-04-08T10:01:29+00:00","breadcrumb":{"@id":"https:\/\/www.omrserrature.it\/fr\/produit\/cle-a-empreinte-en-plastique-col-d13\/#breadcrumb"},"inLanguage":"fr-FR","potentialAction":[{"@type":"ReadAction","target":["https:\/\/www.omrserrature.it\/fr\/produit\/cle-a-empreinte-en-plastique-col-d13\/"]}]},{"@type":"ImageObject","inLanguage":"fr-FR","@id":"https:\/\/www.omrserrature.it\/fr\/produit\/cle-a-empreinte-en-plastique-col-d13\/#primaryimage","url":"https:\/\/www.omrserrature.it\/wp-content\/uploads\/2018\/07\/SCHD04454-Chiave-in-plastica-a-impronta-collo-D13.jpg","contentUrl":"https:\/\/www.omrserrature.it\/wp-content\/uploads\/2018\/07\/SCHD04454-Chiave-in-plastica-a-impronta-collo-D13.jpg","width":1000,"height":1000,"caption":"Cl\u00e9 \u00e0 douille en plastique D13 -SCHD04454"},{"@type":"BreadcrumbList","@id":"https:\/\/www.omrserrature.it\/fr\/produit\/cle-a-empreinte-en-plastique-col-d13\/#breadcrumb","itemListElement":[{"@type":"ListItem","position":1,"name":"Home","item":"https:\/\/www.omrserrature.it\/fr\/omr-serrures-et-systemes-de-verrouillage\/"},{"@type":"ListItem","position":2,"name":"Catalogue","item":"https:\/\/www.omrserrature.it\/catalogue\/?lang=fr"},{"@type":"ListItem","position":3,"name":"Produits","item":"https:\/\/www.omrserrature.it\/fr\/catalogue\/produits\/"},{"@type":"ListItem","position":4,"name":"Cl\u00e9 \u00e0 douille en plastique &#8211; col D13"}]},{"@type":"WebSite","@id":"https:\/\/www.omrserrature.it\/fr\/#website","url":"https:\/\/www.omrserrature.it\/fr\/","name":"OMR Serrature | Produzione sistemi di chiusura","description":"Produzione serrature di sicurezza e sistemi di chiusura","publisher":{"@id":"https:\/\/www.omrserrature.it\/fr\/#organization"},"potentialAction":[{"@type":"SearchAction","target":{"@type":"EntryPoint","urlTemplate":"https:\/\/www.omrserrature.it\/fr\/?s={search_term_string}"},"query-input":{"@type":"PropertyValueSpecification","valueRequired":true,"valueName":"search_term_string"}}],"inLanguage":"fr-FR"},{"@type":"Organization","@id":"https:\/\/www.omrserrature.it\/fr\/#organization","name":"OMR Serrature | Produzione sistemi di chiusura","url":"https:\/\/www.omrserrature.it\/fr\/","logo":{"@type":"ImageObject","inLanguage":"fr-FR","@id":"https:\/\/www.omrserrature.it\/fr\/#\/schema\/logo\/image\/","url":"https:\/\/www.omrserrature.it\/wp-content\/uploads\/2017\/09\/favicon-omr-114.png","contentUrl":"https:\/\/www.omrserrature.it\/wp-content\/uploads\/2017\/09\/favicon-omr-114.png","width":114,"height":114,"caption":"OMR Serrature | Produzione sistemi di chiusura"},"image":{"@id":"https:\/\/www.omrserrature.it\/fr\/#\/schema\/logo\/image\/"},"sameAs":["https:\/\/www.facebook.com\/OMRserrature","https:\/\/www.linkedin.com\/company\/omrserrature\/","https:\/\/www.youtube.com\/channel\/UCxmA85z2R0EpG_6IRokiAkg"]}]}},"_links":{"self":[{"href":"https:\/\/www.omrserrature.it\/fr\/wp-json\/wp\/v2\/product\/26189","targetHints":{"allow":["GET"]}}],"collection":[{"href":"https:\/\/www.omrserrature.it\/fr\/wp-json\/wp\/v2\/product"}],"about":[{"href":"https:\/\/www.omrserrature.it\/fr\/wp-json\/wp\/v2\/types\/product"}],"replies":[{"embeddable":true,"href":"https:\/\/www.omrserrature.it\/fr\/wp-json\/wp\/v2\/comments?post=26189"}],"wp:featuredmedia":[{"embeddable":true,"href":"https:\/\/www.omrserrature.it\/fr\/wp-json\/wp\/v2\/media\/21471"}],"wp:attachment":[{"href":"https:\/\/www.omrserrature.it\/fr\/wp-json\/wp\/v2\/media?parent=26189"}],"wp:term":[{"taxonomy":"product_brand","embeddable":true,"href":"https:\/\/www.omrserrature.it\/fr\/wp-json\/wp\/v2\/product_brand?post=26189"},{"taxonomy":"product_cat","embeddable":true,"href":"https:\/\/www.omrserrature.it\/fr\/wp-json\/wp\/v2\/product_cat?post=26189"},{"taxonomy":"product_tag","embeddable":true,"href":"https:\/\/www.omrserrature.it\/fr\/wp-json\/wp\/v2\/product_tag?post=26189"}],"curies":[{"name":"wp","href":"https:\/\/api.w.org\/{rel}","templated":true}]}}