{"id":26179,"date":"2018-07-13T11:36:53","date_gmt":"2013-07-18T09:36:00","guid":{"rendered":"https:\/\/www.staging6.omrserrature.it\/prodotto\/entretoise-pour-la-serrure-220315-et-220317\/"},"modified":"2026-04-08T11:53:41","modified_gmt":"2026-04-08T09:53:41","slug":"entretoise-pour-la-serrure-220315-et-220317","status":"publish","type":"product","link":"https:\/\/www.omrserrature.it\/fr\/produit\/entretoise-pour-la-serrure-220315-et-220317\/","title":{"rendered":"Entretoise pour la serrure 220315 et 220317"},"content":{"rendered":"<p>L&rsquo;<strong>entretoise en plastique noir<\/strong> pour la <a href=\"https:\/\/www.omrserrature.it\/fr\/serratura-porte-scorrevoli-2\/\" target=\"_blank\" rel=\"noopener\">serrure de porte coulissante &#8211; mod\u00e8le 220315<\/a> est un composant accessoire con\u00e7u pour assurer une installation parfaite de la serrure de porte coulissante. Cette entretoise est sp\u00e9cialement con\u00e7ue pour r\u00e9soudre le probl\u00e8me des portes dont l&rsquo;\u00e9paisseur est inf\u00e9rieure \u00e0 la norme pour laquelle la serrure a \u00e9t\u00e9 con\u00e7ue \u00e0 l&rsquo;origine. Fabriqu\u00e9e \u00e0 partir de mat\u00e9riaux de qualit\u00e9, l&rsquo;entretoise est robuste et durable, et compl\u00e8te le design de la serrure et de la porte.  <\/p>\n<p>L&rsquo;utilisation de cette cale est simple et intuitive : il suffit de la placer entre la serrure et le panneau coulissant, ce qui permet un r\u00e9glage pr\u00e9cis pour compenser l&rsquo;\u00e9paisseur r\u00e9duite de la porte, pour une installation s\u00fbre et stable.<\/p>\n","protected":false},"excerpt":{"rendered":"<p>L&rsquo;<strong>entretoise en plastique noir<\/strong> pour <a href=\"https:\/\/www.omrserrature.it\/fr\/serratura-porte-scorrevoli-2\/\" target=\"_blank\" rel=\"noopener\">serrure mod\u00e8le 220315<\/a> est un composant accessoire con\u00e7u pour assurer une installation parfaite de la <strong>serrure de la porte coulissante<\/strong>.<\/p>\n","protected":false},"featured_media":21544,"comment_status":"open","ping_status":"closed","template":"","meta":{"_acf_changed":false,"_et_pb_use_builder":"","_et_pb_old_content":"","_et_gb_content_width":""},"product_brand":[],"product_cat":[3674,3636],"product_tag":[],"class_list":{"0":"post-26179","1":"product","2":"type-product","3":"status-publish","4":"has-post-thumbnail","6":"product_cat-entretoises-et-adaptateurs","7":"product_cat-produits","9":"first","10":"instock","11":"shipping-taxable","12":"product-type-simple"},"acf":{"pdf1":false},"yoast_head":"<!-- This site is optimized with the Yoast SEO plugin v27.2 - https:\/\/yoast.com\/product\/yoast-seo-wordpress\/ -->\n<title>Entretoise pour la serrure 220315 et 220317 - OMR Serrature<\/title>\n<meta name=\"robots\" content=\"index, follow, max-snippet:-1, max-image-preview:large, max-video-preview:-1\" \/>\n<link rel=\"canonical\" href=\"https:\/\/www.omrserrature.it\/fr\/produit\/entretoise-pour-la-serrure-220315-et-220317\/\" \/>\n<meta property=\"og:locale\" content=\"fr_FR\" \/>\n<meta property=\"og:type\" content=\"article\" \/>\n<meta property=\"og:title\" content=\"Entretoise pour la serrure 220315 et 220317 - OMR Serrature\" \/>\n<meta property=\"og:description\" content=\"L&#039;entretoise en plastique noir pour serrure mod\u00e8le 220315 est un composant accessoire con\u00e7u pour assurer une installation parfaite de la serrure de la porte coulissante.\" \/>\n<meta property=\"og:url\" content=\"https:\/\/www.omrserrature.it\/fr\/produit\/entretoise-pour-la-serrure-220315-et-220317\/\" \/>\n<meta property=\"og:site_name\" content=\"OMR Serrature | Produzione sistemi di chiusura\" \/>\n<meta property=\"article:publisher\" content=\"https:\/\/www.facebook.com\/OMRserrature\" \/>\n<meta property=\"article:modified_time\" content=\"2026-04-08T09:53:41+00:00\" \/>\n<meta property=\"og:image\" content=\"https:\/\/www.omrserrature.it\/wp-content\/uploads\/2018\/07\/SDIS00167_riduzione-in-platica-nera.jpeg\" \/>\n\t<meta property=\"og:image:width\" content=\"1000\" \/>\n\t<meta property=\"og:image:height\" content=\"1000\" \/>\n\t<meta property=\"og:image:type\" content=\"image\/jpeg\" \/>\n<meta name=\"twitter:card\" content=\"summary_large_image\" \/>\n<meta name=\"twitter:label1\" content=\"Dur\u00e9e de lecture estim\u00e9e\" \/>\n\t<meta name=\"twitter:data1\" content=\"1 minute\" \/>\n<script type=\"application\/ld+json\" class=\"yoast-schema-graph\">{\"@context\":\"https:\/\/schema.org\",\"@graph\":[{\"@type\":\"WebPage\",\"@id\":\"https:\/\/www.omrserrature.it\/fr\/produit\/entretoise-pour-la-serrure-220315-et-220317\/\",\"url\":\"https:\/\/www.omrserrature.it\/fr\/produit\/entretoise-pour-la-serrure-220315-et-220317\/\",\"name\":\"Entretoise pour la serrure 220315 et 220317 - OMR Serrature\",\"isPartOf\":{\"@id\":\"https:\/\/www.omrserrature.it\/fr\/#website\"},\"primaryImageOfPage\":{\"@id\":\"https:\/\/www.omrserrature.it\/fr\/produit\/entretoise-pour-la-serrure-220315-et-220317\/#primaryimage\"},\"image\":{\"@id\":\"https:\/\/www.omrserrature.it\/fr\/produit\/entretoise-pour-la-serrure-220315-et-220317\/#primaryimage\"},\"thumbnailUrl\":\"https:\/\/www.omrserrature.it\/wp-content\/uploads\/2018\/07\/SDIS00167_riduzione-in-platica-nera.jpeg\",\"datePublished\":\"2013-07-18T09:36:00+00:00\",\"dateModified\":\"2026-04-08T09:53:41+00:00\",\"breadcrumb\":{\"@id\":\"https:\/\/www.omrserrature.it\/fr\/produit\/entretoise-pour-la-serrure-220315-et-220317\/#breadcrumb\"},\"inLanguage\":\"fr-FR\",\"potentialAction\":[{\"@type\":\"ReadAction\",\"target\":[\"https:\/\/www.omrserrature.it\/fr\/produit\/entretoise-pour-la-serrure-220315-et-220317\/\"]}]},{\"@type\":\"ImageObject\",\"inLanguage\":\"fr-FR\",\"@id\":\"https:\/\/www.omrserrature.it\/fr\/produit\/entretoise-pour-la-serrure-220315-et-220317\/#primaryimage\",\"url\":\"https:\/\/www.omrserrature.it\/wp-content\/uploads\/2018\/07\/SDIS00167_riduzione-in-platica-nera.jpeg\",\"contentUrl\":\"https:\/\/www.omrserrature.it\/wp-content\/uploads\/2018\/07\/SDIS00167_riduzione-in-platica-nera.jpeg\",\"width\":1000,\"height\":1000,\"caption\":\"adaptateurs\"},{\"@type\":\"BreadcrumbList\",\"@id\":\"https:\/\/www.omrserrature.it\/fr\/produit\/entretoise-pour-la-serrure-220315-et-220317\/#breadcrumb\",\"itemListElement\":[{\"@type\":\"ListItem\",\"position\":1,\"name\":\"Home\",\"item\":\"https:\/\/www.omrserrature.it\/fr\/omr-serrures-et-systemes-de-verrouillage\/\"},{\"@type\":\"ListItem\",\"position\":2,\"name\":\"Catalogue\",\"item\":\"https:\/\/www.omrserrature.it\/catalogue\/?lang=fr\"},{\"@type\":\"ListItem\",\"position\":3,\"name\":\"Produits\",\"item\":\"https:\/\/www.omrserrature.it\/fr\/catalogue\/produits\/\"},{\"@type\":\"ListItem\",\"position\":4,\"name\":\"Entretoise pour la serrure 220315 et 220317\"}]},{\"@type\":\"WebSite\",\"@id\":\"https:\/\/www.omrserrature.it\/fr\/#website\",\"url\":\"https:\/\/www.omrserrature.it\/fr\/\",\"name\":\"OMR Serrature | Produzione sistemi di chiusura\",\"description\":\"Produzione serrature di sicurezza e sistemi di chiusura\",\"publisher\":{\"@id\":\"https:\/\/www.omrserrature.it\/fr\/#organization\"},\"potentialAction\":[{\"@type\":\"SearchAction\",\"target\":{\"@type\":\"EntryPoint\",\"urlTemplate\":\"https:\/\/www.omrserrature.it\/fr\/?s={search_term_string}\"},\"query-input\":{\"@type\":\"PropertyValueSpecification\",\"valueRequired\":true,\"valueName\":\"search_term_string\"}}],\"inLanguage\":\"fr-FR\"},{\"@type\":\"Organization\",\"@id\":\"https:\/\/www.omrserrature.it\/fr\/#organization\",\"name\":\"OMR Serrature | Produzione sistemi di chiusura\",\"url\":\"https:\/\/www.omrserrature.it\/fr\/\",\"logo\":{\"@type\":\"ImageObject\",\"inLanguage\":\"fr-FR\",\"@id\":\"https:\/\/www.omrserrature.it\/fr\/#\/schema\/logo\/image\/\",\"url\":\"https:\/\/www.omrserrature.it\/wp-content\/uploads\/2017\/09\/favicon-omr-114.png\",\"contentUrl\":\"https:\/\/www.omrserrature.it\/wp-content\/uploads\/2017\/09\/favicon-omr-114.png\",\"width\":114,\"height\":114,\"caption\":\"OMR Serrature | Produzione sistemi di chiusura\"},\"image\":{\"@id\":\"https:\/\/www.omrserrature.it\/fr\/#\/schema\/logo\/image\/\"},\"sameAs\":[\"https:\/\/www.facebook.com\/OMRserrature\",\"https:\/\/www.linkedin.com\/company\/omrserrature\/\",\"https:\/\/www.youtube.com\/channel\/UCxmA85z2R0EpG_6IRokiAkg\"]}]}<\/script>\n<!-- \/ Yoast SEO plugin. -->","yoast_head_json":{"title":"Entretoise pour la serrure 220315 et 220317 - OMR Serrature","robots":{"index":"index","follow":"follow","max-snippet":"max-snippet:-1","max-image-preview":"max-image-preview:large","max-video-preview":"max-video-preview:-1"},"canonical":"https:\/\/www.omrserrature.it\/fr\/produit\/entretoise-pour-la-serrure-220315-et-220317\/","og_locale":"fr_FR","og_type":"article","og_title":"Entretoise pour la serrure 220315 et 220317 - OMR Serrature","og_description":"L'entretoise en plastique noir pour serrure mod\u00e8le 220315 est un composant accessoire con\u00e7u pour assurer une installation parfaite de la serrure de la porte coulissante.","og_url":"https:\/\/www.omrserrature.it\/fr\/produit\/entretoise-pour-la-serrure-220315-et-220317\/","og_site_name":"OMR Serrature | Produzione sistemi di chiusura","article_publisher":"https:\/\/www.facebook.com\/OMRserrature","article_modified_time":"2026-04-08T09:53:41+00:00","og_image":[{"width":1000,"height":1000,"url":"https:\/\/www.omrserrature.it\/wp-content\/uploads\/2018\/07\/SDIS00167_riduzione-in-platica-nera.jpeg","type":"image\/jpeg"}],"twitter_card":"summary_large_image","twitter_misc":{"Dur\u00e9e de lecture estim\u00e9e":"1 minute"},"schema":{"@context":"https:\/\/schema.org","@graph":[{"@type":"WebPage","@id":"https:\/\/www.omrserrature.it\/fr\/produit\/entretoise-pour-la-serrure-220315-et-220317\/","url":"https:\/\/www.omrserrature.it\/fr\/produit\/entretoise-pour-la-serrure-220315-et-220317\/","name":"Entretoise pour la serrure 220315 et 220317 - OMR Serrature","isPartOf":{"@id":"https:\/\/www.omrserrature.it\/fr\/#website"},"primaryImageOfPage":{"@id":"https:\/\/www.omrserrature.it\/fr\/produit\/entretoise-pour-la-serrure-220315-et-220317\/#primaryimage"},"image":{"@id":"https:\/\/www.omrserrature.it\/fr\/produit\/entretoise-pour-la-serrure-220315-et-220317\/#primaryimage"},"thumbnailUrl":"https:\/\/www.omrserrature.it\/wp-content\/uploads\/2018\/07\/SDIS00167_riduzione-in-platica-nera.jpeg","datePublished":"2013-07-18T09:36:00+00:00","dateModified":"2026-04-08T09:53:41+00:00","breadcrumb":{"@id":"https:\/\/www.omrserrature.it\/fr\/produit\/entretoise-pour-la-serrure-220315-et-220317\/#breadcrumb"},"inLanguage":"fr-FR","potentialAction":[{"@type":"ReadAction","target":["https:\/\/www.omrserrature.it\/fr\/produit\/entretoise-pour-la-serrure-220315-et-220317\/"]}]},{"@type":"ImageObject","inLanguage":"fr-FR","@id":"https:\/\/www.omrserrature.it\/fr\/produit\/entretoise-pour-la-serrure-220315-et-220317\/#primaryimage","url":"https:\/\/www.omrserrature.it\/wp-content\/uploads\/2018\/07\/SDIS00167_riduzione-in-platica-nera.jpeg","contentUrl":"https:\/\/www.omrserrature.it\/wp-content\/uploads\/2018\/07\/SDIS00167_riduzione-in-platica-nera.jpeg","width":1000,"height":1000,"caption":"adaptateurs"},{"@type":"BreadcrumbList","@id":"https:\/\/www.omrserrature.it\/fr\/produit\/entretoise-pour-la-serrure-220315-et-220317\/#breadcrumb","itemListElement":[{"@type":"ListItem","position":1,"name":"Home","item":"https:\/\/www.omrserrature.it\/fr\/omr-serrures-et-systemes-de-verrouillage\/"},{"@type":"ListItem","position":2,"name":"Catalogue","item":"https:\/\/www.omrserrature.it\/catalogue\/?lang=fr"},{"@type":"ListItem","position":3,"name":"Produits","item":"https:\/\/www.omrserrature.it\/fr\/catalogue\/produits\/"},{"@type":"ListItem","position":4,"name":"Entretoise pour la serrure 220315 et 220317"}]},{"@type":"WebSite","@id":"https:\/\/www.omrserrature.it\/fr\/#website","url":"https:\/\/www.omrserrature.it\/fr\/","name":"OMR Serrature | Produzione sistemi di chiusura","description":"Produzione serrature di sicurezza e sistemi di chiusura","publisher":{"@id":"https:\/\/www.omrserrature.it\/fr\/#organization"},"potentialAction":[{"@type":"SearchAction","target":{"@type":"EntryPoint","urlTemplate":"https:\/\/www.omrserrature.it\/fr\/?s={search_term_string}"},"query-input":{"@type":"PropertyValueSpecification","valueRequired":true,"valueName":"search_term_string"}}],"inLanguage":"fr-FR"},{"@type":"Organization","@id":"https:\/\/www.omrserrature.it\/fr\/#organization","name":"OMR Serrature | Produzione sistemi di chiusura","url":"https:\/\/www.omrserrature.it\/fr\/","logo":{"@type":"ImageObject","inLanguage":"fr-FR","@id":"https:\/\/www.omrserrature.it\/fr\/#\/schema\/logo\/image\/","url":"https:\/\/www.omrserrature.it\/wp-content\/uploads\/2017\/09\/favicon-omr-114.png","contentUrl":"https:\/\/www.omrserrature.it\/wp-content\/uploads\/2017\/09\/favicon-omr-114.png","width":114,"height":114,"caption":"OMR Serrature | Produzione sistemi di chiusura"},"image":{"@id":"https:\/\/www.omrserrature.it\/fr\/#\/schema\/logo\/image\/"},"sameAs":["https:\/\/www.facebook.com\/OMRserrature","https:\/\/www.linkedin.com\/company\/omrserrature\/","https:\/\/www.youtube.com\/channel\/UCxmA85z2R0EpG_6IRokiAkg"]}]}},"_links":{"self":[{"href":"https:\/\/www.omrserrature.it\/fr\/wp-json\/wp\/v2\/product\/26179","targetHints":{"allow":["GET"]}}],"collection":[{"href":"https:\/\/www.omrserrature.it\/fr\/wp-json\/wp\/v2\/product"}],"about":[{"href":"https:\/\/www.omrserrature.it\/fr\/wp-json\/wp\/v2\/types\/product"}],"replies":[{"embeddable":true,"href":"https:\/\/www.omrserrature.it\/fr\/wp-json\/wp\/v2\/comments?post=26179"}],"wp:featuredmedia":[{"embeddable":true,"href":"https:\/\/www.omrserrature.it\/fr\/wp-json\/wp\/v2\/media\/21544"}],"wp:attachment":[{"href":"https:\/\/www.omrserrature.it\/fr\/wp-json\/wp\/v2\/media?parent=26179"}],"wp:term":[{"taxonomy":"product_brand","embeddable":true,"href":"https:\/\/www.omrserrature.it\/fr\/wp-json\/wp\/v2\/product_brand?post=26179"},{"taxonomy":"product_cat","embeddable":true,"href":"https:\/\/www.omrserrature.it\/fr\/wp-json\/wp\/v2\/product_cat?post=26179"},{"taxonomy":"product_tag","embeddable":true,"href":"https:\/\/www.omrserrature.it\/fr\/wp-json\/wp\/v2\/product_tag?post=26179"}],"curies":[{"name":"wp","href":"https:\/\/api.w.org\/{rel}","templated":true}]}}