{"id":26175,"date":"2018-10-18T16:09:14","date_gmt":"2018-10-18T14:09:00","guid":{"rendered":"https:\/\/www.staging6.omrserrature.it\/prodotto\/charniere-de-180-pour-la-porte\/"},"modified":"2026-04-08T11:41:31","modified_gmt":"2026-04-08T09:41:31","slug":"charniere-de-180-pour-la-porte","status":"publish","type":"product","link":"https:\/\/www.omrserrature.it\/fr\/produit\/charniere-de-180-pour-la-porte\/","title":{"rendered":"Charni\u00e8re de 180\u00b0 pour la Panneau"},"content":{"rendered":"<p>La charni\u00e8re pour portes en t\u00f4le est en alliage de zinc peint en noir, avec un axe nickel\u00e9. La conception de la charni\u00e8re permet une rotation avec un angle d&rsquo;ouverture de 180\u00b0 et s&rsquo;<strong>installe facilement et rapidement sur les portes m\u00e9talliques<\/strong>. <\/p>\n<p>Les charni\u00e8res Zamak conviennent \u00e0 l&rsquo;application sur des articles de menuiserie et \u00e0 la construction d&rsquo;<strong>armoires de commande industrielles<\/strong> en combinaison avec des serrures 1\/4 de tour, ainsi que des serrures \u00e9lectroniques et des serrures \u00e0 pignon. La gamme de charni\u00e8res permet l&rsquo;application sur des bo\u00eetiers pour <strong>toutes sortes d&rsquo;exigences<\/strong> qui peuvent \u00eatre utilis\u00e9es pour des portes int\u00e9rieures, sur des surfaces sur des armoires simples ou en ligne, qu&rsquo;il s&rsquo;agisse de portes simples ou doubles. <\/p>\n","protected":false},"excerpt":{"rendered":"<p>La charni\u00e8re pour portes en t\u00f4le est en alliage de zinc peint en noir, avec un axe nickel\u00e9. La conception de la charni\u00e8re permet une rotation avec un angle d&rsquo;ouverture de 180\u00b0 et s&rsquo;installe facilement et rapidement sur les portes m\u00e9talliques. <\/p>\n","protected":false},"featured_media":26178,"comment_status":"open","ping_status":"closed","template":"","meta":{"_acf_changed":false,"_et_pb_use_builder":"","_et_pb_old_content":"","_et_gb_content_width":""},"product_brand":[],"product_cat":[3683,3636],"product_tag":[],"class_list":{"0":"post-26175","1":"product","2":"type-product","3":"status-publish","4":"has-post-thumbnail","6":"product_cat-charnieres","7":"product_cat-produits","9":"first","10":"instock","11":"shipping-taxable","12":"product-type-simple"},"acf":{"pdf1":false},"yoast_head":"<!-- This site is optimized with the Yoast SEO plugin v27.2 - https:\/\/yoast.com\/product\/yoast-seo-wordpress\/ -->\n<title>Charni\u00e8re de 180\u00b0 pour la Panneau - OMR Serrature<\/title>\n<meta name=\"robots\" content=\"index, follow, max-snippet:-1, max-image-preview:large, max-video-preview:-1\" \/>\n<link rel=\"canonical\" href=\"https:\/\/www.omrserrature.it\/fr\/produit\/charniere-de-180-pour-la-porte\/\" \/>\n<meta property=\"og:locale\" content=\"fr_FR\" \/>\n<meta property=\"og:type\" content=\"article\" \/>\n<meta property=\"og:title\" content=\"Charni\u00e8re de 180\u00b0 pour la Panneau - OMR Serrature\" \/>\n<meta property=\"og:description\" content=\"La charni\u00e8re pour portes en t\u00f4le est en alliage de zinc peint en noir, avec un axe nickel\u00e9. La conception de la charni\u00e8re permet une rotation avec un angle d&#039;ouverture de 180\u00b0 et s&#039;installe facilement et rapidement sur les portes m\u00e9talliques.\" \/>\n<meta property=\"og:url\" content=\"https:\/\/www.omrserrature.it\/fr\/produit\/charniere-de-180-pour-la-porte\/\" \/>\n<meta property=\"og:site_name\" content=\"OMR Serrature | Produzione sistemi di chiusura\" \/>\n<meta property=\"article:publisher\" content=\"https:\/\/www.facebook.com\/OMRserrature\" \/>\n<meta property=\"article:modified_time\" content=\"2026-04-08T09:41:31+00:00\" \/>\n<meta property=\"og:image\" content=\"https:\/\/www.omrserrature.it\/wp-content\/uploads\/2018\/10\/OMR-SCER0001-cerniera-mobile.jpeg\" \/>\n\t<meta property=\"og:image:width\" content=\"600\" \/>\n\t<meta property=\"og:image:height\" content=\"600\" \/>\n\t<meta property=\"og:image:type\" content=\"image\/jpeg\" \/>\n<meta name=\"twitter:card\" content=\"summary_large_image\" \/>\n<meta name=\"twitter:label1\" content=\"Dur\u00e9e de lecture estim\u00e9e\" \/>\n\t<meta name=\"twitter:data1\" content=\"1 minute\" \/>\n<script type=\"application\/ld+json\" class=\"yoast-schema-graph\">{\"@context\":\"https:\/\/schema.org\",\"@graph\":[{\"@type\":\"WebPage\",\"@id\":\"https:\/\/www.omrserrature.it\/fr\/produit\/charniere-de-180-pour-la-porte\/\",\"url\":\"https:\/\/www.omrserrature.it\/fr\/produit\/charniere-de-180-pour-la-porte\/\",\"name\":\"Charni\u00e8re de 180\u00b0 pour la Panneau - OMR Serrature\",\"isPartOf\":{\"@id\":\"https:\/\/www.omrserrature.it\/fr\/#website\"},\"primaryImageOfPage\":{\"@id\":\"https:\/\/www.omrserrature.it\/fr\/produit\/charniere-de-180-pour-la-porte\/#primaryimage\"},\"image\":{\"@id\":\"https:\/\/www.omrserrature.it\/fr\/produit\/charniere-de-180-pour-la-porte\/#primaryimage\"},\"thumbnailUrl\":\"https:\/\/www.omrserrature.it\/wp-content\/uploads\/2018\/10\/OMR-SCER0001-cerniera-mobile.jpeg\",\"datePublished\":\"2018-10-18T14:09:00+00:00\",\"dateModified\":\"2026-04-08T09:41:31+00:00\",\"breadcrumb\":{\"@id\":\"https:\/\/www.omrserrature.it\/fr\/produit\/charniere-de-180-pour-la-porte\/#breadcrumb\"},\"inLanguage\":\"fr-FR\",\"potentialAction\":[{\"@type\":\"ReadAction\",\"target\":[\"https:\/\/www.omrserrature.it\/fr\/produit\/charniere-de-180-pour-la-porte\/\"]}]},{\"@type\":\"ImageObject\",\"inLanguage\":\"fr-FR\",\"@id\":\"https:\/\/www.omrserrature.it\/fr\/produit\/charniere-de-180-pour-la-porte\/#primaryimage\",\"url\":\"https:\/\/www.omrserrature.it\/wp-content\/uploads\/2018\/10\/OMR-SCER0001-cerniera-mobile.jpeg\",\"contentUrl\":\"https:\/\/www.omrserrature.it\/wp-content\/uploads\/2018\/10\/OMR-SCER0001-cerniera-mobile.jpeg\",\"width\":600,\"height\":600,\"caption\":\"Charni\u00e8re de 180\u00b0 pour la Panneau\"},{\"@type\":\"BreadcrumbList\",\"@id\":\"https:\/\/www.omrserrature.it\/fr\/produit\/charniere-de-180-pour-la-porte\/#breadcrumb\",\"itemListElement\":[{\"@type\":\"ListItem\",\"position\":1,\"name\":\"Home\",\"item\":\"https:\/\/www.omrserrature.it\/fr\/omr-serrures-et-systemes-de-verrouillage\/\"},{\"@type\":\"ListItem\",\"position\":2,\"name\":\"Catalogue\",\"item\":\"https:\/\/www.omrserrature.it\/catalogue\/?lang=fr\"},{\"@type\":\"ListItem\",\"position\":3,\"name\":\"Produits\",\"item\":\"https:\/\/www.omrserrature.it\/fr\/catalogue\/produits\/\"},{\"@type\":\"ListItem\",\"position\":4,\"name\":\"Charni\u00e8re de 180\u00b0 pour la Panneau\"}]},{\"@type\":\"WebSite\",\"@id\":\"https:\/\/www.omrserrature.it\/fr\/#website\",\"url\":\"https:\/\/www.omrserrature.it\/fr\/\",\"name\":\"OMR Serrature | Produzione sistemi di chiusura\",\"description\":\"Produzione serrature di sicurezza e sistemi di chiusura\",\"publisher\":{\"@id\":\"https:\/\/www.omrserrature.it\/fr\/#organization\"},\"potentialAction\":[{\"@type\":\"SearchAction\",\"target\":{\"@type\":\"EntryPoint\",\"urlTemplate\":\"https:\/\/www.omrserrature.it\/fr\/?s={search_term_string}\"},\"query-input\":{\"@type\":\"PropertyValueSpecification\",\"valueRequired\":true,\"valueName\":\"search_term_string\"}}],\"inLanguage\":\"fr-FR\"},{\"@type\":\"Organization\",\"@id\":\"https:\/\/www.omrserrature.it\/fr\/#organization\",\"name\":\"OMR Serrature | Produzione sistemi di chiusura\",\"url\":\"https:\/\/www.omrserrature.it\/fr\/\",\"logo\":{\"@type\":\"ImageObject\",\"inLanguage\":\"fr-FR\",\"@id\":\"https:\/\/www.omrserrature.it\/fr\/#\/schema\/logo\/image\/\",\"url\":\"https:\/\/www.omrserrature.it\/wp-content\/uploads\/2017\/09\/favicon-omr-114.png\",\"contentUrl\":\"https:\/\/www.omrserrature.it\/wp-content\/uploads\/2017\/09\/favicon-omr-114.png\",\"width\":114,\"height\":114,\"caption\":\"OMR Serrature | Produzione sistemi di chiusura\"},\"image\":{\"@id\":\"https:\/\/www.omrserrature.it\/fr\/#\/schema\/logo\/image\/\"},\"sameAs\":[\"https:\/\/www.facebook.com\/OMRserrature\",\"https:\/\/www.linkedin.com\/company\/omrserrature\/\",\"https:\/\/www.youtube.com\/channel\/UCxmA85z2R0EpG_6IRokiAkg\"]}]}<\/script>\n<!-- \/ Yoast SEO plugin. -->","yoast_head_json":{"title":"Charni\u00e8re de 180\u00b0 pour la Panneau - OMR Serrature","robots":{"index":"index","follow":"follow","max-snippet":"max-snippet:-1","max-image-preview":"max-image-preview:large","max-video-preview":"max-video-preview:-1"},"canonical":"https:\/\/www.omrserrature.it\/fr\/produit\/charniere-de-180-pour-la-porte\/","og_locale":"fr_FR","og_type":"article","og_title":"Charni\u00e8re de 180\u00b0 pour la Panneau - OMR Serrature","og_description":"La charni\u00e8re pour portes en t\u00f4le est en alliage de zinc peint en noir, avec un axe nickel\u00e9. La conception de la charni\u00e8re permet une rotation avec un angle d'ouverture de 180\u00b0 et s'installe facilement et rapidement sur les portes m\u00e9talliques.","og_url":"https:\/\/www.omrserrature.it\/fr\/produit\/charniere-de-180-pour-la-porte\/","og_site_name":"OMR Serrature | Produzione sistemi di chiusura","article_publisher":"https:\/\/www.facebook.com\/OMRserrature","article_modified_time":"2026-04-08T09:41:31+00:00","og_image":[{"width":600,"height":600,"url":"https:\/\/www.omrserrature.it\/wp-content\/uploads\/2018\/10\/OMR-SCER0001-cerniera-mobile.jpeg","type":"image\/jpeg"}],"twitter_card":"summary_large_image","twitter_misc":{"Dur\u00e9e de lecture estim\u00e9e":"1 minute"},"schema":{"@context":"https:\/\/schema.org","@graph":[{"@type":"WebPage","@id":"https:\/\/www.omrserrature.it\/fr\/produit\/charniere-de-180-pour-la-porte\/","url":"https:\/\/www.omrserrature.it\/fr\/produit\/charniere-de-180-pour-la-porte\/","name":"Charni\u00e8re de 180\u00b0 pour la Panneau - OMR Serrature","isPartOf":{"@id":"https:\/\/www.omrserrature.it\/fr\/#website"},"primaryImageOfPage":{"@id":"https:\/\/www.omrserrature.it\/fr\/produit\/charniere-de-180-pour-la-porte\/#primaryimage"},"image":{"@id":"https:\/\/www.omrserrature.it\/fr\/produit\/charniere-de-180-pour-la-porte\/#primaryimage"},"thumbnailUrl":"https:\/\/www.omrserrature.it\/wp-content\/uploads\/2018\/10\/OMR-SCER0001-cerniera-mobile.jpeg","datePublished":"2018-10-18T14:09:00+00:00","dateModified":"2026-04-08T09:41:31+00:00","breadcrumb":{"@id":"https:\/\/www.omrserrature.it\/fr\/produit\/charniere-de-180-pour-la-porte\/#breadcrumb"},"inLanguage":"fr-FR","potentialAction":[{"@type":"ReadAction","target":["https:\/\/www.omrserrature.it\/fr\/produit\/charniere-de-180-pour-la-porte\/"]}]},{"@type":"ImageObject","inLanguage":"fr-FR","@id":"https:\/\/www.omrserrature.it\/fr\/produit\/charniere-de-180-pour-la-porte\/#primaryimage","url":"https:\/\/www.omrserrature.it\/wp-content\/uploads\/2018\/10\/OMR-SCER0001-cerniera-mobile.jpeg","contentUrl":"https:\/\/www.omrserrature.it\/wp-content\/uploads\/2018\/10\/OMR-SCER0001-cerniera-mobile.jpeg","width":600,"height":600,"caption":"Charni\u00e8re de 180\u00b0 pour la Panneau"},{"@type":"BreadcrumbList","@id":"https:\/\/www.omrserrature.it\/fr\/produit\/charniere-de-180-pour-la-porte\/#breadcrumb","itemListElement":[{"@type":"ListItem","position":1,"name":"Home","item":"https:\/\/www.omrserrature.it\/fr\/omr-serrures-et-systemes-de-verrouillage\/"},{"@type":"ListItem","position":2,"name":"Catalogue","item":"https:\/\/www.omrserrature.it\/catalogue\/?lang=fr"},{"@type":"ListItem","position":3,"name":"Produits","item":"https:\/\/www.omrserrature.it\/fr\/catalogue\/produits\/"},{"@type":"ListItem","position":4,"name":"Charni\u00e8re de 180\u00b0 pour la Panneau"}]},{"@type":"WebSite","@id":"https:\/\/www.omrserrature.it\/fr\/#website","url":"https:\/\/www.omrserrature.it\/fr\/","name":"OMR Serrature | Produzione sistemi di chiusura","description":"Produzione serrature di sicurezza e sistemi di chiusura","publisher":{"@id":"https:\/\/www.omrserrature.it\/fr\/#organization"},"potentialAction":[{"@type":"SearchAction","target":{"@type":"EntryPoint","urlTemplate":"https:\/\/www.omrserrature.it\/fr\/?s={search_term_string}"},"query-input":{"@type":"PropertyValueSpecification","valueRequired":true,"valueName":"search_term_string"}}],"inLanguage":"fr-FR"},{"@type":"Organization","@id":"https:\/\/www.omrserrature.it\/fr\/#organization","name":"OMR Serrature | Produzione sistemi di chiusura","url":"https:\/\/www.omrserrature.it\/fr\/","logo":{"@type":"ImageObject","inLanguage":"fr-FR","@id":"https:\/\/www.omrserrature.it\/fr\/#\/schema\/logo\/image\/","url":"https:\/\/www.omrserrature.it\/wp-content\/uploads\/2017\/09\/favicon-omr-114.png","contentUrl":"https:\/\/www.omrserrature.it\/wp-content\/uploads\/2017\/09\/favicon-omr-114.png","width":114,"height":114,"caption":"OMR Serrature | Produzione sistemi di chiusura"},"image":{"@id":"https:\/\/www.omrserrature.it\/fr\/#\/schema\/logo\/image\/"},"sameAs":["https:\/\/www.facebook.com\/OMRserrature","https:\/\/www.linkedin.com\/company\/omrserrature\/","https:\/\/www.youtube.com\/channel\/UCxmA85z2R0EpG_6IRokiAkg"]}]}},"_links":{"self":[{"href":"https:\/\/www.omrserrature.it\/fr\/wp-json\/wp\/v2\/product\/26175","targetHints":{"allow":["GET"]}}],"collection":[{"href":"https:\/\/www.omrserrature.it\/fr\/wp-json\/wp\/v2\/product"}],"about":[{"href":"https:\/\/www.omrserrature.it\/fr\/wp-json\/wp\/v2\/types\/product"}],"replies":[{"embeddable":true,"href":"https:\/\/www.omrserrature.it\/fr\/wp-json\/wp\/v2\/comments?post=26175"}],"wp:featuredmedia":[{"embeddable":true,"href":"https:\/\/www.omrserrature.it\/fr\/wp-json\/wp\/v2\/media\/26178"}],"wp:attachment":[{"href":"https:\/\/www.omrserrature.it\/fr\/wp-json\/wp\/v2\/media?parent=26175"}],"wp:term":[{"taxonomy":"product_brand","embeddable":true,"href":"https:\/\/www.omrserrature.it\/fr\/wp-json\/wp\/v2\/product_brand?post=26175"},{"taxonomy":"product_cat","embeddable":true,"href":"https:\/\/www.omrserrature.it\/fr\/wp-json\/wp\/v2\/product_cat?post=26175"},{"taxonomy":"product_tag","embeddable":true,"href":"https:\/\/www.omrserrature.it\/fr\/wp-json\/wp\/v2\/product_tag?post=26175"}],"curies":[{"name":"wp","href":"https:\/\/api.w.org\/{rel}","templated":true}]}}