{"id":26160,"date":"2018-07-18T16:33:11","date_gmt":"2018-07-18T14:33:00","guid":{"rendered":"https:\/\/www.staging6.omrserrature.it\/prodotto\/cle-brute-cross-cle-brute-a-profil-2\/"},"modified":"2026-04-08T11:41:28","modified_gmt":"2026-04-08T09:41:28","slug":"cle-brute-cross-cle-brute-a-profil-2","status":"publish","type":"product","link":"https:\/\/www.omrserrature.it\/fr\/produit\/cle-brute-cross-cle-brute-a-profil-2\/","title":{"rendered":"Cl\u00e9 brute \u00ab\u00a0CROSS\u00a0\u00bb Profil A"},"content":{"rendered":"<p>Cl\u00e9 brute avec poign\u00e9e pliante en plastique, particuli\u00e8rement adapt\u00e9e pour les tiroirs et les portes dans les passages ou lorsqu&rsquo;il est facile de heurter la poign\u00e9e saillante de la cl\u00e9. Sa conception sp\u00e9ciale permet d&rsquo;\u00e9conomiser de l&rsquo;espace et de r\u00e9duire au minimum la poign\u00e9e saillante.  La livraison comprend deux cl\u00e9s reli\u00e9es par un porte-cl\u00e9s en m\u00e9tal.<\/p>\n","protected":false},"excerpt":{"rendered":"<p>Cl\u00e9 brute avec poign\u00e9e pliante en plastique, particuli\u00e8rement adapt\u00e9e pour les tiroirs et les portes dans les passages ou lorsqu&rsquo;il est facile de heurter la poign\u00e9e saillante de la cl\u00e9. Sa conception sp\u00e9ciale permet d&rsquo;\u00e9conomiser de l&rsquo;espace et de r\u00e9duire au minimum la poign\u00e9e saillante.  La livraison comprend deux cl\u00e9s reli\u00e9es par un porte-cl\u00e9s en m\u00e9tal.<\/p>\n","protected":false},"featured_media":9101,"comment_status":"open","ping_status":"closed","template":"","meta":{"_acf_changed":false,"_et_pb_use_builder":"","_et_pb_old_content":"","_et_gb_content_width":""},"product_brand":[],"product_cat":[3636],"product_tag":[],"class_list":{"0":"post-26160","1":"product","2":"type-product","3":"status-publish","4":"has-post-thumbnail","6":"product_cat-produits","8":"first","9":"instock","10":"shipping-taxable","11":"product-type-simple"},"acf":{"pdf1":false},"yoast_head":"<!-- This site is optimized with the Yoast SEO plugin v27.5 - https:\/\/yoast.com\/product\/yoast-seo-wordpress\/ -->\n<title>Cl\u00e9 brute &quot;CROSS&quot; Profil A - OMR Serrature<\/title>\n<meta name=\"robots\" content=\"index, follow, max-snippet:-1, max-image-preview:large, max-video-preview:-1\" \/>\n<link rel=\"canonical\" href=\"https:\/\/www.omrserrature.it\/fr\/produit\/cle-brute-cross-cle-brute-a-profil-2\/\" \/>\n<meta property=\"og:locale\" content=\"fr_FR\" \/>\n<meta property=\"og:type\" content=\"article\" \/>\n<meta property=\"og:title\" content=\"Cl\u00e9 brute &quot;CROSS&quot; Profil A - OMR Serrature\" \/>\n<meta property=\"og:description\" content=\"Cl\u00e9 brute avec poign\u00e9e pliante en plastique, particuli\u00e8rement adapt\u00e9e pour les tiroirs et les portes dans les passages ou lorsqu&#039;il est facile de heurter la poign\u00e9e saillante de la cl\u00e9. Sa conception sp\u00e9ciale permet d&#039;\u00e9conomiser de l&#039;espace et de r\u00e9duire au minimum la poign\u00e9e saillante. La livraison comprend deux cl\u00e9s reli\u00e9es par un porte-cl\u00e9s en m\u00e9tal.\" \/>\n<meta property=\"og:url\" content=\"https:\/\/www.omrserrature.it\/fr\/produit\/cle-brute-cross-cle-brute-a-profil-2\/\" \/>\n<meta property=\"og:site_name\" content=\"OMR Serrature | Produzione sistemi di chiusura\" \/>\n<meta property=\"article:publisher\" content=\"https:\/\/www.facebook.com\/OMRserrature\" \/>\n<meta property=\"article:modified_time\" content=\"2026-04-08T09:41:28+00:00\" \/>\n<meta property=\"og:image\" content=\"https:\/\/www.omrserrature.it\/wp-content\/uploads\/2018\/07\/chiave-grezza-cross-profilo-a-MCHGYPA.jpg\" \/>\n\t<meta property=\"og:image:width\" content=\"864\" \/>\n\t<meta property=\"og:image:height\" content=\"373\" \/>\n\t<meta property=\"og:image:type\" content=\"image\/jpeg\" \/>\n<meta name=\"twitter:card\" content=\"summary_large_image\" \/>\n<script type=\"application\/ld+json\" class=\"yoast-schema-graph\">{\"@context\":\"https:\\\/\\\/schema.org\",\"@graph\":[{\"@type\":\"WebPage\",\"@id\":\"https:\\\/\\\/www.omrserrature.it\\\/fr\\\/produit\\\/cle-brute-cross-cle-brute-a-profil-2\\\/\",\"url\":\"https:\\\/\\\/www.omrserrature.it\\\/fr\\\/produit\\\/cle-brute-cross-cle-brute-a-profil-2\\\/\",\"name\":\"Cl\u00e9 brute \\\"CROSS\\\" Profil A - OMR Serrature\",\"isPartOf\":{\"@id\":\"https:\\\/\\\/www.omrserrature.it\\\/fr\\\/#website\"},\"primaryImageOfPage\":{\"@id\":\"https:\\\/\\\/www.omrserrature.it\\\/fr\\\/produit\\\/cle-brute-cross-cle-brute-a-profil-2\\\/#primaryimage\"},\"image\":{\"@id\":\"https:\\\/\\\/www.omrserrature.it\\\/fr\\\/produit\\\/cle-brute-cross-cle-brute-a-profil-2\\\/#primaryimage\"},\"thumbnailUrl\":\"https:\\\/\\\/www.omrserrature.it\\\/wp-content\\\/uploads\\\/2018\\\/07\\\/chiave-grezza-cross-profilo-a-MCHGYPA.jpg\",\"datePublished\":\"2018-07-18T14:33:00+00:00\",\"dateModified\":\"2026-04-08T09:41:28+00:00\",\"breadcrumb\":{\"@id\":\"https:\\\/\\\/www.omrserrature.it\\\/fr\\\/produit\\\/cle-brute-cross-cle-brute-a-profil-2\\\/#breadcrumb\"},\"inLanguage\":\"fr-FR\",\"potentialAction\":[{\"@type\":\"ReadAction\",\"target\":[\"https:\\\/\\\/www.omrserrature.it\\\/fr\\\/produit\\\/cle-brute-cross-cle-brute-a-profil-2\\\/\"]}]},{\"@type\":\"ImageObject\",\"inLanguage\":\"fr-FR\",\"@id\":\"https:\\\/\\\/www.omrserrature.it\\\/fr\\\/produit\\\/cle-brute-cross-cle-brute-a-profil-2\\\/#primaryimage\",\"url\":\"https:\\\/\\\/www.omrserrature.it\\\/wp-content\\\/uploads\\\/2018\\\/07\\\/chiave-grezza-cross-profilo-a-MCHGYPA.jpg\",\"contentUrl\":\"https:\\\/\\\/www.omrserrature.it\\\/wp-content\\\/uploads\\\/2018\\\/07\\\/chiave-grezza-cross-profilo-a-MCHGYPA.jpg\",\"width\":864,\"height\":373,\"caption\":\"Cl\u00e9 brute CROSS profil A - MCHGYPA\"},{\"@type\":\"BreadcrumbList\",\"@id\":\"https:\\\/\\\/www.omrserrature.it\\\/fr\\\/produit\\\/cle-brute-cross-cle-brute-a-profil-2\\\/#breadcrumb\",\"itemListElement\":[{\"@type\":\"ListItem\",\"position\":1,\"name\":\"Home\",\"item\":\"https:\\\/\\\/www.omrserrature.it\\\/fr\\\/omr-serrures-et-systemes-de-verrouillage\\\/\"},{\"@type\":\"ListItem\",\"position\":2,\"name\":\"Catalogue\",\"item\":\"https:\\\/\\\/www.omrserrature.it\\\/catalogue\\\/?lang=fr\"},{\"@type\":\"ListItem\",\"position\":3,\"name\":\"Produits\",\"item\":\"https:\\\/\\\/www.omrserrature.it\\\/fr\\\/catalogue\\\/produits\\\/\"},{\"@type\":\"ListItem\",\"position\":4,\"name\":\"Cl\u00e9 brute &#8220;CROSS&#8221; Profil A\"}]},{\"@type\":\"WebSite\",\"@id\":\"https:\\\/\\\/www.omrserrature.it\\\/fr\\\/#website\",\"url\":\"https:\\\/\\\/www.omrserrature.it\\\/fr\\\/\",\"name\":\"OMR Serrature | Produzione sistemi di chiusura\",\"description\":\"Produzione serrature di sicurezza e sistemi di chiusura\",\"publisher\":{\"@id\":\"https:\\\/\\\/www.omrserrature.it\\\/fr\\\/#organization\"},\"potentialAction\":[{\"@type\":\"SearchAction\",\"target\":{\"@type\":\"EntryPoint\",\"urlTemplate\":\"https:\\\/\\\/www.omrserrature.it\\\/fr\\\/?s={search_term_string}\"},\"query-input\":{\"@type\":\"PropertyValueSpecification\",\"valueRequired\":true,\"valueName\":\"search_term_string\"}}],\"inLanguage\":\"fr-FR\"},{\"@type\":\"Organization\",\"@id\":\"https:\\\/\\\/www.omrserrature.it\\\/fr\\\/#organization\",\"name\":\"OMR Serrature | Produzione sistemi di chiusura\",\"url\":\"https:\\\/\\\/www.omrserrature.it\\\/fr\\\/\",\"logo\":{\"@type\":\"ImageObject\",\"inLanguage\":\"fr-FR\",\"@id\":\"https:\\\/\\\/www.omrserrature.it\\\/fr\\\/#\\\/schema\\\/logo\\\/image\\\/\",\"url\":\"https:\\\/\\\/www.omrserrature.it\\\/wp-content\\\/uploads\\\/2017\\\/09\\\/favicon-omr-114.png\",\"contentUrl\":\"https:\\\/\\\/www.omrserrature.it\\\/wp-content\\\/uploads\\\/2017\\\/09\\\/favicon-omr-114.png\",\"width\":114,\"height\":114,\"caption\":\"OMR Serrature | Produzione sistemi di chiusura\"},\"image\":{\"@id\":\"https:\\\/\\\/www.omrserrature.it\\\/fr\\\/#\\\/schema\\\/logo\\\/image\\\/\"},\"sameAs\":[\"https:\\\/\\\/www.facebook.com\\\/OMRserrature\",\"https:\\\/\\\/www.linkedin.com\\\/company\\\/omrserrature\\\/\",\"https:\\\/\\\/www.youtube.com\\\/channel\\\/UCxmA85z2R0EpG_6IRokiAkg\"]}]}<\/script>\n<!-- \/ Yoast SEO plugin. -->","yoast_head_json":{"title":"Cl\u00e9 brute \"CROSS\" Profil A - OMR Serrature","robots":{"index":"index","follow":"follow","max-snippet":"max-snippet:-1","max-image-preview":"max-image-preview:large","max-video-preview":"max-video-preview:-1"},"canonical":"https:\/\/www.omrserrature.it\/fr\/produit\/cle-brute-cross-cle-brute-a-profil-2\/","og_locale":"fr_FR","og_type":"article","og_title":"Cl\u00e9 brute \"CROSS\" Profil A - OMR Serrature","og_description":"Cl\u00e9 brute avec poign\u00e9e pliante en plastique, particuli\u00e8rement adapt\u00e9e pour les tiroirs et les portes dans les passages ou lorsqu'il est facile de heurter la poign\u00e9e saillante de la cl\u00e9. Sa conception sp\u00e9ciale permet d'\u00e9conomiser de l'espace et de r\u00e9duire au minimum la poign\u00e9e saillante. La livraison comprend deux cl\u00e9s reli\u00e9es par un porte-cl\u00e9s en m\u00e9tal.","og_url":"https:\/\/www.omrserrature.it\/fr\/produit\/cle-brute-cross-cle-brute-a-profil-2\/","og_site_name":"OMR Serrature | Produzione sistemi di chiusura","article_publisher":"https:\/\/www.facebook.com\/OMRserrature","article_modified_time":"2026-04-08T09:41:28+00:00","og_image":[{"width":864,"height":373,"url":"https:\/\/www.omrserrature.it\/wp-content\/uploads\/2018\/07\/chiave-grezza-cross-profilo-a-MCHGYPA.jpg","type":"image\/jpeg"}],"twitter_card":"summary_large_image","schema":{"@context":"https:\/\/schema.org","@graph":[{"@type":"WebPage","@id":"https:\/\/www.omrserrature.it\/fr\/produit\/cle-brute-cross-cle-brute-a-profil-2\/","url":"https:\/\/www.omrserrature.it\/fr\/produit\/cle-brute-cross-cle-brute-a-profil-2\/","name":"Cl\u00e9 brute \"CROSS\" Profil A - OMR Serrature","isPartOf":{"@id":"https:\/\/www.omrserrature.it\/fr\/#website"},"primaryImageOfPage":{"@id":"https:\/\/www.omrserrature.it\/fr\/produit\/cle-brute-cross-cle-brute-a-profil-2\/#primaryimage"},"image":{"@id":"https:\/\/www.omrserrature.it\/fr\/produit\/cle-brute-cross-cle-brute-a-profil-2\/#primaryimage"},"thumbnailUrl":"https:\/\/www.omrserrature.it\/wp-content\/uploads\/2018\/07\/chiave-grezza-cross-profilo-a-MCHGYPA.jpg","datePublished":"2018-07-18T14:33:00+00:00","dateModified":"2026-04-08T09:41:28+00:00","breadcrumb":{"@id":"https:\/\/www.omrserrature.it\/fr\/produit\/cle-brute-cross-cle-brute-a-profil-2\/#breadcrumb"},"inLanguage":"fr-FR","potentialAction":[{"@type":"ReadAction","target":["https:\/\/www.omrserrature.it\/fr\/produit\/cle-brute-cross-cle-brute-a-profil-2\/"]}]},{"@type":"ImageObject","inLanguage":"fr-FR","@id":"https:\/\/www.omrserrature.it\/fr\/produit\/cle-brute-cross-cle-brute-a-profil-2\/#primaryimage","url":"https:\/\/www.omrserrature.it\/wp-content\/uploads\/2018\/07\/chiave-grezza-cross-profilo-a-MCHGYPA.jpg","contentUrl":"https:\/\/www.omrserrature.it\/wp-content\/uploads\/2018\/07\/chiave-grezza-cross-profilo-a-MCHGYPA.jpg","width":864,"height":373,"caption":"Cl\u00e9 brute CROSS profil A - MCHGYPA"},{"@type":"BreadcrumbList","@id":"https:\/\/www.omrserrature.it\/fr\/produit\/cle-brute-cross-cle-brute-a-profil-2\/#breadcrumb","itemListElement":[{"@type":"ListItem","position":1,"name":"Home","item":"https:\/\/www.omrserrature.it\/fr\/omr-serrures-et-systemes-de-verrouillage\/"},{"@type":"ListItem","position":2,"name":"Catalogue","item":"https:\/\/www.omrserrature.it\/catalogue\/?lang=fr"},{"@type":"ListItem","position":3,"name":"Produits","item":"https:\/\/www.omrserrature.it\/fr\/catalogue\/produits\/"},{"@type":"ListItem","position":4,"name":"Cl\u00e9 brute &#8220;CROSS&#8221; Profil A"}]},{"@type":"WebSite","@id":"https:\/\/www.omrserrature.it\/fr\/#website","url":"https:\/\/www.omrserrature.it\/fr\/","name":"OMR Serrature | Produzione sistemi di chiusura","description":"Produzione serrature di sicurezza e sistemi di chiusura","publisher":{"@id":"https:\/\/www.omrserrature.it\/fr\/#organization"},"potentialAction":[{"@type":"SearchAction","target":{"@type":"EntryPoint","urlTemplate":"https:\/\/www.omrserrature.it\/fr\/?s={search_term_string}"},"query-input":{"@type":"PropertyValueSpecification","valueRequired":true,"valueName":"search_term_string"}}],"inLanguage":"fr-FR"},{"@type":"Organization","@id":"https:\/\/www.omrserrature.it\/fr\/#organization","name":"OMR Serrature | Produzione sistemi di chiusura","url":"https:\/\/www.omrserrature.it\/fr\/","logo":{"@type":"ImageObject","inLanguage":"fr-FR","@id":"https:\/\/www.omrserrature.it\/fr\/#\/schema\/logo\/image\/","url":"https:\/\/www.omrserrature.it\/wp-content\/uploads\/2017\/09\/favicon-omr-114.png","contentUrl":"https:\/\/www.omrserrature.it\/wp-content\/uploads\/2017\/09\/favicon-omr-114.png","width":114,"height":114,"caption":"OMR Serrature | Produzione sistemi di chiusura"},"image":{"@id":"https:\/\/www.omrserrature.it\/fr\/#\/schema\/logo\/image\/"},"sameAs":["https:\/\/www.facebook.com\/OMRserrature","https:\/\/www.linkedin.com\/company\/omrserrature\/","https:\/\/www.youtube.com\/channel\/UCxmA85z2R0EpG_6IRokiAkg"]}]}},"_links":{"self":[{"href":"https:\/\/www.omrserrature.it\/fr\/wp-json\/wp\/v2\/product\/26160","targetHints":{"allow":["GET"]}}],"collection":[{"href":"https:\/\/www.omrserrature.it\/fr\/wp-json\/wp\/v2\/product"}],"about":[{"href":"https:\/\/www.omrserrature.it\/fr\/wp-json\/wp\/v2\/types\/product"}],"replies":[{"embeddable":true,"href":"https:\/\/www.omrserrature.it\/fr\/wp-json\/wp\/v2\/comments?post=26160"}],"wp:featuredmedia":[{"embeddable":true,"href":"https:\/\/www.omrserrature.it\/fr\/wp-json\/wp\/v2\/media\/9101"}],"wp:attachment":[{"href":"https:\/\/www.omrserrature.it\/fr\/wp-json\/wp\/v2\/media?parent=26160"}],"wp:term":[{"taxonomy":"product_brand","embeddable":true,"href":"https:\/\/www.omrserrature.it\/fr\/wp-json\/wp\/v2\/product_brand?post=26160"},{"taxonomy":"product_cat","embeddable":true,"href":"https:\/\/www.omrserrature.it\/fr\/wp-json\/wp\/v2\/product_cat?post=26160"},{"taxonomy":"product_tag","embeddable":true,"href":"https:\/\/www.omrserrature.it\/fr\/wp-json\/wp\/v2\/product_tag?post=26160"}],"curies":[{"name":"wp","href":"https:\/\/api.w.org\/{rel}","templated":true}]}}