{"id":26153,"date":"2019-02-27T15:16:34","date_gmt":"2023-02-19T14:16:00","guid":{"rendered":"https:\/\/www.staging6.omrserrature.it\/prodotto\/laveuse\/"},"modified":"2026-04-08T11:37:26","modified_gmt":"2026-04-08T09:37:26","slug":"laveuse","status":"publish","type":"product","link":"https:\/\/www.omrserrature.it\/fr\/produit\/laveuse\/","title":{"rendered":"Rondelle"},"content":{"rendered":"<p>OMR est attach\u00e9 \u00e0 l&rsquo;excellence du Made in Italy et g\u00e8re donc en interne chaque \u00e9tape du processus de production, depuis la s\u00e9lection des mati\u00e8res premi\u00e8res jusqu&rsquo;\u00e0 la livraison finale au client. Cela nous permet d&rsquo;offrir une large gamme de Rondelles, con\u00e7ues pour r\u00e9pondre \u00e0 une vari\u00e9t\u00e9 d&rsquo;exigences sp\u00e9cifiques en mati\u00e8re de serrure. Nos rondelles sont disponibles dans un large choix de tailles, de formes et de mat\u00e9riaux, chacun \u00e9tant con\u00e7u pour apporter la solution parfaite \u00e0 votre application. Que vous recherchiez des rondelles standard ou des solutions personnalis\u00e9es, OMR est l\u00e0 pour vous aider dans votre projet de s\u00e9curit\u00e9.   <\/p>\n<p><strong>Mat\u00e9riaux de haute qualit\u00e9 :<\/strong><\/p>\n<ul>\n<li><strong>Acier<\/strong>: pour une r\u00e9sistance et une durabilit\u00e9 sup\u00e9rieures.<\/li>\n<li><strong>Fibre<\/strong>: id\u00e9ale pour les applications n\u00e9cessitant une isolation et une r\u00e9sistance \u00e0 la compression.<\/li>\n<li><strong>Caoutchouc<\/strong>: parfait pour l&rsquo;\u00e9tanch\u00e9it\u00e9 et l&rsquo;amortissement tout en r\u00e9sistant aux intemp\u00e9ries.<\/li>\n<li><strong>Nylon<\/strong>: l\u00e9ger et r\u00e9sistant \u00e0 la corrosion, optimal pour les applications n\u00e9cessitant un poids r\u00e9duit.<\/li>\n<\/ul>\n<p>Sur cette page, nous pr\u00e9sentons une s\u00e9lection des rondelles les plus couramment utilis\u00e9es pour les serrures OMR. Chaque Rondelle est con\u00e7ue pour offrir des performances optimales tout en garantissant une qualit\u00e9 et une fiabilit\u00e9 \u00e9lev\u00e9es. Pour plus d&rsquo;informations ou des demandes de personnalisation, n&rsquo;h\u00e9sitez pas \u00e0 contacter notre service client\u00e8le : nous sommes toujours disponibles pour vous aider \u00e0 trouver la solution parfaite pour vos besoins de s\u00e9curit\u00e9. <\/p>\n","protected":false},"excerpt":{"rendered":"<p>Sur cette page, nous pr\u00e9sentons une s\u00e9lection des rondelles les plus couramment utilis\u00e9es pour les serrures OMR.  <\/p>\n","protected":false},"featured_media":10611,"comment_status":"open","ping_status":"closed","template":"","meta":{"_acf_changed":false,"_et_pb_use_builder":"","_et_pb_old_content":"","_et_gb_content_width":""},"product_brand":[],"product_cat":[3673,3636],"product_tag":[],"class_list":{"0":"post-26153","1":"product","2":"type-product","3":"status-publish","4":"has-post-thumbnail","6":"product_cat-ecrous-fourchettes-rondelles-joints-detancheite","7":"product_cat-produits","9":"first","10":"instock","11":"shipping-taxable","12":"purchasable","13":"product-type-simple"},"acf":{"pdf1":false},"yoast_head":"<!-- This site is optimized with the Yoast SEO plugin v27.2 - https:\/\/yoast.com\/product\/yoast-seo-wordpress\/ -->\n<title>Rondelle - OMR Serrature<\/title>\n<meta name=\"robots\" content=\"index, follow, max-snippet:-1, max-image-preview:large, max-video-preview:-1\" \/>\n<link rel=\"canonical\" href=\"https:\/\/www.omrserrature.it\/fr\/produit\/laveuse\/\" \/>\n<meta property=\"og:locale\" content=\"fr_FR\" \/>\n<meta property=\"og:type\" content=\"article\" \/>\n<meta property=\"og:title\" content=\"Rondelle - OMR Serrature\" \/>\n<meta property=\"og:description\" content=\"Sur cette page, nous pr\u00e9sentons une s\u00e9lection des rondelles les plus couramment utilis\u00e9es pour les serrures OMR.\" \/>\n<meta property=\"og:url\" content=\"https:\/\/www.omrserrature.it\/fr\/produit\/laveuse\/\" \/>\n<meta property=\"og:site_name\" content=\"OMR Serrature | Produzione sistemi di chiusura\" \/>\n<meta property=\"article:publisher\" content=\"https:\/\/www.facebook.com\/OMRserrature\" \/>\n<meta property=\"article:modified_time\" content=\"2026-04-08T09:37:26+00:00\" \/>\n<meta property=\"og:image\" content=\"https:\/\/www.omrserrature.it\/wp-content\/uploads\/2019\/02\/rondella-d20-SRON02565.jpg\" \/>\n\t<meta property=\"og:image:width\" content=\"422\" \/>\n\t<meta property=\"og:image:height\" content=\"329\" \/>\n\t<meta property=\"og:image:type\" content=\"image\/jpeg\" \/>\n<meta name=\"twitter:card\" content=\"summary_large_image\" \/>\n<meta name=\"twitter:label1\" content=\"Dur\u00e9e de lecture estim\u00e9e\" \/>\n\t<meta name=\"twitter:data1\" content=\"1 minute\" \/>\n<script type=\"application\/ld+json\" class=\"yoast-schema-graph\">{\"@context\":\"https:\/\/schema.org\",\"@graph\":[{\"@type\":\"WebPage\",\"@id\":\"https:\/\/www.omrserrature.it\/fr\/produit\/laveuse\/\",\"url\":\"https:\/\/www.omrserrature.it\/fr\/produit\/laveuse\/\",\"name\":\"Rondelle - OMR Serrature\",\"isPartOf\":{\"@id\":\"https:\/\/www.omrserrature.it\/fr\/#website\"},\"primaryImageOfPage\":{\"@id\":\"https:\/\/www.omrserrature.it\/fr\/produit\/laveuse\/#primaryimage\"},\"image\":{\"@id\":\"https:\/\/www.omrserrature.it\/fr\/produit\/laveuse\/#primaryimage\"},\"thumbnailUrl\":\"https:\/\/www.omrserrature.it\/wp-content\/uploads\/2019\/02\/rondella-d20-SRON02565.jpg\",\"datePublished\":\"2023-02-19T14:16:00+00:00\",\"dateModified\":\"2026-04-08T09:37:26+00:00\",\"breadcrumb\":{\"@id\":\"https:\/\/www.omrserrature.it\/fr\/produit\/laveuse\/#breadcrumb\"},\"inLanguage\":\"fr-FR\",\"potentialAction\":[{\"@type\":\"ReadAction\",\"target\":[\"https:\/\/www.omrserrature.it\/fr\/produit\/laveuse\/\"]}]},{\"@type\":\"ImageObject\",\"inLanguage\":\"fr-FR\",\"@id\":\"https:\/\/www.omrserrature.it\/fr\/produit\/laveuse\/#primaryimage\",\"url\":\"https:\/\/www.omrserrature.it\/wp-content\/uploads\/2019\/02\/rondella-d20-SRON02565.jpg\",\"contentUrl\":\"https:\/\/www.omrserrature.it\/wp-content\/uploads\/2019\/02\/rondella-d20-SRON02565.jpg\",\"width\":422,\"height\":329,\"caption\":\"Rondelle diam\u00e8tre 20mm - SRON02565\"},{\"@type\":\"BreadcrumbList\",\"@id\":\"https:\/\/www.omrserrature.it\/fr\/produit\/laveuse\/#breadcrumb\",\"itemListElement\":[{\"@type\":\"ListItem\",\"position\":1,\"name\":\"Home\",\"item\":\"https:\/\/www.omrserrature.it\/fr\/omr-serrures-et-systemes-de-verrouillage\/\"},{\"@type\":\"ListItem\",\"position\":2,\"name\":\"Catalogue\",\"item\":\"https:\/\/www.omrserrature.it\/catalogue\/?lang=fr\"},{\"@type\":\"ListItem\",\"position\":3,\"name\":\"Produits\",\"item\":\"https:\/\/www.omrserrature.it\/fr\/catalogue\/produits\/\"},{\"@type\":\"ListItem\",\"position\":4,\"name\":\"Rondelle\"}]},{\"@type\":\"WebSite\",\"@id\":\"https:\/\/www.omrserrature.it\/fr\/#website\",\"url\":\"https:\/\/www.omrserrature.it\/fr\/\",\"name\":\"OMR Serrature | Produzione sistemi di chiusura\",\"description\":\"Produzione serrature di sicurezza e sistemi di chiusura\",\"publisher\":{\"@id\":\"https:\/\/www.omrserrature.it\/fr\/#organization\"},\"potentialAction\":[{\"@type\":\"SearchAction\",\"target\":{\"@type\":\"EntryPoint\",\"urlTemplate\":\"https:\/\/www.omrserrature.it\/fr\/?s={search_term_string}\"},\"query-input\":{\"@type\":\"PropertyValueSpecification\",\"valueRequired\":true,\"valueName\":\"search_term_string\"}}],\"inLanguage\":\"fr-FR\"},{\"@type\":\"Organization\",\"@id\":\"https:\/\/www.omrserrature.it\/fr\/#organization\",\"name\":\"OMR Serrature | Produzione sistemi di chiusura\",\"url\":\"https:\/\/www.omrserrature.it\/fr\/\",\"logo\":{\"@type\":\"ImageObject\",\"inLanguage\":\"fr-FR\",\"@id\":\"https:\/\/www.omrserrature.it\/fr\/#\/schema\/logo\/image\/\",\"url\":\"https:\/\/www.omrserrature.it\/wp-content\/uploads\/2017\/09\/favicon-omr-114.png\",\"contentUrl\":\"https:\/\/www.omrserrature.it\/wp-content\/uploads\/2017\/09\/favicon-omr-114.png\",\"width\":114,\"height\":114,\"caption\":\"OMR Serrature | Produzione sistemi di chiusura\"},\"image\":{\"@id\":\"https:\/\/www.omrserrature.it\/fr\/#\/schema\/logo\/image\/\"},\"sameAs\":[\"https:\/\/www.facebook.com\/OMRserrature\",\"https:\/\/www.linkedin.com\/company\/omrserrature\/\",\"https:\/\/www.youtube.com\/channel\/UCxmA85z2R0EpG_6IRokiAkg\"]}]}<\/script>\n<!-- \/ Yoast SEO plugin. -->","yoast_head_json":{"title":"Rondelle - OMR Serrature","robots":{"index":"index","follow":"follow","max-snippet":"max-snippet:-1","max-image-preview":"max-image-preview:large","max-video-preview":"max-video-preview:-1"},"canonical":"https:\/\/www.omrserrature.it\/fr\/produit\/laveuse\/","og_locale":"fr_FR","og_type":"article","og_title":"Rondelle - OMR Serrature","og_description":"Sur cette page, nous pr\u00e9sentons une s\u00e9lection des rondelles les plus couramment utilis\u00e9es pour les serrures OMR.","og_url":"https:\/\/www.omrserrature.it\/fr\/produit\/laveuse\/","og_site_name":"OMR Serrature | Produzione sistemi di chiusura","article_publisher":"https:\/\/www.facebook.com\/OMRserrature","article_modified_time":"2026-04-08T09:37:26+00:00","og_image":[{"width":422,"height":329,"url":"https:\/\/www.omrserrature.it\/wp-content\/uploads\/2019\/02\/rondella-d20-SRON02565.jpg","type":"image\/jpeg"}],"twitter_card":"summary_large_image","twitter_misc":{"Dur\u00e9e de lecture estim\u00e9e":"1 minute"},"schema":{"@context":"https:\/\/schema.org","@graph":[{"@type":"WebPage","@id":"https:\/\/www.omrserrature.it\/fr\/produit\/laveuse\/","url":"https:\/\/www.omrserrature.it\/fr\/produit\/laveuse\/","name":"Rondelle - OMR Serrature","isPartOf":{"@id":"https:\/\/www.omrserrature.it\/fr\/#website"},"primaryImageOfPage":{"@id":"https:\/\/www.omrserrature.it\/fr\/produit\/laveuse\/#primaryimage"},"image":{"@id":"https:\/\/www.omrserrature.it\/fr\/produit\/laveuse\/#primaryimage"},"thumbnailUrl":"https:\/\/www.omrserrature.it\/wp-content\/uploads\/2019\/02\/rondella-d20-SRON02565.jpg","datePublished":"2023-02-19T14:16:00+00:00","dateModified":"2026-04-08T09:37:26+00:00","breadcrumb":{"@id":"https:\/\/www.omrserrature.it\/fr\/produit\/laveuse\/#breadcrumb"},"inLanguage":"fr-FR","potentialAction":[{"@type":"ReadAction","target":["https:\/\/www.omrserrature.it\/fr\/produit\/laveuse\/"]}]},{"@type":"ImageObject","inLanguage":"fr-FR","@id":"https:\/\/www.omrserrature.it\/fr\/produit\/laveuse\/#primaryimage","url":"https:\/\/www.omrserrature.it\/wp-content\/uploads\/2019\/02\/rondella-d20-SRON02565.jpg","contentUrl":"https:\/\/www.omrserrature.it\/wp-content\/uploads\/2019\/02\/rondella-d20-SRON02565.jpg","width":422,"height":329,"caption":"Rondelle diam\u00e8tre 20mm - SRON02565"},{"@type":"BreadcrumbList","@id":"https:\/\/www.omrserrature.it\/fr\/produit\/laveuse\/#breadcrumb","itemListElement":[{"@type":"ListItem","position":1,"name":"Home","item":"https:\/\/www.omrserrature.it\/fr\/omr-serrures-et-systemes-de-verrouillage\/"},{"@type":"ListItem","position":2,"name":"Catalogue","item":"https:\/\/www.omrserrature.it\/catalogue\/?lang=fr"},{"@type":"ListItem","position":3,"name":"Produits","item":"https:\/\/www.omrserrature.it\/fr\/catalogue\/produits\/"},{"@type":"ListItem","position":4,"name":"Rondelle"}]},{"@type":"WebSite","@id":"https:\/\/www.omrserrature.it\/fr\/#website","url":"https:\/\/www.omrserrature.it\/fr\/","name":"OMR Serrature | Produzione sistemi di chiusura","description":"Produzione serrature di sicurezza e sistemi di chiusura","publisher":{"@id":"https:\/\/www.omrserrature.it\/fr\/#organization"},"potentialAction":[{"@type":"SearchAction","target":{"@type":"EntryPoint","urlTemplate":"https:\/\/www.omrserrature.it\/fr\/?s={search_term_string}"},"query-input":{"@type":"PropertyValueSpecification","valueRequired":true,"valueName":"search_term_string"}}],"inLanguage":"fr-FR"},{"@type":"Organization","@id":"https:\/\/www.omrserrature.it\/fr\/#organization","name":"OMR Serrature | Produzione sistemi di chiusura","url":"https:\/\/www.omrserrature.it\/fr\/","logo":{"@type":"ImageObject","inLanguage":"fr-FR","@id":"https:\/\/www.omrserrature.it\/fr\/#\/schema\/logo\/image\/","url":"https:\/\/www.omrserrature.it\/wp-content\/uploads\/2017\/09\/favicon-omr-114.png","contentUrl":"https:\/\/www.omrserrature.it\/wp-content\/uploads\/2017\/09\/favicon-omr-114.png","width":114,"height":114,"caption":"OMR Serrature | Produzione sistemi di chiusura"},"image":{"@id":"https:\/\/www.omrserrature.it\/fr\/#\/schema\/logo\/image\/"},"sameAs":["https:\/\/www.facebook.com\/OMRserrature","https:\/\/www.linkedin.com\/company\/omrserrature\/","https:\/\/www.youtube.com\/channel\/UCxmA85z2R0EpG_6IRokiAkg"]}]}},"_links":{"self":[{"href":"https:\/\/www.omrserrature.it\/fr\/wp-json\/wp\/v2\/product\/26153","targetHints":{"allow":["GET"]}}],"collection":[{"href":"https:\/\/www.omrserrature.it\/fr\/wp-json\/wp\/v2\/product"}],"about":[{"href":"https:\/\/www.omrserrature.it\/fr\/wp-json\/wp\/v2\/types\/product"}],"replies":[{"embeddable":true,"href":"https:\/\/www.omrserrature.it\/fr\/wp-json\/wp\/v2\/comments?post=26153"}],"wp:featuredmedia":[{"embeddable":true,"href":"https:\/\/www.omrserrature.it\/fr\/wp-json\/wp\/v2\/media\/10611"}],"wp:attachment":[{"href":"https:\/\/www.omrserrature.it\/fr\/wp-json\/wp\/v2\/media?parent=26153"}],"wp:term":[{"taxonomy":"product_brand","embeddable":true,"href":"https:\/\/www.omrserrature.it\/fr\/wp-json\/wp\/v2\/product_brand?post=26153"},{"taxonomy":"product_cat","embeddable":true,"href":"https:\/\/www.omrserrature.it\/fr\/wp-json\/wp\/v2\/product_cat?post=26153"},{"taxonomy":"product_tag","embeddable":true,"href":"https:\/\/www.omrserrature.it\/fr\/wp-json\/wp\/v2\/product_tag?post=26153"}],"curies":[{"name":"wp","href":"https:\/\/api.w.org\/{rel}","templated":true}]}}