{"id":26148,"date":"2019-02-26T14:25:49","date_gmt":"2023-02-19T13:25:00","guid":{"rendered":"https:\/\/www.staging6.omrserrature.it\/prodotto\/tenon-2\/"},"modified":"2026-04-08T11:37:44","modified_gmt":"2026-04-08T09:37:44","slug":"tenon-2","status":"publish","type":"product","link":"https:\/\/www.omrserrature.it\/fr\/produit\/tenon-2\/","title":{"rendered":"came \u00e0 tenon"},"content":{"rendered":"<p>Le <strong>came \u00e0 tenon<\/strong>\u00e9galement connu sous le nom de Panne ou d&rsquo;actionneur, est un \u00e9l\u00e9ment de serrure en acier galvanis\u00e9 qui remplace les leviers ou les Cames multipoints et qui est normalement utilis\u00e9 sur les tiroirs et les commodes. Diff\u00e9rentes longueurs et formes d&rsquo;axes sont disponibles en fonction des besoins et de l&rsquo;espace disponible. Il peut \u00eatre combin\u00e9 avec un syst\u00e8me anti-basculement sur les <strong>tiroirs et les armoires \u00e0 tiroirs<\/strong> pour cr\u00e9er un <strong>verrouillage multiple ou centralis\u00e9<\/strong>.  <\/p>\n","protected":false},"excerpt":{"rendered":"<p>Le <strong>came \u00e0 tenon<\/strong>\u00e9galement appel\u00e9 Panneau ou Actionneur, est un \u00e9l\u00e9ment de Serrure en acier galvanis\u00e9 qui remplace les leviers ou les Cames multipoints. Diff\u00e9rentes longueurs et formes d&rsquo;axes sont disponibles en fonction des besoins et de l&rsquo;espace disponible. Il peut \u00eatre combin\u00e9 avec un syst\u00e8me anti-basculement sur les <strong>tiroirs et les armoires \u00e0 tiroirs<\/strong> pour cr\u00e9er un <strong>verrouillage multiple ou centralis\u00e9<\/strong>.  <\/p>\n","protected":false},"featured_media":10202,"comment_status":"open","ping_status":"closed","template":"","meta":{"_acf_changed":false,"_et_pb_use_builder":"","_et_pb_old_content":"","_et_gb_content_width":""},"product_brand":[],"product_cat":[3669],"product_tag":[],"class_list":{"0":"post-26148","1":"product","2":"type-product","3":"status-publish","4":"has-post-thumbnail","6":"product_cat-cames-a-tenons-et-cames-multipoints","8":"first","9":"instock","10":"shipping-taxable","11":"purchasable","12":"product-type-variable"},"acf":{"pdf1":false},"yoast_head":"<!-- This site is optimized with the Yoast SEO plugin v27.2 - https:\/\/yoast.com\/product\/yoast-seo-wordpress\/ -->\n<title>came \u00e0 tenon - OMR Serrature<\/title>\n<meta name=\"robots\" content=\"index, follow, max-snippet:-1, max-image-preview:large, max-video-preview:-1\" \/>\n<link rel=\"canonical\" href=\"https:\/\/www.omrserrature.it\/fr\/produit\/tenon-2\/\" \/>\n<meta property=\"og:locale\" content=\"fr_FR\" \/>\n<meta property=\"og:type\" content=\"article\" \/>\n<meta property=\"og:title\" content=\"came \u00e0 tenon - OMR Serrature\" \/>\n<meta property=\"og:description\" content=\"Le came \u00e0 tenon\u00e9galement appel\u00e9 Panneau ou Actionneur, est un \u00e9l\u00e9ment de Serrure en acier galvanis\u00e9 qui remplace les leviers ou les Cames multipoints. Diff\u00e9rentes longueurs et formes d&#039;axes sont disponibles en fonction des besoins et de l&#039;espace disponible. Il peut \u00eatre combin\u00e9 avec un syst\u00e8me anti-basculement sur les tiroirs et les armoires \u00e0 tiroirs pour cr\u00e9er un verrouillage multiple ou centralis\u00e9.\" \/>\n<meta property=\"og:url\" content=\"https:\/\/www.omrserrature.it\/fr\/produit\/tenon-2\/\" \/>\n<meta property=\"og:site_name\" content=\"OMR Serrature | Produzione sistemi di chiusura\" \/>\n<meta property=\"article:publisher\" content=\"https:\/\/www.facebook.com\/OMRserrature\" \/>\n<meta property=\"article:modified_time\" content=\"2026-04-08T09:37:44+00:00\" \/>\n<meta property=\"og:image\" content=\"https:\/\/www.omrserrature.it\/wp-content\/uploads\/2019\/02\/comandino-SCOM04938.jpg\" \/>\n\t<meta property=\"og:image:width\" content=\"584\" \/>\n\t<meta property=\"og:image:height\" content=\"418\" \/>\n\t<meta property=\"og:image:type\" content=\"image\/jpeg\" \/>\n<meta name=\"twitter:card\" content=\"summary_large_image\" \/>\n<script type=\"application\/ld+json\" class=\"yoast-schema-graph\">{\"@context\":\"https:\/\/schema.org\",\"@graph\":[{\"@type\":\"WebPage\",\"@id\":\"https:\/\/www.omrserrature.it\/fr\/produit\/tenon-2\/\",\"url\":\"https:\/\/www.omrserrature.it\/fr\/produit\/tenon-2\/\",\"name\":\"came \u00e0 tenon - OMR Serrature\",\"isPartOf\":{\"@id\":\"https:\/\/www.omrserrature.it\/fr\/#website\"},\"primaryImageOfPage\":{\"@id\":\"https:\/\/www.omrserrature.it\/fr\/produit\/tenon-2\/#primaryimage\"},\"image\":{\"@id\":\"https:\/\/www.omrserrature.it\/fr\/produit\/tenon-2\/#primaryimage\"},\"thumbnailUrl\":\"https:\/\/www.omrserrature.it\/wp-content\/uploads\/2019\/02\/comandino-SCOM04938.jpg\",\"datePublished\":\"2023-02-19T13:25:00+00:00\",\"dateModified\":\"2026-04-08T09:37:44+00:00\",\"breadcrumb\":{\"@id\":\"https:\/\/www.omrserrature.it\/fr\/produit\/tenon-2\/#breadcrumb\"},\"inLanguage\":\"fr-FR\",\"potentialAction\":[{\"@type\":\"ReadAction\",\"target\":[\"https:\/\/www.omrserrature.it\/fr\/produit\/tenon-2\/\"]}]},{\"@type\":\"ImageObject\",\"inLanguage\":\"fr-FR\",\"@id\":\"https:\/\/www.omrserrature.it\/fr\/produit\/tenon-2\/#primaryimage\",\"url\":\"https:\/\/www.omrserrature.it\/wp-content\/uploads\/2019\/02\/comandino-SCOM04938.jpg\",\"contentUrl\":\"https:\/\/www.omrserrature.it\/wp-content\/uploads\/2019\/02\/comandino-SCOM04938.jpg\",\"width\":584,\"height\":418,\"caption\":\"Commande de fermeture des tringles - SCOM04938\"},{\"@type\":\"BreadcrumbList\",\"@id\":\"https:\/\/www.omrserrature.it\/fr\/produit\/tenon-2\/#breadcrumb\",\"itemListElement\":[{\"@type\":\"ListItem\",\"position\":1,\"name\":\"Home\",\"item\":\"https:\/\/www.omrserrature.it\/fr\/omr-serrures-et-systemes-de-verrouillage\/\"},{\"@type\":\"ListItem\",\"position\":2,\"name\":\"Catalogue\",\"item\":\"https:\/\/www.omrserrature.it\/catalogue\/?lang=fr\"},{\"@type\":\"ListItem\",\"position\":3,\"name\":\"Produits\",\"item\":\"https:\/\/www.omrserrature.it\/fr\/catalogue\/produits\/\"},{\"@type\":\"ListItem\",\"position\":4,\"name\":\"Accessoires et pi\u00e8ces d\u00e9tach\u00e9es\",\"item\":\"https:\/\/www.omrserrature.it\/fr\/catalogue\/produits\/accessoires-et-pieces-detachees\/\"},{\"@type\":\"ListItem\",\"position\":5,\"name\":\"Cames \u00e0 tenons et cames multipoints\",\"item\":\"https:\/\/www.omrserrature.it\/fr\/catalogue\/produits\/accessoires-et-pieces-detachees\/cames-a-tenons-et-cames-multipoints\/\"},{\"@type\":\"ListItem\",\"position\":6,\"name\":\"came \u00e0 tenon\"}]},{\"@type\":\"WebSite\",\"@id\":\"https:\/\/www.omrserrature.it\/fr\/#website\",\"url\":\"https:\/\/www.omrserrature.it\/fr\/\",\"name\":\"OMR Serrature | Produzione sistemi di chiusura\",\"description\":\"Produzione serrature di sicurezza e sistemi di chiusura\",\"publisher\":{\"@id\":\"https:\/\/www.omrserrature.it\/fr\/#organization\"},\"potentialAction\":[{\"@type\":\"SearchAction\",\"target\":{\"@type\":\"EntryPoint\",\"urlTemplate\":\"https:\/\/www.omrserrature.it\/fr\/?s={search_term_string}\"},\"query-input\":{\"@type\":\"PropertyValueSpecification\",\"valueRequired\":true,\"valueName\":\"search_term_string\"}}],\"inLanguage\":\"fr-FR\"},{\"@type\":\"Organization\",\"@id\":\"https:\/\/www.omrserrature.it\/fr\/#organization\",\"name\":\"OMR Serrature | Produzione sistemi di chiusura\",\"url\":\"https:\/\/www.omrserrature.it\/fr\/\",\"logo\":{\"@type\":\"ImageObject\",\"inLanguage\":\"fr-FR\",\"@id\":\"https:\/\/www.omrserrature.it\/fr\/#\/schema\/logo\/image\/\",\"url\":\"https:\/\/www.omrserrature.it\/wp-content\/uploads\/2017\/09\/favicon-omr-114.png\",\"contentUrl\":\"https:\/\/www.omrserrature.it\/wp-content\/uploads\/2017\/09\/favicon-omr-114.png\",\"width\":114,\"height\":114,\"caption\":\"OMR Serrature | Produzione sistemi di chiusura\"},\"image\":{\"@id\":\"https:\/\/www.omrserrature.it\/fr\/#\/schema\/logo\/image\/\"},\"sameAs\":[\"https:\/\/www.facebook.com\/OMRserrature\",\"https:\/\/www.linkedin.com\/company\/omrserrature\/\",\"https:\/\/www.youtube.com\/channel\/UCxmA85z2R0EpG_6IRokiAkg\"]}]}<\/script>\n<!-- \/ Yoast SEO plugin. -->","yoast_head_json":{"title":"came \u00e0 tenon - OMR Serrature","robots":{"index":"index","follow":"follow","max-snippet":"max-snippet:-1","max-image-preview":"max-image-preview:large","max-video-preview":"max-video-preview:-1"},"canonical":"https:\/\/www.omrserrature.it\/fr\/produit\/tenon-2\/","og_locale":"fr_FR","og_type":"article","og_title":"came \u00e0 tenon - OMR Serrature","og_description":"Le came \u00e0 tenon\u00e9galement appel\u00e9 Panneau ou Actionneur, est un \u00e9l\u00e9ment de Serrure en acier galvanis\u00e9 qui remplace les leviers ou les Cames multipoints. Diff\u00e9rentes longueurs et formes d'axes sont disponibles en fonction des besoins et de l'espace disponible. Il peut \u00eatre combin\u00e9 avec un syst\u00e8me anti-basculement sur les tiroirs et les armoires \u00e0 tiroirs pour cr\u00e9er un verrouillage multiple ou centralis\u00e9.","og_url":"https:\/\/www.omrserrature.it\/fr\/produit\/tenon-2\/","og_site_name":"OMR Serrature | Produzione sistemi di chiusura","article_publisher":"https:\/\/www.facebook.com\/OMRserrature","article_modified_time":"2026-04-08T09:37:44+00:00","og_image":[{"width":584,"height":418,"url":"https:\/\/www.omrserrature.it\/wp-content\/uploads\/2019\/02\/comandino-SCOM04938.jpg","type":"image\/jpeg"}],"twitter_card":"summary_large_image","schema":{"@context":"https:\/\/schema.org","@graph":[{"@type":"WebPage","@id":"https:\/\/www.omrserrature.it\/fr\/produit\/tenon-2\/","url":"https:\/\/www.omrserrature.it\/fr\/produit\/tenon-2\/","name":"came \u00e0 tenon - OMR Serrature","isPartOf":{"@id":"https:\/\/www.omrserrature.it\/fr\/#website"},"primaryImageOfPage":{"@id":"https:\/\/www.omrserrature.it\/fr\/produit\/tenon-2\/#primaryimage"},"image":{"@id":"https:\/\/www.omrserrature.it\/fr\/produit\/tenon-2\/#primaryimage"},"thumbnailUrl":"https:\/\/www.omrserrature.it\/wp-content\/uploads\/2019\/02\/comandino-SCOM04938.jpg","datePublished":"2023-02-19T13:25:00+00:00","dateModified":"2026-04-08T09:37:44+00:00","breadcrumb":{"@id":"https:\/\/www.omrserrature.it\/fr\/produit\/tenon-2\/#breadcrumb"},"inLanguage":"fr-FR","potentialAction":[{"@type":"ReadAction","target":["https:\/\/www.omrserrature.it\/fr\/produit\/tenon-2\/"]}]},{"@type":"ImageObject","inLanguage":"fr-FR","@id":"https:\/\/www.omrserrature.it\/fr\/produit\/tenon-2\/#primaryimage","url":"https:\/\/www.omrserrature.it\/wp-content\/uploads\/2019\/02\/comandino-SCOM04938.jpg","contentUrl":"https:\/\/www.omrserrature.it\/wp-content\/uploads\/2019\/02\/comandino-SCOM04938.jpg","width":584,"height":418,"caption":"Commande de fermeture des tringles - SCOM04938"},{"@type":"BreadcrumbList","@id":"https:\/\/www.omrserrature.it\/fr\/produit\/tenon-2\/#breadcrumb","itemListElement":[{"@type":"ListItem","position":1,"name":"Home","item":"https:\/\/www.omrserrature.it\/fr\/omr-serrures-et-systemes-de-verrouillage\/"},{"@type":"ListItem","position":2,"name":"Catalogue","item":"https:\/\/www.omrserrature.it\/catalogue\/?lang=fr"},{"@type":"ListItem","position":3,"name":"Produits","item":"https:\/\/www.omrserrature.it\/fr\/catalogue\/produits\/"},{"@type":"ListItem","position":4,"name":"Accessoires et pi\u00e8ces d\u00e9tach\u00e9es","item":"https:\/\/www.omrserrature.it\/fr\/catalogue\/produits\/accessoires-et-pieces-detachees\/"},{"@type":"ListItem","position":5,"name":"Cames \u00e0 tenons et cames multipoints","item":"https:\/\/www.omrserrature.it\/fr\/catalogue\/produits\/accessoires-et-pieces-detachees\/cames-a-tenons-et-cames-multipoints\/"},{"@type":"ListItem","position":6,"name":"came \u00e0 tenon"}]},{"@type":"WebSite","@id":"https:\/\/www.omrserrature.it\/fr\/#website","url":"https:\/\/www.omrserrature.it\/fr\/","name":"OMR Serrature | Produzione sistemi di chiusura","description":"Produzione serrature di sicurezza e sistemi di chiusura","publisher":{"@id":"https:\/\/www.omrserrature.it\/fr\/#organization"},"potentialAction":[{"@type":"SearchAction","target":{"@type":"EntryPoint","urlTemplate":"https:\/\/www.omrserrature.it\/fr\/?s={search_term_string}"},"query-input":{"@type":"PropertyValueSpecification","valueRequired":true,"valueName":"search_term_string"}}],"inLanguage":"fr-FR"},{"@type":"Organization","@id":"https:\/\/www.omrserrature.it\/fr\/#organization","name":"OMR Serrature | Produzione sistemi di chiusura","url":"https:\/\/www.omrserrature.it\/fr\/","logo":{"@type":"ImageObject","inLanguage":"fr-FR","@id":"https:\/\/www.omrserrature.it\/fr\/#\/schema\/logo\/image\/","url":"https:\/\/www.omrserrature.it\/wp-content\/uploads\/2017\/09\/favicon-omr-114.png","contentUrl":"https:\/\/www.omrserrature.it\/wp-content\/uploads\/2017\/09\/favicon-omr-114.png","width":114,"height":114,"caption":"OMR Serrature | Produzione sistemi di chiusura"},"image":{"@id":"https:\/\/www.omrserrature.it\/fr\/#\/schema\/logo\/image\/"},"sameAs":["https:\/\/www.facebook.com\/OMRserrature","https:\/\/www.linkedin.com\/company\/omrserrature\/","https:\/\/www.youtube.com\/channel\/UCxmA85z2R0EpG_6IRokiAkg"]}]}},"_links":{"self":[{"href":"https:\/\/www.omrserrature.it\/fr\/wp-json\/wp\/v2\/product\/26148","targetHints":{"allow":["GET"]}}],"collection":[{"href":"https:\/\/www.omrserrature.it\/fr\/wp-json\/wp\/v2\/product"}],"about":[{"href":"https:\/\/www.omrserrature.it\/fr\/wp-json\/wp\/v2\/types\/product"}],"replies":[{"embeddable":true,"href":"https:\/\/www.omrserrature.it\/fr\/wp-json\/wp\/v2\/comments?post=26148"}],"wp:featuredmedia":[{"embeddable":true,"href":"https:\/\/www.omrserrature.it\/fr\/wp-json\/wp\/v2\/media\/10202"}],"wp:attachment":[{"href":"https:\/\/www.omrserrature.it\/fr\/wp-json\/wp\/v2\/media?parent=26148"}],"wp:term":[{"taxonomy":"product_brand","embeddable":true,"href":"https:\/\/www.omrserrature.it\/fr\/wp-json\/wp\/v2\/product_brand?post=26148"},{"taxonomy":"product_cat","embeddable":true,"href":"https:\/\/www.omrserrature.it\/fr\/wp-json\/wp\/v2\/product_cat?post=26148"},{"taxonomy":"product_tag","embeddable":true,"href":"https:\/\/www.omrserrature.it\/fr\/wp-json\/wp\/v2\/product_tag?post=26148"}],"curies":[{"name":"wp","href":"https:\/\/api.w.org\/{rel}","templated":true}]}}