{"id":26125,"date":"2019-02-26T17:04:32","date_gmt":"2023-02-19T16:04:00","guid":{"rendered":"https:\/\/www.staging6.omrserrature.it\/prodotto\/ecrou-8\/"},"modified":"2026-04-08T11:37:13","modified_gmt":"2026-04-08T09:37:13","slug":"ecrou-8","status":"publish","type":"product","link":"https:\/\/www.omrserrature.it\/fr\/produit\/ecrou-8\/","title":{"rendered":"\u00c9crou"},"content":{"rendered":"<p>La r\u00e9ponse la plus simple pour r\u00e9parer votre serrure ? \u00c9videmment<strong> l&rsquo;\u00e9crou<\/strong>! OMR Serrures pr\u00e9sente une collection d&rsquo;\u00e9crous vaste et polyvalente : gr\u00e2ce au grand nombre de variantes disponibles, nous sommes certains de pouvoir vous proposer l&rsquo;\u00e9crou parfait pour r\u00e9pondre \u00e0 vos besoins sp\u00e9cifiques.  Les variantes pr\u00e9sent\u00e9es sur cette page le sont \u00e0 titre d&rsquo;illustration et ne constituent pas une liste exhaustive.  <strong>Contactez l&rsquo;un de nos ing\u00e9nieurs commerciaux pour qu&rsquo;il vous accompagne dans votre projet, jusque dans les moindres d\u00e9tails : \u00c9crous compris !<\/strong><\/p>\n<p><strong>Caract\u00e9ristiques principales :<\/strong><\/p>\n<ul>\n<li><strong>Dimensions :<\/strong> nos \u00e9crous sont disponibles dans une vari\u00e9t\u00e9 d&rsquo;\u00e9paisseurs, de diam\u00e8tres et de pas, et offrent un support robuste pour vos serrures et vos projets. Que vous ayez besoin d&rsquo;un \u00e9crou fin pour les espaces restreints ou d&rsquo;un \u00e9crou plus grand pour une plus grande stabilit\u00e9, nous avons ce qu&rsquo;il vous faut. <\/li>\n<li><strong>Mat\u00e9riaux de qualit\u00e9 :<\/strong> nous comprenons l&rsquo;importance de la durabilit\u00e9 et de la r\u00e9sistance des \u00e9crous de serrure. C&rsquo;est pourquoi nous proposons des \u00e9crous fabriqu\u00e9s dans des mat\u00e9riaux de haute qualit\u00e9, notamment l&rsquo;acier, le laiton et le m\u00e9tal moul\u00e9 sous pression. Vous pouvez choisir le mat\u00e9riau qui r\u00e9pond le mieux \u00e0 vos besoins en mati\u00e8re de s\u00e9curit\u00e9 et de style.  <\/li>\n<li><strong>Fiabilit\u00e9 garantie :<\/strong> les Serrures OMR sont synonymes de qualit\u00e9 et de fiabilit\u00e9. Nos \u00e9crous sont soigneusement con\u00e7us et fabriqu\u00e9s selon des normes strictes de contr\u00f4le de la qualit\u00e9. Vous pouvez \u00eatre s\u00fbr que la fixation de votre serrure sera solide et durable.  <\/li>\n<li><strong>Large choix :<\/strong> notre large gamme d&rsquo;\u00c9crous de serrure vous permet de trouver l&rsquo;option parfaite pour tout type de projet, que vous soyez un serrurier, une quincaillerie ou un grossiste.<\/li>\n<li><strong>Soutien d&rsquo;experts :<\/strong> notre \u00e9quipe d&rsquo;experts est pr\u00eate \u00e0 vous fournir une assistance et des conseils personnalis\u00e9s pour vous aider \u00e0 choisir les solutions les plus adapt\u00e9es \u00e0 vos besoins sp\u00e9cifiques, jusque dans les moindres d\u00e9tails.<\/li>\n<\/ul>\n<p>Que vous travailliez sur une porte, un tiroir, un abattant ou une armoire \u00e9lectrique : les \u00e9crous de serrure d&rsquo;OMR Locks sont le choix judicieux pour garantir une installation durable et robuste.<\/p>\n<p><strong>Alternatives \u00e0 la fixation par \u00c9crou :  <\/strong><\/p>\n<ul>\n<li>Fourchettes<\/li>\n<li>Accouplement rapide.<\/li>\n<\/ul>\n","protected":false},"excerpt":{"rendered":"<p>OMR Serrure pr\u00e9sente une collection \u00e9tendue et polyvalente d&rsquo;\u00e9crous : gr\u00e2ce au large \u00e9ventail de variantes disponibles, nous sommes certains de pouvoir vous proposer l&rsquo;\u00e9crou parfait pour r\u00e9pondre \u00e0 vos besoins sp\u00e9cifiques.<\/p>\n","protected":false},"featured_media":10448,"comment_status":"open","ping_status":"closed","template":"","meta":{"_acf_changed":false,"_et_pb_use_builder":"","_et_pb_old_content":"","_et_gb_content_width":""},"product_brand":[],"product_cat":[3673,3636],"product_tag":[],"class_list":{"0":"post-26125","1":"product","2":"type-product","3":"status-publish","4":"has-post-thumbnail","6":"product_cat-ecrous-fourchettes-rondelles-joints-detancheite","7":"product_cat-produits","9":"first","10":"instock","11":"shipping-taxable","12":"purchasable","13":"product-type-variable"},"acf":{"pdf1":false},"yoast_head":"<!-- This site is optimized with the Yoast SEO plugin v27.5 - https:\/\/yoast.com\/product\/yoast-seo-wordpress\/ -->\n<title>\u00c9crou - OMR Serrature<\/title>\n<meta name=\"robots\" content=\"index, follow, max-snippet:-1, max-image-preview:large, max-video-preview:-1\" \/>\n<link rel=\"canonical\" href=\"https:\/\/www.omrserrature.it\/fr\/produit\/ecrou-8\/\" \/>\n<meta property=\"og:locale\" content=\"fr_FR\" \/>\n<meta property=\"og:type\" content=\"article\" \/>\n<meta property=\"og:title\" content=\"\u00c9crou - OMR Serrature\" \/>\n<meta property=\"og:description\" content=\"OMR Serrure pr\u00e9sente une collection \u00e9tendue et polyvalente d&#039;\u00e9crous : gr\u00e2ce au large \u00e9ventail de variantes disponibles, nous sommes certains de pouvoir vous proposer l&#039;\u00e9crou parfait pour r\u00e9pondre \u00e0 vos besoins sp\u00e9cifiques.\" \/>\n<meta property=\"og:url\" content=\"https:\/\/www.omrserrature.it\/fr\/produit\/ecrou-8\/\" \/>\n<meta property=\"og:site_name\" content=\"OMR Serrature | Produzione sistemi di chiusura\" \/>\n<meta property=\"article:publisher\" content=\"https:\/\/www.facebook.com\/OMRserrature\" \/>\n<meta property=\"article:modified_time\" content=\"2026-04-08T09:37:13+00:00\" \/>\n<meta property=\"og:image\" content=\"https:\/\/www.omrserrature.it\/wp-content\/uploads\/2019\/02\/dado-MDAD01041.jpg\" \/>\n\t<meta property=\"og:image:width\" content=\"169\" \/>\n\t<meta property=\"og:image:height\" content=\"162\" \/>\n\t<meta property=\"og:image:type\" content=\"image\/jpeg\" \/>\n<meta name=\"twitter:card\" content=\"summary_large_image\" \/>\n<meta name=\"twitter:label1\" content=\"Dur\u00e9e de lecture estim\u00e9e\" \/>\n\t<meta name=\"twitter:data1\" content=\"2 minutes\" \/>\n<script type=\"application\/ld+json\" class=\"yoast-schema-graph\">{\"@context\":\"https:\\\/\\\/schema.org\",\"@graph\":[{\"@type\":\"WebPage\",\"@id\":\"https:\\\/\\\/www.omrserrature.it\\\/fr\\\/produit\\\/ecrou-8\\\/\",\"url\":\"https:\\\/\\\/www.omrserrature.it\\\/fr\\\/produit\\\/ecrou-8\\\/\",\"name\":\"\u00c9crou - OMR Serrature\",\"isPartOf\":{\"@id\":\"https:\\\/\\\/www.omrserrature.it\\\/fr\\\/#website\"},\"primaryImageOfPage\":{\"@id\":\"https:\\\/\\\/www.omrserrature.it\\\/fr\\\/produit\\\/ecrou-8\\\/#primaryimage\"},\"image\":{\"@id\":\"https:\\\/\\\/www.omrserrature.it\\\/fr\\\/produit\\\/ecrou-8\\\/#primaryimage\"},\"thumbnailUrl\":\"https:\\\/\\\/www.omrserrature.it\\\/wp-content\\\/uploads\\\/2019\\\/02\\\/dado-MDAD01041.jpg\",\"datePublished\":\"2023-02-19T16:04:00+00:00\",\"dateModified\":\"2026-04-08T09:37:13+00:00\",\"breadcrumb\":{\"@id\":\"https:\\\/\\\/www.omrserrature.it\\\/fr\\\/produit\\\/ecrou-8\\\/#breadcrumb\"},\"inLanguage\":\"fr-FR\",\"potentialAction\":[{\"@type\":\"ReadAction\",\"target\":[\"https:\\\/\\\/www.omrserrature.it\\\/fr\\\/produit\\\/ecrou-8\\\/\"]}]},{\"@type\":\"ImageObject\",\"inLanguage\":\"fr-FR\",\"@id\":\"https:\\\/\\\/www.omrserrature.it\\\/fr\\\/produit\\\/ecrou-8\\\/#primaryimage\",\"url\":\"https:\\\/\\\/www.omrserrature.it\\\/wp-content\\\/uploads\\\/2019\\\/02\\\/dado-MDAD01041.jpg\",\"contentUrl\":\"https:\\\/\\\/www.omrserrature.it\\\/wp-content\\\/uploads\\\/2019\\\/02\\\/dado-MDAD01041.jpg\",\"width\":169,\"height\":162,\"caption\":\"\u00e9crou - MDAD01041\"},{\"@type\":\"BreadcrumbList\",\"@id\":\"https:\\\/\\\/www.omrserrature.it\\\/fr\\\/produit\\\/ecrou-8\\\/#breadcrumb\",\"itemListElement\":[{\"@type\":\"ListItem\",\"position\":1,\"name\":\"Home\",\"item\":\"https:\\\/\\\/www.omrserrature.it\\\/fr\\\/omr-serrures-et-systemes-de-verrouillage\\\/\"},{\"@type\":\"ListItem\",\"position\":2,\"name\":\"Catalogue\",\"item\":\"https:\\\/\\\/www.omrserrature.it\\\/catalogue\\\/?lang=fr\"},{\"@type\":\"ListItem\",\"position\":3,\"name\":\"Produits\",\"item\":\"https:\\\/\\\/www.omrserrature.it\\\/fr\\\/catalogue\\\/produits\\\/\"},{\"@type\":\"ListItem\",\"position\":4,\"name\":\"\u00c9crou\"}]},{\"@type\":\"WebSite\",\"@id\":\"https:\\\/\\\/www.omrserrature.it\\\/fr\\\/#website\",\"url\":\"https:\\\/\\\/www.omrserrature.it\\\/fr\\\/\",\"name\":\"OMR Serrature | Produzione sistemi di chiusura\",\"description\":\"Produzione serrature di sicurezza e sistemi di chiusura\",\"publisher\":{\"@id\":\"https:\\\/\\\/www.omrserrature.it\\\/fr\\\/#organization\"},\"potentialAction\":[{\"@type\":\"SearchAction\",\"target\":{\"@type\":\"EntryPoint\",\"urlTemplate\":\"https:\\\/\\\/www.omrserrature.it\\\/fr\\\/?s={search_term_string}\"},\"query-input\":{\"@type\":\"PropertyValueSpecification\",\"valueRequired\":true,\"valueName\":\"search_term_string\"}}],\"inLanguage\":\"fr-FR\"},{\"@type\":\"Organization\",\"@id\":\"https:\\\/\\\/www.omrserrature.it\\\/fr\\\/#organization\",\"name\":\"OMR Serrature | Produzione sistemi di chiusura\",\"url\":\"https:\\\/\\\/www.omrserrature.it\\\/fr\\\/\",\"logo\":{\"@type\":\"ImageObject\",\"inLanguage\":\"fr-FR\",\"@id\":\"https:\\\/\\\/www.omrserrature.it\\\/fr\\\/#\\\/schema\\\/logo\\\/image\\\/\",\"url\":\"https:\\\/\\\/www.omrserrature.it\\\/wp-content\\\/uploads\\\/2017\\\/09\\\/favicon-omr-114.png\",\"contentUrl\":\"https:\\\/\\\/www.omrserrature.it\\\/wp-content\\\/uploads\\\/2017\\\/09\\\/favicon-omr-114.png\",\"width\":114,\"height\":114,\"caption\":\"OMR Serrature | Produzione sistemi di chiusura\"},\"image\":{\"@id\":\"https:\\\/\\\/www.omrserrature.it\\\/fr\\\/#\\\/schema\\\/logo\\\/image\\\/\"},\"sameAs\":[\"https:\\\/\\\/www.facebook.com\\\/OMRserrature\",\"https:\\\/\\\/www.linkedin.com\\\/company\\\/omrserrature\\\/\",\"https:\\\/\\\/www.youtube.com\\\/channel\\\/UCxmA85z2R0EpG_6IRokiAkg\"]}]}<\/script>\n<!-- \/ Yoast SEO plugin. -->","yoast_head_json":{"title":"\u00c9crou - OMR Serrature","robots":{"index":"index","follow":"follow","max-snippet":"max-snippet:-1","max-image-preview":"max-image-preview:large","max-video-preview":"max-video-preview:-1"},"canonical":"https:\/\/www.omrserrature.it\/fr\/produit\/ecrou-8\/","og_locale":"fr_FR","og_type":"article","og_title":"\u00c9crou - OMR Serrature","og_description":"OMR Serrure pr\u00e9sente une collection \u00e9tendue et polyvalente d'\u00e9crous : gr\u00e2ce au large \u00e9ventail de variantes disponibles, nous sommes certains de pouvoir vous proposer l'\u00e9crou parfait pour r\u00e9pondre \u00e0 vos besoins sp\u00e9cifiques.","og_url":"https:\/\/www.omrserrature.it\/fr\/produit\/ecrou-8\/","og_site_name":"OMR Serrature | Produzione sistemi di chiusura","article_publisher":"https:\/\/www.facebook.com\/OMRserrature","article_modified_time":"2026-04-08T09:37:13+00:00","og_image":[{"width":169,"height":162,"url":"https:\/\/www.omrserrature.it\/wp-content\/uploads\/2019\/02\/dado-MDAD01041.jpg","type":"image\/jpeg"}],"twitter_card":"summary_large_image","twitter_misc":{"Dur\u00e9e de lecture estim\u00e9e":"2 minutes"},"schema":{"@context":"https:\/\/schema.org","@graph":[{"@type":"WebPage","@id":"https:\/\/www.omrserrature.it\/fr\/produit\/ecrou-8\/","url":"https:\/\/www.omrserrature.it\/fr\/produit\/ecrou-8\/","name":"\u00c9crou - OMR Serrature","isPartOf":{"@id":"https:\/\/www.omrserrature.it\/fr\/#website"},"primaryImageOfPage":{"@id":"https:\/\/www.omrserrature.it\/fr\/produit\/ecrou-8\/#primaryimage"},"image":{"@id":"https:\/\/www.omrserrature.it\/fr\/produit\/ecrou-8\/#primaryimage"},"thumbnailUrl":"https:\/\/www.omrserrature.it\/wp-content\/uploads\/2019\/02\/dado-MDAD01041.jpg","datePublished":"2023-02-19T16:04:00+00:00","dateModified":"2026-04-08T09:37:13+00:00","breadcrumb":{"@id":"https:\/\/www.omrserrature.it\/fr\/produit\/ecrou-8\/#breadcrumb"},"inLanguage":"fr-FR","potentialAction":[{"@type":"ReadAction","target":["https:\/\/www.omrserrature.it\/fr\/produit\/ecrou-8\/"]}]},{"@type":"ImageObject","inLanguage":"fr-FR","@id":"https:\/\/www.omrserrature.it\/fr\/produit\/ecrou-8\/#primaryimage","url":"https:\/\/www.omrserrature.it\/wp-content\/uploads\/2019\/02\/dado-MDAD01041.jpg","contentUrl":"https:\/\/www.omrserrature.it\/wp-content\/uploads\/2019\/02\/dado-MDAD01041.jpg","width":169,"height":162,"caption":"\u00e9crou - MDAD01041"},{"@type":"BreadcrumbList","@id":"https:\/\/www.omrserrature.it\/fr\/produit\/ecrou-8\/#breadcrumb","itemListElement":[{"@type":"ListItem","position":1,"name":"Home","item":"https:\/\/www.omrserrature.it\/fr\/omr-serrures-et-systemes-de-verrouillage\/"},{"@type":"ListItem","position":2,"name":"Catalogue","item":"https:\/\/www.omrserrature.it\/catalogue\/?lang=fr"},{"@type":"ListItem","position":3,"name":"Produits","item":"https:\/\/www.omrserrature.it\/fr\/catalogue\/produits\/"},{"@type":"ListItem","position":4,"name":"\u00c9crou"}]},{"@type":"WebSite","@id":"https:\/\/www.omrserrature.it\/fr\/#website","url":"https:\/\/www.omrserrature.it\/fr\/","name":"OMR Serrature | Produzione sistemi di chiusura","description":"Produzione serrature di sicurezza e sistemi di chiusura","publisher":{"@id":"https:\/\/www.omrserrature.it\/fr\/#organization"},"potentialAction":[{"@type":"SearchAction","target":{"@type":"EntryPoint","urlTemplate":"https:\/\/www.omrserrature.it\/fr\/?s={search_term_string}"},"query-input":{"@type":"PropertyValueSpecification","valueRequired":true,"valueName":"search_term_string"}}],"inLanguage":"fr-FR"},{"@type":"Organization","@id":"https:\/\/www.omrserrature.it\/fr\/#organization","name":"OMR Serrature | Produzione sistemi di chiusura","url":"https:\/\/www.omrserrature.it\/fr\/","logo":{"@type":"ImageObject","inLanguage":"fr-FR","@id":"https:\/\/www.omrserrature.it\/fr\/#\/schema\/logo\/image\/","url":"https:\/\/www.omrserrature.it\/wp-content\/uploads\/2017\/09\/favicon-omr-114.png","contentUrl":"https:\/\/www.omrserrature.it\/wp-content\/uploads\/2017\/09\/favicon-omr-114.png","width":114,"height":114,"caption":"OMR Serrature | Produzione sistemi di chiusura"},"image":{"@id":"https:\/\/www.omrserrature.it\/fr\/#\/schema\/logo\/image\/"},"sameAs":["https:\/\/www.facebook.com\/OMRserrature","https:\/\/www.linkedin.com\/company\/omrserrature\/","https:\/\/www.youtube.com\/channel\/UCxmA85z2R0EpG_6IRokiAkg"]}]}},"_links":{"self":[{"href":"https:\/\/www.omrserrature.it\/fr\/wp-json\/wp\/v2\/product\/26125","targetHints":{"allow":["GET"]}}],"collection":[{"href":"https:\/\/www.omrserrature.it\/fr\/wp-json\/wp\/v2\/product"}],"about":[{"href":"https:\/\/www.omrserrature.it\/fr\/wp-json\/wp\/v2\/types\/product"}],"replies":[{"embeddable":true,"href":"https:\/\/www.omrserrature.it\/fr\/wp-json\/wp\/v2\/comments?post=26125"}],"wp:featuredmedia":[{"embeddable":true,"href":"https:\/\/www.omrserrature.it\/fr\/wp-json\/wp\/v2\/media\/10448"}],"wp:attachment":[{"href":"https:\/\/www.omrserrature.it\/fr\/wp-json\/wp\/v2\/media?parent=26125"}],"wp:term":[{"taxonomy":"product_brand","embeddable":true,"href":"https:\/\/www.omrserrature.it\/fr\/wp-json\/wp\/v2\/product_brand?post=26125"},{"taxonomy":"product_cat","embeddable":true,"href":"https:\/\/www.omrserrature.it\/fr\/wp-json\/wp\/v2\/product_cat?post=26125"},{"taxonomy":"product_tag","embeddable":true,"href":"https:\/\/www.omrserrature.it\/fr\/wp-json\/wp\/v2\/product_tag?post=26125"}],"curies":[{"name":"wp","href":"https:\/\/api.w.org\/{rel}","templated":true}]}}