{"id":26108,"date":"2017-12-04T11:35:00","date_gmt":"2017-12-04T10:35:00","guid":{"rendered":"https:\/\/www.staging6.omrserrature.it\/prodotto\/carre-8-leviers\/"},"modified":"2025-01-10T09:20:15","modified_gmt":"2025-01-10T08:20:15","slug":"carre-8-leviers","status":"publish","type":"product","link":"https:\/\/www.omrserrature.it\/fr\/produit\/carre-8-leviers\/","title":{"rendered":"Square 8 Cames droites"},"content":{"rendered":"<p>Notre <strong>came droite avec extr\u00e9mit\u00e9 carr\u00e9e de 8 mm <\/strong>est<strong> le choix le plus courant pour les serrures universelles<\/strong>. Fabriqu\u00e9 en acier galvanis\u00e9 de haute qualit\u00e9, ce came offre un niveau sup\u00e9rieur de durabilit\u00e9 et de r\u00e9sistance. Comme pour tous les produits OMR, la production des accessoires est soumise \u00e0 des contr\u00f4les stricts qui garantissent des normes de qualit\u00e9 \u00e9lev\u00e9es. L&rsquo;acier galvanis\u00e9 dans lequel il est fabriqu\u00e9<strong> offre une protection suppl\u00e9mentaire contre la corrosion et l&rsquo;usure, et garantit une longue dur\u00e9e de vie.<\/strong>  <\/p>\n<p>Les <strong>variations d&rsquo;entraxe, de largeur et d&rsquo;\u00e9paisseur offrent une grande souplesse de choix<\/strong>, et r\u00e9pondront aux besoins de la plupart des projets.OMR propose <strong>une large s\u00e9lection de leviers droits carr\u00e9s 8 dans le catalogue<\/strong>, mais offre \u00e9galement la possibilit\u00e9 de produire des <strong>serrures et des accessoires<\/strong> sur mesure, parfaits pour votre projet. Choisir le levier droit carr\u00e9 8 d&rsquo;OMR, c&rsquo;est s&rsquo;assurer d&rsquo;un r\u00e9sultat fiable et durable. Des mat\u00e9riaux de qualit\u00e9 et le souci du d\u00e9tail dans le contr\u00f4le qualit\u00e9 sont au service de votre s\u00e9curit\u00e9 et de votre satisfaction. Contactez notre \u00e9quipe pour savoir comment nous pouvons contribuer \u00e0 la r\u00e9ussite de votre projet.<\/p>\n<p><strong>D\u00e9couvrez tous les cames du catalogue dans la section &lsquo;Codes produits&rsquo;.<\/strong><\/p>\n","protected":false},"excerpt":{"rendered":"<p>Notre <strong>came droite avec extr\u00e9mit\u00e9 carr\u00e9e en 8 <\/strong>est<strong> le choix le plus courant pour les serrures universelles<\/strong>. Fabriqu\u00e9 en acier galvanis\u00e9 de haute qualit\u00e9, ce came offre un niveau sup\u00e9rieur de durabilit\u00e9 et de r\u00e9sistance. Comme pour tous les produits OMR, la production des accessoires est soumise \u00e0 des contr\u00f4les stricts qui garantissent des normes de qualit\u00e9 \u00e9lev\u00e9es. L&rsquo;acier galvanis\u00e9 dans lequel il est fabriqu\u00e9<strong> offre une protection suppl\u00e9mentaire contre la corrosion et l&rsquo;usure, et garantit une longue dur\u00e9e de vie.<\/strong>  <\/p>\n","protected":false},"featured_media":7711,"comment_status":"open","ping_status":"closed","template":"","meta":{"_acf_changed":false,"_et_pb_use_builder":"","_et_pb_old_content":"","_et_gb_content_width":""},"product_brand":[],"product_cat":[3675,3636],"product_tag":[],"class_list":{"0":"post-26108","1":"product","2":"type-product","3":"status-publish","4":"has-post-thumbnail","6":"product_cat-cames","7":"product_cat-produits","9":"first","10":"instock","11":"shipping-taxable","12":"product-type-simple"},"acf":{"pdf1":false},"yoast_head":"<!-- This site is optimized with the Yoast SEO plugin v27.5 - https:\/\/yoast.com\/product\/yoast-seo-wordpress\/ -->\n<title>Square 8 Cames droites - OMR Serrature<\/title>\n<meta name=\"robots\" content=\"index, follow, max-snippet:-1, max-image-preview:large, max-video-preview:-1\" \/>\n<link rel=\"canonical\" href=\"https:\/\/www.omrserrature.it\/fr\/produit\/carre-8-leviers\/\" \/>\n<meta property=\"og:locale\" content=\"fr_FR\" \/>\n<meta property=\"og:type\" content=\"article\" \/>\n<meta property=\"og:title\" content=\"Square 8 Cames droites - OMR Serrature\" \/>\n<meta property=\"og:description\" content=\"Notre came droite avec extr\u00e9mit\u00e9 carr\u00e9e en 8 est le choix le plus courant pour les serrures universelles. Fabriqu\u00e9 en acier galvanis\u00e9 de haute qualit\u00e9, ce came offre un niveau sup\u00e9rieur de durabilit\u00e9 et de r\u00e9sistance. Comme pour tous les produits OMR, la production des accessoires est soumise \u00e0 des contr\u00f4les stricts qui garantissent des normes de qualit\u00e9 \u00e9lev\u00e9es. L&#039;acier galvanis\u00e9 dans lequel il est fabriqu\u00e9 offre une protection suppl\u00e9mentaire contre la corrosion et l&#039;usure, et garantit une longue dur\u00e9e de vie.\" \/>\n<meta property=\"og:url\" content=\"https:\/\/www.omrserrature.it\/fr\/produit\/carre-8-leviers\/\" \/>\n<meta property=\"og:site_name\" content=\"OMR Serrature | Produzione sistemi di chiusura\" \/>\n<meta property=\"article:publisher\" content=\"https:\/\/www.facebook.com\/OMRserrature\" \/>\n<meta property=\"article:modified_time\" content=\"2025-01-10T08:20:15+00:00\" \/>\n<meta property=\"og:image\" content=\"https:\/\/www.omrserrature.it\/wp-content\/uploads\/2017\/11\/leve-dritte-quadro-8.jpg\" \/>\n\t<meta property=\"og:image:width\" content=\"789\" \/>\n\t<meta property=\"og:image:height\" content=\"767\" \/>\n\t<meta property=\"og:image:type\" content=\"image\/jpeg\" \/>\n<meta name=\"twitter:card\" content=\"summary_large_image\" \/>\n<meta name=\"twitter:label1\" content=\"Dur\u00e9e de lecture estim\u00e9e\" \/>\n\t<meta name=\"twitter:data1\" content=\"1 minute\" \/>\n<script type=\"application\/ld+json\" class=\"yoast-schema-graph\">{\"@context\":\"https:\\\/\\\/schema.org\",\"@graph\":[{\"@type\":\"WebPage\",\"@id\":\"https:\\\/\\\/www.omrserrature.it\\\/fr\\\/produit\\\/carre-8-leviers\\\/\",\"url\":\"https:\\\/\\\/www.omrserrature.it\\\/fr\\\/produit\\\/carre-8-leviers\\\/\",\"name\":\"Square 8 Cames droites - OMR Serrature\",\"isPartOf\":{\"@id\":\"https:\\\/\\\/www.omrserrature.it\\\/fr\\\/#website\"},\"primaryImageOfPage\":{\"@id\":\"https:\\\/\\\/www.omrserrature.it\\\/fr\\\/produit\\\/carre-8-leviers\\\/#primaryimage\"},\"image\":{\"@id\":\"https:\\\/\\\/www.omrserrature.it\\\/fr\\\/produit\\\/carre-8-leviers\\\/#primaryimage\"},\"thumbnailUrl\":\"https:\\\/\\\/www.omrserrature.it\\\/wp-content\\\/uploads\\\/2017\\\/11\\\/leve-dritte-quadro-8.jpg\",\"datePublished\":\"2017-12-04T10:35:00+00:00\",\"dateModified\":\"2025-01-10T08:20:15+00:00\",\"breadcrumb\":{\"@id\":\"https:\\\/\\\/www.omrserrature.it\\\/fr\\\/produit\\\/carre-8-leviers\\\/#breadcrumb\"},\"inLanguage\":\"fr-FR\",\"potentialAction\":[{\"@type\":\"ReadAction\",\"target\":[\"https:\\\/\\\/www.omrserrature.it\\\/fr\\\/produit\\\/carre-8-leviers\\\/\"]}]},{\"@type\":\"ImageObject\",\"inLanguage\":\"fr-FR\",\"@id\":\"https:\\\/\\\/www.omrserrature.it\\\/fr\\\/produit\\\/carre-8-leviers\\\/#primaryimage\",\"url\":\"https:\\\/\\\/www.omrserrature.it\\\/wp-content\\\/uploads\\\/2017\\\/11\\\/leve-dritte-quadro-8.jpg\",\"contentUrl\":\"https:\\\/\\\/www.omrserrature.it\\\/wp-content\\\/uploads\\\/2017\\\/11\\\/leve-dritte-quadro-8.jpg\",\"width\":789,\"height\":767},{\"@type\":\"BreadcrumbList\",\"@id\":\"https:\\\/\\\/www.omrserrature.it\\\/fr\\\/produit\\\/carre-8-leviers\\\/#breadcrumb\",\"itemListElement\":[{\"@type\":\"ListItem\",\"position\":1,\"name\":\"Home\",\"item\":\"https:\\\/\\\/www.omrserrature.it\\\/fr\\\/omr-serrures-et-systemes-de-verrouillage\\\/\"},{\"@type\":\"ListItem\",\"position\":2,\"name\":\"Catalogue\",\"item\":\"https:\\\/\\\/www.omrserrature.it\\\/catalogue\\\/?lang=fr\"},{\"@type\":\"ListItem\",\"position\":3,\"name\":\"Produits\",\"item\":\"https:\\\/\\\/www.omrserrature.it\\\/fr\\\/catalogue\\\/produits\\\/\"},{\"@type\":\"ListItem\",\"position\":4,\"name\":\"Cames Carr\u00e9 8\"}]},{\"@type\":\"WebSite\",\"@id\":\"https:\\\/\\\/www.omrserrature.it\\\/fr\\\/#website\",\"url\":\"https:\\\/\\\/www.omrserrature.it\\\/fr\\\/\",\"name\":\"OMR Serrature | Produzione sistemi di chiusura\",\"description\":\"Produzione serrature di sicurezza e sistemi di chiusura\",\"publisher\":{\"@id\":\"https:\\\/\\\/www.omrserrature.it\\\/fr\\\/#organization\"},\"potentialAction\":[{\"@type\":\"SearchAction\",\"target\":{\"@type\":\"EntryPoint\",\"urlTemplate\":\"https:\\\/\\\/www.omrserrature.it\\\/fr\\\/?s={search_term_string}\"},\"query-input\":{\"@type\":\"PropertyValueSpecification\",\"valueRequired\":true,\"valueName\":\"search_term_string\"}}],\"inLanguage\":\"fr-FR\"},{\"@type\":\"Organization\",\"@id\":\"https:\\\/\\\/www.omrserrature.it\\\/fr\\\/#organization\",\"name\":\"OMR Serrature | Produzione sistemi di chiusura\",\"url\":\"https:\\\/\\\/www.omrserrature.it\\\/fr\\\/\",\"logo\":{\"@type\":\"ImageObject\",\"inLanguage\":\"fr-FR\",\"@id\":\"https:\\\/\\\/www.omrserrature.it\\\/fr\\\/#\\\/schema\\\/logo\\\/image\\\/\",\"url\":\"https:\\\/\\\/www.omrserrature.it\\\/wp-content\\\/uploads\\\/2017\\\/09\\\/favicon-omr-114.png\",\"contentUrl\":\"https:\\\/\\\/www.omrserrature.it\\\/wp-content\\\/uploads\\\/2017\\\/09\\\/favicon-omr-114.png\",\"width\":114,\"height\":114,\"caption\":\"OMR Serrature | Produzione sistemi di chiusura\"},\"image\":{\"@id\":\"https:\\\/\\\/www.omrserrature.it\\\/fr\\\/#\\\/schema\\\/logo\\\/image\\\/\"},\"sameAs\":[\"https:\\\/\\\/www.facebook.com\\\/OMRserrature\",\"https:\\\/\\\/www.linkedin.com\\\/company\\\/omrserrature\\\/\",\"https:\\\/\\\/www.youtube.com\\\/channel\\\/UCxmA85z2R0EpG_6IRokiAkg\"]}]}<\/script>\n<!-- \/ Yoast SEO plugin. -->","yoast_head_json":{"title":"Square 8 Cames droites - OMR Serrature","robots":{"index":"index","follow":"follow","max-snippet":"max-snippet:-1","max-image-preview":"max-image-preview:large","max-video-preview":"max-video-preview:-1"},"canonical":"https:\/\/www.omrserrature.it\/fr\/produit\/carre-8-leviers\/","og_locale":"fr_FR","og_type":"article","og_title":"Square 8 Cames droites - OMR Serrature","og_description":"Notre came droite avec extr\u00e9mit\u00e9 carr\u00e9e en 8 est le choix le plus courant pour les serrures universelles. Fabriqu\u00e9 en acier galvanis\u00e9 de haute qualit\u00e9, ce came offre un niveau sup\u00e9rieur de durabilit\u00e9 et de r\u00e9sistance. Comme pour tous les produits OMR, la production des accessoires est soumise \u00e0 des contr\u00f4les stricts qui garantissent des normes de qualit\u00e9 \u00e9lev\u00e9es. L'acier galvanis\u00e9 dans lequel il est fabriqu\u00e9 offre une protection suppl\u00e9mentaire contre la corrosion et l'usure, et garantit une longue dur\u00e9e de vie.","og_url":"https:\/\/www.omrserrature.it\/fr\/produit\/carre-8-leviers\/","og_site_name":"OMR Serrature | Produzione sistemi di chiusura","article_publisher":"https:\/\/www.facebook.com\/OMRserrature","article_modified_time":"2025-01-10T08:20:15+00:00","og_image":[{"width":789,"height":767,"url":"https:\/\/www.omrserrature.it\/wp-content\/uploads\/2017\/11\/leve-dritte-quadro-8.jpg","type":"image\/jpeg"}],"twitter_card":"summary_large_image","twitter_misc":{"Dur\u00e9e de lecture estim\u00e9e":"1 minute"},"schema":{"@context":"https:\/\/schema.org","@graph":[{"@type":"WebPage","@id":"https:\/\/www.omrserrature.it\/fr\/produit\/carre-8-leviers\/","url":"https:\/\/www.omrserrature.it\/fr\/produit\/carre-8-leviers\/","name":"Square 8 Cames droites - OMR Serrature","isPartOf":{"@id":"https:\/\/www.omrserrature.it\/fr\/#website"},"primaryImageOfPage":{"@id":"https:\/\/www.omrserrature.it\/fr\/produit\/carre-8-leviers\/#primaryimage"},"image":{"@id":"https:\/\/www.omrserrature.it\/fr\/produit\/carre-8-leviers\/#primaryimage"},"thumbnailUrl":"https:\/\/www.omrserrature.it\/wp-content\/uploads\/2017\/11\/leve-dritte-quadro-8.jpg","datePublished":"2017-12-04T10:35:00+00:00","dateModified":"2025-01-10T08:20:15+00:00","breadcrumb":{"@id":"https:\/\/www.omrserrature.it\/fr\/produit\/carre-8-leviers\/#breadcrumb"},"inLanguage":"fr-FR","potentialAction":[{"@type":"ReadAction","target":["https:\/\/www.omrserrature.it\/fr\/produit\/carre-8-leviers\/"]}]},{"@type":"ImageObject","inLanguage":"fr-FR","@id":"https:\/\/www.omrserrature.it\/fr\/produit\/carre-8-leviers\/#primaryimage","url":"https:\/\/www.omrserrature.it\/wp-content\/uploads\/2017\/11\/leve-dritte-quadro-8.jpg","contentUrl":"https:\/\/www.omrserrature.it\/wp-content\/uploads\/2017\/11\/leve-dritte-quadro-8.jpg","width":789,"height":767},{"@type":"BreadcrumbList","@id":"https:\/\/www.omrserrature.it\/fr\/produit\/carre-8-leviers\/#breadcrumb","itemListElement":[{"@type":"ListItem","position":1,"name":"Home","item":"https:\/\/www.omrserrature.it\/fr\/omr-serrures-et-systemes-de-verrouillage\/"},{"@type":"ListItem","position":2,"name":"Catalogue","item":"https:\/\/www.omrserrature.it\/catalogue\/?lang=fr"},{"@type":"ListItem","position":3,"name":"Produits","item":"https:\/\/www.omrserrature.it\/fr\/catalogue\/produits\/"},{"@type":"ListItem","position":4,"name":"Cames Carr\u00e9 8"}]},{"@type":"WebSite","@id":"https:\/\/www.omrserrature.it\/fr\/#website","url":"https:\/\/www.omrserrature.it\/fr\/","name":"OMR Serrature | Produzione sistemi di chiusura","description":"Produzione serrature di sicurezza e sistemi di chiusura","publisher":{"@id":"https:\/\/www.omrserrature.it\/fr\/#organization"},"potentialAction":[{"@type":"SearchAction","target":{"@type":"EntryPoint","urlTemplate":"https:\/\/www.omrserrature.it\/fr\/?s={search_term_string}"},"query-input":{"@type":"PropertyValueSpecification","valueRequired":true,"valueName":"search_term_string"}}],"inLanguage":"fr-FR"},{"@type":"Organization","@id":"https:\/\/www.omrserrature.it\/fr\/#organization","name":"OMR Serrature | Produzione sistemi di chiusura","url":"https:\/\/www.omrserrature.it\/fr\/","logo":{"@type":"ImageObject","inLanguage":"fr-FR","@id":"https:\/\/www.omrserrature.it\/fr\/#\/schema\/logo\/image\/","url":"https:\/\/www.omrserrature.it\/wp-content\/uploads\/2017\/09\/favicon-omr-114.png","contentUrl":"https:\/\/www.omrserrature.it\/wp-content\/uploads\/2017\/09\/favicon-omr-114.png","width":114,"height":114,"caption":"OMR Serrature | Produzione sistemi di chiusura"},"image":{"@id":"https:\/\/www.omrserrature.it\/fr\/#\/schema\/logo\/image\/"},"sameAs":["https:\/\/www.facebook.com\/OMRserrature","https:\/\/www.linkedin.com\/company\/omrserrature\/","https:\/\/www.youtube.com\/channel\/UCxmA85z2R0EpG_6IRokiAkg"]}]}},"_links":{"self":[{"href":"https:\/\/www.omrserrature.it\/fr\/wp-json\/wp\/v2\/product\/26108","targetHints":{"allow":["GET"]}}],"collection":[{"href":"https:\/\/www.omrserrature.it\/fr\/wp-json\/wp\/v2\/product"}],"about":[{"href":"https:\/\/www.omrserrature.it\/fr\/wp-json\/wp\/v2\/types\/product"}],"replies":[{"embeddable":true,"href":"https:\/\/www.omrserrature.it\/fr\/wp-json\/wp\/v2\/comments?post=26108"}],"wp:featuredmedia":[{"embeddable":true,"href":"https:\/\/www.omrserrature.it\/fr\/wp-json\/wp\/v2\/media\/7711"}],"wp:attachment":[{"href":"https:\/\/www.omrserrature.it\/fr\/wp-json\/wp\/v2\/media?parent=26108"}],"wp:term":[{"taxonomy":"product_brand","embeddable":true,"href":"https:\/\/www.omrserrature.it\/fr\/wp-json\/wp\/v2\/product_brand?post=26108"},{"taxonomy":"product_cat","embeddable":true,"href":"https:\/\/www.omrserrature.it\/fr\/wp-json\/wp\/v2\/product_cat?post=26108"},{"taxonomy":"product_tag","embeddable":true,"href":"https:\/\/www.omrserrature.it\/fr\/wp-json\/wp\/v2\/product_tag?post=26108"}],"curies":[{"name":"wp","href":"https:\/\/api.w.org\/{rel}","templated":true}]}}