{"id":26105,"date":"2018-03-13T10:34:42","date_gmt":"2013-03-18T09:34:00","guid":{"rendered":"https:\/\/www.staging6.omrserrature.it\/prodotto\/tetiere-surdimensionnee-pour-les-serrures-de-la-serie-otto\/"},"modified":"2026-04-08T11:58:01","modified_gmt":"2026-04-08T09:58:01","slug":"tetiere-surdimensionnee-pour-les-serrures-de-la-serie-otto","status":"publish","type":"product","link":"https:\/\/www.omrserrature.it\/fr\/produit\/tetiere-surdimensionnee-pour-les-serrures-de-la-serie-otto\/","title":{"rendered":"T\u00eati\u00e8re surdimensionn\u00e9e pour les serrures de la s\u00e9rie OTTO"},"content":{"rendered":"<p><strong>T\u00eati\u00e8re<\/strong> <strong>surdimensionn\u00e9e<\/strong>, indispensable pour remplacer correctement les serrures \u00e0 bouton par des serrures \u00e0 bouton-poussoir et des <strong>t\u00eati\u00e8res surdimensionn\u00e9es<\/strong>. Avec les nouvelles serrures de la s\u00e9rie OTTO, la s\u00e9curisation des portes \u00e0 bouton-poussoir ou \u00e0 poign\u00e9e devient une r\u00e9alit\u00e9.<\/p>\n","protected":false},"excerpt":{"rendered":"<p><strong>T\u00eati\u00e8re<\/strong> <strong>surdimensionn\u00e9e<\/strong>, indispensable pour remplacer correctement les serrures \u00e0 bouton par des serrures \u00e0 bouton-poussoir et des <strong>t\u00eati\u00e8res surdimensionn\u00e9es<\/strong>. Avec les nouvelles serrures de la s\u00e9rie OTTO, la s\u00e9curisation des portes \u00e0 bouton-poussoir ou \u00e0 poign\u00e9e devient une r\u00e9alit\u00e9.<\/p>\n","protected":false},"featured_media":8132,"comment_status":"open","ping_status":"closed","template":"","meta":{"_acf_changed":false,"_et_pb_use_builder":"","_et_pb_old_content":"","_et_gb_content_width":""},"product_brand":[],"product_cat":[3672],"product_tag":[],"class_list":{"0":"post-26105","1":"product","2":"type-product","3":"status-publish","4":"has-post-thumbnail","6":"product_cat-gaches","8":"first","9":"instock","10":"shipping-taxable","11":"product-type-simple"},"acf":{"pdf1":false},"yoast_head":"<!-- This site is optimized with the Yoast SEO plugin v27.2 - https:\/\/yoast.com\/product\/yoast-seo-wordpress\/ -->\n<title>T\u00eati\u00e8re surdimensionn\u00e9e pour les serrures de la s\u00e9rie OTTO - OMR Serrature<\/title>\n<meta name=\"robots\" content=\"index, follow, max-snippet:-1, max-image-preview:large, max-video-preview:-1\" \/>\n<link rel=\"canonical\" href=\"https:\/\/www.omrserrature.it\/fr\/produit\/tetiere-surdimensionnee-pour-les-serrures-de-la-serie-otto\/\" \/>\n<meta property=\"og:locale\" content=\"fr_FR\" \/>\n<meta property=\"og:type\" content=\"article\" \/>\n<meta property=\"og:title\" content=\"T\u00eati\u00e8re surdimensionn\u00e9e pour les serrures de la s\u00e9rie OTTO - OMR Serrature\" \/>\n<meta property=\"og:description\" content=\"T\u00eati\u00e8re surdimensionn\u00e9e, indispensable pour remplacer correctement les serrures \u00e0 bouton par des serrures \u00e0 bouton-poussoir et des t\u00eati\u00e8res surdimensionn\u00e9es. Avec les nouvelles serrures de la s\u00e9rie OTTO, la s\u00e9curisation des portes \u00e0 bouton-poussoir ou \u00e0 poign\u00e9e devient une r\u00e9alit\u00e9.\" \/>\n<meta property=\"og:url\" content=\"https:\/\/www.omrserrature.it\/fr\/produit\/tetiere-surdimensionnee-pour-les-serrures-de-la-serie-otto\/\" \/>\n<meta property=\"og:site_name\" content=\"OMR Serrature | Produzione sistemi di chiusura\" \/>\n<meta property=\"article:publisher\" content=\"https:\/\/www.facebook.com\/OMRserrature\" \/>\n<meta property=\"article:modified_time\" content=\"2026-04-08T09:58:01+00:00\" \/>\n<meta property=\"og:image\" content=\"https:\/\/www.omrserrature.it\/wp-content\/uploads\/2018\/03\/frontalino-maggiorato-otto.jpg\" \/>\n\t<meta property=\"og:image:width\" content=\"663\" \/>\n\t<meta property=\"og:image:height\" content=\"1224\" \/>\n\t<meta property=\"og:image:type\" content=\"image\/jpeg\" \/>\n<meta name=\"twitter:card\" content=\"summary_large_image\" \/>\n<script type=\"application\/ld+json\" class=\"yoast-schema-graph\">{\"@context\":\"https:\/\/schema.org\",\"@graph\":[{\"@type\":\"WebPage\",\"@id\":\"https:\/\/www.omrserrature.it\/fr\/produit\/tetiere-surdimensionnee-pour-les-serrures-de-la-serie-otto\/\",\"url\":\"https:\/\/www.omrserrature.it\/fr\/produit\/tetiere-surdimensionnee-pour-les-serrures-de-la-serie-otto\/\",\"name\":\"T\u00eati\u00e8re surdimensionn\u00e9e pour les serrures de la s\u00e9rie OTTO - OMR Serrature\",\"isPartOf\":{\"@id\":\"https:\/\/www.omrserrature.it\/fr\/#website\"},\"primaryImageOfPage\":{\"@id\":\"https:\/\/www.omrserrature.it\/fr\/produit\/tetiere-surdimensionnee-pour-les-serrures-de-la-serie-otto\/#primaryimage\"},\"image\":{\"@id\":\"https:\/\/www.omrserrature.it\/fr\/produit\/tetiere-surdimensionnee-pour-les-serrures-de-la-serie-otto\/#primaryimage\"},\"thumbnailUrl\":\"https:\/\/www.omrserrature.it\/wp-content\/uploads\/2018\/03\/frontalino-maggiorato-otto.jpg\",\"datePublished\":\"2013-03-18T09:34:00+00:00\",\"dateModified\":\"2026-04-08T09:58:01+00:00\",\"breadcrumb\":{\"@id\":\"https:\/\/www.omrserrature.it\/fr\/produit\/tetiere-surdimensionnee-pour-les-serrures-de-la-serie-otto\/#breadcrumb\"},\"inLanguage\":\"fr-FR\",\"potentialAction\":[{\"@type\":\"ReadAction\",\"target\":[\"https:\/\/www.omrserrature.it\/fr\/produit\/tetiere-surdimensionnee-pour-les-serrures-de-la-serie-otto\/\"]}]},{\"@type\":\"ImageObject\",\"inLanguage\":\"fr-FR\",\"@id\":\"https:\/\/www.omrserrature.it\/fr\/produit\/tetiere-surdimensionnee-pour-les-serrures-de-la-serie-otto\/#primaryimage\",\"url\":\"https:\/\/www.omrserrature.it\/wp-content\/uploads\/2018\/03\/frontalino-maggiorato-otto.jpg\",\"contentUrl\":\"https:\/\/www.omrserrature.it\/wp-content\/uploads\/2018\/03\/frontalino-maggiorato-otto.jpg\",\"width\":663,\"height\":1224,\"caption\":\"G\u00e2che surdimensionn\u00e9e pour les serrures de la s\u00e9rie OTTO\"},{\"@type\":\"BreadcrumbList\",\"@id\":\"https:\/\/www.omrserrature.it\/fr\/produit\/tetiere-surdimensionnee-pour-les-serrures-de-la-serie-otto\/#breadcrumb\",\"itemListElement\":[{\"@type\":\"ListItem\",\"position\":1,\"name\":\"Home\",\"item\":\"https:\/\/www.omrserrature.it\/fr\/omr-serrures-et-systemes-de-verrouillage\/\"},{\"@type\":\"ListItem\",\"position\":2,\"name\":\"Catalogue\",\"item\":\"https:\/\/www.omrserrature.it\/catalogue\/?lang=fr\"},{\"@type\":\"ListItem\",\"position\":3,\"name\":\"Produits\",\"item\":\"https:\/\/www.omrserrature.it\/fr\/catalogue\/produits\/\"},{\"@type\":\"ListItem\",\"position\":4,\"name\":\"Accessoires et pi\u00e8ces d\u00e9tach\u00e9es\",\"item\":\"https:\/\/www.omrserrature.it\/fr\/catalogue\/produits\/accessoires-et-pieces-detachees\/\"},{\"@type\":\"ListItem\",\"position\":5,\"name\":\"G\u00e2ches\",\"item\":\"https:\/\/www.omrserrature.it\/fr\/catalogue\/produits\/accessoires-et-pieces-detachees\/gaches\/\"},{\"@type\":\"ListItem\",\"position\":6,\"name\":\"T\u00eati\u00e8re surdimensionn\u00e9e pour les serrures de la s\u00e9rie OTTO\"}]},{\"@type\":\"WebSite\",\"@id\":\"https:\/\/www.omrserrature.it\/fr\/#website\",\"url\":\"https:\/\/www.omrserrature.it\/fr\/\",\"name\":\"OMR Serrature | Produzione sistemi di chiusura\",\"description\":\"Produzione serrature di sicurezza e sistemi di chiusura\",\"publisher\":{\"@id\":\"https:\/\/www.omrserrature.it\/fr\/#organization\"},\"potentialAction\":[{\"@type\":\"SearchAction\",\"target\":{\"@type\":\"EntryPoint\",\"urlTemplate\":\"https:\/\/www.omrserrature.it\/fr\/?s={search_term_string}\"},\"query-input\":{\"@type\":\"PropertyValueSpecification\",\"valueRequired\":true,\"valueName\":\"search_term_string\"}}],\"inLanguage\":\"fr-FR\"},{\"@type\":\"Organization\",\"@id\":\"https:\/\/www.omrserrature.it\/fr\/#organization\",\"name\":\"OMR Serrature | Produzione sistemi di chiusura\",\"url\":\"https:\/\/www.omrserrature.it\/fr\/\",\"logo\":{\"@type\":\"ImageObject\",\"inLanguage\":\"fr-FR\",\"@id\":\"https:\/\/www.omrserrature.it\/fr\/#\/schema\/logo\/image\/\",\"url\":\"https:\/\/www.omrserrature.it\/wp-content\/uploads\/2017\/09\/favicon-omr-114.png\",\"contentUrl\":\"https:\/\/www.omrserrature.it\/wp-content\/uploads\/2017\/09\/favicon-omr-114.png\",\"width\":114,\"height\":114,\"caption\":\"OMR Serrature | Produzione sistemi di chiusura\"},\"image\":{\"@id\":\"https:\/\/www.omrserrature.it\/fr\/#\/schema\/logo\/image\/\"},\"sameAs\":[\"https:\/\/www.facebook.com\/OMRserrature\",\"https:\/\/www.linkedin.com\/company\/omrserrature\/\",\"https:\/\/www.youtube.com\/channel\/UCxmA85z2R0EpG_6IRokiAkg\"]}]}<\/script>\n<!-- \/ Yoast SEO plugin. -->","yoast_head_json":{"title":"T\u00eati\u00e8re surdimensionn\u00e9e pour les serrures de la s\u00e9rie OTTO - OMR Serrature","robots":{"index":"index","follow":"follow","max-snippet":"max-snippet:-1","max-image-preview":"max-image-preview:large","max-video-preview":"max-video-preview:-1"},"canonical":"https:\/\/www.omrserrature.it\/fr\/produit\/tetiere-surdimensionnee-pour-les-serrures-de-la-serie-otto\/","og_locale":"fr_FR","og_type":"article","og_title":"T\u00eati\u00e8re surdimensionn\u00e9e pour les serrures de la s\u00e9rie OTTO - OMR Serrature","og_description":"T\u00eati\u00e8re surdimensionn\u00e9e, indispensable pour remplacer correctement les serrures \u00e0 bouton par des serrures \u00e0 bouton-poussoir et des t\u00eati\u00e8res surdimensionn\u00e9es. Avec les nouvelles serrures de la s\u00e9rie OTTO, la s\u00e9curisation des portes \u00e0 bouton-poussoir ou \u00e0 poign\u00e9e devient une r\u00e9alit\u00e9.","og_url":"https:\/\/www.omrserrature.it\/fr\/produit\/tetiere-surdimensionnee-pour-les-serrures-de-la-serie-otto\/","og_site_name":"OMR Serrature | Produzione sistemi di chiusura","article_publisher":"https:\/\/www.facebook.com\/OMRserrature","article_modified_time":"2026-04-08T09:58:01+00:00","og_image":[{"width":663,"height":1224,"url":"https:\/\/www.omrserrature.it\/wp-content\/uploads\/2018\/03\/frontalino-maggiorato-otto.jpg","type":"image\/jpeg"}],"twitter_card":"summary_large_image","schema":{"@context":"https:\/\/schema.org","@graph":[{"@type":"WebPage","@id":"https:\/\/www.omrserrature.it\/fr\/produit\/tetiere-surdimensionnee-pour-les-serrures-de-la-serie-otto\/","url":"https:\/\/www.omrserrature.it\/fr\/produit\/tetiere-surdimensionnee-pour-les-serrures-de-la-serie-otto\/","name":"T\u00eati\u00e8re surdimensionn\u00e9e pour les serrures de la s\u00e9rie OTTO - OMR Serrature","isPartOf":{"@id":"https:\/\/www.omrserrature.it\/fr\/#website"},"primaryImageOfPage":{"@id":"https:\/\/www.omrserrature.it\/fr\/produit\/tetiere-surdimensionnee-pour-les-serrures-de-la-serie-otto\/#primaryimage"},"image":{"@id":"https:\/\/www.omrserrature.it\/fr\/produit\/tetiere-surdimensionnee-pour-les-serrures-de-la-serie-otto\/#primaryimage"},"thumbnailUrl":"https:\/\/www.omrserrature.it\/wp-content\/uploads\/2018\/03\/frontalino-maggiorato-otto.jpg","datePublished":"2013-03-18T09:34:00+00:00","dateModified":"2026-04-08T09:58:01+00:00","breadcrumb":{"@id":"https:\/\/www.omrserrature.it\/fr\/produit\/tetiere-surdimensionnee-pour-les-serrures-de-la-serie-otto\/#breadcrumb"},"inLanguage":"fr-FR","potentialAction":[{"@type":"ReadAction","target":["https:\/\/www.omrserrature.it\/fr\/produit\/tetiere-surdimensionnee-pour-les-serrures-de-la-serie-otto\/"]}]},{"@type":"ImageObject","inLanguage":"fr-FR","@id":"https:\/\/www.omrserrature.it\/fr\/produit\/tetiere-surdimensionnee-pour-les-serrures-de-la-serie-otto\/#primaryimage","url":"https:\/\/www.omrserrature.it\/wp-content\/uploads\/2018\/03\/frontalino-maggiorato-otto.jpg","contentUrl":"https:\/\/www.omrserrature.it\/wp-content\/uploads\/2018\/03\/frontalino-maggiorato-otto.jpg","width":663,"height":1224,"caption":"G\u00e2che surdimensionn\u00e9e pour les serrures de la s\u00e9rie OTTO"},{"@type":"BreadcrumbList","@id":"https:\/\/www.omrserrature.it\/fr\/produit\/tetiere-surdimensionnee-pour-les-serrures-de-la-serie-otto\/#breadcrumb","itemListElement":[{"@type":"ListItem","position":1,"name":"Home","item":"https:\/\/www.omrserrature.it\/fr\/omr-serrures-et-systemes-de-verrouillage\/"},{"@type":"ListItem","position":2,"name":"Catalogue","item":"https:\/\/www.omrserrature.it\/catalogue\/?lang=fr"},{"@type":"ListItem","position":3,"name":"Produits","item":"https:\/\/www.omrserrature.it\/fr\/catalogue\/produits\/"},{"@type":"ListItem","position":4,"name":"Accessoires et pi\u00e8ces d\u00e9tach\u00e9es","item":"https:\/\/www.omrserrature.it\/fr\/catalogue\/produits\/accessoires-et-pieces-detachees\/"},{"@type":"ListItem","position":5,"name":"G\u00e2ches","item":"https:\/\/www.omrserrature.it\/fr\/catalogue\/produits\/accessoires-et-pieces-detachees\/gaches\/"},{"@type":"ListItem","position":6,"name":"T\u00eati\u00e8re surdimensionn\u00e9e pour les serrures de la s\u00e9rie OTTO"}]},{"@type":"WebSite","@id":"https:\/\/www.omrserrature.it\/fr\/#website","url":"https:\/\/www.omrserrature.it\/fr\/","name":"OMR Serrature | Produzione sistemi di chiusura","description":"Produzione serrature di sicurezza e sistemi di chiusura","publisher":{"@id":"https:\/\/www.omrserrature.it\/fr\/#organization"},"potentialAction":[{"@type":"SearchAction","target":{"@type":"EntryPoint","urlTemplate":"https:\/\/www.omrserrature.it\/fr\/?s={search_term_string}"},"query-input":{"@type":"PropertyValueSpecification","valueRequired":true,"valueName":"search_term_string"}}],"inLanguage":"fr-FR"},{"@type":"Organization","@id":"https:\/\/www.omrserrature.it\/fr\/#organization","name":"OMR Serrature | Produzione sistemi di chiusura","url":"https:\/\/www.omrserrature.it\/fr\/","logo":{"@type":"ImageObject","inLanguage":"fr-FR","@id":"https:\/\/www.omrserrature.it\/fr\/#\/schema\/logo\/image\/","url":"https:\/\/www.omrserrature.it\/wp-content\/uploads\/2017\/09\/favicon-omr-114.png","contentUrl":"https:\/\/www.omrserrature.it\/wp-content\/uploads\/2017\/09\/favicon-omr-114.png","width":114,"height":114,"caption":"OMR Serrature | Produzione sistemi di chiusura"},"image":{"@id":"https:\/\/www.omrserrature.it\/fr\/#\/schema\/logo\/image\/"},"sameAs":["https:\/\/www.facebook.com\/OMRserrature","https:\/\/www.linkedin.com\/company\/omrserrature\/","https:\/\/www.youtube.com\/channel\/UCxmA85z2R0EpG_6IRokiAkg"]}]}},"_links":{"self":[{"href":"https:\/\/www.omrserrature.it\/fr\/wp-json\/wp\/v2\/product\/26105","targetHints":{"allow":["GET"]}}],"collection":[{"href":"https:\/\/www.omrserrature.it\/fr\/wp-json\/wp\/v2\/product"}],"about":[{"href":"https:\/\/www.omrserrature.it\/fr\/wp-json\/wp\/v2\/types\/product"}],"replies":[{"embeddable":true,"href":"https:\/\/www.omrserrature.it\/fr\/wp-json\/wp\/v2\/comments?post=26105"}],"wp:featuredmedia":[{"embeddable":true,"href":"https:\/\/www.omrserrature.it\/fr\/wp-json\/wp\/v2\/media\/8132"}],"wp:attachment":[{"href":"https:\/\/www.omrserrature.it\/fr\/wp-json\/wp\/v2\/media?parent=26105"}],"wp:term":[{"taxonomy":"product_brand","embeddable":true,"href":"https:\/\/www.omrserrature.it\/fr\/wp-json\/wp\/v2\/product_brand?post=26105"},{"taxonomy":"product_cat","embeddable":true,"href":"https:\/\/www.omrserrature.it\/fr\/wp-json\/wp\/v2\/product_cat?post=26105"},{"taxonomy":"product_tag","embeddable":true,"href":"https:\/\/www.omrserrature.it\/fr\/wp-json\/wp\/v2\/product_tag?post=26105"}],"curies":[{"name":"wp","href":"https:\/\/api.w.org\/{rel}","templated":true}]}}