{"id":26103,"date":"2017-12-04T11:45:28","date_gmt":"2004-12-17T10:45:00","guid":{"rendered":"https:\/\/www.staging6.omrserrature.it\/prodotto\/leviers-carres-9\/"},"modified":"2026-04-08T11:59:33","modified_gmt":"2026-04-08T09:59:33","slug":"leviers-carres-9","status":"publish","type":"product","link":"https:\/\/www.omrserrature.it\/fr\/produit\/leviers-carres-9\/","title":{"rendered":"Cames carr\u00e9es 9 &#8211; Droites et avec courbure"},"content":{"rendered":"<p>Les <strong>cames droites et coud\u00e9es <\/strong>avec un <strong>trou carr\u00e9 de 9 mm<\/strong> pour l&rsquo;ancrage au terminal de serrure sont fabriqu\u00e9es en acier galvanis\u00e9 de haute qualit\u00e9 et offrent un niveau sup\u00e9rieur de durabilit\u00e9 et de r\u00e9sistance. Comme pour tous les produits OMR, la production des accessoires est soumise \u00e0 des contr\u00f4les stricts qui garantissent des normes de qualit\u00e9 \u00e9lev\u00e9es. L&rsquo;acier galvanis\u00e9 \u00e0 partir duquel ils sont fabriqu\u00e9s<strong> offre une protection suppl\u00e9mentaire contre la corrosion et l&rsquo;usure, et garantit une longue dur\u00e9e de vie.<\/strong>  <\/p>\n<p>Les <strong>variantes en termes de longueur, de largeur et d&rsquo;\u00e9paisseur offrent une grande souplesse de choix<\/strong> et r\u00e9pondront aux besoins de la plupart des projets. OMR propose <strong>dans son catalogue un large choix de cames droites et de cames \u00e0 carr\u00e9 9<\/strong>, mais offre \u00e9galement la possibilit\u00e9 de produire des <strong>serrures et des accessoires sur mesure<\/strong>, parfaits pour votre projet. Consultez <strong>la section Codes produits de<\/strong> cette page pour un aper\u00e7u complet des cames \u00e0 carr\u00e9 9 du catalogue.<\/p>\n<p>Choisissez les leviers droits ou tringl\u00e9s avec une extr\u00e9mit\u00e9 carr\u00e9e en 9 d&rsquo;OMR pour garantir des performances fiables et durables. Des mat\u00e9riaux de qualit\u00e9 et un contr\u00f4le qualit\u00e9 minutieux sont au service de votre s\u00e9curit\u00e9 et de votre satisfaction. Contactez notre \u00e9quipe pour savoir comment nous pouvons contribuer \u00e0 la r\u00e9ussite de votre projet.  <\/p>\n<p><strong>D\u00e9couvrez tous les cames Q9 dans le catalogue dans la section &lsquo;Codes produits&rsquo;.<\/strong><\/p>\n","protected":false},"excerpt":{"rendered":"<p>Les <strong>cames droites et coud\u00e9es <\/strong>avec un <strong>trou carr\u00e9 de 9 mm<\/strong> pour l&rsquo;ancrage au terminal de serrure sont fabriqu\u00e9es en acier galvanis\u00e9 de haute qualit\u00e9 et offrent un niveau sup\u00e9rieur de durabilit\u00e9 et de r\u00e9sistance. Comme pour tous les produits OMR, la production des accessoires est soumise \u00e0 des contr\u00f4les stricts qui garantissent des normes de qualit\u00e9 \u00e9lev\u00e9es. L&rsquo;acier galvanis\u00e9 \u00e0 partir duquel ils sont fabriqu\u00e9s<strong> offre une protection suppl\u00e9mentaire contre la corrosion et l&rsquo;usure, et garantit une longue dur\u00e9e de vie.<\/strong>  <\/p>\n","protected":false},"featured_media":7824,"comment_status":"open","ping_status":"closed","template":"","meta":{"_acf_changed":false,"_et_pb_use_builder":"","_et_pb_old_content":"","_et_gb_content_width":""},"product_brand":[],"product_cat":[3675,3636],"product_tag":[],"class_list":{"0":"post-26103","1":"product","2":"type-product","3":"status-publish","4":"has-post-thumbnail","6":"product_cat-cames","7":"product_cat-produits","9":"first","10":"instock","11":"shipping-taxable","12":"product-type-simple"},"acf":{"pdf1":false},"yoast_head":"<!-- This site is optimized with the Yoast SEO plugin v27.2 - https:\/\/yoast.com\/product\/yoast-seo-wordpress\/ -->\n<title>Cames carr\u00e9es 9 - Droites et avec courbure - OMR Serrature<\/title>\n<meta name=\"robots\" content=\"index, follow, max-snippet:-1, max-image-preview:large, max-video-preview:-1\" \/>\n<link rel=\"canonical\" href=\"https:\/\/www.omrserrature.it\/fr\/produit\/leviers-carres-9\/\" \/>\n<meta property=\"og:locale\" content=\"fr_FR\" \/>\n<meta property=\"og:type\" content=\"article\" \/>\n<meta property=\"og:title\" content=\"Cames carr\u00e9es 9 - Droites et avec courbure - OMR Serrature\" \/>\n<meta property=\"og:description\" content=\"Les cames droites et coud\u00e9es avec un trou carr\u00e9 de 9 mm pour l&#039;ancrage au terminal de serrure sont fabriqu\u00e9es en acier galvanis\u00e9 de haute qualit\u00e9 et offrent un niveau sup\u00e9rieur de durabilit\u00e9 et de r\u00e9sistance. Comme pour tous les produits OMR, la production des accessoires est soumise \u00e0 des contr\u00f4les stricts qui garantissent des normes de qualit\u00e9 \u00e9lev\u00e9es. L&#039;acier galvanis\u00e9 \u00e0 partir duquel ils sont fabriqu\u00e9s offre une protection suppl\u00e9mentaire contre la corrosion et l&#039;usure, et garantit une longue dur\u00e9e de vie.\" \/>\n<meta property=\"og:url\" content=\"https:\/\/www.omrserrature.it\/fr\/produit\/leviers-carres-9\/\" \/>\n<meta property=\"og:site_name\" content=\"OMR Serrature | Produzione sistemi di chiusura\" \/>\n<meta property=\"article:publisher\" content=\"https:\/\/www.facebook.com\/OMRserrature\" \/>\n<meta property=\"article:modified_time\" content=\"2026-04-08T09:59:33+00:00\" \/>\n<meta property=\"og:image\" content=\"https:\/\/www.omrserrature.it\/wp-content\/uploads\/2017\/12\/leve-piegate-quadro-9.jpg\" \/>\n\t<meta property=\"og:image:width\" content=\"1698\" \/>\n\t<meta property=\"og:image:height\" content=\"772\" \/>\n\t<meta property=\"og:image:type\" content=\"image\/jpeg\" \/>\n<meta name=\"twitter:card\" content=\"summary_large_image\" \/>\n<meta name=\"twitter:label1\" content=\"Dur\u00e9e de lecture estim\u00e9e\" \/>\n\t<meta name=\"twitter:data1\" content=\"1 minute\" \/>\n<script type=\"application\/ld+json\" class=\"yoast-schema-graph\">{\"@context\":\"https:\/\/schema.org\",\"@graph\":[{\"@type\":\"WebPage\",\"@id\":\"https:\/\/www.omrserrature.it\/fr\/produit\/leviers-carres-9\/\",\"url\":\"https:\/\/www.omrserrature.it\/fr\/produit\/leviers-carres-9\/\",\"name\":\"Cames carr\u00e9es 9 - Droites et avec courbure - OMR Serrature\",\"isPartOf\":{\"@id\":\"https:\/\/www.omrserrature.it\/fr\/#website\"},\"primaryImageOfPage\":{\"@id\":\"https:\/\/www.omrserrature.it\/fr\/produit\/leviers-carres-9\/#primaryimage\"},\"image\":{\"@id\":\"https:\/\/www.omrserrature.it\/fr\/produit\/leviers-carres-9\/#primaryimage\"},\"thumbnailUrl\":\"https:\/\/www.omrserrature.it\/wp-content\/uploads\/2017\/12\/leve-piegate-quadro-9.jpg\",\"datePublished\":\"2004-12-17T10:45:00+00:00\",\"dateModified\":\"2026-04-08T09:59:33+00:00\",\"breadcrumb\":{\"@id\":\"https:\/\/www.omrserrature.it\/fr\/produit\/leviers-carres-9\/#breadcrumb\"},\"inLanguage\":\"fr-FR\",\"potentialAction\":[{\"@type\":\"ReadAction\",\"target\":[\"https:\/\/www.omrserrature.it\/fr\/produit\/leviers-carres-9\/\"]}]},{\"@type\":\"ImageObject\",\"inLanguage\":\"fr-FR\",\"@id\":\"https:\/\/www.omrserrature.it\/fr\/produit\/leviers-carres-9\/#primaryimage\",\"url\":\"https:\/\/www.omrserrature.it\/wp-content\/uploads\/2017\/12\/leve-piegate-quadro-9.jpg\",\"contentUrl\":\"https:\/\/www.omrserrature.it\/wp-content\/uploads\/2017\/12\/leve-piegate-quadro-9.jpg\",\"width\":1698,\"height\":772},{\"@type\":\"BreadcrumbList\",\"@id\":\"https:\/\/www.omrserrature.it\/fr\/produit\/leviers-carres-9\/#breadcrumb\",\"itemListElement\":[{\"@type\":\"ListItem\",\"position\":1,\"name\":\"Home\",\"item\":\"https:\/\/www.omrserrature.it\/fr\/omr-serrures-et-systemes-de-verrouillage\/\"},{\"@type\":\"ListItem\",\"position\":2,\"name\":\"Catalogue\",\"item\":\"https:\/\/www.omrserrature.it\/catalogue\/?lang=fr\"},{\"@type\":\"ListItem\",\"position\":3,\"name\":\"Produits\",\"item\":\"https:\/\/www.omrserrature.it\/fr\/catalogue\/produits\/\"},{\"@type\":\"ListItem\",\"position\":4,\"name\":\"Cames carr\u00e9es 9 &#8211; Droites et avec courbure\"}]},{\"@type\":\"WebSite\",\"@id\":\"https:\/\/www.omrserrature.it\/fr\/#website\",\"url\":\"https:\/\/www.omrserrature.it\/fr\/\",\"name\":\"OMR Serrature | Produzione sistemi di chiusura\",\"description\":\"Produzione serrature di sicurezza e sistemi di chiusura\",\"publisher\":{\"@id\":\"https:\/\/www.omrserrature.it\/fr\/#organization\"},\"potentialAction\":[{\"@type\":\"SearchAction\",\"target\":{\"@type\":\"EntryPoint\",\"urlTemplate\":\"https:\/\/www.omrserrature.it\/fr\/?s={search_term_string}\"},\"query-input\":{\"@type\":\"PropertyValueSpecification\",\"valueRequired\":true,\"valueName\":\"search_term_string\"}}],\"inLanguage\":\"fr-FR\"},{\"@type\":\"Organization\",\"@id\":\"https:\/\/www.omrserrature.it\/fr\/#organization\",\"name\":\"OMR Serrature | Produzione sistemi di chiusura\",\"url\":\"https:\/\/www.omrserrature.it\/fr\/\",\"logo\":{\"@type\":\"ImageObject\",\"inLanguage\":\"fr-FR\",\"@id\":\"https:\/\/www.omrserrature.it\/fr\/#\/schema\/logo\/image\/\",\"url\":\"https:\/\/www.omrserrature.it\/wp-content\/uploads\/2017\/09\/favicon-omr-114.png\",\"contentUrl\":\"https:\/\/www.omrserrature.it\/wp-content\/uploads\/2017\/09\/favicon-omr-114.png\",\"width\":114,\"height\":114,\"caption\":\"OMR Serrature | Produzione sistemi di chiusura\"},\"image\":{\"@id\":\"https:\/\/www.omrserrature.it\/fr\/#\/schema\/logo\/image\/\"},\"sameAs\":[\"https:\/\/www.facebook.com\/OMRserrature\",\"https:\/\/www.linkedin.com\/company\/omrserrature\/\",\"https:\/\/www.youtube.com\/channel\/UCxmA85z2R0EpG_6IRokiAkg\"]}]}<\/script>\n<!-- \/ Yoast SEO plugin. -->","yoast_head_json":{"title":"Cames carr\u00e9es 9 - Droites et avec courbure - OMR Serrature","robots":{"index":"index","follow":"follow","max-snippet":"max-snippet:-1","max-image-preview":"max-image-preview:large","max-video-preview":"max-video-preview:-1"},"canonical":"https:\/\/www.omrserrature.it\/fr\/produit\/leviers-carres-9\/","og_locale":"fr_FR","og_type":"article","og_title":"Cames carr\u00e9es 9 - Droites et avec courbure - OMR Serrature","og_description":"Les cames droites et coud\u00e9es avec un trou carr\u00e9 de 9 mm pour l'ancrage au terminal de serrure sont fabriqu\u00e9es en acier galvanis\u00e9 de haute qualit\u00e9 et offrent un niveau sup\u00e9rieur de durabilit\u00e9 et de r\u00e9sistance. Comme pour tous les produits OMR, la production des accessoires est soumise \u00e0 des contr\u00f4les stricts qui garantissent des normes de qualit\u00e9 \u00e9lev\u00e9es. L'acier galvanis\u00e9 \u00e0 partir duquel ils sont fabriqu\u00e9s offre une protection suppl\u00e9mentaire contre la corrosion et l'usure, et garantit une longue dur\u00e9e de vie.","og_url":"https:\/\/www.omrserrature.it\/fr\/produit\/leviers-carres-9\/","og_site_name":"OMR Serrature | Produzione sistemi di chiusura","article_publisher":"https:\/\/www.facebook.com\/OMRserrature","article_modified_time":"2026-04-08T09:59:33+00:00","og_image":[{"width":1698,"height":772,"url":"https:\/\/www.omrserrature.it\/wp-content\/uploads\/2017\/12\/leve-piegate-quadro-9.jpg","type":"image\/jpeg"}],"twitter_card":"summary_large_image","twitter_misc":{"Dur\u00e9e de lecture estim\u00e9e":"1 minute"},"schema":{"@context":"https:\/\/schema.org","@graph":[{"@type":"WebPage","@id":"https:\/\/www.omrserrature.it\/fr\/produit\/leviers-carres-9\/","url":"https:\/\/www.omrserrature.it\/fr\/produit\/leviers-carres-9\/","name":"Cames carr\u00e9es 9 - Droites et avec courbure - OMR Serrature","isPartOf":{"@id":"https:\/\/www.omrserrature.it\/fr\/#website"},"primaryImageOfPage":{"@id":"https:\/\/www.omrserrature.it\/fr\/produit\/leviers-carres-9\/#primaryimage"},"image":{"@id":"https:\/\/www.omrserrature.it\/fr\/produit\/leviers-carres-9\/#primaryimage"},"thumbnailUrl":"https:\/\/www.omrserrature.it\/wp-content\/uploads\/2017\/12\/leve-piegate-quadro-9.jpg","datePublished":"2004-12-17T10:45:00+00:00","dateModified":"2026-04-08T09:59:33+00:00","breadcrumb":{"@id":"https:\/\/www.omrserrature.it\/fr\/produit\/leviers-carres-9\/#breadcrumb"},"inLanguage":"fr-FR","potentialAction":[{"@type":"ReadAction","target":["https:\/\/www.omrserrature.it\/fr\/produit\/leviers-carres-9\/"]}]},{"@type":"ImageObject","inLanguage":"fr-FR","@id":"https:\/\/www.omrserrature.it\/fr\/produit\/leviers-carres-9\/#primaryimage","url":"https:\/\/www.omrserrature.it\/wp-content\/uploads\/2017\/12\/leve-piegate-quadro-9.jpg","contentUrl":"https:\/\/www.omrserrature.it\/wp-content\/uploads\/2017\/12\/leve-piegate-quadro-9.jpg","width":1698,"height":772},{"@type":"BreadcrumbList","@id":"https:\/\/www.omrserrature.it\/fr\/produit\/leviers-carres-9\/#breadcrumb","itemListElement":[{"@type":"ListItem","position":1,"name":"Home","item":"https:\/\/www.omrserrature.it\/fr\/omr-serrures-et-systemes-de-verrouillage\/"},{"@type":"ListItem","position":2,"name":"Catalogue","item":"https:\/\/www.omrserrature.it\/catalogue\/?lang=fr"},{"@type":"ListItem","position":3,"name":"Produits","item":"https:\/\/www.omrserrature.it\/fr\/catalogue\/produits\/"},{"@type":"ListItem","position":4,"name":"Cames carr\u00e9es 9 &#8211; Droites et avec courbure"}]},{"@type":"WebSite","@id":"https:\/\/www.omrserrature.it\/fr\/#website","url":"https:\/\/www.omrserrature.it\/fr\/","name":"OMR Serrature | Produzione sistemi di chiusura","description":"Produzione serrature di sicurezza e sistemi di chiusura","publisher":{"@id":"https:\/\/www.omrserrature.it\/fr\/#organization"},"potentialAction":[{"@type":"SearchAction","target":{"@type":"EntryPoint","urlTemplate":"https:\/\/www.omrserrature.it\/fr\/?s={search_term_string}"},"query-input":{"@type":"PropertyValueSpecification","valueRequired":true,"valueName":"search_term_string"}}],"inLanguage":"fr-FR"},{"@type":"Organization","@id":"https:\/\/www.omrserrature.it\/fr\/#organization","name":"OMR Serrature | Produzione sistemi di chiusura","url":"https:\/\/www.omrserrature.it\/fr\/","logo":{"@type":"ImageObject","inLanguage":"fr-FR","@id":"https:\/\/www.omrserrature.it\/fr\/#\/schema\/logo\/image\/","url":"https:\/\/www.omrserrature.it\/wp-content\/uploads\/2017\/09\/favicon-omr-114.png","contentUrl":"https:\/\/www.omrserrature.it\/wp-content\/uploads\/2017\/09\/favicon-omr-114.png","width":114,"height":114,"caption":"OMR Serrature | Produzione sistemi di chiusura"},"image":{"@id":"https:\/\/www.omrserrature.it\/fr\/#\/schema\/logo\/image\/"},"sameAs":["https:\/\/www.facebook.com\/OMRserrature","https:\/\/www.linkedin.com\/company\/omrserrature\/","https:\/\/www.youtube.com\/channel\/UCxmA85z2R0EpG_6IRokiAkg"]}]}},"_links":{"self":[{"href":"https:\/\/www.omrserrature.it\/fr\/wp-json\/wp\/v2\/product\/26103","targetHints":{"allow":["GET"]}}],"collection":[{"href":"https:\/\/www.omrserrature.it\/fr\/wp-json\/wp\/v2\/product"}],"about":[{"href":"https:\/\/www.omrserrature.it\/fr\/wp-json\/wp\/v2\/types\/product"}],"replies":[{"embeddable":true,"href":"https:\/\/www.omrserrature.it\/fr\/wp-json\/wp\/v2\/comments?post=26103"}],"wp:featuredmedia":[{"embeddable":true,"href":"https:\/\/www.omrserrature.it\/fr\/wp-json\/wp\/v2\/media\/7824"}],"wp:attachment":[{"href":"https:\/\/www.omrserrature.it\/fr\/wp-json\/wp\/v2\/media?parent=26103"}],"wp:term":[{"taxonomy":"product_brand","embeddable":true,"href":"https:\/\/www.omrserrature.it\/fr\/wp-json\/wp\/v2\/product_brand?post=26103"},{"taxonomy":"product_cat","embeddable":true,"href":"https:\/\/www.omrserrature.it\/fr\/wp-json\/wp\/v2\/product_cat?post=26103"},{"taxonomy":"product_tag","embeddable":true,"href":"https:\/\/www.omrserrature.it\/fr\/wp-json\/wp\/v2\/product_tag?post=26103"}],"curies":[{"name":"wp","href":"https:\/\/api.w.org\/{rel}","templated":true}]}}