{"id":26100,"date":"2018-03-13T11:51:23","date_gmt":"2013-03-18T10:51:00","guid":{"rendered":"https:\/\/www.staging6.omrserrature.it\/prodotto\/afficheur-de-compteur-pour-les-serrures-de-la-serie-otto\/"},"modified":"2026-04-08T12:00:40","modified_gmt":"2026-04-08T10:00:40","slug":"afficheur-de-compteur-pour-les-serrures-de-la-serie-otto","status":"publish","type":"product","link":"https:\/\/www.omrserrature.it\/fr\/produit\/afficheur-de-compteur-pour-les-serrures-de-la-serie-otto\/","title":{"rendered":"Afficheur de compteur pour les serrures de la s\u00e9rie OTTO"},"content":{"rendered":"<p>[et_pb_section fb_built=\u00a0\u00bb1&Prime; _builder_version=\u00a0\u00bb4.16&Prime; custom_padding=\u00a0\u00bb0px||||false|false\u00a0\u00bb global_colors_info=\u00a0\u00bb{}\u00a0\u00bb][et_pb_row _builder_version=\u00a0\u00bb4.16&Prime; background_size=\u00a0\u00bbinitial\u00a0\u00bb background_position=\u00a0\u00bbtop_left\u00a0\u00bb background_repeat=\u00a0\u00bbrepeat\u00a0\u00bb custom_padding=\u00a0\u00bb0px||0px||false|false\u00a0\u00bb global_colors_info=\u00a0\u00bb{}\u00a0\u00bb][et_pb_column type=\u00a0\u00bb4_4&Prime; _builder_version=\u00a0\u00bb4.16&Prime; custom_padding=\u00a0\u00bb|||\u00a0\u00bb global_colors_info=\u00a0\u00bb{}\u00a0\u00bb custom_padding__hover=\u00a0\u00bb|||\u00a0\u00bb][et_pb_wc_breadcrumb _builder_version=\u00a0\u00bb4.16&Prime; global_colors_info=\u00a0\u00bb{}\u00a0\u00bb][\/et_pb_wc_breadcrumb][et_pb_wc_cart_notice _builder_version=\u00a0\u00bb4.16&Prime; global_colors_info=\u00a0\u00bb{}\u00a0\u00bb][\/et_pb_wc_cart_notice][\/et_pb_column][\/et_pb_row][et_pb_row _builder_version=\u00a0\u00bb4.16&Prime; background_size=\u00a0\u00bbinitial\u00a0\u00bb background_position=\u00a0\u00bbtop_left\u00a0\u00bb background_repeat=\u00a0\u00bbrepeat\u00a0\u00bb custom_padding=\u00a0\u00bb0px||||false|false\u00a0\u00bb global_colors_info=\u00a0\u00bb{}\u00a0\u00bb column_structure=\u00a0\u00bb1_2,1_2&Prime;][et_pb_column type=\u00a0\u00bb1_2&Prime; _builder_version=\u00a0\u00bb4.16&Prime; custom_padding=\u00a0\u00bb|||\u00a0\u00bb global_colors_info=\u00a0\u00bb{}\u00a0\u00bb custom_padding__hover=\u00a0\u00bb|||\u00a0\u00bb][et_pb_wc_images _builder_version=\u00a0\u00bb4.16&Prime; global_colors_info=\u00a0\u00bb{}\u00a0\u00bb][\/et_pb_wc_images][\/et_pb_column][et_pb_column type=\u00a0\u00bb1_2&Prime; _builder_version=\u00a0\u00bb4.16&Prime; custom_padding=\u00a0\u00bb|||\u00a0\u00bb global_colors_info=\u00a0\u00bb{}\u00a0\u00bb custom_padding__hover=\u00a0\u00bb|||\u00a0\u00bb][et_pb_wc_title _builder_version=\u00a0\u00bb4.16&Prime; global_colors_info=\u00a0\u00bb{}\u00a0\u00bb][\/et_pb_wc_title][et_pb_wc_rating _builder_version=\u00a0\u00bb4.16&Prime; global_colors_info=\u00a0\u00bb{}\u00a0\u00bb][\/et_pb_wc_rating][et_pb_wc_price _builder_version=\u00a0\u00bb4.16&Prime; global_colors_info=\u00a0\u00bb{}\u00a0\u00bb][\/et_pb_wc_price][et_pb_wc_description _builder_version=\u00a0\u00bb4.16&Prime; global_colors_info=\u00a0\u00bb{}\u00a0\u00bb][\/et_pb_wc_description][et_pb_wc_add_to_cart _builder_version=\u00a0\u00bb4.16&Prime; global_colors_info=\u00a0\u00bb{}\u00a0\u00bb][\/et_pb_wc_add_to_cart][et_pb_wc_meta _builder_version=\u00a0\u00bb4.16&Prime; global_colors_info=\u00a0\u00bb{}\u00a0\u00bb][\/et_pb_wc_meta][\/et_pb_column][\/et_pb_row][et_pb_row _builder_version=\u00a0\u00bb4.16&Prime; background_size=\u00a0\u00bbinitial\u00a0\u00bb background_position=\u00a0\u00bbtop_left\u00a0\u00bb background_repeat=\u00a0\u00bbrepeat\u00a0\u00bb global_colors_info=\u00a0\u00bb{}\u00a0\u00bb][et_pb_column type=\u00a0\u00bb4_4&Prime; _builder_version=\u00a0\u00bb4.16&Prime; custom_padding=\u00a0\u00bb|||\u00a0\u00bb global_colors_info=\u00a0\u00bb{}\u00a0\u00bb custom_padding__hover=\u00a0\u00bb|||\u00a0\u00bb][et_pb_wc_tabs _builder_version=\u00a0\u00bb4.16&Prime; global_colors_info=\u00a0\u00bb{}\u00a0\u00bb]\t\t\t\t\t[\/et_pb_wc_tabs][et_pb_wc_upsells _builder_version=\u00a0\u00bb4.16&Prime; global_colors_info=\u00a0\u00bb{}\u00a0\u00bb][\/et_pb_wc_upsells][et_pb_wc_related_products _builder_version=\u00a0\u00bb4.16&Prime; global_colors_info=\u00a0\u00bb{}\u00a0\u00bb][\/et_pb_wc_related_products][\/et_pb_column][\/et_pb_row][\/et_pb_section]<\/p>\n","protected":false},"excerpt":{"rendered":"<p><strong>Le pr\u00e9sentoir offre un aper\u00e7u de la S\u00e9rie Otto,<\/strong> la solution efficace et simple pour <strong>remplacer les anciennes serrures \u00e0 poign\u00e9e ronde<\/strong> avec bouton poussoir pour les portes int\u00e9rieures <strong>par une serrure \u00e0 cylindre europ\u00e9en<\/strong>. <\/p>\n","protected":false},"featured_media":255095,"comment_status":"open","ping_status":"closed","template":"","meta":{"_acf_changed":false,"_et_pb_use_builder":"on","_et_pb_old_content":"<strong>Le pr\u00e9sentoir d\u00e9di\u00e9 \u00e0 la s\u00e9rie Otto d'OMR permet \u00e0<\/strong> vos clients de d\u00e9couvrir de pr\u00e8s la qualit\u00e9 et la conception soign\u00e9e de nos serrures. Ici, le pr\u00e9sentoir offre un aper\u00e7u de la s\u00e9rie Otto, la solution efficace et simple pour <strong>remplacer les anciennes serrures de portes int\u00e9rieures et ext\u00e9rieures \u00e0 poign\u00e9e et bouton-poussoir<\/strong> ou les <strong>portes de bureau<\/strong> traditionnelles <strong>\u00e0 poign\u00e9e rotative<\/strong> par des serrures \u00e0 <strong>cylindre europ\u00e9en<\/strong>. \n\nLes anciennes serrures \u00e0 poign\u00e9e peuvent ne pas offrir le niveau de s\u00e9curit\u00e9 souhait\u00e9, et la s\u00e9rie Otto offre une <strong>nette am\u00e9lioration des performances de s\u00e9curit\u00e9 de la<\/strong> serrure, en fournissant une solution s\u00fbre et fiable avec la technologie des <strong>cylindres \u00e0 profil europ\u00e9en<\/strong>. Cette technologie offre une augmentation significative de la s\u00e9curit\u00e9, donnant aux clients la tranquillit\u00e9 d'esprit de savoir que <strong>leurs portes sont mieux prot\u00e9g\u00e9es.<\/strong>\n\nLe <strong>remplacement des<\/strong> anciennes serrures par celles de la s\u00e9rie Otto est un <strong>processus rapide et<\/strong> ne n\u00e9cessite pas de modifications majeures ni de remplacement du cadre de la porte, ce qui facilite grandement la mise \u00e0 niveau. Le design raffin\u00e9 et agr\u00e9able de la s\u00e9rie Otto ajoute <strong>une touche d'\u00e9l\u00e9gance discr\u00e8te<\/strong> \u00e0 l'apparence des portes, tandis que la finition impeccable indique un produit de qualit\u00e9 sup\u00e9rieure. \n\nAvec le pr\u00e9sentoir de la s\u00e9rie Otto, vos clients auront l'occasion<strong> de d\u00e9couvrir les nombreux avantages de la s\u00e9rie Otto<\/strong>:\n<ul>\n \t<li>une s\u00e9curit\u00e9 accrue gr\u00e2ce au cylindre \u00e0 profil europ\u00e9en,<\/li>\n \t<li>facilit\u00e9 d'installation,<\/li>\n \t<li>un design \u00e9l\u00e9gant et une finition de haute qualit\u00e9.<\/li>\n<\/ul>\nNous sommes convaincus que les clients trouveront dans la s\u00e9rie Otto la solution id\u00e9ale pour renforcer la s\u00e9curit\u00e9 et l'esth\u00e9tique de leurs Cames.","_et_gb_content_width":""},"product_brand":[],"product_cat":[3685],"product_tag":[],"class_list":{"0":"post-26100","1":"product","2":"type-product","3":"status-publish","4":"has-post-thumbnail","6":"product_cat-affiche","8":"first","9":"instock","10":"shipping-taxable","11":"product-type-simple"},"acf":{"pdf1":false},"yoast_head":"<!-- This site is optimized with the Yoast SEO plugin v27.2 - https:\/\/yoast.com\/product\/yoast-seo-wordpress\/ -->\n<title>Afficheur de compteur pour les serrures de la s\u00e9rie OTTO - OMR Serrature<\/title>\n<meta name=\"robots\" content=\"index, follow, max-snippet:-1, max-image-preview:large, max-video-preview:-1\" \/>\n<link rel=\"canonical\" href=\"https:\/\/www.omrserrature.it\/fr\/produit\/afficheur-de-compteur-pour-les-serrures-de-la-serie-otto\/\" \/>\n<meta property=\"og:locale\" content=\"fr_FR\" \/>\n<meta property=\"og:type\" content=\"article\" \/>\n<meta property=\"og:title\" content=\"Afficheur de compteur pour les serrures de la s\u00e9rie OTTO - OMR Serrature\" \/>\n<meta property=\"og:description\" content=\"Le pr\u00e9sentoir offre un aper\u00e7u de la S\u00e9rie Otto, la solution efficace et simple pour remplacer les anciennes serrures \u00e0 poign\u00e9e ronde avec bouton poussoir pour les portes int\u00e9rieures par une serrure \u00e0 cylindre europ\u00e9en.\" \/>\n<meta property=\"og:url\" content=\"https:\/\/www.omrserrature.it\/fr\/produit\/afficheur-de-compteur-pour-les-serrures-de-la-serie-otto\/\" \/>\n<meta property=\"og:site_name\" content=\"OMR Serrature | Produzione sistemi di chiusura\" \/>\n<meta property=\"article:publisher\" content=\"https:\/\/www.facebook.com\/OMRserrature\" \/>\n<meta property=\"article:modified_time\" content=\"2026-04-08T10:00:40+00:00\" \/>\n<meta property=\"og:image\" content=\"https:\/\/www.omrserrature.it\/wp-content\/uploads\/2018\/03\/espositore-serie-otto.jpg\" \/>\n\t<meta property=\"og:image:width\" content=\"1200\" \/>\n\t<meta property=\"og:image:height\" content=\"795\" \/>\n\t<meta property=\"og:image:type\" content=\"image\/jpeg\" \/>\n<meta name=\"twitter:card\" content=\"summary_large_image\" \/>\n<meta name=\"twitter:label1\" content=\"Dur\u00e9e de lecture estim\u00e9e\" \/>\n\t<meta name=\"twitter:data1\" content=\"2 minutes\" \/>\n<script type=\"application\/ld+json\" class=\"yoast-schema-graph\">{\"@context\":\"https:\/\/schema.org\",\"@graph\":[{\"@type\":\"WebPage\",\"@id\":\"https:\/\/www.omrserrature.it\/fr\/produit\/afficheur-de-compteur-pour-les-serrures-de-la-serie-otto\/\",\"url\":\"https:\/\/www.omrserrature.it\/fr\/produit\/afficheur-de-compteur-pour-les-serrures-de-la-serie-otto\/\",\"name\":\"Afficheur de compteur pour les serrures de la s\u00e9rie OTTO - OMR Serrature\",\"isPartOf\":{\"@id\":\"https:\/\/www.omrserrature.it\/fr\/#website\"},\"primaryImageOfPage\":{\"@id\":\"https:\/\/www.omrserrature.it\/fr\/produit\/afficheur-de-compteur-pour-les-serrures-de-la-serie-otto\/#primaryimage\"},\"image\":{\"@id\":\"https:\/\/www.omrserrature.it\/fr\/produit\/afficheur-de-compteur-pour-les-serrures-de-la-serie-otto\/#primaryimage\"},\"thumbnailUrl\":\"https:\/\/www.omrserrature.it\/wp-content\/uploads\/2018\/03\/espositore-serie-otto.jpg\",\"datePublished\":\"2013-03-18T10:51:00+00:00\",\"dateModified\":\"2026-04-08T10:00:40+00:00\",\"breadcrumb\":{\"@id\":\"https:\/\/www.omrserrature.it\/fr\/produit\/afficheur-de-compteur-pour-les-serrures-de-la-serie-otto\/#breadcrumb\"},\"inLanguage\":\"fr-FR\",\"potentialAction\":[{\"@type\":\"ReadAction\",\"target\":[\"https:\/\/www.omrserrature.it\/fr\/produit\/afficheur-de-compteur-pour-les-serrures-de-la-serie-otto\/\"]}]},{\"@type\":\"ImageObject\",\"inLanguage\":\"fr-FR\",\"@id\":\"https:\/\/www.omrserrature.it\/fr\/produit\/afficheur-de-compteur-pour-les-serrures-de-la-serie-otto\/#primaryimage\",\"url\":\"https:\/\/www.omrserrature.it\/wp-content\/uploads\/2018\/03\/espositore-serie-otto.jpg\",\"contentUrl\":\"https:\/\/www.omrserrature.it\/wp-content\/uploads\/2018\/03\/espositore-serie-otto.jpg\",\"width\":1200,\"height\":795,\"caption\":\"Pr\u00e9sentoir de comptoir - Transformez une ancienne poign\u00e9e de poign\u00e9e en une nouvelle serrure de haute s\u00e9curit\u00e9 avec cylindre europ\u00e9en. S\u00e9rie OTTO d'OMR.\"},{\"@type\":\"BreadcrumbList\",\"@id\":\"https:\/\/www.omrserrature.it\/fr\/produit\/afficheur-de-compteur-pour-les-serrures-de-la-serie-otto\/#breadcrumb\",\"itemListElement\":[{\"@type\":\"ListItem\",\"position\":1,\"name\":\"Home\",\"item\":\"https:\/\/www.omrserrature.it\/fr\/omr-serrures-et-systemes-de-verrouillage\/\"},{\"@type\":\"ListItem\",\"position\":2,\"name\":\"Catalogue\",\"item\":\"https:\/\/www.omrserrature.it\/catalogue\/?lang=fr\"},{\"@type\":\"ListItem\",\"position\":3,\"name\":\"Produits\",\"item\":\"https:\/\/www.omrserrature.it\/fr\/catalogue\/produits\/\"},{\"@type\":\"ListItem\",\"position\":4,\"name\":\"Affiche\",\"item\":\"https:\/\/www.omrserrature.it\/fr\/catalogue\/produits\/affiche\/\"},{\"@type\":\"ListItem\",\"position\":5,\"name\":\"Afficheur de compteur pour les serrures de la s\u00e9rie OTTO\"}]},{\"@type\":\"WebSite\",\"@id\":\"https:\/\/www.omrserrature.it\/fr\/#website\",\"url\":\"https:\/\/www.omrserrature.it\/fr\/\",\"name\":\"OMR Serrature | Produzione sistemi di chiusura\",\"description\":\"Produzione serrature di sicurezza e sistemi di chiusura\",\"publisher\":{\"@id\":\"https:\/\/www.omrserrature.it\/fr\/#organization\"},\"potentialAction\":[{\"@type\":\"SearchAction\",\"target\":{\"@type\":\"EntryPoint\",\"urlTemplate\":\"https:\/\/www.omrserrature.it\/fr\/?s={search_term_string}\"},\"query-input\":{\"@type\":\"PropertyValueSpecification\",\"valueRequired\":true,\"valueName\":\"search_term_string\"}}],\"inLanguage\":\"fr-FR\"},{\"@type\":\"Organization\",\"@id\":\"https:\/\/www.omrserrature.it\/fr\/#organization\",\"name\":\"OMR Serrature | Produzione sistemi di chiusura\",\"url\":\"https:\/\/www.omrserrature.it\/fr\/\",\"logo\":{\"@type\":\"ImageObject\",\"inLanguage\":\"fr-FR\",\"@id\":\"https:\/\/www.omrserrature.it\/fr\/#\/schema\/logo\/image\/\",\"url\":\"https:\/\/www.omrserrature.it\/wp-content\/uploads\/2017\/09\/favicon-omr-114.png\",\"contentUrl\":\"https:\/\/www.omrserrature.it\/wp-content\/uploads\/2017\/09\/favicon-omr-114.png\",\"width\":114,\"height\":114,\"caption\":\"OMR Serrature | Produzione sistemi di chiusura\"},\"image\":{\"@id\":\"https:\/\/www.omrserrature.it\/fr\/#\/schema\/logo\/image\/\"},\"sameAs\":[\"https:\/\/www.facebook.com\/OMRserrature\",\"https:\/\/www.linkedin.com\/company\/omrserrature\/\",\"https:\/\/www.youtube.com\/channel\/UCxmA85z2R0EpG_6IRokiAkg\"]}]}<\/script>\n<!-- \/ Yoast SEO plugin. -->","yoast_head_json":{"title":"Afficheur de compteur pour les serrures de la s\u00e9rie OTTO - OMR Serrature","robots":{"index":"index","follow":"follow","max-snippet":"max-snippet:-1","max-image-preview":"max-image-preview:large","max-video-preview":"max-video-preview:-1"},"canonical":"https:\/\/www.omrserrature.it\/fr\/produit\/afficheur-de-compteur-pour-les-serrures-de-la-serie-otto\/","og_locale":"fr_FR","og_type":"article","og_title":"Afficheur de compteur pour les serrures de la s\u00e9rie OTTO - OMR Serrature","og_description":"Le pr\u00e9sentoir offre un aper\u00e7u de la S\u00e9rie Otto, la solution efficace et simple pour remplacer les anciennes serrures \u00e0 poign\u00e9e ronde avec bouton poussoir pour les portes int\u00e9rieures par une serrure \u00e0 cylindre europ\u00e9en.","og_url":"https:\/\/www.omrserrature.it\/fr\/produit\/afficheur-de-compteur-pour-les-serrures-de-la-serie-otto\/","og_site_name":"OMR Serrature | Produzione sistemi di chiusura","article_publisher":"https:\/\/www.facebook.com\/OMRserrature","article_modified_time":"2026-04-08T10:00:40+00:00","og_image":[{"width":1200,"height":795,"url":"https:\/\/www.omrserrature.it\/wp-content\/uploads\/2018\/03\/espositore-serie-otto.jpg","type":"image\/jpeg"}],"twitter_card":"summary_large_image","twitter_misc":{"Dur\u00e9e de lecture estim\u00e9e":"2 minutes"},"schema":{"@context":"https:\/\/schema.org","@graph":[{"@type":"WebPage","@id":"https:\/\/www.omrserrature.it\/fr\/produit\/afficheur-de-compteur-pour-les-serrures-de-la-serie-otto\/","url":"https:\/\/www.omrserrature.it\/fr\/produit\/afficheur-de-compteur-pour-les-serrures-de-la-serie-otto\/","name":"Afficheur de compteur pour les serrures de la s\u00e9rie OTTO - OMR Serrature","isPartOf":{"@id":"https:\/\/www.omrserrature.it\/fr\/#website"},"primaryImageOfPage":{"@id":"https:\/\/www.omrserrature.it\/fr\/produit\/afficheur-de-compteur-pour-les-serrures-de-la-serie-otto\/#primaryimage"},"image":{"@id":"https:\/\/www.omrserrature.it\/fr\/produit\/afficheur-de-compteur-pour-les-serrures-de-la-serie-otto\/#primaryimage"},"thumbnailUrl":"https:\/\/www.omrserrature.it\/wp-content\/uploads\/2018\/03\/espositore-serie-otto.jpg","datePublished":"2013-03-18T10:51:00+00:00","dateModified":"2026-04-08T10:00:40+00:00","breadcrumb":{"@id":"https:\/\/www.omrserrature.it\/fr\/produit\/afficheur-de-compteur-pour-les-serrures-de-la-serie-otto\/#breadcrumb"},"inLanguage":"fr-FR","potentialAction":[{"@type":"ReadAction","target":["https:\/\/www.omrserrature.it\/fr\/produit\/afficheur-de-compteur-pour-les-serrures-de-la-serie-otto\/"]}]},{"@type":"ImageObject","inLanguage":"fr-FR","@id":"https:\/\/www.omrserrature.it\/fr\/produit\/afficheur-de-compteur-pour-les-serrures-de-la-serie-otto\/#primaryimage","url":"https:\/\/www.omrserrature.it\/wp-content\/uploads\/2018\/03\/espositore-serie-otto.jpg","contentUrl":"https:\/\/www.omrserrature.it\/wp-content\/uploads\/2018\/03\/espositore-serie-otto.jpg","width":1200,"height":795,"caption":"Pr\u00e9sentoir de comptoir - Transformez une ancienne poign\u00e9e de poign\u00e9e en une nouvelle serrure de haute s\u00e9curit\u00e9 avec cylindre europ\u00e9en. S\u00e9rie OTTO d'OMR."},{"@type":"BreadcrumbList","@id":"https:\/\/www.omrserrature.it\/fr\/produit\/afficheur-de-compteur-pour-les-serrures-de-la-serie-otto\/#breadcrumb","itemListElement":[{"@type":"ListItem","position":1,"name":"Home","item":"https:\/\/www.omrserrature.it\/fr\/omr-serrures-et-systemes-de-verrouillage\/"},{"@type":"ListItem","position":2,"name":"Catalogue","item":"https:\/\/www.omrserrature.it\/catalogue\/?lang=fr"},{"@type":"ListItem","position":3,"name":"Produits","item":"https:\/\/www.omrserrature.it\/fr\/catalogue\/produits\/"},{"@type":"ListItem","position":4,"name":"Affiche","item":"https:\/\/www.omrserrature.it\/fr\/catalogue\/produits\/affiche\/"},{"@type":"ListItem","position":5,"name":"Afficheur de compteur pour les serrures de la s\u00e9rie OTTO"}]},{"@type":"WebSite","@id":"https:\/\/www.omrserrature.it\/fr\/#website","url":"https:\/\/www.omrserrature.it\/fr\/","name":"OMR Serrature | Produzione sistemi di chiusura","description":"Produzione serrature di sicurezza e sistemi di chiusura","publisher":{"@id":"https:\/\/www.omrserrature.it\/fr\/#organization"},"potentialAction":[{"@type":"SearchAction","target":{"@type":"EntryPoint","urlTemplate":"https:\/\/www.omrserrature.it\/fr\/?s={search_term_string}"},"query-input":{"@type":"PropertyValueSpecification","valueRequired":true,"valueName":"search_term_string"}}],"inLanguage":"fr-FR"},{"@type":"Organization","@id":"https:\/\/www.omrserrature.it\/fr\/#organization","name":"OMR Serrature | Produzione sistemi di chiusura","url":"https:\/\/www.omrserrature.it\/fr\/","logo":{"@type":"ImageObject","inLanguage":"fr-FR","@id":"https:\/\/www.omrserrature.it\/fr\/#\/schema\/logo\/image\/","url":"https:\/\/www.omrserrature.it\/wp-content\/uploads\/2017\/09\/favicon-omr-114.png","contentUrl":"https:\/\/www.omrserrature.it\/wp-content\/uploads\/2017\/09\/favicon-omr-114.png","width":114,"height":114,"caption":"OMR Serrature | Produzione sistemi di chiusura"},"image":{"@id":"https:\/\/www.omrserrature.it\/fr\/#\/schema\/logo\/image\/"},"sameAs":["https:\/\/www.facebook.com\/OMRserrature","https:\/\/www.linkedin.com\/company\/omrserrature\/","https:\/\/www.youtube.com\/channel\/UCxmA85z2R0EpG_6IRokiAkg"]}]}},"_links":{"self":[{"href":"https:\/\/www.omrserrature.it\/fr\/wp-json\/wp\/v2\/product\/26100","targetHints":{"allow":["GET"]}}],"collection":[{"href":"https:\/\/www.omrserrature.it\/fr\/wp-json\/wp\/v2\/product"}],"about":[{"href":"https:\/\/www.omrserrature.it\/fr\/wp-json\/wp\/v2\/types\/product"}],"replies":[{"embeddable":true,"href":"https:\/\/www.omrserrature.it\/fr\/wp-json\/wp\/v2\/comments?post=26100"}],"wp:featuredmedia":[{"embeddable":true,"href":"https:\/\/www.omrserrature.it\/fr\/wp-json\/wp\/v2\/media\/255095"}],"wp:attachment":[{"href":"https:\/\/www.omrserrature.it\/fr\/wp-json\/wp\/v2\/media?parent=26100"}],"wp:term":[{"taxonomy":"product_brand","embeddable":true,"href":"https:\/\/www.omrserrature.it\/fr\/wp-json\/wp\/v2\/product_brand?post=26100"},{"taxonomy":"product_cat","embeddable":true,"href":"https:\/\/www.omrserrature.it\/fr\/wp-json\/wp\/v2\/product_cat?post=26100"},{"taxonomy":"product_tag","embeddable":true,"href":"https:\/\/www.omrserrature.it\/fr\/wp-json\/wp\/v2\/product_tag?post=26100"}],"curies":[{"name":"wp","href":"https:\/\/api.w.org\/{rel}","templated":true}]}}