{"id":26088,"date":"2018-07-12T10:39:51","date_gmt":"2012-07-18T08:39:00","guid":{"rendered":"https:\/\/www.staging6.omrserrature.it\/prodotto\/goupille-mobile\/"},"modified":"2026-04-08T11:59:05","modified_gmt":"2026-04-08T09:59:05","slug":"goupille-mobile","status":"publish","type":"product","link":"https:\/\/www.omrserrature.it\/fr\/produit\/goupille-mobile\/","title":{"rendered":"Goupille mobile pour le guide-tringle"},"content":{"rendered":"<p>Goupille en m\u00e9tal moul\u00e9 pour blocs-tiroirs, \u00e0 ins\u00e9rer sur la tringle. Permet de placer la goupille dans n&rsquo;importe quelle position sur la tringle, pour des tiroirs de diff\u00e9rentes hauteurs. <\/p>\n","protected":false},"excerpt":{"rendered":"<p>Goupille en m\u00e9tal moul\u00e9 pour blocs-tiroirs, \u00e0 ins\u00e9rer sur la tringle. Permet de placer la goupille dans n&rsquo;importe quelle position sur la tringle, pour des tiroirs de diff\u00e9rentes hauteurs. <\/p>\n","protected":false},"featured_media":8649,"comment_status":"open","ping_status":"closed","template":"","meta":{"_acf_changed":false,"_et_pb_use_builder":"","_et_pb_old_content":"","_et_gb_content_width":""},"product_brand":[],"product_cat":[3686,3636,3668],"product_tag":[],"class_list":{"0":"post-26088","1":"product","2":"type-product","3":"status-publish","4":"has-post-thumbnail","6":"product_cat-accessoires-et-pieces-detachees","7":"product_cat-produits","8":"product_cat-tringles","10":"first","11":"instock","12":"shipping-taxable","13":"purchasable","14":"product-type-simple"},"acf":{"pdf1":false},"yoast_head":"<!-- This site is optimized with the Yoast SEO plugin v27.2 - https:\/\/yoast.com\/product\/yoast-seo-wordpress\/ -->\n<title>Goupille mobile pour le guide-tringle - OMR Serrature<\/title>\n<meta name=\"robots\" content=\"index, follow, max-snippet:-1, max-image-preview:large, max-video-preview:-1\" \/>\n<link rel=\"canonical\" href=\"https:\/\/www.omrserrature.it\/fr\/produit\/goupille-mobile\/\" \/>\n<meta property=\"og:locale\" content=\"fr_FR\" \/>\n<meta property=\"og:type\" content=\"article\" \/>\n<meta property=\"og:title\" content=\"Goupille mobile pour le guide-tringle - OMR Serrature\" \/>\n<meta property=\"og:description\" content=\"Goupille en m\u00e9tal moul\u00e9 pour blocs-tiroirs, \u00e0 ins\u00e9rer sur la tringle. Permet de placer la goupille dans n&#039;importe quelle position sur la tringle, pour des tiroirs de diff\u00e9rentes hauteurs.\" \/>\n<meta property=\"og:url\" content=\"https:\/\/www.omrserrature.it\/fr\/produit\/goupille-mobile\/\" \/>\n<meta property=\"og:site_name\" content=\"OMR Serrature | Produzione sistemi di chiusura\" \/>\n<meta property=\"article:publisher\" content=\"https:\/\/www.facebook.com\/OMRserrature\" \/>\n<meta property=\"article:modified_time\" content=\"2026-04-08T09:59:05+00:00\" \/>\n<meta property=\"og:image\" content=\"https:\/\/www.omrserrature.it\/wp-content\/uploads\/2018\/07\/perno-mobile-SPER02420.jpg\" \/>\n\t<meta property=\"og:image:width\" content=\"236\" \/>\n\t<meta property=\"og:image:height\" content=\"155\" \/>\n\t<meta property=\"og:image:type\" content=\"image\/jpeg\" \/>\n<meta name=\"twitter:card\" content=\"summary_large_image\" \/>\n<script type=\"application\/ld+json\" class=\"yoast-schema-graph\">{\"@context\":\"https:\/\/schema.org\",\"@graph\":[{\"@type\":\"WebPage\",\"@id\":\"https:\/\/www.omrserrature.it\/fr\/produit\/goupille-mobile\/\",\"url\":\"https:\/\/www.omrserrature.it\/fr\/produit\/goupille-mobile\/\",\"name\":\"Goupille mobile pour le guide-tringle - OMR Serrature\",\"isPartOf\":{\"@id\":\"https:\/\/www.omrserrature.it\/fr\/#website\"},\"primaryImageOfPage\":{\"@id\":\"https:\/\/www.omrserrature.it\/fr\/produit\/goupille-mobile\/#primaryimage\"},\"image\":{\"@id\":\"https:\/\/www.omrserrature.it\/fr\/produit\/goupille-mobile\/#primaryimage\"},\"thumbnailUrl\":\"https:\/\/www.omrserrature.it\/wp-content\/uploads\/2018\/07\/perno-mobile-SPER02420.jpg\",\"datePublished\":\"2012-07-18T08:39:00+00:00\",\"dateModified\":\"2026-04-08T09:59:05+00:00\",\"breadcrumb\":{\"@id\":\"https:\/\/www.omrserrature.it\/fr\/produit\/goupille-mobile\/#breadcrumb\"},\"inLanguage\":\"fr-FR\",\"potentialAction\":[{\"@type\":\"ReadAction\",\"target\":[\"https:\/\/www.omrserrature.it\/fr\/produit\/goupille-mobile\/\"]}]},{\"@type\":\"ImageObject\",\"inLanguage\":\"fr-FR\",\"@id\":\"https:\/\/www.omrserrature.it\/fr\/produit\/goupille-mobile\/#primaryimage\",\"url\":\"https:\/\/www.omrserrature.it\/wp-content\/uploads\/2018\/07\/perno-mobile-SPER02420.jpg\",\"contentUrl\":\"https:\/\/www.omrserrature.it\/wp-content\/uploads\/2018\/07\/perno-mobile-SPER02420.jpg\",\"width\":236,\"height\":155,\"caption\":\"Goupille mobile pour serrures avec tringles tournantes - SPER02420\"},{\"@type\":\"BreadcrumbList\",\"@id\":\"https:\/\/www.omrserrature.it\/fr\/produit\/goupille-mobile\/#breadcrumb\",\"itemListElement\":[{\"@type\":\"ListItem\",\"position\":1,\"name\":\"Home\",\"item\":\"https:\/\/www.omrserrature.it\/fr\/omr-serrures-et-systemes-de-verrouillage\/\"},{\"@type\":\"ListItem\",\"position\":2,\"name\":\"Catalogue\",\"item\":\"https:\/\/www.omrserrature.it\/catalogue\/?lang=fr\"},{\"@type\":\"ListItem\",\"position\":3,\"name\":\"Produits\",\"item\":\"https:\/\/www.omrserrature.it\/fr\/catalogue\/produits\/\"},{\"@type\":\"ListItem\",\"position\":4,\"name\":\"Goupille mobile pour le guide-tringle\"}]},{\"@type\":\"WebSite\",\"@id\":\"https:\/\/www.omrserrature.it\/fr\/#website\",\"url\":\"https:\/\/www.omrserrature.it\/fr\/\",\"name\":\"OMR Serrature | Produzione sistemi di chiusura\",\"description\":\"Produzione serrature di sicurezza e sistemi di chiusura\",\"publisher\":{\"@id\":\"https:\/\/www.omrserrature.it\/fr\/#organization\"},\"potentialAction\":[{\"@type\":\"SearchAction\",\"target\":{\"@type\":\"EntryPoint\",\"urlTemplate\":\"https:\/\/www.omrserrature.it\/fr\/?s={search_term_string}\"},\"query-input\":{\"@type\":\"PropertyValueSpecification\",\"valueRequired\":true,\"valueName\":\"search_term_string\"}}],\"inLanguage\":\"fr-FR\"},{\"@type\":\"Organization\",\"@id\":\"https:\/\/www.omrserrature.it\/fr\/#organization\",\"name\":\"OMR Serrature | Produzione sistemi di chiusura\",\"url\":\"https:\/\/www.omrserrature.it\/fr\/\",\"logo\":{\"@type\":\"ImageObject\",\"inLanguage\":\"fr-FR\",\"@id\":\"https:\/\/www.omrserrature.it\/fr\/#\/schema\/logo\/image\/\",\"url\":\"https:\/\/www.omrserrature.it\/wp-content\/uploads\/2017\/09\/favicon-omr-114.png\",\"contentUrl\":\"https:\/\/www.omrserrature.it\/wp-content\/uploads\/2017\/09\/favicon-omr-114.png\",\"width\":114,\"height\":114,\"caption\":\"OMR Serrature | Produzione sistemi di chiusura\"},\"image\":{\"@id\":\"https:\/\/www.omrserrature.it\/fr\/#\/schema\/logo\/image\/\"},\"sameAs\":[\"https:\/\/www.facebook.com\/OMRserrature\",\"https:\/\/www.linkedin.com\/company\/omrserrature\/\",\"https:\/\/www.youtube.com\/channel\/UCxmA85z2R0EpG_6IRokiAkg\"]}]}<\/script>\n<!-- \/ Yoast SEO plugin. -->","yoast_head_json":{"title":"Goupille mobile pour le guide-tringle - OMR Serrature","robots":{"index":"index","follow":"follow","max-snippet":"max-snippet:-1","max-image-preview":"max-image-preview:large","max-video-preview":"max-video-preview:-1"},"canonical":"https:\/\/www.omrserrature.it\/fr\/produit\/goupille-mobile\/","og_locale":"fr_FR","og_type":"article","og_title":"Goupille mobile pour le guide-tringle - OMR Serrature","og_description":"Goupille en m\u00e9tal moul\u00e9 pour blocs-tiroirs, \u00e0 ins\u00e9rer sur la tringle. Permet de placer la goupille dans n'importe quelle position sur la tringle, pour des tiroirs de diff\u00e9rentes hauteurs.","og_url":"https:\/\/www.omrserrature.it\/fr\/produit\/goupille-mobile\/","og_site_name":"OMR Serrature | Produzione sistemi di chiusura","article_publisher":"https:\/\/www.facebook.com\/OMRserrature","article_modified_time":"2026-04-08T09:59:05+00:00","og_image":[{"width":236,"height":155,"url":"https:\/\/www.omrserrature.it\/wp-content\/uploads\/2018\/07\/perno-mobile-SPER02420.jpg","type":"image\/jpeg"}],"twitter_card":"summary_large_image","schema":{"@context":"https:\/\/schema.org","@graph":[{"@type":"WebPage","@id":"https:\/\/www.omrserrature.it\/fr\/produit\/goupille-mobile\/","url":"https:\/\/www.omrserrature.it\/fr\/produit\/goupille-mobile\/","name":"Goupille mobile pour le guide-tringle - OMR Serrature","isPartOf":{"@id":"https:\/\/www.omrserrature.it\/fr\/#website"},"primaryImageOfPage":{"@id":"https:\/\/www.omrserrature.it\/fr\/produit\/goupille-mobile\/#primaryimage"},"image":{"@id":"https:\/\/www.omrserrature.it\/fr\/produit\/goupille-mobile\/#primaryimage"},"thumbnailUrl":"https:\/\/www.omrserrature.it\/wp-content\/uploads\/2018\/07\/perno-mobile-SPER02420.jpg","datePublished":"2012-07-18T08:39:00+00:00","dateModified":"2026-04-08T09:59:05+00:00","breadcrumb":{"@id":"https:\/\/www.omrserrature.it\/fr\/produit\/goupille-mobile\/#breadcrumb"},"inLanguage":"fr-FR","potentialAction":[{"@type":"ReadAction","target":["https:\/\/www.omrserrature.it\/fr\/produit\/goupille-mobile\/"]}]},{"@type":"ImageObject","inLanguage":"fr-FR","@id":"https:\/\/www.omrserrature.it\/fr\/produit\/goupille-mobile\/#primaryimage","url":"https:\/\/www.omrserrature.it\/wp-content\/uploads\/2018\/07\/perno-mobile-SPER02420.jpg","contentUrl":"https:\/\/www.omrserrature.it\/wp-content\/uploads\/2018\/07\/perno-mobile-SPER02420.jpg","width":236,"height":155,"caption":"Goupille mobile pour serrures avec tringles tournantes - SPER02420"},{"@type":"BreadcrumbList","@id":"https:\/\/www.omrserrature.it\/fr\/produit\/goupille-mobile\/#breadcrumb","itemListElement":[{"@type":"ListItem","position":1,"name":"Home","item":"https:\/\/www.omrserrature.it\/fr\/omr-serrures-et-systemes-de-verrouillage\/"},{"@type":"ListItem","position":2,"name":"Catalogue","item":"https:\/\/www.omrserrature.it\/catalogue\/?lang=fr"},{"@type":"ListItem","position":3,"name":"Produits","item":"https:\/\/www.omrserrature.it\/fr\/catalogue\/produits\/"},{"@type":"ListItem","position":4,"name":"Goupille mobile pour le guide-tringle"}]},{"@type":"WebSite","@id":"https:\/\/www.omrserrature.it\/fr\/#website","url":"https:\/\/www.omrserrature.it\/fr\/","name":"OMR Serrature | Produzione sistemi di chiusura","description":"Produzione serrature di sicurezza e sistemi di chiusura","publisher":{"@id":"https:\/\/www.omrserrature.it\/fr\/#organization"},"potentialAction":[{"@type":"SearchAction","target":{"@type":"EntryPoint","urlTemplate":"https:\/\/www.omrserrature.it\/fr\/?s={search_term_string}"},"query-input":{"@type":"PropertyValueSpecification","valueRequired":true,"valueName":"search_term_string"}}],"inLanguage":"fr-FR"},{"@type":"Organization","@id":"https:\/\/www.omrserrature.it\/fr\/#organization","name":"OMR Serrature | Produzione sistemi di chiusura","url":"https:\/\/www.omrserrature.it\/fr\/","logo":{"@type":"ImageObject","inLanguage":"fr-FR","@id":"https:\/\/www.omrserrature.it\/fr\/#\/schema\/logo\/image\/","url":"https:\/\/www.omrserrature.it\/wp-content\/uploads\/2017\/09\/favicon-omr-114.png","contentUrl":"https:\/\/www.omrserrature.it\/wp-content\/uploads\/2017\/09\/favicon-omr-114.png","width":114,"height":114,"caption":"OMR Serrature | Produzione sistemi di chiusura"},"image":{"@id":"https:\/\/www.omrserrature.it\/fr\/#\/schema\/logo\/image\/"},"sameAs":["https:\/\/www.facebook.com\/OMRserrature","https:\/\/www.linkedin.com\/company\/omrserrature\/","https:\/\/www.youtube.com\/channel\/UCxmA85z2R0EpG_6IRokiAkg"]}]}},"_links":{"self":[{"href":"https:\/\/www.omrserrature.it\/fr\/wp-json\/wp\/v2\/product\/26088","targetHints":{"allow":["GET"]}}],"collection":[{"href":"https:\/\/www.omrserrature.it\/fr\/wp-json\/wp\/v2\/product"}],"about":[{"href":"https:\/\/www.omrserrature.it\/fr\/wp-json\/wp\/v2\/types\/product"}],"replies":[{"embeddable":true,"href":"https:\/\/www.omrserrature.it\/fr\/wp-json\/wp\/v2\/comments?post=26088"}],"wp:featuredmedia":[{"embeddable":true,"href":"https:\/\/www.omrserrature.it\/fr\/wp-json\/wp\/v2\/media\/8649"}],"wp:attachment":[{"href":"https:\/\/www.omrserrature.it\/fr\/wp-json\/wp\/v2\/media?parent=26088"}],"wp:term":[{"taxonomy":"product_brand","embeddable":true,"href":"https:\/\/www.omrserrature.it\/fr\/wp-json\/wp\/v2\/product_brand?post=26088"},{"taxonomy":"product_cat","embeddable":true,"href":"https:\/\/www.omrserrature.it\/fr\/wp-json\/wp\/v2\/product_cat?post=26088"},{"taxonomy":"product_tag","embeddable":true,"href":"https:\/\/www.omrserrature.it\/fr\/wp-json\/wp\/v2\/product_tag?post=26088"}],"curies":[{"name":"wp","href":"https:\/\/api.w.org\/{rel}","templated":true}]}}