{"id":26054,"date":"2017-12-01T10:20:17","date_gmt":"2017-12-01T09:20:17","guid":{"rendered":"https:\/\/www.staging6.omrserrature.it\/prodotto\/leviers-de-boutonniere\/"},"modified":"2025-01-09T13:52:13","modified_gmt":"2025-01-09T12:52:13","slug":"leviers-de-boutonniere","status":"publish","type":"product","link":"https:\/\/www.omrserrature.it\/fr\/produit\/leviers-de-boutonniere\/","title":{"rendered":"Cames de boucles"},"content":{"rendered":"<p>Les <strong>cames droites<\/strong> en acier galvanis\u00e9 avec <strong>attaque par boucle<\/strong> garantissent s\u00e9curit\u00e9, commodit\u00e9 et grande durabilit\u00e9. Caract\u00e9ris\u00e9 par un design droit et fonctionnel, ce Came convient aux serrures qui offrent une connexion \u00e0 boucle arri\u00e8re, comme la Serrure batteuse. <\/p>\n<p><strong>Caract\u00e9ristiques principales :<\/strong><\/p>\n<ul>\n<li><strong>Construction robuste :<\/strong> le Came droit est fabriqu\u00e9 en acier galvanis\u00e9 de haute qualit\u00e9, ce qui garantit sa solidit\u00e9 et sa durabilit\u00e9. L&rsquo;acier galvanis\u00e9 offre \u00e9galement une <strong>protection suppl\u00e9mentaire contre la corrosion, ce qui garantit une longue dur\u00e9e de vie et des performances fiables<\/strong>. <\/li>\n<li><strong>Conception polyvalente :<\/strong> gr\u00e2ce \u00e0 sa fixation par boucle, ce Came s&rsquo;installe facilement et se fixe solidement au moyen du trou oblong.<\/li>\n<li><strong>Large choix de mod\u00e8les :<\/strong> nous proposons pas moins de 7 mod\u00e8les dans notre catalogue de leviers droits avec fixation par boucle, chacun pr\u00e9sentant des caract\u00e9ristiques sp\u00e9cifiques pour r\u00e9pondre aux diff\u00e9rentes exigences en mati\u00e8re de s\u00e9curit\u00e9 et de conception.<\/li>\n<li><strong>Personnalisation sur mesure :<\/strong> Pour ceux qui ont des besoins particuliers ou des demandes sp\u00e9cifiques, notre service client est \u00e0 votre disposition pour des cames droites personnalis\u00e9es avec des raccords \u00e0 boucle. Contactez-nous pour une solution personnalis\u00e9e id\u00e9ale pour vos serrures. <\/li>\n<\/ul>\n<p>Gr\u00e2ce \u00e0 sa construction de haute qualit\u00e9, \u00e0 son large choix de mod\u00e8les et \u00e0 ses possibilit\u00e9s de personnalisation, cette Came offre des performances fiables et une praticit\u00e9 sans compromis.  <strong>Panneaux n&rsquo;h\u00e9sitez pas \u00e0 contacter notre service client\u00e8le afin de r\u00e9aliser un levier avec une boucle d&rsquo;attache qui r\u00e9ponde parfaitement \u00e0 vos besoins sp\u00e9cifiques.<\/strong><\/p>\n","protected":false},"excerpt":{"rendered":"<p>Les <strong>Cames droites<\/strong> en acier galvanis\u00e9 avec <strong>connexion par boucle<\/strong> garantissent s\u00e9curit\u00e9, commodit\u00e9 et grande durabilit\u00e9. Caract\u00e9ris\u00e9 par un design droit et fonctionnel, ce Came convient aux serrures qui offrent une connexion \u00e0 boucle arri\u00e8re, comme la Serrure batteuse. <\/p>\n","protected":false},"featured_media":28507,"comment_status":"open","ping_status":"closed","template":"","meta":{"_acf_changed":false,"_et_pb_use_builder":"","_et_pb_old_content":"","_et_gb_content_width":""},"product_brand":[],"product_cat":[3675,3636],"product_tag":[],"class_list":{"0":"post-26054","1":"product","2":"type-product","3":"status-publish","4":"has-post-thumbnail","6":"product_cat-cames","7":"product_cat-produits","9":"first","10":"instock","11":"shipping-taxable","12":"purchasable","13":"product-type-variable"},"acf":{"pdf1":false},"yoast_head":"<!-- This site is optimized with the Yoast SEO plugin v27.5 - https:\/\/yoast.com\/product\/yoast-seo-wordpress\/ -->\n<title>Cames de boucles - OMR Serrature<\/title>\n<meta name=\"robots\" content=\"index, follow, max-snippet:-1, max-image-preview:large, max-video-preview:-1\" \/>\n<link rel=\"canonical\" href=\"https:\/\/www.omrserrature.it\/fr\/produit\/leviers-de-boutonniere\/\" \/>\n<meta property=\"og:locale\" content=\"fr_FR\" \/>\n<meta property=\"og:type\" content=\"article\" \/>\n<meta property=\"og:title\" content=\"Cames de boucles - OMR Serrature\" \/>\n<meta property=\"og:description\" content=\"Les Cames droites en acier galvanis\u00e9 avec connexion par boucle garantissent s\u00e9curit\u00e9, commodit\u00e9 et grande durabilit\u00e9. Caract\u00e9ris\u00e9 par un design droit et fonctionnel, ce Came convient aux serrures qui offrent une connexion \u00e0 boucle arri\u00e8re, comme la Serrure batteuse.\" \/>\n<meta property=\"og:url\" content=\"https:\/\/www.omrserrature.it\/fr\/produit\/leviers-de-boutonniere\/\" \/>\n<meta property=\"og:site_name\" content=\"OMR Serrature | Produzione sistemi di chiusura\" \/>\n<meta property=\"article:publisher\" content=\"https:\/\/www.facebook.com\/OMRserrature\" \/>\n<meta property=\"article:modified_time\" content=\"2025-01-09T12:52:13+00:00\" \/>\n<meta property=\"og:image\" content=\"https:\/\/www.omrserrature.it\/wp-content\/uploads\/2017\/12\/asola-1.jpg\" \/>\n\t<meta property=\"og:image:width\" content=\"500\" \/>\n\t<meta property=\"og:image:height\" content=\"500\" \/>\n\t<meta property=\"og:image:type\" content=\"image\/jpeg\" \/>\n<meta name=\"twitter:card\" content=\"summary_large_image\" \/>\n<meta name=\"twitter:label1\" content=\"Dur\u00e9e de lecture estim\u00e9e\" \/>\n\t<meta name=\"twitter:data1\" content=\"1 minute\" \/>\n<script type=\"application\/ld+json\" class=\"yoast-schema-graph\">{\"@context\":\"https:\\\/\\\/schema.org\",\"@graph\":[{\"@type\":\"WebPage\",\"@id\":\"https:\\\/\\\/www.omrserrature.it\\\/fr\\\/produit\\\/leviers-de-boutonniere\\\/\",\"url\":\"https:\\\/\\\/www.omrserrature.it\\\/fr\\\/produit\\\/leviers-de-boutonniere\\\/\",\"name\":\"Cames de boucles - OMR Serrature\",\"isPartOf\":{\"@id\":\"https:\\\/\\\/www.omrserrature.it\\\/fr\\\/#website\"},\"primaryImageOfPage\":{\"@id\":\"https:\\\/\\\/www.omrserrature.it\\\/fr\\\/produit\\\/leviers-de-boutonniere\\\/#primaryimage\"},\"image\":{\"@id\":\"https:\\\/\\\/www.omrserrature.it\\\/fr\\\/produit\\\/leviers-de-boutonniere\\\/#primaryimage\"},\"thumbnailUrl\":\"https:\\\/\\\/www.omrserrature.it\\\/wp-content\\\/uploads\\\/2001\\\/12\\\/Leve-con-asola.jpg\",\"datePublished\":\"2017-12-01T09:20:17+00:00\",\"dateModified\":\"2025-01-09T12:52:13+00:00\",\"breadcrumb\":{\"@id\":\"https:\\\/\\\/www.omrserrature.it\\\/fr\\\/produit\\\/leviers-de-boutonniere\\\/#breadcrumb\"},\"inLanguage\":\"fr-FR\",\"potentialAction\":[{\"@type\":\"ReadAction\",\"target\":[\"https:\\\/\\\/www.omrserrature.it\\\/fr\\\/produit\\\/leviers-de-boutonniere\\\/\"]}]},{\"@type\":\"ImageObject\",\"inLanguage\":\"fr-FR\",\"@id\":\"https:\\\/\\\/www.omrserrature.it\\\/fr\\\/produit\\\/leviers-de-boutonniere\\\/#primaryimage\",\"url\":\"https:\\\/\\\/www.omrserrature.it\\\/wp-content\\\/uploads\\\/2001\\\/12\\\/Leve-con-asola.jpg\",\"contentUrl\":\"https:\\\/\\\/www.omrserrature.it\\\/wp-content\\\/uploads\\\/2001\\\/12\\\/Leve-con-asola.jpg\",\"width\":1000,\"height\":1000},{\"@type\":\"BreadcrumbList\",\"@id\":\"https:\\\/\\\/www.omrserrature.it\\\/fr\\\/produit\\\/leviers-de-boutonniere\\\/#breadcrumb\",\"itemListElement\":[{\"@type\":\"ListItem\",\"position\":1,\"name\":\"Home\",\"item\":\"https:\\\/\\\/www.omrserrature.it\\\/fr\\\/omr-serrures-et-systemes-de-verrouillage\\\/\"},{\"@type\":\"ListItem\",\"position\":2,\"name\":\"Catalogue\",\"item\":\"https:\\\/\\\/www.omrserrature.it\\\/catalogue\\\/?lang=fr\"},{\"@type\":\"ListItem\",\"position\":3,\"name\":\"Produits\",\"item\":\"https:\\\/\\\/www.omrserrature.it\\\/fr\\\/catalogue\\\/produits\\\/\"},{\"@type\":\"ListItem\",\"position\":4,\"name\":\"Leviers de boutonni\u00e8re\"}]},{\"@type\":\"WebSite\",\"@id\":\"https:\\\/\\\/www.omrserrature.it\\\/fr\\\/#website\",\"url\":\"https:\\\/\\\/www.omrserrature.it\\\/fr\\\/\",\"name\":\"OMR Serrature | Produzione sistemi di chiusura\",\"description\":\"Produzione serrature di sicurezza e sistemi di chiusura\",\"publisher\":{\"@id\":\"https:\\\/\\\/www.omrserrature.it\\\/fr\\\/#organization\"},\"potentialAction\":[{\"@type\":\"SearchAction\",\"target\":{\"@type\":\"EntryPoint\",\"urlTemplate\":\"https:\\\/\\\/www.omrserrature.it\\\/fr\\\/?s={search_term_string}\"},\"query-input\":{\"@type\":\"PropertyValueSpecification\",\"valueRequired\":true,\"valueName\":\"search_term_string\"}}],\"inLanguage\":\"fr-FR\"},{\"@type\":\"Organization\",\"@id\":\"https:\\\/\\\/www.omrserrature.it\\\/fr\\\/#organization\",\"name\":\"OMR Serrature | Produzione sistemi di chiusura\",\"url\":\"https:\\\/\\\/www.omrserrature.it\\\/fr\\\/\",\"logo\":{\"@type\":\"ImageObject\",\"inLanguage\":\"fr-FR\",\"@id\":\"https:\\\/\\\/www.omrserrature.it\\\/fr\\\/#\\\/schema\\\/logo\\\/image\\\/\",\"url\":\"https:\\\/\\\/www.omrserrature.it\\\/wp-content\\\/uploads\\\/2017\\\/09\\\/favicon-omr-114.png\",\"contentUrl\":\"https:\\\/\\\/www.omrserrature.it\\\/wp-content\\\/uploads\\\/2017\\\/09\\\/favicon-omr-114.png\",\"width\":114,\"height\":114,\"caption\":\"OMR Serrature | Produzione sistemi di chiusura\"},\"image\":{\"@id\":\"https:\\\/\\\/www.omrserrature.it\\\/fr\\\/#\\\/schema\\\/logo\\\/image\\\/\"},\"sameAs\":[\"https:\\\/\\\/www.facebook.com\\\/OMRserrature\",\"https:\\\/\\\/www.linkedin.com\\\/company\\\/omrserrature\\\/\",\"https:\\\/\\\/www.youtube.com\\\/channel\\\/UCxmA85z2R0EpG_6IRokiAkg\"]}]}<\/script>\n<!-- \/ Yoast SEO plugin. -->","yoast_head_json":{"title":"Cames de boucles - OMR Serrature","robots":{"index":"index","follow":"follow","max-snippet":"max-snippet:-1","max-image-preview":"max-image-preview:large","max-video-preview":"max-video-preview:-1"},"canonical":"https:\/\/www.omrserrature.it\/fr\/produit\/leviers-de-boutonniere\/","og_locale":"fr_FR","og_type":"article","og_title":"Cames de boucles - OMR Serrature","og_description":"Les Cames droites en acier galvanis\u00e9 avec connexion par boucle garantissent s\u00e9curit\u00e9, commodit\u00e9 et grande durabilit\u00e9. Caract\u00e9ris\u00e9 par un design droit et fonctionnel, ce Came convient aux serrures qui offrent une connexion \u00e0 boucle arri\u00e8re, comme la Serrure batteuse.","og_url":"https:\/\/www.omrserrature.it\/fr\/produit\/leviers-de-boutonniere\/","og_site_name":"OMR Serrature | Produzione sistemi di chiusura","article_publisher":"https:\/\/www.facebook.com\/OMRserrature","article_modified_time":"2025-01-09T12:52:13+00:00","og_image":[{"width":500,"height":500,"url":"https:\/\/www.omrserrature.it\/wp-content\/uploads\/2017\/12\/asola-1.jpg","type":"image\/jpeg"}],"twitter_card":"summary_large_image","twitter_misc":{"Dur\u00e9e de lecture estim\u00e9e":"1 minute"},"schema":{"@context":"https:\/\/schema.org","@graph":[{"@type":"WebPage","@id":"https:\/\/www.omrserrature.it\/fr\/produit\/leviers-de-boutonniere\/","url":"https:\/\/www.omrserrature.it\/fr\/produit\/leviers-de-boutonniere\/","name":"Cames de boucles - OMR Serrature","isPartOf":{"@id":"https:\/\/www.omrserrature.it\/fr\/#website"},"primaryImageOfPage":{"@id":"https:\/\/www.omrserrature.it\/fr\/produit\/leviers-de-boutonniere\/#primaryimage"},"image":{"@id":"https:\/\/www.omrserrature.it\/fr\/produit\/leviers-de-boutonniere\/#primaryimage"},"thumbnailUrl":"https:\/\/www.omrserrature.it\/wp-content\/uploads\/2001\/12\/Leve-con-asola.jpg","datePublished":"2017-12-01T09:20:17+00:00","dateModified":"2025-01-09T12:52:13+00:00","breadcrumb":{"@id":"https:\/\/www.omrserrature.it\/fr\/produit\/leviers-de-boutonniere\/#breadcrumb"},"inLanguage":"fr-FR","potentialAction":[{"@type":"ReadAction","target":["https:\/\/www.omrserrature.it\/fr\/produit\/leviers-de-boutonniere\/"]}]},{"@type":"ImageObject","inLanguage":"fr-FR","@id":"https:\/\/www.omrserrature.it\/fr\/produit\/leviers-de-boutonniere\/#primaryimage","url":"https:\/\/www.omrserrature.it\/wp-content\/uploads\/2001\/12\/Leve-con-asola.jpg","contentUrl":"https:\/\/www.omrserrature.it\/wp-content\/uploads\/2001\/12\/Leve-con-asola.jpg","width":1000,"height":1000},{"@type":"BreadcrumbList","@id":"https:\/\/www.omrserrature.it\/fr\/produit\/leviers-de-boutonniere\/#breadcrumb","itemListElement":[{"@type":"ListItem","position":1,"name":"Home","item":"https:\/\/www.omrserrature.it\/fr\/omr-serrures-et-systemes-de-verrouillage\/"},{"@type":"ListItem","position":2,"name":"Catalogue","item":"https:\/\/www.omrserrature.it\/catalogue\/?lang=fr"},{"@type":"ListItem","position":3,"name":"Produits","item":"https:\/\/www.omrserrature.it\/fr\/catalogue\/produits\/"},{"@type":"ListItem","position":4,"name":"Leviers de boutonni\u00e8re"}]},{"@type":"WebSite","@id":"https:\/\/www.omrserrature.it\/fr\/#website","url":"https:\/\/www.omrserrature.it\/fr\/","name":"OMR Serrature | Produzione sistemi di chiusura","description":"Produzione serrature di sicurezza e sistemi di chiusura","publisher":{"@id":"https:\/\/www.omrserrature.it\/fr\/#organization"},"potentialAction":[{"@type":"SearchAction","target":{"@type":"EntryPoint","urlTemplate":"https:\/\/www.omrserrature.it\/fr\/?s={search_term_string}"},"query-input":{"@type":"PropertyValueSpecification","valueRequired":true,"valueName":"search_term_string"}}],"inLanguage":"fr-FR"},{"@type":"Organization","@id":"https:\/\/www.omrserrature.it\/fr\/#organization","name":"OMR Serrature | Produzione sistemi di chiusura","url":"https:\/\/www.omrserrature.it\/fr\/","logo":{"@type":"ImageObject","inLanguage":"fr-FR","@id":"https:\/\/www.omrserrature.it\/fr\/#\/schema\/logo\/image\/","url":"https:\/\/www.omrserrature.it\/wp-content\/uploads\/2017\/09\/favicon-omr-114.png","contentUrl":"https:\/\/www.omrserrature.it\/wp-content\/uploads\/2017\/09\/favicon-omr-114.png","width":114,"height":114,"caption":"OMR Serrature | Produzione sistemi di chiusura"},"image":{"@id":"https:\/\/www.omrserrature.it\/fr\/#\/schema\/logo\/image\/"},"sameAs":["https:\/\/www.facebook.com\/OMRserrature","https:\/\/www.linkedin.com\/company\/omrserrature\/","https:\/\/www.youtube.com\/channel\/UCxmA85z2R0EpG_6IRokiAkg"]}]}},"_links":{"self":[{"href":"https:\/\/www.omrserrature.it\/fr\/wp-json\/wp\/v2\/product\/26054","targetHints":{"allow":["GET"]}}],"collection":[{"href":"https:\/\/www.omrserrature.it\/fr\/wp-json\/wp\/v2\/product"}],"about":[{"href":"https:\/\/www.omrserrature.it\/fr\/wp-json\/wp\/v2\/types\/product"}],"replies":[{"embeddable":true,"href":"https:\/\/www.omrserrature.it\/fr\/wp-json\/wp\/v2\/comments?post=26054"}],"wp:featuredmedia":[{"embeddable":true,"href":"https:\/\/www.omrserrature.it\/fr\/wp-json\/wp\/v2\/media\/28507"}],"wp:attachment":[{"href":"https:\/\/www.omrserrature.it\/fr\/wp-json\/wp\/v2\/media?parent=26054"}],"wp:term":[{"taxonomy":"product_brand","embeddable":true,"href":"https:\/\/www.omrserrature.it\/fr\/wp-json\/wp\/v2\/product_brand?post=26054"},{"taxonomy":"product_cat","embeddable":true,"href":"https:\/\/www.omrserrature.it\/fr\/wp-json\/wp\/v2\/product_cat?post=26054"},{"taxonomy":"product_tag","embeddable":true,"href":"https:\/\/www.omrserrature.it\/fr\/wp-json\/wp\/v2\/product_tag?post=26054"}],"curies":[{"name":"wp","href":"https:\/\/api.w.org\/{rel}","templated":true}]}}