{"id":26049,"date":"2017-12-04T11:16:28","date_gmt":"2017-12-04T10:16:28","guid":{"rendered":"https:\/\/www.staging6.omrserrature.it\/prodotto\/cames-crochet\/"},"modified":"2025-01-09T12:51:08","modified_gmt":"2025-01-09T11:51:08","slug":"cames-crochet","status":"publish","type":"product","link":"https:\/\/www.omrserrature.it\/fr\/produit\/cames-crochet\/","title":{"rendered":"Cames plates \u00e0 crochet"},"content":{"rendered":"<p>Les <strong>cames droites \u00e0 <span style=\"text-decoration: underline;\">crochet<\/span> en acier galvanis\u00e9<\/strong> d&rsquo;OMR constituent le choix id\u00e9al pour garantir la fiabilit\u00e9 et la s\u00e9curit\u00e9 des portes battantes ou coulissantes, des tiroirs, etc. La came plate \u00e0 crochet est positionn\u00e9 \u00e0 l&rsquo;int\u00e9rieur de la serrure et est con\u00e7u de mani\u00e8re \u00e0 s&rsquo;engager dans l&rsquo;\u00e9cusson renfor\u00e7ant la serrure lors de sa rotation dans le si\u00e8ge de verrouillage dans le montant.<\/p>\n<p><strong>Caract\u00e9ristiques principales :<\/strong><\/p>\n<ul>\n<li><strong>Robuste et durable :<\/strong> Fabriqu\u00e9 en acier galvanis\u00e9 de haute qualit\u00e9, le levier \u00e0 crochet OMR offre durabilit\u00e9 et fiabilit\u00e9, m\u00eame dans des environnements soumis \u00e0 l&rsquo;humidit\u00e9 ou \u00e0 des conditions m\u00e9t\u00e9orologiques d\u00e9favorables.<\/li>\n<li><strong>Came plate \u00e0 crochet :<\/strong> il convient aux situations n\u00e9cessitant une prise plus ferme qu&rsquo;avec la simple came plate. La pr\u00e9sence du crochet apporte une s\u00e9curit\u00e9 suppl\u00e9mentaire, ce qui le rend id\u00e9al pour les portes coulissantes et les loquets qui n\u00e9cessitent une prise stable. <\/li>\n<li><strong>Polyvalence d&rsquo;utilisation : <\/strong>les serrures \u00e0 crochet conviennent \u00e0 de nombreuses occasions et, gr\u00e2ce aux diff\u00e9rentes tailles disponibles, elles peuvent \u00eatre utilis\u00e9es dans des portes coulissantes ou des tiroirs de diff\u00e9rentes tailles. OMR propose une <strong>large gamme de variantes<\/strong> pour r\u00e9pondre \u00e0 vos besoins sp\u00e9cifiques. Voici les 4 principales variantes du catalogue, mais les cames \u00e0 crochets peuvent \u00e9galement \u00eatre fabriqu\u00e9es sur mesure.  <\/li>\n<li><strong>Installation simple :<\/strong> le levier \u00e0 crochets droits s&rsquo;installe facilement dans le montant de l&rsquo;armoire ou du placard, sans n\u00e9cessiter de travaux techniques complexes. Sa configuration est con\u00e7ue pour simplifier le processus d&rsquo;installation et vous faire gagner du temps et de l&rsquo;\u00e9nergie. <\/li>\n<\/ul>\n<p><strong>D\u00e9couvrez les quatre variantes standard de<\/strong> leviers \u00e0 crochets droits disponibles et faites l&rsquo;exp\u00e9rience de la qualit\u00e9 et de la pr\u00e9cision d&rsquo;OMR dans le domaine des solutions de Serrure et de s\u00e9curit\u00e9.<\/p>\n","protected":false},"excerpt":{"rendered":"<p>Le <strong>Came \u00e0 crochet droit<\/strong> en acier galvanis\u00e9 d&rsquo;OMR est le choix id\u00e9al pour assurer la fiabilit\u00e9 et la s\u00e9curit\u00e9 des portes battantes ou coulissantes, des tiroirs, etc. Cette Serrure est con\u00e7ue pour tourner dans son logement dans le montant, permettant ainsi d&rsquo;ouvrir et de fermer la porte ou le tiroir en toute s\u00e9curit\u00e9.<\/p>\n","protected":false},"featured_media":28356,"comment_status":"open","ping_status":"closed","template":"","meta":{"_acf_changed":false,"_et_pb_use_builder":"","_et_pb_old_content":"","_et_gb_content_width":""},"product_brand":[],"product_cat":[3675],"product_tag":[],"class_list":{"0":"post-26049","1":"product","2":"type-product","3":"status-publish","4":"has-post-thumbnail","6":"product_cat-cames","8":"first","9":"instock","10":"shipping-taxable","11":"purchasable","12":"product-type-variable"},"acf":{"pdf1":false},"yoast_head":"<!-- This site is optimized with the Yoast SEO plugin v27.2 - https:\/\/yoast.com\/product\/yoast-seo-wordpress\/ -->\n<title>Cames plates \u00e0 crochet - OMR Serrature<\/title>\n<meta name=\"robots\" content=\"index, follow, max-snippet:-1, max-image-preview:large, max-video-preview:-1\" \/>\n<link rel=\"canonical\" href=\"https:\/\/www.omrserrature.it\/fr\/produit\/cames-crochet\/\" \/>\n<meta property=\"og:locale\" content=\"fr_FR\" \/>\n<meta property=\"og:type\" content=\"article\" \/>\n<meta property=\"og:title\" content=\"Cames plates \u00e0 crochet - OMR Serrature\" \/>\n<meta property=\"og:description\" content=\"Le Came \u00e0 crochet droit en acier galvanis\u00e9 d&#039;OMR est le choix id\u00e9al pour assurer la fiabilit\u00e9 et la s\u00e9curit\u00e9 des portes battantes ou coulissantes, des tiroirs, etc. Cette Serrure est con\u00e7ue pour tourner dans son logement dans le montant, permettant ainsi d&#039;ouvrir et de fermer la porte ou le tiroir en toute s\u00e9curit\u00e9.\" \/>\n<meta property=\"og:url\" content=\"https:\/\/www.omrserrature.it\/fr\/produit\/cames-crochet\/\" \/>\n<meta property=\"og:site_name\" content=\"OMR Serrature | Produzione sistemi di chiusura\" \/>\n<meta property=\"article:publisher\" content=\"https:\/\/www.facebook.com\/OMRserrature\" \/>\n<meta property=\"article:modified_time\" content=\"2025-01-09T11:51:08+00:00\" \/>\n<meta property=\"og:image\" content=\"https:\/\/www.omrserrature.it\/wp-content\/uploads\/2019\/02\/leva-gancio-SLED00023-img.jpg\" \/>\n\t<meta property=\"og:image:width\" content=\"500\" \/>\n\t<meta property=\"og:image:height\" content=\"500\" \/>\n\t<meta property=\"og:image:type\" content=\"image\/jpeg\" \/>\n<meta name=\"twitter:card\" content=\"summary_large_image\" \/>\n<meta name=\"twitter:label1\" content=\"Dur\u00e9e de lecture estim\u00e9e\" \/>\n\t<meta name=\"twitter:data1\" content=\"1 minute\" \/>\n<script type=\"application\/ld+json\" class=\"yoast-schema-graph\">{\"@context\":\"https:\/\/schema.org\",\"@graph\":[{\"@type\":\"WebPage\",\"@id\":\"https:\/\/www.omrserrature.it\/fr\/produit\/cames-crochet\/\",\"url\":\"https:\/\/www.omrserrature.it\/fr\/produit\/cames-crochet\/\",\"name\":\"Cames plates \u00e0 crochet - OMR Serrature\",\"isPartOf\":{\"@id\":\"https:\/\/www.omrserrature.it\/fr\/#website\"},\"primaryImageOfPage\":{\"@id\":\"https:\/\/www.omrserrature.it\/fr\/produit\/cames-crochet\/#primaryimage\"},\"image\":{\"@id\":\"https:\/\/www.omrserrature.it\/fr\/produit\/cames-crochet\/#primaryimage\"},\"thumbnailUrl\":\"https:\/\/www.omrserrature.it\/wp-content\/uploads\/2004\/12\/Leve-a-gancio-OMR_1.jpg\",\"datePublished\":\"2017-12-04T10:16:28+00:00\",\"dateModified\":\"2025-01-09T11:51:08+00:00\",\"breadcrumb\":{\"@id\":\"https:\/\/www.omrserrature.it\/fr\/produit\/cames-crochet\/#breadcrumb\"},\"inLanguage\":\"fr-FR\",\"potentialAction\":[{\"@type\":\"ReadAction\",\"target\":[\"https:\/\/www.omrserrature.it\/fr\/produit\/cames-crochet\/\"]}]},{\"@type\":\"ImageObject\",\"inLanguage\":\"fr-FR\",\"@id\":\"https:\/\/www.omrserrature.it\/fr\/produit\/cames-crochet\/#primaryimage\",\"url\":\"https:\/\/www.omrserrature.it\/wp-content\/uploads\/2004\/12\/Leve-a-gancio-OMR_1.jpg\",\"contentUrl\":\"https:\/\/www.omrserrature.it\/wp-content\/uploads\/2004\/12\/Leve-a-gancio-OMR_1.jpg\",\"width\":1000,\"height\":1000,\"caption\":\"Leve dritte a gancio OMR. Per serrature universali per ante, cassetti, sportelli scorrevoli e a battente.\"},{\"@type\":\"BreadcrumbList\",\"@id\":\"https:\/\/www.omrserrature.it\/fr\/produit\/cames-crochet\/#breadcrumb\",\"itemListElement\":[{\"@type\":\"ListItem\",\"position\":1,\"name\":\"Home\",\"item\":\"https:\/\/www.omrserrature.it\/fr\/omr-serrures-et-systemes-de-verrouillage\/\"},{\"@type\":\"ListItem\",\"position\":2,\"name\":\"Catalogue\",\"item\":\"https:\/\/www.omrserrature.it\/catalogue\/?lang=fr\"},{\"@type\":\"ListItem\",\"position\":3,\"name\":\"Produits\",\"item\":\"https:\/\/www.omrserrature.it\/fr\/catalogue\/produits\/\"},{\"@type\":\"ListItem\",\"position\":4,\"name\":\"Accessoires et pi\u00e8ces d\u00e9tach\u00e9es\",\"item\":\"https:\/\/www.omrserrature.it\/fr\/catalogue\/produits\/accessoires-et-pieces-detachees\/\"},{\"@type\":\"ListItem\",\"position\":5,\"name\":\"Cames\",\"item\":\"https:\/\/www.omrserrature.it\/fr\/catalogue\/produits\/accessoires-et-pieces-detachees\/cames\/\"},{\"@type\":\"ListItem\",\"position\":6,\"name\":\"Cames crochet\"}]},{\"@type\":\"WebSite\",\"@id\":\"https:\/\/www.omrserrature.it\/fr\/#website\",\"url\":\"https:\/\/www.omrserrature.it\/fr\/\",\"name\":\"OMR Serrature | Produzione sistemi di chiusura\",\"description\":\"Produzione serrature di sicurezza e sistemi di chiusura\",\"publisher\":{\"@id\":\"https:\/\/www.omrserrature.it\/fr\/#organization\"},\"potentialAction\":[{\"@type\":\"SearchAction\",\"target\":{\"@type\":\"EntryPoint\",\"urlTemplate\":\"https:\/\/www.omrserrature.it\/fr\/?s={search_term_string}\"},\"query-input\":{\"@type\":\"PropertyValueSpecification\",\"valueRequired\":true,\"valueName\":\"search_term_string\"}}],\"inLanguage\":\"fr-FR\"},{\"@type\":\"Organization\",\"@id\":\"https:\/\/www.omrserrature.it\/fr\/#organization\",\"name\":\"OMR Serrature | Produzione sistemi di chiusura\",\"url\":\"https:\/\/www.omrserrature.it\/fr\/\",\"logo\":{\"@type\":\"ImageObject\",\"inLanguage\":\"fr-FR\",\"@id\":\"https:\/\/www.omrserrature.it\/fr\/#\/schema\/logo\/image\/\",\"url\":\"https:\/\/www.omrserrature.it\/wp-content\/uploads\/2017\/09\/favicon-omr-114.png\",\"contentUrl\":\"https:\/\/www.omrserrature.it\/wp-content\/uploads\/2017\/09\/favicon-omr-114.png\",\"width\":114,\"height\":114,\"caption\":\"OMR Serrature | Produzione sistemi di chiusura\"},\"image\":{\"@id\":\"https:\/\/www.omrserrature.it\/fr\/#\/schema\/logo\/image\/\"},\"sameAs\":[\"https:\/\/www.facebook.com\/OMRserrature\",\"https:\/\/www.linkedin.com\/company\/omrserrature\/\",\"https:\/\/www.youtube.com\/channel\/UCxmA85z2R0EpG_6IRokiAkg\"]}]}<\/script>\n<!-- \/ Yoast SEO plugin. -->","yoast_head_json":{"title":"Cames plates \u00e0 crochet - OMR Serrature","robots":{"index":"index","follow":"follow","max-snippet":"max-snippet:-1","max-image-preview":"max-image-preview:large","max-video-preview":"max-video-preview:-1"},"canonical":"https:\/\/www.omrserrature.it\/fr\/produit\/cames-crochet\/","og_locale":"fr_FR","og_type":"article","og_title":"Cames plates \u00e0 crochet - OMR Serrature","og_description":"Le Came \u00e0 crochet droit en acier galvanis\u00e9 d'OMR est le choix id\u00e9al pour assurer la fiabilit\u00e9 et la s\u00e9curit\u00e9 des portes battantes ou coulissantes, des tiroirs, etc. Cette Serrure est con\u00e7ue pour tourner dans son logement dans le montant, permettant ainsi d'ouvrir et de fermer la porte ou le tiroir en toute s\u00e9curit\u00e9.","og_url":"https:\/\/www.omrserrature.it\/fr\/produit\/cames-crochet\/","og_site_name":"OMR Serrature | Produzione sistemi di chiusura","article_publisher":"https:\/\/www.facebook.com\/OMRserrature","article_modified_time":"2025-01-09T11:51:08+00:00","og_image":[{"width":500,"height":500,"url":"https:\/\/www.omrserrature.it\/wp-content\/uploads\/2019\/02\/leva-gancio-SLED00023-img.jpg","type":"image\/jpeg"}],"twitter_card":"summary_large_image","twitter_misc":{"Dur\u00e9e de lecture estim\u00e9e":"1 minute"},"schema":{"@context":"https:\/\/schema.org","@graph":[{"@type":"WebPage","@id":"https:\/\/www.omrserrature.it\/fr\/produit\/cames-crochet\/","url":"https:\/\/www.omrserrature.it\/fr\/produit\/cames-crochet\/","name":"Cames plates \u00e0 crochet - OMR Serrature","isPartOf":{"@id":"https:\/\/www.omrserrature.it\/fr\/#website"},"primaryImageOfPage":{"@id":"https:\/\/www.omrserrature.it\/fr\/produit\/cames-crochet\/#primaryimage"},"image":{"@id":"https:\/\/www.omrserrature.it\/fr\/produit\/cames-crochet\/#primaryimage"},"thumbnailUrl":"https:\/\/www.omrserrature.it\/wp-content\/uploads\/2004\/12\/Leve-a-gancio-OMR_1.jpg","datePublished":"2017-12-04T10:16:28+00:00","dateModified":"2025-01-09T11:51:08+00:00","breadcrumb":{"@id":"https:\/\/www.omrserrature.it\/fr\/produit\/cames-crochet\/#breadcrumb"},"inLanguage":"fr-FR","potentialAction":[{"@type":"ReadAction","target":["https:\/\/www.omrserrature.it\/fr\/produit\/cames-crochet\/"]}]},{"@type":"ImageObject","inLanguage":"fr-FR","@id":"https:\/\/www.omrserrature.it\/fr\/produit\/cames-crochet\/#primaryimage","url":"https:\/\/www.omrserrature.it\/wp-content\/uploads\/2004\/12\/Leve-a-gancio-OMR_1.jpg","contentUrl":"https:\/\/www.omrserrature.it\/wp-content\/uploads\/2004\/12\/Leve-a-gancio-OMR_1.jpg","width":1000,"height":1000,"caption":"Leve dritte a gancio OMR. Per serrature universali per ante, cassetti, sportelli scorrevoli e a battente."},{"@type":"BreadcrumbList","@id":"https:\/\/www.omrserrature.it\/fr\/produit\/cames-crochet\/#breadcrumb","itemListElement":[{"@type":"ListItem","position":1,"name":"Home","item":"https:\/\/www.omrserrature.it\/fr\/omr-serrures-et-systemes-de-verrouillage\/"},{"@type":"ListItem","position":2,"name":"Catalogue","item":"https:\/\/www.omrserrature.it\/catalogue\/?lang=fr"},{"@type":"ListItem","position":3,"name":"Produits","item":"https:\/\/www.omrserrature.it\/fr\/catalogue\/produits\/"},{"@type":"ListItem","position":4,"name":"Accessoires et pi\u00e8ces d\u00e9tach\u00e9es","item":"https:\/\/www.omrserrature.it\/fr\/catalogue\/produits\/accessoires-et-pieces-detachees\/"},{"@type":"ListItem","position":5,"name":"Cames","item":"https:\/\/www.omrserrature.it\/fr\/catalogue\/produits\/accessoires-et-pieces-detachees\/cames\/"},{"@type":"ListItem","position":6,"name":"Cames crochet"}]},{"@type":"WebSite","@id":"https:\/\/www.omrserrature.it\/fr\/#website","url":"https:\/\/www.omrserrature.it\/fr\/","name":"OMR Serrature | Produzione sistemi di chiusura","description":"Produzione serrature di sicurezza e sistemi di chiusura","publisher":{"@id":"https:\/\/www.omrserrature.it\/fr\/#organization"},"potentialAction":[{"@type":"SearchAction","target":{"@type":"EntryPoint","urlTemplate":"https:\/\/www.omrserrature.it\/fr\/?s={search_term_string}"},"query-input":{"@type":"PropertyValueSpecification","valueRequired":true,"valueName":"search_term_string"}}],"inLanguage":"fr-FR"},{"@type":"Organization","@id":"https:\/\/www.omrserrature.it\/fr\/#organization","name":"OMR Serrature | Produzione sistemi di chiusura","url":"https:\/\/www.omrserrature.it\/fr\/","logo":{"@type":"ImageObject","inLanguage":"fr-FR","@id":"https:\/\/www.omrserrature.it\/fr\/#\/schema\/logo\/image\/","url":"https:\/\/www.omrserrature.it\/wp-content\/uploads\/2017\/09\/favicon-omr-114.png","contentUrl":"https:\/\/www.omrserrature.it\/wp-content\/uploads\/2017\/09\/favicon-omr-114.png","width":114,"height":114,"caption":"OMR Serrature | Produzione sistemi di chiusura"},"image":{"@id":"https:\/\/www.omrserrature.it\/fr\/#\/schema\/logo\/image\/"},"sameAs":["https:\/\/www.facebook.com\/OMRserrature","https:\/\/www.linkedin.com\/company\/omrserrature\/","https:\/\/www.youtube.com\/channel\/UCxmA85z2R0EpG_6IRokiAkg"]}]}},"_links":{"self":[{"href":"https:\/\/www.omrserrature.it\/fr\/wp-json\/wp\/v2\/product\/26049","targetHints":{"allow":["GET"]}}],"collection":[{"href":"https:\/\/www.omrserrature.it\/fr\/wp-json\/wp\/v2\/product"}],"about":[{"href":"https:\/\/www.omrserrature.it\/fr\/wp-json\/wp\/v2\/types\/product"}],"replies":[{"embeddable":true,"href":"https:\/\/www.omrserrature.it\/fr\/wp-json\/wp\/v2\/comments?post=26049"}],"wp:featuredmedia":[{"embeddable":true,"href":"https:\/\/www.omrserrature.it\/fr\/wp-json\/wp\/v2\/media\/28356"}],"wp:attachment":[{"href":"https:\/\/www.omrserrature.it\/fr\/wp-json\/wp\/v2\/media?parent=26049"}],"wp:term":[{"taxonomy":"product_brand","embeddable":true,"href":"https:\/\/www.omrserrature.it\/fr\/wp-json\/wp\/v2\/product_brand?post=26049"},{"taxonomy":"product_cat","embeddable":true,"href":"https:\/\/www.omrserrature.it\/fr\/wp-json\/wp\/v2\/product_cat?post=26049"},{"taxonomy":"product_tag","embeddable":true,"href":"https:\/\/www.omrserrature.it\/fr\/wp-json\/wp\/v2\/product_tag?post=26049"}],"curies":[{"name":"wp","href":"https:\/\/api.w.org\/{rel}","templated":true}]}}