{"id":26045,"date":"2017-10-12T17:02:14","date_gmt":"2012-10-17T15:02:00","guid":{"rendered":"https:\/\/www.staging6.omrserrature.it\/prodotto\/poignee-a-base-carree\/"},"modified":"2026-04-08T12:48:49","modified_gmt":"2026-04-08T10:48:49","slug":"poignee-a-base-carree","status":"publish","type":"product","link":"https:\/\/www.omrserrature.it\/fr\/produit\/poignee-a-base-carree\/","title":{"rendered":"Poign\u00e9e \u00e0 base carr\u00e9e"},"content":{"rendered":"<p><strong>La serrure \u00e0 base carr\u00e9e pour armoires<\/strong> se compose d&rsquo;un <strong>poign\u00e9e ergonomique<\/strong> en alliage d&rsquo;aluminium peint plac\u00e9 sur une base carr\u00e9e en plastique noir. <\/p>\n<p>Le cylindre est dot\u00e9 d&rsquo;une technologie \u00e0 lamelles qui offre un niveau de s\u00e9curit\u00e9 efficace et performant pour le type d&rsquo;application. Gr\u00e2ce au syst\u00e8me de <strong>fixation \u00ab\u00a0plug &amp; play\u00a0\u00bb<\/strong>, l&rsquo;installation de l&#8217;embo\u00eetement est tr\u00e8s rapide et garantit un gain de temps important dans le processus de production du mobilier. <\/p>\n<p>La poign\u00e9e \u00e0 base carr\u00e9e est une <strong>solution robuste<\/strong> qui garantit la durabilit\u00e9, car l&rsquo;effort de d\u00e9placement des diff\u00e9rents points de verrouillage est effectu\u00e9 par la poign\u00e9e et non par la cl\u00e9. Il peut \u00eatre utilis\u00e9 sur les <strong>portes battantes<\/strong> des meubles de balcon, des armoires polyvalentes habituellement utilis\u00e9es pour l&rsquo;am\u00e9nagement et le rangement d&rsquo;un balcon, d&rsquo;une terrasse, d&rsquo;un jardin, d&rsquo;un dessous d&rsquo;escalier, d&rsquo;une buanderie ou d&rsquo;une pi\u00e8ce de service. Id\u00e9al \u00e9galement pour les meubles de travail du m\u00e9tal, tant au bureau qu&rsquo;\u00e0 l&rsquo;atelier.<\/p>\n","protected":false},"excerpt":{"rendered":"<p>La <strong>serrure \u00e0 poign\u00e9e \u00e0 base carr\u00e9e<\/strong> se compose d&rsquo;une poign\u00e9e ergonomique en alliage d&rsquo;aluminium peint plac\u00e9e sur une base carr\u00e9e en plastique noir. La cl\u00e9 permet de d\u00e9verrouiller la serrure et de tourner la poign\u00e9e en actionnant un simple levier \u00e0 l&rsquo;int\u00e9rieur, ou un came \u00e0 deux points pour une fermeture <strong>multiple et centralis\u00e9e <\/strong>\u00e0 1, 2 ou 3 points (pour les armoires \u00e0 portes hautes avec serrures \u00e0 tringles tournantes ou pivotantes). <\/p>\n<p>Id\u00e9al pour les meubles de bureau et d&rsquo;atelier, mais aussi pour les armoires de balcon et d&rsquo;ext\u00e9rieur.<\/p>\n","protected":false},"featured_media":3486,"comment_status":"open","ping_status":"closed","template":"","meta":{"_acf_changed":false,"_et_pb_use_builder":"","_et_pb_old_content":"","_et_gb_content_width":""},"product_brand":[],"product_cat":[3756,3738,3757,3726,3753,3755,3640,3658,3659,3691,3723,3722,3710,3709,3714,3712,3704,3697,3690,3748],"product_tag":[],"class_list":{"0":"post-26045","1":"product","2":"type-product","3":"status-publish","4":"has-post-thumbnail","6":"product_cat-architecture-urbanisme-et-design","7":"product_cat-battant","8":"product_cat-bureaux","9":"product_cat-des-serrures-pour-des-serrures","10":"product_cat-education-et-culture","11":"product_cat-hopitaux-et-soins-de-sante","12":"product_cat-poignees-et-boutons","13":"product_cat-serrures-a-passe-partout","14":"product_cat-serrures-avec-poignee-tournante","15":"product_cat-serrures-darmoires","16":"product_cat-serrures-de-panneaux","17":"product_cat-serrures-de-portes","18":"product_cat-serrures-pour-armoires-a-epi","19":"product_cat-serrures-pour-armoires-a-substances-dangereuses","20":"product_cat-serrures-pour-armoires-industrielles","21":"product_cat-serrures-pour-casiers-a-skis","22":"product_cat-serrures-pour-lindustrie-electromecanique","23":"product_cat-serrures-pour-meubles","24":"product_cat-serrures-professionnelles-pour-meubles","25":"product_cat-systemes-de-fermeture-pour-lindustrie","27":"first","28":"instock","29":"shipping-taxable","30":"purchasable","31":"product-type-variable","32":"has-default-attributes"},"acf":{"pdf1":"https:\/\/www.omrserrature.it\/wp-content\/uploads\/schede\/Scheda_165627.pdf"},"yoast_head":"<!-- This site is optimized with the Yoast SEO plugin v27.2 - https:\/\/yoast.com\/product\/yoast-seo-wordpress\/ -->\n<title>Poign\u00e9e \u00e0 base carr\u00e9e - OMR Serrature<\/title>\n<meta name=\"robots\" content=\"index, follow, max-snippet:-1, max-image-preview:large, max-video-preview:-1\" \/>\n<link rel=\"canonical\" href=\"https:\/\/www.omrserrature.it\/fr\/produit\/poignee-a-base-carree\/\" \/>\n<meta property=\"og:locale\" content=\"fr_FR\" \/>\n<meta property=\"og:type\" content=\"article\" \/>\n<meta property=\"og:title\" content=\"Poign\u00e9e \u00e0 base carr\u00e9e - OMR Serrature\" \/>\n<meta property=\"og:description\" content=\"La serrure \u00e0 poign\u00e9e \u00e0 base carr\u00e9e se compose d&#039;une poign\u00e9e ergonomique en alliage d&#039;aluminium peint plac\u00e9e sur une base carr\u00e9e en plastique noir. La cl\u00e9 permet de d\u00e9verrouiller la serrure et de tourner la poign\u00e9e en actionnant un simple levier \u00e0 l&#039;int\u00e9rieur, ou un came \u00e0 deux points pour une fermeture multiple et centralis\u00e9e \u00e0 1, 2 ou 3 points (pour les armoires \u00e0 portes hautes avec serrures \u00e0 tringles tournantes ou pivotantes).  Id\u00e9al pour les meubles de bureau et d&#039;atelier, mais aussi pour les armoires de balcon et d&#039;ext\u00e9rieur.\" \/>\n<meta property=\"og:url\" content=\"https:\/\/www.omrserrature.it\/fr\/produit\/poignee-a-base-carree\/\" \/>\n<meta property=\"og:site_name\" content=\"OMR Serrature | Produzione sistemi di chiusura\" \/>\n<meta property=\"article:publisher\" content=\"https:\/\/www.facebook.com\/OMRserrature\" \/>\n<meta property=\"article:modified_time\" content=\"2026-04-08T10:48:49+00:00\" \/>\n<meta property=\"og:image\" content=\"https:\/\/www.omrserrature.it\/wp-content\/uploads\/2017\/10\/maniglia-base-quadra.jpg\" \/>\n\t<meta property=\"og:image:width\" content=\"499\" \/>\n\t<meta property=\"og:image:height\" content=\"481\" \/>\n\t<meta property=\"og:image:type\" content=\"image\/jpeg\" \/>\n<meta name=\"twitter:card\" content=\"summary_large_image\" \/>\n<meta name=\"twitter:label1\" content=\"Dur\u00e9e de lecture estim\u00e9e\" \/>\n\t<meta name=\"twitter:data1\" content=\"1 minute\" \/>\n<script type=\"application\/ld+json\" class=\"yoast-schema-graph\">{\"@context\":\"https:\/\/schema.org\",\"@graph\":[{\"@type\":\"WebPage\",\"@id\":\"https:\/\/www.omrserrature.it\/fr\/produit\/poignee-a-base-carree\/\",\"url\":\"https:\/\/www.omrserrature.it\/fr\/produit\/poignee-a-base-carree\/\",\"name\":\"Poign\u00e9e \u00e0 base carr\u00e9e - OMR Serrature\",\"isPartOf\":{\"@id\":\"https:\/\/www.omrserrature.it\/fr\/#website\"},\"primaryImageOfPage\":{\"@id\":\"https:\/\/www.omrserrature.it\/fr\/produit\/poignee-a-base-carree\/#primaryimage\"},\"image\":{\"@id\":\"https:\/\/www.omrserrature.it\/fr\/produit\/poignee-a-base-carree\/#primaryimage\"},\"thumbnailUrl\":\"https:\/\/www.omrserrature.it\/wp-content\/uploads\/2017\/10\/maniglia-base-quadra.jpg\",\"datePublished\":\"2012-10-17T15:02:00+00:00\",\"dateModified\":\"2026-04-08T10:48:49+00:00\",\"breadcrumb\":{\"@id\":\"https:\/\/www.omrserrature.it\/fr\/produit\/poignee-a-base-carree\/#breadcrumb\"},\"inLanguage\":\"fr-FR\",\"potentialAction\":[{\"@type\":\"ReadAction\",\"target\":[\"https:\/\/www.omrserrature.it\/fr\/produit\/poignee-a-base-carree\/\"]}]},{\"@type\":\"ImageObject\",\"inLanguage\":\"fr-FR\",\"@id\":\"https:\/\/www.omrserrature.it\/fr\/produit\/poignee-a-base-carree\/#primaryimage\",\"url\":\"https:\/\/www.omrserrature.it\/wp-content\/uploads\/2017\/10\/maniglia-base-quadra.jpg\",\"contentUrl\":\"https:\/\/www.omrserrature.it\/wp-content\/uploads\/2017\/10\/maniglia-base-quadra.jpg\",\"width\":499,\"height\":481,\"caption\":\"Serrure \u00e0 tringles avec poign\u00e9e de base carr\u00e9e en plastique\"},{\"@type\":\"BreadcrumbList\",\"@id\":\"https:\/\/www.omrserrature.it\/fr\/produit\/poignee-a-base-carree\/#breadcrumb\",\"itemListElement\":[{\"@type\":\"ListItem\",\"position\":1,\"name\":\"Home\",\"item\":\"https:\/\/www.omrserrature.it\/fr\/omr-serrures-et-systemes-de-verrouillage\/\"},{\"@type\":\"ListItem\",\"position\":2,\"name\":\"Catalogue\",\"item\":\"https:\/\/www.omrserrature.it\/catalogue\/?lang=fr\"},{\"@type\":\"ListItem\",\"position\":3,\"name\":\"Applications\",\"item\":\"https:\/\/www.omrserrature.it\/fr\/catalogue\/applications\/\"},{\"@type\":\"ListItem\",\"position\":4,\"name\":\"Serrures pour meubles\",\"item\":\"https:\/\/www.omrserrature.it\/fr\/catalogue\/applications\/serrures-pour-meubles\/\"},{\"@type\":\"ListItem\",\"position\":5,\"name\":\"Serrures de panneaux\",\"item\":\"https:\/\/www.omrserrature.it\/fr\/catalogue\/applications\/serrures-pour-meubles\/serrures-de-panneaux\/\"},{\"@type\":\"ListItem\",\"position\":6,\"name\":\"Battant\",\"item\":\"https:\/\/www.omrserrature.it\/fr\/catalogue\/applications\/serrures-pour-meubles\/serrures-de-panneaux\/battant\/\"},{\"@type\":\"ListItem\",\"position\":7,\"name\":\"Poign\u00e9e \u00e0 base carr\u00e9e\"}]},{\"@type\":\"WebSite\",\"@id\":\"https:\/\/www.omrserrature.it\/fr\/#website\",\"url\":\"https:\/\/www.omrserrature.it\/fr\/\",\"name\":\"OMR Serrature | Produzione sistemi di chiusura\",\"description\":\"Produzione serrature di sicurezza e sistemi di chiusura\",\"publisher\":{\"@id\":\"https:\/\/www.omrserrature.it\/fr\/#organization\"},\"potentialAction\":[{\"@type\":\"SearchAction\",\"target\":{\"@type\":\"EntryPoint\",\"urlTemplate\":\"https:\/\/www.omrserrature.it\/fr\/?s={search_term_string}\"},\"query-input\":{\"@type\":\"PropertyValueSpecification\",\"valueRequired\":true,\"valueName\":\"search_term_string\"}}],\"inLanguage\":\"fr-FR\"},{\"@type\":\"Organization\",\"@id\":\"https:\/\/www.omrserrature.it\/fr\/#organization\",\"name\":\"OMR Serrature | Produzione sistemi di chiusura\",\"url\":\"https:\/\/www.omrserrature.it\/fr\/\",\"logo\":{\"@type\":\"ImageObject\",\"inLanguage\":\"fr-FR\",\"@id\":\"https:\/\/www.omrserrature.it\/fr\/#\/schema\/logo\/image\/\",\"url\":\"https:\/\/www.omrserrature.it\/wp-content\/uploads\/2017\/09\/favicon-omr-114.png\",\"contentUrl\":\"https:\/\/www.omrserrature.it\/wp-content\/uploads\/2017\/09\/favicon-omr-114.png\",\"width\":114,\"height\":114,\"caption\":\"OMR Serrature | Produzione sistemi di chiusura\"},\"image\":{\"@id\":\"https:\/\/www.omrserrature.it\/fr\/#\/schema\/logo\/image\/\"},\"sameAs\":[\"https:\/\/www.facebook.com\/OMRserrature\",\"https:\/\/www.linkedin.com\/company\/omrserrature\/\",\"https:\/\/www.youtube.com\/channel\/UCxmA85z2R0EpG_6IRokiAkg\"]}]}<\/script>\n<!-- \/ Yoast SEO plugin. -->","yoast_head_json":{"title":"Poign\u00e9e \u00e0 base carr\u00e9e - OMR Serrature","robots":{"index":"index","follow":"follow","max-snippet":"max-snippet:-1","max-image-preview":"max-image-preview:large","max-video-preview":"max-video-preview:-1"},"canonical":"https:\/\/www.omrserrature.it\/fr\/produit\/poignee-a-base-carree\/","og_locale":"fr_FR","og_type":"article","og_title":"Poign\u00e9e \u00e0 base carr\u00e9e - OMR Serrature","og_description":"La serrure \u00e0 poign\u00e9e \u00e0 base carr\u00e9e se compose d'une poign\u00e9e ergonomique en alliage d'aluminium peint plac\u00e9e sur une base carr\u00e9e en plastique noir. La cl\u00e9 permet de d\u00e9verrouiller la serrure et de tourner la poign\u00e9e en actionnant un simple levier \u00e0 l'int\u00e9rieur, ou un came \u00e0 deux points pour une fermeture multiple et centralis\u00e9e \u00e0 1, 2 ou 3 points (pour les armoires \u00e0 portes hautes avec serrures \u00e0 tringles tournantes ou pivotantes).  Id\u00e9al pour les meubles de bureau et d'atelier, mais aussi pour les armoires de balcon et d'ext\u00e9rieur.","og_url":"https:\/\/www.omrserrature.it\/fr\/produit\/poignee-a-base-carree\/","og_site_name":"OMR Serrature | Produzione sistemi di chiusura","article_publisher":"https:\/\/www.facebook.com\/OMRserrature","article_modified_time":"2026-04-08T10:48:49+00:00","og_image":[{"width":499,"height":481,"url":"https:\/\/www.omrserrature.it\/wp-content\/uploads\/2017\/10\/maniglia-base-quadra.jpg","type":"image\/jpeg"}],"twitter_card":"summary_large_image","twitter_misc":{"Dur\u00e9e de lecture estim\u00e9e":"1 minute"},"schema":{"@context":"https:\/\/schema.org","@graph":[{"@type":"WebPage","@id":"https:\/\/www.omrserrature.it\/fr\/produit\/poignee-a-base-carree\/","url":"https:\/\/www.omrserrature.it\/fr\/produit\/poignee-a-base-carree\/","name":"Poign\u00e9e \u00e0 base carr\u00e9e - OMR Serrature","isPartOf":{"@id":"https:\/\/www.omrserrature.it\/fr\/#website"},"primaryImageOfPage":{"@id":"https:\/\/www.omrserrature.it\/fr\/produit\/poignee-a-base-carree\/#primaryimage"},"image":{"@id":"https:\/\/www.omrserrature.it\/fr\/produit\/poignee-a-base-carree\/#primaryimage"},"thumbnailUrl":"https:\/\/www.omrserrature.it\/wp-content\/uploads\/2017\/10\/maniglia-base-quadra.jpg","datePublished":"2012-10-17T15:02:00+00:00","dateModified":"2026-04-08T10:48:49+00:00","breadcrumb":{"@id":"https:\/\/www.omrserrature.it\/fr\/produit\/poignee-a-base-carree\/#breadcrumb"},"inLanguage":"fr-FR","potentialAction":[{"@type":"ReadAction","target":["https:\/\/www.omrserrature.it\/fr\/produit\/poignee-a-base-carree\/"]}]},{"@type":"ImageObject","inLanguage":"fr-FR","@id":"https:\/\/www.omrserrature.it\/fr\/produit\/poignee-a-base-carree\/#primaryimage","url":"https:\/\/www.omrserrature.it\/wp-content\/uploads\/2017\/10\/maniglia-base-quadra.jpg","contentUrl":"https:\/\/www.omrserrature.it\/wp-content\/uploads\/2017\/10\/maniglia-base-quadra.jpg","width":499,"height":481,"caption":"Serrure \u00e0 tringles avec poign\u00e9e de base carr\u00e9e en plastique"},{"@type":"BreadcrumbList","@id":"https:\/\/www.omrserrature.it\/fr\/produit\/poignee-a-base-carree\/#breadcrumb","itemListElement":[{"@type":"ListItem","position":1,"name":"Home","item":"https:\/\/www.omrserrature.it\/fr\/omr-serrures-et-systemes-de-verrouillage\/"},{"@type":"ListItem","position":2,"name":"Catalogue","item":"https:\/\/www.omrserrature.it\/catalogue\/?lang=fr"},{"@type":"ListItem","position":3,"name":"Applications","item":"https:\/\/www.omrserrature.it\/fr\/catalogue\/applications\/"},{"@type":"ListItem","position":4,"name":"Serrures pour meubles","item":"https:\/\/www.omrserrature.it\/fr\/catalogue\/applications\/serrures-pour-meubles\/"},{"@type":"ListItem","position":5,"name":"Serrures de panneaux","item":"https:\/\/www.omrserrature.it\/fr\/catalogue\/applications\/serrures-pour-meubles\/serrures-de-panneaux\/"},{"@type":"ListItem","position":6,"name":"Battant","item":"https:\/\/www.omrserrature.it\/fr\/catalogue\/applications\/serrures-pour-meubles\/serrures-de-panneaux\/battant\/"},{"@type":"ListItem","position":7,"name":"Poign\u00e9e \u00e0 base carr\u00e9e"}]},{"@type":"WebSite","@id":"https:\/\/www.omrserrature.it\/fr\/#website","url":"https:\/\/www.omrserrature.it\/fr\/","name":"OMR Serrature | Produzione sistemi di chiusura","description":"Produzione serrature di sicurezza e sistemi di chiusura","publisher":{"@id":"https:\/\/www.omrserrature.it\/fr\/#organization"},"potentialAction":[{"@type":"SearchAction","target":{"@type":"EntryPoint","urlTemplate":"https:\/\/www.omrserrature.it\/fr\/?s={search_term_string}"},"query-input":{"@type":"PropertyValueSpecification","valueRequired":true,"valueName":"search_term_string"}}],"inLanguage":"fr-FR"},{"@type":"Organization","@id":"https:\/\/www.omrserrature.it\/fr\/#organization","name":"OMR Serrature | Produzione sistemi di chiusura","url":"https:\/\/www.omrserrature.it\/fr\/","logo":{"@type":"ImageObject","inLanguage":"fr-FR","@id":"https:\/\/www.omrserrature.it\/fr\/#\/schema\/logo\/image\/","url":"https:\/\/www.omrserrature.it\/wp-content\/uploads\/2017\/09\/favicon-omr-114.png","contentUrl":"https:\/\/www.omrserrature.it\/wp-content\/uploads\/2017\/09\/favicon-omr-114.png","width":114,"height":114,"caption":"OMR Serrature | Produzione sistemi di chiusura"},"image":{"@id":"https:\/\/www.omrserrature.it\/fr\/#\/schema\/logo\/image\/"},"sameAs":["https:\/\/www.facebook.com\/OMRserrature","https:\/\/www.linkedin.com\/company\/omrserrature\/","https:\/\/www.youtube.com\/channel\/UCxmA85z2R0EpG_6IRokiAkg"]}]}},"_links":{"self":[{"href":"https:\/\/www.omrserrature.it\/fr\/wp-json\/wp\/v2\/product\/26045","targetHints":{"allow":["GET"]}}],"collection":[{"href":"https:\/\/www.omrserrature.it\/fr\/wp-json\/wp\/v2\/product"}],"about":[{"href":"https:\/\/www.omrserrature.it\/fr\/wp-json\/wp\/v2\/types\/product"}],"replies":[{"embeddable":true,"href":"https:\/\/www.omrserrature.it\/fr\/wp-json\/wp\/v2\/comments?post=26045"}],"wp:featuredmedia":[{"embeddable":true,"href":"https:\/\/www.omrserrature.it\/fr\/wp-json\/wp\/v2\/media\/3486"}],"wp:attachment":[{"href":"https:\/\/www.omrserrature.it\/fr\/wp-json\/wp\/v2\/media?parent=26045"}],"wp:term":[{"taxonomy":"product_brand","embeddable":true,"href":"https:\/\/www.omrserrature.it\/fr\/wp-json\/wp\/v2\/product_brand?post=26045"},{"taxonomy":"product_cat","embeddable":true,"href":"https:\/\/www.omrserrature.it\/fr\/wp-json\/wp\/v2\/product_cat?post=26045"},{"taxonomy":"product_tag","embeddable":true,"href":"https:\/\/www.omrserrature.it\/fr\/wp-json\/wp\/v2\/product_tag?post=26045"}],"curies":[{"name":"wp","href":"https:\/\/api.w.org\/{rel}","templated":true}]}}