{"id":26042,"date":"2017-10-12T16:40:52","date_gmt":"2012-10-17T14:40:00","guid":{"rendered":"https:\/\/www.staging6.omrserrature.it\/prodotto\/poignee-chromee\/"},"modified":"2026-04-08T12:47:18","modified_gmt":"2026-04-08T10:47:18","slug":"poignee-chromee","status":"publish","type":"product","link":"https:\/\/www.omrserrature.it\/fr\/produit\/poignee-chromee\/","title":{"rendered":"Poign\u00e9e chrom\u00e9e"},"content":{"rendered":"<p>En tournant, la <strong>poign\u00e9e Poign\u00e9e T<\/strong> d\u00e9place le levier ou les tringles verticales, ce qui permet d&rsquo;ouvrir ou de fermer le panneau. La poign\u00e9e, avec sa prise ergonomique, est fabriqu\u00e9e en m\u00e9tal moul\u00e9 sous pression et est finie en <strong>alliage de zinc chrom\u00e9<\/strong>. Le terminal permet \u00e9galement l&rsquo;installation de divers <strong>cames droites, coud\u00e9es ou \u00e0 crochet <\/strong>, ainsi que de <strong>tringles multipoints<\/strong>.  <\/p>\n<p>La poign\u00e9e <strong>peut \u00e9galement \u00eatre r\u00e9alis\u00e9e en technopolym\u00e8re<\/strong>, un \u00ab\u00a0plastique m\u00e9tallique\u00a0\u00bb sp\u00e9cial qui garantit des performances m\u00e9caniques \u00e9quivalentes \u00e0 celles de l&rsquo;alliage d&rsquo;aluminium, une r\u00e9sistance aux agents atmosph\u00e9riques et \u00e0 la corrosion, ainsi qu&rsquo;une int\u00e9gration parfaite au produit fini, gr\u00e2ce \u00e0 la vaste gamme de couleurs disponibles.<\/p>\n<p>La <strong>poign\u00e9e en T <\/strong>peut \u00eatre appliqu\u00e9e aux armoires \u00e9lectriques, aux armoires m\u00e9talliques contenant des r\u00e9servoirs, aux trappes tout-terrain, aux machines industrielles, aux portes \u00e0 clapet ou aux bo\u00eetes en acier.<\/p>\n","protected":false},"excerpt":{"rendered":"<p>En tournant, la<strong> serrure \u00e0 poign\u00e9e<\/strong> d\u00e9place le levier ou les Tringles verticales, permettant l&rsquo;ouverture ou la Serrure de la porte. La poign\u00e9e, avec sa prise ergonomique, est fabriqu\u00e9e en m\u00e9tal moul\u00e9 sous pression et finie en <strong>alliage de zinc chrom\u00e9<\/strong>. <\/p>\n","protected":false},"featured_media":3498,"comment_status":"open","ping_status":"closed","template":"","meta":{"_acf_changed":false,"_et_pb_use_builder":"","_et_pb_old_content":"","_et_gb_content_width":""},"product_brand":[],"product_cat":[3751,3640,3737,3658,3659,3722,3689,3704,3702,3701,3748],"product_tag":[],"class_list":{"0":"post-26042","1":"product","2":"type-product","3":"status-publish","4":"has-post-thumbnail","6":"product_cat-automatisation-et-domotique","7":"product_cat-poignees-et-boutons","8":"product_cat-serrure-de-bateau","9":"product_cat-serrures-a-passe-partout","10":"product_cat-serrures-avec-poignee-tournante","11":"product_cat-serrures-de-portes","12":"product_cat-serrures-pour-armoires-electriques","13":"product_cat-serrures-pour-lindustrie-electromecanique","14":"product_cat-serrures-pour-les-portes-des-panneaux-lateraux","15":"product_cat-serrures-pour-portes-darmoires-frontales","16":"product_cat-systemes-de-fermeture-pour-lindustrie","18":"first","19":"instock","20":"shipping-taxable","21":"product-type-simple"},"acf":{"pdf1":"https:\/\/www.omrserrature.it\/wp-content\/uploads\/schede\/Scheda_220054.pdf"},"yoast_head":"<!-- This site is optimized with the Yoast SEO plugin v27.2 - https:\/\/yoast.com\/product\/yoast-seo-wordpress\/ -->\n<title>Poign\u00e9e chrom\u00e9e - OMR Serrature<\/title>\n<meta name=\"robots\" content=\"index, follow, max-snippet:-1, max-image-preview:large, max-video-preview:-1\" \/>\n<link rel=\"canonical\" href=\"https:\/\/www.omrserrature.it\/fr\/produit\/poignee-chromee\/\" \/>\n<meta property=\"og:locale\" content=\"fr_FR\" \/>\n<meta property=\"og:type\" content=\"article\" \/>\n<meta property=\"og:title\" content=\"Poign\u00e9e chrom\u00e9e - OMR Serrature\" \/>\n<meta property=\"og:description\" content=\"En tournant, la serrure \u00e0 poign\u00e9e d\u00e9place le levier ou les Tringles verticales, permettant l&#039;ouverture ou la Serrure de la porte. La poign\u00e9e, avec sa prise ergonomique, est fabriqu\u00e9e en m\u00e9tal moul\u00e9 sous pression et finie en alliage de zinc chrom\u00e9.\" \/>\n<meta property=\"og:url\" content=\"https:\/\/www.omrserrature.it\/fr\/produit\/poignee-chromee\/\" \/>\n<meta property=\"og:site_name\" content=\"OMR Serrature | Produzione sistemi di chiusura\" \/>\n<meta property=\"article:publisher\" content=\"https:\/\/www.facebook.com\/OMRserrature\" \/>\n<meta property=\"article:modified_time\" content=\"2026-04-08T10:47:18+00:00\" \/>\n<meta property=\"og:image\" content=\"https:\/\/www.omrserrature.it\/wp-content\/uploads\/2017\/10\/maniglia-cromata.jpg\" \/>\n\t<meta property=\"og:image:width\" content=\"668\" \/>\n\t<meta property=\"og:image:height\" content=\"454\" \/>\n\t<meta property=\"og:image:type\" content=\"image\/jpeg\" \/>\n<meta name=\"twitter:card\" content=\"summary_large_image\" \/>\n<meta name=\"twitter:label1\" content=\"Dur\u00e9e de lecture estim\u00e9e\" \/>\n\t<meta name=\"twitter:data1\" content=\"1 minute\" \/>\n<script type=\"application\/ld+json\" class=\"yoast-schema-graph\">{\"@context\":\"https:\/\/schema.org\",\"@graph\":[{\"@type\":\"WebPage\",\"@id\":\"https:\/\/www.omrserrature.it\/fr\/produit\/poignee-chromee\/\",\"url\":\"https:\/\/www.omrserrature.it\/fr\/produit\/poignee-chromee\/\",\"name\":\"Poign\u00e9e chrom\u00e9e - OMR Serrature\",\"isPartOf\":{\"@id\":\"https:\/\/www.omrserrature.it\/fr\/#website\"},\"primaryImageOfPage\":{\"@id\":\"https:\/\/www.omrserrature.it\/fr\/produit\/poignee-chromee\/#primaryimage\"},\"image\":{\"@id\":\"https:\/\/www.omrserrature.it\/fr\/produit\/poignee-chromee\/#primaryimage\"},\"thumbnailUrl\":\"https:\/\/www.omrserrature.it\/wp-content\/uploads\/2017\/10\/maniglia-cromata.jpg\",\"datePublished\":\"2012-10-17T14:40:00+00:00\",\"dateModified\":\"2026-04-08T10:47:18+00:00\",\"breadcrumb\":{\"@id\":\"https:\/\/www.omrserrature.it\/fr\/produit\/poignee-chromee\/#breadcrumb\"},\"inLanguage\":\"fr-FR\",\"potentialAction\":[{\"@type\":\"ReadAction\",\"target\":[\"https:\/\/www.omrserrature.it\/fr\/produit\/poignee-chromee\/\"]}]},{\"@type\":\"ImageObject\",\"inLanguage\":\"fr-FR\",\"@id\":\"https:\/\/www.omrserrature.it\/fr\/produit\/poignee-chromee\/#primaryimage\",\"url\":\"https:\/\/www.omrserrature.it\/wp-content\/uploads\/2017\/10\/maniglia-cromata.jpg\",\"contentUrl\":\"https:\/\/www.omrserrature.it\/wp-content\/uploads\/2017\/10\/maniglia-cromata.jpg\",\"width\":668,\"height\":454,\"caption\":\"Poign\u00e9e en T avec Poign\u00e9e T - chrom\u00e9e sans serrure\"},{\"@type\":\"BreadcrumbList\",\"@id\":\"https:\/\/www.omrserrature.it\/fr\/produit\/poignee-chromee\/#breadcrumb\",\"itemListElement\":[{\"@type\":\"ListItem\",\"position\":1,\"name\":\"Home\",\"item\":\"https:\/\/www.omrserrature.it\/fr\/omr-serrures-et-systemes-de-verrouillage\/\"},{\"@type\":\"ListItem\",\"position\":2,\"name\":\"Catalogue\",\"item\":\"https:\/\/www.omrserrature.it\/catalogue\/?lang=fr\"},{\"@type\":\"ListItem\",\"position\":3,\"name\":\"Produits\",\"item\":\"https:\/\/www.omrserrature.it\/fr\/catalogue\/produits\/\"},{\"@type\":\"ListItem\",\"position\":4,\"name\":\"Serrures\",\"item\":\"https:\/\/www.omrserrature.it\/fr\/catalogue\/produits\/serrures\/\"},{\"@type\":\"ListItem\",\"position\":5,\"name\":\"Poign\u00e9es et boutons\",\"item\":\"https:\/\/www.omrserrature.it\/fr\/catalogue\/produits\/serrures\/poignees-et-boutons\/\"},{\"@type\":\"ListItem\",\"position\":6,\"name\":\"Poign\u00e9e chrom\u00e9e\"}]},{\"@type\":\"WebSite\",\"@id\":\"https:\/\/www.omrserrature.it\/fr\/#website\",\"url\":\"https:\/\/www.omrserrature.it\/fr\/\",\"name\":\"OMR Serrature | Produzione sistemi di chiusura\",\"description\":\"Produzione serrature di sicurezza e sistemi di chiusura\",\"publisher\":{\"@id\":\"https:\/\/www.omrserrature.it\/fr\/#organization\"},\"potentialAction\":[{\"@type\":\"SearchAction\",\"target\":{\"@type\":\"EntryPoint\",\"urlTemplate\":\"https:\/\/www.omrserrature.it\/fr\/?s={search_term_string}\"},\"query-input\":{\"@type\":\"PropertyValueSpecification\",\"valueRequired\":true,\"valueName\":\"search_term_string\"}}],\"inLanguage\":\"fr-FR\"},{\"@type\":\"Organization\",\"@id\":\"https:\/\/www.omrserrature.it\/fr\/#organization\",\"name\":\"OMR Serrature | Produzione sistemi di chiusura\",\"url\":\"https:\/\/www.omrserrature.it\/fr\/\",\"logo\":{\"@type\":\"ImageObject\",\"inLanguage\":\"fr-FR\",\"@id\":\"https:\/\/www.omrserrature.it\/fr\/#\/schema\/logo\/image\/\",\"url\":\"https:\/\/www.omrserrature.it\/wp-content\/uploads\/2017\/09\/favicon-omr-114.png\",\"contentUrl\":\"https:\/\/www.omrserrature.it\/wp-content\/uploads\/2017\/09\/favicon-omr-114.png\",\"width\":114,\"height\":114,\"caption\":\"OMR Serrature | Produzione sistemi di chiusura\"},\"image\":{\"@id\":\"https:\/\/www.omrserrature.it\/fr\/#\/schema\/logo\/image\/\"},\"sameAs\":[\"https:\/\/www.facebook.com\/OMRserrature\",\"https:\/\/www.linkedin.com\/company\/omrserrature\/\",\"https:\/\/www.youtube.com\/channel\/UCxmA85z2R0EpG_6IRokiAkg\"]}]}<\/script>\n<!-- \/ Yoast SEO plugin. -->","yoast_head_json":{"title":"Poign\u00e9e chrom\u00e9e - OMR Serrature","robots":{"index":"index","follow":"follow","max-snippet":"max-snippet:-1","max-image-preview":"max-image-preview:large","max-video-preview":"max-video-preview:-1"},"canonical":"https:\/\/www.omrserrature.it\/fr\/produit\/poignee-chromee\/","og_locale":"fr_FR","og_type":"article","og_title":"Poign\u00e9e chrom\u00e9e - OMR Serrature","og_description":"En tournant, la serrure \u00e0 poign\u00e9e d\u00e9place le levier ou les Tringles verticales, permettant l'ouverture ou la Serrure de la porte. La poign\u00e9e, avec sa prise ergonomique, est fabriqu\u00e9e en m\u00e9tal moul\u00e9 sous pression et finie en alliage de zinc chrom\u00e9.","og_url":"https:\/\/www.omrserrature.it\/fr\/produit\/poignee-chromee\/","og_site_name":"OMR Serrature | Produzione sistemi di chiusura","article_publisher":"https:\/\/www.facebook.com\/OMRserrature","article_modified_time":"2026-04-08T10:47:18+00:00","og_image":[{"width":668,"height":454,"url":"https:\/\/www.omrserrature.it\/wp-content\/uploads\/2017\/10\/maniglia-cromata.jpg","type":"image\/jpeg"}],"twitter_card":"summary_large_image","twitter_misc":{"Dur\u00e9e de lecture estim\u00e9e":"1 minute"},"schema":{"@context":"https:\/\/schema.org","@graph":[{"@type":"WebPage","@id":"https:\/\/www.omrserrature.it\/fr\/produit\/poignee-chromee\/","url":"https:\/\/www.omrserrature.it\/fr\/produit\/poignee-chromee\/","name":"Poign\u00e9e chrom\u00e9e - OMR Serrature","isPartOf":{"@id":"https:\/\/www.omrserrature.it\/fr\/#website"},"primaryImageOfPage":{"@id":"https:\/\/www.omrserrature.it\/fr\/produit\/poignee-chromee\/#primaryimage"},"image":{"@id":"https:\/\/www.omrserrature.it\/fr\/produit\/poignee-chromee\/#primaryimage"},"thumbnailUrl":"https:\/\/www.omrserrature.it\/wp-content\/uploads\/2017\/10\/maniglia-cromata.jpg","datePublished":"2012-10-17T14:40:00+00:00","dateModified":"2026-04-08T10:47:18+00:00","breadcrumb":{"@id":"https:\/\/www.omrserrature.it\/fr\/produit\/poignee-chromee\/#breadcrumb"},"inLanguage":"fr-FR","potentialAction":[{"@type":"ReadAction","target":["https:\/\/www.omrserrature.it\/fr\/produit\/poignee-chromee\/"]}]},{"@type":"ImageObject","inLanguage":"fr-FR","@id":"https:\/\/www.omrserrature.it\/fr\/produit\/poignee-chromee\/#primaryimage","url":"https:\/\/www.omrserrature.it\/wp-content\/uploads\/2017\/10\/maniglia-cromata.jpg","contentUrl":"https:\/\/www.omrserrature.it\/wp-content\/uploads\/2017\/10\/maniglia-cromata.jpg","width":668,"height":454,"caption":"Poign\u00e9e en T avec Poign\u00e9e T - chrom\u00e9e sans serrure"},{"@type":"BreadcrumbList","@id":"https:\/\/www.omrserrature.it\/fr\/produit\/poignee-chromee\/#breadcrumb","itemListElement":[{"@type":"ListItem","position":1,"name":"Home","item":"https:\/\/www.omrserrature.it\/fr\/omr-serrures-et-systemes-de-verrouillage\/"},{"@type":"ListItem","position":2,"name":"Catalogue","item":"https:\/\/www.omrserrature.it\/catalogue\/?lang=fr"},{"@type":"ListItem","position":3,"name":"Produits","item":"https:\/\/www.omrserrature.it\/fr\/catalogue\/produits\/"},{"@type":"ListItem","position":4,"name":"Serrures","item":"https:\/\/www.omrserrature.it\/fr\/catalogue\/produits\/serrures\/"},{"@type":"ListItem","position":5,"name":"Poign\u00e9es et boutons","item":"https:\/\/www.omrserrature.it\/fr\/catalogue\/produits\/serrures\/poignees-et-boutons\/"},{"@type":"ListItem","position":6,"name":"Poign\u00e9e chrom\u00e9e"}]},{"@type":"WebSite","@id":"https:\/\/www.omrserrature.it\/fr\/#website","url":"https:\/\/www.omrserrature.it\/fr\/","name":"OMR Serrature | Produzione sistemi di chiusura","description":"Produzione serrature di sicurezza e sistemi di chiusura","publisher":{"@id":"https:\/\/www.omrserrature.it\/fr\/#organization"},"potentialAction":[{"@type":"SearchAction","target":{"@type":"EntryPoint","urlTemplate":"https:\/\/www.omrserrature.it\/fr\/?s={search_term_string}"},"query-input":{"@type":"PropertyValueSpecification","valueRequired":true,"valueName":"search_term_string"}}],"inLanguage":"fr-FR"},{"@type":"Organization","@id":"https:\/\/www.omrserrature.it\/fr\/#organization","name":"OMR Serrature | Produzione sistemi di chiusura","url":"https:\/\/www.omrserrature.it\/fr\/","logo":{"@type":"ImageObject","inLanguage":"fr-FR","@id":"https:\/\/www.omrserrature.it\/fr\/#\/schema\/logo\/image\/","url":"https:\/\/www.omrserrature.it\/wp-content\/uploads\/2017\/09\/favicon-omr-114.png","contentUrl":"https:\/\/www.omrserrature.it\/wp-content\/uploads\/2017\/09\/favicon-omr-114.png","width":114,"height":114,"caption":"OMR Serrature | Produzione sistemi di chiusura"},"image":{"@id":"https:\/\/www.omrserrature.it\/fr\/#\/schema\/logo\/image\/"},"sameAs":["https:\/\/www.facebook.com\/OMRserrature","https:\/\/www.linkedin.com\/company\/omrserrature\/","https:\/\/www.youtube.com\/channel\/UCxmA85z2R0EpG_6IRokiAkg"]}]}},"_links":{"self":[{"href":"https:\/\/www.omrserrature.it\/fr\/wp-json\/wp\/v2\/product\/26042","targetHints":{"allow":["GET"]}}],"collection":[{"href":"https:\/\/www.omrserrature.it\/fr\/wp-json\/wp\/v2\/product"}],"about":[{"href":"https:\/\/www.omrserrature.it\/fr\/wp-json\/wp\/v2\/types\/product"}],"replies":[{"embeddable":true,"href":"https:\/\/www.omrserrature.it\/fr\/wp-json\/wp\/v2\/comments?post=26042"}],"wp:featuredmedia":[{"embeddable":true,"href":"https:\/\/www.omrserrature.it\/fr\/wp-json\/wp\/v2\/media\/3498"}],"wp:attachment":[{"href":"https:\/\/www.omrserrature.it\/fr\/wp-json\/wp\/v2\/media?parent=26042"}],"wp:term":[{"taxonomy":"product_brand","embeddable":true,"href":"https:\/\/www.omrserrature.it\/fr\/wp-json\/wp\/v2\/product_brand?post=26042"},{"taxonomy":"product_cat","embeddable":true,"href":"https:\/\/www.omrserrature.it\/fr\/wp-json\/wp\/v2\/product_cat?post=26042"},{"taxonomy":"product_tag","embeddable":true,"href":"https:\/\/www.omrserrature.it\/fr\/wp-json\/wp\/v2\/product_tag?post=26042"}],"curies":[{"name":"wp","href":"https:\/\/api.w.org\/{rel}","templated":true}]}}