{"id":26038,"date":"2017-10-13T17:16:31","date_gmt":"2013-10-17T15:16:00","guid":{"rendered":"https:\/\/www.staging6.omrserrature.it\/prodotto\/cremone-paillettes-en-plastique-a-2-points\/"},"modified":"2026-04-08T12:49:09","modified_gmt":"2026-04-08T10:49:09","slug":"cremone-paillettes-en-plastique-a-2-points","status":"publish","type":"product","link":"https:\/\/www.omrserrature.it\/fr\/produit\/cremone-paillettes-en-plastique-a-2-points\/","title":{"rendered":"Espagnolette \u00e0 lamelles en plastique \u00e0 2 points"},"content":{"rendered":"<p>La <strong>serrure \u00e0 cr\u00e9mone \u00e0 deux points<\/strong> s&rsquo;installe parfaitement sur les <strong>portes en bois et les portes de balcon<\/strong>, ainsi que sur les <strong>tableaux<\/strong><strong> \u00e9lectriques<\/strong> et de <strong>commande<\/strong>, les portes, les meubles de bureau et les <strong>portes d&rsquo;armoires hautes en bois et en m\u00e9tal<\/strong>. Le m\u00e9canisme interne est entra\u00een\u00e9 par un rotor \u00e0 lamelles en alliage. Cette<strong> serrure \u00e0 espagnolette<\/strong> offre deux points d&rsquo;expansion.  <\/p>\n<p>La <strong>serrure \u00e0 cr\u00e9mone 2 points<\/strong>, \u00e9galement appel\u00e9e serrure <strong>\u00e0 levier<\/strong>, serrure \u00e0 p\u00eane dormant ou serrure \u00e0 double expansion, se compose d&rsquo;un bo\u00eetier en plastique gris et d&rsquo;un cylindre dot\u00e9 d&rsquo;un m\u00e9canisme \u00e0 battes \u00e0 paillettes en m\u00e9tal moul\u00e9 sous pression. L&rsquo;introduction de la cl\u00e9 et la rotation du cylindre mettent en mouvement les deux maillons auxquels sont reli\u00e9es les <strong>Tringles<\/strong> qui, par un mouvement de glissement, permettent d&rsquo;ouvrir ou de fermer la porte.<\/p>\n<p>La <strong>serrure \u00e0 double expansion<\/strong> est disponible en version verticale et horizontale, \u00e9galement avec une plaque de base en plastique noir, et est \u00e9quip\u00e9e d&rsquo;une bague d&rsquo;habillage pour un r\u00e9sultat esth\u00e9tique impeccable sur la Panneau. Le Came comprend les Tringles <a href=\"https:\/\/www.omrserrature.it\/fr\/produit\/tige-13-x-25\/\" target=\"_blank\" rel=\"noopener\">SAST02815<\/a>. <\/p>\n","protected":false},"excerpt":{"rendered":"<p>La <strong>serrure \u00e0 cr\u00e9mone \u00e0 deux points<\/strong> s&rsquo;installe parfaitement sur les <strong>portes en bois et les portes de balcon<\/strong>, ainsi que sur les <strong>panneaux d&rsquo;<\/strong><strong> interrupteurs<\/strong> et de <strong>commande<\/strong>, les portes, les meubles de bureau et les <strong>portes d&rsquo;armoires hautes en bois et en m\u00e9tal<\/strong>. Le m\u00e9canisme interne est entra\u00een\u00e9 par un rotor \u00e0 lamelles en alliage. Cette<strong> serrure \u00e0 espagnolette<\/strong> offre deux points d&rsquo;expansion.  <\/p>\n","protected":false},"featured_media":3756,"comment_status":"open","ping_status":"closed","template":"","meta":{"_acf_changed":false,"_et_pb_use_builder":"","_et_pb_old_content":"","_et_gb_content_width":""},"product_brand":[],"product_cat":[3750,3738,3757,3753,3755,3699,3658,3650,3691,3723,3644,3710,3709,3711,3714,3713,3697,3690],"product_tag":[],"class_list":{"0":"post-26038","1":"product","2":"type-product","3":"status-publish","4":"has-post-thumbnail","6":"product_cat-banque-et-poste","7":"product_cat-battant","8":"product_cat-bureaux","9":"product_cat-education-et-culture","10":"product_cat-hopitaux-et-soins-de-sante","11":"product_cat-serrure-darmoire-conforme-au-reglement-gdpr","12":"product_cat-serrures-a-passe-partout","13":"product_cat-serrures-avec-barillet-interchangeable","14":"product_cat-serrures-darmoires","15":"product_cat-serrures-de-panneaux","16":"product_cat-serrures-multipoints","17":"product_cat-serrures-pour-armoires-a-epi","18":"product_cat-serrures-pour-armoires-a-substances-dangereuses","19":"product_cat-serrures-pour-armoires-de-balcon","20":"product_cat-serrures-pour-armoires-industrielles","21":"product_cat-serrures-pour-armoires-phytosanitaires","22":"product_cat-serrures-pour-meubles","23":"product_cat-serrures-professionnelles-pour-meubles","25":"first","26":"instock","27":"shipping-taxable","28":"purchasable","29":"product-type-variable"},"acf":{"pdf1":"https:\/\/www.omrserrature.it\/wp-content\/uploads\/2017\/10\/Scheda_240404.pdf"},"yoast_head":"<!-- This site is optimized with the Yoast SEO plugin v27.5 - https:\/\/yoast.com\/product\/yoast-seo-wordpress\/ -->\n<title>Espagnolette \u00e0 lamelles en plastique \u00e0 2 points - OMR Serrature<\/title>\n<meta name=\"robots\" content=\"index, follow, max-snippet:-1, max-image-preview:large, max-video-preview:-1\" \/>\n<link rel=\"canonical\" href=\"https:\/\/www.omrserrature.it\/fr\/produit\/cremone-paillettes-en-plastique-a-2-points\/\" \/>\n<meta property=\"og:locale\" content=\"fr_FR\" \/>\n<meta property=\"og:type\" content=\"article\" \/>\n<meta property=\"og:title\" content=\"Espagnolette \u00e0 lamelles en plastique \u00e0 2 points - OMR Serrature\" \/>\n<meta property=\"og:description\" content=\"La serrure \u00e0 cr\u00e9mone \u00e0 deux points s&#039;installe parfaitement sur les portes en bois et les portes de balcon, ainsi que sur les panneaux d&#039; interrupteurs et de commande, les portes, les meubles de bureau et les portes d&#039;armoires hautes en bois et en m\u00e9tal. Le m\u00e9canisme interne est entra\u00een\u00e9 par un rotor \u00e0 lamelles en alliage. Cette serrure \u00e0 espagnolette offre deux points d&#039;expansion.\" \/>\n<meta property=\"og:url\" content=\"https:\/\/www.omrserrature.it\/fr\/produit\/cremone-paillettes-en-plastique-a-2-points\/\" \/>\n<meta property=\"og:site_name\" content=\"OMR Serrature | Produzione sistemi di chiusura\" \/>\n<meta property=\"article:publisher\" content=\"https:\/\/www.facebook.com\/OMRserrature\" \/>\n<meta property=\"article:modified_time\" content=\"2026-04-08T10:49:09+00:00\" \/>\n<meta property=\"og:image\" content=\"https:\/\/www.omrserrature.it\/wp-content\/uploads\/2017\/10\/serratura-cremonese-2-punti-lamelle-plastica.jpg\" \/>\n\t<meta property=\"og:image:width\" content=\"990\" \/>\n\t<meta property=\"og:image:height\" content=\"467\" \/>\n\t<meta property=\"og:image:type\" content=\"image\/jpeg\" \/>\n<meta name=\"twitter:card\" content=\"summary_large_image\" \/>\n<meta name=\"twitter:label1\" content=\"Dur\u00e9e de lecture estim\u00e9e\" \/>\n\t<meta name=\"twitter:data1\" content=\"1 minute\" \/>\n<script type=\"application\/ld+json\" class=\"yoast-schema-graph\">{\"@context\":\"https:\\\/\\\/schema.org\",\"@graph\":[{\"@type\":\"WebPage\",\"@id\":\"https:\\\/\\\/www.omrserrature.it\\\/fr\\\/produit\\\/cremone-paillettes-en-plastique-a-2-points\\\/\",\"url\":\"https:\\\/\\\/www.omrserrature.it\\\/fr\\\/produit\\\/cremone-paillettes-en-plastique-a-2-points\\\/\",\"name\":\"Espagnolette \u00e0 lamelles en plastique \u00e0 2 points - OMR Serrature\",\"isPartOf\":{\"@id\":\"https:\\\/\\\/www.omrserrature.it\\\/fr\\\/#website\"},\"primaryImageOfPage\":{\"@id\":\"https:\\\/\\\/www.omrserrature.it\\\/fr\\\/produit\\\/cremone-paillettes-en-plastique-a-2-points\\\/#primaryimage\"},\"image\":{\"@id\":\"https:\\\/\\\/www.omrserrature.it\\\/fr\\\/produit\\\/cremone-paillettes-en-plastique-a-2-points\\\/#primaryimage\"},\"thumbnailUrl\":\"https:\\\/\\\/www.omrserrature.it\\\/wp-content\\\/uploads\\\/2017\\\/10\\\/serratura-cremonese-2-punti-lamelle-plastica.jpg\",\"datePublished\":\"2013-10-17T15:16:00+00:00\",\"dateModified\":\"2026-04-08T10:49:09+00:00\",\"breadcrumb\":{\"@id\":\"https:\\\/\\\/www.omrserrature.it\\\/fr\\\/produit\\\/cremone-paillettes-en-plastique-a-2-points\\\/#breadcrumb\"},\"inLanguage\":\"fr-FR\",\"potentialAction\":[{\"@type\":\"ReadAction\",\"target\":[\"https:\\\/\\\/www.omrserrature.it\\\/fr\\\/produit\\\/cremone-paillettes-en-plastique-a-2-points\\\/\"]}]},{\"@type\":\"ImageObject\",\"inLanguage\":\"fr-FR\",\"@id\":\"https:\\\/\\\/www.omrserrature.it\\\/fr\\\/produit\\\/cremone-paillettes-en-plastique-a-2-points\\\/#primaryimage\",\"url\":\"https:\\\/\\\/www.omrserrature.it\\\/wp-content\\\/uploads\\\/2017\\\/10\\\/serratura-cremonese-2-punti-lamelle-plastica.jpg\",\"contentUrl\":\"https:\\\/\\\/www.omrserrature.it\\\/wp-content\\\/uploads\\\/2017\\\/10\\\/serratura-cremonese-2-punti-lamelle-plastica.jpg\",\"width\":990,\"height\":467,\"caption\":\"Serrure batteuse \u00e0 paillettes en plastique 2 points Cremone - serrure \u00e0 double expansion\"},{\"@type\":\"BreadcrumbList\",\"@id\":\"https:\\\/\\\/www.omrserrature.it\\\/fr\\\/produit\\\/cremone-paillettes-en-plastique-a-2-points\\\/#breadcrumb\",\"itemListElement\":[{\"@type\":\"ListItem\",\"position\":1,\"name\":\"Home\",\"item\":\"https:\\\/\\\/www.omrserrature.it\\\/fr\\\/omr-serrures-et-systemes-de-verrouillage\\\/\"},{\"@type\":\"ListItem\",\"position\":2,\"name\":\"Catalogue\",\"item\":\"https:\\\/\\\/www.omrserrature.it\\\/catalogue\\\/?lang=fr\"},{\"@type\":\"ListItem\",\"position\":3,\"name\":\"Applications\",\"item\":\"https:\\\/\\\/www.omrserrature.it\\\/fr\\\/catalogue\\\/applications\\\/\"},{\"@type\":\"ListItem\",\"position\":4,\"name\":\"Serrures pour meubles\",\"item\":\"https:\\\/\\\/www.omrserrature.it\\\/fr\\\/catalogue\\\/applications\\\/serrures-pour-meubles\\\/\"},{\"@type\":\"ListItem\",\"position\":5,\"name\":\"Serrures de panneaux\",\"item\":\"https:\\\/\\\/www.omrserrature.it\\\/fr\\\/catalogue\\\/applications\\\/serrures-pour-meubles\\\/serrures-de-panneaux\\\/\"},{\"@type\":\"ListItem\",\"position\":6,\"name\":\"Battant\",\"item\":\"https:\\\/\\\/www.omrserrature.it\\\/fr\\\/catalogue\\\/applications\\\/serrures-pour-meubles\\\/serrures-de-panneaux\\\/battant\\\/\"},{\"@type\":\"ListItem\",\"position\":7,\"name\":\"Espagnolette \u00e0 lamelles en plastique \u00e0 2 points\"}]},{\"@type\":\"WebSite\",\"@id\":\"https:\\\/\\\/www.omrserrature.it\\\/fr\\\/#website\",\"url\":\"https:\\\/\\\/www.omrserrature.it\\\/fr\\\/\",\"name\":\"OMR Serrature | Produzione sistemi di chiusura\",\"description\":\"Produzione serrature di sicurezza e sistemi di chiusura\",\"publisher\":{\"@id\":\"https:\\\/\\\/www.omrserrature.it\\\/fr\\\/#organization\"},\"potentialAction\":[{\"@type\":\"SearchAction\",\"target\":{\"@type\":\"EntryPoint\",\"urlTemplate\":\"https:\\\/\\\/www.omrserrature.it\\\/fr\\\/?s={search_term_string}\"},\"query-input\":{\"@type\":\"PropertyValueSpecification\",\"valueRequired\":true,\"valueName\":\"search_term_string\"}}],\"inLanguage\":\"fr-FR\"},{\"@type\":\"Organization\",\"@id\":\"https:\\\/\\\/www.omrserrature.it\\\/fr\\\/#organization\",\"name\":\"OMR Serrature | Produzione sistemi di chiusura\",\"url\":\"https:\\\/\\\/www.omrserrature.it\\\/fr\\\/\",\"logo\":{\"@type\":\"ImageObject\",\"inLanguage\":\"fr-FR\",\"@id\":\"https:\\\/\\\/www.omrserrature.it\\\/fr\\\/#\\\/schema\\\/logo\\\/image\\\/\",\"url\":\"https:\\\/\\\/www.omrserrature.it\\\/wp-content\\\/uploads\\\/2017\\\/09\\\/favicon-omr-114.png\",\"contentUrl\":\"https:\\\/\\\/www.omrserrature.it\\\/wp-content\\\/uploads\\\/2017\\\/09\\\/favicon-omr-114.png\",\"width\":114,\"height\":114,\"caption\":\"OMR Serrature | Produzione sistemi di chiusura\"},\"image\":{\"@id\":\"https:\\\/\\\/www.omrserrature.it\\\/fr\\\/#\\\/schema\\\/logo\\\/image\\\/\"},\"sameAs\":[\"https:\\\/\\\/www.facebook.com\\\/OMRserrature\",\"https:\\\/\\\/www.linkedin.com\\\/company\\\/omrserrature\\\/\",\"https:\\\/\\\/www.youtube.com\\\/channel\\\/UCxmA85z2R0EpG_6IRokiAkg\"]}]}<\/script>\n<!-- \/ Yoast SEO plugin. -->","yoast_head_json":{"title":"Espagnolette \u00e0 lamelles en plastique \u00e0 2 points - OMR Serrature","robots":{"index":"index","follow":"follow","max-snippet":"max-snippet:-1","max-image-preview":"max-image-preview:large","max-video-preview":"max-video-preview:-1"},"canonical":"https:\/\/www.omrserrature.it\/fr\/produit\/cremone-paillettes-en-plastique-a-2-points\/","og_locale":"fr_FR","og_type":"article","og_title":"Espagnolette \u00e0 lamelles en plastique \u00e0 2 points - OMR Serrature","og_description":"La serrure \u00e0 cr\u00e9mone \u00e0 deux points s'installe parfaitement sur les portes en bois et les portes de balcon, ainsi que sur les panneaux d' interrupteurs et de commande, les portes, les meubles de bureau et les portes d'armoires hautes en bois et en m\u00e9tal. Le m\u00e9canisme interne est entra\u00een\u00e9 par un rotor \u00e0 lamelles en alliage. Cette serrure \u00e0 espagnolette offre deux points d'expansion.","og_url":"https:\/\/www.omrserrature.it\/fr\/produit\/cremone-paillettes-en-plastique-a-2-points\/","og_site_name":"OMR Serrature | Produzione sistemi di chiusura","article_publisher":"https:\/\/www.facebook.com\/OMRserrature","article_modified_time":"2026-04-08T10:49:09+00:00","og_image":[{"width":990,"height":467,"url":"https:\/\/www.omrserrature.it\/wp-content\/uploads\/2017\/10\/serratura-cremonese-2-punti-lamelle-plastica.jpg","type":"image\/jpeg"}],"twitter_card":"summary_large_image","twitter_misc":{"Dur\u00e9e de lecture estim\u00e9e":"1 minute"},"schema":{"@context":"https:\/\/schema.org","@graph":[{"@type":"WebPage","@id":"https:\/\/www.omrserrature.it\/fr\/produit\/cremone-paillettes-en-plastique-a-2-points\/","url":"https:\/\/www.omrserrature.it\/fr\/produit\/cremone-paillettes-en-plastique-a-2-points\/","name":"Espagnolette \u00e0 lamelles en plastique \u00e0 2 points - OMR Serrature","isPartOf":{"@id":"https:\/\/www.omrserrature.it\/fr\/#website"},"primaryImageOfPage":{"@id":"https:\/\/www.omrserrature.it\/fr\/produit\/cremone-paillettes-en-plastique-a-2-points\/#primaryimage"},"image":{"@id":"https:\/\/www.omrserrature.it\/fr\/produit\/cremone-paillettes-en-plastique-a-2-points\/#primaryimage"},"thumbnailUrl":"https:\/\/www.omrserrature.it\/wp-content\/uploads\/2017\/10\/serratura-cremonese-2-punti-lamelle-plastica.jpg","datePublished":"2013-10-17T15:16:00+00:00","dateModified":"2026-04-08T10:49:09+00:00","breadcrumb":{"@id":"https:\/\/www.omrserrature.it\/fr\/produit\/cremone-paillettes-en-plastique-a-2-points\/#breadcrumb"},"inLanguage":"fr-FR","potentialAction":[{"@type":"ReadAction","target":["https:\/\/www.omrserrature.it\/fr\/produit\/cremone-paillettes-en-plastique-a-2-points\/"]}]},{"@type":"ImageObject","inLanguage":"fr-FR","@id":"https:\/\/www.omrserrature.it\/fr\/produit\/cremone-paillettes-en-plastique-a-2-points\/#primaryimage","url":"https:\/\/www.omrserrature.it\/wp-content\/uploads\/2017\/10\/serratura-cremonese-2-punti-lamelle-plastica.jpg","contentUrl":"https:\/\/www.omrserrature.it\/wp-content\/uploads\/2017\/10\/serratura-cremonese-2-punti-lamelle-plastica.jpg","width":990,"height":467,"caption":"Serrure batteuse \u00e0 paillettes en plastique 2 points Cremone - serrure \u00e0 double expansion"},{"@type":"BreadcrumbList","@id":"https:\/\/www.omrserrature.it\/fr\/produit\/cremone-paillettes-en-plastique-a-2-points\/#breadcrumb","itemListElement":[{"@type":"ListItem","position":1,"name":"Home","item":"https:\/\/www.omrserrature.it\/fr\/omr-serrures-et-systemes-de-verrouillage\/"},{"@type":"ListItem","position":2,"name":"Catalogue","item":"https:\/\/www.omrserrature.it\/catalogue\/?lang=fr"},{"@type":"ListItem","position":3,"name":"Applications","item":"https:\/\/www.omrserrature.it\/fr\/catalogue\/applications\/"},{"@type":"ListItem","position":4,"name":"Serrures pour meubles","item":"https:\/\/www.omrserrature.it\/fr\/catalogue\/applications\/serrures-pour-meubles\/"},{"@type":"ListItem","position":5,"name":"Serrures de panneaux","item":"https:\/\/www.omrserrature.it\/fr\/catalogue\/applications\/serrures-pour-meubles\/serrures-de-panneaux\/"},{"@type":"ListItem","position":6,"name":"Battant","item":"https:\/\/www.omrserrature.it\/fr\/catalogue\/applications\/serrures-pour-meubles\/serrures-de-panneaux\/battant\/"},{"@type":"ListItem","position":7,"name":"Espagnolette \u00e0 lamelles en plastique \u00e0 2 points"}]},{"@type":"WebSite","@id":"https:\/\/www.omrserrature.it\/fr\/#website","url":"https:\/\/www.omrserrature.it\/fr\/","name":"OMR Serrature | Produzione sistemi di chiusura","description":"Produzione serrature di sicurezza e sistemi di chiusura","publisher":{"@id":"https:\/\/www.omrserrature.it\/fr\/#organization"},"potentialAction":[{"@type":"SearchAction","target":{"@type":"EntryPoint","urlTemplate":"https:\/\/www.omrserrature.it\/fr\/?s={search_term_string}"},"query-input":{"@type":"PropertyValueSpecification","valueRequired":true,"valueName":"search_term_string"}}],"inLanguage":"fr-FR"},{"@type":"Organization","@id":"https:\/\/www.omrserrature.it\/fr\/#organization","name":"OMR Serrature | Produzione sistemi di chiusura","url":"https:\/\/www.omrserrature.it\/fr\/","logo":{"@type":"ImageObject","inLanguage":"fr-FR","@id":"https:\/\/www.omrserrature.it\/fr\/#\/schema\/logo\/image\/","url":"https:\/\/www.omrserrature.it\/wp-content\/uploads\/2017\/09\/favicon-omr-114.png","contentUrl":"https:\/\/www.omrserrature.it\/wp-content\/uploads\/2017\/09\/favicon-omr-114.png","width":114,"height":114,"caption":"OMR Serrature | Produzione sistemi di chiusura"},"image":{"@id":"https:\/\/www.omrserrature.it\/fr\/#\/schema\/logo\/image\/"},"sameAs":["https:\/\/www.facebook.com\/OMRserrature","https:\/\/www.linkedin.com\/company\/omrserrature\/","https:\/\/www.youtube.com\/channel\/UCxmA85z2R0EpG_6IRokiAkg"]}]}},"_links":{"self":[{"href":"https:\/\/www.omrserrature.it\/fr\/wp-json\/wp\/v2\/product\/26038","targetHints":{"allow":["GET"]}}],"collection":[{"href":"https:\/\/www.omrserrature.it\/fr\/wp-json\/wp\/v2\/product"}],"about":[{"href":"https:\/\/www.omrserrature.it\/fr\/wp-json\/wp\/v2\/types\/product"}],"replies":[{"embeddable":true,"href":"https:\/\/www.omrserrature.it\/fr\/wp-json\/wp\/v2\/comments?post=26038"}],"wp:featuredmedia":[{"embeddable":true,"href":"https:\/\/www.omrserrature.it\/fr\/wp-json\/wp\/v2\/media\/3756"}],"wp:attachment":[{"href":"https:\/\/www.omrserrature.it\/fr\/wp-json\/wp\/v2\/media?parent=26038"}],"wp:term":[{"taxonomy":"product_brand","embeddable":true,"href":"https:\/\/www.omrserrature.it\/fr\/wp-json\/wp\/v2\/product_brand?post=26038"},{"taxonomy":"product_cat","embeddable":true,"href":"https:\/\/www.omrserrature.it\/fr\/wp-json\/wp\/v2\/product_cat?post=26038"},{"taxonomy":"product_tag","embeddable":true,"href":"https:\/\/www.omrserrature.it\/fr\/wp-json\/wp\/v2\/product_tag?post=26038"}],"curies":[{"name":"wp","href":"https:\/\/api.w.org\/{rel}","templated":true}]}}