{"id":26036,"date":"2017-10-13T17:51:29","date_gmt":"2013-10-17T15:51:00","guid":{"rendered":"https:\/\/www.staging6.omrserrature.it\/prodotto\/serrure-du-came-de-la-cle-de-la-tige-tournante\/"},"modified":"2026-04-08T12:49:20","modified_gmt":"2026-04-08T10:49:20","slug":"serrure-du-came-de-la-cle-de-la-tige-tournante","status":"publish","type":"product","link":"https:\/\/www.omrserrature.it\/fr\/produit\/serrure-du-came-de-la-cle-de-la-tige-tournante\/","title":{"rendered":"Serrure avec tringles tournantes (a levier)"},"content":{"rendered":"<p><strong>L&rsquo;espagnolette \u00e0 tringles tournantes <\/strong>avec cl\u00e9 ancienne (avec panneton unique) permet une <strong>fermeture multiple <\/strong>(3 points) <strong>et centralis\u00e9e<\/strong> gr\u00e2ce au mouvement des tringles et du p\u00eane lat\u00e9ral. La particularit\u00e9 r\u00e9side dans le mouvement des tringles, qui ne se fait pas par translation (haut\/bas), mais par rotation, garantissant une <strong>plus grande r\u00e9sistance et une l\u00e9g\u00e8re compression de la porte<\/strong> lors de la fermeture. Des crochets sont mont\u00e9s \u00e0 l&rsquo;extr\u00e9mit\u00e9 de la tringle qui, lorsqu&rsquo;ils tournent et sont activ\u00e9s par la cl\u00e9, s&rsquo;engagent dans les pistons des traverses de l&rsquo;armoire. <\/p>\n<p>La longueur de la structure de la serrure est en alliage de zinc, avec un <strong>m\u00e9canisme<\/strong> \u00e0 levier \u00e0 l&rsquo;int\u00e9rieur. Un certain nombre d&rsquo;accessoires composent la serrure : tringles demi-rondes, crochets sup\u00e9rieurs et inf\u00e9rieurs, goupilles r\u00e9glables, guides-tringles, rosaces. La serrure tringles tournantes avec cl\u00e9s<strong> anciennes<\/strong>(a levier) est couramment utilis\u00e9e dans les<strong> meubles anciens, classiques ou arte povera.<\/strong>  <\/p>\n","protected":false},"excerpt":{"rendered":"<p><strong>L&rsquo;espagnolette \u00e0 tringles tournantes <\/strong>avec cl\u00e9 ancienne (avec panneton unique) permet une <strong>fermeture multiple <\/strong>(3 points) <strong>et centralis\u00e9e<\/strong> gr\u00e2ce au mouvement des tringles et du p\u00eane lat\u00e9ral.<\/p>\n","protected":false},"featured_media":3648,"comment_status":"open","ping_status":"closed","template":"","meta":{"_acf_changed":false,"_et_pb_use_builder":"","_et_pb_old_content":"","_et_gb_content_width":""},"product_brand":[],"product_cat":[3738,3699,3645,3691,3723,3710,3713,3697],"product_tag":[],"class_list":{"0":"post-26036","1":"product","2":"type-product","3":"status-publish","4":"has-post-thumbnail","6":"product_cat-battant","7":"product_cat-serrure-darmoire-conforme-au-reglement-gdpr","8":"product_cat-serrures-avec-tringles-tournantes","9":"product_cat-serrures-darmoires","10":"product_cat-serrures-de-panneaux","11":"product_cat-serrures-pour-armoires-a-epi","12":"product_cat-serrures-pour-armoires-phytosanitaires","13":"product_cat-serrures-pour-meubles","15":"first","16":"instock","17":"shipping-taxable","18":"purchasable","19":"product-type-simple"},"acf":{"pdf1":"https:\/\/www.omrserrature.it\/wp-content\/uploads\/schede\/Scheda_240410.pdf"},"yoast_head":"<!-- This site is optimized with the Yoast SEO plugin v27.2 - https:\/\/yoast.com\/product\/yoast-seo-wordpress\/ -->\n<title>Serrure avec tringles tournantes (a levier) - OMR Serrature<\/title>\n<meta name=\"description\" content=\"La cr\u00e9mone \u00e0 tringles rotative avec cl\u00e9 ancienne permet une serrure multiple (3 points) et centralis\u00e9e gr\u00e2ce aux crochets de la tringle et au loquet.\" \/>\n<meta name=\"robots\" content=\"index, follow, max-snippet:-1, max-image-preview:large, max-video-preview:-1\" \/>\n<link rel=\"canonical\" href=\"https:\/\/www.omrserrature.it\/fr\/produit\/serrure-du-came-de-la-cle-de-la-tige-tournante\/\" \/>\n<meta property=\"og:locale\" content=\"fr_FR\" \/>\n<meta property=\"og:type\" content=\"article\" \/>\n<meta property=\"og:title\" content=\"Serrure avec tringles tournantes (a levier) - OMR Serrature\" \/>\n<meta property=\"og:description\" content=\"La cr\u00e9mone \u00e0 tringles rotative avec cl\u00e9 ancienne permet une serrure multiple (3 points) et centralis\u00e9e gr\u00e2ce aux crochets de la tringle et au loquet.\" \/>\n<meta property=\"og:url\" content=\"https:\/\/www.omrserrature.it\/fr\/produit\/serrure-du-came-de-la-cle-de-la-tige-tournante\/\" \/>\n<meta property=\"og:site_name\" content=\"OMR Serrature | Produzione sistemi di chiusura\" \/>\n<meta property=\"article:publisher\" content=\"https:\/\/www.facebook.com\/OMRserrature\" \/>\n<meta property=\"article:modified_time\" content=\"2026-04-08T10:49:20+00:00\" \/>\n<meta property=\"og:image\" content=\"https:\/\/www.omrserrature.it\/wp-content\/uploads\/2017\/10\/serratura-aste-rotanti-chiave-leva.jpg\" \/>\n\t<meta property=\"og:image:width\" content=\"210\" \/>\n\t<meta property=\"og:image:height\" content=\"414\" \/>\n\t<meta property=\"og:image:type\" content=\"image\/jpeg\" \/>\n<meta name=\"twitter:card\" content=\"summary_large_image\" \/>\n<meta name=\"twitter:label1\" content=\"Dur\u00e9e de lecture estim\u00e9e\" \/>\n\t<meta name=\"twitter:data1\" content=\"1 minute\" \/>\n<script type=\"application\/ld+json\" class=\"yoast-schema-graph\">{\"@context\":\"https:\/\/schema.org\",\"@graph\":[{\"@type\":\"WebPage\",\"@id\":\"https:\/\/www.omrserrature.it\/fr\/produit\/serrure-du-came-de-la-cle-de-la-tige-tournante\/\",\"url\":\"https:\/\/www.omrserrature.it\/fr\/produit\/serrure-du-came-de-la-cle-de-la-tige-tournante\/\",\"name\":\"Serrure avec tringles tournantes (a levier) - OMR Serrature\",\"isPartOf\":{\"@id\":\"https:\/\/www.omrserrature.it\/fr\/#website\"},\"primaryImageOfPage\":{\"@id\":\"https:\/\/www.omrserrature.it\/fr\/produit\/serrure-du-came-de-la-cle-de-la-tige-tournante\/#primaryimage\"},\"image\":{\"@id\":\"https:\/\/www.omrserrature.it\/fr\/produit\/serrure-du-came-de-la-cle-de-la-tige-tournante\/#primaryimage\"},\"thumbnailUrl\":\"https:\/\/www.omrserrature.it\/wp-content\/uploads\/2017\/10\/serratura-aste-rotanti-chiave-leva.jpg\",\"datePublished\":\"2013-10-17T15:51:00+00:00\",\"dateModified\":\"2026-04-08T10:49:20+00:00\",\"description\":\"La cr\u00e9mone \u00e0 tringles rotative avec cl\u00e9 ancienne permet une serrure multiple (3 points) et centralis\u00e9e gr\u00e2ce aux crochets de la tringle et au loquet.\",\"breadcrumb\":{\"@id\":\"https:\/\/www.omrserrature.it\/fr\/produit\/serrure-du-came-de-la-cle-de-la-tige-tournante\/#breadcrumb\"},\"inLanguage\":\"fr-FR\",\"potentialAction\":[{\"@type\":\"ReadAction\",\"target\":[\"https:\/\/www.omrserrature.it\/fr\/produit\/serrure-du-came-de-la-cle-de-la-tige-tournante\/\"]}]},{\"@type\":\"ImageObject\",\"inLanguage\":\"fr-FR\",\"@id\":\"https:\/\/www.omrserrature.it\/fr\/produit\/serrure-du-came-de-la-cle-de-la-tige-tournante\/#primaryimage\",\"url\":\"https:\/\/www.omrserrature.it\/wp-content\/uploads\/2017\/10\/serratura-aste-rotanti-chiave-leva.jpg\",\"contentUrl\":\"https:\/\/www.omrserrature.it\/wp-content\/uploads\/2017\/10\/serratura-aste-rotanti-chiave-leva.jpg\",\"width\":210,\"height\":414,\"caption\":\"Serrure \u00e0 cl\u00e9s anciennes (a levier), couleur neutre, serrures arte povera\"},{\"@type\":\"BreadcrumbList\",\"@id\":\"https:\/\/www.omrserrature.it\/fr\/produit\/serrure-du-came-de-la-cle-de-la-tige-tournante\/#breadcrumb\",\"itemListElement\":[{\"@type\":\"ListItem\",\"position\":1,\"name\":\"Home\",\"item\":\"https:\/\/www.omrserrature.it\/fr\/omr-serrures-et-systemes-de-verrouillage\/\"},{\"@type\":\"ListItem\",\"position\":2,\"name\":\"Catalogue\",\"item\":\"https:\/\/www.omrserrature.it\/catalogue\/?lang=fr\"},{\"@type\":\"ListItem\",\"position\":3,\"name\":\"Produits\",\"item\":\"https:\/\/www.omrserrature.it\/fr\/catalogue\/produits\/\"},{\"@type\":\"ListItem\",\"position\":4,\"name\":\"Serrures\",\"item\":\"https:\/\/www.omrserrature.it\/fr\/catalogue\/produits\/serrures\/\"},{\"@type\":\"ListItem\",\"position\":5,\"name\":\"Serrures avec tringles tournantes\",\"item\":\"https:\/\/www.omrserrature.it\/fr\/catalogue\/produits\/serrures\/serrures-avec-tringles-tournantes\/\"},{\"@type\":\"ListItem\",\"position\":6,\"name\":\"Serrure avec tringles tournantes (a levier)\"}]},{\"@type\":\"WebSite\",\"@id\":\"https:\/\/www.omrserrature.it\/fr\/#website\",\"url\":\"https:\/\/www.omrserrature.it\/fr\/\",\"name\":\"OMR Serrature | Produzione sistemi di chiusura\",\"description\":\"Produzione serrature di sicurezza e sistemi di chiusura\",\"publisher\":{\"@id\":\"https:\/\/www.omrserrature.it\/fr\/#organization\"},\"potentialAction\":[{\"@type\":\"SearchAction\",\"target\":{\"@type\":\"EntryPoint\",\"urlTemplate\":\"https:\/\/www.omrserrature.it\/fr\/?s={search_term_string}\"},\"query-input\":{\"@type\":\"PropertyValueSpecification\",\"valueRequired\":true,\"valueName\":\"search_term_string\"}}],\"inLanguage\":\"fr-FR\"},{\"@type\":\"Organization\",\"@id\":\"https:\/\/www.omrserrature.it\/fr\/#organization\",\"name\":\"OMR Serrature | Produzione sistemi di chiusura\",\"url\":\"https:\/\/www.omrserrature.it\/fr\/\",\"logo\":{\"@type\":\"ImageObject\",\"inLanguage\":\"fr-FR\",\"@id\":\"https:\/\/www.omrserrature.it\/fr\/#\/schema\/logo\/image\/\",\"url\":\"https:\/\/www.omrserrature.it\/wp-content\/uploads\/2017\/09\/favicon-omr-114.png\",\"contentUrl\":\"https:\/\/www.omrserrature.it\/wp-content\/uploads\/2017\/09\/favicon-omr-114.png\",\"width\":114,\"height\":114,\"caption\":\"OMR Serrature | Produzione sistemi di chiusura\"},\"image\":{\"@id\":\"https:\/\/www.omrserrature.it\/fr\/#\/schema\/logo\/image\/\"},\"sameAs\":[\"https:\/\/www.facebook.com\/OMRserrature\",\"https:\/\/www.linkedin.com\/company\/omrserrature\/\",\"https:\/\/www.youtube.com\/channel\/UCxmA85z2R0EpG_6IRokiAkg\"]}]}<\/script>\n<!-- \/ Yoast SEO plugin. -->","yoast_head_json":{"title":"Serrure avec tringles tournantes (a levier) - OMR Serrature","description":"La cr\u00e9mone \u00e0 tringles rotative avec cl\u00e9 ancienne permet une serrure multiple (3 points) et centralis\u00e9e gr\u00e2ce aux crochets de la tringle et au loquet.","robots":{"index":"index","follow":"follow","max-snippet":"max-snippet:-1","max-image-preview":"max-image-preview:large","max-video-preview":"max-video-preview:-1"},"canonical":"https:\/\/www.omrserrature.it\/fr\/produit\/serrure-du-came-de-la-cle-de-la-tige-tournante\/","og_locale":"fr_FR","og_type":"article","og_title":"Serrure avec tringles tournantes (a levier) - OMR Serrature","og_description":"La cr\u00e9mone \u00e0 tringles rotative avec cl\u00e9 ancienne permet une serrure multiple (3 points) et centralis\u00e9e gr\u00e2ce aux crochets de la tringle et au loquet.","og_url":"https:\/\/www.omrserrature.it\/fr\/produit\/serrure-du-came-de-la-cle-de-la-tige-tournante\/","og_site_name":"OMR Serrature | Produzione sistemi di chiusura","article_publisher":"https:\/\/www.facebook.com\/OMRserrature","article_modified_time":"2026-04-08T10:49:20+00:00","og_image":[{"width":210,"height":414,"url":"https:\/\/www.omrserrature.it\/wp-content\/uploads\/2017\/10\/serratura-aste-rotanti-chiave-leva.jpg","type":"image\/jpeg"}],"twitter_card":"summary_large_image","twitter_misc":{"Dur\u00e9e de lecture estim\u00e9e":"1 minute"},"schema":{"@context":"https:\/\/schema.org","@graph":[{"@type":"WebPage","@id":"https:\/\/www.omrserrature.it\/fr\/produit\/serrure-du-came-de-la-cle-de-la-tige-tournante\/","url":"https:\/\/www.omrserrature.it\/fr\/produit\/serrure-du-came-de-la-cle-de-la-tige-tournante\/","name":"Serrure avec tringles tournantes (a levier) - OMR Serrature","isPartOf":{"@id":"https:\/\/www.omrserrature.it\/fr\/#website"},"primaryImageOfPage":{"@id":"https:\/\/www.omrserrature.it\/fr\/produit\/serrure-du-came-de-la-cle-de-la-tige-tournante\/#primaryimage"},"image":{"@id":"https:\/\/www.omrserrature.it\/fr\/produit\/serrure-du-came-de-la-cle-de-la-tige-tournante\/#primaryimage"},"thumbnailUrl":"https:\/\/www.omrserrature.it\/wp-content\/uploads\/2017\/10\/serratura-aste-rotanti-chiave-leva.jpg","datePublished":"2013-10-17T15:51:00+00:00","dateModified":"2026-04-08T10:49:20+00:00","description":"La cr\u00e9mone \u00e0 tringles rotative avec cl\u00e9 ancienne permet une serrure multiple (3 points) et centralis\u00e9e gr\u00e2ce aux crochets de la tringle et au loquet.","breadcrumb":{"@id":"https:\/\/www.omrserrature.it\/fr\/produit\/serrure-du-came-de-la-cle-de-la-tige-tournante\/#breadcrumb"},"inLanguage":"fr-FR","potentialAction":[{"@type":"ReadAction","target":["https:\/\/www.omrserrature.it\/fr\/produit\/serrure-du-came-de-la-cle-de-la-tige-tournante\/"]}]},{"@type":"ImageObject","inLanguage":"fr-FR","@id":"https:\/\/www.omrserrature.it\/fr\/produit\/serrure-du-came-de-la-cle-de-la-tige-tournante\/#primaryimage","url":"https:\/\/www.omrserrature.it\/wp-content\/uploads\/2017\/10\/serratura-aste-rotanti-chiave-leva.jpg","contentUrl":"https:\/\/www.omrserrature.it\/wp-content\/uploads\/2017\/10\/serratura-aste-rotanti-chiave-leva.jpg","width":210,"height":414,"caption":"Serrure \u00e0 cl\u00e9s anciennes (a levier), couleur neutre, serrures arte povera"},{"@type":"BreadcrumbList","@id":"https:\/\/www.omrserrature.it\/fr\/produit\/serrure-du-came-de-la-cle-de-la-tige-tournante\/#breadcrumb","itemListElement":[{"@type":"ListItem","position":1,"name":"Home","item":"https:\/\/www.omrserrature.it\/fr\/omr-serrures-et-systemes-de-verrouillage\/"},{"@type":"ListItem","position":2,"name":"Catalogue","item":"https:\/\/www.omrserrature.it\/catalogue\/?lang=fr"},{"@type":"ListItem","position":3,"name":"Produits","item":"https:\/\/www.omrserrature.it\/fr\/catalogue\/produits\/"},{"@type":"ListItem","position":4,"name":"Serrures","item":"https:\/\/www.omrserrature.it\/fr\/catalogue\/produits\/serrures\/"},{"@type":"ListItem","position":5,"name":"Serrures avec tringles tournantes","item":"https:\/\/www.omrserrature.it\/fr\/catalogue\/produits\/serrures\/serrures-avec-tringles-tournantes\/"},{"@type":"ListItem","position":6,"name":"Serrure avec tringles tournantes (a levier)"}]},{"@type":"WebSite","@id":"https:\/\/www.omrserrature.it\/fr\/#website","url":"https:\/\/www.omrserrature.it\/fr\/","name":"OMR Serrature | Produzione sistemi di chiusura","description":"Produzione serrature di sicurezza e sistemi di chiusura","publisher":{"@id":"https:\/\/www.omrserrature.it\/fr\/#organization"},"potentialAction":[{"@type":"SearchAction","target":{"@type":"EntryPoint","urlTemplate":"https:\/\/www.omrserrature.it\/fr\/?s={search_term_string}"},"query-input":{"@type":"PropertyValueSpecification","valueRequired":true,"valueName":"search_term_string"}}],"inLanguage":"fr-FR"},{"@type":"Organization","@id":"https:\/\/www.omrserrature.it\/fr\/#organization","name":"OMR Serrature | Produzione sistemi di chiusura","url":"https:\/\/www.omrserrature.it\/fr\/","logo":{"@type":"ImageObject","inLanguage":"fr-FR","@id":"https:\/\/www.omrserrature.it\/fr\/#\/schema\/logo\/image\/","url":"https:\/\/www.omrserrature.it\/wp-content\/uploads\/2017\/09\/favicon-omr-114.png","contentUrl":"https:\/\/www.omrserrature.it\/wp-content\/uploads\/2017\/09\/favicon-omr-114.png","width":114,"height":114,"caption":"OMR Serrature | Produzione sistemi di chiusura"},"image":{"@id":"https:\/\/www.omrserrature.it\/fr\/#\/schema\/logo\/image\/"},"sameAs":["https:\/\/www.facebook.com\/OMRserrature","https:\/\/www.linkedin.com\/company\/omrserrature\/","https:\/\/www.youtube.com\/channel\/UCxmA85z2R0EpG_6IRokiAkg"]}]}},"_links":{"self":[{"href":"https:\/\/www.omrserrature.it\/fr\/wp-json\/wp\/v2\/product\/26036","targetHints":{"allow":["GET"]}}],"collection":[{"href":"https:\/\/www.omrserrature.it\/fr\/wp-json\/wp\/v2\/product"}],"about":[{"href":"https:\/\/www.omrserrature.it\/fr\/wp-json\/wp\/v2\/types\/product"}],"replies":[{"embeddable":true,"href":"https:\/\/www.omrserrature.it\/fr\/wp-json\/wp\/v2\/comments?post=26036"}],"wp:featuredmedia":[{"embeddable":true,"href":"https:\/\/www.omrserrature.it\/fr\/wp-json\/wp\/v2\/media\/3648"}],"wp:attachment":[{"href":"https:\/\/www.omrserrature.it\/fr\/wp-json\/wp\/v2\/media?parent=26036"}],"wp:term":[{"taxonomy":"product_brand","embeddable":true,"href":"https:\/\/www.omrserrature.it\/fr\/wp-json\/wp\/v2\/product_brand?post=26036"},{"taxonomy":"product_cat","embeddable":true,"href":"https:\/\/www.omrserrature.it\/fr\/wp-json\/wp\/v2\/product_cat?post=26036"},{"taxonomy":"product_tag","embeddable":true,"href":"https:\/\/www.omrserrature.it\/fr\/wp-json\/wp\/v2\/product_tag?post=26036"}],"curies":[{"name":"wp","href":"https:\/\/api.w.org\/{rel}","templated":true}]}}