{"id":260063,"date":"2026-04-28T10:42:32","date_gmt":"2026-04-28T08:42:32","guid":{"rendered":"https:\/\/www.omrserrature.it\/?post_type=product&#038;p=260063"},"modified":"2026-04-28T11:04:24","modified_gmt":"2026-04-28T09:04:24","slug":"cerniera-a-frizione-in-lega-plastica-ad-alta-resistenza","status":"publish","type":"product","link":"https:\/\/www.omrserrature.it\/fr\/produit\/cerniera-a-frizione-in-lega-plastica-ad-alta-resistenza\/","title":{"rendered":"Cerniera a frizione in lega plastica ad alta resistenza"},"content":{"rendered":"<p><strong>Cerniera frizionata in POM (poliossimetilene)<\/strong> \u2014 anche detta cerniera a coppia costante o cerniera di posizionamento \u2014 con perno centrale ad anima in lega plastica trasparente. Progettata per mantenere sportelli, pannelli e coperchi in posizione stabile a qualsiasi angolo di apertura, senza necessit\u00e0 di meccanismi aggiuntivi di bloccaggio.<\/p>\n<p>La frizione garantisce una coppia omogenea e costante su tutta la rotazione, fino a 270\u00b0. Il fissaggio avviene tramite 4 fori passanti \u2014 2 per ala \u2014 per un&rsquo;installazione solida su superfici piane.<\/p>\n<ul >\n<li>Corpo in POM (poliossimetilene), colore bianco<\/li>\n<li>Perno centrale con anima in lega plastica trasparente<\/li>\n<li>Resistente a oli, grassi e solventi comuni<\/li>\n<li>Coppia costante e uniforme su tutta la corsa di rotazione fino a 270\u00b0<\/li>\n<li>4 fori di fissaggio per installazione sicura<\/li>\n<li>Design compatto, adatto a spazi ridotti<\/li>\n<\/ul>\n<p><strong>Applicazioni tipiche:<\/strong> armadi industriali, sportelli per quadri elettrici, pannelli di controllo, contenitori tecnici, attrezzature medicali e da laboratorio.<\/p>\n","protected":false},"excerpt":{"rendered":"<p>Cerniera frizionata in POM (poliossimetilene) con perno in lega plastica trasparente \u2014 anche detta cerniera a coppia costante o di posizionamento. Frizione uniforme su tutta la rotazione fino a 270\u00b0, regolabile tramite vite in acciaio. 4 fori di fissaggio, colore bianco.<\/p>\n","protected":false},"featured_media":260070,"comment_status":"closed","ping_status":"closed","template":"","meta":{"_acf_changed":false,"_et_pb_use_builder":"","_et_pb_old_content":"","_et_gb_content_width":""},"product_brand":[],"product_cat":[3387,3306,21],"product_tag":[],"class_list":{"0":"post-260063","1":"product","2":"type-product","3":"status-publish","4":"has-post-thumbnail","6":"product_cat-accessori-ricambi-omr","7":"product_cat-cerniere","8":"product_cat-prodotti","10":"first","11":"instock","12":"shipping-taxable","13":"product-type-simple"},"acf":{"pdf1":false},"yoast_head":"<!-- This site is optimized with the Yoast SEO plugin v27.5 - https:\/\/yoast.com\/product\/yoast-seo-wordpress\/ -->\n<title>Cerniera a frizione in lega plastica ad alta resistenza - OMR Serrature<\/title>\n<meta name=\"robots\" content=\"index, follow, max-snippet:-1, max-image-preview:large, max-video-preview:-1\" \/>\n<link rel=\"canonical\" href=\"https:\/\/www.omrserrature.it\/fr\/produit\/cerniera-a-frizione-in-lega-plastica-ad-alta-resistenza\/\" \/>\n<meta property=\"og:locale\" content=\"fr_FR\" \/>\n<meta property=\"og:type\" content=\"article\" \/>\n<meta property=\"og:title\" content=\"Cerniera a frizione in lega plastica ad alta resistenza - OMR Serrature\" \/>\n<meta property=\"og:description\" content=\"Cerniera frizionata in POM (poliossimetilene) con perno in lega plastica trasparente \u2014 anche detta cerniera a coppia costante o di posizionamento. Frizione uniforme su tutta la rotazione fino a 270\u00b0, regolabile tramite vite in acciaio. 4 fori di fissaggio, colore bianco.\" \/>\n<meta property=\"og:url\" content=\"https:\/\/www.omrserrature.it\/fr\/produit\/cerniera-a-frizione-in-lega-plastica-ad-alta-resistenza\/\" \/>\n<meta property=\"og:site_name\" content=\"OMR Serrature | Produzione sistemi di chiusura\" \/>\n<meta property=\"article:publisher\" content=\"https:\/\/www.facebook.com\/OMRserrature\" \/>\n<meta property=\"article:modified_time\" content=\"2026-04-28T09:04:24+00:00\" \/>\n<meta property=\"og:image\" content=\"https:\/\/www.omrserrature.it\/wp-content\/uploads\/2026\/04\/Cerniera-frizionata.jpg\" \/>\n\t<meta property=\"og:image:width\" content=\"1000\" \/>\n\t<meta property=\"og:image:height\" content=\"1000\" \/>\n\t<meta property=\"og:image:type\" content=\"image\/jpeg\" \/>\n<meta name=\"twitter:card\" content=\"summary_large_image\" \/>\n<meta name=\"twitter:label1\" content=\"Dur\u00e9e de lecture estim\u00e9e\" \/>\n\t<meta name=\"twitter:data1\" content=\"1 minute\" \/>\n<script type=\"application\/ld+json\" class=\"yoast-schema-graph\">{\"@context\":\"https:\\\/\\\/schema.org\",\"@graph\":[{\"@type\":\"WebPage\",\"@id\":\"https:\\\/\\\/www.omrserrature.it\\\/fr\\\/produit\\\/cerniera-a-frizione-in-lega-plastica-ad-alta-resistenza\\\/\",\"url\":\"https:\\\/\\\/www.omrserrature.it\\\/fr\\\/produit\\\/cerniera-a-frizione-in-lega-plastica-ad-alta-resistenza\\\/\",\"name\":\"Cerniera a frizione in lega plastica ad alta resistenza - OMR Serrature\",\"isPartOf\":{\"@id\":\"https:\\\/\\\/www.omrserrature.it\\\/fr\\\/#website\"},\"primaryImageOfPage\":{\"@id\":\"https:\\\/\\\/www.omrserrature.it\\\/fr\\\/produit\\\/cerniera-a-frizione-in-lega-plastica-ad-alta-resistenza\\\/#primaryimage\"},\"image\":{\"@id\":\"https:\\\/\\\/www.omrserrature.it\\\/fr\\\/produit\\\/cerniera-a-frizione-in-lega-plastica-ad-alta-resistenza\\\/#primaryimage\"},\"thumbnailUrl\":\"https:\\\/\\\/www.omrserrature.it\\\/wp-content\\\/uploads\\\/2026\\\/04\\\/Cerniera-frizionata.jpg\",\"datePublished\":\"2026-04-28T08:42:32+00:00\",\"dateModified\":\"2026-04-28T09:04:24+00:00\",\"breadcrumb\":{\"@id\":\"https:\\\/\\\/www.omrserrature.it\\\/fr\\\/produit\\\/cerniera-a-frizione-in-lega-plastica-ad-alta-resistenza\\\/#breadcrumb\"},\"inLanguage\":\"fr-FR\",\"potentialAction\":[{\"@type\":\"ReadAction\",\"target\":[\"https:\\\/\\\/www.omrserrature.it\\\/fr\\\/produit\\\/cerniera-a-frizione-in-lega-plastica-ad-alta-resistenza\\\/\"]}]},{\"@type\":\"ImageObject\",\"inLanguage\":\"fr-FR\",\"@id\":\"https:\\\/\\\/www.omrserrature.it\\\/fr\\\/produit\\\/cerniera-a-frizione-in-lega-plastica-ad-alta-resistenza\\\/#primaryimage\",\"url\":\"https:\\\/\\\/www.omrserrature.it\\\/wp-content\\\/uploads\\\/2026\\\/04\\\/Cerniera-frizionata.jpg\",\"contentUrl\":\"https:\\\/\\\/www.omrserrature.it\\\/wp-content\\\/uploads\\\/2026\\\/04\\\/Cerniera-frizionata.jpg\",\"width\":1000,\"height\":1000,\"caption\":\"Cerniera frizionata in lega plastica bianca - vista a 3\\\/4\"},{\"@type\":\"BreadcrumbList\",\"@id\":\"https:\\\/\\\/www.omrserrature.it\\\/fr\\\/produit\\\/cerniera-a-frizione-in-lega-plastica-ad-alta-resistenza\\\/#breadcrumb\",\"itemListElement\":[{\"@type\":\"ListItem\",\"position\":1,\"name\":\"Home\",\"item\":\"https:\\\/\\\/www.omrserrature.it\\\/fr\\\/omr-serrures-et-systemes-de-verrouillage\\\/\"},{\"@type\":\"ListItem\",\"position\":2,\"name\":\"Catalogue\",\"item\":\"https:\\\/\\\/www.omrserrature.it\\\/catalogue\\\/?lang=fr\"},{\"@type\":\"ListItem\",\"position\":3,\"name\":\"Produits\",\"item\":\"https:\\\/\\\/www.omrserrature.it\\\/fr\\\/catalogue\\\/produits\\\/\"},{\"@type\":\"ListItem\",\"position\":4,\"name\":\"Accessoires et pi\u00e8ces d\u00e9tach\u00e9es\",\"item\":\"https:\\\/\\\/www.omrserrature.it\\\/fr\\\/catalogue\\\/produits\\\/accessoires-et-pieces-detachees\\\/\"},{\"@type\":\"ListItem\",\"position\":5,\"name\":\"Cerniera a frizione in lega plastica ad alta resistenza\"}]},{\"@type\":\"WebSite\",\"@id\":\"https:\\\/\\\/www.omrserrature.it\\\/fr\\\/#website\",\"url\":\"https:\\\/\\\/www.omrserrature.it\\\/fr\\\/\",\"name\":\"OMR Serrature | Produzione sistemi di chiusura\",\"description\":\"Produzione serrature di sicurezza e sistemi di chiusura\",\"publisher\":{\"@id\":\"https:\\\/\\\/www.omrserrature.it\\\/fr\\\/#organization\"},\"potentialAction\":[{\"@type\":\"SearchAction\",\"target\":{\"@type\":\"EntryPoint\",\"urlTemplate\":\"https:\\\/\\\/www.omrserrature.it\\\/fr\\\/?s={search_term_string}\"},\"query-input\":{\"@type\":\"PropertyValueSpecification\",\"valueRequired\":true,\"valueName\":\"search_term_string\"}}],\"inLanguage\":\"fr-FR\"},{\"@type\":\"Organization\",\"@id\":\"https:\\\/\\\/www.omrserrature.it\\\/fr\\\/#organization\",\"name\":\"OMR Serrature | Produzione sistemi di chiusura\",\"url\":\"https:\\\/\\\/www.omrserrature.it\\\/fr\\\/\",\"logo\":{\"@type\":\"ImageObject\",\"inLanguage\":\"fr-FR\",\"@id\":\"https:\\\/\\\/www.omrserrature.it\\\/fr\\\/#\\\/schema\\\/logo\\\/image\\\/\",\"url\":\"https:\\\/\\\/www.omrserrature.it\\\/wp-content\\\/uploads\\\/2017\\\/09\\\/favicon-omr-114.png\",\"contentUrl\":\"https:\\\/\\\/www.omrserrature.it\\\/wp-content\\\/uploads\\\/2017\\\/09\\\/favicon-omr-114.png\",\"width\":114,\"height\":114,\"caption\":\"OMR Serrature | Produzione sistemi di chiusura\"},\"image\":{\"@id\":\"https:\\\/\\\/www.omrserrature.it\\\/fr\\\/#\\\/schema\\\/logo\\\/image\\\/\"},\"sameAs\":[\"https:\\\/\\\/www.facebook.com\\\/OMRserrature\",\"https:\\\/\\\/www.linkedin.com\\\/company\\\/omrserrature\\\/\",\"https:\\\/\\\/www.youtube.com\\\/channel\\\/UCxmA85z2R0EpG_6IRokiAkg\"]}]}<\/script>\n<!-- \/ Yoast SEO plugin. -->","yoast_head_json":{"title":"Cerniera a frizione in lega plastica ad alta resistenza - OMR Serrature","robots":{"index":"index","follow":"follow","max-snippet":"max-snippet:-1","max-image-preview":"max-image-preview:large","max-video-preview":"max-video-preview:-1"},"canonical":"https:\/\/www.omrserrature.it\/fr\/produit\/cerniera-a-frizione-in-lega-plastica-ad-alta-resistenza\/","og_locale":"fr_FR","og_type":"article","og_title":"Cerniera a frizione in lega plastica ad alta resistenza - OMR Serrature","og_description":"Cerniera frizionata in POM (poliossimetilene) con perno in lega plastica trasparente \u2014 anche detta cerniera a coppia costante o di posizionamento. Frizione uniforme su tutta la rotazione fino a 270\u00b0, regolabile tramite vite in acciaio. 4 fori di fissaggio, colore bianco.","og_url":"https:\/\/www.omrserrature.it\/fr\/produit\/cerniera-a-frizione-in-lega-plastica-ad-alta-resistenza\/","og_site_name":"OMR Serrature | Produzione sistemi di chiusura","article_publisher":"https:\/\/www.facebook.com\/OMRserrature","article_modified_time":"2026-04-28T09:04:24+00:00","og_image":[{"width":1000,"height":1000,"url":"https:\/\/www.omrserrature.it\/wp-content\/uploads\/2026\/04\/Cerniera-frizionata.jpg","type":"image\/jpeg"}],"twitter_card":"summary_large_image","twitter_misc":{"Dur\u00e9e de lecture estim\u00e9e":"1 minute"},"schema":{"@context":"https:\/\/schema.org","@graph":[{"@type":"WebPage","@id":"https:\/\/www.omrserrature.it\/fr\/produit\/cerniera-a-frizione-in-lega-plastica-ad-alta-resistenza\/","url":"https:\/\/www.omrserrature.it\/fr\/produit\/cerniera-a-frizione-in-lega-plastica-ad-alta-resistenza\/","name":"Cerniera a frizione in lega plastica ad alta resistenza - OMR Serrature","isPartOf":{"@id":"https:\/\/www.omrserrature.it\/fr\/#website"},"primaryImageOfPage":{"@id":"https:\/\/www.omrserrature.it\/fr\/produit\/cerniera-a-frizione-in-lega-plastica-ad-alta-resistenza\/#primaryimage"},"image":{"@id":"https:\/\/www.omrserrature.it\/fr\/produit\/cerniera-a-frizione-in-lega-plastica-ad-alta-resistenza\/#primaryimage"},"thumbnailUrl":"https:\/\/www.omrserrature.it\/wp-content\/uploads\/2026\/04\/Cerniera-frizionata.jpg","datePublished":"2026-04-28T08:42:32+00:00","dateModified":"2026-04-28T09:04:24+00:00","breadcrumb":{"@id":"https:\/\/www.omrserrature.it\/fr\/produit\/cerniera-a-frizione-in-lega-plastica-ad-alta-resistenza\/#breadcrumb"},"inLanguage":"fr-FR","potentialAction":[{"@type":"ReadAction","target":["https:\/\/www.omrserrature.it\/fr\/produit\/cerniera-a-frizione-in-lega-plastica-ad-alta-resistenza\/"]}]},{"@type":"ImageObject","inLanguage":"fr-FR","@id":"https:\/\/www.omrserrature.it\/fr\/produit\/cerniera-a-frizione-in-lega-plastica-ad-alta-resistenza\/#primaryimage","url":"https:\/\/www.omrserrature.it\/wp-content\/uploads\/2026\/04\/Cerniera-frizionata.jpg","contentUrl":"https:\/\/www.omrserrature.it\/wp-content\/uploads\/2026\/04\/Cerniera-frizionata.jpg","width":1000,"height":1000,"caption":"Cerniera frizionata in lega plastica bianca - vista a 3\/4"},{"@type":"BreadcrumbList","@id":"https:\/\/www.omrserrature.it\/fr\/produit\/cerniera-a-frizione-in-lega-plastica-ad-alta-resistenza\/#breadcrumb","itemListElement":[{"@type":"ListItem","position":1,"name":"Home","item":"https:\/\/www.omrserrature.it\/fr\/omr-serrures-et-systemes-de-verrouillage\/"},{"@type":"ListItem","position":2,"name":"Catalogue","item":"https:\/\/www.omrserrature.it\/catalogue\/?lang=fr"},{"@type":"ListItem","position":3,"name":"Produits","item":"https:\/\/www.omrserrature.it\/fr\/catalogue\/produits\/"},{"@type":"ListItem","position":4,"name":"Accessoires et pi\u00e8ces d\u00e9tach\u00e9es","item":"https:\/\/www.omrserrature.it\/fr\/catalogue\/produits\/accessoires-et-pieces-detachees\/"},{"@type":"ListItem","position":5,"name":"Cerniera a frizione in lega plastica ad alta resistenza"}]},{"@type":"WebSite","@id":"https:\/\/www.omrserrature.it\/fr\/#website","url":"https:\/\/www.omrserrature.it\/fr\/","name":"OMR Serrature | Produzione sistemi di chiusura","description":"Produzione serrature di sicurezza e sistemi di chiusura","publisher":{"@id":"https:\/\/www.omrserrature.it\/fr\/#organization"},"potentialAction":[{"@type":"SearchAction","target":{"@type":"EntryPoint","urlTemplate":"https:\/\/www.omrserrature.it\/fr\/?s={search_term_string}"},"query-input":{"@type":"PropertyValueSpecification","valueRequired":true,"valueName":"search_term_string"}}],"inLanguage":"fr-FR"},{"@type":"Organization","@id":"https:\/\/www.omrserrature.it\/fr\/#organization","name":"OMR Serrature | Produzione sistemi di chiusura","url":"https:\/\/www.omrserrature.it\/fr\/","logo":{"@type":"ImageObject","inLanguage":"fr-FR","@id":"https:\/\/www.omrserrature.it\/fr\/#\/schema\/logo\/image\/","url":"https:\/\/www.omrserrature.it\/wp-content\/uploads\/2017\/09\/favicon-omr-114.png","contentUrl":"https:\/\/www.omrserrature.it\/wp-content\/uploads\/2017\/09\/favicon-omr-114.png","width":114,"height":114,"caption":"OMR Serrature | Produzione sistemi di chiusura"},"image":{"@id":"https:\/\/www.omrserrature.it\/fr\/#\/schema\/logo\/image\/"},"sameAs":["https:\/\/www.facebook.com\/OMRserrature","https:\/\/www.linkedin.com\/company\/omrserrature\/","https:\/\/www.youtube.com\/channel\/UCxmA85z2R0EpG_6IRokiAkg"]}]}},"_links":{"self":[{"href":"https:\/\/www.omrserrature.it\/fr\/wp-json\/wp\/v2\/product\/260063","targetHints":{"allow":["GET"]}}],"collection":[{"href":"https:\/\/www.omrserrature.it\/fr\/wp-json\/wp\/v2\/product"}],"about":[{"href":"https:\/\/www.omrserrature.it\/fr\/wp-json\/wp\/v2\/types\/product"}],"replies":[{"embeddable":true,"href":"https:\/\/www.omrserrature.it\/fr\/wp-json\/wp\/v2\/comments?post=260063"}],"wp:featuredmedia":[{"embeddable":true,"href":"https:\/\/www.omrserrature.it\/fr\/wp-json\/wp\/v2\/media\/260070"}],"wp:attachment":[{"href":"https:\/\/www.omrserrature.it\/fr\/wp-json\/wp\/v2\/media?parent=260063"}],"wp:term":[{"taxonomy":"product_brand","embeddable":true,"href":"https:\/\/www.omrserrature.it\/fr\/wp-json\/wp\/v2\/product_brand?post=260063"},{"taxonomy":"product_cat","embeddable":true,"href":"https:\/\/www.omrserrature.it\/fr\/wp-json\/wp\/v2\/product_cat?post=260063"},{"taxonomy":"product_tag","embeddable":true,"href":"https:\/\/www.omrserrature.it\/fr\/wp-json\/wp\/v2\/product_tag?post=260063"}],"curies":[{"name":"wp","href":"https:\/\/api.w.org\/{rel}","templated":true}]}}