{"id":25993,"date":"2017-10-11T15:54:10","date_gmt":"2011-10-17T13:54:00","guid":{"rendered":"https:\/\/www.staging6.omrserrature.it\/prodotto\/serrure-hexagonale-reglable\/"},"modified":"2026-04-08T12:47:56","modified_gmt":"2026-04-08T10:47:56","slug":"serrure-hexagonale-reglable","status":"publish","type":"product","link":"https:\/\/www.omrserrature.it\/fr\/produit\/serrure-hexagonale-reglable\/","title":{"rendered":"Fermeture hexagonale r\u00e9glable"},"content":{"rendered":"<p>La <strong>serrure hexagonale r\u00e9glable 1\/4 de tour<\/strong> (cl\u00e9 Allen de 8 mm) se compose d&rsquo;un corps en alliage de zinc \u00e0 l&rsquo;int\u00e9rieur duquel se trouve un rotor \u00e0 douille qui, actionn\u00e9 par une cl\u00e9 Allen de 8 mm, tourne, d\u00e9terminant l&rsquo;ouverture ou la fermeture.<\/p>\n<p>Le terminal permet \u00e9galement d&rsquo;installer une vari\u00e9t\u00e9 de <strong>cames droites, coud\u00e9es ou \u00e0 crochets <\/strong>. La t\u00eate surdimensionn\u00e9e contribue \u00e0 un produit plus s\u00fbr et plus solide, ainsi qu&rsquo;\u00e0 une meilleure adaptation au design du panneau et au trou d&rsquo;installation. Le bo\u00eetier est r\u00e9glable gr\u00e2ce \u00e0 un corps filet\u00e9 qui permet d&rsquo;ajuster la g\u00e2che du levier de 22,5 \u00e0 36 mm. Disponible en <strong>deux variantes<\/strong> pour les <strong>trous d&rsquo;installation<\/strong> carr\u00e9s ou ronds. <\/p>\n<p>La serrure \u00e0 stylet hexagonale convient aux applications n\u00e9cessitant un haut niveau de s\u00e9curit\u00e9, telles que les engins de terrassement, les stations de recharge, les totems multim\u00e9dias, les portes de panneaux de contr\u00f4le, les compteurs de gaz, les machines industrielles, les bo\u00eetes de menuiserie, les panneaux d&rsquo;acc\u00e8s aux composants \u00e9lectroniques des machines, les tableaux de distribution, les panneaux d&rsquo;\u00e9clairage, l&rsquo;\u00e9clairage public, le mobilier urbain, les panneaux d&rsquo;affichage et la signalisation num\u00e9rique.<\/p>\n","protected":false},"excerpt":{"rendered":"<p>La <strong>serrure hexagonale r\u00e9glable 1\/4 de tour<\/strong> &#8211; pour cl\u00e9 Allen de 8 mm &#8211; se compose d&rsquo;un corps en alliage de zinc \u00e0 l&rsquo;int\u00e9rieur duquel se trouve un barillet charg\u00e9 par un ressort qui, d\u00e9plac\u00e9 par une cl\u00e9 Allen de 8 mm, tourne, d\u00e9terminant l&rsquo;ouverture ou la fermeture.<\/p>\n","protected":false},"featured_media":3144,"comment_status":"open","ping_status":"closed","template":"","meta":{"_acf_changed":false,"_et_pb_use_builder":"","_et_pb_old_content":"","_et_gb_content_width":""},"product_brand":[],"product_cat":[3751,3746,3641,3687,3689,3705,3704,3698,3702,3701,3690,3748],"product_tag":[],"class_list":{"0":"post-25993","1":"product","2":"type-product","3":"status-publish","4":"has-post-thumbnail","6":"product_cat-automatisation-et-domotique","7":"product_cat-automobile-et-transport","8":"product_cat-serrure-pompiers-1-4-de-tour","9":"product_cat-serrures-a-came","10":"product_cat-serrures-pour-armoires-electriques","11":"product_cat-serrures-pour-entrepots-automatiques","12":"product_cat-serrures-pour-lindustrie-electromecanique","13":"product_cat-serrures-pour-les-moyens-de-transport","14":"product_cat-serrures-pour-les-portes-des-panneaux-lateraux","15":"product_cat-serrures-pour-portes-darmoires-frontales","16":"product_cat-serrures-professionnelles-pour-meubles","17":"product_cat-systemes-de-fermeture-pour-lindustrie","19":"first","20":"instock","21":"shipping-taxable","22":"purchasable","23":"product-type-variable","24":"has-default-attributes"},"acf":{"pdf1":"https:\/\/www.omrserrature.it\/wp-content\/uploads\/2017\/10\/Scheda-163490.pdf"},"yoast_head":"<!-- This site is optimized with the Yoast SEO plugin v27.2 - https:\/\/yoast.com\/product\/yoast-seo-wordpress\/ -->\n<title>Fermeture hexagonale r\u00e9glable - OMR Serrature<\/title>\n<meta name=\"robots\" content=\"index, follow, max-snippet:-1, max-image-preview:large, max-video-preview:-1\" \/>\n<link rel=\"canonical\" href=\"https:\/\/www.omrserrature.it\/fr\/produit\/serrure-hexagonale-reglable\/\" \/>\n<meta property=\"og:locale\" content=\"fr_FR\" \/>\n<meta property=\"og:type\" content=\"article\" \/>\n<meta property=\"og:title\" content=\"Fermeture hexagonale r\u00e9glable - OMR Serrature\" \/>\n<meta property=\"og:description\" content=\"La serrure hexagonale r\u00e9glable 1\/4 de tour - pour cl\u00e9 Allen de 8 mm - se compose d&#039;un corps en alliage de zinc \u00e0 l&#039;int\u00e9rieur duquel se trouve un barillet charg\u00e9 par un ressort qui, d\u00e9plac\u00e9 par une cl\u00e9 Allen de 8 mm, tourne, d\u00e9terminant l&#039;ouverture ou la fermeture.\" \/>\n<meta property=\"og:url\" content=\"https:\/\/www.omrserrature.it\/fr\/produit\/serrure-hexagonale-reglable\/\" \/>\n<meta property=\"og:site_name\" content=\"OMR Serrature | Produzione sistemi di chiusura\" \/>\n<meta property=\"article:publisher\" content=\"https:\/\/www.facebook.com\/OMRserrature\" \/>\n<meta property=\"article:modified_time\" content=\"2026-04-08T10:47:56+00:00\" \/>\n<meta property=\"og:image\" content=\"https:\/\/www.omrserrature.it\/wp-content\/uploads\/2017\/10\/chiusura-regolabile-impronta-esagonale.jpg\" \/>\n\t<meta property=\"og:image:width\" content=\"739\" \/>\n\t<meta property=\"og:image:height\" content=\"561\" \/>\n\t<meta property=\"og:image:type\" content=\"image\/jpeg\" \/>\n<meta name=\"twitter:card\" content=\"summary_large_image\" \/>\n<meta name=\"twitter:label1\" content=\"Dur\u00e9e de lecture estim\u00e9e\" \/>\n\t<meta name=\"twitter:data1\" content=\"1 minute\" \/>\n<script type=\"application\/ld+json\" class=\"yoast-schema-graph\">{\"@context\":\"https:\/\/schema.org\",\"@graph\":[{\"@type\":\"WebPage\",\"@id\":\"https:\/\/www.omrserrature.it\/fr\/produit\/serrure-hexagonale-reglable\/\",\"url\":\"https:\/\/www.omrserrature.it\/fr\/produit\/serrure-hexagonale-reglable\/\",\"name\":\"Fermeture hexagonale r\u00e9glable - OMR Serrature\",\"isPartOf\":{\"@id\":\"https:\/\/www.omrserrature.it\/fr\/#website\"},\"primaryImageOfPage\":{\"@id\":\"https:\/\/www.omrserrature.it\/fr\/produit\/serrure-hexagonale-reglable\/#primaryimage\"},\"image\":{\"@id\":\"https:\/\/www.omrserrature.it\/fr\/produit\/serrure-hexagonale-reglable\/#primaryimage\"},\"thumbnailUrl\":\"https:\/\/www.omrserrature.it\/wp-content\/uploads\/2017\/10\/chiusura-regolabile-impronta-esagonale.jpg\",\"datePublished\":\"2011-10-17T13:54:00+00:00\",\"dateModified\":\"2026-04-08T10:47:56+00:00\",\"breadcrumb\":{\"@id\":\"https:\/\/www.omrserrature.it\/fr\/produit\/serrure-hexagonale-reglable\/#breadcrumb\"},\"inLanguage\":\"fr-FR\",\"potentialAction\":[{\"@type\":\"ReadAction\",\"target\":[\"https:\/\/www.omrserrature.it\/fr\/produit\/serrure-hexagonale-reglable\/\"]}]},{\"@type\":\"ImageObject\",\"inLanguage\":\"fr-FR\",\"@id\":\"https:\/\/www.omrserrature.it\/fr\/produit\/serrure-hexagonale-reglable\/#primaryimage\",\"url\":\"https:\/\/www.omrserrature.it\/wp-content\/uploads\/2017\/10\/chiusura-regolabile-impronta-esagonale.jpg\",\"contentUrl\":\"https:\/\/www.omrserrature.it\/wp-content\/uploads\/2017\/10\/chiusura-regolabile-impronta-esagonale.jpg\",\"width\":739,\"height\":561,\"caption\":\"Fermeture r\u00e9glable 1\/4 de tour avec forme hexagonale\"},{\"@type\":\"BreadcrumbList\",\"@id\":\"https:\/\/www.omrserrature.it\/fr\/produit\/serrure-hexagonale-reglable\/#breadcrumb\",\"itemListElement\":[{\"@type\":\"ListItem\",\"position\":1,\"name\":\"Home\",\"item\":\"https:\/\/www.omrserrature.it\/fr\/omr-serrures-et-systemes-de-verrouillage\/\"},{\"@type\":\"ListItem\",\"position\":2,\"name\":\"Catalogue\",\"item\":\"https:\/\/www.omrserrature.it\/catalogue\/?lang=fr\"},{\"@type\":\"ListItem\",\"position\":3,\"name\":\"Produits\",\"item\":\"https:\/\/www.omrserrature.it\/fr\/catalogue\/produits\/\"},{\"@type\":\"ListItem\",\"position\":4,\"name\":\"Serrures\",\"item\":\"https:\/\/www.omrserrature.it\/fr\/catalogue\/produits\/serrures\/\"},{\"@type\":\"ListItem\",\"position\":5,\"name\":\"Serrure pompiers 1\/4 de tour\",\"item\":\"https:\/\/www.omrserrature.it\/fr\/catalogue\/produits\/serrures\/serrure-pompiers-1-4-de-tour\/\"},{\"@type\":\"ListItem\",\"position\":6,\"name\":\"Fermeture hexagonale r\u00e9glable\"}]},{\"@type\":\"WebSite\",\"@id\":\"https:\/\/www.omrserrature.it\/fr\/#website\",\"url\":\"https:\/\/www.omrserrature.it\/fr\/\",\"name\":\"OMR Serrature | Produzione sistemi di chiusura\",\"description\":\"Produzione serrature di sicurezza e sistemi di chiusura\",\"publisher\":{\"@id\":\"https:\/\/www.omrserrature.it\/fr\/#organization\"},\"potentialAction\":[{\"@type\":\"SearchAction\",\"target\":{\"@type\":\"EntryPoint\",\"urlTemplate\":\"https:\/\/www.omrserrature.it\/fr\/?s={search_term_string}\"},\"query-input\":{\"@type\":\"PropertyValueSpecification\",\"valueRequired\":true,\"valueName\":\"search_term_string\"}}],\"inLanguage\":\"fr-FR\"},{\"@type\":\"Organization\",\"@id\":\"https:\/\/www.omrserrature.it\/fr\/#organization\",\"name\":\"OMR Serrature | Produzione sistemi di chiusura\",\"url\":\"https:\/\/www.omrserrature.it\/fr\/\",\"logo\":{\"@type\":\"ImageObject\",\"inLanguage\":\"fr-FR\",\"@id\":\"https:\/\/www.omrserrature.it\/fr\/#\/schema\/logo\/image\/\",\"url\":\"https:\/\/www.omrserrature.it\/wp-content\/uploads\/2017\/09\/favicon-omr-114.png\",\"contentUrl\":\"https:\/\/www.omrserrature.it\/wp-content\/uploads\/2017\/09\/favicon-omr-114.png\",\"width\":114,\"height\":114,\"caption\":\"OMR Serrature | Produzione sistemi di chiusura\"},\"image\":{\"@id\":\"https:\/\/www.omrserrature.it\/fr\/#\/schema\/logo\/image\/\"},\"sameAs\":[\"https:\/\/www.facebook.com\/OMRserrature\",\"https:\/\/www.linkedin.com\/company\/omrserrature\/\",\"https:\/\/www.youtube.com\/channel\/UCxmA85z2R0EpG_6IRokiAkg\"]}]}<\/script>\n<!-- \/ Yoast SEO plugin. -->","yoast_head_json":{"title":"Fermeture hexagonale r\u00e9glable - OMR Serrature","robots":{"index":"index","follow":"follow","max-snippet":"max-snippet:-1","max-image-preview":"max-image-preview:large","max-video-preview":"max-video-preview:-1"},"canonical":"https:\/\/www.omrserrature.it\/fr\/produit\/serrure-hexagonale-reglable\/","og_locale":"fr_FR","og_type":"article","og_title":"Fermeture hexagonale r\u00e9glable - OMR Serrature","og_description":"La serrure hexagonale r\u00e9glable 1\/4 de tour - pour cl\u00e9 Allen de 8 mm - se compose d'un corps en alliage de zinc \u00e0 l'int\u00e9rieur duquel se trouve un barillet charg\u00e9 par un ressort qui, d\u00e9plac\u00e9 par une cl\u00e9 Allen de 8 mm, tourne, d\u00e9terminant l'ouverture ou la fermeture.","og_url":"https:\/\/www.omrserrature.it\/fr\/produit\/serrure-hexagonale-reglable\/","og_site_name":"OMR Serrature | Produzione sistemi di chiusura","article_publisher":"https:\/\/www.facebook.com\/OMRserrature","article_modified_time":"2026-04-08T10:47:56+00:00","og_image":[{"width":739,"height":561,"url":"https:\/\/www.omrserrature.it\/wp-content\/uploads\/2017\/10\/chiusura-regolabile-impronta-esagonale.jpg","type":"image\/jpeg"}],"twitter_card":"summary_large_image","twitter_misc":{"Dur\u00e9e de lecture estim\u00e9e":"1 minute"},"schema":{"@context":"https:\/\/schema.org","@graph":[{"@type":"WebPage","@id":"https:\/\/www.omrserrature.it\/fr\/produit\/serrure-hexagonale-reglable\/","url":"https:\/\/www.omrserrature.it\/fr\/produit\/serrure-hexagonale-reglable\/","name":"Fermeture hexagonale r\u00e9glable - OMR Serrature","isPartOf":{"@id":"https:\/\/www.omrserrature.it\/fr\/#website"},"primaryImageOfPage":{"@id":"https:\/\/www.omrserrature.it\/fr\/produit\/serrure-hexagonale-reglable\/#primaryimage"},"image":{"@id":"https:\/\/www.omrserrature.it\/fr\/produit\/serrure-hexagonale-reglable\/#primaryimage"},"thumbnailUrl":"https:\/\/www.omrserrature.it\/wp-content\/uploads\/2017\/10\/chiusura-regolabile-impronta-esagonale.jpg","datePublished":"2011-10-17T13:54:00+00:00","dateModified":"2026-04-08T10:47:56+00:00","breadcrumb":{"@id":"https:\/\/www.omrserrature.it\/fr\/produit\/serrure-hexagonale-reglable\/#breadcrumb"},"inLanguage":"fr-FR","potentialAction":[{"@type":"ReadAction","target":["https:\/\/www.omrserrature.it\/fr\/produit\/serrure-hexagonale-reglable\/"]}]},{"@type":"ImageObject","inLanguage":"fr-FR","@id":"https:\/\/www.omrserrature.it\/fr\/produit\/serrure-hexagonale-reglable\/#primaryimage","url":"https:\/\/www.omrserrature.it\/wp-content\/uploads\/2017\/10\/chiusura-regolabile-impronta-esagonale.jpg","contentUrl":"https:\/\/www.omrserrature.it\/wp-content\/uploads\/2017\/10\/chiusura-regolabile-impronta-esagonale.jpg","width":739,"height":561,"caption":"Fermeture r\u00e9glable 1\/4 de tour avec forme hexagonale"},{"@type":"BreadcrumbList","@id":"https:\/\/www.omrserrature.it\/fr\/produit\/serrure-hexagonale-reglable\/#breadcrumb","itemListElement":[{"@type":"ListItem","position":1,"name":"Home","item":"https:\/\/www.omrserrature.it\/fr\/omr-serrures-et-systemes-de-verrouillage\/"},{"@type":"ListItem","position":2,"name":"Catalogue","item":"https:\/\/www.omrserrature.it\/catalogue\/?lang=fr"},{"@type":"ListItem","position":3,"name":"Produits","item":"https:\/\/www.omrserrature.it\/fr\/catalogue\/produits\/"},{"@type":"ListItem","position":4,"name":"Serrures","item":"https:\/\/www.omrserrature.it\/fr\/catalogue\/produits\/serrures\/"},{"@type":"ListItem","position":5,"name":"Serrure pompiers 1\/4 de tour","item":"https:\/\/www.omrserrature.it\/fr\/catalogue\/produits\/serrures\/serrure-pompiers-1-4-de-tour\/"},{"@type":"ListItem","position":6,"name":"Fermeture hexagonale r\u00e9glable"}]},{"@type":"WebSite","@id":"https:\/\/www.omrserrature.it\/fr\/#website","url":"https:\/\/www.omrserrature.it\/fr\/","name":"OMR Serrature | Produzione sistemi di chiusura","description":"Produzione serrature di sicurezza e sistemi di chiusura","publisher":{"@id":"https:\/\/www.omrserrature.it\/fr\/#organization"},"potentialAction":[{"@type":"SearchAction","target":{"@type":"EntryPoint","urlTemplate":"https:\/\/www.omrserrature.it\/fr\/?s={search_term_string}"},"query-input":{"@type":"PropertyValueSpecification","valueRequired":true,"valueName":"search_term_string"}}],"inLanguage":"fr-FR"},{"@type":"Organization","@id":"https:\/\/www.omrserrature.it\/fr\/#organization","name":"OMR Serrature | Produzione sistemi di chiusura","url":"https:\/\/www.omrserrature.it\/fr\/","logo":{"@type":"ImageObject","inLanguage":"fr-FR","@id":"https:\/\/www.omrserrature.it\/fr\/#\/schema\/logo\/image\/","url":"https:\/\/www.omrserrature.it\/wp-content\/uploads\/2017\/09\/favicon-omr-114.png","contentUrl":"https:\/\/www.omrserrature.it\/wp-content\/uploads\/2017\/09\/favicon-omr-114.png","width":114,"height":114,"caption":"OMR Serrature | Produzione sistemi di chiusura"},"image":{"@id":"https:\/\/www.omrserrature.it\/fr\/#\/schema\/logo\/image\/"},"sameAs":["https:\/\/www.facebook.com\/OMRserrature","https:\/\/www.linkedin.com\/company\/omrserrature\/","https:\/\/www.youtube.com\/channel\/UCxmA85z2R0EpG_6IRokiAkg"]}]}},"_links":{"self":[{"href":"https:\/\/www.omrserrature.it\/fr\/wp-json\/wp\/v2\/product\/25993","targetHints":{"allow":["GET"]}}],"collection":[{"href":"https:\/\/www.omrserrature.it\/fr\/wp-json\/wp\/v2\/product"}],"about":[{"href":"https:\/\/www.omrserrature.it\/fr\/wp-json\/wp\/v2\/types\/product"}],"replies":[{"embeddable":true,"href":"https:\/\/www.omrserrature.it\/fr\/wp-json\/wp\/v2\/comments?post=25993"}],"wp:featuredmedia":[{"embeddable":true,"href":"https:\/\/www.omrserrature.it\/fr\/wp-json\/wp\/v2\/media\/3144"}],"wp:attachment":[{"href":"https:\/\/www.omrserrature.it\/fr\/wp-json\/wp\/v2\/media?parent=25993"}],"wp:term":[{"taxonomy":"product_brand","embeddable":true,"href":"https:\/\/www.omrserrature.it\/fr\/wp-json\/wp\/v2\/product_brand?post=25993"},{"taxonomy":"product_cat","embeddable":true,"href":"https:\/\/www.omrserrature.it\/fr\/wp-json\/wp\/v2\/product_cat?post=25993"},{"taxonomy":"product_tag","embeddable":true,"href":"https:\/\/www.omrserrature.it\/fr\/wp-json\/wp\/v2\/product_tag?post=25993"}],"curies":[{"name":"wp","href":"https:\/\/api.w.org\/{rel}","templated":true}]}}