{"id":25981,"date":"2017-10-11T14:34:07","date_gmt":"2011-10-17T12:34:00","guid":{"rendered":"https:\/\/www.staging6.omrserrature.it\/prodotto\/poignee-a-bouton-poussoir-avec-fourche\/"},"modified":"2026-04-08T13:16:05","modified_gmt":"2026-04-08T11:16:05","slug":"poignee-a-bouton-poussoir-avec-fourche","status":"publish","type":"product","link":"https:\/\/www.omrserrature.it\/fr\/produit\/poignee-a-bouton-poussoir-avec-fourche\/","title":{"rendered":"Poign\u00e9e \u00e0 bouton poussoir avec fourchette"},"content":{"rendered":"<p>La Poign\u00e9e \u00e0 bouton poussoir 1\/4 de tour se compose d&rsquo;un stator et d&rsquo;une cl\u00e9 fixe en alliage de zinc. Pour ouvrir et fermer la serrure, il faut<strong> saisir la poign\u00e9e, appuyer \u00e0 fond sur la cl\u00e9 fixe puis la tourner.<\/strong> Le barillet \u00e0 ressort emp\u00eache toute ouverture accidentelle ou provoqu\u00e9e par des tringles. <strong>La fourchette <\/strong>(\u00e9galement appel\u00e9e clip) <strong>permet une fixation rapide<\/strong> sur des tringles m\u00e9talliques de diff\u00e9rentes \u00e9paisseurs.  <\/p>\n<p><strong>L&rsquo;extr\u00e9mit\u00e9 carr\u00e9e de 7 mm<\/strong> permet \u00e9galement l&rsquo;installation d&rsquo;une vari\u00e9t\u00e9 de <strong>cames droites, coud\u00e9es ou \u00e0 crochet<\/strong>, sans n\u00e9gliger la possibilit\u00e9 d&rsquo;appliquer des cames multipoints pour le mouvement des tringles. <strong>Le bouton-poussoir<\/strong> peut \u00e9galement \u00eatre r\u00e9alis\u00e9 en <strong>technopolym\u00e8re<\/strong>, un \u00ab\u00a0plastique m\u00e9tallique\u00a0\u00bb sp\u00e9cial qui garantit des performances m\u00e9caniques \u00e9quivalentes \u00e0 celles de l&rsquo;alliage d&rsquo;aluminium, une r\u00e9sistance aux agents atmosph\u00e9riques et \u00e0 la corrosion, ainsi qu&rsquo;une int\u00e9gration parfaite \u00e0 votre produit fini, gr\u00e2ce \u00e0 la vaste gamme de couleurs disponibles.<\/p>\n<p>Gr\u00e2ce \u00e0 la poign\u00e9e de pression pratique sur la bo\u00eete, l <strong>&lsquo;ouverture involontaire est \u00e9vit\u00e9e m\u00eame en pr\u00e9sence de vibrations<\/strong>. Les applications sont multiples : bo\u00eetes \u00e0 gaz, meubles de balcon, armoires m\u00e9talliques, machines industrielles, machines agricoles ou bo\u00eetes de secours. <\/p>\n","protected":false},"excerpt":{"rendered":"<p>La Poign\u00e9e \u00e0 bouton-poussoir 1\/4 de tour se compose d&rsquo;un stator et d&rsquo;une cl\u00e9 fixe en alliage de zinc. Pour ouvrir et fermer la serrure, il faut<strong> saisir la poign\u00e9e, appuyer \u00e0 fond sur la cl\u00e9 fixe, puis la tourner.<\/strong> <\/p>\n<p>Le barillet \u00e0 ressort emp\u00eache toute ouverture accidentelle ou due \u00e0 des tringles. <strong>La fourchette <\/strong>(\u00e9galement appel\u00e9e clip) <strong>permet une fixation rapide<\/strong> sur les portes m\u00e9talliques de diff\u00e9rentes \u00e9paisseurs.<\/p>\n","protected":false},"featured_media":18499,"comment_status":"open","ping_status":"closed","template":"","meta":{"_acf_changed":false,"_et_pb_use_builder":"","_et_pb_old_content":"","_et_gb_content_width":""},"product_brand":[],"product_cat":[3756,3751,3747,3752,3737,3664,3641,3687,3734,3722,3689,3707,3705,3704,3698,3702,3701,3690,3748],"product_tag":[],"class_list":{"0":"post-25981","1":"product","2":"type-product","3":"status-publish","4":"has-post-thumbnail","6":"product_cat-architecture-urbanisme-et-design","7":"product_cat-automatisation-et-domotique","8":"product_cat-eau-air-gaz-pour-les-entreprises","9":"product_cat-recyclage-ecologique-recyclage-des-dechets","10":"product_cat-serrure-de-bateau","11":"product_cat-serrure-etanche-inox","12":"product_cat-serrure-pompiers-1-4-de-tour","13":"product_cat-serrures-a-came","14":"product_cat-serrures-de-fourgonnettes","15":"product_cat-serrures-de-portes","16":"product_cat-serrures-pour-armoires-electriques","17":"product_cat-serrures-pour-distributeurs","18":"product_cat-serrures-pour-entrepots-automatiques","19":"product_cat-serrures-pour-lindustrie-electromecanique","20":"product_cat-serrures-pour-les-moyens-de-transport","21":"product_cat-serrures-pour-les-portes-des-panneaux-lateraux","22":"product_cat-serrures-pour-portes-darmoires-frontales","23":"product_cat-serrures-professionnelles-pour-meubles","24":"product_cat-systemes-de-fermeture-pour-lindustrie","26":"first","27":"instock","28":"shipping-taxable","29":"purchasable","30":"product-type-variable","31":"has-default-attributes"},"acf":{"pdf1":"https:\/\/www.omrserrature.it\/wp-content\/uploads\/2017\/10\/Scheda-165575.pdf"},"yoast_head":"<!-- This site is optimized with the Yoast SEO plugin v27.2 - https:\/\/yoast.com\/product\/yoast-seo-wordpress\/ -->\n<title>Poign\u00e9e \u00e0 bouton poussoir avec fourchette - OMR Serrature<\/title>\n<meta name=\"robots\" content=\"index, follow, max-snippet:-1, max-image-preview:large, max-video-preview:-1\" \/>\n<link rel=\"canonical\" href=\"https:\/\/www.omrserrature.it\/fr\/produit\/poignee-a-bouton-poussoir-avec-fourche\/\" \/>\n<meta property=\"og:locale\" content=\"fr_FR\" \/>\n<meta property=\"og:type\" content=\"article\" \/>\n<meta property=\"og:title\" content=\"Poign\u00e9e \u00e0 bouton poussoir avec fourchette - OMR Serrature\" \/>\n<meta property=\"og:description\" content=\"La Poign\u00e9e \u00e0 bouton-poussoir 1\/4 de tour se compose d&#039;un stator et d&#039;une cl\u00e9 fixe en alliage de zinc. Pour ouvrir et fermer la serrure, il faut saisir la poign\u00e9e, appuyer \u00e0 fond sur la cl\u00e9 fixe, puis la tourner.  Le barillet \u00e0 ressort emp\u00eache toute ouverture accidentelle ou due \u00e0 des tringles. La fourchette (\u00e9galement appel\u00e9e clip) permet une fixation rapide sur les portes m\u00e9talliques de diff\u00e9rentes \u00e9paisseurs.\" \/>\n<meta property=\"og:url\" content=\"https:\/\/www.omrserrature.it\/fr\/produit\/poignee-a-bouton-poussoir-avec-fourche\/\" \/>\n<meta property=\"og:site_name\" content=\"OMR Serrature | Produzione sistemi di chiusura\" \/>\n<meta property=\"article:publisher\" content=\"https:\/\/www.facebook.com\/OMRserrature\" \/>\n<meta property=\"article:modified_time\" content=\"2026-04-08T11:16:05+00:00\" \/>\n<meta property=\"og:image\" content=\"https:\/\/www.omrserrature.it\/wp-content\/uploads\/2017\/10\/Maniglietta-a-pulsante-con-forcella.jpg\" \/>\n\t<meta property=\"og:image:width\" content=\"600\" \/>\n\t<meta property=\"og:image:height\" content=\"600\" \/>\n\t<meta property=\"og:image:type\" content=\"image\/jpeg\" \/>\n<meta name=\"twitter:card\" content=\"summary_large_image\" \/>\n<meta name=\"twitter:label1\" content=\"Dur\u00e9e de lecture estim\u00e9e\" \/>\n\t<meta name=\"twitter:data1\" content=\"1 minute\" \/>\n<script type=\"application\/ld+json\" class=\"yoast-schema-graph\">{\"@context\":\"https:\/\/schema.org\",\"@graph\":[{\"@type\":\"WebPage\",\"@id\":\"https:\/\/www.omrserrature.it\/fr\/produit\/poignee-a-bouton-poussoir-avec-fourche\/\",\"url\":\"https:\/\/www.omrserrature.it\/fr\/produit\/poignee-a-bouton-poussoir-avec-fourche\/\",\"name\":\"Poign\u00e9e \u00e0 bouton poussoir avec fourchette - OMR Serrature\",\"isPartOf\":{\"@id\":\"https:\/\/www.omrserrature.it\/fr\/#website\"},\"primaryImageOfPage\":{\"@id\":\"https:\/\/www.omrserrature.it\/fr\/produit\/poignee-a-bouton-poussoir-avec-fourche\/#primaryimage\"},\"image\":{\"@id\":\"https:\/\/www.omrserrature.it\/fr\/produit\/poignee-a-bouton-poussoir-avec-fourche\/#primaryimage\"},\"thumbnailUrl\":\"https:\/\/www.omrserrature.it\/wp-content\/uploads\/2017\/10\/Maniglietta-a-pulsante-con-forcella.jpg\",\"datePublished\":\"2011-10-17T12:34:00+00:00\",\"dateModified\":\"2026-04-08T11:16:05+00:00\",\"breadcrumb\":{\"@id\":\"https:\/\/www.omrserrature.it\/fr\/produit\/poignee-a-bouton-poussoir-avec-fourche\/#breadcrumb\"},\"inLanguage\":\"fr-FR\",\"potentialAction\":[{\"@type\":\"ReadAction\",\"target\":[\"https:\/\/www.omrserrature.it\/fr\/produit\/poignee-a-bouton-poussoir-avec-fourche\/\"]}]},{\"@type\":\"ImageObject\",\"inLanguage\":\"fr-FR\",\"@id\":\"https:\/\/www.omrserrature.it\/fr\/produit\/poignee-a-bouton-poussoir-avec-fourche\/#primaryimage\",\"url\":\"https:\/\/www.omrserrature.it\/wp-content\/uploads\/2017\/10\/Maniglietta-a-pulsante-con-forcella.jpg\",\"contentUrl\":\"https:\/\/www.omrserrature.it\/wp-content\/uploads\/2017\/10\/Maniglietta-a-pulsante-con-forcella.jpg\",\"width\":600,\"height\":600,\"caption\":\"Poign\u00e9e \u00e0 bouton poussoir avec fourchette\"},{\"@type\":\"BreadcrumbList\",\"@id\":\"https:\/\/www.omrserrature.it\/fr\/produit\/poignee-a-bouton-poussoir-avec-fourche\/#breadcrumb\",\"itemListElement\":[{\"@type\":\"ListItem\",\"position\":1,\"name\":\"Home\",\"item\":\"https:\/\/www.omrserrature.it\/fr\/omr-serrures-et-systemes-de-verrouillage\/\"},{\"@type\":\"ListItem\",\"position\":2,\"name\":\"Catalogue\",\"item\":\"https:\/\/www.omrserrature.it\/catalogue\/?lang=fr\"},{\"@type\":\"ListItem\",\"position\":3,\"name\":\"Produits\",\"item\":\"https:\/\/www.omrserrature.it\/fr\/catalogue\/produits\/\"},{\"@type\":\"ListItem\",\"position\":4,\"name\":\"Serrures\",\"item\":\"https:\/\/www.omrserrature.it\/fr\/catalogue\/produits\/serrures\/\"},{\"@type\":\"ListItem\",\"position\":5,\"name\":\"Serrure pompiers 1\/4 de tour\",\"item\":\"https:\/\/www.omrserrature.it\/fr\/catalogue\/produits\/serrures\/serrure-pompiers-1-4-de-tour\/\"},{\"@type\":\"ListItem\",\"position\":6,\"name\":\"Poign\u00e9e \u00e0 bouton poussoir avec fourchette\"}]},{\"@type\":\"WebSite\",\"@id\":\"https:\/\/www.omrserrature.it\/fr\/#website\",\"url\":\"https:\/\/www.omrserrature.it\/fr\/\",\"name\":\"OMR Serrature | Produzione sistemi di chiusura\",\"description\":\"Produzione serrature di sicurezza e sistemi di chiusura\",\"publisher\":{\"@id\":\"https:\/\/www.omrserrature.it\/fr\/#organization\"},\"potentialAction\":[{\"@type\":\"SearchAction\",\"target\":{\"@type\":\"EntryPoint\",\"urlTemplate\":\"https:\/\/www.omrserrature.it\/fr\/?s={search_term_string}\"},\"query-input\":{\"@type\":\"PropertyValueSpecification\",\"valueRequired\":true,\"valueName\":\"search_term_string\"}}],\"inLanguage\":\"fr-FR\"},{\"@type\":\"Organization\",\"@id\":\"https:\/\/www.omrserrature.it\/fr\/#organization\",\"name\":\"OMR Serrature | Produzione sistemi di chiusura\",\"url\":\"https:\/\/www.omrserrature.it\/fr\/\",\"logo\":{\"@type\":\"ImageObject\",\"inLanguage\":\"fr-FR\",\"@id\":\"https:\/\/www.omrserrature.it\/fr\/#\/schema\/logo\/image\/\",\"url\":\"https:\/\/www.omrserrature.it\/wp-content\/uploads\/2017\/09\/favicon-omr-114.png\",\"contentUrl\":\"https:\/\/www.omrserrature.it\/wp-content\/uploads\/2017\/09\/favicon-omr-114.png\",\"width\":114,\"height\":114,\"caption\":\"OMR Serrature | Produzione sistemi di chiusura\"},\"image\":{\"@id\":\"https:\/\/www.omrserrature.it\/fr\/#\/schema\/logo\/image\/\"},\"sameAs\":[\"https:\/\/www.facebook.com\/OMRserrature\",\"https:\/\/www.linkedin.com\/company\/omrserrature\/\",\"https:\/\/www.youtube.com\/channel\/UCxmA85z2R0EpG_6IRokiAkg\"]}]}<\/script>\n<!-- \/ Yoast SEO plugin. -->","yoast_head_json":{"title":"Poign\u00e9e \u00e0 bouton poussoir avec fourchette - OMR Serrature","robots":{"index":"index","follow":"follow","max-snippet":"max-snippet:-1","max-image-preview":"max-image-preview:large","max-video-preview":"max-video-preview:-1"},"canonical":"https:\/\/www.omrserrature.it\/fr\/produit\/poignee-a-bouton-poussoir-avec-fourche\/","og_locale":"fr_FR","og_type":"article","og_title":"Poign\u00e9e \u00e0 bouton poussoir avec fourchette - OMR Serrature","og_description":"La Poign\u00e9e \u00e0 bouton-poussoir 1\/4 de tour se compose d'un stator et d'une cl\u00e9 fixe en alliage de zinc. Pour ouvrir et fermer la serrure, il faut saisir la poign\u00e9e, appuyer \u00e0 fond sur la cl\u00e9 fixe, puis la tourner.  Le barillet \u00e0 ressort emp\u00eache toute ouverture accidentelle ou due \u00e0 des tringles. La fourchette (\u00e9galement appel\u00e9e clip) permet une fixation rapide sur les portes m\u00e9talliques de diff\u00e9rentes \u00e9paisseurs.","og_url":"https:\/\/www.omrserrature.it\/fr\/produit\/poignee-a-bouton-poussoir-avec-fourche\/","og_site_name":"OMR Serrature | Produzione sistemi di chiusura","article_publisher":"https:\/\/www.facebook.com\/OMRserrature","article_modified_time":"2026-04-08T11:16:05+00:00","og_image":[{"width":600,"height":600,"url":"https:\/\/www.omrserrature.it\/wp-content\/uploads\/2017\/10\/Maniglietta-a-pulsante-con-forcella.jpg","type":"image\/jpeg"}],"twitter_card":"summary_large_image","twitter_misc":{"Dur\u00e9e de lecture estim\u00e9e":"1 minute"},"schema":{"@context":"https:\/\/schema.org","@graph":[{"@type":"WebPage","@id":"https:\/\/www.omrserrature.it\/fr\/produit\/poignee-a-bouton-poussoir-avec-fourche\/","url":"https:\/\/www.omrserrature.it\/fr\/produit\/poignee-a-bouton-poussoir-avec-fourche\/","name":"Poign\u00e9e \u00e0 bouton poussoir avec fourchette - OMR Serrature","isPartOf":{"@id":"https:\/\/www.omrserrature.it\/fr\/#website"},"primaryImageOfPage":{"@id":"https:\/\/www.omrserrature.it\/fr\/produit\/poignee-a-bouton-poussoir-avec-fourche\/#primaryimage"},"image":{"@id":"https:\/\/www.omrserrature.it\/fr\/produit\/poignee-a-bouton-poussoir-avec-fourche\/#primaryimage"},"thumbnailUrl":"https:\/\/www.omrserrature.it\/wp-content\/uploads\/2017\/10\/Maniglietta-a-pulsante-con-forcella.jpg","datePublished":"2011-10-17T12:34:00+00:00","dateModified":"2026-04-08T11:16:05+00:00","breadcrumb":{"@id":"https:\/\/www.omrserrature.it\/fr\/produit\/poignee-a-bouton-poussoir-avec-fourche\/#breadcrumb"},"inLanguage":"fr-FR","potentialAction":[{"@type":"ReadAction","target":["https:\/\/www.omrserrature.it\/fr\/produit\/poignee-a-bouton-poussoir-avec-fourche\/"]}]},{"@type":"ImageObject","inLanguage":"fr-FR","@id":"https:\/\/www.omrserrature.it\/fr\/produit\/poignee-a-bouton-poussoir-avec-fourche\/#primaryimage","url":"https:\/\/www.omrserrature.it\/wp-content\/uploads\/2017\/10\/Maniglietta-a-pulsante-con-forcella.jpg","contentUrl":"https:\/\/www.omrserrature.it\/wp-content\/uploads\/2017\/10\/Maniglietta-a-pulsante-con-forcella.jpg","width":600,"height":600,"caption":"Poign\u00e9e \u00e0 bouton poussoir avec fourchette"},{"@type":"BreadcrumbList","@id":"https:\/\/www.omrserrature.it\/fr\/produit\/poignee-a-bouton-poussoir-avec-fourche\/#breadcrumb","itemListElement":[{"@type":"ListItem","position":1,"name":"Home","item":"https:\/\/www.omrserrature.it\/fr\/omr-serrures-et-systemes-de-verrouillage\/"},{"@type":"ListItem","position":2,"name":"Catalogue","item":"https:\/\/www.omrserrature.it\/catalogue\/?lang=fr"},{"@type":"ListItem","position":3,"name":"Produits","item":"https:\/\/www.omrserrature.it\/fr\/catalogue\/produits\/"},{"@type":"ListItem","position":4,"name":"Serrures","item":"https:\/\/www.omrserrature.it\/fr\/catalogue\/produits\/serrures\/"},{"@type":"ListItem","position":5,"name":"Serrure pompiers 1\/4 de tour","item":"https:\/\/www.omrserrature.it\/fr\/catalogue\/produits\/serrures\/serrure-pompiers-1-4-de-tour\/"},{"@type":"ListItem","position":6,"name":"Poign\u00e9e \u00e0 bouton poussoir avec fourchette"}]},{"@type":"WebSite","@id":"https:\/\/www.omrserrature.it\/fr\/#website","url":"https:\/\/www.omrserrature.it\/fr\/","name":"OMR Serrature | Produzione sistemi di chiusura","description":"Produzione serrature di sicurezza e sistemi di chiusura","publisher":{"@id":"https:\/\/www.omrserrature.it\/fr\/#organization"},"potentialAction":[{"@type":"SearchAction","target":{"@type":"EntryPoint","urlTemplate":"https:\/\/www.omrserrature.it\/fr\/?s={search_term_string}"},"query-input":{"@type":"PropertyValueSpecification","valueRequired":true,"valueName":"search_term_string"}}],"inLanguage":"fr-FR"},{"@type":"Organization","@id":"https:\/\/www.omrserrature.it\/fr\/#organization","name":"OMR Serrature | Produzione sistemi di chiusura","url":"https:\/\/www.omrserrature.it\/fr\/","logo":{"@type":"ImageObject","inLanguage":"fr-FR","@id":"https:\/\/www.omrserrature.it\/fr\/#\/schema\/logo\/image\/","url":"https:\/\/www.omrserrature.it\/wp-content\/uploads\/2017\/09\/favicon-omr-114.png","contentUrl":"https:\/\/www.omrserrature.it\/wp-content\/uploads\/2017\/09\/favicon-omr-114.png","width":114,"height":114,"caption":"OMR Serrature | Produzione sistemi di chiusura"},"image":{"@id":"https:\/\/www.omrserrature.it\/fr\/#\/schema\/logo\/image\/"},"sameAs":["https:\/\/www.facebook.com\/OMRserrature","https:\/\/www.linkedin.com\/company\/omrserrature\/","https:\/\/www.youtube.com\/channel\/UCxmA85z2R0EpG_6IRokiAkg"]}]}},"_links":{"self":[{"href":"https:\/\/www.omrserrature.it\/fr\/wp-json\/wp\/v2\/product\/25981","targetHints":{"allow":["GET"]}}],"collection":[{"href":"https:\/\/www.omrserrature.it\/fr\/wp-json\/wp\/v2\/product"}],"about":[{"href":"https:\/\/www.omrserrature.it\/fr\/wp-json\/wp\/v2\/types\/product"}],"replies":[{"embeddable":true,"href":"https:\/\/www.omrserrature.it\/fr\/wp-json\/wp\/v2\/comments?post=25981"}],"wp:featuredmedia":[{"embeddable":true,"href":"https:\/\/www.omrserrature.it\/fr\/wp-json\/wp\/v2\/media\/18499"}],"wp:attachment":[{"href":"https:\/\/www.omrserrature.it\/fr\/wp-json\/wp\/v2\/media?parent=25981"}],"wp:term":[{"taxonomy":"product_brand","embeddable":true,"href":"https:\/\/www.omrserrature.it\/fr\/wp-json\/wp\/v2\/product_brand?post=25981"},{"taxonomy":"product_cat","embeddable":true,"href":"https:\/\/www.omrserrature.it\/fr\/wp-json\/wp\/v2\/product_cat?post=25981"},{"taxonomy":"product_tag","embeddable":true,"href":"https:\/\/www.omrserrature.it\/fr\/wp-json\/wp\/v2\/product_tag?post=25981"}],"curies":[{"name":"wp","href":"https:\/\/api.w.org\/{rel}","templated":true}]}}