{"id":259752,"date":"2017-10-12T17:32:27","date_gmt":"2012-10-17T15:32:00","guid":{"rendered":"https:\/\/www.omrserrature.it\/prodotto\/lamelles-a-2-points-tringles\/"},"modified":"2017-10-12T17:32:27","modified_gmt":"2017-10-12T15:32:27","slug":"lamelles-a-2-points-tringles","status":"publish","type":"product","link":"https:\/\/www.omrserrature.it\/fr\/produit\/lamelles-a-2-points-tringles\/","title":{"rendered":"Lamelles \u00e0 2 points tringles"},"content":{"rendered":"<p>La <strong>serrure \u00e0 cr\u00e9mone \u00e0 deux points<\/strong> permet une installation parfaite sur les <strong>portes en bois et les portes de balcon<\/strong>, ainsi que sur les <strong>armoires<\/strong><strong> \u00e9lectriques<\/strong> et de <strong>commande<\/strong>, les portes, les meubles de bureau et les <strong>portes d&rsquo;armoires hautes en bois et en m\u00e9tal<\/strong>. Le m\u00e9canisme interne est entra\u00een\u00e9 par un barillet \u00e0 paillettes en alliage. Cette<strong> serrure \u00e0 espagnolette<\/strong> offre deux points d&rsquo;expansion.  <\/p>\n<p>La <strong>serrure \u00e0 cr\u00e9mone 2 points<\/strong>, \u00e9galement appel\u00e9e serrure \u00e0 d\u00e9calage, serrure \u00e0 mortaiser ou serrure <strong>\u00e0 double expansion<\/strong>, se compose d&rsquo;un coffre et d&rsquo;un cylindre avec un m\u00e9canisme \u00e0 paillettes en m\u00e9tal moul\u00e9 sous pression. L&rsquo;introduction de la cl\u00e9 et la rotation du cylindre mettent en mouvement les deux maillons auxquels sont reli\u00e9es les <strong>Tringles<\/strong> qui, par un mouvement de glissement, permettent d&rsquo;ouvrir ou de fermer la porte.<\/p>\n","protected":false},"excerpt":{"rendered":"<p>La serrure \u00e0 cr\u00e9mone \u00e0 deux points permet une installation parfaite sur les portes en bois et les portes de balcon, ainsi que sur les armoires \u00e9lectriques et de commande, les portes, les meubles de bureau et les portes d&rsquo;armoires hautes en bois et en m\u00e9tal. Le m\u00e9canisme interne est entra\u00een\u00e9 par un barillet \u00e0 paillettes en alliage. Cette serrure \u00e0 espagnolette offre deux points d&rsquo;expansion.  <\/p>\n","protected":false},"featured_media":3750,"comment_status":"open","ping_status":"closed","template":"","meta":{"_acf_changed":false,"_et_pb_use_builder":"","_et_pb_old_content":"","_et_gb_content_width":""},"product_brand":[],"product_cat":[3658,3644],"product_tag":[],"class_list":{"0":"post-259752","1":"product","2":"type-product","3":"status-publish","4":"has-post-thumbnail","6":"product_cat-serrures-a-passe-partout","7":"product_cat-serrures-multipoints","9":"first","10":"instock","11":"shipping-taxable","12":"product-type-simple"},"acf":{"pdf1":"https:\/\/www.omrserrature.it\/wp-content\/uploads\/schede\/Scheda_220250.pdf"},"yoast_head":"<!-- This site is optimized with the Yoast SEO plugin v27.2 - https:\/\/yoast.com\/product\/yoast-seo-wordpress\/ -->\n<title>Lamelles \u00e0 2 points tringles - OMR Serrature<\/title>\n<meta name=\"robots\" content=\"index, follow, max-snippet:-1, max-image-preview:large, max-video-preview:-1\" \/>\n<link rel=\"canonical\" href=\"https:\/\/www.omrserrature.it\/fr\/produit\/lamelles-a-2-points-tringles\/\" \/>\n<meta property=\"og:locale\" content=\"fr_FR\" \/>\n<meta property=\"og:type\" content=\"article\" \/>\n<meta property=\"og:title\" content=\"Lamelles \u00e0 2 points tringles - OMR Serrature\" \/>\n<meta property=\"og:description\" content=\"La serrure \u00e0 cr\u00e9mone \u00e0 deux points permet une installation parfaite sur les portes en bois et les portes de balcon, ainsi que sur les armoires \u00e9lectriques et de commande, les portes, les meubles de bureau et les portes d&#039;armoires hautes en bois et en m\u00e9tal. Le m\u00e9canisme interne est entra\u00een\u00e9 par un barillet \u00e0 paillettes en alliage. Cette serrure \u00e0 espagnolette offre deux points d&#039;expansion.\" \/>\n<meta property=\"og:url\" content=\"https:\/\/www.omrserrature.it\/fr\/produit\/lamelles-a-2-points-tringles\/\" \/>\n<meta property=\"og:site_name\" content=\"OMR Serrature | Produzione sistemi di chiusura\" \/>\n<meta property=\"article:publisher\" content=\"https:\/\/www.facebook.com\/OMRserrature\" \/>\n<meta property=\"article:modified_time\" content=\"2017-10-12T15:32:27+00:00\" \/>\n<meta property=\"og:image\" content=\"https:\/\/www.omrserrature.it\/wp-content\/uploads\/2017\/10\/serratura-cremonese-2-punti-lamelle.jpg\" \/>\n\t<meta property=\"og:image:width\" content=\"1000\" \/>\n\t<meta property=\"og:image:height\" content=\"1000\" \/>\n\t<meta property=\"og:image:type\" content=\"image\/jpeg\" \/>\n<meta name=\"twitter:card\" content=\"summary_large_image\" \/>\n<meta name=\"twitter:label1\" content=\"Dur\u00e9e de lecture estim\u00e9e\" \/>\n\t<meta name=\"twitter:data1\" content=\"1 minute\" \/>\n<script type=\"application\/ld+json\" class=\"yoast-schema-graph\">{\"@context\":\"https:\/\/schema.org\",\"@graph\":[{\"@type\":\"WebPage\",\"@id\":\"https:\/\/www.omrserrature.it\/fr\/produit\/lamelles-a-2-points-tringles\/\",\"url\":\"https:\/\/www.omrserrature.it\/fr\/produit\/lamelles-a-2-points-tringles\/\",\"name\":\"Lamelles \u00e0 2 points tringles - OMR Serrature\",\"isPartOf\":{\"@id\":\"https:\/\/www.omrserrature.it\/fr\/#website\"},\"primaryImageOfPage\":{\"@id\":\"https:\/\/www.omrserrature.it\/fr\/produit\/lamelles-a-2-points-tringles\/#primaryimage\"},\"image\":{\"@id\":\"https:\/\/www.omrserrature.it\/fr\/produit\/lamelles-a-2-points-tringles\/#primaryimage\"},\"thumbnailUrl\":\"https:\/\/www.omrserrature.it\/wp-content\/uploads\/2017\/10\/serratura-cremonese-2-punti-lamelle.jpg\",\"datePublished\":\"2012-10-17T15:32:00+00:00\",\"dateModified\":\"2017-10-12T15:32:27+00:00\",\"breadcrumb\":{\"@id\":\"https:\/\/www.omrserrature.it\/fr\/produit\/lamelles-a-2-points-tringles\/#breadcrumb\"},\"inLanguage\":\"fr-FR\",\"potentialAction\":[{\"@type\":\"ReadAction\",\"target\":[\"https:\/\/www.omrserrature.it\/fr\/produit\/lamelles-a-2-points-tringles\/\"]}]},{\"@type\":\"ImageObject\",\"inLanguage\":\"fr-FR\",\"@id\":\"https:\/\/www.omrserrature.it\/fr\/produit\/lamelles-a-2-points-tringles\/#primaryimage\",\"url\":\"https:\/\/www.omrserrature.it\/wp-content\/uploads\/2017\/10\/serratura-cremonese-2-punti-lamelle.jpg\",\"contentUrl\":\"https:\/\/www.omrserrature.it\/wp-content\/uploads\/2017\/10\/serratura-cremonese-2-punti-lamelle.jpg\",\"width\":979,\"height\":542,\"caption\":\"Tringles \u00e0 lamelles 2 points - technopolym\u00e8re\"},{\"@type\":\"BreadcrumbList\",\"@id\":\"https:\/\/www.omrserrature.it\/fr\/produit\/lamelles-a-2-points-tringles\/#breadcrumb\",\"itemListElement\":[{\"@type\":\"ListItem\",\"position\":1,\"name\":\"Home\",\"item\":\"https:\/\/www.omrserrature.it\/fr\/omr-serrures-et-systemes-de-verrouillage\/\"},{\"@type\":\"ListItem\",\"position\":2,\"name\":\"Catalogue\",\"item\":\"https:\/\/www.omrserrature.it\/catalogue\/?lang=fr\"},{\"@type\":\"ListItem\",\"position\":3,\"name\":\"Lamelles \u00e0 2 points tringles\"}]},{\"@type\":\"WebSite\",\"@id\":\"https:\/\/www.omrserrature.it\/fr\/#website\",\"url\":\"https:\/\/www.omrserrature.it\/fr\/\",\"name\":\"OMR Serrature | Produzione sistemi di chiusura\",\"description\":\"Produzione serrature di sicurezza e sistemi di chiusura\",\"publisher\":{\"@id\":\"https:\/\/www.omrserrature.it\/fr\/#organization\"},\"potentialAction\":[{\"@type\":\"SearchAction\",\"target\":{\"@type\":\"EntryPoint\",\"urlTemplate\":\"https:\/\/www.omrserrature.it\/fr\/?s={search_term_string}\"},\"query-input\":{\"@type\":\"PropertyValueSpecification\",\"valueRequired\":true,\"valueName\":\"search_term_string\"}}],\"inLanguage\":\"fr-FR\"},{\"@type\":\"Organization\",\"@id\":\"https:\/\/www.omrserrature.it\/fr\/#organization\",\"name\":\"OMR Serrature | Produzione sistemi di chiusura\",\"url\":\"https:\/\/www.omrserrature.it\/fr\/\",\"logo\":{\"@type\":\"ImageObject\",\"inLanguage\":\"fr-FR\",\"@id\":\"https:\/\/www.omrserrature.it\/fr\/#\/schema\/logo\/image\/\",\"url\":\"https:\/\/www.omrserrature.it\/wp-content\/uploads\/2017\/09\/favicon-omr-114.png\",\"contentUrl\":\"https:\/\/www.omrserrature.it\/wp-content\/uploads\/2017\/09\/favicon-omr-114.png\",\"width\":114,\"height\":114,\"caption\":\"OMR Serrature | Produzione sistemi di chiusura\"},\"image\":{\"@id\":\"https:\/\/www.omrserrature.it\/fr\/#\/schema\/logo\/image\/\"},\"sameAs\":[\"https:\/\/www.facebook.com\/OMRserrature\",\"https:\/\/www.linkedin.com\/company\/omrserrature\/\",\"https:\/\/www.youtube.com\/channel\/UCxmA85z2R0EpG_6IRokiAkg\"]}]}<\/script>\n<!-- \/ Yoast SEO plugin. -->","yoast_head_json":{"title":"Lamelles \u00e0 2 points tringles - OMR Serrature","robots":{"index":"index","follow":"follow","max-snippet":"max-snippet:-1","max-image-preview":"max-image-preview:large","max-video-preview":"max-video-preview:-1"},"canonical":"https:\/\/www.omrserrature.it\/fr\/produit\/lamelles-a-2-points-tringles\/","og_locale":"fr_FR","og_type":"article","og_title":"Lamelles \u00e0 2 points tringles - OMR Serrature","og_description":"La serrure \u00e0 cr\u00e9mone \u00e0 deux points permet une installation parfaite sur les portes en bois et les portes de balcon, ainsi que sur les armoires \u00e9lectriques et de commande, les portes, les meubles de bureau et les portes d'armoires hautes en bois et en m\u00e9tal. Le m\u00e9canisme interne est entra\u00een\u00e9 par un barillet \u00e0 paillettes en alliage. Cette serrure \u00e0 espagnolette offre deux points d'expansion.","og_url":"https:\/\/www.omrserrature.it\/fr\/produit\/lamelles-a-2-points-tringles\/","og_site_name":"OMR Serrature | Produzione sistemi di chiusura","article_publisher":"https:\/\/www.facebook.com\/OMRserrature","article_modified_time":"2017-10-12T15:32:27+00:00","og_image":[{"width":1000,"height":1000,"url":"https:\/\/www.omrserrature.it\/wp-content\/uploads\/2017\/10\/serratura-cremonese-2-punti-lamelle.jpg","type":"image\/jpeg"}],"twitter_card":"summary_large_image","twitter_misc":{"Dur\u00e9e de lecture estim\u00e9e":"1 minute"},"schema":{"@context":"https:\/\/schema.org","@graph":[{"@type":"WebPage","@id":"https:\/\/www.omrserrature.it\/fr\/produit\/lamelles-a-2-points-tringles\/","url":"https:\/\/www.omrserrature.it\/fr\/produit\/lamelles-a-2-points-tringles\/","name":"Lamelles \u00e0 2 points tringles - OMR Serrature","isPartOf":{"@id":"https:\/\/www.omrserrature.it\/fr\/#website"},"primaryImageOfPage":{"@id":"https:\/\/www.omrserrature.it\/fr\/produit\/lamelles-a-2-points-tringles\/#primaryimage"},"image":{"@id":"https:\/\/www.omrserrature.it\/fr\/produit\/lamelles-a-2-points-tringles\/#primaryimage"},"thumbnailUrl":"https:\/\/www.omrserrature.it\/wp-content\/uploads\/2017\/10\/serratura-cremonese-2-punti-lamelle.jpg","datePublished":"2012-10-17T15:32:00+00:00","dateModified":"2017-10-12T15:32:27+00:00","breadcrumb":{"@id":"https:\/\/www.omrserrature.it\/fr\/produit\/lamelles-a-2-points-tringles\/#breadcrumb"},"inLanguage":"fr-FR","potentialAction":[{"@type":"ReadAction","target":["https:\/\/www.omrserrature.it\/fr\/produit\/lamelles-a-2-points-tringles\/"]}]},{"@type":"ImageObject","inLanguage":"fr-FR","@id":"https:\/\/www.omrserrature.it\/fr\/produit\/lamelles-a-2-points-tringles\/#primaryimage","url":"https:\/\/www.omrserrature.it\/wp-content\/uploads\/2017\/10\/serratura-cremonese-2-punti-lamelle.jpg","contentUrl":"https:\/\/www.omrserrature.it\/wp-content\/uploads\/2017\/10\/serratura-cremonese-2-punti-lamelle.jpg","width":979,"height":542,"caption":"Tringles \u00e0 lamelles 2 points - technopolym\u00e8re"},{"@type":"BreadcrumbList","@id":"https:\/\/www.omrserrature.it\/fr\/produit\/lamelles-a-2-points-tringles\/#breadcrumb","itemListElement":[{"@type":"ListItem","position":1,"name":"Home","item":"https:\/\/www.omrserrature.it\/fr\/omr-serrures-et-systemes-de-verrouillage\/"},{"@type":"ListItem","position":2,"name":"Catalogue","item":"https:\/\/www.omrserrature.it\/catalogue\/?lang=fr"},{"@type":"ListItem","position":3,"name":"Lamelles \u00e0 2 points tringles"}]},{"@type":"WebSite","@id":"https:\/\/www.omrserrature.it\/fr\/#website","url":"https:\/\/www.omrserrature.it\/fr\/","name":"OMR Serrature | Produzione sistemi di chiusura","description":"Produzione serrature di sicurezza e sistemi di chiusura","publisher":{"@id":"https:\/\/www.omrserrature.it\/fr\/#organization"},"potentialAction":[{"@type":"SearchAction","target":{"@type":"EntryPoint","urlTemplate":"https:\/\/www.omrserrature.it\/fr\/?s={search_term_string}"},"query-input":{"@type":"PropertyValueSpecification","valueRequired":true,"valueName":"search_term_string"}}],"inLanguage":"fr-FR"},{"@type":"Organization","@id":"https:\/\/www.omrserrature.it\/fr\/#organization","name":"OMR Serrature | Produzione sistemi di chiusura","url":"https:\/\/www.omrserrature.it\/fr\/","logo":{"@type":"ImageObject","inLanguage":"fr-FR","@id":"https:\/\/www.omrserrature.it\/fr\/#\/schema\/logo\/image\/","url":"https:\/\/www.omrserrature.it\/wp-content\/uploads\/2017\/09\/favicon-omr-114.png","contentUrl":"https:\/\/www.omrserrature.it\/wp-content\/uploads\/2017\/09\/favicon-omr-114.png","width":114,"height":114,"caption":"OMR Serrature | Produzione sistemi di chiusura"},"image":{"@id":"https:\/\/www.omrserrature.it\/fr\/#\/schema\/logo\/image\/"},"sameAs":["https:\/\/www.facebook.com\/OMRserrature","https:\/\/www.linkedin.com\/company\/omrserrature\/","https:\/\/www.youtube.com\/channel\/UCxmA85z2R0EpG_6IRokiAkg"]}]}},"_links":{"self":[{"href":"https:\/\/www.omrserrature.it\/fr\/wp-json\/wp\/v2\/product\/259752","targetHints":{"allow":["GET"]}}],"collection":[{"href":"https:\/\/www.omrserrature.it\/fr\/wp-json\/wp\/v2\/product"}],"about":[{"href":"https:\/\/www.omrserrature.it\/fr\/wp-json\/wp\/v2\/types\/product"}],"replies":[{"embeddable":true,"href":"https:\/\/www.omrserrature.it\/fr\/wp-json\/wp\/v2\/comments?post=259752"}],"wp:featuredmedia":[{"embeddable":true,"href":"https:\/\/www.omrserrature.it\/fr\/wp-json\/wp\/v2\/media\/3750"}],"wp:attachment":[{"href":"https:\/\/www.omrserrature.it\/fr\/wp-json\/wp\/v2\/media?parent=259752"}],"wp:term":[{"taxonomy":"product_brand","embeddable":true,"href":"https:\/\/www.omrserrature.it\/fr\/wp-json\/wp\/v2\/product_brand?post=259752"},{"taxonomy":"product_cat","embeddable":true,"href":"https:\/\/www.omrserrature.it\/fr\/wp-json\/wp\/v2\/product_cat?post=259752"},{"taxonomy":"product_tag","embeddable":true,"href":"https:\/\/www.omrserrature.it\/fr\/wp-json\/wp\/v2\/product_tag?post=259752"}],"curies":[{"name":"wp","href":"https:\/\/api.w.org\/{rel}","templated":true}]}}