{"id":25975,"date":"2017-10-10T17:47:13","date_gmt":"2010-10-17T15:47:00","guid":{"rendered":"https:\/\/www.staging6.omrserrature.it\/prodotto\/impression-de-la-broche-loquet-3\/"},"modified":"2026-04-08T13:15:43","modified_gmt":"2026-04-08T11:15:43","slug":"impression-de-la-broche-loquet-3","status":"publish","type":"product","link":"https:\/\/www.omrserrature.it\/fr\/produit\/impression-de-la-broche-loquet-3\/","title":{"rendered":"Fermeture \u00e0 douille 3 de l&rsquo;impression des pistons"},"content":{"rendered":"<p>La <strong>serrure \u00e0 empreinte 3 broches 1\/4 de tour<\/strong> se compose d&rsquo;un corps en alliage de zinc \u00e0 l&rsquo;int\u00e9rieur duquel se trouve un rotor d&#8217;empreinte \u00e0 ressort qui, actionn\u00e9 par une cl\u00e9, tourne, provoquant l&rsquo;ouverture ou la fermeture.<\/p>\n<p>La borne carr\u00e9e de 7 mm permet \u00e9galement l&rsquo;installation d&rsquo;une vari\u00e9t\u00e9 de <strong>cames droites, coud\u00e9es ou \u00e0 crochet<\/strong>, ainsi que la possibilit\u00e9 d&rsquo;appliquer des cames <strong>multipoints<\/strong><strong> pour le mouvement des tringles<\/strong> ou des cames \u00e0 tenon pour une <strong>fermeture multiple et centralis\u00e9e<\/strong>. La serrure 1\/4 de tour peut \u00e9galement \u00eatre r\u00e9alis\u00e9e en <strong>technopolym\u00e8re<\/strong>, un \u00ab\u00a0m\u00e9tal plastique\u00a0\u00bb sp\u00e9cial qui garantit des performances m\u00e9caniques \u00e9quivalentes \u00e0 celles de l&rsquo;alliage d&rsquo;aluminium, une <strong>r\u00e9sistance aux agents atmosph\u00e9riques et \u00e0 la corrosion<\/strong>, ainsi qu&rsquo;une int\u00e9gration parfaite au produit fini, gr\u00e2ce \u00e0 la vaste gamme de couleurs disponibles. <\/p>\n<p>La serrure <strong>pompiers \u00e0 empreinte<\/strong>, gr\u00e2ce \u00e0 la cl\u00e9 <strong>\u00e0 double aileron 3<\/strong>, convient aux applications qui <strong>ne<\/strong> requi\u00e8rent <strong>pas<\/strong> une s\u00e9curit\u00e9 \u00e9lev\u00e9e, mais qui n\u00e9cessitent de <strong>ne pas utiliser des cl\u00e9s aux formes plus courantes telles que le triangle ou le carr\u00e9.<\/strong> Ils peuvent donc \u00eatre utilis\u00e9s pour les conteneurs des machines de l&rsquo;industrie alimentaire, les portes de compartiment en acier inoxydable, les portes d&rsquo;acc\u00e8s aux composants \u00e9lectroniques des machines, les panneaux de commande des \u00e9quipements m\u00e9dicaux, les panneaux d&rsquo;\u00e9clairage ou sur la carrosserie des machines agricoles.<\/p>\n","protected":false},"excerpt":{"rendered":"<p><strong>La serrure \u00e0 empreinte \u00e0 pistons 3 1\/4 de tour<\/strong> est constitu\u00e9e d&rsquo;un corps en alliage de zinc \u00e0 l&rsquo;int\u00e9rieur duquel se trouve un barillet d&#8217;empreinte \u00e0 ressort qui, actionn\u00e9 par une cl\u00e9, tourne pour d\u00e9terminer l&rsquo;ouverture ou la fermeture.<\/p>\n<p>La serrure \u00e0 empreinte, gr\u00e2ce \u00e0 l&rsquo;insert de cl\u00e9 \u00e0 double ergot 3, est adapt\u00e9e aux applications <strong>n\u00e9cessitant une plus grande s\u00e9curit\u00e9 que dans les situations o\u00f9 une empreinte triangulaire ou carr\u00e9e est suffisante.<\/strong><\/p>\n","protected":false},"featured_media":3054,"comment_status":"open","ping_status":"closed","template":"","meta":{"_acf_changed":false,"_et_pb_use_builder":"","_et_pb_old_content":"","_et_gb_content_width":""},"product_brand":[],"product_cat":[3756,3751,3747,3752,3737,3664,3641,3687,3691,3734,3722,3711,3689,3714,3692,3707,3705,3704,3698,3702,3701,3690,3748],"product_tag":[],"class_list":{"0":"post-25975","1":"product","2":"type-product","3":"status-publish","4":"has-post-thumbnail","6":"product_cat-architecture-urbanisme-et-design","7":"product_cat-automatisation-et-domotique","8":"product_cat-eau-air-gaz-pour-les-entreprises","9":"product_cat-recyclage-ecologique-recyclage-des-dechets","10":"product_cat-serrure-de-bateau","11":"product_cat-serrure-etanche-inox","12":"product_cat-serrure-pompiers-1-4-de-tour","13":"product_cat-serrures-a-came","14":"product_cat-serrures-darmoires","15":"product_cat-serrures-de-fourgonnettes","16":"product_cat-serrures-de-portes","17":"product_cat-serrures-pour-armoires-de-balcon","18":"product_cat-serrures-pour-armoires-electriques","19":"product_cat-serrures-pour-armoires-industrielles","20":"product_cat-serrures-pour-chariots-professionnels","21":"product_cat-serrures-pour-distributeurs","22":"product_cat-serrures-pour-entrepots-automatiques","23":"product_cat-serrures-pour-lindustrie-electromecanique","24":"product_cat-serrures-pour-les-moyens-de-transport","25":"product_cat-serrures-pour-les-portes-des-panneaux-lateraux","26":"product_cat-serrures-pour-portes-darmoires-frontales","27":"product_cat-serrures-professionnelles-pour-meubles","28":"product_cat-systemes-de-fermeture-pour-lindustrie","30":"first","31":"instock","32":"shipping-taxable","33":"purchasable","34":"product-type-variable","35":"has-default-attributes"},"acf":{"pdf1":"https:\/\/www.omrserrature.it\/wp-content\/uploads\/schede\/Scheda_161050.pdf"},"yoast_head":"<!-- This site is optimized with the Yoast SEO plugin v27.2 - https:\/\/yoast.com\/product\/yoast-seo-wordpress\/ -->\n<title>Fermeture \u00e0 douille 3 de l&#039;impression des pistons - OMR Serrature<\/title>\n<meta name=\"robots\" content=\"index, follow, max-snippet:-1, max-image-preview:large, max-video-preview:-1\" \/>\n<link rel=\"canonical\" href=\"https:\/\/www.omrserrature.it\/fr\/produit\/impression-de-la-broche-loquet-3\/\" \/>\n<meta property=\"og:locale\" content=\"fr_FR\" \/>\n<meta property=\"og:type\" content=\"article\" \/>\n<meta property=\"og:title\" content=\"Fermeture \u00e0 douille 3 de l&#039;impression des pistons - OMR Serrature\" \/>\n<meta property=\"og:description\" content=\"La serrure \u00e0 empreinte \u00e0 pistons 3 1\/4 de tour est constitu\u00e9e d&#039;un corps en alliage de zinc \u00e0 l&#039;int\u00e9rieur duquel se trouve un barillet d&#039;empreinte \u00e0 ressort qui, actionn\u00e9 par une cl\u00e9, tourne pour d\u00e9terminer l&#039;ouverture ou la fermeture. La serrure \u00e0 empreinte, gr\u00e2ce \u00e0 l&#039;insert de cl\u00e9 \u00e0 double ergot 3, est adapt\u00e9e aux applications n\u00e9cessitant une plus grande s\u00e9curit\u00e9 que dans les situations o\u00f9 une empreinte triangulaire ou carr\u00e9e est suffisante.\" \/>\n<meta property=\"og:url\" content=\"https:\/\/www.omrserrature.it\/fr\/produit\/impression-de-la-broche-loquet-3\/\" \/>\n<meta property=\"og:site_name\" content=\"OMR Serrature | Produzione sistemi di chiusura\" \/>\n<meta property=\"article:publisher\" content=\"https:\/\/www.facebook.com\/OMRserrature\" \/>\n<meta property=\"article:modified_time\" content=\"2026-04-08T11:15:43+00:00\" \/>\n<meta property=\"og:image\" content=\"https:\/\/www.omrserrature.it\/wp-content\/uploads\/2017\/10\/chiusura-impronta-perno-3.jpg\" \/>\n\t<meta property=\"og:image:width\" content=\"451\" \/>\n\t<meta property=\"og:image:height\" content=\"371\" \/>\n\t<meta property=\"og:image:type\" content=\"image\/jpeg\" \/>\n<meta name=\"twitter:card\" content=\"summary_large_image\" \/>\n<meta name=\"twitter:label1\" content=\"Dur\u00e9e de lecture estim\u00e9e\" \/>\n\t<meta name=\"twitter:data1\" content=\"1 minute\" \/>\n<script type=\"application\/ld+json\" class=\"yoast-schema-graph\">{\"@context\":\"https:\/\/schema.org\",\"@graph\":[{\"@type\":\"WebPage\",\"@id\":\"https:\/\/www.omrserrature.it\/fr\/produit\/impression-de-la-broche-loquet-3\/\",\"url\":\"https:\/\/www.omrserrature.it\/fr\/produit\/impression-de-la-broche-loquet-3\/\",\"name\":\"Fermeture \u00e0 douille 3 de l'impression des pistons - OMR Serrature\",\"isPartOf\":{\"@id\":\"https:\/\/www.omrserrature.it\/fr\/#website\"},\"primaryImageOfPage\":{\"@id\":\"https:\/\/www.omrserrature.it\/fr\/produit\/impression-de-la-broche-loquet-3\/#primaryimage\"},\"image\":{\"@id\":\"https:\/\/www.omrserrature.it\/fr\/produit\/impression-de-la-broche-loquet-3\/#primaryimage\"},\"thumbnailUrl\":\"https:\/\/www.omrserrature.it\/wp-content\/uploads\/2017\/10\/chiusura-impronta-perno-3.jpg\",\"datePublished\":\"2010-10-17T15:47:00+00:00\",\"dateModified\":\"2026-04-08T11:15:43+00:00\",\"breadcrumb\":{\"@id\":\"https:\/\/www.omrserrature.it\/fr\/produit\/impression-de-la-broche-loquet-3\/#breadcrumb\"},\"inLanguage\":\"fr-FR\",\"potentialAction\":[{\"@type\":\"ReadAction\",\"target\":[\"https:\/\/www.omrserrature.it\/fr\/produit\/impression-de-la-broche-loquet-3\/\"]}]},{\"@type\":\"ImageObject\",\"inLanguage\":\"fr-FR\",\"@id\":\"https:\/\/www.omrserrature.it\/fr\/produit\/impression-de-la-broche-loquet-3\/#primaryimage\",\"url\":\"https:\/\/www.omrserrature.it\/wp-content\/uploads\/2017\/10\/chiusura-impronta-perno-3.jpg\",\"contentUrl\":\"https:\/\/www.omrserrature.it\/wp-content\/uploads\/2017\/10\/chiusura-impronta-perno-3.jpg\",\"width\":451,\"height\":371,\"caption\":\"Fermeture \u00e0 douille 3 de l'impression des pistons\"},{\"@type\":\"BreadcrumbList\",\"@id\":\"https:\/\/www.omrserrature.it\/fr\/produit\/impression-de-la-broche-loquet-3\/#breadcrumb\",\"itemListElement\":[{\"@type\":\"ListItem\",\"position\":1,\"name\":\"Home\",\"item\":\"https:\/\/www.omrserrature.it\/fr\/omr-serrures-et-systemes-de-verrouillage\/\"},{\"@type\":\"ListItem\",\"position\":2,\"name\":\"Catalogue\",\"item\":\"https:\/\/www.omrserrature.it\/catalogue\/?lang=fr\"},{\"@type\":\"ListItem\",\"position\":3,\"name\":\"Produits\",\"item\":\"https:\/\/www.omrserrature.it\/fr\/catalogue\/produits\/\"},{\"@type\":\"ListItem\",\"position\":4,\"name\":\"Serrures\",\"item\":\"https:\/\/www.omrserrature.it\/fr\/catalogue\/produits\/serrures\/\"},{\"@type\":\"ListItem\",\"position\":5,\"name\":\"Serrure pompiers 1\/4 de tour\",\"item\":\"https:\/\/www.omrserrature.it\/fr\/catalogue\/produits\/serrures\/serrure-pompiers-1-4-de-tour\/\"},{\"@type\":\"ListItem\",\"position\":6,\"name\":\"Fermeture \u00e0 douille 3 de l&#8217;impression des pistons\"}]},{\"@type\":\"WebSite\",\"@id\":\"https:\/\/www.omrserrature.it\/fr\/#website\",\"url\":\"https:\/\/www.omrserrature.it\/fr\/\",\"name\":\"OMR Serrature | Produzione sistemi di chiusura\",\"description\":\"Produzione serrature di sicurezza e sistemi di chiusura\",\"publisher\":{\"@id\":\"https:\/\/www.omrserrature.it\/fr\/#organization\"},\"potentialAction\":[{\"@type\":\"SearchAction\",\"target\":{\"@type\":\"EntryPoint\",\"urlTemplate\":\"https:\/\/www.omrserrature.it\/fr\/?s={search_term_string}\"},\"query-input\":{\"@type\":\"PropertyValueSpecification\",\"valueRequired\":true,\"valueName\":\"search_term_string\"}}],\"inLanguage\":\"fr-FR\"},{\"@type\":\"Organization\",\"@id\":\"https:\/\/www.omrserrature.it\/fr\/#organization\",\"name\":\"OMR Serrature | Produzione sistemi di chiusura\",\"url\":\"https:\/\/www.omrserrature.it\/fr\/\",\"logo\":{\"@type\":\"ImageObject\",\"inLanguage\":\"fr-FR\",\"@id\":\"https:\/\/www.omrserrature.it\/fr\/#\/schema\/logo\/image\/\",\"url\":\"https:\/\/www.omrserrature.it\/wp-content\/uploads\/2017\/09\/favicon-omr-114.png\",\"contentUrl\":\"https:\/\/www.omrserrature.it\/wp-content\/uploads\/2017\/09\/favicon-omr-114.png\",\"width\":114,\"height\":114,\"caption\":\"OMR Serrature | Produzione sistemi di chiusura\"},\"image\":{\"@id\":\"https:\/\/www.omrserrature.it\/fr\/#\/schema\/logo\/image\/\"},\"sameAs\":[\"https:\/\/www.facebook.com\/OMRserrature\",\"https:\/\/www.linkedin.com\/company\/omrserrature\/\",\"https:\/\/www.youtube.com\/channel\/UCxmA85z2R0EpG_6IRokiAkg\"]}]}<\/script>\n<!-- \/ Yoast SEO plugin. -->","yoast_head_json":{"title":"Fermeture \u00e0 douille 3 de l'impression des pistons - OMR Serrature","robots":{"index":"index","follow":"follow","max-snippet":"max-snippet:-1","max-image-preview":"max-image-preview:large","max-video-preview":"max-video-preview:-1"},"canonical":"https:\/\/www.omrserrature.it\/fr\/produit\/impression-de-la-broche-loquet-3\/","og_locale":"fr_FR","og_type":"article","og_title":"Fermeture \u00e0 douille 3 de l'impression des pistons - OMR Serrature","og_description":"La serrure \u00e0 empreinte \u00e0 pistons 3 1\/4 de tour est constitu\u00e9e d'un corps en alliage de zinc \u00e0 l'int\u00e9rieur duquel se trouve un barillet d'empreinte \u00e0 ressort qui, actionn\u00e9 par une cl\u00e9, tourne pour d\u00e9terminer l'ouverture ou la fermeture. La serrure \u00e0 empreinte, gr\u00e2ce \u00e0 l'insert de cl\u00e9 \u00e0 double ergot 3, est adapt\u00e9e aux applications n\u00e9cessitant une plus grande s\u00e9curit\u00e9 que dans les situations o\u00f9 une empreinte triangulaire ou carr\u00e9e est suffisante.","og_url":"https:\/\/www.omrserrature.it\/fr\/produit\/impression-de-la-broche-loquet-3\/","og_site_name":"OMR Serrature | Produzione sistemi di chiusura","article_publisher":"https:\/\/www.facebook.com\/OMRserrature","article_modified_time":"2026-04-08T11:15:43+00:00","og_image":[{"width":451,"height":371,"url":"https:\/\/www.omrserrature.it\/wp-content\/uploads\/2017\/10\/chiusura-impronta-perno-3.jpg","type":"image\/jpeg"}],"twitter_card":"summary_large_image","twitter_misc":{"Dur\u00e9e de lecture estim\u00e9e":"1 minute"},"schema":{"@context":"https:\/\/schema.org","@graph":[{"@type":"WebPage","@id":"https:\/\/www.omrserrature.it\/fr\/produit\/impression-de-la-broche-loquet-3\/","url":"https:\/\/www.omrserrature.it\/fr\/produit\/impression-de-la-broche-loquet-3\/","name":"Fermeture \u00e0 douille 3 de l'impression des pistons - OMR Serrature","isPartOf":{"@id":"https:\/\/www.omrserrature.it\/fr\/#website"},"primaryImageOfPage":{"@id":"https:\/\/www.omrserrature.it\/fr\/produit\/impression-de-la-broche-loquet-3\/#primaryimage"},"image":{"@id":"https:\/\/www.omrserrature.it\/fr\/produit\/impression-de-la-broche-loquet-3\/#primaryimage"},"thumbnailUrl":"https:\/\/www.omrserrature.it\/wp-content\/uploads\/2017\/10\/chiusura-impronta-perno-3.jpg","datePublished":"2010-10-17T15:47:00+00:00","dateModified":"2026-04-08T11:15:43+00:00","breadcrumb":{"@id":"https:\/\/www.omrserrature.it\/fr\/produit\/impression-de-la-broche-loquet-3\/#breadcrumb"},"inLanguage":"fr-FR","potentialAction":[{"@type":"ReadAction","target":["https:\/\/www.omrserrature.it\/fr\/produit\/impression-de-la-broche-loquet-3\/"]}]},{"@type":"ImageObject","inLanguage":"fr-FR","@id":"https:\/\/www.omrserrature.it\/fr\/produit\/impression-de-la-broche-loquet-3\/#primaryimage","url":"https:\/\/www.omrserrature.it\/wp-content\/uploads\/2017\/10\/chiusura-impronta-perno-3.jpg","contentUrl":"https:\/\/www.omrserrature.it\/wp-content\/uploads\/2017\/10\/chiusura-impronta-perno-3.jpg","width":451,"height":371,"caption":"Fermeture \u00e0 douille 3 de l'impression des pistons"},{"@type":"BreadcrumbList","@id":"https:\/\/www.omrserrature.it\/fr\/produit\/impression-de-la-broche-loquet-3\/#breadcrumb","itemListElement":[{"@type":"ListItem","position":1,"name":"Home","item":"https:\/\/www.omrserrature.it\/fr\/omr-serrures-et-systemes-de-verrouillage\/"},{"@type":"ListItem","position":2,"name":"Catalogue","item":"https:\/\/www.omrserrature.it\/catalogue\/?lang=fr"},{"@type":"ListItem","position":3,"name":"Produits","item":"https:\/\/www.omrserrature.it\/fr\/catalogue\/produits\/"},{"@type":"ListItem","position":4,"name":"Serrures","item":"https:\/\/www.omrserrature.it\/fr\/catalogue\/produits\/serrures\/"},{"@type":"ListItem","position":5,"name":"Serrure pompiers 1\/4 de tour","item":"https:\/\/www.omrserrature.it\/fr\/catalogue\/produits\/serrures\/serrure-pompiers-1-4-de-tour\/"},{"@type":"ListItem","position":6,"name":"Fermeture \u00e0 douille 3 de l&#8217;impression des pistons"}]},{"@type":"WebSite","@id":"https:\/\/www.omrserrature.it\/fr\/#website","url":"https:\/\/www.omrserrature.it\/fr\/","name":"OMR Serrature | Produzione sistemi di chiusura","description":"Produzione serrature di sicurezza e sistemi di chiusura","publisher":{"@id":"https:\/\/www.omrserrature.it\/fr\/#organization"},"potentialAction":[{"@type":"SearchAction","target":{"@type":"EntryPoint","urlTemplate":"https:\/\/www.omrserrature.it\/fr\/?s={search_term_string}"},"query-input":{"@type":"PropertyValueSpecification","valueRequired":true,"valueName":"search_term_string"}}],"inLanguage":"fr-FR"},{"@type":"Organization","@id":"https:\/\/www.omrserrature.it\/fr\/#organization","name":"OMR Serrature | Produzione sistemi di chiusura","url":"https:\/\/www.omrserrature.it\/fr\/","logo":{"@type":"ImageObject","inLanguage":"fr-FR","@id":"https:\/\/www.omrserrature.it\/fr\/#\/schema\/logo\/image\/","url":"https:\/\/www.omrserrature.it\/wp-content\/uploads\/2017\/09\/favicon-omr-114.png","contentUrl":"https:\/\/www.omrserrature.it\/wp-content\/uploads\/2017\/09\/favicon-omr-114.png","width":114,"height":114,"caption":"OMR Serrature | Produzione sistemi di chiusura"},"image":{"@id":"https:\/\/www.omrserrature.it\/fr\/#\/schema\/logo\/image\/"},"sameAs":["https:\/\/www.facebook.com\/OMRserrature","https:\/\/www.linkedin.com\/company\/omrserrature\/","https:\/\/www.youtube.com\/channel\/UCxmA85z2R0EpG_6IRokiAkg"]}]}},"_links":{"self":[{"href":"https:\/\/www.omrserrature.it\/fr\/wp-json\/wp\/v2\/product\/25975","targetHints":{"allow":["GET"]}}],"collection":[{"href":"https:\/\/www.omrserrature.it\/fr\/wp-json\/wp\/v2\/product"}],"about":[{"href":"https:\/\/www.omrserrature.it\/fr\/wp-json\/wp\/v2\/types\/product"}],"replies":[{"embeddable":true,"href":"https:\/\/www.omrserrature.it\/fr\/wp-json\/wp\/v2\/comments?post=25975"}],"wp:featuredmedia":[{"embeddable":true,"href":"https:\/\/www.omrserrature.it\/fr\/wp-json\/wp\/v2\/media\/3054"}],"wp:attachment":[{"href":"https:\/\/www.omrserrature.it\/fr\/wp-json\/wp\/v2\/media?parent=25975"}],"wp:term":[{"taxonomy":"product_brand","embeddable":true,"href":"https:\/\/www.omrserrature.it\/fr\/wp-json\/wp\/v2\/product_brand?post=25975"},{"taxonomy":"product_cat","embeddable":true,"href":"https:\/\/www.omrserrature.it\/fr\/wp-json\/wp\/v2\/product_cat?post=25975"},{"taxonomy":"product_tag","embeddable":true,"href":"https:\/\/www.omrserrature.it\/fr\/wp-json\/wp\/v2\/product_tag?post=25975"}],"curies":[{"name":"wp","href":"https:\/\/api.w.org\/{rel}","templated":true}]}}