{"id":25968,"date":"2017-10-11T14:54:46","date_gmt":"2011-10-17T12:54:00","guid":{"rendered":"https:\/\/www.staging6.omrserrature.it\/prodotto\/fermeture-de-lempreinte-de-fiat\/"},"modified":"2026-04-08T12:49:50","modified_gmt":"2026-04-08T10:49:50","slug":"fermeture-de-lempreinte-de-fiat","status":"publish","type":"product","link":"https:\/\/www.omrserrature.it\/fr\/produit\/fermeture-de-lempreinte-de-fiat\/","title":{"rendered":"Fermeture de la forme de Fiat"},"content":{"rendered":"<p>La <strong>serrure \u00e0 empreinte FIAT 1\/4 de tour<\/strong> se compose d&rsquo;un corps m\u00e9tallique moul\u00e9 sous pression \u00e0 l&rsquo;int\u00e9rieur duquel se trouve un barillet \u00e0 empreinte FIAT caract\u00e9ris\u00e9 par une forme en croix sous ressort qui, actionn\u00e9 par une cl\u00e9 sp\u00e9ciale, effectue une rotation d\u00e9terminant l&rsquo;ouverture ou la fermeture.<\/p>\n<p>La borne carr\u00e9e de 7 mm permet \u00e9galement l&rsquo;installation d&rsquo;une vari\u00e9t\u00e9 de <strong>cames droites, coud\u00e9es ou \u00e0 crochet<\/strong>, sans n\u00e9gliger la possibilit\u00e9 d&rsquo;appliquer des cames <strong>multipoints<\/strong> pour le mouvement des tringles ou des cames \u00e0 tenon pour la <strong>fermeture multiple et centrale<\/strong>. La bo\u00eete 1\/4 de tour FIAT, gr\u00e2ce \u00e0 son m\u00e9canisme de compression, est r\u00e9sistante aux contraintes et aux vibrations. Elle offre un niveau de s\u00e9curit\u00e9 plus \u00e9lev\u00e9 que les autres serrures \u00e0 empreinte car la forme en croix de la t\u00eate du barillet oblige \u00e0 utiliser une cl\u00e9 sp\u00e9ciale pour permettre l&rsquo;ouverture et la fermeture, \u00e9vitant ainsi le danger d&rsquo;une ouverture avec d&rsquo;autres outils, tels que des pinces. Il s&rsquo;agit donc d&rsquo;un excellent compromis entre une serrure \u00e0 pompiers et une fermeture \u00e0 cl\u00e9.   <\/p>\n<p>La fermeture \u00e0 douille FIAT convient pour les formes o\u00f9 une <strong>r\u00e9sistance <\/strong>particuli\u00e8re <strong>aux contraintes <\/strong>et un niveau de s\u00e9curit\u00e9 moyen sont requis, par exemple dans les instruments de bord, les robots, les cha\u00eenes de montage, les panneaux \u00e9lectriques, les menuiseries et les compartiments techniques.<\/p>\n","protected":false},"excerpt":{"rendered":"<p>La <strong>serrure \u00e0 empreinte FIAT 1\/4 de tour<\/strong> se compose d&rsquo;un corps m\u00e9tallique moul\u00e9 sous pression \u00e0 l&rsquo;int\u00e9rieur duquel se trouve un barillet \u00e0 empreinte FIAT caract\u00e9ris\u00e9 par une forme en croix sous ressort qui, actionn\u00e9 par une cl\u00e9 sp\u00e9ciale, effectue une rotation d\u00e9terminant l&rsquo;ouverture ou la fermeture.<\/p>\n","protected":false},"featured_media":3048,"comment_status":"open","ping_status":"closed","template":"","meta":{"_acf_changed":false,"_et_pb_use_builder":"","_et_pb_old_content":"","_et_gb_content_width":""},"product_brand":[],"product_cat":[3756,3751,3746,3749,3664,3641,3687,3689,3704,3698,3690,3748],"product_tag":[],"class_list":{"0":"post-25968","1":"product","2":"type-product","3":"status-publish","4":"has-post-thumbnail","6":"product_cat-architecture-urbanisme-et-design","7":"product_cat-automatisation-et-domotique","8":"product_cat-automobile-et-transport","9":"product_cat-magasins-et-activites-commerciales","10":"product_cat-serrure-etanche-inox","11":"product_cat-serrure-pompiers-1-4-de-tour","12":"product_cat-serrures-a-came","13":"product_cat-serrures-pour-armoires-electriques","14":"product_cat-serrures-pour-lindustrie-electromecanique","15":"product_cat-serrures-pour-les-moyens-de-transport","16":"product_cat-serrures-professionnelles-pour-meubles","17":"product_cat-systemes-de-fermeture-pour-lindustrie","19":"first","20":"instock","21":"shipping-taxable","22":"purchasable","23":"product-type-variable"},"acf":{"pdf1":"https:\/\/www.omrserrature.it\/wp-content\/uploads\/2017\/10\/Scheda-161550.pdf"},"yoast_head":"<!-- This site is optimized with the Yoast SEO plugin v27.2 - https:\/\/yoast.com\/product\/yoast-seo-wordpress\/ -->\n<title>Fermeture de la forme de Fiat - OMR Serrature<\/title>\n<meta name=\"robots\" content=\"index, follow, max-snippet:-1, max-image-preview:large, max-video-preview:-1\" \/>\n<link rel=\"canonical\" href=\"https:\/\/www.omrserrature.it\/fr\/produit\/fermeture-de-lempreinte-de-fiat\/\" \/>\n<meta property=\"og:locale\" content=\"fr_FR\" \/>\n<meta property=\"og:type\" content=\"article\" \/>\n<meta property=\"og:title\" content=\"Fermeture de la forme de Fiat - OMR Serrature\" \/>\n<meta property=\"og:description\" content=\"La serrure \u00e0 empreinte FIAT 1\/4 de tour se compose d&#039;un corps m\u00e9tallique moul\u00e9 sous pression \u00e0 l&#039;int\u00e9rieur duquel se trouve un barillet \u00e0 empreinte FIAT caract\u00e9ris\u00e9 par une forme en croix sous ressort qui, actionn\u00e9 par une cl\u00e9 sp\u00e9ciale, effectue une rotation d\u00e9terminant l&#039;ouverture ou la fermeture.\" \/>\n<meta property=\"og:url\" content=\"https:\/\/www.omrserrature.it\/fr\/produit\/fermeture-de-lempreinte-de-fiat\/\" \/>\n<meta property=\"og:site_name\" content=\"OMR Serrature | Produzione sistemi di chiusura\" \/>\n<meta property=\"article:publisher\" content=\"https:\/\/www.facebook.com\/OMRserrature\" \/>\n<meta property=\"article:modified_time\" content=\"2026-04-08T10:49:50+00:00\" \/>\n<meta property=\"og:image\" content=\"https:\/\/www.omrserrature.it\/wp-content\/uploads\/2017\/10\/chiusura-impronta-fiat.jpg\" \/>\n\t<meta property=\"og:image:width\" content=\"392\" \/>\n\t<meta property=\"og:image:height\" content=\"379\" \/>\n\t<meta property=\"og:image:type\" content=\"image\/jpeg\" \/>\n<meta name=\"twitter:card\" content=\"summary_large_image\" \/>\n<meta name=\"twitter:label1\" content=\"Dur\u00e9e de lecture estim\u00e9e\" \/>\n\t<meta name=\"twitter:data1\" content=\"1 minute\" \/>\n<script type=\"application\/ld+json\" class=\"yoast-schema-graph\">{\"@context\":\"https:\/\/schema.org\",\"@graph\":[{\"@type\":\"WebPage\",\"@id\":\"https:\/\/www.omrserrature.it\/fr\/produit\/fermeture-de-lempreinte-de-fiat\/\",\"url\":\"https:\/\/www.omrserrature.it\/fr\/produit\/fermeture-de-lempreinte-de-fiat\/\",\"name\":\"Fermeture de la forme de Fiat - OMR Serrature\",\"isPartOf\":{\"@id\":\"https:\/\/www.omrserrature.it\/fr\/#website\"},\"primaryImageOfPage\":{\"@id\":\"https:\/\/www.omrserrature.it\/fr\/produit\/fermeture-de-lempreinte-de-fiat\/#primaryimage\"},\"image\":{\"@id\":\"https:\/\/www.omrserrature.it\/fr\/produit\/fermeture-de-lempreinte-de-fiat\/#primaryimage\"},\"thumbnailUrl\":\"https:\/\/www.omrserrature.it\/wp-content\/uploads\/2017\/10\/chiusura-impronta-fiat.jpg\",\"datePublished\":\"2011-10-17T12:54:00+00:00\",\"dateModified\":\"2026-04-08T10:49:50+00:00\",\"breadcrumb\":{\"@id\":\"https:\/\/www.omrserrature.it\/fr\/produit\/fermeture-de-lempreinte-de-fiat\/#breadcrumb\"},\"inLanguage\":\"fr-FR\",\"potentialAction\":[{\"@type\":\"ReadAction\",\"target\":[\"https:\/\/www.omrserrature.it\/fr\/produit\/fermeture-de-lempreinte-de-fiat\/\"]}]},{\"@type\":\"ImageObject\",\"inLanguage\":\"fr-FR\",\"@id\":\"https:\/\/www.omrserrature.it\/fr\/produit\/fermeture-de-lempreinte-de-fiat\/#primaryimage\",\"url\":\"https:\/\/www.omrserrature.it\/wp-content\/uploads\/2017\/10\/chiusura-impronta-fiat.jpg\",\"contentUrl\":\"https:\/\/www.omrserrature.it\/wp-content\/uploads\/2017\/10\/chiusura-impronta-fiat.jpg\",\"width\":392,\"height\":379,\"caption\":\"Fiat 1\/4 de tour - fermetures \u00e0 pression sp\u00e9ciales\"},{\"@type\":\"BreadcrumbList\",\"@id\":\"https:\/\/www.omrserrature.it\/fr\/produit\/fermeture-de-lempreinte-de-fiat\/#breadcrumb\",\"itemListElement\":[{\"@type\":\"ListItem\",\"position\":1,\"name\":\"Home\",\"item\":\"https:\/\/www.omrserrature.it\/fr\/omr-serrures-et-systemes-de-verrouillage\/\"},{\"@type\":\"ListItem\",\"position\":2,\"name\":\"Catalogue\",\"item\":\"https:\/\/www.omrserrature.it\/catalogue\/?lang=fr\"},{\"@type\":\"ListItem\",\"position\":3,\"name\":\"Produits\",\"item\":\"https:\/\/www.omrserrature.it\/fr\/catalogue\/produits\/\"},{\"@type\":\"ListItem\",\"position\":4,\"name\":\"Serrures\",\"item\":\"https:\/\/www.omrserrature.it\/fr\/catalogue\/produits\/serrures\/\"},{\"@type\":\"ListItem\",\"position\":5,\"name\":\"Serrure \u00e9tanche\/inox\",\"item\":\"https:\/\/www.omrserrature.it\/fr\/catalogue\/produits\/serrures\/serrure-etanche-inox\/\"},{\"@type\":\"ListItem\",\"position\":6,\"name\":\"Fermeture de la forme de Fiat\"}]},{\"@type\":\"WebSite\",\"@id\":\"https:\/\/www.omrserrature.it\/fr\/#website\",\"url\":\"https:\/\/www.omrserrature.it\/fr\/\",\"name\":\"OMR Serrature | Produzione sistemi di chiusura\",\"description\":\"Produzione serrature di sicurezza e sistemi di chiusura\",\"publisher\":{\"@id\":\"https:\/\/www.omrserrature.it\/fr\/#organization\"},\"potentialAction\":[{\"@type\":\"SearchAction\",\"target\":{\"@type\":\"EntryPoint\",\"urlTemplate\":\"https:\/\/www.omrserrature.it\/fr\/?s={search_term_string}\"},\"query-input\":{\"@type\":\"PropertyValueSpecification\",\"valueRequired\":true,\"valueName\":\"search_term_string\"}}],\"inLanguage\":\"fr-FR\"},{\"@type\":\"Organization\",\"@id\":\"https:\/\/www.omrserrature.it\/fr\/#organization\",\"name\":\"OMR Serrature | Produzione sistemi di chiusura\",\"url\":\"https:\/\/www.omrserrature.it\/fr\/\",\"logo\":{\"@type\":\"ImageObject\",\"inLanguage\":\"fr-FR\",\"@id\":\"https:\/\/www.omrserrature.it\/fr\/#\/schema\/logo\/image\/\",\"url\":\"https:\/\/www.omrserrature.it\/wp-content\/uploads\/2017\/09\/favicon-omr-114.png\",\"contentUrl\":\"https:\/\/www.omrserrature.it\/wp-content\/uploads\/2017\/09\/favicon-omr-114.png\",\"width\":114,\"height\":114,\"caption\":\"OMR Serrature | Produzione sistemi di chiusura\"},\"image\":{\"@id\":\"https:\/\/www.omrserrature.it\/fr\/#\/schema\/logo\/image\/\"},\"sameAs\":[\"https:\/\/www.facebook.com\/OMRserrature\",\"https:\/\/www.linkedin.com\/company\/omrserrature\/\",\"https:\/\/www.youtube.com\/channel\/UCxmA85z2R0EpG_6IRokiAkg\"]}]}<\/script>\n<!-- \/ Yoast SEO plugin. -->","yoast_head_json":{"title":"Fermeture de la forme de Fiat - OMR Serrature","robots":{"index":"index","follow":"follow","max-snippet":"max-snippet:-1","max-image-preview":"max-image-preview:large","max-video-preview":"max-video-preview:-1"},"canonical":"https:\/\/www.omrserrature.it\/fr\/produit\/fermeture-de-lempreinte-de-fiat\/","og_locale":"fr_FR","og_type":"article","og_title":"Fermeture de la forme de Fiat - OMR Serrature","og_description":"La serrure \u00e0 empreinte FIAT 1\/4 de tour se compose d'un corps m\u00e9tallique moul\u00e9 sous pression \u00e0 l'int\u00e9rieur duquel se trouve un barillet \u00e0 empreinte FIAT caract\u00e9ris\u00e9 par une forme en croix sous ressort qui, actionn\u00e9 par une cl\u00e9 sp\u00e9ciale, effectue une rotation d\u00e9terminant l'ouverture ou la fermeture.","og_url":"https:\/\/www.omrserrature.it\/fr\/produit\/fermeture-de-lempreinte-de-fiat\/","og_site_name":"OMR Serrature | Produzione sistemi di chiusura","article_publisher":"https:\/\/www.facebook.com\/OMRserrature","article_modified_time":"2026-04-08T10:49:50+00:00","og_image":[{"width":392,"height":379,"url":"https:\/\/www.omrserrature.it\/wp-content\/uploads\/2017\/10\/chiusura-impronta-fiat.jpg","type":"image\/jpeg"}],"twitter_card":"summary_large_image","twitter_misc":{"Dur\u00e9e de lecture estim\u00e9e":"1 minute"},"schema":{"@context":"https:\/\/schema.org","@graph":[{"@type":"WebPage","@id":"https:\/\/www.omrserrature.it\/fr\/produit\/fermeture-de-lempreinte-de-fiat\/","url":"https:\/\/www.omrserrature.it\/fr\/produit\/fermeture-de-lempreinte-de-fiat\/","name":"Fermeture de la forme de Fiat - OMR Serrature","isPartOf":{"@id":"https:\/\/www.omrserrature.it\/fr\/#website"},"primaryImageOfPage":{"@id":"https:\/\/www.omrserrature.it\/fr\/produit\/fermeture-de-lempreinte-de-fiat\/#primaryimage"},"image":{"@id":"https:\/\/www.omrserrature.it\/fr\/produit\/fermeture-de-lempreinte-de-fiat\/#primaryimage"},"thumbnailUrl":"https:\/\/www.omrserrature.it\/wp-content\/uploads\/2017\/10\/chiusura-impronta-fiat.jpg","datePublished":"2011-10-17T12:54:00+00:00","dateModified":"2026-04-08T10:49:50+00:00","breadcrumb":{"@id":"https:\/\/www.omrserrature.it\/fr\/produit\/fermeture-de-lempreinte-de-fiat\/#breadcrumb"},"inLanguage":"fr-FR","potentialAction":[{"@type":"ReadAction","target":["https:\/\/www.omrserrature.it\/fr\/produit\/fermeture-de-lempreinte-de-fiat\/"]}]},{"@type":"ImageObject","inLanguage":"fr-FR","@id":"https:\/\/www.omrserrature.it\/fr\/produit\/fermeture-de-lempreinte-de-fiat\/#primaryimage","url":"https:\/\/www.omrserrature.it\/wp-content\/uploads\/2017\/10\/chiusura-impronta-fiat.jpg","contentUrl":"https:\/\/www.omrserrature.it\/wp-content\/uploads\/2017\/10\/chiusura-impronta-fiat.jpg","width":392,"height":379,"caption":"Fiat 1\/4 de tour - fermetures \u00e0 pression sp\u00e9ciales"},{"@type":"BreadcrumbList","@id":"https:\/\/www.omrserrature.it\/fr\/produit\/fermeture-de-lempreinte-de-fiat\/#breadcrumb","itemListElement":[{"@type":"ListItem","position":1,"name":"Home","item":"https:\/\/www.omrserrature.it\/fr\/omr-serrures-et-systemes-de-verrouillage\/"},{"@type":"ListItem","position":2,"name":"Catalogue","item":"https:\/\/www.omrserrature.it\/catalogue\/?lang=fr"},{"@type":"ListItem","position":3,"name":"Produits","item":"https:\/\/www.omrserrature.it\/fr\/catalogue\/produits\/"},{"@type":"ListItem","position":4,"name":"Serrures","item":"https:\/\/www.omrserrature.it\/fr\/catalogue\/produits\/serrures\/"},{"@type":"ListItem","position":5,"name":"Serrure \u00e9tanche\/inox","item":"https:\/\/www.omrserrature.it\/fr\/catalogue\/produits\/serrures\/serrure-etanche-inox\/"},{"@type":"ListItem","position":6,"name":"Fermeture de la forme de Fiat"}]},{"@type":"WebSite","@id":"https:\/\/www.omrserrature.it\/fr\/#website","url":"https:\/\/www.omrserrature.it\/fr\/","name":"OMR Serrature | Produzione sistemi di chiusura","description":"Produzione serrature di sicurezza e sistemi di chiusura","publisher":{"@id":"https:\/\/www.omrserrature.it\/fr\/#organization"},"potentialAction":[{"@type":"SearchAction","target":{"@type":"EntryPoint","urlTemplate":"https:\/\/www.omrserrature.it\/fr\/?s={search_term_string}"},"query-input":{"@type":"PropertyValueSpecification","valueRequired":true,"valueName":"search_term_string"}}],"inLanguage":"fr-FR"},{"@type":"Organization","@id":"https:\/\/www.omrserrature.it\/fr\/#organization","name":"OMR Serrature | Produzione sistemi di chiusura","url":"https:\/\/www.omrserrature.it\/fr\/","logo":{"@type":"ImageObject","inLanguage":"fr-FR","@id":"https:\/\/www.omrserrature.it\/fr\/#\/schema\/logo\/image\/","url":"https:\/\/www.omrserrature.it\/wp-content\/uploads\/2017\/09\/favicon-omr-114.png","contentUrl":"https:\/\/www.omrserrature.it\/wp-content\/uploads\/2017\/09\/favicon-omr-114.png","width":114,"height":114,"caption":"OMR Serrature | Produzione sistemi di chiusura"},"image":{"@id":"https:\/\/www.omrserrature.it\/fr\/#\/schema\/logo\/image\/"},"sameAs":["https:\/\/www.facebook.com\/OMRserrature","https:\/\/www.linkedin.com\/company\/omrserrature\/","https:\/\/www.youtube.com\/channel\/UCxmA85z2R0EpG_6IRokiAkg"]}]}},"_links":{"self":[{"href":"https:\/\/www.omrserrature.it\/fr\/wp-json\/wp\/v2\/product\/25968","targetHints":{"allow":["GET"]}}],"collection":[{"href":"https:\/\/www.omrserrature.it\/fr\/wp-json\/wp\/v2\/product"}],"about":[{"href":"https:\/\/www.omrserrature.it\/fr\/wp-json\/wp\/v2\/types\/product"}],"replies":[{"embeddable":true,"href":"https:\/\/www.omrserrature.it\/fr\/wp-json\/wp\/v2\/comments?post=25968"}],"wp:featuredmedia":[{"embeddable":true,"href":"https:\/\/www.omrserrature.it\/fr\/wp-json\/wp\/v2\/media\/3048"}],"wp:attachment":[{"href":"https:\/\/www.omrserrature.it\/fr\/wp-json\/wp\/v2\/media?parent=25968"}],"wp:term":[{"taxonomy":"product_brand","embeddable":true,"href":"https:\/\/www.omrserrature.it\/fr\/wp-json\/wp\/v2\/product_brand?post=25968"},{"taxonomy":"product_cat","embeddable":true,"href":"https:\/\/www.omrserrature.it\/fr\/wp-json\/wp\/v2\/product_cat?post=25968"},{"taxonomy":"product_tag","embeddable":true,"href":"https:\/\/www.omrserrature.it\/fr\/wp-json\/wp\/v2\/product_tag?post=25968"}],"curies":[{"name":"wp","href":"https:\/\/api.w.org\/{rel}","templated":true}]}}