{"id":25958,"date":"2017-10-11T15:15:21","date_gmt":"2011-10-17T13:15:00","guid":{"rendered":"https:\/\/www.staging6.omrserrature.it\/prodotto\/empreinte-reglable-de-la-goupille-de-verrouillage-3\/"},"modified":"2026-04-08T12:49:53","modified_gmt":"2026-04-08T10:49:53","slug":"empreinte-reglable-de-la-goupille-de-verrouillage-3","status":"publish","type":"product","link":"https:\/\/www.omrserrature.it\/fr\/produit\/empreinte-reglable-de-la-goupille-de-verrouillage-3\/","title":{"rendered":"Impression de la broche de fermeture r\u00e9glable 3"},"content":{"rendered":"<p>La <strong>serrure \u00e0 pistons 3 r\u00e9glable 1\/4 de tour<\/strong> est constitu\u00e9e d&rsquo;un corps en alliage de zinc \u00e0 l&rsquo;int\u00e9rieur duquel se trouve un rotor d&rsquo;impression \u00e0 ressort qui, actionn\u00e9 par une cl\u00e9, tourne pour d\u00e9terminer l&rsquo;ouverture ou la fermeture.<\/p>\n<p>Le terminal permet \u00e9galement d&rsquo;installer une vari\u00e9t\u00e9 de <strong>cames droites, coud\u00e9es ou \u00e0 crochets <\/strong>. La t\u00eate surdimensionn\u00e9e contribue \u00e0 un produit plus s\u00fbr et plus solide, ainsi qu&rsquo;\u00e0 une meilleure adaptation au design du panneau et au trou d&rsquo;installation. Le bo\u00eetier aileron est r\u00e9glable gr\u00e2ce \u00e0 un corps filet\u00e9 qui permet d&rsquo;ajuster la g\u00e2che du levier de 22,5 \u00e0 36 mm. Disponible en <strong>deux variantes<\/strong> pour les <strong>trous d&rsquo;installation<\/strong> carr\u00e9s ou ronds. <\/p>\n<p>Gr\u00e2ce \u00e0 la cl\u00e9 \u00e0 douille 3 aileron, la serrure \u00e0 pompiers <strong>convient aux applications n\u00e9cessitant une s\u00e9curit\u00e9 plus \u00e9lev\u00e9e que les autres types d&#8217;empreintes<\/strong> (triangulaires et carr\u00e9es). Les principales applications sont les portes de panneaux de contr\u00f4le, les compteurs de gaz, les machines industrielles, les portes en acier inoxydable, les panneaux d&rsquo;acc\u00e8s aux composants \u00e9lectroniques des machines, les panneaux \u00e9lectriques, les panneaux de contr\u00f4le des \u00e9quipements m\u00e9dicaux, les panneaux lumineux, les panneaux d&rsquo;affichage ou sur la carrosserie des machines agricoles et des chariots \u00e9l\u00e9vateurs \u00e0 fourche.<\/p>\n","protected":false},"excerpt":{"rendered":"<p><strong>La serrure \u00e0 pistons 3 r\u00e9glable 1\/4 de tour<\/strong> est constitu\u00e9e d&rsquo;un corps en alliage de zinc \u00e0 l&rsquo;int\u00e9rieur duquel se trouve un rotor d&rsquo;impression \u00e0 ressort qui, actionn\u00e9 par une cl\u00e9, tourne pour d\u00e9terminer l&rsquo;ouverture ou la fermeture.<\/p>\n","protected":false},"featured_media":3150,"comment_status":"open","ping_status":"closed","template":"","meta":{"_acf_changed":false,"_et_pb_use_builder":"","_et_pb_old_content":"","_et_gb_content_width":""},"product_brand":[],"product_cat":[3751,3746,3664,3641,3687,3711,3689,3714,3705,3704,3698,3702,3701,3690,3748],"product_tag":[],"class_list":{"0":"post-25958","1":"product","2":"type-product","3":"status-publish","4":"has-post-thumbnail","6":"product_cat-automatisation-et-domotique","7":"product_cat-automobile-et-transport","8":"product_cat-serrure-etanche-inox","9":"product_cat-serrure-pompiers-1-4-de-tour","10":"product_cat-serrures-a-came","11":"product_cat-serrures-pour-armoires-de-balcon","12":"product_cat-serrures-pour-armoires-electriques","13":"product_cat-serrures-pour-armoires-industrielles","14":"product_cat-serrures-pour-entrepots-automatiques","15":"product_cat-serrures-pour-lindustrie-electromecanique","16":"product_cat-serrures-pour-les-moyens-de-transport","17":"product_cat-serrures-pour-les-portes-des-panneaux-lateraux","18":"product_cat-serrures-pour-portes-darmoires-frontales","19":"product_cat-serrures-professionnelles-pour-meubles","20":"product_cat-systemes-de-fermeture-pour-lindustrie","22":"first","23":"instock","24":"shipping-taxable","25":"purchasable","26":"product-type-variable","27":"has-default-attributes"},"acf":{"pdf1":"https:\/\/www.omrserrature.it\/wp-content\/uploads\/2017\/10\/Scheda-163410.pdf"},"yoast_head":"<!-- This site is optimized with the Yoast SEO plugin v27.2 - https:\/\/yoast.com\/product\/yoast-seo-wordpress\/ -->\n<title>Impression de la broche de fermeture r\u00e9glable 3 - OMR Serrature<\/title>\n<meta name=\"robots\" content=\"index, follow, max-snippet:-1, max-image-preview:large, max-video-preview:-1\" \/>\n<link rel=\"canonical\" href=\"https:\/\/www.omrserrature.it\/fr\/produit\/empreinte-reglable-de-la-goupille-de-verrouillage-3\/\" \/>\n<meta property=\"og:locale\" content=\"fr_FR\" \/>\n<meta property=\"og:type\" content=\"article\" \/>\n<meta property=\"og:title\" content=\"Impression de la broche de fermeture r\u00e9glable 3 - OMR Serrature\" \/>\n<meta property=\"og:description\" content=\"La serrure \u00e0 pistons 3 r\u00e9glable 1\/4 de tour est constitu\u00e9e d&#039;un corps en alliage de zinc \u00e0 l&#039;int\u00e9rieur duquel se trouve un rotor d&#039;impression \u00e0 ressort qui, actionn\u00e9 par une cl\u00e9, tourne pour d\u00e9terminer l&#039;ouverture ou la fermeture.\" \/>\n<meta property=\"og:url\" content=\"https:\/\/www.omrserrature.it\/fr\/produit\/empreinte-reglable-de-la-goupille-de-verrouillage-3\/\" \/>\n<meta property=\"og:site_name\" content=\"OMR Serrature | Produzione sistemi di chiusura\" \/>\n<meta property=\"article:publisher\" content=\"https:\/\/www.facebook.com\/OMRserrature\" \/>\n<meta property=\"article:modified_time\" content=\"2026-04-08T10:49:53+00:00\" \/>\n<meta property=\"og:image\" content=\"https:\/\/www.omrserrature.it\/wp-content\/uploads\/2017\/10\/chiusura-regolabile-impronta-perno-3.jpg\" \/>\n\t<meta property=\"og:image:width\" content=\"939\" \/>\n\t<meta property=\"og:image:height\" content=\"558\" \/>\n\t<meta property=\"og:image:type\" content=\"image\/jpeg\" \/>\n<meta name=\"twitter:card\" content=\"summary_large_image\" \/>\n<meta name=\"twitter:label1\" content=\"Dur\u00e9e de lecture estim\u00e9e\" \/>\n\t<meta name=\"twitter:data1\" content=\"1 minute\" \/>\n<script type=\"application\/ld+json\" class=\"yoast-schema-graph\">{\"@context\":\"https:\/\/schema.org\",\"@graph\":[{\"@type\":\"WebPage\",\"@id\":\"https:\/\/www.omrserrature.it\/fr\/produit\/empreinte-reglable-de-la-goupille-de-verrouillage-3\/\",\"url\":\"https:\/\/www.omrserrature.it\/fr\/produit\/empreinte-reglable-de-la-goupille-de-verrouillage-3\/\",\"name\":\"Impression de la broche de fermeture r\u00e9glable 3 - OMR Serrature\",\"isPartOf\":{\"@id\":\"https:\/\/www.omrserrature.it\/fr\/#website\"},\"primaryImageOfPage\":{\"@id\":\"https:\/\/www.omrserrature.it\/fr\/produit\/empreinte-reglable-de-la-goupille-de-verrouillage-3\/#primaryimage\"},\"image\":{\"@id\":\"https:\/\/www.omrserrature.it\/fr\/produit\/empreinte-reglable-de-la-goupille-de-verrouillage-3\/#primaryimage\"},\"thumbnailUrl\":\"https:\/\/www.omrserrature.it\/wp-content\/uploads\/2017\/10\/chiusura-regolabile-impronta-perno-3.jpg\",\"datePublished\":\"2011-10-17T13:15:00+00:00\",\"dateModified\":\"2026-04-08T10:49:53+00:00\",\"breadcrumb\":{\"@id\":\"https:\/\/www.omrserrature.it\/fr\/produit\/empreinte-reglable-de-la-goupille-de-verrouillage-3\/#breadcrumb\"},\"inLanguage\":\"fr-FR\",\"potentialAction\":[{\"@type\":\"ReadAction\",\"target\":[\"https:\/\/www.omrserrature.it\/fr\/produit\/empreinte-reglable-de-la-goupille-de-verrouillage-3\/\"]}]},{\"@type\":\"ImageObject\",\"inLanguage\":\"fr-FR\",\"@id\":\"https:\/\/www.omrserrature.it\/fr\/produit\/empreinte-reglable-de-la-goupille-de-verrouillage-3\/#primaryimage\",\"url\":\"https:\/\/www.omrserrature.it\/wp-content\/uploads\/2017\/10\/chiusura-regolabile-impronta-perno-3.jpg\",\"contentUrl\":\"https:\/\/www.omrserrature.it\/wp-content\/uploads\/2017\/10\/chiusura-regolabile-impronta-perno-3.jpg\",\"width\":939,\"height\":558,\"caption\":\"Fermeture r\u00e9glable de la Broche 3 1\/4 de tour\"},{\"@type\":\"BreadcrumbList\",\"@id\":\"https:\/\/www.omrserrature.it\/fr\/produit\/empreinte-reglable-de-la-goupille-de-verrouillage-3\/#breadcrumb\",\"itemListElement\":[{\"@type\":\"ListItem\",\"position\":1,\"name\":\"Home\",\"item\":\"https:\/\/www.omrserrature.it\/fr\/omr-serrures-et-systemes-de-verrouillage\/\"},{\"@type\":\"ListItem\",\"position\":2,\"name\":\"Catalogue\",\"item\":\"https:\/\/www.omrserrature.it\/catalogue\/?lang=fr\"},{\"@type\":\"ListItem\",\"position\":3,\"name\":\"Produits\",\"item\":\"https:\/\/www.omrserrature.it\/fr\/catalogue\/produits\/\"},{\"@type\":\"ListItem\",\"position\":4,\"name\":\"Serrures\",\"item\":\"https:\/\/www.omrserrature.it\/fr\/catalogue\/produits\/serrures\/\"},{\"@type\":\"ListItem\",\"position\":5,\"name\":\"Serrure \u00e9tanche\/inox\",\"item\":\"https:\/\/www.omrserrature.it\/fr\/catalogue\/produits\/serrures\/serrure-etanche-inox\/\"},{\"@type\":\"ListItem\",\"position\":6,\"name\":\"Impression de la broche de fermeture r\u00e9glable 3\"}]},{\"@type\":\"WebSite\",\"@id\":\"https:\/\/www.omrserrature.it\/fr\/#website\",\"url\":\"https:\/\/www.omrserrature.it\/fr\/\",\"name\":\"OMR Serrature | Produzione sistemi di chiusura\",\"description\":\"Produzione serrature di sicurezza e sistemi di chiusura\",\"publisher\":{\"@id\":\"https:\/\/www.omrserrature.it\/fr\/#organization\"},\"potentialAction\":[{\"@type\":\"SearchAction\",\"target\":{\"@type\":\"EntryPoint\",\"urlTemplate\":\"https:\/\/www.omrserrature.it\/fr\/?s={search_term_string}\"},\"query-input\":{\"@type\":\"PropertyValueSpecification\",\"valueRequired\":true,\"valueName\":\"search_term_string\"}}],\"inLanguage\":\"fr-FR\"},{\"@type\":\"Organization\",\"@id\":\"https:\/\/www.omrserrature.it\/fr\/#organization\",\"name\":\"OMR Serrature | Produzione sistemi di chiusura\",\"url\":\"https:\/\/www.omrserrature.it\/fr\/\",\"logo\":{\"@type\":\"ImageObject\",\"inLanguage\":\"fr-FR\",\"@id\":\"https:\/\/www.omrserrature.it\/fr\/#\/schema\/logo\/image\/\",\"url\":\"https:\/\/www.omrserrature.it\/wp-content\/uploads\/2017\/09\/favicon-omr-114.png\",\"contentUrl\":\"https:\/\/www.omrserrature.it\/wp-content\/uploads\/2017\/09\/favicon-omr-114.png\",\"width\":114,\"height\":114,\"caption\":\"OMR Serrature | Produzione sistemi di chiusura\"},\"image\":{\"@id\":\"https:\/\/www.omrserrature.it\/fr\/#\/schema\/logo\/image\/\"},\"sameAs\":[\"https:\/\/www.facebook.com\/OMRserrature\",\"https:\/\/www.linkedin.com\/company\/omrserrature\/\",\"https:\/\/www.youtube.com\/channel\/UCxmA85z2R0EpG_6IRokiAkg\"]}]}<\/script>\n<!-- \/ Yoast SEO plugin. -->","yoast_head_json":{"title":"Impression de la broche de fermeture r\u00e9glable 3 - OMR Serrature","robots":{"index":"index","follow":"follow","max-snippet":"max-snippet:-1","max-image-preview":"max-image-preview:large","max-video-preview":"max-video-preview:-1"},"canonical":"https:\/\/www.omrserrature.it\/fr\/produit\/empreinte-reglable-de-la-goupille-de-verrouillage-3\/","og_locale":"fr_FR","og_type":"article","og_title":"Impression de la broche de fermeture r\u00e9glable 3 - OMR Serrature","og_description":"La serrure \u00e0 pistons 3 r\u00e9glable 1\/4 de tour est constitu\u00e9e d'un corps en alliage de zinc \u00e0 l'int\u00e9rieur duquel se trouve un rotor d'impression \u00e0 ressort qui, actionn\u00e9 par une cl\u00e9, tourne pour d\u00e9terminer l'ouverture ou la fermeture.","og_url":"https:\/\/www.omrserrature.it\/fr\/produit\/empreinte-reglable-de-la-goupille-de-verrouillage-3\/","og_site_name":"OMR Serrature | Produzione sistemi di chiusura","article_publisher":"https:\/\/www.facebook.com\/OMRserrature","article_modified_time":"2026-04-08T10:49:53+00:00","og_image":[{"width":939,"height":558,"url":"https:\/\/www.omrserrature.it\/wp-content\/uploads\/2017\/10\/chiusura-regolabile-impronta-perno-3.jpg","type":"image\/jpeg"}],"twitter_card":"summary_large_image","twitter_misc":{"Dur\u00e9e de lecture estim\u00e9e":"1 minute"},"schema":{"@context":"https:\/\/schema.org","@graph":[{"@type":"WebPage","@id":"https:\/\/www.omrserrature.it\/fr\/produit\/empreinte-reglable-de-la-goupille-de-verrouillage-3\/","url":"https:\/\/www.omrserrature.it\/fr\/produit\/empreinte-reglable-de-la-goupille-de-verrouillage-3\/","name":"Impression de la broche de fermeture r\u00e9glable 3 - OMR Serrature","isPartOf":{"@id":"https:\/\/www.omrserrature.it\/fr\/#website"},"primaryImageOfPage":{"@id":"https:\/\/www.omrserrature.it\/fr\/produit\/empreinte-reglable-de-la-goupille-de-verrouillage-3\/#primaryimage"},"image":{"@id":"https:\/\/www.omrserrature.it\/fr\/produit\/empreinte-reglable-de-la-goupille-de-verrouillage-3\/#primaryimage"},"thumbnailUrl":"https:\/\/www.omrserrature.it\/wp-content\/uploads\/2017\/10\/chiusura-regolabile-impronta-perno-3.jpg","datePublished":"2011-10-17T13:15:00+00:00","dateModified":"2026-04-08T10:49:53+00:00","breadcrumb":{"@id":"https:\/\/www.omrserrature.it\/fr\/produit\/empreinte-reglable-de-la-goupille-de-verrouillage-3\/#breadcrumb"},"inLanguage":"fr-FR","potentialAction":[{"@type":"ReadAction","target":["https:\/\/www.omrserrature.it\/fr\/produit\/empreinte-reglable-de-la-goupille-de-verrouillage-3\/"]}]},{"@type":"ImageObject","inLanguage":"fr-FR","@id":"https:\/\/www.omrserrature.it\/fr\/produit\/empreinte-reglable-de-la-goupille-de-verrouillage-3\/#primaryimage","url":"https:\/\/www.omrserrature.it\/wp-content\/uploads\/2017\/10\/chiusura-regolabile-impronta-perno-3.jpg","contentUrl":"https:\/\/www.omrserrature.it\/wp-content\/uploads\/2017\/10\/chiusura-regolabile-impronta-perno-3.jpg","width":939,"height":558,"caption":"Fermeture r\u00e9glable de la Broche 3 1\/4 de tour"},{"@type":"BreadcrumbList","@id":"https:\/\/www.omrserrature.it\/fr\/produit\/empreinte-reglable-de-la-goupille-de-verrouillage-3\/#breadcrumb","itemListElement":[{"@type":"ListItem","position":1,"name":"Home","item":"https:\/\/www.omrserrature.it\/fr\/omr-serrures-et-systemes-de-verrouillage\/"},{"@type":"ListItem","position":2,"name":"Catalogue","item":"https:\/\/www.omrserrature.it\/catalogue\/?lang=fr"},{"@type":"ListItem","position":3,"name":"Produits","item":"https:\/\/www.omrserrature.it\/fr\/catalogue\/produits\/"},{"@type":"ListItem","position":4,"name":"Serrures","item":"https:\/\/www.omrserrature.it\/fr\/catalogue\/produits\/serrures\/"},{"@type":"ListItem","position":5,"name":"Serrure \u00e9tanche\/inox","item":"https:\/\/www.omrserrature.it\/fr\/catalogue\/produits\/serrures\/serrure-etanche-inox\/"},{"@type":"ListItem","position":6,"name":"Impression de la broche de fermeture r\u00e9glable 3"}]},{"@type":"WebSite","@id":"https:\/\/www.omrserrature.it\/fr\/#website","url":"https:\/\/www.omrserrature.it\/fr\/","name":"OMR Serrature | Produzione sistemi di chiusura","description":"Produzione serrature di sicurezza e sistemi di chiusura","publisher":{"@id":"https:\/\/www.omrserrature.it\/fr\/#organization"},"potentialAction":[{"@type":"SearchAction","target":{"@type":"EntryPoint","urlTemplate":"https:\/\/www.omrserrature.it\/fr\/?s={search_term_string}"},"query-input":{"@type":"PropertyValueSpecification","valueRequired":true,"valueName":"search_term_string"}}],"inLanguage":"fr-FR"},{"@type":"Organization","@id":"https:\/\/www.omrserrature.it\/fr\/#organization","name":"OMR Serrature | Produzione sistemi di chiusura","url":"https:\/\/www.omrserrature.it\/fr\/","logo":{"@type":"ImageObject","inLanguage":"fr-FR","@id":"https:\/\/www.omrserrature.it\/fr\/#\/schema\/logo\/image\/","url":"https:\/\/www.omrserrature.it\/wp-content\/uploads\/2017\/09\/favicon-omr-114.png","contentUrl":"https:\/\/www.omrserrature.it\/wp-content\/uploads\/2017\/09\/favicon-omr-114.png","width":114,"height":114,"caption":"OMR Serrature | Produzione sistemi di chiusura"},"image":{"@id":"https:\/\/www.omrserrature.it\/fr\/#\/schema\/logo\/image\/"},"sameAs":["https:\/\/www.facebook.com\/OMRserrature","https:\/\/www.linkedin.com\/company\/omrserrature\/","https:\/\/www.youtube.com\/channel\/UCxmA85z2R0EpG_6IRokiAkg"]}]}},"_links":{"self":[{"href":"https:\/\/www.omrserrature.it\/fr\/wp-json\/wp\/v2\/product\/25958","targetHints":{"allow":["GET"]}}],"collection":[{"href":"https:\/\/www.omrserrature.it\/fr\/wp-json\/wp\/v2\/product"}],"about":[{"href":"https:\/\/www.omrserrature.it\/fr\/wp-json\/wp\/v2\/types\/product"}],"replies":[{"embeddable":true,"href":"https:\/\/www.omrserrature.it\/fr\/wp-json\/wp\/v2\/comments?post=25958"}],"wp:featuredmedia":[{"embeddable":true,"href":"https:\/\/www.omrserrature.it\/fr\/wp-json\/wp\/v2\/media\/3150"}],"wp:attachment":[{"href":"https:\/\/www.omrserrature.it\/fr\/wp-json\/wp\/v2\/media?parent=25958"}],"wp:term":[{"taxonomy":"product_brand","embeddable":true,"href":"https:\/\/www.omrserrature.it\/fr\/wp-json\/wp\/v2\/product_brand?post=25958"},{"taxonomy":"product_cat","embeddable":true,"href":"https:\/\/www.omrserrature.it\/fr\/wp-json\/wp\/v2\/product_cat?post=25958"},{"taxonomy":"product_tag","embeddable":true,"href":"https:\/\/www.omrserrature.it\/fr\/wp-json\/wp\/v2\/product_tag?post=25958"}],"curies":[{"name":"wp","href":"https:\/\/api.w.org\/{rel}","templated":true}]}}