{"id":25949,"date":"2017-10-06T09:17:30","date_gmt":"2006-10-17T07:17:00","guid":{"rendered":"https:\/\/www.staging6.omrserrature.it\/prodotto\/bloc-jack\/"},"modified":"2026-04-08T13:13:58","modified_gmt":"2026-04-08T11:13:58","slug":"bloc-jack","status":"publish","type":"product","link":"https:\/\/www.omrserrature.it\/fr\/produit\/bloc-jack\/","title":{"rendered":"Serrure batteuse"},"content":{"rendered":"<p><strong>La serrure \u00e0 cl\u00e9 Jack<\/strong> se caract\u00e9rise par la position <strong>radiale<\/strong> des goupilles en laiton. La<strong> cl\u00e9 rouge <\/strong>incomparable ne peut \u00eatre reproduite que dans notre entreprise, ce qui garantit un <strong>haut degr\u00e9 de s\u00e9curit\u00e9<\/strong> tout en servant de Poign\u00e9e pratique. Le barillet pr\u00e9sente \u00e9galement une saillie \u00e0 l&rsquo;avant pour contrer les techniques d&rsquo;effraction telles que l&rsquo;utilisation d&rsquo;une perceuse.  <\/p>\n<p>Le corps en m\u00e9tal moul\u00e9 sous pression est prot\u00e9g\u00e9 par une <strong>bague en acier anti-pincement<\/strong> et l&rsquo;extraction de la cl\u00e9, uniquement en position ferm\u00e9e, assure une plus grande attention de la part de l&rsquo;op\u00e9rateur.<\/p>\n<p>\u00c9galement disponible en <a href=\"https:\/\/www.omrserrature.it\/fr\/produit\/bloc-de-prises-reprogrammable\/\"><span style=\"text-decoration: underline\">version <strong>reprogrammable<\/strong><\/span><\/a>sa fixation par boucle arri\u00e8re permet \u00e9galement l&rsquo;installation de divers <strong>cames droites, coud\u00e9es ou \u00e0 crochet<\/strong>, sans oublier la possibilit\u00e9 d&rsquo;appliquer des cames <strong>multipli\u00e9es<\/strong> pour le mouvement des tringles ou des commandes de <strong>fermeture multiples et centralis\u00e9es<\/strong>.<\/p>\n<p>La serrure<strong>batteuse<\/strong> <strong>\u00e0 cl\u00e9 sp\u00e9ciale<\/strong> convient pour verrouiller en toute s\u00e9curit\u00e9 les <strong>distributeurs automatiques et les machines \u00e0 sous<\/strong>, les<strong> coffres-forts<\/strong>, les <strong>distributeurs automatiques et les machines \u00e0 sous<\/strong>, les bo\u00eetiers d&rsquo;acc\u00e8s aux cages d&rsquo;ascenseur, les parcm\u00e8tres, les monnayeurs, les meubles de collectivit\u00e9 pour les bijouteries ou les environnements mus\u00e9aux.<\/p>\n","protected":false},"excerpt":{"rendered":"<p><strong>La serrure<\/strong> \u00e0 cl\u00e9 Jack se caract\u00e9rise par la position radiale des goupilles en laiton.<\/p>\n<p>Caract\u00e9ris\u00e9e par la forme ergonomique incomparable de la cl\u00e9 rouge, la serrure \u00e0 cl\u00e9 Jack convient pour <strong>verrouiller en toute s\u00e9curit\u00e9 les distributeurs automatiques et les machines \u00e0 sous, les coffres-forts, les distributeurs automatiques et les fentes<\/strong>, les bo\u00eetiers d&rsquo;acc\u00e8s aux cages d&rsquo;ascenseur, les parcm\u00e8tres, les monnayeurs, les meubles de collectivit\u00e9 pour les bijouteries ou les environnements mus\u00e9aux.<\/p>\n","protected":false},"featured_media":3030,"comment_status":"open","ping_status":"closed","template":"","meta":{"_acf_changed":false,"_et_pb_use_builder":"","_et_pb_old_content":"","_et_gb_content_width":""},"product_brand":[],"product_cat":[3756,3746,3750,3755,3687,3696,3722,3693,3732,3715,3720,3703,3704,3721,3716,3690,3637,3744,3667],"product_tag":[],"class_list":{"0":"post-25949","1":"product","2":"type-product","3":"status-publish","4":"has-post-thumbnail","6":"product_cat-architecture-urbanisme-et-design","7":"product_cat-automobile-et-transport","8":"product_cat-banque-et-poste","9":"product_cat-hopitaux-et-soins-de-sante","10":"product_cat-serrures-a-came","11":"product_cat-serrures-de-machines","12":"product_cat-serrures-de-portes","13":"product_cat-serrures-de-securite","14":"product_cat-serrures-de-securite-pour-meubles","15":"product_cat-serrures-pour-coffres-forts","16":"product_cat-serrures-pour-distributeurs-automatiques","17":"product_cat-serrures-pour-interrupteurs","18":"product_cat-serrures-pour-lindustrie-electromecanique","19":"product_cat-serrures-pour-machines-a-sous","20":"product_cat-serrures-pour-rateliers-a-fusils","21":"product_cat-serrures-professionnelles-pour-meubles","22":"product_cat-serrures-universelles-a-pistons","23":"product_cat-systemes-de-fermeture-de-securite","24":"product_cat-une-cle-speciale","26":"first","27":"instock","28":"shipping-taxable","29":"purchasable","30":"product-type-variable","31":"has-default-attributes"},"acf":{"pdf1":"https:\/\/www.omrserrature.it\/wp-content\/uploads\/schede\/Scheda_100750KD.pdf"},"yoast_head":"<!-- This site is optimized with the Yoast SEO plugin v27.2 - https:\/\/yoast.com\/product\/yoast-seo-wordpress\/ -->\n<title>Serrure batteuse - OMR Serrature<\/title>\n<meta name=\"robots\" content=\"index, follow, max-snippet:-1, max-image-preview:large, max-video-preview:-1\" \/>\n<link rel=\"canonical\" href=\"https:\/\/www.omrserrature.it\/fr\/produit\/bloc-jack\/\" \/>\n<meta property=\"og:locale\" content=\"fr_FR\" \/>\n<meta property=\"og:type\" content=\"article\" \/>\n<meta property=\"og:title\" content=\"Serrure batteuse - OMR Serrature\" \/>\n<meta property=\"og:description\" content=\"La serrure \u00e0 cl\u00e9 Jack se caract\u00e9rise par la position radiale des goupilles en laiton. Caract\u00e9ris\u00e9e par la forme ergonomique incomparable de la cl\u00e9 rouge, la serrure \u00e0 cl\u00e9 Jack convient pour verrouiller en toute s\u00e9curit\u00e9 les distributeurs automatiques et les machines \u00e0 sous, les coffres-forts, les distributeurs automatiques et les fentes, les bo\u00eetiers d&#039;acc\u00e8s aux cages d&#039;ascenseur, les parcm\u00e8tres, les monnayeurs, les meubles de collectivit\u00e9 pour les bijouteries ou les environnements mus\u00e9aux.\" \/>\n<meta property=\"og:url\" content=\"https:\/\/www.omrserrature.it\/fr\/produit\/bloc-jack\/\" \/>\n<meta property=\"og:site_name\" content=\"OMR Serrature | Produzione sistemi di chiusura\" \/>\n<meta property=\"article:publisher\" content=\"https:\/\/www.facebook.com\/OMRserrature\" \/>\n<meta property=\"article:modified_time\" content=\"2026-04-08T11:13:58+00:00\" \/>\n<meta property=\"og:image\" content=\"https:\/\/www.omrserrature.it\/wp-content\/uploads\/2017\/10\/blocchetto-jack.jpg\" \/>\n\t<meta property=\"og:image:width\" content=\"759\" \/>\n\t<meta property=\"og:image:height\" content=\"385\" \/>\n\t<meta property=\"og:image:type\" content=\"image\/jpeg\" \/>\n<meta name=\"twitter:card\" content=\"summary_large_image\" \/>\n<meta name=\"twitter:label1\" content=\"Dur\u00e9e de lecture estim\u00e9e\" \/>\n\t<meta name=\"twitter:data1\" content=\"1 minute\" \/>\n<script type=\"application\/ld+json\" class=\"yoast-schema-graph\">{\"@context\":\"https:\/\/schema.org\",\"@graph\":[{\"@type\":\"WebPage\",\"@id\":\"https:\/\/www.omrserrature.it\/fr\/produit\/bloc-jack\/\",\"url\":\"https:\/\/www.omrserrature.it\/fr\/produit\/bloc-jack\/\",\"name\":\"Serrure batteuse - OMR Serrature\",\"isPartOf\":{\"@id\":\"https:\/\/www.omrserrature.it\/fr\/#website\"},\"primaryImageOfPage\":{\"@id\":\"https:\/\/www.omrserrature.it\/fr\/produit\/bloc-jack\/#primaryimage\"},\"image\":{\"@id\":\"https:\/\/www.omrserrature.it\/fr\/produit\/bloc-jack\/#primaryimage\"},\"thumbnailUrl\":\"https:\/\/www.omrserrature.it\/wp-content\/uploads\/2017\/10\/blocchetto-jack.jpg\",\"datePublished\":\"2006-10-17T07:17:00+00:00\",\"dateModified\":\"2026-04-08T11:13:58+00:00\",\"breadcrumb\":{\"@id\":\"https:\/\/www.omrserrature.it\/fr\/produit\/bloc-jack\/#breadcrumb\"},\"inLanguage\":\"fr-FR\",\"potentialAction\":[{\"@type\":\"ReadAction\",\"target\":[\"https:\/\/www.omrserrature.it\/fr\/produit\/bloc-jack\/\"]}]},{\"@type\":\"ImageObject\",\"inLanguage\":\"fr-FR\",\"@id\":\"https:\/\/www.omrserrature.it\/fr\/produit\/bloc-jack\/#primaryimage\",\"url\":\"https:\/\/www.omrserrature.it\/wp-content\/uploads\/2017\/10\/blocchetto-jack.jpg\",\"contentUrl\":\"https:\/\/www.omrserrature.it\/wp-content\/uploads\/2017\/10\/blocchetto-jack.jpg\",\"width\":759,\"height\":385,\"caption\":\"serrure piston radial - serrure batteuse - ouverture avec cl\u00e9 rouge\"},{\"@type\":\"BreadcrumbList\",\"@id\":\"https:\/\/www.omrserrature.it\/fr\/produit\/bloc-jack\/#breadcrumb\",\"itemListElement\":[{\"@type\":\"ListItem\",\"position\":1,\"name\":\"Home\",\"item\":\"https:\/\/www.omrserrature.it\/fr\/omr-serrures-et-systemes-de-verrouillage\/\"},{\"@type\":\"ListItem\",\"position\":2,\"name\":\"Catalogue\",\"item\":\"https:\/\/www.omrserrature.it\/catalogue\/?lang=fr\"},{\"@type\":\"ListItem\",\"position\":3,\"name\":\"Applications\",\"item\":\"https:\/\/www.omrserrature.it\/fr\/catalogue\/applications\/\"},{\"@type\":\"ListItem\",\"position\":4,\"name\":\"Serrures de s\u00e9curit\u00e9\",\"item\":\"https:\/\/www.omrserrature.it\/fr\/catalogue\/applications\/serrures-de-securite\/\"},{\"@type\":\"ListItem\",\"position\":5,\"name\":\"Serrure batteuse\"}]},{\"@type\":\"WebSite\",\"@id\":\"https:\/\/www.omrserrature.it\/fr\/#website\",\"url\":\"https:\/\/www.omrserrature.it\/fr\/\",\"name\":\"OMR Serrature | Produzione sistemi di chiusura\",\"description\":\"Produzione serrature di sicurezza e sistemi di chiusura\",\"publisher\":{\"@id\":\"https:\/\/www.omrserrature.it\/fr\/#organization\"},\"potentialAction\":[{\"@type\":\"SearchAction\",\"target\":{\"@type\":\"EntryPoint\",\"urlTemplate\":\"https:\/\/www.omrserrature.it\/fr\/?s={search_term_string}\"},\"query-input\":{\"@type\":\"PropertyValueSpecification\",\"valueRequired\":true,\"valueName\":\"search_term_string\"}}],\"inLanguage\":\"fr-FR\"},{\"@type\":\"Organization\",\"@id\":\"https:\/\/www.omrserrature.it\/fr\/#organization\",\"name\":\"OMR Serrature | Produzione sistemi di chiusura\",\"url\":\"https:\/\/www.omrserrature.it\/fr\/\",\"logo\":{\"@type\":\"ImageObject\",\"inLanguage\":\"fr-FR\",\"@id\":\"https:\/\/www.omrserrature.it\/fr\/#\/schema\/logo\/image\/\",\"url\":\"https:\/\/www.omrserrature.it\/wp-content\/uploads\/2017\/09\/favicon-omr-114.png\",\"contentUrl\":\"https:\/\/www.omrserrature.it\/wp-content\/uploads\/2017\/09\/favicon-omr-114.png\",\"width\":114,\"height\":114,\"caption\":\"OMR Serrature | Produzione sistemi di chiusura\"},\"image\":{\"@id\":\"https:\/\/www.omrserrature.it\/fr\/#\/schema\/logo\/image\/\"},\"sameAs\":[\"https:\/\/www.facebook.com\/OMRserrature\",\"https:\/\/www.linkedin.com\/company\/omrserrature\/\",\"https:\/\/www.youtube.com\/channel\/UCxmA85z2R0EpG_6IRokiAkg\"]}]}<\/script>\n<!-- \/ Yoast SEO plugin. -->","yoast_head_json":{"title":"Serrure batteuse - OMR Serrature","robots":{"index":"index","follow":"follow","max-snippet":"max-snippet:-1","max-image-preview":"max-image-preview:large","max-video-preview":"max-video-preview:-1"},"canonical":"https:\/\/www.omrserrature.it\/fr\/produit\/bloc-jack\/","og_locale":"fr_FR","og_type":"article","og_title":"Serrure batteuse - OMR Serrature","og_description":"La serrure \u00e0 cl\u00e9 Jack se caract\u00e9rise par la position radiale des goupilles en laiton. Caract\u00e9ris\u00e9e par la forme ergonomique incomparable de la cl\u00e9 rouge, la serrure \u00e0 cl\u00e9 Jack convient pour verrouiller en toute s\u00e9curit\u00e9 les distributeurs automatiques et les machines \u00e0 sous, les coffres-forts, les distributeurs automatiques et les fentes, les bo\u00eetiers d'acc\u00e8s aux cages d'ascenseur, les parcm\u00e8tres, les monnayeurs, les meubles de collectivit\u00e9 pour les bijouteries ou les environnements mus\u00e9aux.","og_url":"https:\/\/www.omrserrature.it\/fr\/produit\/bloc-jack\/","og_site_name":"OMR Serrature | Produzione sistemi di chiusura","article_publisher":"https:\/\/www.facebook.com\/OMRserrature","article_modified_time":"2026-04-08T11:13:58+00:00","og_image":[{"width":759,"height":385,"url":"https:\/\/www.omrserrature.it\/wp-content\/uploads\/2017\/10\/blocchetto-jack.jpg","type":"image\/jpeg"}],"twitter_card":"summary_large_image","twitter_misc":{"Dur\u00e9e de lecture estim\u00e9e":"1 minute"},"schema":{"@context":"https:\/\/schema.org","@graph":[{"@type":"WebPage","@id":"https:\/\/www.omrserrature.it\/fr\/produit\/bloc-jack\/","url":"https:\/\/www.omrserrature.it\/fr\/produit\/bloc-jack\/","name":"Serrure batteuse - OMR Serrature","isPartOf":{"@id":"https:\/\/www.omrserrature.it\/fr\/#website"},"primaryImageOfPage":{"@id":"https:\/\/www.omrserrature.it\/fr\/produit\/bloc-jack\/#primaryimage"},"image":{"@id":"https:\/\/www.omrserrature.it\/fr\/produit\/bloc-jack\/#primaryimage"},"thumbnailUrl":"https:\/\/www.omrserrature.it\/wp-content\/uploads\/2017\/10\/blocchetto-jack.jpg","datePublished":"2006-10-17T07:17:00+00:00","dateModified":"2026-04-08T11:13:58+00:00","breadcrumb":{"@id":"https:\/\/www.omrserrature.it\/fr\/produit\/bloc-jack\/#breadcrumb"},"inLanguage":"fr-FR","potentialAction":[{"@type":"ReadAction","target":["https:\/\/www.omrserrature.it\/fr\/produit\/bloc-jack\/"]}]},{"@type":"ImageObject","inLanguage":"fr-FR","@id":"https:\/\/www.omrserrature.it\/fr\/produit\/bloc-jack\/#primaryimage","url":"https:\/\/www.omrserrature.it\/wp-content\/uploads\/2017\/10\/blocchetto-jack.jpg","contentUrl":"https:\/\/www.omrserrature.it\/wp-content\/uploads\/2017\/10\/blocchetto-jack.jpg","width":759,"height":385,"caption":"serrure piston radial - serrure batteuse - ouverture avec cl\u00e9 rouge"},{"@type":"BreadcrumbList","@id":"https:\/\/www.omrserrature.it\/fr\/produit\/bloc-jack\/#breadcrumb","itemListElement":[{"@type":"ListItem","position":1,"name":"Home","item":"https:\/\/www.omrserrature.it\/fr\/omr-serrures-et-systemes-de-verrouillage\/"},{"@type":"ListItem","position":2,"name":"Catalogue","item":"https:\/\/www.omrserrature.it\/catalogue\/?lang=fr"},{"@type":"ListItem","position":3,"name":"Applications","item":"https:\/\/www.omrserrature.it\/fr\/catalogue\/applications\/"},{"@type":"ListItem","position":4,"name":"Serrures de s\u00e9curit\u00e9","item":"https:\/\/www.omrserrature.it\/fr\/catalogue\/applications\/serrures-de-securite\/"},{"@type":"ListItem","position":5,"name":"Serrure batteuse"}]},{"@type":"WebSite","@id":"https:\/\/www.omrserrature.it\/fr\/#website","url":"https:\/\/www.omrserrature.it\/fr\/","name":"OMR Serrature | Produzione sistemi di chiusura","description":"Produzione serrature di sicurezza e sistemi di chiusura","publisher":{"@id":"https:\/\/www.omrserrature.it\/fr\/#organization"},"potentialAction":[{"@type":"SearchAction","target":{"@type":"EntryPoint","urlTemplate":"https:\/\/www.omrserrature.it\/fr\/?s={search_term_string}"},"query-input":{"@type":"PropertyValueSpecification","valueRequired":true,"valueName":"search_term_string"}}],"inLanguage":"fr-FR"},{"@type":"Organization","@id":"https:\/\/www.omrserrature.it\/fr\/#organization","name":"OMR Serrature | Produzione sistemi di chiusura","url":"https:\/\/www.omrserrature.it\/fr\/","logo":{"@type":"ImageObject","inLanguage":"fr-FR","@id":"https:\/\/www.omrserrature.it\/fr\/#\/schema\/logo\/image\/","url":"https:\/\/www.omrserrature.it\/wp-content\/uploads\/2017\/09\/favicon-omr-114.png","contentUrl":"https:\/\/www.omrserrature.it\/wp-content\/uploads\/2017\/09\/favicon-omr-114.png","width":114,"height":114,"caption":"OMR Serrature | Produzione sistemi di chiusura"},"image":{"@id":"https:\/\/www.omrserrature.it\/fr\/#\/schema\/logo\/image\/"},"sameAs":["https:\/\/www.facebook.com\/OMRserrature","https:\/\/www.linkedin.com\/company\/omrserrature\/","https:\/\/www.youtube.com\/channel\/UCxmA85z2R0EpG_6IRokiAkg"]}]}},"_links":{"self":[{"href":"https:\/\/www.omrserrature.it\/fr\/wp-json\/wp\/v2\/product\/25949","targetHints":{"allow":["GET"]}}],"collection":[{"href":"https:\/\/www.omrserrature.it\/fr\/wp-json\/wp\/v2\/product"}],"about":[{"href":"https:\/\/www.omrserrature.it\/fr\/wp-json\/wp\/v2\/types\/product"}],"replies":[{"embeddable":true,"href":"https:\/\/www.omrserrature.it\/fr\/wp-json\/wp\/v2\/comments?post=25949"}],"wp:featuredmedia":[{"embeddable":true,"href":"https:\/\/www.omrserrature.it\/fr\/wp-json\/wp\/v2\/media\/3030"}],"wp:attachment":[{"href":"https:\/\/www.omrserrature.it\/fr\/wp-json\/wp\/v2\/media?parent=25949"}],"wp:term":[{"taxonomy":"product_brand","embeddable":true,"href":"https:\/\/www.omrserrature.it\/fr\/wp-json\/wp\/v2\/product_brand?post=25949"},{"taxonomy":"product_cat","embeddable":true,"href":"https:\/\/www.omrserrature.it\/fr\/wp-json\/wp\/v2\/product_cat?post=25949"},{"taxonomy":"product_tag","embeddable":true,"href":"https:\/\/www.omrserrature.it\/fr\/wp-json\/wp\/v2\/product_tag?post=25949"}],"curies":[{"name":"wp","href":"https:\/\/api.w.org\/{rel}","templated":true}]}}