{"id":25948,"date":"2017-10-06T09:56:06","date_gmt":"2006-10-17T07:56:00","guid":{"rendered":"https:\/\/www.staging6.omrserrature.it\/prodotto\/bloc-de-prises-reprogrammable\/"},"modified":"2026-04-08T13:14:06","modified_gmt":"2026-04-08T11:14:06","slug":"bloc-de-prises-reprogrammable","status":"publish","type":"product","link":"https:\/\/www.omrserrature.it\/fr\/produit\/bloc-de-prises-reprogrammable\/","title":{"rendered":"Serrure batteuse reprogrammable"},"content":{"rendered":"<p>La serrure \u00e0 cames se caract\u00e9rise par la position <strong>radiale<\/strong> des goupilles en laiton et la possibilit\u00e9 de changer les 5 combinaisons autant de fois qu&rsquo;on le souhaite. La cl\u00e9 de reprogrammation (avec la porte ouverte) peut \u00e9galement \u00eatre utilis\u00e9e par le d\u00e9tenteur comme <strong>cl\u00e9 de passe<\/strong>. La <strong>forme ergonomique<\/strong> incomparable <strong>de la cl\u00e9<\/strong> rouge <strong>ne peut \u00eatre reproduite que dans notre entreprise<\/strong>, garantissant un <strong>haut degr\u00e9 de s\u00e9curit\u00e9<\/strong> tout en servant de Poign\u00e9e pratique. Le barillet pr\u00e9sente \u00e9galement une saillie sur le devant pour contrer les techniques d&rsquo;effraction telles que l&rsquo;utilisation d&rsquo;une perceuse. <\/p>\n<p>Le corps en m\u00e9tal moul\u00e9 sous pression est prot\u00e9g\u00e9 par une <strong>bague en acier anti-pincement<\/strong> et l&rsquo;extraction de la cl\u00e9, uniquement en position ferm\u00e9e, assure une plus grande attention de la part de l&rsquo;op\u00e9rateur. Sa fixation par boucle arri\u00e8re permet \u00e9galement l&rsquo;installation d&rsquo;une vari\u00e9t\u00e9 de <strong>cames droites, coud\u00e9es ou \u00e0 crochet<\/strong>, sans n\u00e9gliger la possibilit\u00e9 de fixer des cames <strong>multipoints<\/strong> pour le mouvement des tringles ou des commandes de <strong>fermeture multiples et centralis\u00e9es<\/strong>.<\/p>\n<p>La serrure<strong>batteuse<\/strong> <strong>sp\u00e9ciale<\/strong> reprogrammable convient aux applications de verrouillage s\u00e9curis\u00e9 n\u00e9cessitant des<strong> changements fr\u00e9quents d&rsquo;utilisateurs<\/strong>, telles que le march\u00e9 du<strong>divertissement<\/strong>, les <strong>machines \u00e0 caf\u00e9<\/strong>, les <strong>distributeurs automatiques de billets<\/strong> ou les <strong>bo\u00eetes \u00e0 cl\u00e9s<\/strong> utilis\u00e9es par les techniciens de maintenance.<\/p>\n","protected":false},"excerpt":{"rendered":"<p><strong>La serrure reprogrammable avec cl\u00e9 tringles<\/strong> se caract\u00e9rise par la position radiale des goupilles en laiton et la possibilit\u00e9 de changer les 5 combinaisons autant de fois que souhait\u00e9.<\/p>\n<p>Une solution <strong>pratique et<\/strong> s\u00fbre qui convient aux applications de verrouillage s\u00e9curis\u00e9 n\u00e9cessitant des <strong>changements fr\u00e9quents d&rsquo;utilisateurs<\/strong>.<\/p>\n","protected":false},"featured_media":3036,"comment_status":"open","ping_status":"closed","template":"","meta":{"_acf_changed":false,"_et_pb_use_builder":"","_et_pb_old_content":"","_et_gb_content_width":""},"product_brand":[],"product_cat":[3756,3746,3750,3687,3696,3722,3693,3732,3733,3715,3720,3703,3704,3721,3716,3690,3652,3637,3744,3667],"product_tag":[],"class_list":{"0":"post-25948","1":"product","2":"type-product","3":"status-publish","4":"has-post-thumbnail","6":"product_cat-architecture-urbanisme-et-design","7":"product_cat-automobile-et-transport","8":"product_cat-banque-et-poste","9":"product_cat-serrures-a-came","10":"product_cat-serrures-de-machines","11":"product_cat-serrures-de-portes","12":"product_cat-serrures-de-securite","13":"product_cat-serrures-de-securite-pour-meubles","14":"product_cat-serrures-pour-carrosseries-frigorifiques","15":"product_cat-serrures-pour-coffres-forts","16":"product_cat-serrures-pour-distributeurs-automatiques","17":"product_cat-serrures-pour-interrupteurs","18":"product_cat-serrures-pour-lindustrie-electromecanique","19":"product_cat-serrures-pour-machines-a-sous","20":"product_cat-serrures-pour-rateliers-a-fusils","21":"product_cat-serrures-professionnelles-pour-meubles","22":"product_cat-serrures-reprogrammables","23":"product_cat-serrures-universelles-a-pistons","24":"product_cat-systemes-de-fermeture-de-securite","25":"product_cat-une-cle-speciale","27":"first","28":"instock","29":"shipping-taxable","30":"purchasable","31":"product-type-variable","32":"has-default-attributes"},"acf":{"pdf1":"https:\/\/www.omrserrature.it\/wp-content\/uploads\/2025\/10\/Scheda-100755KD.pdf"},"yoast_head":"<!-- This site is optimized with the Yoast SEO plugin v27.5 - https:\/\/yoast.com\/product\/yoast-seo-wordpress\/ -->\n<title>Serrure batteuse reprogrammable - OMR Serrature<\/title>\n<meta name=\"robots\" content=\"index, follow, max-snippet:-1, max-image-preview:large, max-video-preview:-1\" \/>\n<link rel=\"canonical\" href=\"https:\/\/www.omrserrature.it\/fr\/produit\/bloc-de-prises-reprogrammable\/\" \/>\n<meta property=\"og:locale\" content=\"fr_FR\" \/>\n<meta property=\"og:type\" content=\"article\" \/>\n<meta property=\"og:title\" content=\"Serrure batteuse reprogrammable - OMR Serrature\" \/>\n<meta property=\"og:description\" content=\"La serrure reprogrammable avec cl\u00e9 tringles se caract\u00e9rise par la position radiale des goupilles en laiton et la possibilit\u00e9 de changer les 5 combinaisons autant de fois que souhait\u00e9. Une solution pratique et s\u00fbre qui convient aux applications de verrouillage s\u00e9curis\u00e9 n\u00e9cessitant des changements fr\u00e9quents d&#039;utilisateurs.\" \/>\n<meta property=\"og:url\" content=\"https:\/\/www.omrserrature.it\/fr\/produit\/bloc-de-prises-reprogrammable\/\" \/>\n<meta property=\"og:site_name\" content=\"OMR Serrature | Produzione sistemi di chiusura\" \/>\n<meta property=\"article:publisher\" content=\"https:\/\/www.facebook.com\/OMRserrature\" \/>\n<meta property=\"article:modified_time\" content=\"2026-04-08T11:14:06+00:00\" \/>\n<meta property=\"og:image\" content=\"https:\/\/www.omrserrature.it\/wp-content\/uploads\/2017\/10\/blocchetto-jack-riprogrammabile.jpg\" \/>\n\t<meta property=\"og:image:width\" content=\"752\" \/>\n\t<meta property=\"og:image:height\" content=\"397\" \/>\n\t<meta property=\"og:image:type\" content=\"image\/jpeg\" \/>\n<meta name=\"twitter:card\" content=\"summary_large_image\" \/>\n<meta name=\"twitter:label1\" content=\"Dur\u00e9e de lecture estim\u00e9e\" \/>\n\t<meta name=\"twitter:data1\" content=\"1 minute\" \/>\n<script type=\"application\/ld+json\" class=\"yoast-schema-graph\">{\"@context\":\"https:\\\/\\\/schema.org\",\"@graph\":[{\"@type\":\"WebPage\",\"@id\":\"https:\\\/\\\/www.omrserrature.it\\\/fr\\\/produit\\\/bloc-de-prises-reprogrammable\\\/\",\"url\":\"https:\\\/\\\/www.omrserrature.it\\\/fr\\\/produit\\\/bloc-de-prises-reprogrammable\\\/\",\"name\":\"Serrure batteuse reprogrammable - OMR Serrature\",\"isPartOf\":{\"@id\":\"https:\\\/\\\/www.omrserrature.it\\\/fr\\\/#website\"},\"primaryImageOfPage\":{\"@id\":\"https:\\\/\\\/www.omrserrature.it\\\/fr\\\/produit\\\/bloc-de-prises-reprogrammable\\\/#primaryimage\"},\"image\":{\"@id\":\"https:\\\/\\\/www.omrserrature.it\\\/fr\\\/produit\\\/bloc-de-prises-reprogrammable\\\/#primaryimage\"},\"thumbnailUrl\":\"https:\\\/\\\/www.omrserrature.it\\\/wp-content\\\/uploads\\\/2017\\\/10\\\/blocchetto-jack-riprogrammabile.jpg\",\"datePublished\":\"2006-10-17T07:56:00+00:00\",\"dateModified\":\"2026-04-08T11:14:06+00:00\",\"breadcrumb\":{\"@id\":\"https:\\\/\\\/www.omrserrature.it\\\/fr\\\/produit\\\/bloc-de-prises-reprogrammable\\\/#breadcrumb\"},\"inLanguage\":\"fr-FR\",\"potentialAction\":[{\"@type\":\"ReadAction\",\"target\":[\"https:\\\/\\\/www.omrserrature.it\\\/fr\\\/produit\\\/bloc-de-prises-reprogrammable\\\/\"]}]},{\"@type\":\"ImageObject\",\"inLanguage\":\"fr-FR\",\"@id\":\"https:\\\/\\\/www.omrserrature.it\\\/fr\\\/produit\\\/bloc-de-prises-reprogrammable\\\/#primaryimage\",\"url\":\"https:\\\/\\\/www.omrserrature.it\\\/wp-content\\\/uploads\\\/2017\\\/10\\\/blocchetto-jack-riprogrammabile.jpg\",\"contentUrl\":\"https:\\\/\\\/www.omrserrature.it\\\/wp-content\\\/uploads\\\/2017\\\/10\\\/blocchetto-jack-riprogrammabile.jpg\",\"width\":752,\"height\":397,\"caption\":\"Serrure \u00e0 piston radial reprogrammable - Ouverture de la serrure \u00e0 v\u00e9rin reprogrammable avec cl\u00e9 rouge\"},{\"@type\":\"BreadcrumbList\",\"@id\":\"https:\\\/\\\/www.omrserrature.it\\\/fr\\\/produit\\\/bloc-de-prises-reprogrammable\\\/#breadcrumb\",\"itemListElement\":[{\"@type\":\"ListItem\",\"position\":1,\"name\":\"Home\",\"item\":\"https:\\\/\\\/www.omrserrature.it\\\/fr\\\/omr-serrures-et-systemes-de-verrouillage\\\/\"},{\"@type\":\"ListItem\",\"position\":2,\"name\":\"Catalogue\",\"item\":\"https:\\\/\\\/www.omrserrature.it\\\/catalogue\\\/?lang=fr\"},{\"@type\":\"ListItem\",\"position\":3,\"name\":\"Applications\",\"item\":\"https:\\\/\\\/www.omrserrature.it\\\/fr\\\/catalogue\\\/applications\\\/\"},{\"@type\":\"ListItem\",\"position\":4,\"name\":\"Serrures de s\u00e9curit\u00e9\",\"item\":\"https:\\\/\\\/www.omrserrature.it\\\/fr\\\/catalogue\\\/applications\\\/serrures-de-securite\\\/\"},{\"@type\":\"ListItem\",\"position\":5,\"name\":\"Serrure batteuse reprogrammable\"}]},{\"@type\":\"WebSite\",\"@id\":\"https:\\\/\\\/www.omrserrature.it\\\/fr\\\/#website\",\"url\":\"https:\\\/\\\/www.omrserrature.it\\\/fr\\\/\",\"name\":\"OMR Serrature | Produzione sistemi di chiusura\",\"description\":\"Produzione serrature di sicurezza e sistemi di chiusura\",\"publisher\":{\"@id\":\"https:\\\/\\\/www.omrserrature.it\\\/fr\\\/#organization\"},\"potentialAction\":[{\"@type\":\"SearchAction\",\"target\":{\"@type\":\"EntryPoint\",\"urlTemplate\":\"https:\\\/\\\/www.omrserrature.it\\\/fr\\\/?s={search_term_string}\"},\"query-input\":{\"@type\":\"PropertyValueSpecification\",\"valueRequired\":true,\"valueName\":\"search_term_string\"}}],\"inLanguage\":\"fr-FR\"},{\"@type\":\"Organization\",\"@id\":\"https:\\\/\\\/www.omrserrature.it\\\/fr\\\/#organization\",\"name\":\"OMR Serrature | Produzione sistemi di chiusura\",\"url\":\"https:\\\/\\\/www.omrserrature.it\\\/fr\\\/\",\"logo\":{\"@type\":\"ImageObject\",\"inLanguage\":\"fr-FR\",\"@id\":\"https:\\\/\\\/www.omrserrature.it\\\/fr\\\/#\\\/schema\\\/logo\\\/image\\\/\",\"url\":\"https:\\\/\\\/www.omrserrature.it\\\/wp-content\\\/uploads\\\/2017\\\/09\\\/favicon-omr-114.png\",\"contentUrl\":\"https:\\\/\\\/www.omrserrature.it\\\/wp-content\\\/uploads\\\/2017\\\/09\\\/favicon-omr-114.png\",\"width\":114,\"height\":114,\"caption\":\"OMR Serrature | Produzione sistemi di chiusura\"},\"image\":{\"@id\":\"https:\\\/\\\/www.omrserrature.it\\\/fr\\\/#\\\/schema\\\/logo\\\/image\\\/\"},\"sameAs\":[\"https:\\\/\\\/www.facebook.com\\\/OMRserrature\",\"https:\\\/\\\/www.linkedin.com\\\/company\\\/omrserrature\\\/\",\"https:\\\/\\\/www.youtube.com\\\/channel\\\/UCxmA85z2R0EpG_6IRokiAkg\"]}]}<\/script>\n<!-- \/ Yoast SEO plugin. -->","yoast_head_json":{"title":"Serrure batteuse reprogrammable - OMR Serrature","robots":{"index":"index","follow":"follow","max-snippet":"max-snippet:-1","max-image-preview":"max-image-preview:large","max-video-preview":"max-video-preview:-1"},"canonical":"https:\/\/www.omrserrature.it\/fr\/produit\/bloc-de-prises-reprogrammable\/","og_locale":"fr_FR","og_type":"article","og_title":"Serrure batteuse reprogrammable - OMR Serrature","og_description":"La serrure reprogrammable avec cl\u00e9 tringles se caract\u00e9rise par la position radiale des goupilles en laiton et la possibilit\u00e9 de changer les 5 combinaisons autant de fois que souhait\u00e9. Une solution pratique et s\u00fbre qui convient aux applications de verrouillage s\u00e9curis\u00e9 n\u00e9cessitant des changements fr\u00e9quents d'utilisateurs.","og_url":"https:\/\/www.omrserrature.it\/fr\/produit\/bloc-de-prises-reprogrammable\/","og_site_name":"OMR Serrature | Produzione sistemi di chiusura","article_publisher":"https:\/\/www.facebook.com\/OMRserrature","article_modified_time":"2026-04-08T11:14:06+00:00","og_image":[{"width":752,"height":397,"url":"https:\/\/www.omrserrature.it\/wp-content\/uploads\/2017\/10\/blocchetto-jack-riprogrammabile.jpg","type":"image\/jpeg"}],"twitter_card":"summary_large_image","twitter_misc":{"Dur\u00e9e de lecture estim\u00e9e":"1 minute"},"schema":{"@context":"https:\/\/schema.org","@graph":[{"@type":"WebPage","@id":"https:\/\/www.omrserrature.it\/fr\/produit\/bloc-de-prises-reprogrammable\/","url":"https:\/\/www.omrserrature.it\/fr\/produit\/bloc-de-prises-reprogrammable\/","name":"Serrure batteuse reprogrammable - OMR Serrature","isPartOf":{"@id":"https:\/\/www.omrserrature.it\/fr\/#website"},"primaryImageOfPage":{"@id":"https:\/\/www.omrserrature.it\/fr\/produit\/bloc-de-prises-reprogrammable\/#primaryimage"},"image":{"@id":"https:\/\/www.omrserrature.it\/fr\/produit\/bloc-de-prises-reprogrammable\/#primaryimage"},"thumbnailUrl":"https:\/\/www.omrserrature.it\/wp-content\/uploads\/2017\/10\/blocchetto-jack-riprogrammabile.jpg","datePublished":"2006-10-17T07:56:00+00:00","dateModified":"2026-04-08T11:14:06+00:00","breadcrumb":{"@id":"https:\/\/www.omrserrature.it\/fr\/produit\/bloc-de-prises-reprogrammable\/#breadcrumb"},"inLanguage":"fr-FR","potentialAction":[{"@type":"ReadAction","target":["https:\/\/www.omrserrature.it\/fr\/produit\/bloc-de-prises-reprogrammable\/"]}]},{"@type":"ImageObject","inLanguage":"fr-FR","@id":"https:\/\/www.omrserrature.it\/fr\/produit\/bloc-de-prises-reprogrammable\/#primaryimage","url":"https:\/\/www.omrserrature.it\/wp-content\/uploads\/2017\/10\/blocchetto-jack-riprogrammabile.jpg","contentUrl":"https:\/\/www.omrserrature.it\/wp-content\/uploads\/2017\/10\/blocchetto-jack-riprogrammabile.jpg","width":752,"height":397,"caption":"Serrure \u00e0 piston radial reprogrammable - Ouverture de la serrure \u00e0 v\u00e9rin reprogrammable avec cl\u00e9 rouge"},{"@type":"BreadcrumbList","@id":"https:\/\/www.omrserrature.it\/fr\/produit\/bloc-de-prises-reprogrammable\/#breadcrumb","itemListElement":[{"@type":"ListItem","position":1,"name":"Home","item":"https:\/\/www.omrserrature.it\/fr\/omr-serrures-et-systemes-de-verrouillage\/"},{"@type":"ListItem","position":2,"name":"Catalogue","item":"https:\/\/www.omrserrature.it\/catalogue\/?lang=fr"},{"@type":"ListItem","position":3,"name":"Applications","item":"https:\/\/www.omrserrature.it\/fr\/catalogue\/applications\/"},{"@type":"ListItem","position":4,"name":"Serrures de s\u00e9curit\u00e9","item":"https:\/\/www.omrserrature.it\/fr\/catalogue\/applications\/serrures-de-securite\/"},{"@type":"ListItem","position":5,"name":"Serrure batteuse reprogrammable"}]},{"@type":"WebSite","@id":"https:\/\/www.omrserrature.it\/fr\/#website","url":"https:\/\/www.omrserrature.it\/fr\/","name":"OMR Serrature | Produzione sistemi di chiusura","description":"Produzione serrature di sicurezza e sistemi di chiusura","publisher":{"@id":"https:\/\/www.omrserrature.it\/fr\/#organization"},"potentialAction":[{"@type":"SearchAction","target":{"@type":"EntryPoint","urlTemplate":"https:\/\/www.omrserrature.it\/fr\/?s={search_term_string}"},"query-input":{"@type":"PropertyValueSpecification","valueRequired":true,"valueName":"search_term_string"}}],"inLanguage":"fr-FR"},{"@type":"Organization","@id":"https:\/\/www.omrserrature.it\/fr\/#organization","name":"OMR Serrature | Produzione sistemi di chiusura","url":"https:\/\/www.omrserrature.it\/fr\/","logo":{"@type":"ImageObject","inLanguage":"fr-FR","@id":"https:\/\/www.omrserrature.it\/fr\/#\/schema\/logo\/image\/","url":"https:\/\/www.omrserrature.it\/wp-content\/uploads\/2017\/09\/favicon-omr-114.png","contentUrl":"https:\/\/www.omrserrature.it\/wp-content\/uploads\/2017\/09\/favicon-omr-114.png","width":114,"height":114,"caption":"OMR Serrature | Produzione sistemi di chiusura"},"image":{"@id":"https:\/\/www.omrserrature.it\/fr\/#\/schema\/logo\/image\/"},"sameAs":["https:\/\/www.facebook.com\/OMRserrature","https:\/\/www.linkedin.com\/company\/omrserrature\/","https:\/\/www.youtube.com\/channel\/UCxmA85z2R0EpG_6IRokiAkg"]}]}},"_links":{"self":[{"href":"https:\/\/www.omrserrature.it\/fr\/wp-json\/wp\/v2\/product\/25948","targetHints":{"allow":["GET"]}}],"collection":[{"href":"https:\/\/www.omrserrature.it\/fr\/wp-json\/wp\/v2\/product"}],"about":[{"href":"https:\/\/www.omrserrature.it\/fr\/wp-json\/wp\/v2\/types\/product"}],"replies":[{"embeddable":true,"href":"https:\/\/www.omrserrature.it\/fr\/wp-json\/wp\/v2\/comments?post=25948"}],"wp:featuredmedia":[{"embeddable":true,"href":"https:\/\/www.omrserrature.it\/fr\/wp-json\/wp\/v2\/media\/3036"}],"wp:attachment":[{"href":"https:\/\/www.omrserrature.it\/fr\/wp-json\/wp\/v2\/media?parent=25948"}],"wp:term":[{"taxonomy":"product_brand","embeddable":true,"href":"https:\/\/www.omrserrature.it\/fr\/wp-json\/wp\/v2\/product_brand?post=25948"},{"taxonomy":"product_cat","embeddable":true,"href":"https:\/\/www.omrserrature.it\/fr\/wp-json\/wp\/v2\/product_cat?post=25948"},{"taxonomy":"product_tag","embeddable":true,"href":"https:\/\/www.omrserrature.it\/fr\/wp-json\/wp\/v2\/product_tag?post=25948"}],"curies":[{"name":"wp","href":"https:\/\/api.w.org\/{rel}","templated":true}]}}