{"id":25819,"date":"2017-10-11T16:18:08","date_gmt":"2011-10-17T14:18:00","guid":{"rendered":"https:\/\/www.staging6.omrserrature.it\/prodotto\/fermeture-automatique-par-crochet\/"},"modified":"2026-04-08T12:49:52","modified_gmt":"2026-04-08T10:49:52","slug":"fermeture-automatique-par-crochet","status":"publish","type":"product","link":"https:\/\/www.omrserrature.it\/fr\/produit\/fermeture-automatique-par-crochet\/","title":{"rendered":"Fermeture automatique par crochet"},"content":{"rendered":"<p>Le <strong>loquet automatique \u00e0 crochet<\/strong> se compose d&rsquo;un corps en acier et d&rsquo;un rotor de forme douille qui, actionn\u00e9 par la <a href=\"https:\/\/www.omrserrature.it\/fr\/produit\/cle-dimpression-tete-ovale\/\" target=\"_blank\" rel=\"noopener\">cl\u00e9 SCHD05791 ou SCHD05750<\/a>, d\u00e9termine l&rsquo;ouverture ou la fermeture de la serrure.<\/p>\n<p><strong>Le crochet \u00e0 ressort<\/strong> permet de fermer automatiquement la serrure afin d&rsquo;assurer une s\u00e9curit\u00e9 suppl\u00e9mentaire et d&rsquo;\u00e9viter qu&rsquo;elle ne soit laiss\u00e9e ouverte par inadvertance.<\/p>\n<p>La fermeture automatique \u00e0 crochet est disponible en version \u00e0 souder ou \u00e0 riveter et peut \u00eatre<strong> install\u00e9e sur les bacs \u00e0<\/strong> d\u00e9chets, les poubelles, le <strong>mobilier urbain<\/strong>, les parcm\u00e8tres, les billetteries et les machines de contr\u00f4le d&rsquo;acc\u00e8s.<\/p>\n","protected":false},"excerpt":{"rendered":"<p>La <strong>fermeture automatique \u00e0 crochet<\/strong> se compose d&rsquo;un corps en acier et d&rsquo;un barillet de forme triangulaire qui, actionn\u00e9 par la cl\u00e9 SCHD05791 ou SCHD05750, d\u00e9termine l&rsquo;ouverture ou la fermeture.<\/p>\n<p>Une solution id\u00e9ale pour le <strong>mobilier urbain.<\/strong><\/p>\n","protected":false},"featured_media":25820,"comment_status":"open","ping_status":"closed","template":"","meta":{"_acf_changed":false,"_et_pb_use_builder":"","_et_pb_old_content":"","_et_gb_content_width":""},"product_brand":[],"product_cat":[3740,3752,3687,3649,3639,3723,3681,3695,3655,3704,3698,3697,3662],"product_tag":[],"class_list":{"0":"post-25819","1":"product","2":"type-product","3":"status-publish","4":"has-post-thumbnail","6":"product_cat-glissant","7":"product_cat-recyclage-ecologique-recyclage-des-dechets","8":"product_cat-serrures-a-came","9":"product_cat-serrures-a-crochet","10":"product_cat-serrures-avec-ressort-de-rappel","11":"product_cat-serrures-de-panneaux","12":"product_cat-serrures-manuelles-pour-les-bacs-a-ordures","13":"product_cat-serrures-pour-bacs-a-ordures-2","14":"product_cat-serrures-pour-bacs-a-ordures","15":"product_cat-serrures-pour-lindustrie-electromecanique","16":"product_cat-serrures-pour-les-moyens-de-transport","17":"product_cat-serrures-pour-meubles","18":"product_cat-serrures-speciales-sur-mesure","20":"first","21":"instock","22":"shipping-taxable","23":"purchasable","24":"product-type-variable","25":"has-default-attributes"},"acf":{"pdf1":"https:\/\/www.omrserrature.it\/wp-content\/uploads\/2017\/10\/Scheda-165819.pdf"},"yoast_head":"<!-- This site is optimized with the Yoast SEO plugin v27.2 - https:\/\/yoast.com\/product\/yoast-seo-wordpress\/ -->\n<title>Fermeture automatique par crochet - OMR Serrature<\/title>\n<meta name=\"robots\" content=\"index, follow, max-snippet:-1, max-image-preview:large, max-video-preview:-1\" \/>\n<link rel=\"canonical\" href=\"https:\/\/www.omrserrature.it\/fr\/produit\/fermeture-automatique-par-crochet\/\" \/>\n<meta property=\"og:locale\" content=\"fr_FR\" \/>\n<meta property=\"og:type\" content=\"article\" \/>\n<meta property=\"og:title\" content=\"Fermeture automatique par crochet - OMR Serrature\" \/>\n<meta property=\"og:description\" content=\"La fermeture automatique \u00e0 crochet se compose d&#039;un corps en acier et d&#039;un barillet de forme triangulaire qui, actionn\u00e9 par la cl\u00e9 SCHD05791 ou SCHD05750, d\u00e9termine l&#039;ouverture ou la fermeture. Une solution id\u00e9ale pour le mobilier urbain.\" \/>\n<meta property=\"og:url\" content=\"https:\/\/www.omrserrature.it\/fr\/produit\/fermeture-automatique-par-crochet\/\" \/>\n<meta property=\"og:site_name\" content=\"OMR Serrature | Produzione sistemi di chiusura\" \/>\n<meta property=\"article:publisher\" content=\"https:\/\/www.facebook.com\/OMRserrature\" \/>\n<meta property=\"article:modified_time\" content=\"2026-04-08T10:49:52+00:00\" \/>\n<meta property=\"og:image\" content=\"https:\/\/www.omrserrature.it\/wp-content\/uploads\/2017\/10\/Chiusura-automatica-a-gancio.jpg\" \/>\n\t<meta property=\"og:image:width\" content=\"600\" \/>\n\t<meta property=\"og:image:height\" content=\"600\" \/>\n\t<meta property=\"og:image:type\" content=\"image\/jpeg\" \/>\n<meta name=\"twitter:card\" content=\"summary_large_image\" \/>\n<script type=\"application\/ld+json\" class=\"yoast-schema-graph\">{\"@context\":\"https:\/\/schema.org\",\"@graph\":[{\"@type\":\"WebPage\",\"@id\":\"https:\/\/www.omrserrature.it\/fr\/produit\/fermeture-automatique-par-crochet\/\",\"url\":\"https:\/\/www.omrserrature.it\/fr\/produit\/fermeture-automatique-par-crochet\/\",\"name\":\"Fermeture automatique par crochet - OMR Serrature\",\"isPartOf\":{\"@id\":\"https:\/\/www.omrserrature.it\/fr\/#website\"},\"primaryImageOfPage\":{\"@id\":\"https:\/\/www.omrserrature.it\/fr\/produit\/fermeture-automatique-par-crochet\/#primaryimage\"},\"image\":{\"@id\":\"https:\/\/www.omrserrature.it\/fr\/produit\/fermeture-automatique-par-crochet\/#primaryimage\"},\"thumbnailUrl\":\"https:\/\/www.omrserrature.it\/wp-content\/uploads\/2017\/10\/Chiusura-automatica-a-gancio.jpg\",\"datePublished\":\"2011-10-17T14:18:00+00:00\",\"dateModified\":\"2026-04-08T10:49:52+00:00\",\"breadcrumb\":{\"@id\":\"https:\/\/www.omrserrature.it\/fr\/produit\/fermeture-automatique-par-crochet\/#breadcrumb\"},\"inLanguage\":\"fr-FR\",\"potentialAction\":[{\"@type\":\"ReadAction\",\"target\":[\"https:\/\/www.omrserrature.it\/fr\/produit\/fermeture-automatique-par-crochet\/\"]}]},{\"@type\":\"ImageObject\",\"inLanguage\":\"fr-FR\",\"@id\":\"https:\/\/www.omrserrature.it\/fr\/produit\/fermeture-automatique-par-crochet\/#primaryimage\",\"url\":\"https:\/\/www.omrserrature.it\/wp-content\/uploads\/2017\/10\/Chiusura-automatica-a-gancio.jpg\",\"contentUrl\":\"https:\/\/www.omrserrature.it\/wp-content\/uploads\/2017\/10\/Chiusura-automatica-a-gancio.jpg\",\"width\":600,\"height\":600,\"caption\":\"Fermeture automatique par crochet\"},{\"@type\":\"BreadcrumbList\",\"@id\":\"https:\/\/www.omrserrature.it\/fr\/produit\/fermeture-automatique-par-crochet\/#breadcrumb\",\"itemListElement\":[{\"@type\":\"ListItem\",\"position\":1,\"name\":\"Home\",\"item\":\"https:\/\/www.omrserrature.it\/fr\/omr-serrures-et-systemes-de-verrouillage\/\"},{\"@type\":\"ListItem\",\"position\":2,\"name\":\"Catalogue\",\"item\":\"https:\/\/www.omrserrature.it\/catalogue\/?lang=fr\"},{\"@type\":\"ListItem\",\"position\":3,\"name\":\"Applications\",\"item\":\"https:\/\/www.omrserrature.it\/fr\/catalogue\/applications\/\"},{\"@type\":\"ListItem\",\"position\":4,\"name\":\"Serrures pour meubles\",\"item\":\"https:\/\/www.omrserrature.it\/fr\/catalogue\/applications\/serrures-pour-meubles\/\"},{\"@type\":\"ListItem\",\"position\":5,\"name\":\"Serrures de panneaux\",\"item\":\"https:\/\/www.omrserrature.it\/fr\/catalogue\/applications\/serrures-pour-meubles\/serrures-de-panneaux\/\"},{\"@type\":\"ListItem\",\"position\":6,\"name\":\"Glissant\",\"item\":\"https:\/\/www.omrserrature.it\/fr\/catalogue\/applications\/serrures-pour-meubles\/serrures-de-panneaux\/glissant\/\"},{\"@type\":\"ListItem\",\"position\":7,\"name\":\"Fermeture automatique par crochet\"}]},{\"@type\":\"WebSite\",\"@id\":\"https:\/\/www.omrserrature.it\/fr\/#website\",\"url\":\"https:\/\/www.omrserrature.it\/fr\/\",\"name\":\"OMR Serrature | Produzione sistemi di chiusura\",\"description\":\"Produzione serrature di sicurezza e sistemi di chiusura\",\"publisher\":{\"@id\":\"https:\/\/www.omrserrature.it\/fr\/#organization\"},\"potentialAction\":[{\"@type\":\"SearchAction\",\"target\":{\"@type\":\"EntryPoint\",\"urlTemplate\":\"https:\/\/www.omrserrature.it\/fr\/?s={search_term_string}\"},\"query-input\":{\"@type\":\"PropertyValueSpecification\",\"valueRequired\":true,\"valueName\":\"search_term_string\"}}],\"inLanguage\":\"fr-FR\"},{\"@type\":\"Organization\",\"@id\":\"https:\/\/www.omrserrature.it\/fr\/#organization\",\"name\":\"OMR Serrature | Produzione sistemi di chiusura\",\"url\":\"https:\/\/www.omrserrature.it\/fr\/\",\"logo\":{\"@type\":\"ImageObject\",\"inLanguage\":\"fr-FR\",\"@id\":\"https:\/\/www.omrserrature.it\/fr\/#\/schema\/logo\/image\/\",\"url\":\"https:\/\/www.omrserrature.it\/wp-content\/uploads\/2017\/09\/favicon-omr-114.png\",\"contentUrl\":\"https:\/\/www.omrserrature.it\/wp-content\/uploads\/2017\/09\/favicon-omr-114.png\",\"width\":114,\"height\":114,\"caption\":\"OMR Serrature | Produzione sistemi di chiusura\"},\"image\":{\"@id\":\"https:\/\/www.omrserrature.it\/fr\/#\/schema\/logo\/image\/\"},\"sameAs\":[\"https:\/\/www.facebook.com\/OMRserrature\",\"https:\/\/www.linkedin.com\/company\/omrserrature\/\",\"https:\/\/www.youtube.com\/channel\/UCxmA85z2R0EpG_6IRokiAkg\"]}]}<\/script>\n<!-- \/ Yoast SEO plugin. -->","yoast_head_json":{"title":"Fermeture automatique par crochet - OMR Serrature","robots":{"index":"index","follow":"follow","max-snippet":"max-snippet:-1","max-image-preview":"max-image-preview:large","max-video-preview":"max-video-preview:-1"},"canonical":"https:\/\/www.omrserrature.it\/fr\/produit\/fermeture-automatique-par-crochet\/","og_locale":"fr_FR","og_type":"article","og_title":"Fermeture automatique par crochet - OMR Serrature","og_description":"La fermeture automatique \u00e0 crochet se compose d'un corps en acier et d'un barillet de forme triangulaire qui, actionn\u00e9 par la cl\u00e9 SCHD05791 ou SCHD05750, d\u00e9termine l'ouverture ou la fermeture. Une solution id\u00e9ale pour le mobilier urbain.","og_url":"https:\/\/www.omrserrature.it\/fr\/produit\/fermeture-automatique-par-crochet\/","og_site_name":"OMR Serrature | Produzione sistemi di chiusura","article_publisher":"https:\/\/www.facebook.com\/OMRserrature","article_modified_time":"2026-04-08T10:49:52+00:00","og_image":[{"width":600,"height":600,"url":"https:\/\/www.omrserrature.it\/wp-content\/uploads\/2017\/10\/Chiusura-automatica-a-gancio.jpg","type":"image\/jpeg"}],"twitter_card":"summary_large_image","schema":{"@context":"https:\/\/schema.org","@graph":[{"@type":"WebPage","@id":"https:\/\/www.omrserrature.it\/fr\/produit\/fermeture-automatique-par-crochet\/","url":"https:\/\/www.omrserrature.it\/fr\/produit\/fermeture-automatique-par-crochet\/","name":"Fermeture automatique par crochet - OMR Serrature","isPartOf":{"@id":"https:\/\/www.omrserrature.it\/fr\/#website"},"primaryImageOfPage":{"@id":"https:\/\/www.omrserrature.it\/fr\/produit\/fermeture-automatique-par-crochet\/#primaryimage"},"image":{"@id":"https:\/\/www.omrserrature.it\/fr\/produit\/fermeture-automatique-par-crochet\/#primaryimage"},"thumbnailUrl":"https:\/\/www.omrserrature.it\/wp-content\/uploads\/2017\/10\/Chiusura-automatica-a-gancio.jpg","datePublished":"2011-10-17T14:18:00+00:00","dateModified":"2026-04-08T10:49:52+00:00","breadcrumb":{"@id":"https:\/\/www.omrserrature.it\/fr\/produit\/fermeture-automatique-par-crochet\/#breadcrumb"},"inLanguage":"fr-FR","potentialAction":[{"@type":"ReadAction","target":["https:\/\/www.omrserrature.it\/fr\/produit\/fermeture-automatique-par-crochet\/"]}]},{"@type":"ImageObject","inLanguage":"fr-FR","@id":"https:\/\/www.omrserrature.it\/fr\/produit\/fermeture-automatique-par-crochet\/#primaryimage","url":"https:\/\/www.omrserrature.it\/wp-content\/uploads\/2017\/10\/Chiusura-automatica-a-gancio.jpg","contentUrl":"https:\/\/www.omrserrature.it\/wp-content\/uploads\/2017\/10\/Chiusura-automatica-a-gancio.jpg","width":600,"height":600,"caption":"Fermeture automatique par crochet"},{"@type":"BreadcrumbList","@id":"https:\/\/www.omrserrature.it\/fr\/produit\/fermeture-automatique-par-crochet\/#breadcrumb","itemListElement":[{"@type":"ListItem","position":1,"name":"Home","item":"https:\/\/www.omrserrature.it\/fr\/omr-serrures-et-systemes-de-verrouillage\/"},{"@type":"ListItem","position":2,"name":"Catalogue","item":"https:\/\/www.omrserrature.it\/catalogue\/?lang=fr"},{"@type":"ListItem","position":3,"name":"Applications","item":"https:\/\/www.omrserrature.it\/fr\/catalogue\/applications\/"},{"@type":"ListItem","position":4,"name":"Serrures pour meubles","item":"https:\/\/www.omrserrature.it\/fr\/catalogue\/applications\/serrures-pour-meubles\/"},{"@type":"ListItem","position":5,"name":"Serrures de panneaux","item":"https:\/\/www.omrserrature.it\/fr\/catalogue\/applications\/serrures-pour-meubles\/serrures-de-panneaux\/"},{"@type":"ListItem","position":6,"name":"Glissant","item":"https:\/\/www.omrserrature.it\/fr\/catalogue\/applications\/serrures-pour-meubles\/serrures-de-panneaux\/glissant\/"},{"@type":"ListItem","position":7,"name":"Fermeture automatique par crochet"}]},{"@type":"WebSite","@id":"https:\/\/www.omrserrature.it\/fr\/#website","url":"https:\/\/www.omrserrature.it\/fr\/","name":"OMR Serrature | Produzione sistemi di chiusura","description":"Produzione serrature di sicurezza e sistemi di chiusura","publisher":{"@id":"https:\/\/www.omrserrature.it\/fr\/#organization"},"potentialAction":[{"@type":"SearchAction","target":{"@type":"EntryPoint","urlTemplate":"https:\/\/www.omrserrature.it\/fr\/?s={search_term_string}"},"query-input":{"@type":"PropertyValueSpecification","valueRequired":true,"valueName":"search_term_string"}}],"inLanguage":"fr-FR"},{"@type":"Organization","@id":"https:\/\/www.omrserrature.it\/fr\/#organization","name":"OMR Serrature | Produzione sistemi di chiusura","url":"https:\/\/www.omrserrature.it\/fr\/","logo":{"@type":"ImageObject","inLanguage":"fr-FR","@id":"https:\/\/www.omrserrature.it\/fr\/#\/schema\/logo\/image\/","url":"https:\/\/www.omrserrature.it\/wp-content\/uploads\/2017\/09\/favicon-omr-114.png","contentUrl":"https:\/\/www.omrserrature.it\/wp-content\/uploads\/2017\/09\/favicon-omr-114.png","width":114,"height":114,"caption":"OMR Serrature | Produzione sistemi di chiusura"},"image":{"@id":"https:\/\/www.omrserrature.it\/fr\/#\/schema\/logo\/image\/"},"sameAs":["https:\/\/www.facebook.com\/OMRserrature","https:\/\/www.linkedin.com\/company\/omrserrature\/","https:\/\/www.youtube.com\/channel\/UCxmA85z2R0EpG_6IRokiAkg"]}]}},"_links":{"self":[{"href":"https:\/\/www.omrserrature.it\/fr\/wp-json\/wp\/v2\/product\/25819","targetHints":{"allow":["GET"]}}],"collection":[{"href":"https:\/\/www.omrserrature.it\/fr\/wp-json\/wp\/v2\/product"}],"about":[{"href":"https:\/\/www.omrserrature.it\/fr\/wp-json\/wp\/v2\/types\/product"}],"replies":[{"embeddable":true,"href":"https:\/\/www.omrserrature.it\/fr\/wp-json\/wp\/v2\/comments?post=25819"}],"wp:featuredmedia":[{"embeddable":true,"href":"https:\/\/www.omrserrature.it\/fr\/wp-json\/wp\/v2\/media\/25820"}],"wp:attachment":[{"href":"https:\/\/www.omrserrature.it\/fr\/wp-json\/wp\/v2\/media?parent=25819"}],"wp:term":[{"taxonomy":"product_brand","embeddable":true,"href":"https:\/\/www.omrserrature.it\/fr\/wp-json\/wp\/v2\/product_brand?post=25819"},{"taxonomy":"product_cat","embeddable":true,"href":"https:\/\/www.omrserrature.it\/fr\/wp-json\/wp\/v2\/product_cat?post=25819"},{"taxonomy":"product_tag","embeddable":true,"href":"https:\/\/www.omrserrature.it\/fr\/wp-json\/wp\/v2\/product_tag?post=25819"}],"curies":[{"name":"wp","href":"https:\/\/api.w.org\/{rel}","templated":true}]}}