{"id":25817,"date":"2021-02-10T10:53:38","date_gmt":"2010-02-21T09:53:00","guid":{"rendered":"https:\/\/www.staging6.omrserrature.it\/prodotto\/gabarit-dassemblage-de-la-serrure-gravitationnelle\/"},"modified":"2026-04-08T11:33:37","modified_gmt":"2026-04-08T09:33:37","slug":"gabarit-dassemblage-de-la-serrure-gravitationnelle","status":"publish","type":"product","link":"https:\/\/www.omrserrature.it\/fr\/produit\/gabarit-dassemblage-de-la-serrure-gravitationnelle\/","title":{"rendered":"Gabarit d&rsquo;assemblage de la serrure gravitationnelle"},"content":{"rendered":"<p>Le gabarit d&rsquo;assemblage de la serrure \u00e0 gravit\u00e9 OMR est une solution intelligente pour les installations de serrures pour bacs \u00e0 ordures. Cet outil, con\u00e7u pour les professionnels du secteur, simplifie consid\u00e9rablement le processus d&rsquo;installation des serrures gravitationnelles OMR, en garantissant un r\u00e9sultat impeccable. <\/p>\n<p><strong>Caract\u00e9ristiques principales :<\/strong><\/p>\n<ol>\n<li><strong>Facilit\u00e9 d<\/strong>&lsquo;utilisation : le gabarit est con\u00e7u pour \u00eatre intuitif et simple \u00e0 utiliser. Il suffit de le placer sur l&rsquo;ordure pour avoir une indication claire et pr\u00e9cise de l&rsquo;endroit o\u00f9 percer les trous. Cela r\u00e9duit la marge d&rsquo;erreur et acc\u00e9l\u00e8re le processus d&rsquo;installation.  <\/li>\n<li><strong>Mat\u00e9riaux durables<\/strong>: Fabriqu\u00e9 en m\u00e9tal robuste, le gabarit d&rsquo;assemblage OMR est une v\u00e9ritable b\u00eate de somme, durable et fiable dans le temps. Il est con\u00e7u pour r\u00e9sister \u00e0 l&rsquo;usure quotidienne et aux conditions environnementales les plus difficiles. <\/li>\n<li><strong>Polyvalence<\/strong>: adapt\u00e9 \u00e0 tous les types de bacs \u00e0 ordures, le gabarit OMR est un outil polyvalent qui s&rsquo;adapte aux diff\u00e9rentes exigences d&rsquo;installation, ce qui facilite le travail de l&rsquo;installateur et le rend plus flexible.<\/li>\n<li><strong>Pr\u00e9cision<\/strong>: gr\u00e2ce \u00e0 sa conception soign\u00e9e, le gabarit garantit une installation pr\u00e9cise de la serrure \u00e0 gravitation et assure un alignement et un fonctionnement parfaits.<\/li>\n<\/ol>\n<p>Le Gabarit d&rsquo;assemblage de serrure gravitationnelle OMR est la solution id\u00e9ale pour les installateurs \u00e0 la recherche d&rsquo;une m\u00e9thode efficace, pr\u00e9cise et facile \u00e0 utiliser pour installer des serrures sur les bacs \u00e0 ordures.<\/p>\n","protected":false},"excerpt":{"rendered":"<p>Le gabarit d&rsquo;assemblage de la serrure \u00e0 gravit\u00e9 OMR est une solution intelligente pour les installations de serrures pour bacs \u00e0 ordures. Cet outil, con\u00e7u pour les professionnels du secteur, simplifie consid\u00e9rablement le processus d&rsquo;installation des serrures gravitationnelles OMR, en garantissant un r\u00e9sultat impeccable. <\/p>\n","protected":false},"featured_media":16863,"comment_status":"open","ping_status":"closed","template":"","meta":{"_acf_changed":false,"_et_pb_use_builder":"","_et_pb_old_content":"","_et_gb_content_width":""},"product_brand":[],"product_cat":[3680],"product_tag":[],"class_list":{"0":"post-25817","1":"product","2":"type-product","3":"status-publish","4":"has-post-thumbnail","6":"product_cat-accessoires-et-pieces-de-rechange-pour-les-serrures-a-gravitationnelles","8":"first","9":"instock","10":"shipping-taxable","11":"product-type-simple"},"acf":{"pdf1":false},"yoast_head":"<!-- This site is optimized with the Yoast SEO plugin v27.5 - https:\/\/yoast.com\/product\/yoast-seo-wordpress\/ -->\n<title>Gabarit d&#039;assemblage de la serrure gravitationnelle - OMR Serrature<\/title>\n<meta name=\"robots\" content=\"index, follow, max-snippet:-1, max-image-preview:large, max-video-preview:-1\" \/>\n<link rel=\"canonical\" href=\"https:\/\/www.omrserrature.it\/fr\/produit\/gabarit-dassemblage-de-la-serrure-gravitationnelle\/\" \/>\n<meta property=\"og:locale\" content=\"fr_FR\" \/>\n<meta property=\"og:type\" content=\"article\" \/>\n<meta property=\"og:title\" content=\"Gabarit d&#039;assemblage de la serrure gravitationnelle - OMR Serrature\" \/>\n<meta property=\"og:description\" content=\"Le gabarit d&#039;assemblage de la serrure \u00e0 gravit\u00e9 OMR est une solution intelligente pour les installations de serrures pour bacs \u00e0 ordures. Cet outil, con\u00e7u pour les professionnels du secteur, simplifie consid\u00e9rablement le processus d&#039;installation des serrures gravitationnelles OMR, en garantissant un r\u00e9sultat impeccable.\" \/>\n<meta property=\"og:url\" content=\"https:\/\/www.omrserrature.it\/fr\/produit\/gabarit-dassemblage-de-la-serrure-gravitationnelle\/\" \/>\n<meta property=\"og:site_name\" content=\"OMR Serrature | Produzione sistemi di chiusura\" \/>\n<meta property=\"article:publisher\" content=\"https:\/\/www.facebook.com\/OMRserrature\" \/>\n<meta property=\"article:modified_time\" content=\"2026-04-08T09:33:37+00:00\" \/>\n<meta property=\"og:image\" content=\"https:\/\/www.omrserrature.it\/wp-content\/uploads\/2021\/03\/KIT-MSCGRAV.jpg\" \/>\n\t<meta property=\"og:image:width\" content=\"4928\" \/>\n\t<meta property=\"og:image:height\" content=\"3264\" \/>\n\t<meta property=\"og:image:type\" content=\"image\/jpeg\" \/>\n<meta name=\"twitter:card\" content=\"summary_large_image\" \/>\n<meta name=\"twitter:label1\" content=\"Dur\u00e9e de lecture estim\u00e9e\" \/>\n\t<meta name=\"twitter:data1\" content=\"1 minute\" \/>\n<script type=\"application\/ld+json\" class=\"yoast-schema-graph\">{\"@context\":\"https:\\\/\\\/schema.org\",\"@graph\":[{\"@type\":\"WebPage\",\"@id\":\"https:\\\/\\\/www.omrserrature.it\\\/fr\\\/produit\\\/gabarit-dassemblage-de-la-serrure-gravitationnelle\\\/\",\"url\":\"https:\\\/\\\/www.omrserrature.it\\\/fr\\\/produit\\\/gabarit-dassemblage-de-la-serrure-gravitationnelle\\\/\",\"name\":\"Gabarit d'assemblage de la serrure gravitationnelle - OMR Serrature\",\"isPartOf\":{\"@id\":\"https:\\\/\\\/www.omrserrature.it\\\/fr\\\/#website\"},\"primaryImageOfPage\":{\"@id\":\"https:\\\/\\\/www.omrserrature.it\\\/fr\\\/produit\\\/gabarit-dassemblage-de-la-serrure-gravitationnelle\\\/#primaryimage\"},\"image\":{\"@id\":\"https:\\\/\\\/www.omrserrature.it\\\/fr\\\/produit\\\/gabarit-dassemblage-de-la-serrure-gravitationnelle\\\/#primaryimage\"},\"thumbnailUrl\":\"https:\\\/\\\/www.omrserrature.it\\\/wp-content\\\/uploads\\\/2021\\\/03\\\/KIT-MSCGRAV.jpg\",\"datePublished\":\"2010-02-21T09:53:00+00:00\",\"dateModified\":\"2026-04-08T09:33:37+00:00\",\"breadcrumb\":{\"@id\":\"https:\\\/\\\/www.omrserrature.it\\\/fr\\\/produit\\\/gabarit-dassemblage-de-la-serrure-gravitationnelle\\\/#breadcrumb\"},\"inLanguage\":\"fr-FR\",\"potentialAction\":[{\"@type\":\"ReadAction\",\"target\":[\"https:\\\/\\\/www.omrserrature.it\\\/fr\\\/produit\\\/gabarit-dassemblage-de-la-serrure-gravitationnelle\\\/\"]}]},{\"@type\":\"ImageObject\",\"inLanguage\":\"fr-FR\",\"@id\":\"https:\\\/\\\/www.omrserrature.it\\\/fr\\\/produit\\\/gabarit-dassemblage-de-la-serrure-gravitationnelle\\\/#primaryimage\",\"url\":\"https:\\\/\\\/www.omrserrature.it\\\/wp-content\\\/uploads\\\/2021\\\/03\\\/KIT-MSCGRAV.jpg\",\"contentUrl\":\"https:\\\/\\\/www.omrserrature.it\\\/wp-content\\\/uploads\\\/2021\\\/03\\\/KIT-MSCGRAV.jpg\",\"width\":4928,\"height\":3264,\"caption\":\"Kit de fermeture pour bacs \u00e0 ordures - KIT-MSCGRAV\"},{\"@type\":\"BreadcrumbList\",\"@id\":\"https:\\\/\\\/www.omrserrature.it\\\/fr\\\/produit\\\/gabarit-dassemblage-de-la-serrure-gravitationnelle\\\/#breadcrumb\",\"itemListElement\":[{\"@type\":\"ListItem\",\"position\":1,\"name\":\"Home\",\"item\":\"https:\\\/\\\/www.omrserrature.it\\\/fr\\\/omr-serrures-et-systemes-de-verrouillage\\\/\"},{\"@type\":\"ListItem\",\"position\":2,\"name\":\"Catalogue\",\"item\":\"https:\\\/\\\/www.omrserrature.it\\\/catalogue\\\/?lang=fr\"},{\"@type\":\"ListItem\",\"position\":3,\"name\":\"Produits\",\"item\":\"https:\\\/\\\/www.omrserrature.it\\\/fr\\\/catalogue\\\/produits\\\/\"},{\"@type\":\"ListItem\",\"position\":4,\"name\":\"Accessoires et pi\u00e8ces d\u00e9tach\u00e9es\",\"item\":\"https:\\\/\\\/www.omrserrature.it\\\/fr\\\/catalogue\\\/produits\\\/accessoires-et-pieces-detachees\\\/\"},{\"@type\":\"ListItem\",\"position\":5,\"name\":\"Accessoires et pi\u00e8ces de rechange pour les serrures \u00e0 gravitationnelles\",\"item\":\"https:\\\/\\\/www.omrserrature.it\\\/fr\\\/catalogue\\\/produits\\\/accessoires-et-pieces-detachees\\\/accessoires-et-pieces-de-rechange-pour-les-serrures-a-gravitationnelles\\\/\"},{\"@type\":\"ListItem\",\"position\":6,\"name\":\"Gabarit d&#8217;assemblage de la serrure gravitationnelle\"}]},{\"@type\":\"WebSite\",\"@id\":\"https:\\\/\\\/www.omrserrature.it\\\/fr\\\/#website\",\"url\":\"https:\\\/\\\/www.omrserrature.it\\\/fr\\\/\",\"name\":\"OMR Serrature | Produzione sistemi di chiusura\",\"description\":\"Produzione serrature di sicurezza e sistemi di chiusura\",\"publisher\":{\"@id\":\"https:\\\/\\\/www.omrserrature.it\\\/fr\\\/#organization\"},\"potentialAction\":[{\"@type\":\"SearchAction\",\"target\":{\"@type\":\"EntryPoint\",\"urlTemplate\":\"https:\\\/\\\/www.omrserrature.it\\\/fr\\\/?s={search_term_string}\"},\"query-input\":{\"@type\":\"PropertyValueSpecification\",\"valueRequired\":true,\"valueName\":\"search_term_string\"}}],\"inLanguage\":\"fr-FR\"},{\"@type\":\"Organization\",\"@id\":\"https:\\\/\\\/www.omrserrature.it\\\/fr\\\/#organization\",\"name\":\"OMR Serrature | Produzione sistemi di chiusura\",\"url\":\"https:\\\/\\\/www.omrserrature.it\\\/fr\\\/\",\"logo\":{\"@type\":\"ImageObject\",\"inLanguage\":\"fr-FR\",\"@id\":\"https:\\\/\\\/www.omrserrature.it\\\/fr\\\/#\\\/schema\\\/logo\\\/image\\\/\",\"url\":\"https:\\\/\\\/www.omrserrature.it\\\/wp-content\\\/uploads\\\/2017\\\/09\\\/favicon-omr-114.png\",\"contentUrl\":\"https:\\\/\\\/www.omrserrature.it\\\/wp-content\\\/uploads\\\/2017\\\/09\\\/favicon-omr-114.png\",\"width\":114,\"height\":114,\"caption\":\"OMR Serrature | Produzione sistemi di chiusura\"},\"image\":{\"@id\":\"https:\\\/\\\/www.omrserrature.it\\\/fr\\\/#\\\/schema\\\/logo\\\/image\\\/\"},\"sameAs\":[\"https:\\\/\\\/www.facebook.com\\\/OMRserrature\",\"https:\\\/\\\/www.linkedin.com\\\/company\\\/omrserrature\\\/\",\"https:\\\/\\\/www.youtube.com\\\/channel\\\/UCxmA85z2R0EpG_6IRokiAkg\"]}]}<\/script>\n<!-- \/ Yoast SEO plugin. -->","yoast_head_json":{"title":"Gabarit d'assemblage de la serrure gravitationnelle - OMR Serrature","robots":{"index":"index","follow":"follow","max-snippet":"max-snippet:-1","max-image-preview":"max-image-preview:large","max-video-preview":"max-video-preview:-1"},"canonical":"https:\/\/www.omrserrature.it\/fr\/produit\/gabarit-dassemblage-de-la-serrure-gravitationnelle\/","og_locale":"fr_FR","og_type":"article","og_title":"Gabarit d'assemblage de la serrure gravitationnelle - OMR Serrature","og_description":"Le gabarit d'assemblage de la serrure \u00e0 gravit\u00e9 OMR est une solution intelligente pour les installations de serrures pour bacs \u00e0 ordures. Cet outil, con\u00e7u pour les professionnels du secteur, simplifie consid\u00e9rablement le processus d'installation des serrures gravitationnelles OMR, en garantissant un r\u00e9sultat impeccable.","og_url":"https:\/\/www.omrserrature.it\/fr\/produit\/gabarit-dassemblage-de-la-serrure-gravitationnelle\/","og_site_name":"OMR Serrature | Produzione sistemi di chiusura","article_publisher":"https:\/\/www.facebook.com\/OMRserrature","article_modified_time":"2026-04-08T09:33:37+00:00","og_image":[{"width":4928,"height":3264,"url":"https:\/\/www.omrserrature.it\/wp-content\/uploads\/2021\/03\/KIT-MSCGRAV.jpg","type":"image\/jpeg"}],"twitter_card":"summary_large_image","twitter_misc":{"Dur\u00e9e de lecture estim\u00e9e":"1 minute"},"schema":{"@context":"https:\/\/schema.org","@graph":[{"@type":"WebPage","@id":"https:\/\/www.omrserrature.it\/fr\/produit\/gabarit-dassemblage-de-la-serrure-gravitationnelle\/","url":"https:\/\/www.omrserrature.it\/fr\/produit\/gabarit-dassemblage-de-la-serrure-gravitationnelle\/","name":"Gabarit d'assemblage de la serrure gravitationnelle - OMR Serrature","isPartOf":{"@id":"https:\/\/www.omrserrature.it\/fr\/#website"},"primaryImageOfPage":{"@id":"https:\/\/www.omrserrature.it\/fr\/produit\/gabarit-dassemblage-de-la-serrure-gravitationnelle\/#primaryimage"},"image":{"@id":"https:\/\/www.omrserrature.it\/fr\/produit\/gabarit-dassemblage-de-la-serrure-gravitationnelle\/#primaryimage"},"thumbnailUrl":"https:\/\/www.omrserrature.it\/wp-content\/uploads\/2021\/03\/KIT-MSCGRAV.jpg","datePublished":"2010-02-21T09:53:00+00:00","dateModified":"2026-04-08T09:33:37+00:00","breadcrumb":{"@id":"https:\/\/www.omrserrature.it\/fr\/produit\/gabarit-dassemblage-de-la-serrure-gravitationnelle\/#breadcrumb"},"inLanguage":"fr-FR","potentialAction":[{"@type":"ReadAction","target":["https:\/\/www.omrserrature.it\/fr\/produit\/gabarit-dassemblage-de-la-serrure-gravitationnelle\/"]}]},{"@type":"ImageObject","inLanguage":"fr-FR","@id":"https:\/\/www.omrserrature.it\/fr\/produit\/gabarit-dassemblage-de-la-serrure-gravitationnelle\/#primaryimage","url":"https:\/\/www.omrserrature.it\/wp-content\/uploads\/2021\/03\/KIT-MSCGRAV.jpg","contentUrl":"https:\/\/www.omrserrature.it\/wp-content\/uploads\/2021\/03\/KIT-MSCGRAV.jpg","width":4928,"height":3264,"caption":"Kit de fermeture pour bacs \u00e0 ordures - KIT-MSCGRAV"},{"@type":"BreadcrumbList","@id":"https:\/\/www.omrserrature.it\/fr\/produit\/gabarit-dassemblage-de-la-serrure-gravitationnelle\/#breadcrumb","itemListElement":[{"@type":"ListItem","position":1,"name":"Home","item":"https:\/\/www.omrserrature.it\/fr\/omr-serrures-et-systemes-de-verrouillage\/"},{"@type":"ListItem","position":2,"name":"Catalogue","item":"https:\/\/www.omrserrature.it\/catalogue\/?lang=fr"},{"@type":"ListItem","position":3,"name":"Produits","item":"https:\/\/www.omrserrature.it\/fr\/catalogue\/produits\/"},{"@type":"ListItem","position":4,"name":"Accessoires et pi\u00e8ces d\u00e9tach\u00e9es","item":"https:\/\/www.omrserrature.it\/fr\/catalogue\/produits\/accessoires-et-pieces-detachees\/"},{"@type":"ListItem","position":5,"name":"Accessoires et pi\u00e8ces de rechange pour les serrures \u00e0 gravitationnelles","item":"https:\/\/www.omrserrature.it\/fr\/catalogue\/produits\/accessoires-et-pieces-detachees\/accessoires-et-pieces-de-rechange-pour-les-serrures-a-gravitationnelles\/"},{"@type":"ListItem","position":6,"name":"Gabarit d&#8217;assemblage de la serrure gravitationnelle"}]},{"@type":"WebSite","@id":"https:\/\/www.omrserrature.it\/fr\/#website","url":"https:\/\/www.omrserrature.it\/fr\/","name":"OMR Serrature | Produzione sistemi di chiusura","description":"Produzione serrature di sicurezza e sistemi di chiusura","publisher":{"@id":"https:\/\/www.omrserrature.it\/fr\/#organization"},"potentialAction":[{"@type":"SearchAction","target":{"@type":"EntryPoint","urlTemplate":"https:\/\/www.omrserrature.it\/fr\/?s={search_term_string}"},"query-input":{"@type":"PropertyValueSpecification","valueRequired":true,"valueName":"search_term_string"}}],"inLanguage":"fr-FR"},{"@type":"Organization","@id":"https:\/\/www.omrserrature.it\/fr\/#organization","name":"OMR Serrature | Produzione sistemi di chiusura","url":"https:\/\/www.omrserrature.it\/fr\/","logo":{"@type":"ImageObject","inLanguage":"fr-FR","@id":"https:\/\/www.omrserrature.it\/fr\/#\/schema\/logo\/image\/","url":"https:\/\/www.omrserrature.it\/wp-content\/uploads\/2017\/09\/favicon-omr-114.png","contentUrl":"https:\/\/www.omrserrature.it\/wp-content\/uploads\/2017\/09\/favicon-omr-114.png","width":114,"height":114,"caption":"OMR Serrature | Produzione sistemi di chiusura"},"image":{"@id":"https:\/\/www.omrserrature.it\/fr\/#\/schema\/logo\/image\/"},"sameAs":["https:\/\/www.facebook.com\/OMRserrature","https:\/\/www.linkedin.com\/company\/omrserrature\/","https:\/\/www.youtube.com\/channel\/UCxmA85z2R0EpG_6IRokiAkg"]}]}},"_links":{"self":[{"href":"https:\/\/www.omrserrature.it\/fr\/wp-json\/wp\/v2\/product\/25817","targetHints":{"allow":["GET"]}}],"collection":[{"href":"https:\/\/www.omrserrature.it\/fr\/wp-json\/wp\/v2\/product"}],"about":[{"href":"https:\/\/www.omrserrature.it\/fr\/wp-json\/wp\/v2\/types\/product"}],"replies":[{"embeddable":true,"href":"https:\/\/www.omrserrature.it\/fr\/wp-json\/wp\/v2\/comments?post=25817"}],"wp:featuredmedia":[{"embeddable":true,"href":"https:\/\/www.omrserrature.it\/fr\/wp-json\/wp\/v2\/media\/16863"}],"wp:attachment":[{"href":"https:\/\/www.omrserrature.it\/fr\/wp-json\/wp\/v2\/media?parent=25817"}],"wp:term":[{"taxonomy":"product_brand","embeddable":true,"href":"https:\/\/www.omrserrature.it\/fr\/wp-json\/wp\/v2\/product_brand?post=25817"},{"taxonomy":"product_cat","embeddable":true,"href":"https:\/\/www.omrserrature.it\/fr\/wp-json\/wp\/v2\/product_cat?post=25817"},{"taxonomy":"product_tag","embeddable":true,"href":"https:\/\/www.omrserrature.it\/fr\/wp-json\/wp\/v2\/product_tag?post=25817"}],"curies":[{"name":"wp","href":"https:\/\/api.w.org\/{rel}","templated":true}]}}