{"id":25786,"date":"2018-07-13T10:43:02","date_gmt":"2013-07-18T08:43:00","guid":{"rendered":"https:\/\/www.staging6.omrserrature.it\/prodotto\/cle-a-empreinte-tete-marteau\/"},"modified":"2026-04-08T12:05:54","modified_gmt":"2026-04-08T10:05:54","slug":"cle-a-empreinte-tete-marteau","status":"publish","type":"product","link":"https:\/\/www.omrserrature.it\/fr\/produit\/cle-a-empreinte-tete-marteau\/","title":{"rendered":"Cl\u00e9 \u00e0 douille &#8211; t\u00eate marteau"},"content":{"rendered":"<p>La <strong>cl\u00e9 d&#8217;empreinte <\/strong>est en alliage de zinc nickel\u00e9. Le manche robuste de 8 mm de diam\u00e8tre et la poign\u00e9e ergonomique en forme de marteau assurent une <strong>bonne prise en main et une bonne r\u00e9sistance<\/strong>. Un trou pratique dans la poign\u00e9e permet d&rsquo;attacher la cl\u00e9 \u00e0 un mousqueton ou \u00e0 un anneau.  <\/p>\n<p>La<strong>forme triangulaire femelle T6<\/strong> peut \u00eatre utilis\u00e9e avec des v\u00e9rins \u00e0 caisson ayant un <strong>c\u00f4t\u00e9 triangulaire de 8 mm.<\/strong> Il est appel\u00e9 T6 parce qu&rsquo;un cercle d&rsquo;un diam\u00e8tre de 6 mm peut \u00eatre inscrit \u00e0 l&rsquo;int\u00e9rieur du triangle.<\/p>\n<p>L&rsquo;<strong>empreinte P3<\/strong> est d\u00e9finie comme telle en raison du diam\u00e8tre de la goupille au centre de l&rsquo;insert aileron de 3 mm. La version P5, quant \u00e0 elle, poss\u00e8de une broche de 5 mm.<\/p>\n<p>L&rsquo;<strong>empreinte carr\u00e9e femelle Q7<\/strong> est utilis\u00e9e pour ouvrir les fermetures avec des matrices \u00e0 empreinte carr\u00e9e de 7 mm.<\/p>\n<p>Les cl\u00e9s \u00e0 empreintes digitales sont couramment utilis\u00e9es pour les <strong>bo\u00eetiers de<\/strong> compteurs <strong>et les<\/strong> compteurs, pour le verrouillage des tables, pour le d\u00e9verrouillage d&rsquo;urgence des actionneurs et des ascenseurs, ainsi que pour le verrouillage des bo\u00eetiers de colonnes et des pyl\u00f4nes \u00e9lectriques. Les balayeurs les utilisent pour remplacer les sacs dans les poubelles, et les entreprises de maintenance pour ouvrir et fermer les panneaux d&rsquo;automatisation et de distribution \u00e9lectrique \u00e0 l&rsquo;aide de serrures triangulaires 1\/4 de tour.<\/p>\n","protected":false},"excerpt":{"rendered":"<p>La cl\u00e9 d&#8217;empreinte est en alliage de zinc nickel\u00e9. Le robuste col de 8 mm de diam\u00e8tre et le manche ergonomique en forme de marteau permettent une bonne prise en main et une bonne r\u00e9sistance. Un trou pratique dans le manche permet d&rsquo;attacher la cl\u00e9 \u00e0 un mousqueton ou \u00e0 un anneau.  <\/p>\n","protected":false},"featured_media":25787,"comment_status":"open","ping_status":"closed","template":"","meta":{"_acf_changed":false,"_et_pb_use_builder":"","_et_pb_old_content":"","_et_gb_content_width":""},"product_brand":[],"product_cat":[3671],"product_tag":[],"class_list":{"0":"post-25786","1":"product","2":"type-product","3":"status-publish","4":"has-post-thumbnail","6":"product_cat-cles","8":"first","9":"instock","10":"shipping-taxable","11":"purchasable","12":"product-type-variable"},"acf":{"pdf1":false},"yoast_head":"<!-- This site is optimized with the Yoast SEO plugin v27.2 - https:\/\/yoast.com\/product\/yoast-seo-wordpress\/ -->\n<title>Cl\u00e9 \u00e0 douille - t\u00eate marteau - OMR Serrature<\/title>\n<meta name=\"robots\" content=\"index, follow, max-snippet:-1, max-image-preview:large, max-video-preview:-1\" \/>\n<link rel=\"canonical\" href=\"https:\/\/www.omrserrature.it\/fr\/produit\/cle-a-empreinte-tete-marteau\/\" \/>\n<meta property=\"og:locale\" content=\"fr_FR\" \/>\n<meta property=\"og:type\" content=\"article\" \/>\n<meta property=\"og:title\" content=\"Cl\u00e9 \u00e0 douille - t\u00eate marteau - OMR Serrature\" \/>\n<meta property=\"og:description\" content=\"La cl\u00e9 d&#039;empreinte est en alliage de zinc nickel\u00e9. Le robuste col de 8 mm de diam\u00e8tre et le manche ergonomique en forme de marteau permettent une bonne prise en main et une bonne r\u00e9sistance. Un trou pratique dans le manche permet d&#039;attacher la cl\u00e9 \u00e0 un mousqueton ou \u00e0 un anneau.\" \/>\n<meta property=\"og:url\" content=\"https:\/\/www.omrserrature.it\/fr\/produit\/cle-a-empreinte-tete-marteau\/\" \/>\n<meta property=\"og:site_name\" content=\"OMR Serrature | Produzione sistemi di chiusura\" \/>\n<meta property=\"article:publisher\" content=\"https:\/\/www.facebook.com\/OMRserrature\" \/>\n<meta property=\"article:modified_time\" content=\"2026-04-08T10:05:54+00:00\" \/>\n<meta property=\"og:image\" content=\"https:\/\/www.omrserrature.it\/wp-content\/uploads\/2018\/07\/Chiave-a-impronta-\u2013-testa-a-martello.jpg\" \/>\n\t<meta property=\"og:image:width\" content=\"600\" \/>\n\t<meta property=\"og:image:height\" content=\"600\" \/>\n\t<meta property=\"og:image:type\" content=\"image\/jpeg\" \/>\n<meta name=\"twitter:card\" content=\"summary_large_image\" \/>\n<meta name=\"twitter:label1\" content=\"Dur\u00e9e de lecture estim\u00e9e\" \/>\n\t<meta name=\"twitter:data1\" content=\"1 minute\" \/>\n<script type=\"application\/ld+json\" class=\"yoast-schema-graph\">{\"@context\":\"https:\/\/schema.org\",\"@graph\":[{\"@type\":\"WebPage\",\"@id\":\"https:\/\/www.omrserrature.it\/fr\/produit\/cle-a-empreinte-tete-marteau\/\",\"url\":\"https:\/\/www.omrserrature.it\/fr\/produit\/cle-a-empreinte-tete-marteau\/\",\"name\":\"Cl\u00e9 \u00e0 douille - t\u00eate marteau - OMR Serrature\",\"isPartOf\":{\"@id\":\"https:\/\/www.omrserrature.it\/fr\/#website\"},\"primaryImageOfPage\":{\"@id\":\"https:\/\/www.omrserrature.it\/fr\/produit\/cle-a-empreinte-tete-marteau\/#primaryimage\"},\"image\":{\"@id\":\"https:\/\/www.omrserrature.it\/fr\/produit\/cle-a-empreinte-tete-marteau\/#primaryimage\"},\"thumbnailUrl\":\"https:\/\/www.omrserrature.it\/wp-content\/uploads\/2018\/07\/Chiave-a-impronta-\u2013-testa-a-martello.jpg\",\"datePublished\":\"2013-07-18T08:43:00+00:00\",\"dateModified\":\"2026-04-08T10:05:54+00:00\",\"breadcrumb\":{\"@id\":\"https:\/\/www.omrserrature.it\/fr\/produit\/cle-a-empreinte-tete-marteau\/#breadcrumb\"},\"inLanguage\":\"fr-FR\",\"potentialAction\":[{\"@type\":\"ReadAction\",\"target\":[\"https:\/\/www.omrserrature.it\/fr\/produit\/cle-a-empreinte-tete-marteau\/\"]}]},{\"@type\":\"ImageObject\",\"inLanguage\":\"fr-FR\",\"@id\":\"https:\/\/www.omrserrature.it\/fr\/produit\/cle-a-empreinte-tete-marteau\/#primaryimage\",\"url\":\"https:\/\/www.omrserrature.it\/wp-content\/uploads\/2018\/07\/Chiave-a-impronta-\u2013-testa-a-martello.jpg\",\"contentUrl\":\"https:\/\/www.omrserrature.it\/wp-content\/uploads\/2018\/07\/Chiave-a-impronta-\u2013-testa-a-martello.jpg\",\"width\":600,\"height\":600,\"caption\":\"Cl\u00e9 \u00e0 douille - t\u00eate marteau\"},{\"@type\":\"BreadcrumbList\",\"@id\":\"https:\/\/www.omrserrature.it\/fr\/produit\/cle-a-empreinte-tete-marteau\/#breadcrumb\",\"itemListElement\":[{\"@type\":\"ListItem\",\"position\":1,\"name\":\"Home\",\"item\":\"https:\/\/www.omrserrature.it\/fr\/omr-serrures-et-systemes-de-verrouillage\/\"},{\"@type\":\"ListItem\",\"position\":2,\"name\":\"Catalogue\",\"item\":\"https:\/\/www.omrserrature.it\/catalogue\/?lang=fr\"},{\"@type\":\"ListItem\",\"position\":3,\"name\":\"Produits\",\"item\":\"https:\/\/www.omrserrature.it\/fr\/catalogue\/produits\/\"},{\"@type\":\"ListItem\",\"position\":4,\"name\":\"Accessoires et pi\u00e8ces d\u00e9tach\u00e9es\",\"item\":\"https:\/\/www.omrserrature.it\/fr\/catalogue\/produits\/accessoires-et-pieces-detachees\/\"},{\"@type\":\"ListItem\",\"position\":5,\"name\":\"Cl\u00e9s\",\"item\":\"https:\/\/www.omrserrature.it\/fr\/catalogue\/produits\/accessoires-et-pieces-detachees\/cles\/\"},{\"@type\":\"ListItem\",\"position\":6,\"name\":\"Cl\u00e9 \u00e0 douille &#8211; t\u00eate marteau\"}]},{\"@type\":\"WebSite\",\"@id\":\"https:\/\/www.omrserrature.it\/fr\/#website\",\"url\":\"https:\/\/www.omrserrature.it\/fr\/\",\"name\":\"OMR Serrature | Produzione sistemi di chiusura\",\"description\":\"Produzione serrature di sicurezza e sistemi di chiusura\",\"publisher\":{\"@id\":\"https:\/\/www.omrserrature.it\/fr\/#organization\"},\"potentialAction\":[{\"@type\":\"SearchAction\",\"target\":{\"@type\":\"EntryPoint\",\"urlTemplate\":\"https:\/\/www.omrserrature.it\/fr\/?s={search_term_string}\"},\"query-input\":{\"@type\":\"PropertyValueSpecification\",\"valueRequired\":true,\"valueName\":\"search_term_string\"}}],\"inLanguage\":\"fr-FR\"},{\"@type\":\"Organization\",\"@id\":\"https:\/\/www.omrserrature.it\/fr\/#organization\",\"name\":\"OMR Serrature | Produzione sistemi di chiusura\",\"url\":\"https:\/\/www.omrserrature.it\/fr\/\",\"logo\":{\"@type\":\"ImageObject\",\"inLanguage\":\"fr-FR\",\"@id\":\"https:\/\/www.omrserrature.it\/fr\/#\/schema\/logo\/image\/\",\"url\":\"https:\/\/www.omrserrature.it\/wp-content\/uploads\/2017\/09\/favicon-omr-114.png\",\"contentUrl\":\"https:\/\/www.omrserrature.it\/wp-content\/uploads\/2017\/09\/favicon-omr-114.png\",\"width\":114,\"height\":114,\"caption\":\"OMR Serrature | Produzione sistemi di chiusura\"},\"image\":{\"@id\":\"https:\/\/www.omrserrature.it\/fr\/#\/schema\/logo\/image\/\"},\"sameAs\":[\"https:\/\/www.facebook.com\/OMRserrature\",\"https:\/\/www.linkedin.com\/company\/omrserrature\/\",\"https:\/\/www.youtube.com\/channel\/UCxmA85z2R0EpG_6IRokiAkg\"]}]}<\/script>\n<!-- \/ Yoast SEO plugin. -->","yoast_head_json":{"title":"Cl\u00e9 \u00e0 douille - t\u00eate marteau - OMR Serrature","robots":{"index":"index","follow":"follow","max-snippet":"max-snippet:-1","max-image-preview":"max-image-preview:large","max-video-preview":"max-video-preview:-1"},"canonical":"https:\/\/www.omrserrature.it\/fr\/produit\/cle-a-empreinte-tete-marteau\/","og_locale":"fr_FR","og_type":"article","og_title":"Cl\u00e9 \u00e0 douille - t\u00eate marteau - OMR Serrature","og_description":"La cl\u00e9 d'empreinte est en alliage de zinc nickel\u00e9. Le robuste col de 8 mm de diam\u00e8tre et le manche ergonomique en forme de marteau permettent une bonne prise en main et une bonne r\u00e9sistance. Un trou pratique dans le manche permet d'attacher la cl\u00e9 \u00e0 un mousqueton ou \u00e0 un anneau.","og_url":"https:\/\/www.omrserrature.it\/fr\/produit\/cle-a-empreinte-tete-marteau\/","og_site_name":"OMR Serrature | Produzione sistemi di chiusura","article_publisher":"https:\/\/www.facebook.com\/OMRserrature","article_modified_time":"2026-04-08T10:05:54+00:00","og_image":[{"width":600,"height":600,"url":"https:\/\/www.omrserrature.it\/wp-content\/uploads\/2018\/07\/Chiave-a-impronta-\u2013-testa-a-martello.jpg","type":"image\/jpeg"}],"twitter_card":"summary_large_image","twitter_misc":{"Dur\u00e9e de lecture estim\u00e9e":"1 minute"},"schema":{"@context":"https:\/\/schema.org","@graph":[{"@type":"WebPage","@id":"https:\/\/www.omrserrature.it\/fr\/produit\/cle-a-empreinte-tete-marteau\/","url":"https:\/\/www.omrserrature.it\/fr\/produit\/cle-a-empreinte-tete-marteau\/","name":"Cl\u00e9 \u00e0 douille - t\u00eate marteau - OMR Serrature","isPartOf":{"@id":"https:\/\/www.omrserrature.it\/fr\/#website"},"primaryImageOfPage":{"@id":"https:\/\/www.omrserrature.it\/fr\/produit\/cle-a-empreinte-tete-marteau\/#primaryimage"},"image":{"@id":"https:\/\/www.omrserrature.it\/fr\/produit\/cle-a-empreinte-tete-marteau\/#primaryimage"},"thumbnailUrl":"https:\/\/www.omrserrature.it\/wp-content\/uploads\/2018\/07\/Chiave-a-impronta-\u2013-testa-a-martello.jpg","datePublished":"2013-07-18T08:43:00+00:00","dateModified":"2026-04-08T10:05:54+00:00","breadcrumb":{"@id":"https:\/\/www.omrserrature.it\/fr\/produit\/cle-a-empreinte-tete-marteau\/#breadcrumb"},"inLanguage":"fr-FR","potentialAction":[{"@type":"ReadAction","target":["https:\/\/www.omrserrature.it\/fr\/produit\/cle-a-empreinte-tete-marteau\/"]}]},{"@type":"ImageObject","inLanguage":"fr-FR","@id":"https:\/\/www.omrserrature.it\/fr\/produit\/cle-a-empreinte-tete-marteau\/#primaryimage","url":"https:\/\/www.omrserrature.it\/wp-content\/uploads\/2018\/07\/Chiave-a-impronta-\u2013-testa-a-martello.jpg","contentUrl":"https:\/\/www.omrserrature.it\/wp-content\/uploads\/2018\/07\/Chiave-a-impronta-\u2013-testa-a-martello.jpg","width":600,"height":600,"caption":"Cl\u00e9 \u00e0 douille - t\u00eate marteau"},{"@type":"BreadcrumbList","@id":"https:\/\/www.omrserrature.it\/fr\/produit\/cle-a-empreinte-tete-marteau\/#breadcrumb","itemListElement":[{"@type":"ListItem","position":1,"name":"Home","item":"https:\/\/www.omrserrature.it\/fr\/omr-serrures-et-systemes-de-verrouillage\/"},{"@type":"ListItem","position":2,"name":"Catalogue","item":"https:\/\/www.omrserrature.it\/catalogue\/?lang=fr"},{"@type":"ListItem","position":3,"name":"Produits","item":"https:\/\/www.omrserrature.it\/fr\/catalogue\/produits\/"},{"@type":"ListItem","position":4,"name":"Accessoires et pi\u00e8ces d\u00e9tach\u00e9es","item":"https:\/\/www.omrserrature.it\/fr\/catalogue\/produits\/accessoires-et-pieces-detachees\/"},{"@type":"ListItem","position":5,"name":"Cl\u00e9s","item":"https:\/\/www.omrserrature.it\/fr\/catalogue\/produits\/accessoires-et-pieces-detachees\/cles\/"},{"@type":"ListItem","position":6,"name":"Cl\u00e9 \u00e0 douille &#8211; t\u00eate marteau"}]},{"@type":"WebSite","@id":"https:\/\/www.omrserrature.it\/fr\/#website","url":"https:\/\/www.omrserrature.it\/fr\/","name":"OMR Serrature | Produzione sistemi di chiusura","description":"Produzione serrature di sicurezza e sistemi di chiusura","publisher":{"@id":"https:\/\/www.omrserrature.it\/fr\/#organization"},"potentialAction":[{"@type":"SearchAction","target":{"@type":"EntryPoint","urlTemplate":"https:\/\/www.omrserrature.it\/fr\/?s={search_term_string}"},"query-input":{"@type":"PropertyValueSpecification","valueRequired":true,"valueName":"search_term_string"}}],"inLanguage":"fr-FR"},{"@type":"Organization","@id":"https:\/\/www.omrserrature.it\/fr\/#organization","name":"OMR Serrature | Produzione sistemi di chiusura","url":"https:\/\/www.omrserrature.it\/fr\/","logo":{"@type":"ImageObject","inLanguage":"fr-FR","@id":"https:\/\/www.omrserrature.it\/fr\/#\/schema\/logo\/image\/","url":"https:\/\/www.omrserrature.it\/wp-content\/uploads\/2017\/09\/favicon-omr-114.png","contentUrl":"https:\/\/www.omrserrature.it\/wp-content\/uploads\/2017\/09\/favicon-omr-114.png","width":114,"height":114,"caption":"OMR Serrature | Produzione sistemi di chiusura"},"image":{"@id":"https:\/\/www.omrserrature.it\/fr\/#\/schema\/logo\/image\/"},"sameAs":["https:\/\/www.facebook.com\/OMRserrature","https:\/\/www.linkedin.com\/company\/omrserrature\/","https:\/\/www.youtube.com\/channel\/UCxmA85z2R0EpG_6IRokiAkg"]}]}},"_links":{"self":[{"href":"https:\/\/www.omrserrature.it\/fr\/wp-json\/wp\/v2\/product\/25786","targetHints":{"allow":["GET"]}}],"collection":[{"href":"https:\/\/www.omrserrature.it\/fr\/wp-json\/wp\/v2\/product"}],"about":[{"href":"https:\/\/www.omrserrature.it\/fr\/wp-json\/wp\/v2\/types\/product"}],"replies":[{"embeddable":true,"href":"https:\/\/www.omrserrature.it\/fr\/wp-json\/wp\/v2\/comments?post=25786"}],"wp:featuredmedia":[{"embeddable":true,"href":"https:\/\/www.omrserrature.it\/fr\/wp-json\/wp\/v2\/media\/25787"}],"wp:attachment":[{"href":"https:\/\/www.omrserrature.it\/fr\/wp-json\/wp\/v2\/media?parent=25786"}],"wp:term":[{"taxonomy":"product_brand","embeddable":true,"href":"https:\/\/www.omrserrature.it\/fr\/wp-json\/wp\/v2\/product_brand?post=25786"},{"taxonomy":"product_cat","embeddable":true,"href":"https:\/\/www.omrserrature.it\/fr\/wp-json\/wp\/v2\/product_cat?post=25786"},{"taxonomy":"product_tag","embeddable":true,"href":"https:\/\/www.omrserrature.it\/fr\/wp-json\/wp\/v2\/product_tag?post=25786"}],"curies":[{"name":"wp","href":"https:\/\/api.w.org\/{rel}","templated":true}]}}