{"id":25785,"date":"2019-02-26T16:36:15","date_gmt":"2023-02-19T15:36:00","guid":{"rendered":"https:\/\/www.staging6.omrserrature.it\/prodotto\/cle-de-lempreinte-ecologique\/"},"modified":"2026-04-08T11:37:05","modified_gmt":"2026-04-08T09:37:05","slug":"cle-de-lempreinte-ecologique","status":"publish","type":"product","link":"https:\/\/www.omrserrature.it\/fr\/produit\/cle-de-lempreinte-ecologique\/","title":{"rendered":"Cl\u00e9 \u00e0 douille de la forme \u00e9cologique"},"content":{"rendered":"<p>La <strong>cl\u00e9 d&#8217;empreinte <\/strong>est en alliage de zinc nickel\u00e9. Le manche robuste de 10 mm de diam\u00e8tre et la poign\u00e9e ergonomique en forme de \u00ab\u00a0L\u00a0\u00bb assurent une <strong>bonne prise en main et une bonne r\u00e9sistance<\/strong>. Un trou pratique dans le manche permet d&rsquo;attacher la cl\u00e9 \u00e0 un mousqueton ou \u00e0 un anneau.<\/p>\n<p>La<strong>forme triangulaire femelle T6<\/strong> peut \u00eatre utilis\u00e9e avec des v\u00e9rins \u00e0 caisson ayant un <strong>c\u00f4t\u00e9 triangulaire de 8 mm.<\/strong> Il est appel\u00e9 T6 parce qu&rsquo;un cercle d&rsquo;un diam\u00e8tre de 6 mm peut \u00eatre inscrit \u00e0 l&rsquo;int\u00e9rieur du triangle.<\/p>\n<p>Les cl\u00e9s \u00e0 empreinte sont couramment utilis\u00e9es par les op\u00e9rateurs \u00e9cologiques pour remplacer les sacs dans les poubelles, ou avec les <strong>serrures \u00e0 gravit\u00e9<\/strong> sur les poubelles \u00e0 roulettes dans le cadre de la collecte en porte-\u00e0-porte. Les entreprises de maintenance, quant \u00e0 elles, les utilisent pour ouvrir et fermer les panneaux d&rsquo;automatisation \u00e9lectrique et de distribution d&rsquo;\u00e9nergie avec des serrures triangulaires 1\/4 de tour.  Ils sont \u00e9galement tr\u00e8s pratiques pour les bo\u00eetes \u00e0 compteurs et les compteurs, pour le blocage des tables, pour le d\u00e9verrouillage d&rsquo;urgence des actionneurs et des ascenseurs, et pour le blocage des bo\u00eetiers de colonnes et des pyl\u00f4nes \u00e9lectriques.<\/p>\n","protected":false},"excerpt":{"rendered":"<p>La cl\u00e9 d&#8217;empreinte est en alliage de zinc nickel\u00e9. Le manche robuste de 10 mm de diam\u00e8tre et la poign\u00e9e ergonomique en forme de \u00ab\u00a0L\u00a0\u00bb assurent une bonne prise et une bonne r\u00e9sistance. Un trou pratique dans le manche permet d&rsquo;attacher la cl\u00e9 \u00e0 un mousqueton ou \u00e0 un anneau.  <\/p>\n","protected":false},"featured_media":21365,"comment_status":"open","ping_status":"closed","template":"","meta":{"_acf_changed":false,"_et_pb_use_builder":"","_et_pb_old_content":"","_et_gb_content_width":""},"product_brand":[],"product_cat":[3680,3671],"product_tag":[],"class_list":{"0":"post-25785","1":"product","2":"type-product","3":"status-publish","4":"has-post-thumbnail","6":"product_cat-accessoires-et-pieces-de-rechange-pour-les-serrures-a-gravitationnelles","7":"product_cat-cles","9":"first","10":"instock","11":"shipping-taxable","12":"product-type-simple"},"acf":{"pdf1":false},"yoast_head":"<!-- This site is optimized with the Yoast SEO plugin v27.2 - https:\/\/yoast.com\/product\/yoast-seo-wordpress\/ -->\n<title>Cl\u00e9 \u00e0 douille de la forme \u00e9cologique - OMR Serrature<\/title>\n<meta name=\"robots\" content=\"index, follow, max-snippet:-1, max-image-preview:large, max-video-preview:-1\" \/>\n<link rel=\"canonical\" href=\"https:\/\/www.omrserrature.it\/fr\/produit\/cle-de-lempreinte-ecologique\/\" \/>\n<meta property=\"og:locale\" content=\"fr_FR\" \/>\n<meta property=\"og:type\" content=\"article\" \/>\n<meta property=\"og:title\" content=\"Cl\u00e9 \u00e0 douille de la forme \u00e9cologique - OMR Serrature\" \/>\n<meta property=\"og:description\" content=\"La cl\u00e9 d&#039;empreinte est en alliage de zinc nickel\u00e9. Le manche robuste de 10 mm de diam\u00e8tre et la poign\u00e9e ergonomique en forme de &quot;L&quot; assurent une bonne prise et une bonne r\u00e9sistance. Un trou pratique dans le manche permet d&#039;attacher la cl\u00e9 \u00e0 un mousqueton ou \u00e0 un anneau.\" \/>\n<meta property=\"og:url\" content=\"https:\/\/www.omrserrature.it\/fr\/produit\/cle-de-lempreinte-ecologique\/\" \/>\n<meta property=\"og:site_name\" content=\"OMR Serrature | Produzione sistemi di chiusura\" \/>\n<meta property=\"article:publisher\" content=\"https:\/\/www.facebook.com\/OMRserrature\" \/>\n<meta property=\"article:modified_time\" content=\"2026-04-08T09:37:05+00:00\" \/>\n<meta property=\"og:image\" content=\"https:\/\/www.omrserrature.it\/wp-content\/uploads\/2019\/02\/SCHD05812.jpeg\" \/>\n\t<meta property=\"og:image:width\" content=\"1000\" \/>\n\t<meta property=\"og:image:height\" content=\"1000\" \/>\n\t<meta property=\"og:image:type\" content=\"image\/jpeg\" \/>\n<meta name=\"twitter:card\" content=\"summary_large_image\" \/>\n<meta name=\"twitter:label1\" content=\"Dur\u00e9e de lecture estim\u00e9e\" \/>\n\t<meta name=\"twitter:data1\" content=\"1 minute\" \/>\n<script type=\"application\/ld+json\" class=\"yoast-schema-graph\">{\"@context\":\"https:\/\/schema.org\",\"@graph\":[{\"@type\":\"WebPage\",\"@id\":\"https:\/\/www.omrserrature.it\/fr\/produit\/cle-de-lempreinte-ecologique\/\",\"url\":\"https:\/\/www.omrserrature.it\/fr\/produit\/cle-de-lempreinte-ecologique\/\",\"name\":\"Cl\u00e9 \u00e0 douille de la forme \u00e9cologique - OMR Serrature\",\"isPartOf\":{\"@id\":\"https:\/\/www.omrserrature.it\/fr\/#website\"},\"primaryImageOfPage\":{\"@id\":\"https:\/\/www.omrserrature.it\/fr\/produit\/cle-de-lempreinte-ecologique\/#primaryimage\"},\"image\":{\"@id\":\"https:\/\/www.omrserrature.it\/fr\/produit\/cle-de-lempreinte-ecologique\/#primaryimage\"},\"thumbnailUrl\":\"https:\/\/www.omrserrature.it\/wp-content\/uploads\/2019\/02\/SCHD05812.jpeg\",\"datePublished\":\"2023-02-19T15:36:00+00:00\",\"dateModified\":\"2026-04-08T09:37:05+00:00\",\"breadcrumb\":{\"@id\":\"https:\/\/www.omrserrature.it\/fr\/produit\/cle-de-lempreinte-ecologique\/#breadcrumb\"},\"inLanguage\":\"fr-FR\",\"potentialAction\":[{\"@type\":\"ReadAction\",\"target\":[\"https:\/\/www.omrserrature.it\/fr\/produit\/cle-de-lempreinte-ecologique\/\"]}]},{\"@type\":\"ImageObject\",\"inLanguage\":\"fr-FR\",\"@id\":\"https:\/\/www.omrserrature.it\/fr\/produit\/cle-de-lempreinte-ecologique\/#primaryimage\",\"url\":\"https:\/\/www.omrserrature.it\/wp-content\/uploads\/2019\/02\/SCHD05812.jpeg\",\"contentUrl\":\"https:\/\/www.omrserrature.it\/wp-content\/uploads\/2019\/02\/SCHD05812.jpeg\",\"width\":1000,\"height\":1000,\"caption\":\"Cl\u00e9 \u00e0 douille avec poign\u00e9e en L - SCHD05812\"},{\"@type\":\"BreadcrumbList\",\"@id\":\"https:\/\/www.omrserrature.it\/fr\/produit\/cle-de-lempreinte-ecologique\/#breadcrumb\",\"itemListElement\":[{\"@type\":\"ListItem\",\"position\":1,\"name\":\"Home\",\"item\":\"https:\/\/www.omrserrature.it\/fr\/omr-serrures-et-systemes-de-verrouillage\/\"},{\"@type\":\"ListItem\",\"position\":2,\"name\":\"Catalogue\",\"item\":\"https:\/\/www.omrserrature.it\/catalogue\/?lang=fr\"},{\"@type\":\"ListItem\",\"position\":3,\"name\":\"Produits\",\"item\":\"https:\/\/www.omrserrature.it\/fr\/catalogue\/produits\/\"},{\"@type\":\"ListItem\",\"position\":4,\"name\":\"Accessoires et pi\u00e8ces d\u00e9tach\u00e9es\",\"item\":\"https:\/\/www.omrserrature.it\/fr\/catalogue\/produits\/accessoires-et-pieces-detachees\/\"},{\"@type\":\"ListItem\",\"position\":5,\"name\":\"Accessoires et pi\u00e8ces de rechange pour les serrures \u00e0 gravitationnelles\",\"item\":\"https:\/\/www.omrserrature.it\/fr\/catalogue\/produits\/accessoires-et-pieces-detachees\/accessoires-et-pieces-de-rechange-pour-les-serrures-a-gravitationnelles\/\"},{\"@type\":\"ListItem\",\"position\":6,\"name\":\"Cl\u00e9 \u00e0 douille de la forme \u00e9cologique\"}]},{\"@type\":\"WebSite\",\"@id\":\"https:\/\/www.omrserrature.it\/fr\/#website\",\"url\":\"https:\/\/www.omrserrature.it\/fr\/\",\"name\":\"OMR Serrature | Produzione sistemi di chiusura\",\"description\":\"Produzione serrature di sicurezza e sistemi di chiusura\",\"publisher\":{\"@id\":\"https:\/\/www.omrserrature.it\/fr\/#organization\"},\"potentialAction\":[{\"@type\":\"SearchAction\",\"target\":{\"@type\":\"EntryPoint\",\"urlTemplate\":\"https:\/\/www.omrserrature.it\/fr\/?s={search_term_string}\"},\"query-input\":{\"@type\":\"PropertyValueSpecification\",\"valueRequired\":true,\"valueName\":\"search_term_string\"}}],\"inLanguage\":\"fr-FR\"},{\"@type\":\"Organization\",\"@id\":\"https:\/\/www.omrserrature.it\/fr\/#organization\",\"name\":\"OMR Serrature | Produzione sistemi di chiusura\",\"url\":\"https:\/\/www.omrserrature.it\/fr\/\",\"logo\":{\"@type\":\"ImageObject\",\"inLanguage\":\"fr-FR\",\"@id\":\"https:\/\/www.omrserrature.it\/fr\/#\/schema\/logo\/image\/\",\"url\":\"https:\/\/www.omrserrature.it\/wp-content\/uploads\/2017\/09\/favicon-omr-114.png\",\"contentUrl\":\"https:\/\/www.omrserrature.it\/wp-content\/uploads\/2017\/09\/favicon-omr-114.png\",\"width\":114,\"height\":114,\"caption\":\"OMR Serrature | Produzione sistemi di chiusura\"},\"image\":{\"@id\":\"https:\/\/www.omrserrature.it\/fr\/#\/schema\/logo\/image\/\"},\"sameAs\":[\"https:\/\/www.facebook.com\/OMRserrature\",\"https:\/\/www.linkedin.com\/company\/omrserrature\/\",\"https:\/\/www.youtube.com\/channel\/UCxmA85z2R0EpG_6IRokiAkg\"]}]}<\/script>\n<!-- \/ Yoast SEO plugin. -->","yoast_head_json":{"title":"Cl\u00e9 \u00e0 douille de la forme \u00e9cologique - OMR Serrature","robots":{"index":"index","follow":"follow","max-snippet":"max-snippet:-1","max-image-preview":"max-image-preview:large","max-video-preview":"max-video-preview:-1"},"canonical":"https:\/\/www.omrserrature.it\/fr\/produit\/cle-de-lempreinte-ecologique\/","og_locale":"fr_FR","og_type":"article","og_title":"Cl\u00e9 \u00e0 douille de la forme \u00e9cologique - OMR Serrature","og_description":"La cl\u00e9 d'empreinte est en alliage de zinc nickel\u00e9. Le manche robuste de 10 mm de diam\u00e8tre et la poign\u00e9e ergonomique en forme de \"L\" assurent une bonne prise et une bonne r\u00e9sistance. Un trou pratique dans le manche permet d'attacher la cl\u00e9 \u00e0 un mousqueton ou \u00e0 un anneau.","og_url":"https:\/\/www.omrserrature.it\/fr\/produit\/cle-de-lempreinte-ecologique\/","og_site_name":"OMR Serrature | Produzione sistemi di chiusura","article_publisher":"https:\/\/www.facebook.com\/OMRserrature","article_modified_time":"2026-04-08T09:37:05+00:00","og_image":[{"width":1000,"height":1000,"url":"https:\/\/www.omrserrature.it\/wp-content\/uploads\/2019\/02\/SCHD05812.jpeg","type":"image\/jpeg"}],"twitter_card":"summary_large_image","twitter_misc":{"Dur\u00e9e de lecture estim\u00e9e":"1 minute"},"schema":{"@context":"https:\/\/schema.org","@graph":[{"@type":"WebPage","@id":"https:\/\/www.omrserrature.it\/fr\/produit\/cle-de-lempreinte-ecologique\/","url":"https:\/\/www.omrserrature.it\/fr\/produit\/cle-de-lempreinte-ecologique\/","name":"Cl\u00e9 \u00e0 douille de la forme \u00e9cologique - OMR Serrature","isPartOf":{"@id":"https:\/\/www.omrserrature.it\/fr\/#website"},"primaryImageOfPage":{"@id":"https:\/\/www.omrserrature.it\/fr\/produit\/cle-de-lempreinte-ecologique\/#primaryimage"},"image":{"@id":"https:\/\/www.omrserrature.it\/fr\/produit\/cle-de-lempreinte-ecologique\/#primaryimage"},"thumbnailUrl":"https:\/\/www.omrserrature.it\/wp-content\/uploads\/2019\/02\/SCHD05812.jpeg","datePublished":"2023-02-19T15:36:00+00:00","dateModified":"2026-04-08T09:37:05+00:00","breadcrumb":{"@id":"https:\/\/www.omrserrature.it\/fr\/produit\/cle-de-lempreinte-ecologique\/#breadcrumb"},"inLanguage":"fr-FR","potentialAction":[{"@type":"ReadAction","target":["https:\/\/www.omrserrature.it\/fr\/produit\/cle-de-lempreinte-ecologique\/"]}]},{"@type":"ImageObject","inLanguage":"fr-FR","@id":"https:\/\/www.omrserrature.it\/fr\/produit\/cle-de-lempreinte-ecologique\/#primaryimage","url":"https:\/\/www.omrserrature.it\/wp-content\/uploads\/2019\/02\/SCHD05812.jpeg","contentUrl":"https:\/\/www.omrserrature.it\/wp-content\/uploads\/2019\/02\/SCHD05812.jpeg","width":1000,"height":1000,"caption":"Cl\u00e9 \u00e0 douille avec poign\u00e9e en L - SCHD05812"},{"@type":"BreadcrumbList","@id":"https:\/\/www.omrserrature.it\/fr\/produit\/cle-de-lempreinte-ecologique\/#breadcrumb","itemListElement":[{"@type":"ListItem","position":1,"name":"Home","item":"https:\/\/www.omrserrature.it\/fr\/omr-serrures-et-systemes-de-verrouillage\/"},{"@type":"ListItem","position":2,"name":"Catalogue","item":"https:\/\/www.omrserrature.it\/catalogue\/?lang=fr"},{"@type":"ListItem","position":3,"name":"Produits","item":"https:\/\/www.omrserrature.it\/fr\/catalogue\/produits\/"},{"@type":"ListItem","position":4,"name":"Accessoires et pi\u00e8ces d\u00e9tach\u00e9es","item":"https:\/\/www.omrserrature.it\/fr\/catalogue\/produits\/accessoires-et-pieces-detachees\/"},{"@type":"ListItem","position":5,"name":"Accessoires et pi\u00e8ces de rechange pour les serrures \u00e0 gravitationnelles","item":"https:\/\/www.omrserrature.it\/fr\/catalogue\/produits\/accessoires-et-pieces-detachees\/accessoires-et-pieces-de-rechange-pour-les-serrures-a-gravitationnelles\/"},{"@type":"ListItem","position":6,"name":"Cl\u00e9 \u00e0 douille de la forme \u00e9cologique"}]},{"@type":"WebSite","@id":"https:\/\/www.omrserrature.it\/fr\/#website","url":"https:\/\/www.omrserrature.it\/fr\/","name":"OMR Serrature | Produzione sistemi di chiusura","description":"Produzione serrature di sicurezza e sistemi di chiusura","publisher":{"@id":"https:\/\/www.omrserrature.it\/fr\/#organization"},"potentialAction":[{"@type":"SearchAction","target":{"@type":"EntryPoint","urlTemplate":"https:\/\/www.omrserrature.it\/fr\/?s={search_term_string}"},"query-input":{"@type":"PropertyValueSpecification","valueRequired":true,"valueName":"search_term_string"}}],"inLanguage":"fr-FR"},{"@type":"Organization","@id":"https:\/\/www.omrserrature.it\/fr\/#organization","name":"OMR Serrature | Produzione sistemi di chiusura","url":"https:\/\/www.omrserrature.it\/fr\/","logo":{"@type":"ImageObject","inLanguage":"fr-FR","@id":"https:\/\/www.omrserrature.it\/fr\/#\/schema\/logo\/image\/","url":"https:\/\/www.omrserrature.it\/wp-content\/uploads\/2017\/09\/favicon-omr-114.png","contentUrl":"https:\/\/www.omrserrature.it\/wp-content\/uploads\/2017\/09\/favicon-omr-114.png","width":114,"height":114,"caption":"OMR Serrature | Produzione sistemi di chiusura"},"image":{"@id":"https:\/\/www.omrserrature.it\/fr\/#\/schema\/logo\/image\/"},"sameAs":["https:\/\/www.facebook.com\/OMRserrature","https:\/\/www.linkedin.com\/company\/omrserrature\/","https:\/\/www.youtube.com\/channel\/UCxmA85z2R0EpG_6IRokiAkg"]}]}},"_links":{"self":[{"href":"https:\/\/www.omrserrature.it\/fr\/wp-json\/wp\/v2\/product\/25785","targetHints":{"allow":["GET"]}}],"collection":[{"href":"https:\/\/www.omrserrature.it\/fr\/wp-json\/wp\/v2\/product"}],"about":[{"href":"https:\/\/www.omrserrature.it\/fr\/wp-json\/wp\/v2\/types\/product"}],"replies":[{"embeddable":true,"href":"https:\/\/www.omrserrature.it\/fr\/wp-json\/wp\/v2\/comments?post=25785"}],"wp:featuredmedia":[{"embeddable":true,"href":"https:\/\/www.omrserrature.it\/fr\/wp-json\/wp\/v2\/media\/21365"}],"wp:attachment":[{"href":"https:\/\/www.omrserrature.it\/fr\/wp-json\/wp\/v2\/media?parent=25785"}],"wp:term":[{"taxonomy":"product_brand","embeddable":true,"href":"https:\/\/www.omrserrature.it\/fr\/wp-json\/wp\/v2\/product_brand?post=25785"},{"taxonomy":"product_cat","embeddable":true,"href":"https:\/\/www.omrserrature.it\/fr\/wp-json\/wp\/v2\/product_cat?post=25785"},{"taxonomy":"product_tag","embeddable":true,"href":"https:\/\/www.omrserrature.it\/fr\/wp-json\/wp\/v2\/product_tag?post=25785"}],"curies":[{"name":"wp","href":"https:\/\/api.w.org\/{rel}","templated":true}]}}