{"id":25773,"date":"2021-03-11T13:52:03","date_gmt":"2011-03-21T12:52:00","guid":{"rendered":"https:\/\/www.staging6.omrserrature.it\/prodotto\/petit-capuche-avec-cle-triangulaire-avec-ressort-de-rappel-pour-serrure-a-gravite\/"},"modified":"2026-04-08T11:33:18","modified_gmt":"2026-04-08T09:33:18","slug":"petit-capuche-avec-cle-triangulaire-avec-ressort-de-rappel-pour-serrure-a-gravite","status":"publish","type":"product","link":"https:\/\/www.omrserrature.it\/fr\/produit\/petit-capuche-avec-cle-triangulaire-avec-ressort-de-rappel-pour-serrure-a-gravite\/","title":{"rendered":"Petite capuche avec cl\u00e9 triangulaire \u00e0 ressort de rappel pour serrure \u00e0 gravitation."},"content":{"rendered":"<p>Le <strong>petit capuchon avec cl\u00e9 triangulaire<\/strong> pour serrure \u00e9cologique \u00e0 gravitation est un \u00e9l\u00e9ment de couleur rouge qui se place \u00e0 l&rsquo;ext\u00e9rieur sur le couvercle de l&rsquo;ordure et qui est dot\u00e9 d&rsquo;une serrure <strong>\u00e0 cl\u00e9 triangulaire avec ressort de rappel<\/strong>. Avec la cl\u00e9 triangulaire T6, il est possible d&rsquo;ouvrir la benne et de se d\u00e9barrasser des d\u00e9chets. Le m\u00e9canisme de gravit\u00e9 permet d&rsquo;ouvrir automatiquement le conteneur de collecte des d\u00e9chets &#8211; une fois une certaine inclinaison atteinte &#8211; lors des op\u00e9rations de vidage m\u00e9canis\u00e9 avec un v\u00e9hicule.  <\/p>\n<p>Le syst\u00e8me gravitationnel innovant assure la <strong>protection contre les d\u00e9p\u00f4ts non autoris\u00e9s dans les bacs \u00e0 ordures de porte \u00e0 porte<\/strong> et garantit une accessibilit\u00e9 totale aux op\u00e9rateurs \u00e9cologiques : une solution efficace qui am\u00e9liore la gestion de la collecte s\u00e9lective des d\u00e9chets dans les diff\u00e9rentes municipalit\u00e9s et quartiers de la ville.<\/p>\n<p>Le produit se caract\u00e9rise par :<\/p>\n<ul>\n<li><strong>Ouverture du<\/strong> m\u00e9canisme au moyen d&rsquo;une <strong>cl\u00e9 triangulaire avec ressort de rappel.<\/strong><\/li>\n<li><strong>Syst\u00e8me anti-ouverture accidentelle<\/strong> en cas de basculement du bac \u00e0 d\u00e9chets sous l&rsquo;effet du vent, des chocs ou du vandalisme.<\/li>\n<\/ul>\n<p>La serrure gravitationnelle est <strong>compatible avec toutes les marques de bacs \u00e0 ordures \u00e0 deux ou quatre roues et de bacs \u00e0 d\u00e9chets<\/strong>, et peut \u00eatre facilement install\u00e9e sur ces derniers. Les instructions pour l&rsquo;installation de la serrure sont incluses. Pour les installateurs, nous recommandons l&rsquo;achat du gabarit universel OMR. <\/p>\n","protected":false},"excerpt":{"rendered":"<p>La <strong>petite cl\u00e9<\/strong> \u00e0 douille <strong>triangulaire<\/strong> pour les serrures \u00e9cologiques \u00e0 gravitation se caract\u00e9rise par un capuchon en plastique rouge, plac\u00e9 \u00e0 l&rsquo;ext\u00e9rieur sur le couvercle du bac \u00e0 ordure, \u00e0 l&rsquo;int\u00e9rieur duquel se trouve une <strong>serrure triangulaire \u00e0 ressort de rappel<\/strong>.<\/p>\n","protected":false},"featured_media":16948,"comment_status":"open","ping_status":"closed","template":"","meta":{"_acf_changed":false,"_et_pb_use_builder":"","_et_pb_old_content":"","_et_gb_content_width":""},"product_brand":[],"product_cat":[3680],"product_tag":[],"class_list":{"0":"post-25773","1":"product","2":"type-product","3":"status-publish","4":"has-post-thumbnail","6":"product_cat-accessoires-et-pieces-de-rechange-pour-les-serrures-a-gravitationnelles","8":"first","9":"instock","10":"shipping-taxable","11":"product-type-simple"},"acf":{"pdf1":"https:\/\/www.omrserrature.it\/wp-content\/uploads\/2021\/03\/Scheda-tec_GP-CUP-T_GP-GAN_GKIT-INF.pdf"},"yoast_head":"<!-- This site is optimized with the Yoast SEO plugin v27.2 - https:\/\/yoast.com\/product\/yoast-seo-wordpress\/ -->\n<title>Cl\u00e9 triangulaire T6 petite capuche avec ressort pour les bacs \u00e0 ordures<\/title>\n<meta name=\"description\" content=\"Petite capuche avec cl\u00e9 triangulaire T6 \u00e0 ressort de rappel pour serrure \u00e0 gravitation sur les bacs \u00e0 ordures. Protection contre l&#039;acc\u00e8s non autoris\u00e9.\" \/>\n<meta name=\"robots\" content=\"index, follow, max-snippet:-1, max-image-preview:large, max-video-preview:-1\" \/>\n<link rel=\"canonical\" href=\"https:\/\/www.omrserrature.it\/fr\/produit\/petit-capuche-avec-cle-triangulaire-avec-ressort-de-rappel-pour-serrure-a-gravite\/\" \/>\n<meta property=\"og:locale\" content=\"fr_FR\" \/>\n<meta property=\"og:type\" content=\"article\" \/>\n<meta property=\"og:title\" content=\"Cl\u00e9 triangulaire T6 petite capuche avec ressort pour les bacs \u00e0 ordures\" \/>\n<meta property=\"og:description\" content=\"Petite capuche avec cl\u00e9 triangulaire T6 \u00e0 ressort de rappel pour serrure \u00e0 gravitation sur les bacs \u00e0 ordures. Protection contre l&#039;acc\u00e8s non autoris\u00e9.\" \/>\n<meta property=\"og:url\" content=\"https:\/\/www.omrserrature.it\/fr\/produit\/petit-capuche-avec-cle-triangulaire-avec-ressort-de-rappel-pour-serrure-a-gravite\/\" \/>\n<meta property=\"og:site_name\" content=\"OMR Serrature | Produzione sistemi di chiusura\" \/>\n<meta property=\"article:publisher\" content=\"https:\/\/www.facebook.com\/OMRserrature\" \/>\n<meta property=\"article:modified_time\" content=\"2026-04-08T09:33:18+00:00\" \/>\n<meta property=\"og:image\" content=\"https:\/\/www.omrserrature.it\/wp-content\/uploads\/2021\/03\/GP-CUP-T.jpg\" \/>\n\t<meta property=\"og:image:width\" content=\"1756\" \/>\n\t<meta property=\"og:image:height\" content=\"1223\" \/>\n\t<meta property=\"og:image:type\" content=\"image\/jpeg\" \/>\n<meta name=\"twitter:card\" content=\"summary_large_image\" \/>\n<meta name=\"twitter:label1\" content=\"Dur\u00e9e de lecture estim\u00e9e\" \/>\n\t<meta name=\"twitter:data1\" content=\"1 minute\" \/>\n<script type=\"application\/ld+json\" class=\"yoast-schema-graph\">{\"@context\":\"https:\/\/schema.org\",\"@graph\":[{\"@type\":\"WebPage\",\"@id\":\"https:\/\/www.omrserrature.it\/fr\/produit\/petit-capuche-avec-cle-triangulaire-avec-ressort-de-rappel-pour-serrure-a-gravite\/\",\"url\":\"https:\/\/www.omrserrature.it\/fr\/produit\/petit-capuche-avec-cle-triangulaire-avec-ressort-de-rappel-pour-serrure-a-gravite\/\",\"name\":\"Cl\u00e9 triangulaire T6 petite capuche avec ressort pour les bacs \u00e0 ordures\",\"isPartOf\":{\"@id\":\"https:\/\/www.omrserrature.it\/fr\/#website\"},\"primaryImageOfPage\":{\"@id\":\"https:\/\/www.omrserrature.it\/fr\/produit\/petit-capuche-avec-cle-triangulaire-avec-ressort-de-rappel-pour-serrure-a-gravite\/#primaryimage\"},\"image\":{\"@id\":\"https:\/\/www.omrserrature.it\/fr\/produit\/petit-capuche-avec-cle-triangulaire-avec-ressort-de-rappel-pour-serrure-a-gravite\/#primaryimage\"},\"thumbnailUrl\":\"https:\/\/www.omrserrature.it\/wp-content\/uploads\/2021\/03\/GP-CUP-T.jpg\",\"datePublished\":\"2011-03-21T12:52:00+00:00\",\"dateModified\":\"2026-04-08T09:33:18+00:00\",\"description\":\"Petite capuche avec cl\u00e9 triangulaire T6 \u00e0 ressort de rappel pour serrure \u00e0 gravitation sur les bacs \u00e0 ordures. Protection contre l'acc\u00e8s non autoris\u00e9.\",\"breadcrumb\":{\"@id\":\"https:\/\/www.omrserrature.it\/fr\/produit\/petit-capuche-avec-cle-triangulaire-avec-ressort-de-rappel-pour-serrure-a-gravite\/#breadcrumb\"},\"inLanguage\":\"fr-FR\",\"potentialAction\":[{\"@type\":\"ReadAction\",\"target\":[\"https:\/\/www.omrserrature.it\/fr\/produit\/petit-capuche-avec-cle-triangulaire-avec-ressort-de-rappel-pour-serrure-a-gravite\/\"]}]},{\"@type\":\"ImageObject\",\"inLanguage\":\"fr-FR\",\"@id\":\"https:\/\/www.omrserrature.it\/fr\/produit\/petit-capuche-avec-cle-triangulaire-avec-ressort-de-rappel-pour-serrure-a-gravite\/#primaryimage\",\"url\":\"https:\/\/www.omrserrature.it\/wp-content\/uploads\/2021\/03\/GP-CUP-T.jpg\",\"contentUrl\":\"https:\/\/www.omrserrature.it\/wp-content\/uploads\/2021\/03\/GP-CUP-T.jpg\",\"width\":1756,\"height\":1223,\"caption\":\"Remplacement - petite capuche pour bacs \u00e0 fermeture triangulaires - GP-CUP-T\"},{\"@type\":\"BreadcrumbList\",\"@id\":\"https:\/\/www.omrserrature.it\/fr\/produit\/petit-capuche-avec-cle-triangulaire-avec-ressort-de-rappel-pour-serrure-a-gravite\/#breadcrumb\",\"itemListElement\":[{\"@type\":\"ListItem\",\"position\":1,\"name\":\"Home\",\"item\":\"https:\/\/www.omrserrature.it\/fr\/omr-serrures-et-systemes-de-verrouillage\/\"},{\"@type\":\"ListItem\",\"position\":2,\"name\":\"Catalogue\",\"item\":\"https:\/\/www.omrserrature.it\/catalogue\/?lang=fr\"},{\"@type\":\"ListItem\",\"position\":3,\"name\":\"Produits\",\"item\":\"https:\/\/www.omrserrature.it\/fr\/catalogue\/produits\/\"},{\"@type\":\"ListItem\",\"position\":4,\"name\":\"Accessoires et pi\u00e8ces d\u00e9tach\u00e9es\",\"item\":\"https:\/\/www.omrserrature.it\/fr\/catalogue\/produits\/accessoires-et-pieces-detachees\/\"},{\"@type\":\"ListItem\",\"position\":5,\"name\":\"Accessoires et pi\u00e8ces de rechange pour les serrures \u00e0 gravitationnelles\",\"item\":\"https:\/\/www.omrserrature.it\/fr\/catalogue\/produits\/accessoires-et-pieces-detachees\/accessoires-et-pieces-de-rechange-pour-les-serrures-a-gravitationnelles\/\"},{\"@type\":\"ListItem\",\"position\":6,\"name\":\"Petite capuche avec cl\u00e9 triangulaire \u00e0 ressort de rappel pour serrure \u00e0 gravitation.\"}]},{\"@type\":\"WebSite\",\"@id\":\"https:\/\/www.omrserrature.it\/fr\/#website\",\"url\":\"https:\/\/www.omrserrature.it\/fr\/\",\"name\":\"OMR Serrature | Produzione sistemi di chiusura\",\"description\":\"Produzione serrature di sicurezza e sistemi di chiusura\",\"publisher\":{\"@id\":\"https:\/\/www.omrserrature.it\/fr\/#organization\"},\"potentialAction\":[{\"@type\":\"SearchAction\",\"target\":{\"@type\":\"EntryPoint\",\"urlTemplate\":\"https:\/\/www.omrserrature.it\/fr\/?s={search_term_string}\"},\"query-input\":{\"@type\":\"PropertyValueSpecification\",\"valueRequired\":true,\"valueName\":\"search_term_string\"}}],\"inLanguage\":\"fr-FR\"},{\"@type\":\"Organization\",\"@id\":\"https:\/\/www.omrserrature.it\/fr\/#organization\",\"name\":\"OMR Serrature | Produzione sistemi di chiusura\",\"url\":\"https:\/\/www.omrserrature.it\/fr\/\",\"logo\":{\"@type\":\"ImageObject\",\"inLanguage\":\"fr-FR\",\"@id\":\"https:\/\/www.omrserrature.it\/fr\/#\/schema\/logo\/image\/\",\"url\":\"https:\/\/www.omrserrature.it\/wp-content\/uploads\/2017\/09\/favicon-omr-114.png\",\"contentUrl\":\"https:\/\/www.omrserrature.it\/wp-content\/uploads\/2017\/09\/favicon-omr-114.png\",\"width\":114,\"height\":114,\"caption\":\"OMR Serrature | Produzione sistemi di chiusura\"},\"image\":{\"@id\":\"https:\/\/www.omrserrature.it\/fr\/#\/schema\/logo\/image\/\"},\"sameAs\":[\"https:\/\/www.facebook.com\/OMRserrature\",\"https:\/\/www.linkedin.com\/company\/omrserrature\/\",\"https:\/\/www.youtube.com\/channel\/UCxmA85z2R0EpG_6IRokiAkg\"]}]}<\/script>\n<!-- \/ Yoast SEO plugin. -->","yoast_head_json":{"title":"Cl\u00e9 triangulaire T6 petite capuche avec ressort pour les bacs \u00e0 ordures","description":"Petite capuche avec cl\u00e9 triangulaire T6 \u00e0 ressort de rappel pour serrure \u00e0 gravitation sur les bacs \u00e0 ordures. Protection contre l'acc\u00e8s non autoris\u00e9.","robots":{"index":"index","follow":"follow","max-snippet":"max-snippet:-1","max-image-preview":"max-image-preview:large","max-video-preview":"max-video-preview:-1"},"canonical":"https:\/\/www.omrserrature.it\/fr\/produit\/petit-capuche-avec-cle-triangulaire-avec-ressort-de-rappel-pour-serrure-a-gravite\/","og_locale":"fr_FR","og_type":"article","og_title":"Cl\u00e9 triangulaire T6 petite capuche avec ressort pour les bacs \u00e0 ordures","og_description":"Petite capuche avec cl\u00e9 triangulaire T6 \u00e0 ressort de rappel pour serrure \u00e0 gravitation sur les bacs \u00e0 ordures. Protection contre l'acc\u00e8s non autoris\u00e9.","og_url":"https:\/\/www.omrserrature.it\/fr\/produit\/petit-capuche-avec-cle-triangulaire-avec-ressort-de-rappel-pour-serrure-a-gravite\/","og_site_name":"OMR Serrature | Produzione sistemi di chiusura","article_publisher":"https:\/\/www.facebook.com\/OMRserrature","article_modified_time":"2026-04-08T09:33:18+00:00","og_image":[{"width":1756,"height":1223,"url":"https:\/\/www.omrserrature.it\/wp-content\/uploads\/2021\/03\/GP-CUP-T.jpg","type":"image\/jpeg"}],"twitter_card":"summary_large_image","twitter_misc":{"Dur\u00e9e de lecture estim\u00e9e":"1 minute"},"schema":{"@context":"https:\/\/schema.org","@graph":[{"@type":"WebPage","@id":"https:\/\/www.omrserrature.it\/fr\/produit\/petit-capuche-avec-cle-triangulaire-avec-ressort-de-rappel-pour-serrure-a-gravite\/","url":"https:\/\/www.omrserrature.it\/fr\/produit\/petit-capuche-avec-cle-triangulaire-avec-ressort-de-rappel-pour-serrure-a-gravite\/","name":"Cl\u00e9 triangulaire T6 petite capuche avec ressort pour les bacs \u00e0 ordures","isPartOf":{"@id":"https:\/\/www.omrserrature.it\/fr\/#website"},"primaryImageOfPage":{"@id":"https:\/\/www.omrserrature.it\/fr\/produit\/petit-capuche-avec-cle-triangulaire-avec-ressort-de-rappel-pour-serrure-a-gravite\/#primaryimage"},"image":{"@id":"https:\/\/www.omrserrature.it\/fr\/produit\/petit-capuche-avec-cle-triangulaire-avec-ressort-de-rappel-pour-serrure-a-gravite\/#primaryimage"},"thumbnailUrl":"https:\/\/www.omrserrature.it\/wp-content\/uploads\/2021\/03\/GP-CUP-T.jpg","datePublished":"2011-03-21T12:52:00+00:00","dateModified":"2026-04-08T09:33:18+00:00","description":"Petite capuche avec cl\u00e9 triangulaire T6 \u00e0 ressort de rappel pour serrure \u00e0 gravitation sur les bacs \u00e0 ordures. Protection contre l'acc\u00e8s non autoris\u00e9.","breadcrumb":{"@id":"https:\/\/www.omrserrature.it\/fr\/produit\/petit-capuche-avec-cle-triangulaire-avec-ressort-de-rappel-pour-serrure-a-gravite\/#breadcrumb"},"inLanguage":"fr-FR","potentialAction":[{"@type":"ReadAction","target":["https:\/\/www.omrserrature.it\/fr\/produit\/petit-capuche-avec-cle-triangulaire-avec-ressort-de-rappel-pour-serrure-a-gravite\/"]}]},{"@type":"ImageObject","inLanguage":"fr-FR","@id":"https:\/\/www.omrserrature.it\/fr\/produit\/petit-capuche-avec-cle-triangulaire-avec-ressort-de-rappel-pour-serrure-a-gravite\/#primaryimage","url":"https:\/\/www.omrserrature.it\/wp-content\/uploads\/2021\/03\/GP-CUP-T.jpg","contentUrl":"https:\/\/www.omrserrature.it\/wp-content\/uploads\/2021\/03\/GP-CUP-T.jpg","width":1756,"height":1223,"caption":"Remplacement - petite capuche pour bacs \u00e0 fermeture triangulaires - GP-CUP-T"},{"@type":"BreadcrumbList","@id":"https:\/\/www.omrserrature.it\/fr\/produit\/petit-capuche-avec-cle-triangulaire-avec-ressort-de-rappel-pour-serrure-a-gravite\/#breadcrumb","itemListElement":[{"@type":"ListItem","position":1,"name":"Home","item":"https:\/\/www.omrserrature.it\/fr\/omr-serrures-et-systemes-de-verrouillage\/"},{"@type":"ListItem","position":2,"name":"Catalogue","item":"https:\/\/www.omrserrature.it\/catalogue\/?lang=fr"},{"@type":"ListItem","position":3,"name":"Produits","item":"https:\/\/www.omrserrature.it\/fr\/catalogue\/produits\/"},{"@type":"ListItem","position":4,"name":"Accessoires et pi\u00e8ces d\u00e9tach\u00e9es","item":"https:\/\/www.omrserrature.it\/fr\/catalogue\/produits\/accessoires-et-pieces-detachees\/"},{"@type":"ListItem","position":5,"name":"Accessoires et pi\u00e8ces de rechange pour les serrures \u00e0 gravitationnelles","item":"https:\/\/www.omrserrature.it\/fr\/catalogue\/produits\/accessoires-et-pieces-detachees\/accessoires-et-pieces-de-rechange-pour-les-serrures-a-gravitationnelles\/"},{"@type":"ListItem","position":6,"name":"Petite capuche avec cl\u00e9 triangulaire \u00e0 ressort de rappel pour serrure \u00e0 gravitation."}]},{"@type":"WebSite","@id":"https:\/\/www.omrserrature.it\/fr\/#website","url":"https:\/\/www.omrserrature.it\/fr\/","name":"OMR Serrature | Produzione sistemi di chiusura","description":"Produzione serrature di sicurezza e sistemi di chiusura","publisher":{"@id":"https:\/\/www.omrserrature.it\/fr\/#organization"},"potentialAction":[{"@type":"SearchAction","target":{"@type":"EntryPoint","urlTemplate":"https:\/\/www.omrserrature.it\/fr\/?s={search_term_string}"},"query-input":{"@type":"PropertyValueSpecification","valueRequired":true,"valueName":"search_term_string"}}],"inLanguage":"fr-FR"},{"@type":"Organization","@id":"https:\/\/www.omrserrature.it\/fr\/#organization","name":"OMR Serrature | Produzione sistemi di chiusura","url":"https:\/\/www.omrserrature.it\/fr\/","logo":{"@type":"ImageObject","inLanguage":"fr-FR","@id":"https:\/\/www.omrserrature.it\/fr\/#\/schema\/logo\/image\/","url":"https:\/\/www.omrserrature.it\/wp-content\/uploads\/2017\/09\/favicon-omr-114.png","contentUrl":"https:\/\/www.omrserrature.it\/wp-content\/uploads\/2017\/09\/favicon-omr-114.png","width":114,"height":114,"caption":"OMR Serrature | Produzione sistemi di chiusura"},"image":{"@id":"https:\/\/www.omrserrature.it\/fr\/#\/schema\/logo\/image\/"},"sameAs":["https:\/\/www.facebook.com\/OMRserrature","https:\/\/www.linkedin.com\/company\/omrserrature\/","https:\/\/www.youtube.com\/channel\/UCxmA85z2R0EpG_6IRokiAkg"]}]}},"_links":{"self":[{"href":"https:\/\/www.omrserrature.it\/fr\/wp-json\/wp\/v2\/product\/25773","targetHints":{"allow":["GET"]}}],"collection":[{"href":"https:\/\/www.omrserrature.it\/fr\/wp-json\/wp\/v2\/product"}],"about":[{"href":"https:\/\/www.omrserrature.it\/fr\/wp-json\/wp\/v2\/types\/product"}],"replies":[{"embeddable":true,"href":"https:\/\/www.omrserrature.it\/fr\/wp-json\/wp\/v2\/comments?post=25773"}],"wp:featuredmedia":[{"embeddable":true,"href":"https:\/\/www.omrserrature.it\/fr\/wp-json\/wp\/v2\/media\/16948"}],"wp:attachment":[{"href":"https:\/\/www.omrserrature.it\/fr\/wp-json\/wp\/v2\/media?parent=25773"}],"wp:term":[{"taxonomy":"product_brand","embeddable":true,"href":"https:\/\/www.omrserrature.it\/fr\/wp-json\/wp\/v2\/product_brand?post=25773"},{"taxonomy":"product_cat","embeddable":true,"href":"https:\/\/www.omrserrature.it\/fr\/wp-json\/wp\/v2\/product_cat?post=25773"},{"taxonomy":"product_tag","embeddable":true,"href":"https:\/\/www.omrserrature.it\/fr\/wp-json\/wp\/v2\/product_tag?post=25773"}],"curies":[{"name":"wp","href":"https:\/\/api.w.org\/{rel}","templated":true}]}}