{"id":25771,"date":"2021-03-11T14:00:39","date_gmt":"2011-03-21T13:00:00","guid":{"rendered":"https:\/\/www.staging6.omrserrature.it\/prodotto\/grand-capuche-avec-cle-triangulaire-avec-ressort-de-rappel-pour-la-serrure-a-gravite\/"},"modified":"2026-04-08T11:32:56","modified_gmt":"2026-04-08T09:32:56","slug":"grand-capuche-avec-cle-triangulaire-avec-ressort-de-rappel-pour-la-serrure-a-gravite","status":"publish","type":"product","link":"https:\/\/www.omrserrature.it\/fr\/produit\/grand-capuche-avec-cle-triangulaire-avec-ressort-de-rappel-pour-la-serrure-a-gravite\/","title":{"rendered":"Grande capuche avec cl\u00e9 triangulaire \u00e0 ressort de rappel pour serrure \u00e0 gravitation."},"content":{"rendered":"<p>Le <strong>grand capuchon avec cl\u00e9 triangulaire<\/strong> pour serrures gravitationnelles est un \u00e9l\u00e9ment de couleur rouge qui est plac\u00e9 \u00e0 l&rsquo;ext\u00e9rieur sur le couvercle des bacs \u00e0 ordures, et qui comporte une serrure <strong>\u00e0 cl\u00e9 triangulaire avec retour par ressort.<\/strong> La cl\u00e9 triangulaire T6 permet d&rsquo;ouvrir le conteneur et de d\u00e9verser les d\u00e9chets. Le m\u00e9canisme de gravit\u00e9 permet d&rsquo;ouvrir automatiquement le conteneur de collecte des d\u00e9chets &#8211; \u00e0 partir d&rsquo;une certaine inclinaison &#8211; lors du vidage m\u00e9canis\u00e9 par v\u00e9hicule.  La version large offre une plus grande protection de la serrure contre les intemp\u00e9ries et la poussi\u00e8re.<\/p>\n<p>Le syst\u00e8me gravitationnel innovant assure la <strong>protection contre les d\u00e9p\u00f4ts non autoris\u00e9s dans les bacs \u00e0 ordures de porte \u00e0 porte<\/strong> et garantit une accessibilit\u00e9 totale aux op\u00e9rateurs \u00e9cologiques : une solution efficace qui am\u00e9liore la gestion de la collecte s\u00e9lective des d\u00e9chets dans les diff\u00e9rentes municipalit\u00e9s et quartiers de la ville.<\/p>\n<p>Le produit se caract\u00e9rise par :<\/p>\n<ul>\n<li><strong>Ouverture du<\/strong> m\u00e9canisme au moyen d&rsquo;une <strong>cl\u00e9 triangulaire avec ressort de rappel.<\/strong><\/li>\n<li><strong>Syst\u00e8me anti-ouverture accidentelle<\/strong> en cas de basculement du bac \u00e0 d\u00e9chets sous l&rsquo;effet du vent, des chocs ou du vandalisme.<\/li>\n<\/ul>\n<p>La serrure gravitationnelle est <strong>compatible avec toutes les marques de bacs \u00e0 ordures \u00e0 deux ou quatre roues et de bacs \u00e0 d\u00e9chets<\/strong>, et peut \u00eatre facilement install\u00e9e sur ces derniers. Les instructions pour l&rsquo;installation de la serrure sont incluses. Pour les installateurs, nous recommandons l&rsquo;achat du gabarit universel OMR. <\/p>\n","protected":false},"excerpt":{"rendered":"<p>Le <strong>grand capuchon avec cl\u00e9 triangulaire<\/strong> pour serrures gravitationnelles est un \u00e9l\u00e9ment de couleur rouge qui est plac\u00e9 \u00e0 l&rsquo;ext\u00e9rieur sur le couvercle des bacs \u00e0 ordures, et qui comporte une serrure <strong>\u00e0 cl\u00e9 triangulaire avec retour par ressort.<\/strong><\/p>\n","protected":false},"featured_media":16934,"comment_status":"open","ping_status":"closed","template":"","meta":{"_acf_changed":false,"_et_pb_use_builder":"","_et_pb_old_content":"","_et_gb_content_width":""},"product_brand":[],"product_cat":[3680],"product_tag":[],"class_list":{"0":"post-25771","1":"product","2":"type-product","3":"status-publish","4":"has-post-thumbnail","6":"product_cat-accessoires-et-pieces-de-rechange-pour-les-serrures-a-gravitationnelles","8":"first","9":"instock","10":"shipping-taxable","11":"product-type-simple"},"acf":{"pdf1":false},"yoast_head":"<!-- This site is optimized with the Yoast SEO plugin v27.2 - https:\/\/yoast.com\/product\/yoast-seo-wordpress\/ -->\n<title>Grande capuche avec cl\u00e9 triangulaire T6 pour bacs \u00e0 ordures<\/title>\n<meta name=\"description\" content=\"La grande capuche pour serrure \u00e9cologique \u00e0 gravitation avec forme triangulaire et retour par tringles est install\u00e9e sur le couvercle de la bac \u00e0 ordure.\" \/>\n<meta name=\"robots\" content=\"index, follow, max-snippet:-1, max-image-preview:large, max-video-preview:-1\" \/>\n<link rel=\"canonical\" href=\"https:\/\/www.omrserrature.it\/fr\/produit\/grand-capuche-avec-cle-triangulaire-avec-ressort-de-rappel-pour-la-serrure-a-gravite\/\" \/>\n<meta property=\"og:locale\" content=\"fr_FR\" \/>\n<meta property=\"og:type\" content=\"article\" \/>\n<meta property=\"og:title\" content=\"Grande capuche avec cl\u00e9 triangulaire T6 pour bacs \u00e0 ordures\" \/>\n<meta property=\"og:description\" content=\"La grande capuche pour serrure \u00e9cologique \u00e0 gravitation avec forme triangulaire et retour par tringles est install\u00e9e sur le couvercle de la bac \u00e0 ordure.\" \/>\n<meta property=\"og:url\" content=\"https:\/\/www.omrserrature.it\/fr\/produit\/grand-capuche-avec-cle-triangulaire-avec-ressort-de-rappel-pour-la-serrure-a-gravite\/\" \/>\n<meta property=\"og:site_name\" content=\"OMR Serrature | Produzione sistemi di chiusura\" \/>\n<meta property=\"article:publisher\" content=\"https:\/\/www.facebook.com\/OMRserrature\" \/>\n<meta property=\"article:modified_time\" content=\"2026-04-08T09:32:56+00:00\" \/>\n<meta property=\"og:image\" content=\"https:\/\/www.omrserrature.it\/wp-content\/uploads\/2021\/03\/GG-CUP-T.jpg\" \/>\n\t<meta property=\"og:image:width\" content=\"1897\" \/>\n\t<meta property=\"og:image:height\" content=\"1707\" \/>\n\t<meta property=\"og:image:type\" content=\"image\/jpeg\" \/>\n<meta name=\"twitter:card\" content=\"summary_large_image\" \/>\n<meta name=\"twitter:label1\" content=\"Dur\u00e9e de lecture estim\u00e9e\" \/>\n\t<meta name=\"twitter:data1\" content=\"1 minute\" \/>\n<script type=\"application\/ld+json\" class=\"yoast-schema-graph\">{\"@context\":\"https:\/\/schema.org\",\"@graph\":[{\"@type\":\"WebPage\",\"@id\":\"https:\/\/www.omrserrature.it\/fr\/produit\/grand-capuche-avec-cle-triangulaire-avec-ressort-de-rappel-pour-la-serrure-a-gravite\/\",\"url\":\"https:\/\/www.omrserrature.it\/fr\/produit\/grand-capuche-avec-cle-triangulaire-avec-ressort-de-rappel-pour-la-serrure-a-gravite\/\",\"name\":\"Grande capuche avec cl\u00e9 triangulaire T6 pour bacs \u00e0 ordures\",\"isPartOf\":{\"@id\":\"https:\/\/www.omrserrature.it\/fr\/#website\"},\"primaryImageOfPage\":{\"@id\":\"https:\/\/www.omrserrature.it\/fr\/produit\/grand-capuche-avec-cle-triangulaire-avec-ressort-de-rappel-pour-la-serrure-a-gravite\/#primaryimage\"},\"image\":{\"@id\":\"https:\/\/www.omrserrature.it\/fr\/produit\/grand-capuche-avec-cle-triangulaire-avec-ressort-de-rappel-pour-la-serrure-a-gravite\/#primaryimage\"},\"thumbnailUrl\":\"https:\/\/www.omrserrature.it\/wp-content\/uploads\/2021\/03\/GG-CUP-T.jpg\",\"datePublished\":\"2011-03-21T13:00:00+00:00\",\"dateModified\":\"2026-04-08T09:32:56+00:00\",\"description\":\"La grande capuche pour serrure \u00e9cologique \u00e0 gravitation avec forme triangulaire et retour par tringles est install\u00e9e sur le couvercle de la bac \u00e0 ordure.\",\"breadcrumb\":{\"@id\":\"https:\/\/www.omrserrature.it\/fr\/produit\/grand-capuche-avec-cle-triangulaire-avec-ressort-de-rappel-pour-la-serrure-a-gravite\/#breadcrumb\"},\"inLanguage\":\"fr-FR\",\"potentialAction\":[{\"@type\":\"ReadAction\",\"target\":[\"https:\/\/www.omrserrature.it\/fr\/produit\/grand-capuche-avec-cle-triangulaire-avec-ressort-de-rappel-pour-la-serrure-a-gravite\/\"]}]},{\"@type\":\"ImageObject\",\"inLanguage\":\"fr-FR\",\"@id\":\"https:\/\/www.omrserrature.it\/fr\/produit\/grand-capuche-avec-cle-triangulaire-avec-ressort-de-rappel-pour-la-serrure-a-gravite\/#primaryimage\",\"url\":\"https:\/\/www.omrserrature.it\/wp-content\/uploads\/2021\/03\/GG-CUP-T.jpg\",\"contentUrl\":\"https:\/\/www.omrserrature.it\/wp-content\/uploads\/2021\/03\/GG-CUP-T.jpg\",\"width\":1897,\"height\":1707,\"caption\":\"Remplacement - Grande capuche pour bacs \u00e0 fermeture triangulaires - GG-CUP-T\"},{\"@type\":\"BreadcrumbList\",\"@id\":\"https:\/\/www.omrserrature.it\/fr\/produit\/grand-capuche-avec-cle-triangulaire-avec-ressort-de-rappel-pour-la-serrure-a-gravite\/#breadcrumb\",\"itemListElement\":[{\"@type\":\"ListItem\",\"position\":1,\"name\":\"Home\",\"item\":\"https:\/\/www.omrserrature.it\/fr\/omr-serrures-et-systemes-de-verrouillage\/\"},{\"@type\":\"ListItem\",\"position\":2,\"name\":\"Catalogue\",\"item\":\"https:\/\/www.omrserrature.it\/catalogue\/?lang=fr\"},{\"@type\":\"ListItem\",\"position\":3,\"name\":\"Produits\",\"item\":\"https:\/\/www.omrserrature.it\/fr\/catalogue\/produits\/\"},{\"@type\":\"ListItem\",\"position\":4,\"name\":\"Accessoires et pi\u00e8ces d\u00e9tach\u00e9es\",\"item\":\"https:\/\/www.omrserrature.it\/fr\/catalogue\/produits\/accessoires-et-pieces-detachees\/\"},{\"@type\":\"ListItem\",\"position\":5,\"name\":\"Accessoires et pi\u00e8ces de rechange pour les serrures \u00e0 gravitationnelles\",\"item\":\"https:\/\/www.omrserrature.it\/fr\/catalogue\/produits\/accessoires-et-pieces-detachees\/accessoires-et-pieces-de-rechange-pour-les-serrures-a-gravitationnelles\/\"},{\"@type\":\"ListItem\",\"position\":6,\"name\":\"Grande capuche avec cl\u00e9 triangulaire \u00e0 ressort de rappel pour serrure \u00e0 gravitation.\"}]},{\"@type\":\"WebSite\",\"@id\":\"https:\/\/www.omrserrature.it\/fr\/#website\",\"url\":\"https:\/\/www.omrserrature.it\/fr\/\",\"name\":\"OMR Serrature | Produzione sistemi di chiusura\",\"description\":\"Produzione serrature di sicurezza e sistemi di chiusura\",\"publisher\":{\"@id\":\"https:\/\/www.omrserrature.it\/fr\/#organization\"},\"potentialAction\":[{\"@type\":\"SearchAction\",\"target\":{\"@type\":\"EntryPoint\",\"urlTemplate\":\"https:\/\/www.omrserrature.it\/fr\/?s={search_term_string}\"},\"query-input\":{\"@type\":\"PropertyValueSpecification\",\"valueRequired\":true,\"valueName\":\"search_term_string\"}}],\"inLanguage\":\"fr-FR\"},{\"@type\":\"Organization\",\"@id\":\"https:\/\/www.omrserrature.it\/fr\/#organization\",\"name\":\"OMR Serrature | Produzione sistemi di chiusura\",\"url\":\"https:\/\/www.omrserrature.it\/fr\/\",\"logo\":{\"@type\":\"ImageObject\",\"inLanguage\":\"fr-FR\",\"@id\":\"https:\/\/www.omrserrature.it\/fr\/#\/schema\/logo\/image\/\",\"url\":\"https:\/\/www.omrserrature.it\/wp-content\/uploads\/2017\/09\/favicon-omr-114.png\",\"contentUrl\":\"https:\/\/www.omrserrature.it\/wp-content\/uploads\/2017\/09\/favicon-omr-114.png\",\"width\":114,\"height\":114,\"caption\":\"OMR Serrature | Produzione sistemi di chiusura\"},\"image\":{\"@id\":\"https:\/\/www.omrserrature.it\/fr\/#\/schema\/logo\/image\/\"},\"sameAs\":[\"https:\/\/www.facebook.com\/OMRserrature\",\"https:\/\/www.linkedin.com\/company\/omrserrature\/\",\"https:\/\/www.youtube.com\/channel\/UCxmA85z2R0EpG_6IRokiAkg\"]}]}<\/script>\n<!-- \/ Yoast SEO plugin. -->","yoast_head_json":{"title":"Grande capuche avec cl\u00e9 triangulaire T6 pour bacs \u00e0 ordures","description":"La grande capuche pour serrure \u00e9cologique \u00e0 gravitation avec forme triangulaire et retour par tringles est install\u00e9e sur le couvercle de la bac \u00e0 ordure.","robots":{"index":"index","follow":"follow","max-snippet":"max-snippet:-1","max-image-preview":"max-image-preview:large","max-video-preview":"max-video-preview:-1"},"canonical":"https:\/\/www.omrserrature.it\/fr\/produit\/grand-capuche-avec-cle-triangulaire-avec-ressort-de-rappel-pour-la-serrure-a-gravite\/","og_locale":"fr_FR","og_type":"article","og_title":"Grande capuche avec cl\u00e9 triangulaire T6 pour bacs \u00e0 ordures","og_description":"La grande capuche pour serrure \u00e9cologique \u00e0 gravitation avec forme triangulaire et retour par tringles est install\u00e9e sur le couvercle de la bac \u00e0 ordure.","og_url":"https:\/\/www.omrserrature.it\/fr\/produit\/grand-capuche-avec-cle-triangulaire-avec-ressort-de-rappel-pour-la-serrure-a-gravite\/","og_site_name":"OMR Serrature | Produzione sistemi di chiusura","article_publisher":"https:\/\/www.facebook.com\/OMRserrature","article_modified_time":"2026-04-08T09:32:56+00:00","og_image":[{"width":1897,"height":1707,"url":"https:\/\/www.omrserrature.it\/wp-content\/uploads\/2021\/03\/GG-CUP-T.jpg","type":"image\/jpeg"}],"twitter_card":"summary_large_image","twitter_misc":{"Dur\u00e9e de lecture estim\u00e9e":"1 minute"},"schema":{"@context":"https:\/\/schema.org","@graph":[{"@type":"WebPage","@id":"https:\/\/www.omrserrature.it\/fr\/produit\/grand-capuche-avec-cle-triangulaire-avec-ressort-de-rappel-pour-la-serrure-a-gravite\/","url":"https:\/\/www.omrserrature.it\/fr\/produit\/grand-capuche-avec-cle-triangulaire-avec-ressort-de-rappel-pour-la-serrure-a-gravite\/","name":"Grande capuche avec cl\u00e9 triangulaire T6 pour bacs \u00e0 ordures","isPartOf":{"@id":"https:\/\/www.omrserrature.it\/fr\/#website"},"primaryImageOfPage":{"@id":"https:\/\/www.omrserrature.it\/fr\/produit\/grand-capuche-avec-cle-triangulaire-avec-ressort-de-rappel-pour-la-serrure-a-gravite\/#primaryimage"},"image":{"@id":"https:\/\/www.omrserrature.it\/fr\/produit\/grand-capuche-avec-cle-triangulaire-avec-ressort-de-rappel-pour-la-serrure-a-gravite\/#primaryimage"},"thumbnailUrl":"https:\/\/www.omrserrature.it\/wp-content\/uploads\/2021\/03\/GG-CUP-T.jpg","datePublished":"2011-03-21T13:00:00+00:00","dateModified":"2026-04-08T09:32:56+00:00","description":"La grande capuche pour serrure \u00e9cologique \u00e0 gravitation avec forme triangulaire et retour par tringles est install\u00e9e sur le couvercle de la bac \u00e0 ordure.","breadcrumb":{"@id":"https:\/\/www.omrserrature.it\/fr\/produit\/grand-capuche-avec-cle-triangulaire-avec-ressort-de-rappel-pour-la-serrure-a-gravite\/#breadcrumb"},"inLanguage":"fr-FR","potentialAction":[{"@type":"ReadAction","target":["https:\/\/www.omrserrature.it\/fr\/produit\/grand-capuche-avec-cle-triangulaire-avec-ressort-de-rappel-pour-la-serrure-a-gravite\/"]}]},{"@type":"ImageObject","inLanguage":"fr-FR","@id":"https:\/\/www.omrserrature.it\/fr\/produit\/grand-capuche-avec-cle-triangulaire-avec-ressort-de-rappel-pour-la-serrure-a-gravite\/#primaryimage","url":"https:\/\/www.omrserrature.it\/wp-content\/uploads\/2021\/03\/GG-CUP-T.jpg","contentUrl":"https:\/\/www.omrserrature.it\/wp-content\/uploads\/2021\/03\/GG-CUP-T.jpg","width":1897,"height":1707,"caption":"Remplacement - Grande capuche pour bacs \u00e0 fermeture triangulaires - GG-CUP-T"},{"@type":"BreadcrumbList","@id":"https:\/\/www.omrserrature.it\/fr\/produit\/grand-capuche-avec-cle-triangulaire-avec-ressort-de-rappel-pour-la-serrure-a-gravite\/#breadcrumb","itemListElement":[{"@type":"ListItem","position":1,"name":"Home","item":"https:\/\/www.omrserrature.it\/fr\/omr-serrures-et-systemes-de-verrouillage\/"},{"@type":"ListItem","position":2,"name":"Catalogue","item":"https:\/\/www.omrserrature.it\/catalogue\/?lang=fr"},{"@type":"ListItem","position":3,"name":"Produits","item":"https:\/\/www.omrserrature.it\/fr\/catalogue\/produits\/"},{"@type":"ListItem","position":4,"name":"Accessoires et pi\u00e8ces d\u00e9tach\u00e9es","item":"https:\/\/www.omrserrature.it\/fr\/catalogue\/produits\/accessoires-et-pieces-detachees\/"},{"@type":"ListItem","position":5,"name":"Accessoires et pi\u00e8ces de rechange pour les serrures \u00e0 gravitationnelles","item":"https:\/\/www.omrserrature.it\/fr\/catalogue\/produits\/accessoires-et-pieces-detachees\/accessoires-et-pieces-de-rechange-pour-les-serrures-a-gravitationnelles\/"},{"@type":"ListItem","position":6,"name":"Grande capuche avec cl\u00e9 triangulaire \u00e0 ressort de rappel pour serrure \u00e0 gravitation."}]},{"@type":"WebSite","@id":"https:\/\/www.omrserrature.it\/fr\/#website","url":"https:\/\/www.omrserrature.it\/fr\/","name":"OMR Serrature | Produzione sistemi di chiusura","description":"Produzione serrature di sicurezza e sistemi di chiusura","publisher":{"@id":"https:\/\/www.omrserrature.it\/fr\/#organization"},"potentialAction":[{"@type":"SearchAction","target":{"@type":"EntryPoint","urlTemplate":"https:\/\/www.omrserrature.it\/fr\/?s={search_term_string}"},"query-input":{"@type":"PropertyValueSpecification","valueRequired":true,"valueName":"search_term_string"}}],"inLanguage":"fr-FR"},{"@type":"Organization","@id":"https:\/\/www.omrserrature.it\/fr\/#organization","name":"OMR Serrature | Produzione sistemi di chiusura","url":"https:\/\/www.omrserrature.it\/fr\/","logo":{"@type":"ImageObject","inLanguage":"fr-FR","@id":"https:\/\/www.omrserrature.it\/fr\/#\/schema\/logo\/image\/","url":"https:\/\/www.omrserrature.it\/wp-content\/uploads\/2017\/09\/favicon-omr-114.png","contentUrl":"https:\/\/www.omrserrature.it\/wp-content\/uploads\/2017\/09\/favicon-omr-114.png","width":114,"height":114,"caption":"OMR Serrature | Produzione sistemi di chiusura"},"image":{"@id":"https:\/\/www.omrserrature.it\/fr\/#\/schema\/logo\/image\/"},"sameAs":["https:\/\/www.facebook.com\/OMRserrature","https:\/\/www.linkedin.com\/company\/omrserrature\/","https:\/\/www.youtube.com\/channel\/UCxmA85z2R0EpG_6IRokiAkg"]}]}},"_links":{"self":[{"href":"https:\/\/www.omrserrature.it\/fr\/wp-json\/wp\/v2\/product\/25771","targetHints":{"allow":["GET"]}}],"collection":[{"href":"https:\/\/www.omrserrature.it\/fr\/wp-json\/wp\/v2\/product"}],"about":[{"href":"https:\/\/www.omrserrature.it\/fr\/wp-json\/wp\/v2\/types\/product"}],"replies":[{"embeddable":true,"href":"https:\/\/www.omrserrature.it\/fr\/wp-json\/wp\/v2\/comments?post=25771"}],"wp:featuredmedia":[{"embeddable":true,"href":"https:\/\/www.omrserrature.it\/fr\/wp-json\/wp\/v2\/media\/16934"}],"wp:attachment":[{"href":"https:\/\/www.omrserrature.it\/fr\/wp-json\/wp\/v2\/media?parent=25771"}],"wp:term":[{"taxonomy":"product_brand","embeddable":true,"href":"https:\/\/www.omrserrature.it\/fr\/wp-json\/wp\/v2\/product_brand?post=25771"},{"taxonomy":"product_cat","embeddable":true,"href":"https:\/\/www.omrserrature.it\/fr\/wp-json\/wp\/v2\/product_cat?post=25771"},{"taxonomy":"product_tag","embeddable":true,"href":"https:\/\/www.omrserrature.it\/fr\/wp-json\/wp\/v2\/product_tag?post=25771"}],"curies":[{"name":"wp","href":"https:\/\/api.w.org\/{rel}","templated":true}]}}