{"id":25770,"date":"2021-03-11T14:01:44","date_gmt":"2011-03-21T13:01:00","guid":{"rendered":"https:\/\/www.staging6.omrserrature.it\/prodotto\/partie-inferieure-pour-le-verrouillage-par-gravite\/"},"modified":"2026-04-08T11:32:54","modified_gmt":"2026-04-08T09:32:54","slug":"partie-inferieure-pour-le-verrouillage-par-gravite","status":"publish","type":"product","link":"https:\/\/www.omrserrature.it\/fr\/produit\/partie-inferieure-pour-le-verrouillage-par-gravite\/","title":{"rendered":"Bas du corps pour la serrure de gravitation"},"content":{"rendered":"<p>Le <strong>corps de fond de<\/strong> la serrure \u00e9cologique gravitationnelle est un \u00e9l\u00e9ment install\u00e9 \u00e0 l&rsquo;int\u00e9rieur du bassin de la poubelle qui rend possible le mouvement du m\u00e9canisme de gravit\u00e9, ce qui permet d&rsquo;ouvrir la <strong>poubelle<\/strong> lorsqu&rsquo;elle est vid\u00e9e du v\u00e9hicule \u00e0 partir d&rsquo;une certaine inclinaison. Il est associ\u00e9 \u00e0 deux autres \u00e9l\u00e9ments : un grand ou un petit capuche en plastique rouge avec une serrure \u00e0 cl\u00e9 crypt\u00e9e ou un loquet triangulaire, install\u00e9 au-dessus du couvercle de la poubelle, et un corps noir avec un crochet sous le couvercle. <\/p>\n<p>Le syst\u00e8me gravitationnel innovant permet de <strong>prot\u00e9ger les<\/strong> diff\u00e9rents conteneurs <strong>contre les acc\u00e8s non autoris\u00e9s<\/strong> et de les ouvrir facilement, en particulier ceux d\u00e9di\u00e9s \u00e0 la collecte des d\u00e9chets en porte-\u00e0-porte, garantissant ainsi, gr\u00e2ce \u00e0 cette solution efficace, la meilleure gestion de la collecte s\u00e9lective des d\u00e9chets dans les diff\u00e9rentes municipalit\u00e9s et quartiers de la ville.<\/p>\n<p>Le produit se caract\u00e9rise par :<br \/>\n&#8211; <strong>Ouverture automatique<\/strong> lors des op\u00e9rations de vidage par l&rsquo;entreprise charg\u00e9e de la collecte.<br \/>\n&#8211; A la fin de cette op\u00e9ration, le <strong>m\u00e9canisme se referme automatiquement<\/strong>, emp\u00eachant les personnes non autoris\u00e9es d&rsquo;y acc\u00e9der \u00e0 nouveau.<br \/>\n&#8211; <strong>Ouverture du<\/strong> m\u00e9canisme <strong>au moyen d&rsquo;une cl\u00e9 \u00e0<\/strong> empreinte (triangulaire avec ou sans ressort de rappel) ou d&rsquo;une cl\u00e9 dent\u00e9e (avec cl\u00e9 num\u00e9rot\u00e9e r\u00e9versible de 2001 \u00e0 2200 ou cl\u00e9 standard de 201 \u00e0 436) ; cette caract\u00e9ristique emp\u00eache l&rsquo;introduction de d\u00e9chets non autoris\u00e9s \u00e0 l&rsquo;int\u00e9rieur du bac \u00e0 d\u00e9chets. Les serrures peuvent \u00eatre fournies en \u00ab\u00a0KIT CONDOMINIAL\u00a0\u00bb avec un code unique, permettant l&rsquo;acc\u00e8s \u00e0 des groupes de d\u00e9chets avec une seule cl\u00e9.<br \/>\n&#8211; <strong>Ouverture anti-panique facilit\u00e9e de l&rsquo;int\u00e9rieur<\/strong> sans cl\u00e9 en cas d&rsquo;urgence (par exemple si un enfant reste coinc\u00e9).<br \/>\n&#8211; <strong>Syst\u00e8me d&rsquo;ouverture anti-accidentelle<\/strong> en cas de renversement du bac \u00e0 cause du vent, d&rsquo;un choc ou d&rsquo;un acte de vandalisme. <\/p>\n<p>La serrure gravitationnelle est compatible avec<strong> toutes les marques de bac<\/strong> s \u00e0 ordures \u00e0 deux ou quatre roues et de<strong> bacs \u00e0<\/strong> d\u00e9chets, et<strong> peut \u00eatre<\/strong> facilement<strong> install\u00e9e sur ces derniers<\/strong>. <strong>Instructions de montage de<\/strong> la serrure avec le gabarit universel OMR <strong>incluses<\/strong>.<\/p>\n","protected":false},"excerpt":{"rendered":"<p>Le <strong>corps de base de<\/strong> la serrure \u00e9cologique gravitationnelle est un \u00e9l\u00e9ment install\u00e9 \u00e0 l&rsquo;int\u00e9rieur du bac \u00e0 d\u00e9chets qui rend possible le mouvement du m\u00e9canisme de gravit\u00e9, lequel permet d&rsquo;ouvrir le <strong>bac \u00e0 d\u00e9chets<\/strong> lorsqu&rsquo;il est vid\u00e9 du v\u00e9hicule \u00e0 partir d&rsquo;une certaine inclinaison.<\/p>\n","protected":false},"featured_media":16913,"comment_status":"open","ping_status":"closed","template":"","meta":{"_acf_changed":false,"_et_pb_use_builder":"","_et_pb_old_content":"","_et_gb_content_width":""},"product_brand":[],"product_cat":[3680],"product_tag":[],"class_list":{"0":"post-25770","1":"product","2":"type-product","3":"status-publish","4":"has-post-thumbnail","6":"product_cat-accessoires-et-pieces-de-rechange-pour-les-serrures-a-gravitationnelles","8":"first","9":"instock","10":"shipping-taxable","11":"product-type-simple"},"acf":{"pdf1":"https:\/\/www.omrserrature.it\/wp-content\/uploads\/2021\/03\/Gravitazionale-piccola.pdf"},"yoast_head":"<!-- This site is optimized with the Yoast SEO plugin v27.2 - https:\/\/yoast.com\/product\/yoast-seo-wordpress\/ -->\n<title>Bas du corps pour la serrure de gravitation - OMR Serrature<\/title>\n<meta name=\"robots\" content=\"index, follow, max-snippet:-1, max-image-preview:large, max-video-preview:-1\" \/>\n<link rel=\"canonical\" href=\"https:\/\/www.omrserrature.it\/fr\/produit\/partie-inferieure-pour-le-verrouillage-par-gravite\/\" \/>\n<meta property=\"og:locale\" content=\"fr_FR\" \/>\n<meta property=\"og:type\" content=\"article\" \/>\n<meta property=\"og:title\" content=\"Bas du corps pour la serrure de gravitation - OMR Serrature\" \/>\n<meta property=\"og:description\" content=\"Le corps de base de la serrure \u00e9cologique gravitationnelle est un \u00e9l\u00e9ment install\u00e9 \u00e0 l&#039;int\u00e9rieur du bac \u00e0 d\u00e9chets qui rend possible le mouvement du m\u00e9canisme de gravit\u00e9, lequel permet d&#039;ouvrir le bac \u00e0 d\u00e9chets lorsqu&#039;il est vid\u00e9 du v\u00e9hicule \u00e0 partir d&#039;une certaine inclinaison.\" \/>\n<meta property=\"og:url\" content=\"https:\/\/www.omrserrature.it\/fr\/produit\/partie-inferieure-pour-le-verrouillage-par-gravite\/\" \/>\n<meta property=\"og:site_name\" content=\"OMR Serrature | Produzione sistemi di chiusura\" \/>\n<meta property=\"article:publisher\" content=\"https:\/\/www.facebook.com\/OMRserrature\" \/>\n<meta property=\"article:modified_time\" content=\"2026-04-08T09:32:54+00:00\" \/>\n<meta property=\"og:image\" content=\"https:\/\/www.omrserrature.it\/wp-content\/uploads\/2021\/03\/GKIT-INF.jpg\" \/>\n\t<meta property=\"og:image:width\" content=\"4928\" \/>\n\t<meta property=\"og:image:height\" content=\"3264\" \/>\n\t<meta property=\"og:image:type\" content=\"image\/jpeg\" \/>\n<meta name=\"twitter:card\" content=\"summary_large_image\" \/>\n<meta name=\"twitter:label1\" content=\"Dur\u00e9e de lecture estim\u00e9e\" \/>\n\t<meta name=\"twitter:data1\" content=\"2 minutes\" \/>\n<script type=\"application\/ld+json\" class=\"yoast-schema-graph\">{\"@context\":\"https:\/\/schema.org\",\"@graph\":[{\"@type\":\"WebPage\",\"@id\":\"https:\/\/www.omrserrature.it\/fr\/produit\/partie-inferieure-pour-le-verrouillage-par-gravite\/\",\"url\":\"https:\/\/www.omrserrature.it\/fr\/produit\/partie-inferieure-pour-le-verrouillage-par-gravite\/\",\"name\":\"Bas du corps pour la serrure de gravitation - OMR Serrature\",\"isPartOf\":{\"@id\":\"https:\/\/www.omrserrature.it\/fr\/#website\"},\"primaryImageOfPage\":{\"@id\":\"https:\/\/www.omrserrature.it\/fr\/produit\/partie-inferieure-pour-le-verrouillage-par-gravite\/#primaryimage\"},\"image\":{\"@id\":\"https:\/\/www.omrserrature.it\/fr\/produit\/partie-inferieure-pour-le-verrouillage-par-gravite\/#primaryimage\"},\"thumbnailUrl\":\"https:\/\/www.omrserrature.it\/wp-content\/uploads\/2021\/03\/GKIT-INF.jpg\",\"datePublished\":\"2011-03-21T13:01:00+00:00\",\"dateModified\":\"2026-04-08T09:32:54+00:00\",\"breadcrumb\":{\"@id\":\"https:\/\/www.omrserrature.it\/fr\/produit\/partie-inferieure-pour-le-verrouillage-par-gravite\/#breadcrumb\"},\"inLanguage\":\"fr-FR\",\"potentialAction\":[{\"@type\":\"ReadAction\",\"target\":[\"https:\/\/www.omrserrature.it\/fr\/produit\/partie-inferieure-pour-le-verrouillage-par-gravite\/\"]}]},{\"@type\":\"ImageObject\",\"inLanguage\":\"fr-FR\",\"@id\":\"https:\/\/www.omrserrature.it\/fr\/produit\/partie-inferieure-pour-le-verrouillage-par-gravite\/#primaryimage\",\"url\":\"https:\/\/www.omrserrature.it\/wp-content\/uploads\/2021\/03\/GKIT-INF.jpg\",\"contentUrl\":\"https:\/\/www.omrserrature.it\/wp-content\/uploads\/2021\/03\/GKIT-INF.jpg\",\"width\":4928,\"height\":3264,\"caption\":\"Kit de fermeture gravitationnelle - GKIT-INF\"},{\"@type\":\"BreadcrumbList\",\"@id\":\"https:\/\/www.omrserrature.it\/fr\/produit\/partie-inferieure-pour-le-verrouillage-par-gravite\/#breadcrumb\",\"itemListElement\":[{\"@type\":\"ListItem\",\"position\":1,\"name\":\"Home\",\"item\":\"https:\/\/www.omrserrature.it\/fr\/omr-serrures-et-systemes-de-verrouillage\/\"},{\"@type\":\"ListItem\",\"position\":2,\"name\":\"Catalogue\",\"item\":\"https:\/\/www.omrserrature.it\/catalogue\/?lang=fr\"},{\"@type\":\"ListItem\",\"position\":3,\"name\":\"Produits\",\"item\":\"https:\/\/www.omrserrature.it\/fr\/catalogue\/produits\/\"},{\"@type\":\"ListItem\",\"position\":4,\"name\":\"Accessoires et pi\u00e8ces d\u00e9tach\u00e9es\",\"item\":\"https:\/\/www.omrserrature.it\/fr\/catalogue\/produits\/accessoires-et-pieces-detachees\/\"},{\"@type\":\"ListItem\",\"position\":5,\"name\":\"Accessoires et pi\u00e8ces de rechange pour les serrures \u00e0 gravitationnelles\",\"item\":\"https:\/\/www.omrserrature.it\/fr\/catalogue\/produits\/accessoires-et-pieces-detachees\/accessoires-et-pieces-de-rechange-pour-les-serrures-a-gravitationnelles\/\"},{\"@type\":\"ListItem\",\"position\":6,\"name\":\"Bas du corps pour la serrure de gravitation\"}]},{\"@type\":\"WebSite\",\"@id\":\"https:\/\/www.omrserrature.it\/fr\/#website\",\"url\":\"https:\/\/www.omrserrature.it\/fr\/\",\"name\":\"OMR Serrature | Produzione sistemi di chiusura\",\"description\":\"Produzione serrature di sicurezza e sistemi di chiusura\",\"publisher\":{\"@id\":\"https:\/\/www.omrserrature.it\/fr\/#organization\"},\"potentialAction\":[{\"@type\":\"SearchAction\",\"target\":{\"@type\":\"EntryPoint\",\"urlTemplate\":\"https:\/\/www.omrserrature.it\/fr\/?s={search_term_string}\"},\"query-input\":{\"@type\":\"PropertyValueSpecification\",\"valueRequired\":true,\"valueName\":\"search_term_string\"}}],\"inLanguage\":\"fr-FR\"},{\"@type\":\"Organization\",\"@id\":\"https:\/\/www.omrserrature.it\/fr\/#organization\",\"name\":\"OMR Serrature | Produzione sistemi di chiusura\",\"url\":\"https:\/\/www.omrserrature.it\/fr\/\",\"logo\":{\"@type\":\"ImageObject\",\"inLanguage\":\"fr-FR\",\"@id\":\"https:\/\/www.omrserrature.it\/fr\/#\/schema\/logo\/image\/\",\"url\":\"https:\/\/www.omrserrature.it\/wp-content\/uploads\/2017\/09\/favicon-omr-114.png\",\"contentUrl\":\"https:\/\/www.omrserrature.it\/wp-content\/uploads\/2017\/09\/favicon-omr-114.png\",\"width\":114,\"height\":114,\"caption\":\"OMR Serrature | Produzione sistemi di chiusura\"},\"image\":{\"@id\":\"https:\/\/www.omrserrature.it\/fr\/#\/schema\/logo\/image\/\"},\"sameAs\":[\"https:\/\/www.facebook.com\/OMRserrature\",\"https:\/\/www.linkedin.com\/company\/omrserrature\/\",\"https:\/\/www.youtube.com\/channel\/UCxmA85z2R0EpG_6IRokiAkg\"]}]}<\/script>\n<!-- \/ Yoast SEO plugin. -->","yoast_head_json":{"title":"Bas du corps pour la serrure de gravitation - OMR Serrature","robots":{"index":"index","follow":"follow","max-snippet":"max-snippet:-1","max-image-preview":"max-image-preview:large","max-video-preview":"max-video-preview:-1"},"canonical":"https:\/\/www.omrserrature.it\/fr\/produit\/partie-inferieure-pour-le-verrouillage-par-gravite\/","og_locale":"fr_FR","og_type":"article","og_title":"Bas du corps pour la serrure de gravitation - OMR Serrature","og_description":"Le corps de base de la serrure \u00e9cologique gravitationnelle est un \u00e9l\u00e9ment install\u00e9 \u00e0 l'int\u00e9rieur du bac \u00e0 d\u00e9chets qui rend possible le mouvement du m\u00e9canisme de gravit\u00e9, lequel permet d'ouvrir le bac \u00e0 d\u00e9chets lorsqu'il est vid\u00e9 du v\u00e9hicule \u00e0 partir d'une certaine inclinaison.","og_url":"https:\/\/www.omrserrature.it\/fr\/produit\/partie-inferieure-pour-le-verrouillage-par-gravite\/","og_site_name":"OMR Serrature | Produzione sistemi di chiusura","article_publisher":"https:\/\/www.facebook.com\/OMRserrature","article_modified_time":"2026-04-08T09:32:54+00:00","og_image":[{"width":4928,"height":3264,"url":"https:\/\/www.omrserrature.it\/wp-content\/uploads\/2021\/03\/GKIT-INF.jpg","type":"image\/jpeg"}],"twitter_card":"summary_large_image","twitter_misc":{"Dur\u00e9e de lecture estim\u00e9e":"2 minutes"},"schema":{"@context":"https:\/\/schema.org","@graph":[{"@type":"WebPage","@id":"https:\/\/www.omrserrature.it\/fr\/produit\/partie-inferieure-pour-le-verrouillage-par-gravite\/","url":"https:\/\/www.omrserrature.it\/fr\/produit\/partie-inferieure-pour-le-verrouillage-par-gravite\/","name":"Bas du corps pour la serrure de gravitation - OMR Serrature","isPartOf":{"@id":"https:\/\/www.omrserrature.it\/fr\/#website"},"primaryImageOfPage":{"@id":"https:\/\/www.omrserrature.it\/fr\/produit\/partie-inferieure-pour-le-verrouillage-par-gravite\/#primaryimage"},"image":{"@id":"https:\/\/www.omrserrature.it\/fr\/produit\/partie-inferieure-pour-le-verrouillage-par-gravite\/#primaryimage"},"thumbnailUrl":"https:\/\/www.omrserrature.it\/wp-content\/uploads\/2021\/03\/GKIT-INF.jpg","datePublished":"2011-03-21T13:01:00+00:00","dateModified":"2026-04-08T09:32:54+00:00","breadcrumb":{"@id":"https:\/\/www.omrserrature.it\/fr\/produit\/partie-inferieure-pour-le-verrouillage-par-gravite\/#breadcrumb"},"inLanguage":"fr-FR","potentialAction":[{"@type":"ReadAction","target":["https:\/\/www.omrserrature.it\/fr\/produit\/partie-inferieure-pour-le-verrouillage-par-gravite\/"]}]},{"@type":"ImageObject","inLanguage":"fr-FR","@id":"https:\/\/www.omrserrature.it\/fr\/produit\/partie-inferieure-pour-le-verrouillage-par-gravite\/#primaryimage","url":"https:\/\/www.omrserrature.it\/wp-content\/uploads\/2021\/03\/GKIT-INF.jpg","contentUrl":"https:\/\/www.omrserrature.it\/wp-content\/uploads\/2021\/03\/GKIT-INF.jpg","width":4928,"height":3264,"caption":"Kit de fermeture gravitationnelle - GKIT-INF"},{"@type":"BreadcrumbList","@id":"https:\/\/www.omrserrature.it\/fr\/produit\/partie-inferieure-pour-le-verrouillage-par-gravite\/#breadcrumb","itemListElement":[{"@type":"ListItem","position":1,"name":"Home","item":"https:\/\/www.omrserrature.it\/fr\/omr-serrures-et-systemes-de-verrouillage\/"},{"@type":"ListItem","position":2,"name":"Catalogue","item":"https:\/\/www.omrserrature.it\/catalogue\/?lang=fr"},{"@type":"ListItem","position":3,"name":"Produits","item":"https:\/\/www.omrserrature.it\/fr\/catalogue\/produits\/"},{"@type":"ListItem","position":4,"name":"Accessoires et pi\u00e8ces d\u00e9tach\u00e9es","item":"https:\/\/www.omrserrature.it\/fr\/catalogue\/produits\/accessoires-et-pieces-detachees\/"},{"@type":"ListItem","position":5,"name":"Accessoires et pi\u00e8ces de rechange pour les serrures \u00e0 gravitationnelles","item":"https:\/\/www.omrserrature.it\/fr\/catalogue\/produits\/accessoires-et-pieces-detachees\/accessoires-et-pieces-de-rechange-pour-les-serrures-a-gravitationnelles\/"},{"@type":"ListItem","position":6,"name":"Bas du corps pour la serrure de gravitation"}]},{"@type":"WebSite","@id":"https:\/\/www.omrserrature.it\/fr\/#website","url":"https:\/\/www.omrserrature.it\/fr\/","name":"OMR Serrature | Produzione sistemi di chiusura","description":"Produzione serrature di sicurezza e sistemi di chiusura","publisher":{"@id":"https:\/\/www.omrserrature.it\/fr\/#organization"},"potentialAction":[{"@type":"SearchAction","target":{"@type":"EntryPoint","urlTemplate":"https:\/\/www.omrserrature.it\/fr\/?s={search_term_string}"},"query-input":{"@type":"PropertyValueSpecification","valueRequired":true,"valueName":"search_term_string"}}],"inLanguage":"fr-FR"},{"@type":"Organization","@id":"https:\/\/www.omrserrature.it\/fr\/#organization","name":"OMR Serrature | Produzione sistemi di chiusura","url":"https:\/\/www.omrserrature.it\/fr\/","logo":{"@type":"ImageObject","inLanguage":"fr-FR","@id":"https:\/\/www.omrserrature.it\/fr\/#\/schema\/logo\/image\/","url":"https:\/\/www.omrserrature.it\/wp-content\/uploads\/2017\/09\/favicon-omr-114.png","contentUrl":"https:\/\/www.omrserrature.it\/wp-content\/uploads\/2017\/09\/favicon-omr-114.png","width":114,"height":114,"caption":"OMR Serrature | Produzione sistemi di chiusura"},"image":{"@id":"https:\/\/www.omrserrature.it\/fr\/#\/schema\/logo\/image\/"},"sameAs":["https:\/\/www.facebook.com\/OMRserrature","https:\/\/www.linkedin.com\/company\/omrserrature\/","https:\/\/www.youtube.com\/channel\/UCxmA85z2R0EpG_6IRokiAkg"]}]}},"_links":{"self":[{"href":"https:\/\/www.omrserrature.it\/fr\/wp-json\/wp\/v2\/product\/25770","targetHints":{"allow":["GET"]}}],"collection":[{"href":"https:\/\/www.omrserrature.it\/fr\/wp-json\/wp\/v2\/product"}],"about":[{"href":"https:\/\/www.omrserrature.it\/fr\/wp-json\/wp\/v2\/types\/product"}],"replies":[{"embeddable":true,"href":"https:\/\/www.omrserrature.it\/fr\/wp-json\/wp\/v2\/comments?post=25770"}],"wp:featuredmedia":[{"embeddable":true,"href":"https:\/\/www.omrserrature.it\/fr\/wp-json\/wp\/v2\/media\/16913"}],"wp:attachment":[{"href":"https:\/\/www.omrserrature.it\/fr\/wp-json\/wp\/v2\/media?parent=25770"}],"wp:term":[{"taxonomy":"product_brand","embeddable":true,"href":"https:\/\/www.omrserrature.it\/fr\/wp-json\/wp\/v2\/product_brand?post=25770"},{"taxonomy":"product_cat","embeddable":true,"href":"https:\/\/www.omrserrature.it\/fr\/wp-json\/wp\/v2\/product_cat?post=25770"},{"taxonomy":"product_tag","embeddable":true,"href":"https:\/\/www.omrserrature.it\/fr\/wp-json\/wp\/v2\/product_tag?post=25770"}],"curies":[{"name":"wp","href":"https:\/\/api.w.org\/{rel}","templated":true}]}}