{"id":254310,"date":"2025-09-15T14:11:22","date_gmt":"2025-09-15T12:11:22","guid":{"rendered":"https:\/\/www.omrserrature.it\/prodotto\/serrure-a-combinaison-mecanique-avec-levier-de-crochet-arriere\/"},"modified":"2026-04-08T11:09:30","modified_gmt":"2026-04-08T09:09:30","slug":"serrure-a-combinaison-mecanique-avec-levier-de-crochet-arriere","status":"publish","type":"product","link":"https:\/\/www.omrserrature.it\/fr\/produit\/serrure-a-combinaison-mecanique-avec-levier-de-crochet-arriere\/","title":{"rendered":"Serrure \u00e0 combinaison m\u00e9canique avec levier de crochet arri\u00e8re"},"content":{"rendered":"<p>La <strong>serrure \u00e0 combinaison m\u00e9canique OMR<\/strong> avec levier \u00e0 crochet arri\u00e8re est con\u00e7ue pour la s\u00e9curit\u00e9 et l&rsquo;adaptabilit\u00e9. Elle est id\u00e9ale aussi bien pour les <strong>tringles<\/strong> que pour les <strong>portes coulissantes<\/strong>, gr\u00e2ce au levier battant qui peut s&rsquo;enclencher avec un piston d&rsquo;ancrage. Elle ne n\u00e9cessite pas de cl\u00e9 ; la fermeture est garantie par le code num\u00e9rique \u00e0 3 chiffres (1000 combinaisons diff\u00e9rentes).  <\/p>\n<h2>Composants inclus dans le paquet<\/h2>\n<p>Chaque emballage contient tout ce dont vous avez besoin pour installer et utiliser imm\u00e9diatement la serrure :<\/p>\n<ul>\n<li>Bouton de combinaison \u00e0 3 chiffres (0-9).<\/li>\n<li>Rondelle avec pointes pour bloquer la rotation en cas de trou rond (pas de double D).<\/li>\n<li>Levier de crochet arri\u00e8re.<\/li>\n<li>\u00c9crou pour la fixation principale sur le trou.<\/li>\n<li>Rondelle de protection et d&rsquo;\u00e9cartement en plastique.<\/li>\n<li>Vis de fixation du levier.<\/li>\n<li>Poin\u00e7on en m\u00e9tal inclus pour le changement de code.<\/li>\n<\/ul>\n<h2>Caract\u00e9ristiques principales<\/h2>\n<p>Voici les points forts qui distinguent cette serrure \u00e0 combinaison :<\/p>\n<ul>\n<li><strong>Combinaison num\u00e9rique \u00e0 3 chiffres :<\/strong> 000 \u00e0 999 \u2192 1 000 codes uniques.<\/li>\n<li><strong>Levier \u00e0 crochet arri\u00e8re :<\/strong> adapt\u00e9 aux portes battantes, et parfaitement compatible avec les portes coulissantes s&rsquo;il existe un piston d&rsquo;appui o\u00f9 le levier peut \u00eatre accroch\u00e9.<\/li>\n<li><strong>Fixation par \u00e9crou :<\/strong> stabilit\u00e9 garantie avec une installation simple et robuste.<\/li>\n<li><strong>Mat\u00e9riaux r\u00e9sistants :<\/strong> corps en zamak avec finition chrom\u00e9e, r\u00e9sistant \u00e0 la poussi\u00e8re, \u00e0 l&rsquo;humidit\u00e9 et \u00e0 la salinit\u00e9.<\/li>\n<li><strong>Large compatibilit\u00e9 :<\/strong> convient aux tringles en bois, en plastique et en m\u00e9tal d&rsquo;une \u00e9paisseur maximale de 27 mm (corps de la serrure).<\/li>\n<\/ul>\n<h2>Installation simple<\/h2>\n<p>L&rsquo;installation de la serrure est facile, m\u00eame pour les personnes inexp\u00e9riment\u00e9es. Il suffit de suivre les \u00e9tapes suivantes : <\/p>\n<ul>\n<li>Ins\u00e9rez le corps de la serrure dans le trou.<\/li>\n<li>Placez la rondelle \u00e0 picots entre la cl\u00e9 et le panneau pour \u00e9viter toute rotation ind\u00e9sirable dans le cas d&rsquo;un trou rond.<\/li>\n<li>Mettez la rondelle en plastique, appliquez l&rsquo;\u00e9crou et serrez-le pour fixer la serrure.<\/li>\n<li>Serrez le levier du crochet arri\u00e8re \u00e0 l&rsquo;aide de la vis fournie.<\/li>\n<\/ul>\n<h2>Utilisation quotidienne et fermeture<\/h2>\n<p>Le fonctionnement est pratique et s\u00fbr. Pour ouvrir le panneau, il suffit de r\u00e9gler la combinaison choisie et de tourner la cl\u00e9 fixe. En position ouverte, la serrure permet de modifier le code (voir paragraphe suivant). Pour fermer la serrure, tournez la cl\u00e9 fixe en veillant \u00e0 ne pas laisser le code de d\u00e9verrouillage apparent.   <\/p>\n<h2>Modifier le code<\/h2>\n<p>La proc\u00e9dure de changement de code est rapide et facile, gr\u00e2ce \u00e0 l&rsquo;al\u00e8ne fournie :<\/p>\n<ul>\n<li>D\u00e9finir le code actuel.<\/li>\n<li>Tournez la cl\u00e9 fixe pour d\u00e9verrouiller la serrure.<\/li>\n<li>Utilisez l&rsquo;al\u00e8ne m\u00e9tallique pour enfoncer le petit bouton dans le trou situ\u00e9 \u00e0 la base de la fl\u00e8che, sur le c\u00f4t\u00e9 du cl\u00e9 fixe.<\/li>\n<li>Tout en maintenant la touche enfonc\u00e9e, r\u00e9glez le nouveau code.<\/li>\n<li>Rel\u00e2chez le bouton et proc\u00e9dez \u00e0 la fermeture. Le nouveau code est d\u00e9j\u00e0 op\u00e9rationnel ! <\/li>\n<\/ul>\n<h2>Applications recommand\u00e9es<\/h2>\n<p>Ce type de serrure \u00e0 levier \u00e0 crochet est parfait pour divers contextes o\u00f9 une fermeture m\u00e9canique fiable et sans cl\u00e9 est n\u00e9cessaire :<\/p>\n<ul>\n<li>Portes battantes de buffets, de meubles, d&rsquo;armoires domestiques.<\/li>\n<li>Portes coulissantes avec axe de charni\u00e8re ou profils permettant l&rsquo;utilisation du levier du crochet.<\/li>\n<li>Vitrines ou pr\u00e9sentoirs dans les magasins o\u00f9 une protection visuelle est n\u00e9cessaire mais aussi une fermeture robuste.<\/li>\n<li>Meubles de bureau, classeurs, garde-manger \u00e0 portes battantes ou coulissantes.<\/li>\n<\/ul>\n<h2>R\u00e9sum\u00e9 des donn\u00e9es techniques<\/h2>\n<ul>\n<li>Nombre de chiffres : <strong>3 chiffres (000-999<\/strong> ) \u2192 1 000 combinaisons<\/li>\n<li>Levier de crochet arri\u00e8re inclus<\/li>\n<li>Fixation : <strong>\u00e9crou et rondelle dent\u00e9e<\/strong><\/li>\n<li>Mat\u00e9riaux : <strong>zamak avec finition chrom\u00e9e, plastique<\/strong><\/li>\n<li>Protection : anti-humidit\u00e9, anti-sel, anti-poussi\u00e8re<\/li>\n<li>Compatibilit\u00e9 : portes battantes et coulissantes<\/li>\n<li>Accessoires inclus : poin\u00e7on pour le changement de code, rondelle avec picots, rondelle en plastique<\/li>\n<\/ul>\n","protected":false},"excerpt":{"rendered":"<p>Serrure \u00e0 combinaison m\u00e9canique OMR \u00e0 <strong>3 chiffres<\/strong> avec <strong>came arri\u00e8re.<\/strong> Fixation par \u00e9crou, corps en <strong>zamak chrom\u00e9<\/strong> r\u00e9sistant \u00e0 la poussi\u00e8re, \u00e0 l&rsquo;humidit\u00e9 et au sel. Id\u00e9al pour les <strong>portes<\/strong> <strong>battantes<\/strong> et <strong>coulissantes<\/strong> avec pistons d&rsquo;ancrage.  <\/p>\n","protected":false},"featured_media":253356,"comment_status":"closed","ping_status":"closed","template":"","meta":{"_acf_changed":false,"_et_pb_use_builder":"","_et_pb_old_content":"","_et_gb_content_width":""},"product_brand":[],"product_cat":[3756,3738,3757,3740,3640,1107,3687,3654,3649,3723,3697,3690,3652],"product_tag":[],"class_list":{"0":"post-254310","1":"product","2":"type-product","3":"status-publish","4":"has-post-thumbnail","6":"product_cat-architecture-urbanisme-et-design","7":"product_cat-battant","8":"product_cat-bureaux","9":"product_cat-glissant","10":"product_cat-poignees-et-boutons","11":"product_cat-serrures","12":"product_cat-serrures-a-came","13":"product_cat-serrures-a-combinaison","14":"product_cat-serrures-a-crochet","15":"product_cat-serrures-de-panneaux","16":"product_cat-serrures-pour-meubles","17":"product_cat-serrures-professionnelles-pour-meubles","18":"product_cat-serrures-reprogrammables","20":"first","21":"instock","22":"shipping-taxable","23":"product-type-simple"},"acf":{"pdf1":"https:\/\/www.omrserrature.it\/wp-content\/uploads\/2025\/09\/Scheda_165580-COD.pdf"},"yoast_head":"<!-- This site is optimized with the Yoast SEO plugin v27.2 - https:\/\/yoast.com\/product\/yoast-seo-wordpress\/ -->\n<title>Serrure \u00e0 combinaison m\u00e9canique OMR avec levier \u00e0 crochet<\/title>\n<meta name=\"description\" content=\"Serrure m\u00e9canique \u00e0 combinaison OMR \u00e0 3 chiffres avec came arri\u00e8re. Id\u00e9ale pour les portes battantes et coulissantes, sans utilisation de cl\u00e9s.\" \/>\n<meta name=\"robots\" content=\"index, follow, max-snippet:-1, max-image-preview:large, max-video-preview:-1\" \/>\n<link rel=\"canonical\" href=\"https:\/\/www.omrserrature.it\/fr\/produit\/serrure-a-combinaison-mecanique-avec-levier-de-crochet-arriere\/\" \/>\n<meta property=\"og:locale\" content=\"fr_FR\" \/>\n<meta property=\"og:type\" content=\"article\" \/>\n<meta property=\"og:title\" content=\"Serrure \u00e0 combinaison m\u00e9canique OMR avec levier \u00e0 crochet\" \/>\n<meta property=\"og:description\" content=\"Serrure m\u00e9canique \u00e0 combinaison OMR \u00e0 3 chiffres avec came arri\u00e8re. Id\u00e9ale pour les portes battantes et coulissantes, sans utilisation de cl\u00e9s.\" \/>\n<meta property=\"og:url\" content=\"https:\/\/www.omrserrature.it\/fr\/produit\/serrure-a-combinaison-mecanique-avec-levier-de-crochet-arriere\/\" \/>\n<meta property=\"og:site_name\" content=\"OMR Serrature | Produzione sistemi di chiusura\" \/>\n<meta property=\"article:publisher\" content=\"https:\/\/www.facebook.com\/OMRserrature\" \/>\n<meta property=\"article:modified_time\" content=\"2026-04-08T09:09:30+00:00\" \/>\n<meta property=\"og:image\" content=\"https:\/\/www.omrserrature.it\/wp-content\/uploads\/2025\/09\/Serratura-a-combinazione-con-leva.jpg\" \/>\n\t<meta property=\"og:image:width\" content=\"1000\" \/>\n\t<meta property=\"og:image:height\" content=\"997\" \/>\n\t<meta property=\"og:image:type\" content=\"image\/jpeg\" \/>\n<meta name=\"twitter:card\" content=\"summary_large_image\" \/>\n<meta name=\"twitter:label1\" content=\"Dur\u00e9e de lecture estim\u00e9e\" \/>\n\t<meta name=\"twitter:data1\" content=\"3 minutes\" \/>\n<script type=\"application\/ld+json\" class=\"yoast-schema-graph\">{\"@context\":\"https:\/\/schema.org\",\"@graph\":[{\"@type\":\"WebPage\",\"@id\":\"https:\/\/www.omrserrature.it\/fr\/produit\/serrure-a-combinaison-mecanique-avec-levier-de-crochet-arriere\/\",\"url\":\"https:\/\/www.omrserrature.it\/fr\/produit\/serrure-a-combinaison-mecanique-avec-levier-de-crochet-arriere\/\",\"name\":\"Serrure \u00e0 combinaison m\u00e9canique OMR avec levier \u00e0 crochet\",\"isPartOf\":{\"@id\":\"https:\/\/www.omrserrature.it\/fr\/#website\"},\"primaryImageOfPage\":{\"@id\":\"https:\/\/www.omrserrature.it\/fr\/produit\/serrure-a-combinaison-mecanique-avec-levier-de-crochet-arriere\/#primaryimage\"},\"image\":{\"@id\":\"https:\/\/www.omrserrature.it\/fr\/produit\/serrure-a-combinaison-mecanique-avec-levier-de-crochet-arriere\/#primaryimage\"},\"thumbnailUrl\":\"https:\/\/www.omrserrature.it\/wp-content\/uploads\/2025\/09\/Serratura-a-combinazione-con-leva.jpg\",\"datePublished\":\"2025-09-15T12:11:22+00:00\",\"dateModified\":\"2026-04-08T09:09:30+00:00\",\"description\":\"Serrure m\u00e9canique \u00e0 combinaison OMR \u00e0 3 chiffres avec came arri\u00e8re. Id\u00e9ale pour les portes battantes et coulissantes, sans utilisation de cl\u00e9s.\",\"breadcrumb\":{\"@id\":\"https:\/\/www.omrserrature.it\/fr\/produit\/serrure-a-combinaison-mecanique-avec-levier-de-crochet-arriere\/#breadcrumb\"},\"inLanguage\":\"fr-FR\",\"potentialAction\":[{\"@type\":\"ReadAction\",\"target\":[\"https:\/\/www.omrserrature.it\/fr\/produit\/serrure-a-combinaison-mecanique-avec-levier-de-crochet-arriere\/\"]}]},{\"@type\":\"ImageObject\",\"inLanguage\":\"fr-FR\",\"@id\":\"https:\/\/www.omrserrature.it\/fr\/produit\/serrure-a-combinaison-mecanique-avec-levier-de-crochet-arriere\/#primaryimage\",\"url\":\"https:\/\/www.omrserrature.it\/wp-content\/uploads\/2025\/09\/Serratura-a-combinazione-con-leva.jpg\",\"contentUrl\":\"https:\/\/www.omrserrature.it\/wp-content\/uploads\/2025\/09\/Serratura-a-combinazione-con-leva.jpg\",\"width\":1000,\"height\":997,\"caption\":\"Serrure pour porte battante ou coulissante, avec combinaison num\u00e9rique\"},{\"@type\":\"BreadcrumbList\",\"@id\":\"https:\/\/www.omrserrature.it\/fr\/produit\/serrure-a-combinaison-mecanique-avec-levier-de-crochet-arriere\/#breadcrumb\",\"itemListElement\":[{\"@type\":\"ListItem\",\"position\":1,\"name\":\"Home\",\"item\":\"https:\/\/www.omrserrature.it\/fr\/omr-serrures-et-systemes-de-verrouillage\/\"},{\"@type\":\"ListItem\",\"position\":2,\"name\":\"Catalogue\",\"item\":\"https:\/\/www.omrserrature.it\/catalogue\/?lang=fr\"},{\"@type\":\"ListItem\",\"position\":3,\"name\":\"Produits\",\"item\":\"https:\/\/www.omrserrature.it\/fr\/catalogue\/produits\/\"},{\"@type\":\"ListItem\",\"position\":4,\"name\":\"Serrures\",\"item\":\"https:\/\/www.omrserrature.it\/fr\/catalogue\/produits\/serrures\/\"},{\"@type\":\"ListItem\",\"position\":5,\"name\":\"Serrures \u00e0 combinaison\",\"item\":\"https:\/\/www.omrserrature.it\/fr\/catalogue\/produits\/serrures\/serrures-a-combinaison\/\"},{\"@type\":\"ListItem\",\"position\":6,\"name\":\"Serrure \u00e0 combinaison m\u00e9canique avec levier de crochet arri\u00e8re\"}]},{\"@type\":\"WebSite\",\"@id\":\"https:\/\/www.omrserrature.it\/fr\/#website\",\"url\":\"https:\/\/www.omrserrature.it\/fr\/\",\"name\":\"OMR Serrature | Produzione sistemi di chiusura\",\"description\":\"Produzione serrature di sicurezza e sistemi di chiusura\",\"publisher\":{\"@id\":\"https:\/\/www.omrserrature.it\/fr\/#organization\"},\"potentialAction\":[{\"@type\":\"SearchAction\",\"target\":{\"@type\":\"EntryPoint\",\"urlTemplate\":\"https:\/\/www.omrserrature.it\/fr\/?s={search_term_string}\"},\"query-input\":{\"@type\":\"PropertyValueSpecification\",\"valueRequired\":true,\"valueName\":\"search_term_string\"}}],\"inLanguage\":\"fr-FR\"},{\"@type\":\"Organization\",\"@id\":\"https:\/\/www.omrserrature.it\/fr\/#organization\",\"name\":\"OMR Serrature | Produzione sistemi di chiusura\",\"url\":\"https:\/\/www.omrserrature.it\/fr\/\",\"logo\":{\"@type\":\"ImageObject\",\"inLanguage\":\"fr-FR\",\"@id\":\"https:\/\/www.omrserrature.it\/fr\/#\/schema\/logo\/image\/\",\"url\":\"https:\/\/www.omrserrature.it\/wp-content\/uploads\/2017\/09\/favicon-omr-114.png\",\"contentUrl\":\"https:\/\/www.omrserrature.it\/wp-content\/uploads\/2017\/09\/favicon-omr-114.png\",\"width\":114,\"height\":114,\"caption\":\"OMR Serrature | Produzione sistemi di chiusura\"},\"image\":{\"@id\":\"https:\/\/www.omrserrature.it\/fr\/#\/schema\/logo\/image\/\"},\"sameAs\":[\"https:\/\/www.facebook.com\/OMRserrature\",\"https:\/\/www.linkedin.com\/company\/omrserrature\/\",\"https:\/\/www.youtube.com\/channel\/UCxmA85z2R0EpG_6IRokiAkg\"]}]}<\/script>\n<!-- \/ Yoast SEO plugin. -->","yoast_head_json":{"title":"Serrure \u00e0 combinaison m\u00e9canique OMR avec levier \u00e0 crochet","description":"Serrure m\u00e9canique \u00e0 combinaison OMR \u00e0 3 chiffres avec came arri\u00e8re. Id\u00e9ale pour les portes battantes et coulissantes, sans utilisation de cl\u00e9s.","robots":{"index":"index","follow":"follow","max-snippet":"max-snippet:-1","max-image-preview":"max-image-preview:large","max-video-preview":"max-video-preview:-1"},"canonical":"https:\/\/www.omrserrature.it\/fr\/produit\/serrure-a-combinaison-mecanique-avec-levier-de-crochet-arriere\/","og_locale":"fr_FR","og_type":"article","og_title":"Serrure \u00e0 combinaison m\u00e9canique OMR avec levier \u00e0 crochet","og_description":"Serrure m\u00e9canique \u00e0 combinaison OMR \u00e0 3 chiffres avec came arri\u00e8re. Id\u00e9ale pour les portes battantes et coulissantes, sans utilisation de cl\u00e9s.","og_url":"https:\/\/www.omrserrature.it\/fr\/produit\/serrure-a-combinaison-mecanique-avec-levier-de-crochet-arriere\/","og_site_name":"OMR Serrature | Produzione sistemi di chiusura","article_publisher":"https:\/\/www.facebook.com\/OMRserrature","article_modified_time":"2026-04-08T09:09:30+00:00","og_image":[{"width":1000,"height":997,"url":"https:\/\/www.omrserrature.it\/wp-content\/uploads\/2025\/09\/Serratura-a-combinazione-con-leva.jpg","type":"image\/jpeg"}],"twitter_card":"summary_large_image","twitter_misc":{"Dur\u00e9e de lecture estim\u00e9e":"3 minutes"},"schema":{"@context":"https:\/\/schema.org","@graph":[{"@type":"WebPage","@id":"https:\/\/www.omrserrature.it\/fr\/produit\/serrure-a-combinaison-mecanique-avec-levier-de-crochet-arriere\/","url":"https:\/\/www.omrserrature.it\/fr\/produit\/serrure-a-combinaison-mecanique-avec-levier-de-crochet-arriere\/","name":"Serrure \u00e0 combinaison m\u00e9canique OMR avec levier \u00e0 crochet","isPartOf":{"@id":"https:\/\/www.omrserrature.it\/fr\/#website"},"primaryImageOfPage":{"@id":"https:\/\/www.omrserrature.it\/fr\/produit\/serrure-a-combinaison-mecanique-avec-levier-de-crochet-arriere\/#primaryimage"},"image":{"@id":"https:\/\/www.omrserrature.it\/fr\/produit\/serrure-a-combinaison-mecanique-avec-levier-de-crochet-arriere\/#primaryimage"},"thumbnailUrl":"https:\/\/www.omrserrature.it\/wp-content\/uploads\/2025\/09\/Serratura-a-combinazione-con-leva.jpg","datePublished":"2025-09-15T12:11:22+00:00","dateModified":"2026-04-08T09:09:30+00:00","description":"Serrure m\u00e9canique \u00e0 combinaison OMR \u00e0 3 chiffres avec came arri\u00e8re. Id\u00e9ale pour les portes battantes et coulissantes, sans utilisation de cl\u00e9s.","breadcrumb":{"@id":"https:\/\/www.omrserrature.it\/fr\/produit\/serrure-a-combinaison-mecanique-avec-levier-de-crochet-arriere\/#breadcrumb"},"inLanguage":"fr-FR","potentialAction":[{"@type":"ReadAction","target":["https:\/\/www.omrserrature.it\/fr\/produit\/serrure-a-combinaison-mecanique-avec-levier-de-crochet-arriere\/"]}]},{"@type":"ImageObject","inLanguage":"fr-FR","@id":"https:\/\/www.omrserrature.it\/fr\/produit\/serrure-a-combinaison-mecanique-avec-levier-de-crochet-arriere\/#primaryimage","url":"https:\/\/www.omrserrature.it\/wp-content\/uploads\/2025\/09\/Serratura-a-combinazione-con-leva.jpg","contentUrl":"https:\/\/www.omrserrature.it\/wp-content\/uploads\/2025\/09\/Serratura-a-combinazione-con-leva.jpg","width":1000,"height":997,"caption":"Serrure pour porte battante ou coulissante, avec combinaison num\u00e9rique"},{"@type":"BreadcrumbList","@id":"https:\/\/www.omrserrature.it\/fr\/produit\/serrure-a-combinaison-mecanique-avec-levier-de-crochet-arriere\/#breadcrumb","itemListElement":[{"@type":"ListItem","position":1,"name":"Home","item":"https:\/\/www.omrserrature.it\/fr\/omr-serrures-et-systemes-de-verrouillage\/"},{"@type":"ListItem","position":2,"name":"Catalogue","item":"https:\/\/www.omrserrature.it\/catalogue\/?lang=fr"},{"@type":"ListItem","position":3,"name":"Produits","item":"https:\/\/www.omrserrature.it\/fr\/catalogue\/produits\/"},{"@type":"ListItem","position":4,"name":"Serrures","item":"https:\/\/www.omrserrature.it\/fr\/catalogue\/produits\/serrures\/"},{"@type":"ListItem","position":5,"name":"Serrures \u00e0 combinaison","item":"https:\/\/www.omrserrature.it\/fr\/catalogue\/produits\/serrures\/serrures-a-combinaison\/"},{"@type":"ListItem","position":6,"name":"Serrure \u00e0 combinaison m\u00e9canique avec levier de crochet arri\u00e8re"}]},{"@type":"WebSite","@id":"https:\/\/www.omrserrature.it\/fr\/#website","url":"https:\/\/www.omrserrature.it\/fr\/","name":"OMR Serrature | Produzione sistemi di chiusura","description":"Produzione serrature di sicurezza e sistemi di chiusura","publisher":{"@id":"https:\/\/www.omrserrature.it\/fr\/#organization"},"potentialAction":[{"@type":"SearchAction","target":{"@type":"EntryPoint","urlTemplate":"https:\/\/www.omrserrature.it\/fr\/?s={search_term_string}"},"query-input":{"@type":"PropertyValueSpecification","valueRequired":true,"valueName":"search_term_string"}}],"inLanguage":"fr-FR"},{"@type":"Organization","@id":"https:\/\/www.omrserrature.it\/fr\/#organization","name":"OMR Serrature | Produzione sistemi di chiusura","url":"https:\/\/www.omrserrature.it\/fr\/","logo":{"@type":"ImageObject","inLanguage":"fr-FR","@id":"https:\/\/www.omrserrature.it\/fr\/#\/schema\/logo\/image\/","url":"https:\/\/www.omrserrature.it\/wp-content\/uploads\/2017\/09\/favicon-omr-114.png","contentUrl":"https:\/\/www.omrserrature.it\/wp-content\/uploads\/2017\/09\/favicon-omr-114.png","width":114,"height":114,"caption":"OMR Serrature | Produzione sistemi di chiusura"},"image":{"@id":"https:\/\/www.omrserrature.it\/fr\/#\/schema\/logo\/image\/"},"sameAs":["https:\/\/www.facebook.com\/OMRserrature","https:\/\/www.linkedin.com\/company\/omrserrature\/","https:\/\/www.youtube.com\/channel\/UCxmA85z2R0EpG_6IRokiAkg"]}]}},"_links":{"self":[{"href":"https:\/\/www.omrserrature.it\/fr\/wp-json\/wp\/v2\/product\/254310","targetHints":{"allow":["GET"]}}],"collection":[{"href":"https:\/\/www.omrserrature.it\/fr\/wp-json\/wp\/v2\/product"}],"about":[{"href":"https:\/\/www.omrserrature.it\/fr\/wp-json\/wp\/v2\/types\/product"}],"replies":[{"embeddable":true,"href":"https:\/\/www.omrserrature.it\/fr\/wp-json\/wp\/v2\/comments?post=254310"}],"wp:featuredmedia":[{"embeddable":true,"href":"https:\/\/www.omrserrature.it\/fr\/wp-json\/wp\/v2\/media\/253356"}],"wp:attachment":[{"href":"https:\/\/www.omrserrature.it\/fr\/wp-json\/wp\/v2\/media?parent=254310"}],"wp:term":[{"taxonomy":"product_brand","embeddable":true,"href":"https:\/\/www.omrserrature.it\/fr\/wp-json\/wp\/v2\/product_brand?post=254310"},{"taxonomy":"product_cat","embeddable":true,"href":"https:\/\/www.omrserrature.it\/fr\/wp-json\/wp\/v2\/product_cat?post=254310"},{"taxonomy":"product_tag","embeddable":true,"href":"https:\/\/www.omrserrature.it\/fr\/wp-json\/wp\/v2\/product_tag?post=254310"}],"curies":[{"name":"wp","href":"https:\/\/api.w.org\/{rel}","templated":true}]}}